{"id":179847,"date":"2022-01-31T13:20:51","date_gmt":"2022-01-31T18:20:51","guid":{"rendered":"http:\/\/www.miamibeachfl.gov\/?page_id=179847"},"modified":"2026-03-03T10:54:53","modified_gmt":"2026-03-03T15:54:53","slug":"2021-covid-19-invitations-to-quote-itq-archived","status":"publish","type":"page","link":"https:\/\/www.miamibeachfl.gov\/ht\/city-hall\/procurement\/bid-opportunities\/current-bid-opportunities\/2021-covid-19-invitations-to-quote-itq-archived\/","title":{"rendered":"ENVITASYON POU SITE COVID-19 2021 (ITQ) ACHIVE"},"content":{"rendered":"<img decoding=\"async\" src=\"https:\/\/www.miamibeachfl.gov\/wp-content\/uploads\/2022\/07\/hero-small.jpg\" alt=\"ocean drive art deco buildings\" itemprop=\"image\" height=\"211\" width=\"2395\" title=\"ewo-piti\" onerror=\"this.style.display='none'\" loading=\"lazy\" \/>\n<h1>\n\t\t\tENVITASYON POU SITE COVID-19 2021 (ITQ) ACHIVE\t<\/h1>\n\t<nav id=\"breadcrumbs\" aria-label=\"Pen griye\"><a href=\"https:\/\/www.miamibeachfl.gov\/ht\/\">Lakay<\/a> &gt; <a href=\"https:\/\/www.miamibeachfl.gov\/ht\/city-hall\/\">Lakou Vil la<\/a> &gt; <a href=\"https:\/\/www.miamibeachfl.gov\/ht\/city-hall\/procurement\/\">Akizisyon<\/a> &gt; <a href=\"https:\/\/www.miamibeachfl.gov\/ht\/city-hall\/procurement\/bid-opportunities\/\">Op\u00f2tinite \u00f2f<\/a> &gt; <a href=\"https:\/\/www.miamibeachfl.gov\/ht\/city-hall\/procurement\/bid-opportunities\/current-bid-opportunities\/\">Op\u00f2tinite \u00f2f akty\u00e8l yo<\/a> &gt; <strong>ENVITASYON POU SITE COVID-19 2021 (ITQ) ACHIVE<\/strong><\/nav>\n\t<h3>ENVITASYON POU SITE COVID-19 2021 (ITQ) ACHIVE<\/h3>\n<p>Anba la a, ou ka jwenn lyen pou pri yo te resevwa an repons a envitasyon pou soum\u00e8t yon devis (ITQ) ke Vil la te bay pou founiti ki gen rap\u00f2 ak COVID-19 yo. Pri ki nan lis la pa reprezante acha final yo. Acha final yo depann de plizy\u00e8 fakt\u00e8, tankou (men pa limite a): disponiblite pwodwi ak tan livrezon, espesifikasyon pwodwi, kondisyon peman, ak pri yo. Vil la rez\u00e8ve dwa pou achte nenp\u00f2t founiti COVID-19 dapre ITQ ki nan lis la, kontra Vil la, kontra l\u00f2t ajans bay, oswa acha sou mache ouv\u00e8 a. Si ou gen nenp\u00f2t kesyon, tanpri kontakte\u00a0<a href=\"mailto:VendorSupport@MiamiBeachFL.gov\">VendorSupport@miamibeachfl.gov<\/a>.<\/p>\n<ul>\n<li><a href=\"http:\/\/www.miamibeachfl.gov\/wp-content\/uploads\/2020\/12\/ITQ-2021-043-DF-for-Nitrile-Gloves.pdf\" target=\"_blank\" rel=\"noopener noreferrer\">ITQ 2021-043-DF \u2013 Pou dezenfektan pou men an j\u00e8l<\/a><\/li>\n<li><a href=\"http:\/\/www.miamibeachfl.gov\/wp-content\/uploads\/2021\/01\/ITQ-2021-061-DF-For-Purchase-of-Disposable-Gloves.pdf\" target=\"_blank\" rel=\"noopener noreferrer\">ITQ 2021-061-DF \u2013 Pou Achte Gan Jetab (as\u00f2ti)<\/a><\/li>\n<li><a href=\"http:\/\/www.miamibeachfl.gov\/wp-content\/uploads\/2021\/02\/ITQ-2021-116-DF-For-Gel-Hand-Sanitizer-1.pdf\" target=\"_blank\" rel=\"noopener noreferrer\">ITQ 2021-116-DF \u2013 Pou dezenfektan pou men an j\u00e8l<\/a><\/li>\n<li><a href=\"http:\/\/www.miamibeachfl.gov\/wp-content\/uploads\/2021\/02\/2021-117-DF-Tab.pdf\" target=\"_blank\" rel=\"noopener noreferrer\">ITQ 2021-117-DF \u2013 Pou espre ayewos\u00f2l dezenfektan, likid dezenfektan an gwo, ak nebulizat\u00e8<\/a><\/li>\n<li><a href=\"http:\/\/www.miamibeachfl.gov\/wp-content\/uploads\/2021\/02\/ITQ-2021-135-NA-For-Purchase-and-Delivery-of-Disposable-Gloves-1.pdf\" target=\"_blank\" rel=\"noopener noreferrer\">ITQ 2021-135-NA \u2013 Pou Achte Gan Jetab<\/a><\/li>\n<li><a href=\"http:\/\/www.miamibeachfl.gov\/wp-content\/uploads\/2021\/03\/ITQ-2021-132-JA-For-the-Purchase-Delivery-of-HVAC-MERV-13-Pleated-Air-Filters.pdf\" target=\"_blank\" rel=\"noopener noreferrer\">ITQ 2021-132-JA \u2013 Pou Achte ak Livrezon Filt\u00e8 L\u00e8 Pliye HVAC MERV 13 yo<\/a><\/li>\n<li><a href=\"http:\/\/www.miamibeachfl.gov\/wp-content\/uploads\/2021\/03\/ITQ-2021-139-JA-For-the-Purchase-Delivery-of-For-3\u2010Ply-Masks.pdf\" target=\"_blank\" rel=\"noopener noreferrer\">ITQ 2021-139-JA \u2013 Pou Achte ak Livrezon Mask 3 Kouch<\/a><\/li>\n<li><a href=\"http:\/\/www.miamibeachfl.gov\/wp-content\/uploads\/2021\/04\/ITQ-2021-194-NA-For-the-Purchase-Delivery-of-Disinfecting-Wipes.pdf\" target=\"_blank\" rel=\"noopener noreferrer\">ITQ 2021-194-NA \u2013 Pou Achte ak Livrezon Ling\u00e8t Dezenfektan<\/a><\/li>\n<li><a href=\"http:\/\/www.miamibeachfl.gov\/wp-content\/uploads\/2021\/05\/ITQ-2021-230-NA-For-the-Purchase-and-Delivery-of-Disposable-Gloves.pdf\" target=\"_blank\" rel=\"noopener noreferrer\">ITQ 2021-230-NA \u2013 Pou Achte ak Livrezon Gan Jetab<\/a><\/li>\n<\/ul>\n<p>Tanpri sonje ke nou kontinye f\u00e8 ef\u00f2 pou amelyore pou nou ka satisf\u00e8 Gid Aks\u00e8 pou Kontni W\u00e8b la. Si ou gen kesyon espesifik oswa enkyetid kons\u00e8nan aks\u00e8 sit sa a oswa ou bezwen asistans pou itilize pwosesis ki nan sit sa a, tanpri kontakte nou nan 305.204.2489 opsyon 6 oswa sou ent\u00e8n\u00e8t atrav\u00e8 <a href=\"https:\/\/www.miamibeachfl.gov\/ht\/city-hall\/public-works\/ada\/ada-request\/\">F\u00f2m Demann ADA<\/a>Si ou rankontre yon pwobl\u00e8m aks\u00e8, tanpri asire w ou presize paj w\u00e8b la, epi n ap f\u00e8 tout ef\u00f2 rezonab pou rann paj sa a aksesib. Pou plis enf\u00f2masyon kons\u00e8nan ADA, <a href=\"https:\/\/www.miamibeachfl.gov\/ht\/city-hall\/public-works\/ada\/\" target=\"_blank\" rel=\"noopener noreferrer\">klike la a<\/a>.<\/p>\n\t\tNavige pou ale nan\u2026\t\t\t\n\t\t\t\t\t<ul id=\"menu-procurement-bid-archives\"><li id=\"menu-item-363373\"><a href=\"\/ht\/city-hall\/procurement\/bid-opportunities\/current-bid-opportunities\/2020-covid-19-invitations-to-quote-itq-archived\/\">ENVITASYON POU SITE COVID-19 2020 (ITQ) ACHIVE<\/a><\/li>\n<li id=\"menu-item-363374\"><a href=\"\/ht\/city-hall\/procurement\/bid-opportunities\/current-bid-opportunities\/2021-covid-19-invitations-to-quote-itq-archived\/\">ENVITASYON POU SITE COVID-19 2021 (ITQ) ACHIVE<\/a><\/li>\n<\/ul>\t\n\t<div class=\"page-navigation\"><a class=\"prev-page\" href=\"https:\/\/www.miamibeachfl.gov\/ht\/community-development\/home-and-cdbg-2022-rfp\/\">\u2190 Ak\u00e8y ak CDBG 2023 RFA<\/a> <a class=\"next-page\" href=\"https:\/\/www.miamibeachfl.gov\/ht\/city-hall\/procurement\/bid-opportunities\/\">Op\u00f2tinite pou f\u00e8 \u00f2f \u2192<\/a><\/div>","protected":false},"excerpt":{"rendered":"<p>ENVITASYON POU BAY DEVIS (ITQ) POU COVID-19 2021 AN ACHIVE Ak\u00e8y &gt; Lakou Vil la &gt; Akizisyon &gt; Op\u00f2tinite pou Soum\u00e8t D\u00f2f &gt; Op\u00f2tinite pou Soum\u00e8t D\u00f2f Akty\u00e8l yo [\u2026]<\/p>","protected":false},"author":26,"featured_media":0,"parent":28915,"menu_order":0,"comment_status":"closed","ping_status":"closed","template":"","meta":{"_searchwp_excluded":"","site-sidebar-layout":"default","site-content-layout":"","ast-site-content-layout":"default","site-content-style":"default","site-sidebar-style":"default","ast-global-header-display":"","ast-banner-title-visibility":"","ast-main-header-display":"","ast-hfb-above-header-display":"","ast-hfb-below-header-display":"","ast-hfb-mobile-header-display":"","site-post-title":"","ast-breadcrumbs-content":"","ast-featured-img":"","footer-sml-layout":"","theme-transparent-header-meta":"","adv-header-id-meta":"","stick-header-meta":"","header-above-stick-meta":"","header-main-stick-meta":"","header-below-stick-meta":"","astra-migrate-meta-layouts":"default","ast-page-background-enabled":"default","ast-page-background-meta":{"desktop":{"background-color":"var(--ast-global-color-5)","background-image":"","background-repeat":"repeat","background-position":"center center","background-size":"auto","background-attachment":"scroll","background-type":"","background-media":"","overlay-type":"","overlay-color":"","overlay-opacity":"","overlay-gradient":""},"tablet":{"background-color":"","background-image":"","background-repeat":"repeat","background-position":"center center","background-size":"auto","background-attachment":"scroll","background-type":"","background-media":"","overlay-type":"","overlay-color":"","overlay-opacity":"","overlay-gradient":""},"mobile":{"background-color":"","background-image":"","background-repeat":"repeat","background-position":"center center","background-size":"auto","background-attachment":"scroll","background-type":"","background-media":"","overlay-type":"","overlay-color":"","overlay-opacity":"","overlay-gradient":""}},"ast-content-background-meta":{"desktop":{"background-color":"var(--ast-global-color-4)","background-image":"","background-repeat":"repeat","background-position":"center center","background-size":"auto","background-attachment":"scroll","background-type":"","background-media":"","overlay-type":"","overlay-color":"","overlay-opacity":"","overlay-gradient":""},"tablet":{"background-color":"var(--ast-global-color-4)","background-image":"","background-repeat":"repeat","background-position":"center center","background-size":"auto","background-attachment":"scroll","background-type":"","background-media":"","overlay-type":"","overlay-color":"","overlay-opacity":"","overlay-gradient":""},"mobile":{"background-color":"var(--ast-global-color-4)","background-image":"","background-repeat":"repeat","background-position":"center center","background-size":"auto","background-attachment":"scroll","background-type":"","background-media":"","overlay-type":"","overlay-color":"","overlay-opacity":"","overlay-gradient":""}},"footnotes":""},"categories":[],"tags":[],"class_list":["post-179847","page","type-page","status-publish","hentry"],"yoast_head":"<!-- This site is optimized with the Yoast SEO Premium plugin v26.6 (Yoast SEO v26.6) - https:\/\/yoast.com\/wordpress\/plugins\/seo\/ -->\n<title>2021 COVID-19 INVITATIONS TO QUOTE (ITQ) ARCHIVED - City of Miami Beach<\/title>\n<meta name=\"description\" content=\"%\" \/>\n<meta name=\"robots\" content=\"index, follow, max-snippet:-1, max-image-preview:large, max-video-preview:-1\" \/>\n<link rel=\"canonical\" href=\"https:\/\/www.miamibeachfl.gov\/ht\/city-hall\/procurement\/bid-opportunities\/current-bid-opportunities\/2021-covid-19-invitations-to-quote-itq-archived\/\" \/>\n<meta property=\"og:locale\" content=\"ht_HT\" \/>\n<meta property=\"og:type\" content=\"article\" \/>\n<meta property=\"og:title\" content=\"2021 COVID-19 INVITATIONS TO QUOTE (ITQ) ARCHIVED\" \/>\n<meta property=\"og:description\" content=\"%\" \/>\n<meta property=\"og:url\" content=\"https:\/\/www.miamibeachfl.gov\/ht\/city-hall\/procurement\/bid-opportunities\/current-bid-opportunities\/2021-covid-19-invitations-to-quote-itq-archived\/\" \/>\n<meta property=\"og:site_name\" content=\"City of Miami Beach\" \/>\n<meta property=\"article:publisher\" content=\"https:\/\/www.facebook.com\/cityofmiamibeach\" \/>\n<meta property=\"article:modified_time\" content=\"2026-03-03T15:54:53+00:00\" \/>\n<meta property=\"og:image\" content=\"https:\/\/www.miamibeachfl.gov\/wp-content\/uploads\/2022\/07\/hero-small.jpg\" \/>\n<meta name=\"twitter:card\" content=\"summary_large_image\" \/>\n<meta name=\"twitter:site\" content=\"@Miamibeachnews\" \/>\n<script type=\"application\/ld+json\" class=\"yoast-schema-graph\">{\"@context\":\"https:\/\/schema.org\",\"@graph\":[{\"@type\":\"WebPage\",\"@id\":\"https:\/\/www.miamibeachfl.gov\/city-hall\/procurement\/bid-opportunities\/current-bid-opportunities\/2021-covid-19-invitations-to-quote-itq-archived\/\",\"url\":\"https:\/\/www.miamibeachfl.gov\/city-hall\/procurement\/bid-opportunities\/current-bid-opportunities\/2021-covid-19-invitations-to-quote-itq-archived\/\",\"name\":\"2021 COVID-19 INVITATIONS TO QUOTE (ITQ) ARCHIVED - City of Miami Beach\",\"isPartOf\":{\"@id\":\"https:\/\/www.miamibeachfl.gov\/#website\"},\"primaryImageOfPage\":{\"@id\":\"https:\/\/www.miamibeachfl.gov\/city-hall\/procurement\/bid-opportunities\/current-bid-opportunities\/2021-covid-19-invitations-to-quote-itq-archived\/#primaryimage\"},\"image\":{\"@id\":\"https:\/\/www.miamibeachfl.gov\/city-hall\/procurement\/bid-opportunities\/current-bid-opportunities\/2021-covid-19-invitations-to-quote-itq-archived\/#primaryimage\"},\"thumbnailUrl\":\"https:\/\/www.miamibeachfl.gov\/wp-content\/uploads\/2022\/07\/hero-small.jpg\",\"datePublished\":\"2022-01-31T18:20:51+00:00\",\"dateModified\":\"2026-03-03T15:54:53+00:00\",\"description\":\"%\",\"breadcrumb\":{\"@id\":\"https:\/\/www.miamibeachfl.gov\/city-hall\/procurement\/bid-opportunities\/current-bid-opportunities\/2021-covid-19-invitations-to-quote-itq-archived\/#breadcrumb\"},\"inLanguage\":\"ht\",\"potentialAction\":[{\"@type\":\"ReadAction\",\"target\":[\"https:\/\/www.miamibeachfl.gov\/city-hall\/procurement\/bid-opportunities\/current-bid-opportunities\/2021-covid-19-invitations-to-quote-itq-archived\/\"]}]},{\"@type\":\"ImageObject\",\"inLanguage\":\"ht\",\"@id\":\"https:\/\/www.miamibeachfl.gov\/city-hall\/procurement\/bid-opportunities\/current-bid-opportunities\/2021-covid-19-invitations-to-quote-itq-archived\/#primaryimage\",\"url\":\"https:\/\/www.miamibeachfl.gov\/wp-content\/uploads\/2022\/07\/hero-small.jpg\",\"contentUrl\":\"https:\/\/www.miamibeachfl.gov\/wp-content\/uploads\/2022\/07\/hero-small.jpg\"},{\"@type\":\"BreadcrumbList\",\"@id\":\"https:\/\/www.miamibeachfl.gov\/city-hall\/procurement\/bid-opportunities\/current-bid-opportunities\/2021-covid-19-invitations-to-quote-itq-archived\/#breadcrumb\",\"itemListElement\":[{\"@type\":\"ListItem\",\"position\":1,\"name\":\"Home\",\"item\":\"https:\/\/www.miamibeachfl.gov\/\"},{\"@type\":\"ListItem\",\"position\":2,\"name\":\"City Hall\",\"item\":\"https:\/\/www.miamibeachfl.gov\/city-hall\/\"},{\"@type\":\"ListItem\",\"position\":3,\"name\":\"Procurement\",\"item\":\"https:\/\/www.miamibeachfl.gov\/city-hall\/procurement\/\"},{\"@type\":\"ListItem\",\"position\":4,\"name\":\"Bid Opportunities\",\"item\":\"https:\/\/www.miamibeachfl.gov\/city-hall\/procurement\/bid-opportunities\/\"},{\"@type\":\"ListItem\",\"position\":5,\"name\":\"Current Bid Opportunities\",\"item\":\"https:\/\/www.miamibeachfl.gov\/city-hall\/procurement\/bid-opportunities\/current-bid-opportunities\/\"},{\"@type\":\"ListItem\",\"position\":6,\"name\":\"2021 COVID-19 INVITATIONS TO QUOTE (ITQ) ARCHIVED\"}]},{\"@type\":\"WebSite\",\"@id\":\"https:\/\/www.miamibeachfl.gov\/#website\",\"url\":\"https:\/\/www.miamibeachfl.gov\/\",\"name\":\"City of Miami Beach\",\"description\":\"The official website of the City of Miami Beach. Stay informed, find important information on city services, news, alerts, events, trolley routes, government employment and more.\",\"publisher\":{\"@id\":\"https:\/\/www.miamibeachfl.gov\/#organization\"},\"potentialAction\":[{\"@type\":\"SearchAction\",\"target\":{\"@type\":\"EntryPoint\",\"urlTemplate\":\"https:\/\/www.miamibeachfl.gov\/?s={search_term_string}\"},\"query-input\":{\"@type\":\"PropertyValueSpecification\",\"valueRequired\":true,\"valueName\":\"search_term_string\"}}],\"inLanguage\":\"ht\"},{\"@type\":\"Organization\",\"@id\":\"https:\/\/www.miamibeachfl.gov\/#organization\",\"name\":\"City of Miami Beach\",\"url\":\"https:\/\/www.miamibeachfl.gov\/\",\"logo\":{\"@type\":\"ImageObject\",\"inLanguage\":\"ht\",\"@id\":\"https:\/\/www.miamibeachfl.gov\/#\/schema\/logo\/image\/\",\"url\":\"https:\/\/www.miamibeachfl.gov\/wp-content\/uploads\/2022\/06\/miamibeach-logoblue.png\",\"contentUrl\":\"https:\/\/www.miamibeachfl.gov\/wp-content\/uploads\/2022\/06\/miamibeach-logoblue.png\",\"width\":1962,\"height\":381,\"caption\":\"City of Miami Beach\"},\"image\":{\"@id\":\"https:\/\/www.miamibeachfl.gov\/#\/schema\/logo\/image\/\"},\"sameAs\":[\"https:\/\/www.facebook.com\/cityofmiamibeach\",\"https:\/\/x.com\/Miamibeachnews\",\"https:\/\/www.instagram.com\/miamibeachnews\/\"],\"description\":\"The official website of the City of Miami Beach. Stay informed, find important information on city services, news, alerts, events, trolley routes, government employment and more.\",\"telephone\":\"305.604.CITY(2489)\",\"legalName\":\"City of Miami Beach\"}]}<\/script>\n<!-- \/ Yoast SEO Premium plugin. -->","yoast_head_json":{"title":"ENVITASYON POU SITE COVID-19 2021 (ITQ) ACHIVE - Vil Miami Beach","description":"%","robots":{"index":"index","follow":"follow","max-snippet":"max-snippet:-1","max-image-preview":"max-image-preview:large","max-video-preview":"max-video-preview:-1"},"canonical":"https:\/\/www.miamibeachfl.gov\/ht\/city-hall\/procurement\/bid-opportunities\/current-bid-opportunities\/2021-covid-19-invitations-to-quote-itq-archived\/","og_locale":"ht_HT","og_type":"article","og_title":"2021 COVID-19 INVITATIONS TO QUOTE (ITQ) ARCHIVED","og_description":"%","og_url":"https:\/\/www.miamibeachfl.gov\/ht\/city-hall\/procurement\/bid-opportunities\/current-bid-opportunities\/2021-covid-19-invitations-to-quote-itq-archived\/","og_site_name":"City of Miami Beach","article_publisher":"https:\/\/www.facebook.com\/cityofmiamibeach","article_modified_time":"2026-03-03T15:54:53+00:00","og_image":[{"url":"https:\/\/www.miamibeachfl.gov\/wp-content\/uploads\/2022\/07\/hero-small.jpg","type":"","width":"","height":""}],"twitter_card":"summary_large_image","twitter_site":"@Miamibeachnews","schema":{"@context":"https:\/\/schema.org","@graph":[{"@type":"WebPage","@id":"https:\/\/www.miamibeachfl.gov\/city-hall\/procurement\/bid-opportunities\/current-bid-opportunities\/2021-covid-19-invitations-to-quote-itq-archived\/","url":"https:\/\/www.miamibeachfl.gov\/city-hall\/procurement\/bid-opportunities\/current-bid-opportunities\/2021-covid-19-invitations-to-quote-itq-archived\/","name":"ENVITASYON POU SITE COVID-19 2021 (ITQ) ACHIVE - Vil Miami Beach","isPartOf":{"@id":"https:\/\/www.miamibeachfl.gov\/#website"},"primaryImageOfPage":{"@id":"https:\/\/www.miamibeachfl.gov\/city-hall\/procurement\/bid-opportunities\/current-bid-opportunities\/2021-covid-19-invitations-to-quote-itq-archived\/#primaryimage"},"image":{"@id":"https:\/\/www.miamibeachfl.gov\/city-hall\/procurement\/bid-opportunities\/current-bid-opportunities\/2021-covid-19-invitations-to-quote-itq-archived\/#primaryimage"},"thumbnailUrl":"https:\/\/www.miamibeachfl.gov\/wp-content\/uploads\/2022\/07\/hero-small.jpg","datePublished":"2022-01-31T18:20:51+00:00","dateModified":"2026-03-03T15:54:53+00:00","description":"%","breadcrumb":{"@id":"https:\/\/www.miamibeachfl.gov\/city-hall\/procurement\/bid-opportunities\/current-bid-opportunities\/2021-covid-19-invitations-to-quote-itq-archived\/#breadcrumb"},"inLanguage":"ht","potentialAction":[{"@type":"ReadAction","target":["https:\/\/www.miamibeachfl.gov\/city-hall\/procurement\/bid-opportunities\/current-bid-opportunities\/2021-covid-19-invitations-to-quote-itq-archived\/"]}]},{"@type":"ImageObject","inLanguage":"ht","@id":"https:\/\/www.miamibeachfl.gov\/city-hall\/procurement\/bid-opportunities\/current-bid-opportunities\/2021-covid-19-invitations-to-quote-itq-archived\/#primaryimage","url":"https:\/\/www.miamibeachfl.gov\/wp-content\/uploads\/2022\/07\/hero-small.jpg","contentUrl":"https:\/\/www.miamibeachfl.gov\/wp-content\/uploads\/2022\/07\/hero-small.jpg"},{"@type":"BreadcrumbList","@id":"https:\/\/www.miamibeachfl.gov\/city-hall\/procurement\/bid-opportunities\/current-bid-opportunities\/2021-covid-19-invitations-to-quote-itq-archived\/#breadcrumb","itemListElement":[{"@type":"ListItem","position":1,"name":"Home","item":"https:\/\/www.miamibeachfl.gov\/"},{"@type":"ListItem","position":2,"name":"City Hall","item":"https:\/\/www.miamibeachfl.gov\/city-hall\/"},{"@type":"ListItem","position":3,"name":"Procurement","item":"https:\/\/www.miamibeachfl.gov\/city-hall\/procurement\/"},{"@type":"ListItem","position":4,"name":"Bid Opportunities","item":"https:\/\/www.miamibeachfl.gov\/city-hall\/procurement\/bid-opportunities\/"},{"@type":"ListItem","position":5,"name":"Current Bid Opportunities","item":"https:\/\/www.miamibeachfl.gov\/city-hall\/procurement\/bid-opportunities\/current-bid-opportunities\/"},{"@type":"ListItem","position":6,"name":"2021 COVID-19 INVITATIONS TO QUOTE (ITQ) ARCHIVED"}]},{"@type":"WebSite","@id":"https:\/\/www.miamibeachfl.gov\/#website","url":"https:\/\/www.miamibeachfl.gov\/","name":"Vil Miami Beach","description":"Sitw\u00e8b ofisy\u00e8l Vil Miami Beach la. Rete enf\u00f2me, jwenn enf\u00f2masyon enp\u00f2tan sou s\u00e8vis vil la, nouv\u00e8l, al\u00e8t, ev\u00e8nman, wout tramway, travay gouv\u00e8nman an ak plis ank\u00f2.","publisher":{"@id":"https:\/\/www.miamibeachfl.gov\/#organization"},"potentialAction":[{"@type":"SearchAction","target":{"@type":"EntryPoint","urlTemplate":"https:\/\/www.miamibeachfl.gov\/?s={search_term_string}"},"query-input":{"@type":"PropertyValueSpecification","valueRequired":true,"valueName":"search_term_string"}}],"inLanguage":"ht"},{"@type":"Organization","@id":"https:\/\/www.miamibeachfl.gov\/#organization","name":"Vil Miami Beach","url":"https:\/\/www.miamibeachfl.gov\/","logo":{"@type":"ImageObject","inLanguage":"ht","@id":"https:\/\/www.miamibeachfl.gov\/#\/schema\/logo\/image\/","url":"https:\/\/www.miamibeachfl.gov\/wp-content\/uploads\/2022\/06\/miamibeach-logoblue.png","contentUrl":"https:\/\/www.miamibeachfl.gov\/wp-content\/uploads\/2022\/06\/miamibeach-logoblue.png","width":1962,"height":381,"caption":"City of Miami Beach"},"image":{"@id":"https:\/\/www.miamibeachfl.gov\/#\/schema\/logo\/image\/"},"sameAs":["https:\/\/www.facebook.com\/cityofmiamibeach","https:\/\/x.com\/Miamibeachnews","https:\/\/www.instagram.com\/miamibeachnews\/"],"description":"Sitw\u00e8b ofisy\u00e8l Vil Miami Beach la. Rete enf\u00f2me, jwenn enf\u00f2masyon enp\u00f2tan sou s\u00e8vis vil la, nouv\u00e8l, al\u00e8t, ev\u00e8nman, wout tramway, travay gouv\u00e8nman an ak plis ank\u00f2.","telephone":"305.604.CITY(2489)","legalName":"City of Miami Beach"}]}},"_links":{"self":[{"href":"https:\/\/www.miamibeachfl.gov\/ht\/wp-json\/wp\/v2\/pages\/179847","targetHints":{"allow":["GET"]}}],"collection":[{"href":"https:\/\/www.miamibeachfl.gov\/ht\/wp-json\/wp\/v2\/pages"}],"about":[{"href":"https:\/\/www.miamibeachfl.gov\/ht\/wp-json\/wp\/v2\/types\/page"}],"author":[{"embeddable":true,"href":"https:\/\/www.miamibeachfl.gov\/ht\/wp-json\/wp\/v2\/users\/26"}],"replies":[{"embeddable":true,"href":"https:\/\/www.miamibeachfl.gov\/ht\/wp-json\/wp\/v2\/comments?post=179847"}],"version-history":[{"count":0,"href":"https:\/\/www.miamibeachfl.gov\/ht\/wp-json\/wp\/v2\/pages\/179847\/revisions"}],"up":[{"embeddable":true,"href":"https:\/\/www.miamibeachfl.gov\/ht\/wp-json\/wp\/v2\/pages\/28915"}],"wp:attachment":[{"href":"https:\/\/www.miamibeachfl.gov\/ht\/wp-json\/wp\/v2\/media?parent=179847"}],"wp:term":[{"taxonomy":"category","embeddable":true,"href":"https:\/\/www.miamibeachfl.gov\/ht\/wp-json\/wp\/v2\/categories?post=179847"},{"taxonomy":"post_tag","embeddable":true,"href":"https:\/\/www.miamibeachfl.gov\/ht\/wp-json\/wp\/v2\/tags?post=179847"}],"curies":[{"name":"wp","href":"https:\/\/api.w.org\/{rel}","templated":true}]}}