{"id":190556,"date":"2022-05-10T09:30:43","date_gmt":"2022-05-10T13:30:43","guid":{"rendered":"https:\/\/www.miamibeachfl.gov\/?page_id=190556"},"modified":"2025-02-23T08:30:28","modified_gmt":"2025-02-23T13:30:28","slug":"general-election-2-2","status":"publish","type":"page","link":"https:\/\/www.miamibeachfl.gov\/ht\/city-hall\/city-clerk\/election-information\/general-election-2-2\/","title":{"rendered":"23 Out 2022: Eleksyon Espesyal"},"content":{"rendered":"<img loading=\"lazy\" decoding=\"async\" src=\"https:\/\/www.miamibeachfl.gov\/wp-content\/uploads\/2022\/07\/hero-small.jpg\" alt=\"ocean drive art deco buildings\" itemprop=\"image\" height=\"211\" width=\"2395\" title=\"ewo-piti\" onerror=\"this.style.display='none'\"  \/>\n<h1>\n\t\t23 Out 2022: Eleksyon Espesyal\n\t<\/h1>\n\t<nav id=\"breadcrumbs\" aria-label=\"Pen griye\"><a href=\"https:\/\/www.miamibeachfl.gov\/ht\/\">Lakay<\/a> &gt; <a href=\"https:\/\/www.miamibeachfl.gov\/ht\/city-hall\/\">Lakou Vil la<\/a> &gt; <a href=\"https:\/\/www.miamibeachfl.gov\/ht\/city-hall\/city-clerk\/\">Grefye Vil la<\/a> &gt; <a href=\"https:\/\/www.miamibeachfl.gov\/ht\/city-hall\/city-clerk\/election-information\/\">Enf\u00f2masyon sou Eleksyon<\/a> &gt; <strong>23 Out 2022: Eleksyon Espesyal<\/strong><\/nav>\n\t<p><a href=\"https:\/\/www.miamibeachfl.gov\/wp-content\/uploads\/2022\/09\/Official-Results-of-the-August-23-2022-Special-Election.pdf\">Rezilta ofisy\u00e8l eleksyon espesyal 23 out 2022 la<\/a><\/p>\n<p><a href=\"https:\/\/www.miamibeachfl.gov\/wp-content\/uploads\/2022\/08\/Daily-Statistics-Final-14.pdf\">Estatistik V\u00f2t Bon\u00e8 Chak Jou ki pa Ofisy\u00e8l pou Sit V\u00f2t Bon\u00e8 Miami Beach yo<\/a><\/p>\n<p><a href=\"https:\/\/www.miamibeachfl.gov\/wp-content\/uploads\/2022\/06\/Official-Sample-Ballot-Boleta-Oficial-de-Muestra.pdf\">Egzanp Bilten Bilten Ofisy\u00e8l \/ Boleta Oficial de Muestra<\/a><\/p>\n<a href=\"https:\/\/youtu.be\/tcW2YgFnHXo\">Videyo Aksyon Ofisy\u00e8l Komisyon Minisipal Vil Miami Beach la Dire: 8:47<\/a><br \/>\n<a href=\"https:\/\/youtu.be\/K0EU5Xgej7k\">Video de las Acciones Oficiales de la Comisi\u00f3n Municipal de la Ciudad de Miami Beach Tiempo de Ejecuci\u00f3n 10:09<\/a>\n<a href=\"https:\/\/www.miamibeachfl.gov\/wp-content\/uploads\/2022\/06\/MBmagazineSummer2022_ElectionGuide.pdf\">Aksyon Ofisy\u00e8l Komisyon Minisipal Vil Miami Beach la<\/a><br \/>\n<a href=\"https:\/\/www.miamibeachfl.gov\/wp-content\/uploads\/2022\/06\/MBmagazineSummer2022_ElectionGuide.pdf\">Aksyon Ofisy\u00e8l Komisyon Minisipal nan vil Miami Beach<\/a>\n<a href=\"https:\/\/www.miamibeachfl.gov\/wp-content\/uploads\/2022\/06\/08232022-02-POLLING-PLACES-REG.pdf\">Lis Biwo V\u00f2t ak Sikonskripsyon Miami Beach<\/a><br \/>\n<a href=\"https:\/\/www.miamibeachfl.gov\/wp-content\/uploads\/2022\/07\/08232022-02-ES-LISTA-DE-LUGARES-DE-VOTACI\u00d3N-REG.pdf\">Lista de Lugares de Votaci\u00f3n y Recintos Electorales de Miami Beach<\/a>\n<a href=\"https:\/\/www.miamibeachfl.gov\/wp-content\/uploads\/2022\/06\/08232022-01-NOTICE-OF-SPECIAL-ELECTION.pdf\">Avi Eleksyon Espesyal<\/a><br \/>\n<a href=\"https:\/\/www.miamibeachfl.gov\/wp-content\/uploads\/2022\/07\/08232022-01-ES-NOTICE-OF-SPECIAL-ELECTION-ESPANOL.pdf\">Avis de Elecciones Espesyal<\/a>\n<p><a href=\"https:\/\/www.miamibeachfl.gov\/wp-content\/uploads\/2022\/06\/Early-Voting-Schedule.pdf\">Or\u00e8 ak Kote pou V\u00f2t Bon\u00e8 nan Konte Miami-Dade<\/a><\/p>\n<a href=\"https:\/\/www.miamidade.gov\/elections\/voter-information.asp\">Ki kote pou vote jou eleksyon an<\/a><br \/>\n<a href=\"https:\/\/www.miamidade.gov\/elections\/voter-information.asp\">Donde vote el D\u00eda de Elecci\u00f3n Espesyal<\/a>\n<a href=\"https:\/\/www.miamibeachfl.gov\/wp-content\/uploads\/2022\/07\/08232022-04-EARLY-VOTING-VERSION-1.pdf\">Sit ak Or\u00e8 V\u00f2t Bon\u00e8 Miami Beach yo<\/a><br \/>\n<a href=\"https:\/\/www.miamibeachfl.gov\/wp-content\/uploads\/2022\/07\/08232022-04-ES-EARLY-VOTING-VERSION-1.pdf\">Lokal ak Or\u00e8 Votasyon Anticipada Miami Beach<\/a>\n<a href=\"https:\/\/www.miamibeachfl.gov\/wp-content\/uploads\/2022\/08\/Canvassing-Board-Schedule.pdf\">Or\u00e8 Komisyon Kandidat Konte Miami-Dade la<br \/>\nCronograma de la Junta de Escrutinio del Condado de Miami-Dade<\/a>\n<a href=\"https:\/\/www.miamidade.gov\/global\/service.page?Mduid_service=ser1482258761076685\"><strong>Enskri pou Vote<\/strong><\/a> \u2013 Dat limit pou enskri pou vote a se 25 Jiy\u00e8 2022<br \/>\n<strong><a href=\"https:\/\/www.miamidade.gov\/global\/service.page?Mduid_service=ser1482258761076685\">Enskri pou vote<\/a><\/strong> \u2013 Date limite para registrace para votar es el 25 de julio del 2022\n<strong><a href=\"https:\/\/www.miamidade.gov\/global\/service.page?Mduid_service=ser1512065909614490\">V\u00f2t pa lap\u00f2s<\/a><\/strong> \u2013 Dat limit pou mande V\u00f2t pa Lap\u00f2s se 5\u00e8 apr\u00e8midi nan dat 13 Out 2022.<br \/>\n<strong><a href=\"https:\/\/www.miamidade.gov\/global\/service.page?Mduid_service=ser1512065909614490\">V\u00f2t pa lap\u00f2s<\/a><\/strong> \u2013 Date limite para pedir su Voto por Correo es el 13 de agosto del 2022 a las 5 pm\n<p><strong><a href=\"https:\/\/www8.miamidade.gov\/global\/news-item.page?Mduid_news=news1587760694394885\">Mete ajou siyati ou<\/a> <\/strong>\u2013 Li komen pou siyati chanje pandan ane yo, tanpri asire w ke d\u00e8nye siyati w la nan dosye nou yo.<\/p>\n<p><a href=\"https:\/\/www.miamidade.gov\/global\/service.page?Mduid_service=ser1496340543264351\">Kijan pou vin yon travay\u00e8 biwo v\u00f2t<\/a><\/p>\n<p><a href=\"https:\/\/www.miamidade.gov\/global\/service.page?Mduid_service=ser1513878201782808\">Enf\u00f2masyon pou vot\u00e8 ki gen bezwen espesyal<\/a><\/p>\n<a href=\"https:\/\/www.miamibeachfl.gov\/wp-content\/uploads\/2022\/07\/Important-Dates-and-Deadlines-Making-Contributions-1.pdf\">Kalandriye Rap\u00f2 pou Komite Politik k ap F\u00e8 Kontribisyon oswa Depans nan Eleksyon an<\/a><br \/>\n<a href=\"https:\/\/www.miamibeachfl.gov\/wp-content\/uploads\/2022\/07\/Important-Dates-and-Deadlines-Not-Making-Contributions-1.pdf\">Kalandriye Rap\u00f2 pou Komite Politik ki pa f\u00e8 Kontribisyon oswa Depans nan Eleksyon an<\/a>\n<p><a href=\"https:\/\/www.miamibeachfl.gov\/ht\/city-hall\/city-clerk\/election-information\/resolutions\/\">Rezolisyon ki gen rap\u00f2<\/a><\/p>\n<p>&nbsp;<\/p>\n<p>Ou dwe adrese kesyon ki gen rap\u00f2 ak eleksyon yo bay Depatman Eleksyon Konte Miami-Dade la.<\/p>\n<strong>Enf\u00f2masyon pou kontakte nou:<\/strong><br \/>\nDepatman Eleksyon Telef\u00f2n: 305.499.8683<br \/>\n2700 NW 87y\u00e8m Avni Im\u00e8l: soedade@miamidade.gov<br \/>\nMiami, FL 33172 Ale nan\u2026\t\t\t\n\t\t\t\t\t<ul id=\"menu-city-clerk-election-menu\"><li id=\"menu-item-363778\"><a href=\"https:\/\/www.miamibeachfl.gov\/ht\/city-hall\/city-clerk\/election-information\/election-information-archive-2018-to-present\/\">Achiv 2018 rive jodi a<\/a><\/li>\n<li id=\"menu-item-363779\"><a href=\"https:\/\/www.miamibeachfl.gov\/ht\/city-hall\/city-clerk\/election-information\/august-18-2020-primary-election\/\">18 Out 2020: Eleksyon Prensipal<\/a><\/li>\n<li id=\"menu-item-363780\"><a href=\"https:\/\/www.miamibeachfl.gov\/ht\/city-hall\/city-clerk\/election-information\/august-2024-primary-election\/\">Eleksyon Prensipal Out 2024<\/a><\/li>\n<li id=\"menu-item-363781\"><a href=\"https:\/\/www.miamibeachfl.gov\/ht\/city-hall\/city-clerk\/election-information\/general-election-2-2\/\">23 Out 2022: Eleksyon Espesyal<\/a><\/li>\n<li id=\"menu-item-363782\"><a href=\"https:\/\/www.miamibeachfl.gov\/ht\/city-hall\/city-clerk\/election-information\/campaign-finance\/\">Lwa sou Finansman Kanpay<\/a><\/li>\n<li id=\"menu-item-363783\"><a href=\"https:\/\/www.miamibeachfl.gov\/ht\/city-hall\/city-clerk\/election-information\/december-17-2019-special-election-allison-island-and-biscayne-beach-only\/\">Eleksyon Espesyal 17 Desanm 2019<\/a><\/li>\n<li id=\"menu-item-363784\"><a href=\"https:\/\/www.miamibeachfl.gov\/ht\/city-hall\/city-clerk\/election-information\/ecos-registered-with-the-department-of-state\/\">ECO ki anrejistre nan Depatman Deta a<\/a><\/li>\n<li id=\"menu-item-363785\"><a href=\"https:\/\/www.miamibeachfl.gov\/ht\/city-hall\/city-clerk\/election-information\/election-related-resolutions\/\">Rezolisyon ki gen rap\u00f2 ak eleksyon yo<\/a><\/li>\n<li id=\"menu-item-363786\"><a href=\"https:\/\/www.miamibeachfl.gov\/ht\/city-hall\/city-clerk\/election-information\/general-election\/\">Eleksyon Jeneral ak Espesyal \/ Eleksyon Dezy\u00e8m Tou<\/a><\/li>\n<li id=\"menu-item-363787\"><a href=\"https:\/\/www.miamibeachfl.gov\/ht\/city-hall\/city-clerk\/election-information\/general-election-2\/\">Eleksyon Jeneral<\/a><\/li>\n<li id=\"menu-item-363813\"><a href=\"https:\/\/www.miamibeachfl.gov\/ht\/city-hall\/city-clerk\/election-information\/lrbid-renewalelection\/\">Eleksyon Renouv\u00e8lman Distri Amelyorasyon Biznis Lincoln Road la<\/a><\/li>\n<li id=\"menu-item-363814\"><a href=\"https:\/\/www.miamibeachfl.gov\/ht\/city-hall\/city-clerk\/election-information\/mail-ballot-election-for-the-creation-of-a-special-assessment-district-to-be-known-as-the-south-beach-business-improvement-district\/\">Eleksyon pa lap\u00f2s<\/a><\/li>\n<li id=\"menu-item-363788\"><a href=\"https:\/\/www.miamibeachfl.gov\/ht\/city-hall\/city-clerk\/election-information\/march-17-2020-presidential-preference-primary-election\/\">17 mas 2020: Eleksyon Preferansy\u00e8l Prezansy\u00e8l<\/a><\/li>\n<li id=\"menu-item-363789\"><a href=\"https:\/\/www.miamibeachfl.gov\/ht\/city-hall\/city-clerk\/election-information\/most-commonly-used-election-forms\/\">F\u00f2m Eleksyon ki Pi Souvan Itilize yo<\/a><\/li>\n<li id=\"menu-item-363790\"><a href=\"https:\/\/www.miamibeachfl.gov\/ht\/city-hall\/city-clerk\/election-information\/november-3-2020-general-election\/\">3 novanm 2020: Eleksyon Jeneral<\/a><\/li>\n<li id=\"menu-item-363791\"><a href=\"https:\/\/www.miamibeachfl.gov\/ht\/city-hall\/city-clerk\/election-information\/november-4-2025-general-and-special-elections\/\">4 novanm 2025: Eleksyon Jeneral<\/a><\/li>\n<li id=\"menu-item-363792\"><a href=\"https:\/\/www.miamibeachfl.gov\/ht\/city-hall\/city-clerk\/election-information\/november-5-2024-general-and-special-elections\/\">5 novanm 2024: Eleksyon Espesyal<\/a><\/li>\n<li id=\"menu-item-363793\"><a href=\"https:\/\/www.miamibeachfl.gov\/ht\/city-hall\/city-clerk\/election-information\/november-8-2022-special-election-to-fill-vacancy-special-election-for-referendum\/\">8 novanm 2022: Eleksyon espesyal pou ranpli yon plas vid ak Eleksyon espesyal pou referand\u00f2m<\/a><\/li>\n<li id=\"menu-item-363794\"><a href=\"https:\/\/www.miamibeachfl.gov\/ht\/city-hall\/city-clerk\/election-information\/related-resolution\/\">Rezolisyon ki gen rap\u00f2<\/a><\/li>\n<li id=\"menu-item-363795\"><a href=\"https:\/\/www.miamibeachfl.gov\/ht\/city-hall\/city-clerk\/election-information\/related-resolutions-november-5-2024\/\">Rezolisyon ki gen rap\u00f2 ak sij\u00e8 sa a \u2013 5 NOVANM 2024<\/a><\/li>\n<li id=\"menu-item-363796\"><a href=\"https:\/\/www.miamibeachfl.gov\/ht\/city-hall\/city-clerk\/election-information\/related-resolutions-november-7-2023\/\">Rezolisyon ki gen rap\u00f2 ak sij\u00e8 sa a \u2013 7 novanm 2023<\/a><\/li>\n<li id=\"menu-item-363797\"><a href=\"https:\/\/www.miamibeachfl.gov\/ht\/city-hall\/city-clerk\/election-information\/resolutions\/\">Rezolisyon yo<\/a><\/li>\n<li id=\"menu-item-363798\"><a href=\"https:\/\/www.miamibeachfl.gov\/ht\/city-hall\/city-clerk\/election-information\/south-beach-bid-election\/\">Eleksyon Kandida South Beach<\/a><\/li>\n<li id=\"menu-item-363799\"><a href=\"https:\/\/www.miamibeachfl.gov\/ht\/city-hall\/city-clerk\/election-information\/special-election-to-fill-vancancy-runoff\/\">Eleksyon Espesyal pou Ranpli P\u00f2s Vid Dezy\u00e8m Tou<\/a><\/li>\n<\/ul>\t\n\t<div class=\"page-navigation\"><a class=\"prev-page\" href=\"https:\/\/www.miamibeachfl.gov\/ht\/city-hall\/city-clerk\/state-of-emergency\/\">\u2190 ETA DIJANS<\/a> <a class=\"next-page\" href=\"https:\/\/www.miamibeachfl.gov\/ht\/city-hall\/city-clerk\/election-information\/resolutions\/\">Rezolisyon yo \u2192<\/a><\/div>","protected":false},"excerpt":{"rendered":"<p>August 23, 2022: Special Election Home &gt; City Hall &gt; City Clerk &gt; Election Information &gt; August 23, 2022: Special [&hellip;]<\/p>\n","protected":false},"author":222,"featured_media":0,"parent":28358,"menu_order":85,"comment_status":"closed","ping_status":"closed","template":"page-blank.php","meta":{"_searchwp_excluded":"","site-sidebar-layout":"default","site-content-layout":"","ast-site-content-layout":"default","site-content-style":"default","site-sidebar-style":"default","ast-global-header-display":"","ast-banner-title-visibility":"","ast-main-header-display":"","ast-hfb-above-header-display":"","ast-hfb-below-header-display":"","ast-hfb-mobile-header-display":"","site-post-title":"","ast-breadcrumbs-content":"","ast-featured-img":"","footer-sml-layout":"","theme-transparent-header-meta":"","adv-header-id-meta":"","stick-header-meta":"","header-above-stick-meta":"","header-main-stick-meta":"","header-below-stick-meta":"","astra-migrate-meta-layouts":"default","ast-page-background-enabled":"default","ast-page-background-meta":{"desktop":{"background-color":"var(--ast-global-color-5)","background-image":"","background-repeat":"repeat","background-position":"center center","background-size":"auto","background-attachment":"scroll","background-type":"","background-media":"","overlay-type":"","overlay-color":"","overlay-opacity":"","overlay-gradient":""},"tablet":{"background-color":"","background-image":"","background-repeat":"repeat","background-position":"center center","background-size":"auto","background-attachment":"scroll","background-type":"","background-media":"","overlay-type":"","overlay-color":"","overlay-opacity":"","overlay-gradient":""},"mobile":{"background-color":"","background-image":"","background-repeat":"repeat","background-position":"center center","background-size":"auto","background-attachment":"scroll","background-type":"","background-media":"","overlay-type":"","overlay-color":"","overlay-opacity":"","overlay-gradient":""}},"ast-content-background-meta":{"desktop":{"background-color":"var(--ast-global-color-4)","background-image":"","background-repeat":"repeat","background-position":"center center","background-size":"auto","background-attachment":"scroll","background-type":"","background-media":"","overlay-type":"","overlay-color":"","overlay-opacity":"","overlay-gradient":""},"tablet":{"background-color":"var(--ast-global-color-4)","background-image":"","background-repeat":"repeat","background-position":"center center","background-size":"auto","background-attachment":"scroll","background-type":"","background-media":"","overlay-type":"","overlay-color":"","overlay-opacity":"","overlay-gradient":""},"mobile":{"background-color":"var(--ast-global-color-4)","background-image":"","background-repeat":"repeat","background-position":"center center","background-size":"auto","background-attachment":"scroll","background-type":"","background-media":"","overlay-type":"","overlay-color":"","overlay-opacity":"","overlay-gradient":""}},"footnotes":""},"categories":[],"tags":[],"class_list":["post-190556","page","type-page","status-publish","hentry"],"yoast_head":"<!-- This site is optimized with the Yoast SEO Premium plugin v27.4 (Yoast SEO v27.4) - https:\/\/yoast.com\/product\/yoast-seo-premium-wordpress\/ -->\n<title>August 23, 2022: Special Election - City of Miami Beach<\/title>\n<meta name=\"description\" content=\"%\" \/>\n<meta name=\"robots\" content=\"index, follow, max-snippet:-1, max-image-preview:large, max-video-preview:-1\" \/>\n<link rel=\"canonical\" href=\"https:\/\/www.miamibeachfl.gov\/ht\/city-hall\/city-clerk\/election-information\/general-election-2-2\/\" \/>\n<meta property=\"og:locale\" content=\"ht_HT\" \/>\n<meta property=\"og:type\" content=\"article\" \/>\n<meta property=\"og:title\" content=\"August 23, 2022: Special Election\" \/>\n<meta property=\"og:description\" content=\"%\" \/>\n<meta property=\"og:url\" content=\"https:\/\/www.miamibeachfl.gov\/ht\/city-hall\/city-clerk\/election-information\/general-election-2-2\/\" \/>\n<meta property=\"og:site_name\" content=\"City of Miami Beach\" \/>\n<meta property=\"article:publisher\" content=\"https:\/\/www.facebook.com\/cityofmiamibeach\" \/>\n<meta property=\"article:modified_time\" content=\"2025-02-23T13:30:28+00:00\" \/>\n<meta property=\"og:image\" content=\"https:\/\/www.miamibeachfl.gov\/wp-content\/uploads\/2022\/07\/hero-small.jpg\" \/>\n<meta name=\"twitter:card\" content=\"summary_large_image\" \/>\n<meta name=\"twitter:site\" content=\"@Miamibeachnews\" \/>\n<script type=\"application\/ld+json\" class=\"yoast-schema-graph\">{\"@context\":\"https:\\\/\\\/schema.org\",\"@graph\":[{\"@type\":\"WebPage\",\"@id\":\"https:\\\/\\\/www.miamibeachfl.gov\\\/city-hall\\\/city-clerk\\\/election-information\\\/general-election-2-2\\\/\",\"url\":\"https:\\\/\\\/www.miamibeachfl.gov\\\/city-hall\\\/city-clerk\\\/election-information\\\/general-election-2-2\\\/\",\"name\":\"August 23, 2022: Special Election - City of Miami Beach\",\"isPartOf\":{\"@id\":\"https:\\\/\\\/www.miamibeachfl.gov\\\/#website\"},\"primaryImageOfPage\":{\"@id\":\"https:\\\/\\\/www.miamibeachfl.gov\\\/city-hall\\\/city-clerk\\\/election-information\\\/general-election-2-2\\\/#primaryimage\"},\"image\":{\"@id\":\"https:\\\/\\\/www.miamibeachfl.gov\\\/city-hall\\\/city-clerk\\\/election-information\\\/general-election-2-2\\\/#primaryimage\"},\"thumbnailUrl\":\"https:\\\/\\\/www.miamibeachfl.gov\\\/wp-content\\\/uploads\\\/2022\\\/07\\\/hero-small.jpg\",\"datePublished\":\"2022-05-10T13:30:43+00:00\",\"dateModified\":\"2025-02-23T13:30:28+00:00\",\"description\":\"%\",\"breadcrumb\":{\"@id\":\"https:\\\/\\\/www.miamibeachfl.gov\\\/city-hall\\\/city-clerk\\\/election-information\\\/general-election-2-2\\\/#breadcrumb\"},\"inLanguage\":\"ht\",\"potentialAction\":[{\"@type\":\"ReadAction\",\"target\":[\"https:\\\/\\\/www.miamibeachfl.gov\\\/city-hall\\\/city-clerk\\\/election-information\\\/general-election-2-2\\\/\"]}]},{\"@type\":\"ImageObject\",\"inLanguage\":\"ht\",\"@id\":\"https:\\\/\\\/www.miamibeachfl.gov\\\/city-hall\\\/city-clerk\\\/election-information\\\/general-election-2-2\\\/#primaryimage\",\"url\":\"https:\\\/\\\/www.miamibeachfl.gov\\\/wp-content\\\/uploads\\\/2022\\\/07\\\/hero-small.jpg\",\"contentUrl\":\"https:\\\/\\\/www.miamibeachfl.gov\\\/wp-content\\\/uploads\\\/2022\\\/07\\\/hero-small.jpg\"},{\"@type\":\"BreadcrumbList\",\"@id\":\"https:\\\/\\\/www.miamibeachfl.gov\\\/city-hall\\\/city-clerk\\\/election-information\\\/general-election-2-2\\\/#breadcrumb\",\"itemListElement\":[{\"@type\":\"ListItem\",\"position\":1,\"name\":\"Home\",\"item\":\"https:\\\/\\\/www.miamibeachfl.gov\\\/\"},{\"@type\":\"ListItem\",\"position\":2,\"name\":\"City Hall\",\"item\":\"https:\\\/\\\/www.miamibeachfl.gov\\\/city-hall\\\/\"},{\"@type\":\"ListItem\",\"position\":3,\"name\":\"City Clerk\",\"item\":\"https:\\\/\\\/www.miamibeachfl.gov\\\/city-hall\\\/city-clerk\\\/\"},{\"@type\":\"ListItem\",\"position\":4,\"name\":\"Election Information\",\"item\":\"https:\\\/\\\/www.miamibeachfl.gov\\\/city-hall\\\/city-clerk\\\/election-information\\\/\"},{\"@type\":\"ListItem\",\"position\":5,\"name\":\"August 23, 2022: Special Election\"}]},{\"@type\":\"WebSite\",\"@id\":\"https:\\\/\\\/www.miamibeachfl.gov\\\/#website\",\"url\":\"https:\\\/\\\/www.miamibeachfl.gov\\\/\",\"name\":\"City of Miami Beach\",\"description\":\"The official website of the City of Miami Beach. Stay informed, find important information on city services, news, alerts, events, trolley routes, government employment and more.\",\"publisher\":{\"@id\":\"https:\\\/\\\/www.miamibeachfl.gov\\\/#organization\"},\"potentialAction\":[{\"@type\":\"SearchAction\",\"target\":{\"@type\":\"EntryPoint\",\"urlTemplate\":\"https:\\\/\\\/www.miamibeachfl.gov\\\/?s={search_term_string}\"},\"query-input\":{\"@type\":\"PropertyValueSpecification\",\"valueRequired\":true,\"valueName\":\"search_term_string\"}}],\"inLanguage\":\"ht\"},{\"@type\":\"Organization\",\"@id\":\"https:\\\/\\\/www.miamibeachfl.gov\\\/#organization\",\"name\":\"City of Miami Beach\",\"url\":\"https:\\\/\\\/www.miamibeachfl.gov\\\/\",\"logo\":{\"@type\":\"ImageObject\",\"inLanguage\":\"ht\",\"@id\":\"https:\\\/\\\/www.miamibeachfl.gov\\\/#\\\/schema\\\/logo\\\/image\\\/\",\"url\":\"https:\\\/\\\/www.miamibeachfl.gov\\\/wp-content\\\/uploads\\\/2022\\\/06\\\/miamibeach-logoblue.png\",\"contentUrl\":\"https:\\\/\\\/www.miamibeachfl.gov\\\/wp-content\\\/uploads\\\/2022\\\/06\\\/miamibeach-logoblue.png\",\"width\":1962,\"height\":381,\"caption\":\"City of Miami Beach\"},\"image\":{\"@id\":\"https:\\\/\\\/www.miamibeachfl.gov\\\/#\\\/schema\\\/logo\\\/image\\\/\"},\"sameAs\":[\"https:\\\/\\\/www.facebook.com\\\/cityofmiamibeach\",\"https:\\\/\\\/x.com\\\/Miamibeachnews\",\"https:\\\/\\\/www.instagram.com\\\/miamibeachnews\\\/\"],\"description\":\"The official website of the City of Miami Beach. Stay informed, find important information on city services, news, alerts, events, trolley routes, government employment and more.\",\"telephone\":\"305.604.CITY(2489)\",\"legalName\":\"City of Miami Beach\"}]}<\/script>\n<!-- \/ Yoast SEO Premium plugin. -->","yoast_head_json":{"title":"23 Out 2022: Eleksyon Espesyal - Vil Miami Beach","description":"%","robots":{"index":"index","follow":"follow","max-snippet":"max-snippet:-1","max-image-preview":"max-image-preview:large","max-video-preview":"max-video-preview:-1"},"canonical":"https:\/\/www.miamibeachfl.gov\/ht\/city-hall\/city-clerk\/election-information\/general-election-2-2\/","og_locale":"ht_HT","og_type":"article","og_title":"August 23, 2022: Special Election","og_description":"%","og_url":"https:\/\/www.miamibeachfl.gov\/ht\/city-hall\/city-clerk\/election-information\/general-election-2-2\/","og_site_name":"City of Miami Beach","article_publisher":"https:\/\/www.facebook.com\/cityofmiamibeach","article_modified_time":"2025-02-23T13:30:28+00:00","og_image":[{"url":"https:\/\/www.miamibeachfl.gov\/wp-content\/uploads\/2022\/07\/hero-small.jpg","type":"","width":"","height":""}],"twitter_card":"summary_large_image","twitter_site":"@Miamibeachnews","schema":{"@context":"https:\/\/schema.org","@graph":[{"@type":"WebPage","@id":"https:\/\/www.miamibeachfl.gov\/city-hall\/city-clerk\/election-information\/general-election-2-2\/","url":"https:\/\/www.miamibeachfl.gov\/city-hall\/city-clerk\/election-information\/general-election-2-2\/","name":"23 Out 2022: Eleksyon Espesyal - Vil Miami Beach","isPartOf":{"@id":"https:\/\/www.miamibeachfl.gov\/#website"},"primaryImageOfPage":{"@id":"https:\/\/www.miamibeachfl.gov\/city-hall\/city-clerk\/election-information\/general-election-2-2\/#primaryimage"},"image":{"@id":"https:\/\/www.miamibeachfl.gov\/city-hall\/city-clerk\/election-information\/general-election-2-2\/#primaryimage"},"thumbnailUrl":"https:\/\/www.miamibeachfl.gov\/wp-content\/uploads\/2022\/07\/hero-small.jpg","datePublished":"2022-05-10T13:30:43+00:00","dateModified":"2025-02-23T13:30:28+00:00","description":"%","breadcrumb":{"@id":"https:\/\/www.miamibeachfl.gov\/city-hall\/city-clerk\/election-information\/general-election-2-2\/#breadcrumb"},"inLanguage":"ht","potentialAction":[{"@type":"ReadAction","target":["https:\/\/www.miamibeachfl.gov\/city-hall\/city-clerk\/election-information\/general-election-2-2\/"]}]},{"@type":"ImageObject","inLanguage":"ht","@id":"https:\/\/www.miamibeachfl.gov\/city-hall\/city-clerk\/election-information\/general-election-2-2\/#primaryimage","url":"https:\/\/www.miamibeachfl.gov\/wp-content\/uploads\/2022\/07\/hero-small.jpg","contentUrl":"https:\/\/www.miamibeachfl.gov\/wp-content\/uploads\/2022\/07\/hero-small.jpg"},{"@type":"BreadcrumbList","@id":"https:\/\/www.miamibeachfl.gov\/city-hall\/city-clerk\/election-information\/general-election-2-2\/#breadcrumb","itemListElement":[{"@type":"ListItem","position":1,"name":"Home","item":"https:\/\/www.miamibeachfl.gov\/"},{"@type":"ListItem","position":2,"name":"City Hall","item":"https:\/\/www.miamibeachfl.gov\/city-hall\/"},{"@type":"ListItem","position":3,"name":"City Clerk","item":"https:\/\/www.miamibeachfl.gov\/city-hall\/city-clerk\/"},{"@type":"ListItem","position":4,"name":"Election Information","item":"https:\/\/www.miamibeachfl.gov\/city-hall\/city-clerk\/election-information\/"},{"@type":"ListItem","position":5,"name":"August 23, 2022: Special Election"}]},{"@type":"WebSite","@id":"https:\/\/www.miamibeachfl.gov\/#website","url":"https:\/\/www.miamibeachfl.gov\/","name":"Vil Miami Beach","description":"Sitw\u00e8b ofisy\u00e8l Vil Miami Beach la. Rete enf\u00f2me, jwenn enf\u00f2masyon enp\u00f2tan sou s\u00e8vis vil la, nouv\u00e8l, al\u00e8t, ev\u00e8nman, wout tramway, travay gouv\u00e8nman an ak plis ank\u00f2.","publisher":{"@id":"https:\/\/www.miamibeachfl.gov\/#organization"},"potentialAction":[{"@type":"SearchAction","target":{"@type":"EntryPoint","urlTemplate":"https:\/\/www.miamibeachfl.gov\/?s={search_term_string}"},"query-input":{"@type":"PropertyValueSpecification","valueRequired":true,"valueName":"search_term_string"}}],"inLanguage":"ht"},{"@type":"Organization","@id":"https:\/\/www.miamibeachfl.gov\/#organization","name":"Vil Miami Beach","url":"https:\/\/www.miamibeachfl.gov\/","logo":{"@type":"ImageObject","inLanguage":"ht","@id":"https:\/\/www.miamibeachfl.gov\/#\/schema\/logo\/image\/","url":"https:\/\/www.miamibeachfl.gov\/wp-content\/uploads\/2022\/06\/miamibeach-logoblue.png","contentUrl":"https:\/\/www.miamibeachfl.gov\/wp-content\/uploads\/2022\/06\/miamibeach-logoblue.png","width":1962,"height":381,"caption":"City of Miami Beach"},"image":{"@id":"https:\/\/www.miamibeachfl.gov\/#\/schema\/logo\/image\/"},"sameAs":["https:\/\/www.facebook.com\/cityofmiamibeach","https:\/\/x.com\/Miamibeachnews","https:\/\/www.instagram.com\/miamibeachnews\/"],"description":"Sitw\u00e8b ofisy\u00e8l Vil Miami Beach la. Rete enf\u00f2me, jwenn enf\u00f2masyon enp\u00f2tan sou s\u00e8vis vil la, nouv\u00e8l, al\u00e8t, ev\u00e8nman, wout tramway, travay gouv\u00e8nman an ak plis ank\u00f2.","telephone":"305.604.CITY(2489)","legalName":"City of Miami Beach"}]}},"_links":{"self":[{"href":"https:\/\/www.miamibeachfl.gov\/ht\/wp-json\/wp\/v2\/pages\/190556","targetHints":{"allow":["GET"]}}],"collection":[{"href":"https:\/\/www.miamibeachfl.gov\/ht\/wp-json\/wp\/v2\/pages"}],"about":[{"href":"https:\/\/www.miamibeachfl.gov\/ht\/wp-json\/wp\/v2\/types\/page"}],"author":[{"embeddable":true,"href":"https:\/\/www.miamibeachfl.gov\/ht\/wp-json\/wp\/v2\/users\/222"}],"replies":[{"embeddable":true,"href":"https:\/\/www.miamibeachfl.gov\/ht\/wp-json\/wp\/v2\/comments?post=190556"}],"version-history":[{"count":0,"href":"https:\/\/www.miamibeachfl.gov\/ht\/wp-json\/wp\/v2\/pages\/190556\/revisions"}],"up":[{"embeddable":true,"href":"https:\/\/www.miamibeachfl.gov\/ht\/wp-json\/wp\/v2\/pages\/28358"}],"wp:attachment":[{"href":"https:\/\/www.miamibeachfl.gov\/ht\/wp-json\/wp\/v2\/media?parent=190556"}],"wp:term":[{"taxonomy":"category","embeddable":true,"href":"https:\/\/www.miamibeachfl.gov\/ht\/wp-json\/wp\/v2\/categories?post=190556"},{"taxonomy":"post_tag","embeddable":true,"href":"https:\/\/www.miamibeachfl.gov\/ht\/wp-json\/wp\/v2\/tags?post=190556"}],"curies":[{"name":"wp","href":"https:\/\/api.w.org\/{rel}","templated":true}]}}