{"id":195688,"date":"2022-06-23T09:14:32","date_gmt":"2022-06-23T13:14:32","guid":{"rendered":"https:\/\/www.miamibeachfl.gov\/?page_id=195688"},"modified":"2025-06-02T22:04:56","modified_gmt":"2025-06-03T02:04:56","slug":"june-2022-business-spotlight","status":"publish","type":"page","link":"https:\/\/www.miamibeachfl.gov\/ht\/spotlight\/june-2022-business-spotlight\/","title":{"rendered":"Jen 2022 Anons Spesyal Biznis"},"content":{"rendered":"<h5>\n\t\t<a href=\"https:\/\/www.miamibeachfl.gov\/ht\/mbbiznews\/\" title=\"Ab\u00f2ne isit la pou resevwa bilten biznis Vil la nan bwat resepsyon ou chak mwa.\"  target=\"_blank\"  rel=\"noopener\">\n\t\t\tAb\u00f2ne isit la pou resevwa bilten biznis Vil la nan bwat resepsyon ou chak mwa.\t\t<\/a>\n\t<\/h5>\n<h5>\n\t\t<a href=\"https:\/\/myemail.constantcontact.com\/Stay-connected-with-MB-Biz-.html?soid=1011085968389&#038;aid=q90qfhI4kxA\" title=\"Bilten Biznis\"  target=\"_blank\"  rel=\"noopener\">\n\t\t\tBilten Biznis\t\t<\/a>\n\t<\/h5>\n\t<p><strong>CHAPEAU BAY TIM SCHMAND POU YON TRAVAY MAGNIFIK SOU LINCOLN ROAD<\/strong><\/p>\n\t\t\t\t<img decoding=\"async\" src=\"https:\/\/www.miamibeachfl.gov\/wp-content\/uploads\/2022\/06\/1.jpg\" alt=\"1\" itemprop=\"image\" title=\"1\" onerror=\"this.style.display='none'\" loading='lazy' \/>\n\t<p>Chak pwopriyet\u00e8 biznis nan Lincoln Road konnen Timothy Schmand k\u00f2m nonm ki gen yon b\u00e8l chapo fedora sou li epi ki toujou dispoze ede. Sepandan, anpil moun pa konnen l\u00f2t chapo Tim te mete pandan tout kary\u00e8 li. Li soti Buffalo, NY ok\u00f2mansman, li renmen rakonte istwa sou rive li nan Miami Beach. An 1979, li te f\u00e8 otostop soti Buffalo pou ale Key West epi apre sa pou l al Miami Beach, ki te yon ti vil trankil. Premye travay li nan Sid Florid sete f\u00f2me granmoun ki andikape mantal nan konpetans netwayaj toupre lakou tren Miami yo (nan sa ki rele Wynwood kounye a). Nan ep\u00f2k sa a, sik la te konn baze kan yo toupre lakou tren yo, men p\u00e8f\u00f2mans yo te nan Sant Konvansyon Miami Beach. Li sonje av\u00e8k afeksyon l\u00e8 l t ap gade elefan yo k ap mache sou Venetian Causeway la, yon bagay inoubliyab.<\/p>\n\t\t\t\t<img decoding=\"async\" src=\"https:\/\/www.miamibeachfl.gov\/wp-content\/plugins\/bb-plugin\/img\/pixel.png\" alt=\"\" itemprop=\"image\" onerror=\"this.style.display='none'\" loading='lazy' \/>\n\t\t\t\t<img decoding=\"async\" src=\"https:\/\/www.miamibeachfl.gov\/wp-content\/uploads\/2022\/06\/2.jpg\" alt=\"2\" itemprop=\"image\" title=\"2\" onerror=\"this.style.display='none'\" loading='lazy' \/>\n\t\t\t\t<img decoding=\"async\" src=\"https:\/\/www.miamibeachfl.gov\/wp-content\/plugins\/bb-plugin\/img\/pixel.png\" alt=\"\" itemprop=\"image\" onerror=\"this.style.display='none'\" loading='lazy' \/>\n\t<p>Apre yon tan, Tim te pran yon l\u00f2t chapo k\u00f2m ajan sekirite a tan pasy\u00e8l nan Mize Istorik Sid Florid la, kote apre dezan li te vin Direkt\u00e8 Adjwen Maketing, Piblikasyon ak Kominikasyon, epi li te s\u00e8vi k\u00f2m Manadj\u00e8 magazen mize a. Tim, ki te gen anbisyon tou pou l vin ekriven, te pouswiv epi li te jwenn yon Metriz nan Bel Atizay. Reyalizasyon akademik sa a te mennen l nan pwochen chapit li k\u00f2m ekriven sibvansyon pou Mize Syans lan (kounye a se Mize Syans Phillip ak Patricia Frost), Jaden Botanik Twopikal Fairchild, ak Bayfront Park Management Trust.<\/p>\n<p>Pandan Tim t ap travay sou yon sibvansyon Festival Shakespeare pou Bayfront Park Management Trust, yo te mande Tim pou l ede nan fonksy\u00f2nman Festival Shakespeare la. Nouvo w\u00f2l sa a te mennen l nan yon kary\u00e8 25 ane k\u00f2m direkt\u00e8 egzekitif Bayfront Park Management Trust, kote Tim te jere tout asp\u00e8 Bayfront ak Museum Parks yo. Anba lid\u00e8chip Tim, pak yo te reyalize 147.5 milyon dola nan revni n\u00e8t ant 2003 ak 2016 epi yo te atire 8.5 milyon patisipan nan kons\u00e8, ev\u00e8nman espesyal ak aktivasyon kominot\u00e8. Youn nan pi gwo reyalizasyon li yo se Ultra Music Festival 2008 la nan Bayfront Park ki te resevwa anpil prim, tankou enklizyon nan... <em>W\u00f2ch k ap woule<\/em> magazin Top 10 Kons\u00e8 nan 20 an<sup>y\u00e8m<\/sup> Sy\u00e8k nan Etazini\u2014yon on\u00e8 pataje av\u00e8k Woodstock Music and Art Fair (1969) ak Coachella Valley Music and Arts Festival.<\/p>\n<p>Tim pa janm yon moun ki p\u00e8 yon defi, byenke li te ap panse pran retr\u00e8t li, li te pran chapo li an 2017 epi li te rantre nan Distri Amelyorasyon Biznis Coconut Grove k\u00f2m Direkt\u00e8 Egzekitif Enterim\u00e8, kote li te s\u00e8vi eksp\u00e8tiz ak konesans li pou transf\u00f2masyon korid\u00f2 biznis la.<\/p>\n<p>Tim atribiye enter\u00e8 li nan kreasyon espas iben ak gwo konesans li sou kijan pou bay espas dey\u00f2 en\u00e8ji a liv &quot;The Social Life of Small Urban Spaces&quot;, yon liv William H. Whyte. Tim di liv Whyte a, ki te lanse yon mini-revolisyon nan planifikasyon iben ak konsepsyon espas piblik yo, se paske li te gide ak transf\u00f2me opinyon li ak ladr\u00e8s li nan jesyon sou fason espas piblik yo kontribye nan byenn\u00e8t yon kominote.<\/p>\n\t\t\t\t<img decoding=\"async\" src=\"https:\/\/www.miamibeachfl.gov\/wp-content\/uploads\/2022\/06\/3.jpg\" alt=\"3\" itemprop=\"image\" title=\"3\" onerror=\"this.style.display='none'\" loading='lazy' \/>\n\t<p>An 2017, Tim te chanje p\u00f2s pou l s\u00e8vi k\u00f2m direkt\u00e8 egzekitif pou Distri Amelyorasyon Biznis Lincoln Road la.<\/p>\n<p>\u201cMwen te achte premye kado mwen pou lanmou lavi mwen sou Lincoln Road,\u201d Tim te pataje. \u201cNou te achte bag maryaj nou yo sou Lincoln Road, anvan nou te marye nan ansyen City Hall la. Lincoln Road ap toujou gen yon plas espesyal nan k\u00e8 mwen.\u201d<\/p>\n\t\t\t\t<img decoding=\"async\" src=\"https:\/\/www.miamibeachfl.gov\/wp-content\/uploads\/2022\/06\/4.png\" alt=\"4\" itemprop=\"image\" title=\"4\" onerror=\"this.style.display='none'\" loading='lazy' \/>\n\t<p>Av\u00e8k chapo l ak k\u00e8 l nan men l, Tim te dirije mini revolisyon ekonomik Lincoln Road la pandan 5 ane manda li a. Li te nouri epi konstwi yon destinasyon ent\u00e8nasyonalman rekon\u00e8t, solid ak atizay ak kilti, gastronomi ak kom\u00e8s klas mondyal, ak pwogramasyon pou tout fanmi. Pandan pandemi an, Lincoln Road te afekte gravman, tankou tout distri biznis mondyal yo. Men, Tim te aksepte defi a ak eksperyans kiltir\u00e8l li pou ekspoze 13 eskilti monimantal Botero sou promenad pyeton an soti ot\u00f2n 2019 rive prentan 2020 \u2013 ankouraje rezidan yo ak vizit\u00e8 yo pou yo pwofite espas ouv\u00e8 Lincoln Road la epi kominike av\u00e8k machann ki ofri manje pou pote ale ak amizman atistik ki respekte distans sosyal.<\/p>\n<p>L\u00e8 yo te poze l kesyon sou eritaj li, Tim, yon nonm ki pale dousman, chaman, elegant e afab, te pataje ke li vle pou yo sonje l k\u00f2m yon chanpyon espas iben ak ouv\u00e8 ki te dedye lavi pwofesyon\u00e8l li pou ede machann yo epi transf\u00f2me espas yo soti nan senp kreyasyon espas iben pou f\u00e8 yo tounen espas kom\u00e8syal ak dey\u00f2 memorab e pr\u00e8ske paf\u00e8. Menm jan an tou, li espere enfliyans li te enspire rezidan yo, biznis yo ak touris yo.<\/p>\n<p>\u201cMwen kontan e mwen fy\u00e8 d\u00e8ske Lincoln Road vin tounen yon espas piblik iben akeyan ak sol\u00e8y, lonbray, manje, pyebwa, sous dlo, amizman ak moun,\u201d Tim te di. \u201cJan Whyte te ekri 30 ane de sa, espas piblik yo rasanble moun epi Lincoln Road s\u00e8vi k\u00f2m yon ekselan egzanp dirab ki kontinye pwospere. Mwen fy\u00e8 d\u00e8ske, pandan d\u00e8nye pandemi an, lid\u00e8 Lincoln Road yo, manm yo, ekip la ak kominote a te louvri epi \u00f2ganize espas ki chanje lavi yo l\u00e8 yo ini, angaje epi geri kominote sa a. Lincoln Road espesyal \u2013 se kote de etranje ka rankontre epi f\u00e8 yon konv\u00e8sasyon, yon koup ka flannen trankilman, adolesan ka pran yon pitza, k\u00f2l\u00e8g yo ka pran yon cafecito, epi tout moun ka patisipe nan terapi an detay.\u201d<\/p>\n<p>Tim, yon diplome nan State University College of New York, gen yon metriz nan Bel Atizay nan Vermont College tou. Tim gen plan pou ajoute nan koleksyon liv li te ekri ak pibliye yo \u2013 \u201cJust Johnson; The London Delivery,\u201d ak \u201cThe True Tales of Bad Benny Taggart.\u201d<\/p>\n<p>Chapo ba pou Tim pou tout sa li f\u00e8 pou Vil Miami Beach ak Lincoln Road. Nou selebre kontribisyon ak akonplisman li yo epi nou swete l bon chans nan pwochen chapit li a!<\/p>\n\t\t\t\t<img decoding=\"async\" src=\"https:\/\/www.miamibeachfl.gov\/wp-content\/uploads\/2022\/06\/5.png\" alt=\"5\" itemprop=\"image\" title=\"5\" onerror=\"this.style.display='none'\" loading='lazy' \/>","protected":false},"excerpt":{"rendered":"<p>Ab\u00f2ne isit la pou resevwa bilten biznis Vil la nan bwat resepsyon ou chak mwa. Bilten Biznis CHAPELO BAY TIM SCHMAND POU [\u2026]<\/p>","protected":false},"author":222,"featured_media":0,"parent":253255,"menu_order":0,"comment_status":"closed","ping_status":"closed","template":"","meta":{"_searchwp_excluded":"","site-sidebar-layout":"default","site-content-layout":"","ast-site-content-layout":"default","site-content-style":"default","site-sidebar-style":"default","ast-global-header-display":"","ast-banner-title-visibility":"","ast-main-header-display":"","ast-hfb-above-header-display":"","ast-hfb-below-header-display":"","ast-hfb-mobile-header-display":"","site-post-title":"","ast-breadcrumbs-content":"","ast-featured-img":"","footer-sml-layout":"","theme-transparent-header-meta":"","adv-header-id-meta":"","stick-header-meta":"","header-above-stick-meta":"","header-main-stick-meta":"","header-below-stick-meta":"","astra-migrate-meta-layouts":"default","ast-page-background-enabled":"default","ast-page-background-meta":{"desktop":{"background-color":"var(--ast-global-color-5)","background-image":"","background-repeat":"repeat","background-position":"center center","background-size":"auto","background-attachment":"scroll","background-type":"","background-media":"","overlay-type":"","overlay-color":"","overlay-opacity":"","overlay-gradient":""},"tablet":{"background-color":"","background-image":"","background-repeat":"repeat","background-position":"center center","background-size":"auto","background-attachment":"scroll","background-type":"","background-media":"","overlay-type":"","overlay-color":"","overlay-opacity":"","overlay-gradient":""},"mobile":{"background-color":"","background-image":"","background-repeat":"repeat","background-position":"center center","background-size":"auto","background-attachment":"scroll","background-type":"","background-media":"","overlay-type":"","overlay-color":"","overlay-opacity":"","overlay-gradient":""}},"ast-content-background-meta":{"desktop":{"background-color":"var(--ast-global-color-4)","background-image":"","background-repeat":"repeat","background-position":"center center","background-size":"auto","background-attachment":"scroll","background-type":"","background-media":"","overlay-type":"","overlay-color":"","overlay-opacity":"","overlay-gradient":""},"tablet":{"background-color":"var(--ast-global-color-4)","background-image":"","background-repeat":"repeat","background-position":"center center","background-size":"auto","background-attachment":"scroll","background-type":"","background-media":"","overlay-type":"","overlay-color":"","overlay-opacity":"","overlay-gradient":""},"mobile":{"background-color":"var(--ast-global-color-4)","background-image":"","background-repeat":"repeat","background-position":"center center","background-size":"auto","background-attachment":"scroll","background-type":"","background-media":"","overlay-type":"","overlay-color":"","overlay-opacity":"","overlay-gradient":""}},"footnotes":""},"categories":[],"tags":[],"class_list":["post-195688","page","type-page","status-publish","hentry"],"yoast_head":"<!-- This site is optimized with the Yoast SEO Premium plugin v26.6 (Yoast SEO v26.6) - https:\/\/yoast.com\/wordpress\/plugins\/seo\/ -->\n<title>June 2022 Business Spotlight - City of Miami Beach<\/title>\n<meta name=\"description\" content=\"%\" \/>\n<meta name=\"robots\" content=\"index, follow, max-snippet:-1, max-image-preview:large, max-video-preview:-1\" \/>\n<link rel=\"canonical\" href=\"https:\/\/www.miamibeachfl.gov\/ht\/spotlight\/june-2022-business-spotlight\/\" \/>\n<meta property=\"og:locale\" content=\"ht_HT\" \/>\n<meta property=\"og:type\" content=\"article\" \/>\n<meta property=\"og:title\" content=\"June 2022 Business Spotlight\" \/>\n<meta property=\"og:description\" content=\"%\" \/>\n<meta property=\"og:url\" content=\"https:\/\/www.miamibeachfl.gov\/ht\/spotlight\/june-2022-business-spotlight\/\" \/>\n<meta property=\"og:site_name\" content=\"City of Miami Beach\" \/>\n<meta property=\"article:publisher\" content=\"https:\/\/www.facebook.com\/cityofmiamibeach\" \/>\n<meta property=\"article:modified_time\" content=\"2025-06-03T02:04:56+00:00\" \/>\n<meta property=\"og:image\" content=\"https:\/\/www.miamibeachfl.gov\/wp-content\/uploads\/2022\/06\/1.jpg\" \/>\n<meta name=\"twitter:card\" content=\"summary_large_image\" \/>\n<meta name=\"twitter:site\" content=\"@Miamibeachnews\" \/>\n<script type=\"application\/ld+json\" class=\"yoast-schema-graph\">{\"@context\":\"https:\/\/schema.org\",\"@graph\":[{\"@type\":\"WebPage\",\"@id\":\"https:\/\/www.miamibeachfl.gov\/spotlight\/june-2022-business-spotlight\/\",\"url\":\"https:\/\/www.miamibeachfl.gov\/spotlight\/june-2022-business-spotlight\/\",\"name\":\"June 2022 Business Spotlight - City of Miami Beach\",\"isPartOf\":{\"@id\":\"https:\/\/www.miamibeachfl.gov\/#website\"},\"primaryImageOfPage\":{\"@id\":\"https:\/\/www.miamibeachfl.gov\/spotlight\/june-2022-business-spotlight\/#primaryimage\"},\"image\":{\"@id\":\"https:\/\/www.miamibeachfl.gov\/spotlight\/june-2022-business-spotlight\/#primaryimage\"},\"thumbnailUrl\":\"https:\/\/www.miamibeachfl.gov\/wp-content\/uploads\/2022\/06\/1.jpg\",\"datePublished\":\"2022-06-23T13:14:32+00:00\",\"dateModified\":\"2025-06-03T02:04:56+00:00\",\"description\":\"%\",\"breadcrumb\":{\"@id\":\"https:\/\/www.miamibeachfl.gov\/spotlight\/june-2022-business-spotlight\/#breadcrumb\"},\"inLanguage\":\"ht\",\"potentialAction\":[{\"@type\":\"ReadAction\",\"target\":[\"https:\/\/www.miamibeachfl.gov\/spotlight\/june-2022-business-spotlight\/\"]}]},{\"@type\":\"ImageObject\",\"inLanguage\":\"ht\",\"@id\":\"https:\/\/www.miamibeachfl.gov\/spotlight\/june-2022-business-spotlight\/#primaryimage\",\"url\":\"https:\/\/www.miamibeachfl.gov\/wp-content\/uploads\/2022\/06\/1.jpg\",\"contentUrl\":\"https:\/\/www.miamibeachfl.gov\/wp-content\/uploads\/2022\/06\/1.jpg\"},{\"@type\":\"BreadcrumbList\",\"@id\":\"https:\/\/www.miamibeachfl.gov\/spotlight\/june-2022-business-spotlight\/#breadcrumb\",\"itemListElement\":[{\"@type\":\"ListItem\",\"position\":1,\"name\":\"Home\",\"item\":\"https:\/\/www.miamibeachfl.gov\/\"},{\"@type\":\"ListItem\",\"position\":2,\"name\":\"Business Newsletters and Spotlights\",\"item\":\"https:\/\/www.miamibeachfl.gov\/spotlight\/\"},{\"@type\":\"ListItem\",\"position\":3,\"name\":\"June 2022 Business Spotlight\"}]},{\"@type\":\"WebSite\",\"@id\":\"https:\/\/www.miamibeachfl.gov\/#website\",\"url\":\"https:\/\/www.miamibeachfl.gov\/\",\"name\":\"City of Miami Beach\",\"description\":\"The official website of the City of Miami Beach. Stay informed, find important information on city services, news, alerts, events, trolley routes, government employment and more.\",\"publisher\":{\"@id\":\"https:\/\/www.miamibeachfl.gov\/#organization\"},\"potentialAction\":[{\"@type\":\"SearchAction\",\"target\":{\"@type\":\"EntryPoint\",\"urlTemplate\":\"https:\/\/www.miamibeachfl.gov\/?s={search_term_string}\"},\"query-input\":{\"@type\":\"PropertyValueSpecification\",\"valueRequired\":true,\"valueName\":\"search_term_string\"}}],\"inLanguage\":\"ht\"},{\"@type\":\"Organization\",\"@id\":\"https:\/\/www.miamibeachfl.gov\/#organization\",\"name\":\"City of Miami Beach\",\"url\":\"https:\/\/www.miamibeachfl.gov\/\",\"logo\":{\"@type\":\"ImageObject\",\"inLanguage\":\"ht\",\"@id\":\"https:\/\/www.miamibeachfl.gov\/#\/schema\/logo\/image\/\",\"url\":\"https:\/\/www.miamibeachfl.gov\/wp-content\/uploads\/2022\/06\/miamibeach-logoblue.png\",\"contentUrl\":\"https:\/\/www.miamibeachfl.gov\/wp-content\/uploads\/2022\/06\/miamibeach-logoblue.png\",\"width\":1962,\"height\":381,\"caption\":\"City of Miami Beach\"},\"image\":{\"@id\":\"https:\/\/www.miamibeachfl.gov\/#\/schema\/logo\/image\/\"},\"sameAs\":[\"https:\/\/www.facebook.com\/cityofmiamibeach\",\"https:\/\/x.com\/Miamibeachnews\",\"https:\/\/www.instagram.com\/miamibeachnews\/\"],\"description\":\"The official website of the City of Miami Beach. Stay informed, find important information on city services, news, alerts, events, trolley routes, government employment and more.\",\"telephone\":\"305.604.CITY(2489)\",\"legalName\":\"City of Miami Beach\"}]}<\/script>\n<!-- \/ Yoast SEO Premium plugin. -->","yoast_head_json":{"title":"Jen 2022 Anons Spesyal sou Biznis - Vil Miami Beach","description":"%","robots":{"index":"index","follow":"follow","max-snippet":"max-snippet:-1","max-image-preview":"max-image-preview:large","max-video-preview":"max-video-preview:-1"},"canonical":"https:\/\/www.miamibeachfl.gov\/ht\/spotlight\/june-2022-business-spotlight\/","og_locale":"ht_HT","og_type":"article","og_title":"June 2022 Business Spotlight","og_description":"%","og_url":"https:\/\/www.miamibeachfl.gov\/ht\/spotlight\/june-2022-business-spotlight\/","og_site_name":"City of Miami Beach","article_publisher":"https:\/\/www.facebook.com\/cityofmiamibeach","article_modified_time":"2025-06-03T02:04:56+00:00","og_image":[{"url":"https:\/\/www.miamibeachfl.gov\/wp-content\/uploads\/2022\/06\/1.jpg","type":"","width":"","height":""}],"twitter_card":"summary_large_image","twitter_site":"@Miamibeachnews","schema":{"@context":"https:\/\/schema.org","@graph":[{"@type":"WebPage","@id":"https:\/\/www.miamibeachfl.gov\/spotlight\/june-2022-business-spotlight\/","url":"https:\/\/www.miamibeachfl.gov\/spotlight\/june-2022-business-spotlight\/","name":"Jen 2022 Anons Spesyal sou Biznis - Vil Miami Beach","isPartOf":{"@id":"https:\/\/www.miamibeachfl.gov\/#website"},"primaryImageOfPage":{"@id":"https:\/\/www.miamibeachfl.gov\/spotlight\/june-2022-business-spotlight\/#primaryimage"},"image":{"@id":"https:\/\/www.miamibeachfl.gov\/spotlight\/june-2022-business-spotlight\/#primaryimage"},"thumbnailUrl":"https:\/\/www.miamibeachfl.gov\/wp-content\/uploads\/2022\/06\/1.jpg","datePublished":"2022-06-23T13:14:32+00:00","dateModified":"2025-06-03T02:04:56+00:00","description":"%","breadcrumb":{"@id":"https:\/\/www.miamibeachfl.gov\/spotlight\/june-2022-business-spotlight\/#breadcrumb"},"inLanguage":"ht","potentialAction":[{"@type":"ReadAction","target":["https:\/\/www.miamibeachfl.gov\/spotlight\/june-2022-business-spotlight\/"]}]},{"@type":"ImageObject","inLanguage":"ht","@id":"https:\/\/www.miamibeachfl.gov\/spotlight\/june-2022-business-spotlight\/#primaryimage","url":"https:\/\/www.miamibeachfl.gov\/wp-content\/uploads\/2022\/06\/1.jpg","contentUrl":"https:\/\/www.miamibeachfl.gov\/wp-content\/uploads\/2022\/06\/1.jpg"},{"@type":"BreadcrumbList","@id":"https:\/\/www.miamibeachfl.gov\/spotlight\/june-2022-business-spotlight\/#breadcrumb","itemListElement":[{"@type":"ListItem","position":1,"name":"Home","item":"https:\/\/www.miamibeachfl.gov\/"},{"@type":"ListItem","position":2,"name":"Business Newsletters and Spotlights","item":"https:\/\/www.miamibeachfl.gov\/spotlight\/"},{"@type":"ListItem","position":3,"name":"June 2022 Business Spotlight"}]},{"@type":"WebSite","@id":"https:\/\/www.miamibeachfl.gov\/#website","url":"https:\/\/www.miamibeachfl.gov\/","name":"Vil Miami Beach","description":"Sitw\u00e8b ofisy\u00e8l Vil Miami Beach la. Rete enf\u00f2me, jwenn enf\u00f2masyon enp\u00f2tan sou s\u00e8vis vil la, nouv\u00e8l, al\u00e8t, ev\u00e8nman, wout tramway, travay gouv\u00e8nman an ak plis ank\u00f2.","publisher":{"@id":"https:\/\/www.miamibeachfl.gov\/#organization"},"potentialAction":[{"@type":"SearchAction","target":{"@type":"EntryPoint","urlTemplate":"https:\/\/www.miamibeachfl.gov\/?s={search_term_string}"},"query-input":{"@type":"PropertyValueSpecification","valueRequired":true,"valueName":"search_term_string"}}],"inLanguage":"ht"},{"@type":"Organization","@id":"https:\/\/www.miamibeachfl.gov\/#organization","name":"Vil Miami Beach","url":"https:\/\/www.miamibeachfl.gov\/","logo":{"@type":"ImageObject","inLanguage":"ht","@id":"https:\/\/www.miamibeachfl.gov\/#\/schema\/logo\/image\/","url":"https:\/\/www.miamibeachfl.gov\/wp-content\/uploads\/2022\/06\/miamibeach-logoblue.png","contentUrl":"https:\/\/www.miamibeachfl.gov\/wp-content\/uploads\/2022\/06\/miamibeach-logoblue.png","width":1962,"height":381,"caption":"City of Miami Beach"},"image":{"@id":"https:\/\/www.miamibeachfl.gov\/#\/schema\/logo\/image\/"},"sameAs":["https:\/\/www.facebook.com\/cityofmiamibeach","https:\/\/x.com\/Miamibeachnews","https:\/\/www.instagram.com\/miamibeachnews\/"],"description":"Sitw\u00e8b ofisy\u00e8l Vil Miami Beach la. Rete enf\u00f2me, jwenn enf\u00f2masyon enp\u00f2tan sou s\u00e8vis vil la, nouv\u00e8l, al\u00e8t, ev\u00e8nman, wout tramway, travay gouv\u00e8nman an ak plis ank\u00f2.","telephone":"305.604.CITY(2489)","legalName":"City of Miami Beach"}]}},"_links":{"self":[{"href":"https:\/\/www.miamibeachfl.gov\/ht\/wp-json\/wp\/v2\/pages\/195688","targetHints":{"allow":["GET"]}}],"collection":[{"href":"https:\/\/www.miamibeachfl.gov\/ht\/wp-json\/wp\/v2\/pages"}],"about":[{"href":"https:\/\/www.miamibeachfl.gov\/ht\/wp-json\/wp\/v2\/types\/page"}],"author":[{"embeddable":true,"href":"https:\/\/www.miamibeachfl.gov\/ht\/wp-json\/wp\/v2\/users\/222"}],"replies":[{"embeddable":true,"href":"https:\/\/www.miamibeachfl.gov\/ht\/wp-json\/wp\/v2\/comments?post=195688"}],"version-history":[{"count":0,"href":"https:\/\/www.miamibeachfl.gov\/ht\/wp-json\/wp\/v2\/pages\/195688\/revisions"}],"up":[{"embeddable":true,"href":"https:\/\/www.miamibeachfl.gov\/ht\/wp-json\/wp\/v2\/pages\/253255"}],"wp:attachment":[{"href":"https:\/\/www.miamibeachfl.gov\/ht\/wp-json\/wp\/v2\/media?parent=195688"}],"wp:term":[{"taxonomy":"category","embeddable":true,"href":"https:\/\/www.miamibeachfl.gov\/ht\/wp-json\/wp\/v2\/categories?post=195688"},{"taxonomy":"post_tag","embeddable":true,"href":"https:\/\/www.miamibeachfl.gov\/ht\/wp-json\/wp\/v2\/tags?post=195688"}],"curies":[{"name":"wp","href":"https:\/\/api.w.org\/{rel}","templated":true}]}}