{"id":197440,"date":"2022-07-13T09:02:26","date_gmt":"2022-07-13T13:02:26","guid":{"rendered":"https:\/\/www.miamibeachfl.gov\/?page_id=197440"},"modified":"2026-04-01T09:31:44","modified_gmt":"2026-04-01T13:31:44","slug":"doing-business-with-mb","status":"publish","type":"page","link":"https:\/\/www.miamibeachfl.gov\/ht\/business\/doing-business-with-mb\/","title":{"rendered":"F\u00e8 biznis ak MB"},"content":{"rendered":"<h3>\n\t\t\tDi Bonjou nan Nouvo Biwo ou a\t<\/h3>\n\t<p>Miami Beach angaje l pou l kreye yon ekonomi pwosp\u00e8 ki ankouraje kwasans ekilibre l\u00e8 l konekte biznis yo, kominote yo, moun yo ak travay yo. Vil la dedye a misyon sa a, li bay biznis yo asistans ak resous, li devlope epi redevlope korid\u00f2 yo, epi li ankouraje devlopman byen imobilye pou kreye yon ekonomi div\u00e8s pou kominote dinamik ak rezistan nou an.<\/p>\n\t\t<a href=\"\/ht\/business\/doing-business-with-mb\/business-incentives\/job-creation-incentive-program\/\" target=\"_self\">\n\t\t\t\t\t\t\t\t\t\t\t<img decoding=\"async\" src=\"https:\/\/www.miamibeachfl.gov\/wp-content\/uploads\/2023\/01\/businessmen-1.jpg\" alt=\"businessmen\"\/>\n\t\t\t\t\t<p>Rekonpanse finansy\u00e8man relokasyon katye jeneral antrepriz yo ansanm ak endistri sib tankou konpayi finans oswa konpayi teknoloji k ap ch\u00e8che demenaje ki pote travay nan vil nou an. Aprann plis...<\/p>\t\t\t\t\t\n\t\t\t\t\t\t<h2>\n\t\t\t\t\t\tPwogram Ankourajman pou Kreye Travay (JCIP)\t\t<\/h2>\n\t\t<\/a>\n\t\t<a href=\"\/ht\/business\/doing-business-with-mb\/business-incentives\/expedited-permit-program\/\" target=\"_self\">\n\t\t\t\t\t\t\t\t\t\t\t<img decoding=\"async\" src=\"https:\/\/www.miamibeachfl.gov\/wp-content\/uploads\/2023\/01\/viewingbuildingplan.jpg\" alt=\"person viewing a plan\"\/>\n\t\t\t\t\t<p>Akselere renovasyon ak p\u00e8mi konstriksyon pou nouvo biznis teknoloji ak s\u00e8vis finansye, ak katye jeneral yo. Aprann plis...<\/p>\t\t\t\t\t\n\t\t\t\t\t\t<h2>\n\t\t\t\t\t\tPwogram Revizyon Plan Akselere (EPRP)\t\t<\/h2>\n\t\t<\/a>\n\t\t<a href=\"\/ht\/business\/doing-business-with-mb\/grants\/\" target=\"_self\">\n\t\t\t\t\t\t\t\t\t\t\t<img decoding=\"async\" src=\"https:\/\/www.miamibeachfl.gov\/wp-content\/uploads\/2023\/04\/600X300-Card-Banners-2.jpg\" alt=\"600X300 Card Banners-2\"\/>\n\t\t\t\t\t<p>Eksplore L\u00f2t Sibvansyon ak Pwogram<br \/>Disponib nan Miami Beach. Aprann plis\u2026<\/p>\t\t\t\t\t\n\t\t\t\t\t\t<h2>\n\t\t\t\t\t\tSibvansyon ak Pwogram\t\t<\/h2>\n\t\t<\/a>\n\t\t\t<a href=\"\/ht\/business\/doing-business-with-mb\/business-incentives\/\" target=\"_self\">\n\t\t\t\t\t\tTout Pwogram Ankourajman yo\n\t\t\t\t\t<\/a>\n\t\t<h2>Pwopriyet\u00e8 kay nan Miami Beach?<\/h2>\n\t\t\t<a href=\"https:\/\/www.miamibeachfl.gov\/ht\/business\/vacation-short-term-rentals\/\" title=\"Klike la a\" target=\"_self\"   role=\"button\" aria-label=\"Gade si pwopriyete w la kalifye pou lokasyon kout t\u00e8m.\">\n\t\t\t\t\t\t\t\t\t\t\tGade si pwopriyete w la kalifye pou lokasyon kout t\u00e8m.\n\t\t<\/a>\n\t\t<h2>Aprann kijan pou aplike pou yon BTR, ke yo te konnen anvan k\u00f2m Lisans Okipasyon\u00e8l.<\/h2>\n\t\t\t<a href=\"\/ht\/city-hall\/finance\/business-tax-receipts-btr\/\" title=\"Klike la a\" target=\"_blank\" rel=\"noopener\"  role=\"button\" aria-label=\"Resi Taks Biznis (BTR)\">\n\t\t\t\t\t\t\t\t\t\t\tResi Taks Biznis (BTR)\n\t\t<\/a>\n\t\t<h2>Gade egzijans ki varye selon kategori biznis la.<\/h2>\n\t\t\t<a href=\"https:\/\/www.miamibeachfl.gov\/wp-content\/uploads\/2025\/07\/Business-Tax-Category-1.pdf\" title=\"Klike la a\" target=\"_blank\" rel=\"noopener\"  role=\"button\" aria-label=\"Egzijans S\u00e8tifika Itilizasyon\">\n\t\t\t\t\t\t\t\t\t\t\tEgzijans S\u00e8tifika Itilizasyon\n\t\t<\/a>\n\t\t<h2>Eksplore zonaj rezidansy\u00e8l, pou itilizasyon miks, endistriy\u00e8l, ak lopital ansanm ak l\u00f2t itilizasyon t\u00e8.<\/h2>\n\t\t\t<a href=\"\/ht\/city-hall\/planning\/general-zoning-information-code-interpretation\/\" title=\"Klike la a\" target=\"_blank\" rel=\"noopener\"  role=\"button\" aria-label=\"Klasifikasyon Zonaj\">\n\t\t\t\t\t\t\t\t\t\t\tKlasifikasyon Zonaj\n\t\t<\/a>\n\t\t\t<a href=\"https:\/\/miamibeachfl.ecdev.org\/embed\/fs-embed?frame=frame-search-properties&#038;location=us-place-1245025&#038;lang=en-us\" target=\"_blank\" rel=\"noopener\">\n\t\t\t\t\t\tJwenn pwopriyete kom\u00e8syal ki disponib pou op\u00f2tinite biznis ou yo.\n\t\t\t\t\t<\/a>\n\t\t<h3><a href=\"tel:3056737572\"  target=\"_self\">\t\n\t305.673.7572<\/a><\/h3>\t\n\t\t<h3><a href=\"mailto:mbbiz@miamibeachfl.gov\"  target=\"_self\">\t\n\tmbbiz@miamibeachfl.gov<\/a><\/h3>\t\n\t\t<h3><a href=\"\/ht\/business\/\"  target=\"_blank\"  rel=\"noopener\">\t\n\twww.MBBiz.com<\/a><\/h3>\t\n\t\t<h2>Ab\u00f2ne ak bilten MBBiz la<\/h2>\n\t\t\t\t<p>Resevwa resous ak d\u00e8nye enf\u00f2masyon nan men Depatman Devlopman Ekonomik la dir\u00e8kteman sou telef\u00f2n ou.<\/p>\n\t\t\t<a href=\"\/ht\/mbbiznews\/\" title=\"Klike la a\" target=\"_self\"   role=\"button\" aria-label=\"Ab\u00f2ne Kounye a\">\n\t\t\t\t\t\t\t\t\t\t\tAb\u00f2ne Kounye a\n\t\t<\/a>","protected":false},"excerpt":{"rendered":"<p>Say Hello to Your New Office Miami Beach is committed to creating a thriving economy that fosters balanced growth by [&hellip;]<\/p>\n","protected":false},"author":222,"featured_media":0,"parent":196910,"menu_order":0,"comment_status":"closed","ping_status":"closed","template":"","meta":{"_searchwp_excluded":"","site-sidebar-layout":"default","site-content-layout":"","ast-site-content-layout":"default","site-content-style":"default","site-sidebar-style":"default","ast-global-header-display":"","ast-banner-title-visibility":"","ast-main-header-display":"","ast-hfb-above-header-display":"","ast-hfb-below-header-display":"","ast-hfb-mobile-header-display":"","site-post-title":"","ast-breadcrumbs-content":"","ast-featured-img":"","footer-sml-layout":"","theme-transparent-header-meta":"","adv-header-id-meta":"","stick-header-meta":"","header-above-stick-meta":"","header-main-stick-meta":"","header-below-stick-meta":"","astra-migrate-meta-layouts":"default","ast-page-background-enabled":"default","ast-page-background-meta":{"desktop":{"background-color":"var(--ast-global-color-5)","background-image":"","background-repeat":"repeat","background-position":"center center","background-size":"auto","background-attachment":"scroll","background-type":"","background-media":"","overlay-type":"","overlay-color":"","overlay-opacity":"","overlay-gradient":""},"tablet":{"background-color":"","background-image":"","background-repeat":"repeat","background-position":"center center","background-size":"auto","background-attachment":"scroll","background-type":"","background-media":"","overlay-type":"","overlay-color":"","overlay-opacity":"","overlay-gradient":""},"mobile":{"background-color":"","background-image":"","background-repeat":"repeat","background-position":"center center","background-size":"auto","background-attachment":"scroll","background-type":"","background-media":"","overlay-type":"","overlay-color":"","overlay-opacity":"","overlay-gradient":""}},"ast-content-background-meta":{"desktop":{"background-color":"var(--ast-global-color-4)","background-image":"","background-repeat":"repeat","background-position":"center center","background-size":"auto","background-attachment":"scroll","background-type":"","background-media":"","overlay-type":"","overlay-color":"","overlay-opacity":"","overlay-gradient":""},"tablet":{"background-color":"var(--ast-global-color-4)","background-image":"","background-repeat":"repeat","background-position":"center center","background-size":"auto","background-attachment":"scroll","background-type":"","background-media":"","overlay-type":"","overlay-color":"","overlay-opacity":"","overlay-gradient":""},"mobile":{"background-color":"var(--ast-global-color-4)","background-image":"","background-repeat":"repeat","background-position":"center center","background-size":"auto","background-attachment":"scroll","background-type":"","background-media":"","overlay-type":"","overlay-color":"","overlay-opacity":"","overlay-gradient":""}},"footnotes":""},"categories":[],"tags":[],"class_list":["post-197440","page","type-page","status-publish","hentry"],"yoast_head":"<!-- This site is optimized with the Yoast SEO Premium plugin v27.4 (Yoast SEO v27.4) - https:\/\/yoast.com\/product\/yoast-seo-premium-wordpress\/ -->\n<title>Doing Business with MB - City of Miami Beach<\/title>\n<meta name=\"description\" content=\"%\" \/>\n<meta name=\"robots\" content=\"index, follow, max-snippet:-1, max-image-preview:large, max-video-preview:-1\" \/>\n<link rel=\"canonical\" href=\"https:\/\/www.miamibeachfl.gov\/ht\/business\/doing-business-with-mb\/\" \/>\n<meta property=\"og:locale\" content=\"ht_HT\" \/>\n<meta property=\"og:type\" content=\"article\" \/>\n<meta property=\"og:title\" content=\"Doing Business with MB\" \/>\n<meta property=\"og:description\" content=\"%\" \/>\n<meta property=\"og:url\" content=\"https:\/\/www.miamibeachfl.gov\/ht\/business\/doing-business-with-mb\/\" \/>\n<meta property=\"og:site_name\" content=\"City of Miami Beach\" \/>\n<meta property=\"article:publisher\" content=\"https:\/\/www.facebook.com\/cityofmiamibeach\" \/>\n<meta property=\"article:modified_time\" content=\"2026-04-01T13:31:44+00:00\" \/>\n<meta property=\"og:image\" content=\"https:\/\/www.miamibeachfl.gov\/wp-content\/uploads\/2023\/01\/businessmen-1.jpg\" \/>\n<meta name=\"twitter:card\" content=\"summary_large_image\" \/>\n<meta name=\"twitter:site\" content=\"@Miamibeachnews\" \/>\n<script type=\"application\/ld+json\" class=\"yoast-schema-graph\">{\"@context\":\"https:\\\/\\\/schema.org\",\"@graph\":[{\"@type\":\"WebPage\",\"@id\":\"https:\\\/\\\/www.miamibeachfl.gov\\\/business\\\/doing-business-with-mb\\\/\",\"url\":\"https:\\\/\\\/www.miamibeachfl.gov\\\/business\\\/doing-business-with-mb\\\/\",\"name\":\"Doing Business with MB - City of Miami Beach\",\"isPartOf\":{\"@id\":\"https:\\\/\\\/www.miamibeachfl.gov\\\/#website\"},\"primaryImageOfPage\":{\"@id\":\"https:\\\/\\\/www.miamibeachfl.gov\\\/business\\\/doing-business-with-mb\\\/#primaryimage\"},\"image\":{\"@id\":\"https:\\\/\\\/www.miamibeachfl.gov\\\/business\\\/doing-business-with-mb\\\/#primaryimage\"},\"thumbnailUrl\":\"https:\\\/\\\/www.miamibeachfl.gov\\\/wp-content\\\/uploads\\\/2023\\\/01\\\/businessmen-1.jpg\",\"datePublished\":\"2022-07-13T13:02:26+00:00\",\"dateModified\":\"2026-04-01T13:31:44+00:00\",\"description\":\"%\",\"breadcrumb\":{\"@id\":\"https:\\\/\\\/www.miamibeachfl.gov\\\/business\\\/doing-business-with-mb\\\/#breadcrumb\"},\"inLanguage\":\"ht\",\"potentialAction\":[{\"@type\":\"ReadAction\",\"target\":[\"https:\\\/\\\/www.miamibeachfl.gov\\\/business\\\/doing-business-with-mb\\\/\"]}]},{\"@type\":\"ImageObject\",\"inLanguage\":\"ht\",\"@id\":\"https:\\\/\\\/www.miamibeachfl.gov\\\/business\\\/doing-business-with-mb\\\/#primaryimage\",\"url\":\"https:\\\/\\\/www.miamibeachfl.gov\\\/wp-content\\\/uploads\\\/2023\\\/01\\\/businessmen-1.jpg\",\"contentUrl\":\"https:\\\/\\\/www.miamibeachfl.gov\\\/wp-content\\\/uploads\\\/2023\\\/01\\\/businessmen-1.jpg\"},{\"@type\":\"BreadcrumbList\",\"@id\":\"https:\\\/\\\/www.miamibeachfl.gov\\\/business\\\/doing-business-with-mb\\\/#breadcrumb\",\"itemListElement\":[{\"@type\":\"ListItem\",\"position\":1,\"name\":\"Home\",\"item\":\"https:\\\/\\\/www.miamibeachfl.gov\\\/\"},{\"@type\":\"ListItem\",\"position\":2,\"name\":\"Business\",\"item\":\"https:\\\/\\\/www.miamibeachfl.gov\\\/business\\\/\"},{\"@type\":\"ListItem\",\"position\":3,\"name\":\"Doing Business with MB\"}]},{\"@type\":\"WebSite\",\"@id\":\"https:\\\/\\\/www.miamibeachfl.gov\\\/#website\",\"url\":\"https:\\\/\\\/www.miamibeachfl.gov\\\/\",\"name\":\"City of Miami Beach\",\"description\":\"The official website of the City of Miami Beach. Stay informed, find important information on city services, news, alerts, events, trolley routes, government employment and more.\",\"publisher\":{\"@id\":\"https:\\\/\\\/www.miamibeachfl.gov\\\/#organization\"},\"potentialAction\":[{\"@type\":\"SearchAction\",\"target\":{\"@type\":\"EntryPoint\",\"urlTemplate\":\"https:\\\/\\\/www.miamibeachfl.gov\\\/?s={search_term_string}\"},\"query-input\":{\"@type\":\"PropertyValueSpecification\",\"valueRequired\":true,\"valueName\":\"search_term_string\"}}],\"inLanguage\":\"ht\"},{\"@type\":\"Organization\",\"@id\":\"https:\\\/\\\/www.miamibeachfl.gov\\\/#organization\",\"name\":\"City of Miami Beach\",\"url\":\"https:\\\/\\\/www.miamibeachfl.gov\\\/\",\"logo\":{\"@type\":\"ImageObject\",\"inLanguage\":\"ht\",\"@id\":\"https:\\\/\\\/www.miamibeachfl.gov\\\/#\\\/schema\\\/logo\\\/image\\\/\",\"url\":\"https:\\\/\\\/www.miamibeachfl.gov\\\/wp-content\\\/uploads\\\/2022\\\/06\\\/miamibeach-logoblue.png\",\"contentUrl\":\"https:\\\/\\\/www.miamibeachfl.gov\\\/wp-content\\\/uploads\\\/2022\\\/06\\\/miamibeach-logoblue.png\",\"width\":1962,\"height\":381,\"caption\":\"City of Miami Beach\"},\"image\":{\"@id\":\"https:\\\/\\\/www.miamibeachfl.gov\\\/#\\\/schema\\\/logo\\\/image\\\/\"},\"sameAs\":[\"https:\\\/\\\/www.facebook.com\\\/cityofmiamibeach\",\"https:\\\/\\\/x.com\\\/Miamibeachnews\",\"https:\\\/\\\/www.instagram.com\\\/miamibeachnews\\\/\"],\"description\":\"The official website of the City of Miami Beach. Stay informed, find important information on city services, news, alerts, events, trolley routes, government employment and more.\",\"telephone\":\"305.604.CITY(2489)\",\"legalName\":\"City of Miami Beach\"}]}<\/script>\n<!-- \/ Yoast SEO Premium plugin. -->","yoast_head_json":{"title":"F\u00e8 Biznis ak MB - Vil Miami Beach","description":"%","robots":{"index":"index","follow":"follow","max-snippet":"max-snippet:-1","max-image-preview":"max-image-preview:large","max-video-preview":"max-video-preview:-1"},"canonical":"https:\/\/www.miamibeachfl.gov\/ht\/business\/doing-business-with-mb\/","og_locale":"ht_HT","og_type":"article","og_title":"Doing Business with MB","og_description":"%","og_url":"https:\/\/www.miamibeachfl.gov\/ht\/business\/doing-business-with-mb\/","og_site_name":"City of Miami Beach","article_publisher":"https:\/\/www.facebook.com\/cityofmiamibeach","article_modified_time":"2026-04-01T13:31:44+00:00","og_image":[{"url":"https:\/\/www.miamibeachfl.gov\/wp-content\/uploads\/2023\/01\/businessmen-1.jpg","type":"","width":"","height":""}],"twitter_card":"summary_large_image","twitter_site":"@Miamibeachnews","schema":{"@context":"https:\/\/schema.org","@graph":[{"@type":"WebPage","@id":"https:\/\/www.miamibeachfl.gov\/business\/doing-business-with-mb\/","url":"https:\/\/www.miamibeachfl.gov\/business\/doing-business-with-mb\/","name":"F\u00e8 Biznis ak MB - Vil Miami Beach","isPartOf":{"@id":"https:\/\/www.miamibeachfl.gov\/#website"},"primaryImageOfPage":{"@id":"https:\/\/www.miamibeachfl.gov\/business\/doing-business-with-mb\/#primaryimage"},"image":{"@id":"https:\/\/www.miamibeachfl.gov\/business\/doing-business-with-mb\/#primaryimage"},"thumbnailUrl":"https:\/\/www.miamibeachfl.gov\/wp-content\/uploads\/2023\/01\/businessmen-1.jpg","datePublished":"2022-07-13T13:02:26+00:00","dateModified":"2026-04-01T13:31:44+00:00","description":"%","breadcrumb":{"@id":"https:\/\/www.miamibeachfl.gov\/business\/doing-business-with-mb\/#breadcrumb"},"inLanguage":"ht","potentialAction":[{"@type":"ReadAction","target":["https:\/\/www.miamibeachfl.gov\/business\/doing-business-with-mb\/"]}]},{"@type":"ImageObject","inLanguage":"ht","@id":"https:\/\/www.miamibeachfl.gov\/business\/doing-business-with-mb\/#primaryimage","url":"https:\/\/www.miamibeachfl.gov\/wp-content\/uploads\/2023\/01\/businessmen-1.jpg","contentUrl":"https:\/\/www.miamibeachfl.gov\/wp-content\/uploads\/2023\/01\/businessmen-1.jpg"},{"@type":"BreadcrumbList","@id":"https:\/\/www.miamibeachfl.gov\/business\/doing-business-with-mb\/#breadcrumb","itemListElement":[{"@type":"ListItem","position":1,"name":"Home","item":"https:\/\/www.miamibeachfl.gov\/"},{"@type":"ListItem","position":2,"name":"Business","item":"https:\/\/www.miamibeachfl.gov\/business\/"},{"@type":"ListItem","position":3,"name":"Doing Business with MB"}]},{"@type":"WebSite","@id":"https:\/\/www.miamibeachfl.gov\/#website","url":"https:\/\/www.miamibeachfl.gov\/","name":"Vil Miami Beach","description":"Sitw\u00e8b ofisy\u00e8l Vil Miami Beach la. Rete enf\u00f2me, jwenn enf\u00f2masyon enp\u00f2tan sou s\u00e8vis vil la, nouv\u00e8l, al\u00e8t, ev\u00e8nman, wout tramway, travay gouv\u00e8nman an ak plis ank\u00f2.","publisher":{"@id":"https:\/\/www.miamibeachfl.gov\/#organization"},"potentialAction":[{"@type":"SearchAction","target":{"@type":"EntryPoint","urlTemplate":"https:\/\/www.miamibeachfl.gov\/?s={search_term_string}"},"query-input":{"@type":"PropertyValueSpecification","valueRequired":true,"valueName":"search_term_string"}}],"inLanguage":"ht"},{"@type":"Organization","@id":"https:\/\/www.miamibeachfl.gov\/#organization","name":"Vil Miami Beach","url":"https:\/\/www.miamibeachfl.gov\/","logo":{"@type":"ImageObject","inLanguage":"ht","@id":"https:\/\/www.miamibeachfl.gov\/#\/schema\/logo\/image\/","url":"https:\/\/www.miamibeachfl.gov\/wp-content\/uploads\/2022\/06\/miamibeach-logoblue.png","contentUrl":"https:\/\/www.miamibeachfl.gov\/wp-content\/uploads\/2022\/06\/miamibeach-logoblue.png","width":1962,"height":381,"caption":"City of Miami Beach"},"image":{"@id":"https:\/\/www.miamibeachfl.gov\/#\/schema\/logo\/image\/"},"sameAs":["https:\/\/www.facebook.com\/cityofmiamibeach","https:\/\/x.com\/Miamibeachnews","https:\/\/www.instagram.com\/miamibeachnews\/"],"description":"Sitw\u00e8b ofisy\u00e8l Vil Miami Beach la. Rete enf\u00f2me, jwenn enf\u00f2masyon enp\u00f2tan sou s\u00e8vis vil la, nouv\u00e8l, al\u00e8t, ev\u00e8nman, wout tramway, travay gouv\u00e8nman an ak plis ank\u00f2.","telephone":"305.604.CITY(2489)","legalName":"City of Miami Beach"}]}},"_links":{"self":[{"href":"https:\/\/www.miamibeachfl.gov\/ht\/wp-json\/wp\/v2\/pages\/197440","targetHints":{"allow":["GET"]}}],"collection":[{"href":"https:\/\/www.miamibeachfl.gov\/ht\/wp-json\/wp\/v2\/pages"}],"about":[{"href":"https:\/\/www.miamibeachfl.gov\/ht\/wp-json\/wp\/v2\/types\/page"}],"author":[{"embeddable":true,"href":"https:\/\/www.miamibeachfl.gov\/ht\/wp-json\/wp\/v2\/users\/222"}],"replies":[{"embeddable":true,"href":"https:\/\/www.miamibeachfl.gov\/ht\/wp-json\/wp\/v2\/comments?post=197440"}],"version-history":[{"count":4,"href":"https:\/\/www.miamibeachfl.gov\/ht\/wp-json\/wp\/v2\/pages\/197440\/revisions"}],"predecessor-version":[{"id":398184,"href":"https:\/\/www.miamibeachfl.gov\/ht\/wp-json\/wp\/v2\/pages\/197440\/revisions\/398184"}],"up":[{"embeddable":true,"href":"https:\/\/www.miamibeachfl.gov\/ht\/wp-json\/wp\/v2\/pages\/196910"}],"wp:attachment":[{"href":"https:\/\/www.miamibeachfl.gov\/ht\/wp-json\/wp\/v2\/media?parent=197440"}],"wp:term":[{"taxonomy":"category","embeddable":true,"href":"https:\/\/www.miamibeachfl.gov\/ht\/wp-json\/wp\/v2\/categories?post=197440"},{"taxonomy":"post_tag","embeddable":true,"href":"https:\/\/www.miamibeachfl.gov\/ht\/wp-json\/wp\/v2\/tags?post=197440"}],"curies":[{"name":"wp","href":"https:\/\/api.w.org\/{rel}","templated":true}]}}