{"id":197442,"date":"2022-07-13T09:03:00","date_gmt":"2022-07-13T13:03:00","guid":{"rendered":"https:\/\/www.miamibeachfl.gov\/?page_id=197442"},"modified":"2026-01-15T11:04:23","modified_gmt":"2026-01-15T16:04:23","slug":"mb-community","status":"publish","type":"page","link":"https:\/\/www.miamibeachfl.gov\/ht\/business\/mb-community\/","title":{"rendered":"Kominote MB a"},"content":{"rendered":"<h3>\n\t\t\tDevlopman Kominot\u00e8\t<\/h3>\n<h3>\n\t\t\tRezidans ki angaje aktivman, katye zanmitay ak \u00f2ganizasyon kominot\u00e8 dinamik e vizyon\u00e8, tout bagay sa yo f\u00e8 Miami Beach yon bon kote pou viv, travay epi detann!\t<\/h3>\n\t<p>Komite ak asosyasyon yo f\u00e8 rek\u00f2mandasyon sou kijan pou amelyore eksperyans rezidan ak vizit\u00e8 yo toupatou nan Miami Beach.<\/p>\n\t<a href=\"https:\/\/www.visitespanolaway.com\/\" target=\"_blank\" rel=\"noopener\" aria-label=\"Ale sou https:\/\/www.visitespanolaway.com\/\"><\/a>\n\t\t\t<h3>Espay\u00f2l<br \/>Asosyasyon Biznis<\/h3>\t\t\n\t\t\t\t<img decoding=\"async\" src=\"https:\/\/www.miamibeachfl.gov\/wp-content\/uploads\/bb-plugin\/cache\/espanolaway-square.jpg\" alt=\"Espanola Way Sign on Building\" title=\"pany\u00f2l ale\" itemprop=\"image\"\/>\n\t<a href=\"https:\/\/www.miamibeachfl.gov\/ht\/city-hall\/city-clerk\/boards-and-committees\/mayors-41st-street-committee\/%20\/\" target=\"_blank\" rel=\"noopener\" aria-label=\"Go to https:\/\/www.miamibeachfl.gov\/city-hall\/city-clerk\/boards-and-committees\/mayors-41st-street-committee\/%20\"><\/a>\n\t\t\t<h3>41y\u00e8m Ri<br \/>Komite<\/h3>\t\t\n\t\t\t\t<img decoding=\"async\" src=\"https:\/\/www.miamibeachfl.gov\/wp-content\/uploads\/bb-plugin\/cache\/midbeachredev-square.jpg\" alt=\"Miami Beach Aerial View\" title=\"midbeachredev\" itemprop=\"image\"\/>\n\t<a href=\"https:\/\/normandyfountain.com\/\" target=\"_blank\" rel=\"noopener\" aria-label=\"Ale sou https:\/\/normandyfountain.com\/\"><\/a>\n\t\t\t<h3>Asosyasyon Biznis Font\u00e8n Normandy<\/h3>\t\t\n\t\t\t\t<img decoding=\"async\" src=\"https:\/\/www.miamibeachfl.gov\/wp-content\/uploads\/bb-plugin\/cache\/normandyfountainrevitalization-square.jpg\" alt=\"Normandy Fountain\" title=\"revitalizasyon font\u00e8n n\u00f2mannid\" itemprop=\"image\"\/>\n\t\t\t\t\n\t<a href=\"https:\/\/www.miamibeachfl.gov\/ht\/residents\/neighborhood-associations\/neighborhood-associations\/\" target=\"_self\"  aria-label=\"Ale sou https:\/\/www.miamibeachfl.gov\/residents\/neighborhood-associations\/neighborhood-associations\/\"><\/a>\n\t\t\t<h3>Oseyan Drive<br \/>Asosyasyon<\/h3>\t\t\n\t\t\t\t<img decoding=\"async\" src=\"https:\/\/www.miamibeachfl.gov\/wp-content\/uploads\/bb-plugin\/cache\/oceandriveassociaiton-square.jpg\" alt=\"Ocean Drive\" title=\"asosyasyon oceandrive\" itemprop=\"image\"\/>\n\t<p>Distri espesyal kote yo kolekte yon p\u00f2syon nan kwasans taks sou pwopriyete a epi yo mete l sou kote pou revitalizasyon kominote a. Pwoj\u00e8 ak inisyativ CRA yo finanse yo konsantre sou transp\u00f2 ak mobilite, enfrastrikti, rezistans, lojman ab\u00f2dab ak lojman pou travay\u00e8 yo, ak revitalizasyon kominote ak ekonomik.<\/p>\n\t\t\t\t\t\t\t<a href=\"https:\/\/www.miamibeachfl.gov\/ht\/city-hall\/economic-development\/redevelopment-agency\/\" target=\"_self\">\n\t\t\t\t\t\t\t\t\t\t\t\t\t\t\t\t\t\t\t\t\t\t\t\t\t\t\t\t\t\t\t\t\t\t\t<img decoding=\"async\" src=\"https:\/\/www.miamibeachfl.gov\/wp-content\/uploads\/2026\/01\/cmbconventioncenter-square.jpg\" alt=\"Deco Drive\" \/>\n\t\t\t\t\t\t\t\t\t\t<h3>Ajans Redevlopman Miami Beach<\/h3>\n\t\t\t\t\t\t\t\t<p>Klike la a pou aprann plis bagay sou Ajans Redevlopman Miami Beach la.<\/p>\t\t\t\t\t\t\t\n\t\t\t\t\t\t\t\t\t<\/a>\n\t\t\t\t\t\t\t<a href=\"https:\/\/www.miamibeachfl.gov\/ht\/northbeachcra\/\" target=\"_self\">\n\t\t\t\t\t\t\t\t\t\t\t\t\t\t\t\t\t\t\t\t\t\t\t\t\t\t\t\t\t\t\t\t\t\t\t<img decoding=\"async\" src=\"https:\/\/www.miamibeachfl.gov\/wp-content\/uploads\/2026\/01\/northbeach-fountain.jpg\" alt=\"Deco Drive\" \/>\n\t\t\t\t\t\t\t\t\t\t<h3>Ajans Redevlopman Kominot\u00e8 North Beach<\/h3>\n\t\t\t\t\t\t\t\t<p>Aprann plis bagay sou Ajans Redevlopman Kominot\u00e8 North Beach la.<\/p>\t\t\t\t\t\t\t\n\t\t\t\t\t\t\t\t\t<\/a>\n\t<p>\u00d2ganizasyon ki dirije pa prive epi ki apwouve pa piblik, ki konplete s\u00e8vis piblik yo nan limit jewografikman defini l\u00e8 yo jenere revni plizy\u00e8 ane atrav\u00e8 yon evalyasyon obligatwa sou pwopriyet\u00e8 lokal yo ak\/oswa biznis yo.<\/p>\n\t\t\t\t\t\t\t<a href=\"https:\/\/lincolnrd.com\/%20\" target=\"_self\">\n\t\t\t\t\t\t\t\t\t\t\t\t\t\t\t\t\t\t\t\t\t\t\t\t\t\t\t\t\t\t\t\t\t\t\t<img decoding=\"async\" src=\"https:\/\/www.miamibeachfl.gov\/wp-content\/uploads\/2026\/01\/lincolnroadsquare.jpg\" alt=\"Deco Drive\" \/>\n\t\t\t\t\t\t\t\t\t\t<h3>\u00d2f sou Lincoln Road<\/h3>\n\t\t\t\t\t\t\t\t<p>Klike la a pou aprann plis bagay sou BID Lincoln Road la.<\/p>\t\t\t\t\t\t\t\n\t\t\t\t\t\t\t\t\t<\/a>\n\t\t\t\t\t\t\t<a href=\"https:\/\/www.washavemb.com\/\" target=\"_self\">\n\t\t\t\t\t\t\t\t\t\t\t\t\t\t\t\t\t\t\t\t\t\t\t\t\t\t\t\t\t\t\t\t\t\t\t<img decoding=\"async\" src=\"https:\/\/www.miamibeachfl.gov\/wp-content\/uploads\/2026\/01\/washingtonavenueimprovements2.jpg\" alt=\"Deco Drive\" \/>\n\t\t\t\t\t\t\t\t\t\t<h3>BID Avni Washington<\/h3>\n\t\t\t\t\t\t\t\t<p>Klike la a pou aprann plis bagay sou BID Washington Avenue an.<\/p>\t\t\t\t\t\t\t\n\t\t\t\t\t\t\t\t\t<\/a>\n\t\t\t\t<a href=\"https:\/\/www.miamibeachfl.gov\/ht\/sister-cities\/\"  target=\"_self\" itemprop=\"url\">\n\t\t\t\t<img decoding=\"async\" src=\"https:\/\/www.miamibeachfl.gov\/wp-content\/uploads\/2024\/11\/SisterCitiesLogo.png\" alt=\"Miami Beach Sister Cities logo\" itemprop=\"image\" height=\"532\" width=\"1934\" title=\"Logo Vil S\u00e8\" onerror=\"this.style.display='none'\" loading=\"lazy\" \/>\n\t\t\t\t<\/a>\n\t<p>Pa gen okenn l\u00f2t kote plas vil nou an sou s\u00e8n mondyal la ki pi evidan pase atrav\u00e8 pwogram Vil S\u00e8 Miami Beach yo, ki te grandi depi kreyasyon li an 1959 pou kounye a gen ladan l 13 vil patn\u00e8 mondyal ki te f\u00f2je lyen kiltir\u00e8l ak ekonomik f\u00f2m\u00e8l ak vil la.<\/p>\n<p>Sa yo enkli <strong>Rio de Janeiro ak Fortaleza, Brezil; Santa Marta, Kolonbi; Brampton, Kanada; Krumlov, Repiblik Tch\u00e8k; Nahariya, Izray\u00e8l; Pescara, Itali; Fujisawa, Japon; Ica, Perou; Cozumel, Meksik; Almonte, Espay; Baz\u00e8l, Swis ak Odessa, Ikr\u00e8n.<\/strong><\/p>\n\t\t\t<a href=\"https:\/\/www.miamibeachfl.gov\/ht\/sister-cities\/\" target=\"_self\">\n\t\t\t\t\t\tKlike la a pou aprann plis\n\t\t\t\t\t<\/a>\n\t\t<h3>Eksplore tout pwoj\u00e8 Vil Miami Beach yo.<\/h3>\n\t\t\t<a href=\"\/ht\/business\/mbprojects\/\" title=\"Klike la a\" target=\"_self\"   role=\"button\" aria-label=\"Gade Pwoj\u00e8 yo\">\n\t\t\t\t\t\t\t\t\t\t\tGade Pwoj\u00e8 yo\n\t\t<\/a>\n<h2>\n\t\t\tMiami Beach ap leve kanpe epi ap envesti nan diminye ak atenye defi sosyal, ekonomik ak fizik kominote koty\u00e8 nou an ap f\u00e8 fas a.\t<\/h2>\n\t\t\t\t<img decoding=\"async\" src=\"https:\/\/www.miamibeachfl.gov\/wp-content\/uploads\/2023\/01\/icon-plastics.png\" alt=\"icon-plastics\" title=\"ikon-plastik\" itemprop=\"image\"\/>\n\t\t<h3>MB san plastik<\/h3>\t\t\t\n\t\t\t\t<p>#PlasticFreeMB prezante biznis ki pran aksyon pou diminye plastik nan etablisman yo. Aprann plis epi rantre nan mouvman an.<\/p>\n\t\t\t<a href=\"https:\/\/www.mbrisingabove.com\/climate-mitigation\/plastic-free-miami-beach\/what-is-pfmb\/\" title=\"Klike la a\" target=\"_blank\" rel=\"noopener\"  role=\"button\" aria-label=\"Vin jwenn nou\">\n\t\t\t\t\t\t\tVin jwenn nou\n\t\t<\/a>\n\t\t\t\t<img decoding=\"async\" src=\"https:\/\/www.miamibeachfl.gov\/wp-content\/uploads\/2023\/01\/icon-community.png\" alt=\"icon-community\" title=\"kominote ik\u00f2n\" itemprop=\"image\"\/>\n\t\t<h3>Rezistans Katye a<\/h3>\t\t\t\n\t\t\t\t<p>Plizy\u00e8 komite prezide pa rezidan ak komis\u00e8 pou kenbe rezistans kominote a kont enpak yon anviw\u00f2nman k ap chanje.<\/p>\n\t\t\t<a href=\"https:\/\/www.mbrisingabove.com\/your-city-at-work\/advisory-committees\/\" title=\"Klike la a\" target=\"_blank\" rel=\"noopener\"  role=\"button\" aria-label=\"Aprann plis\">\n\t\t\t\t\t\t\tAprann plis\n\t\t<\/a>\n\t\t\t\t<img decoding=\"async\" src=\"https:\/\/www.miamibeachfl.gov\/wp-content\/uploads\/2023\/01\/icon-recycle.png\" alt=\"icon-recycle\" title=\"ik\u00f2n-resikle\" itemprop=\"image\"\/>\n\t\t<h3>F\u00e8 biznis ou vin v\u00e8t<\/h3>\t\t\t\n\t\t\t\t<p>K\u00e8k etap senp tankou mete an plas yon pwogram resiklaj oubyen chanje plastik jetab pou plastik ki ka itilize ank\u00f2 ka bay anpil benefis pou anviw\u00f2nman an.<\/p>\n\t\t\t<a href=\"https:\/\/www.mbrisingabove.com\/your-business\/\" title=\"Klike la a\" target=\"_blank\" rel=\"noopener\"  role=\"button\" aria-label=\"Ale V\u00e8t\">\n\t\t\t\t\t\t\tAle V\u00e8t\n\t\t<\/a>\n\t\t\t\t<img decoding=\"async\" src=\"https:\/\/www.miamibeachfl.gov\/wp-content\/uploads\/2023\/01\/familyatthebeach.jpg\" alt=\"Family at the Beach\" title=\"fanmi sou plaj la\" itemprop=\"image\"\/>\n\t\t<h3>Vil Miami Beach la ap goumen pou dwa moun ou yo!<\/h3>\t\t\t\n\t\t\t\t<p>Aprann plis bagay sou kijan youn nan \u00f2donans ki pi enklizif nan mond lan pwoteje w.<\/p>\n\t\t\t<a href=\"https:\/\/www.miamibeachfl.gov\/ht\/city-hall\/city-clerk\/boards-and-committees\/miami-beach-human-rights-committee\/\" title=\"Klike la a\" target=\"_blank\" rel=\"noopener\"  role=\"button\" aria-label=\"Aprann plis\">\n\t\t\t\t\t\t\tAprann plis\n\t\t<\/a>\n\t<a href=\"\/ht\/spotlight\/\" target=\"_self\"  aria-label=\"Ale nan \/spotlight\/\"><\/a>\n\t\t\t\t<img decoding=\"async\" src=\"https:\/\/www.miamibeachfl.gov\/wp-content\/uploads\/2022\/07\/icon-mbbiznews.png\" alt=\"icon-mbbiznews\" title=\"ik\u00f2n-mbbiznews\" itemprop=\"image\"\/>\n\t\t<h3>D\u00e8nye Nouv\u00e8l yo<\/h3>\t\t\t\n\t\t\t\t<p>Browse bilten biznis nou yo ak atik enp\u00f2tan yo pou d\u00e8nye enf\u00f2masyon ak resous ki disponib pou kominote biznis nou an.\u00a0<\/p>\n\t<a href=\"\/ht\/business\/whymb\/dashboard\/\" target=\"_self\"  aria-label=\"Ale nan \/business\/whymb\/dashboard\/\"><\/a>\n\t\t\t\t<img decoding=\"async\" src=\"https:\/\/www.miamibeachfl.gov\/wp-content\/uploads\/2022\/07\/icon-bizincentives.png\" alt=\"icon-bizincentives\" title=\"ik\u00f2n-ankourajman biznis\" itemprop=\"image\"\/>\n\t\t<h3>Resous Biznis<\/h3>\t\t\t\n\t\t\t\t<p>Zouti pou ede ou konprann d\u00e8nye endikat\u00e8 biznis yo, demografik yo, ak tandans endistri yo nan Vil Miami Beach.<\/p>\n\t<a href=\"\/ht\/business\/doing-business-with-mb\/mbbiz-events\/\" target=\"_self\"  aria-label=\"Ale nan \/biznis\/f\u00e8-biznis-ak-mb\/mbbiz-events\/\"><\/a>\n\t\t\t\t<img decoding=\"async\" src=\"https:\/\/www.miamibeachfl.gov\/wp-content\/uploads\/2022\/07\/icon-mbbicalendarincircle-2.png\" alt=\"icon-mbbicalendarincircle\" title=\"ik\u00f2n-mbbicalendarincircle\" itemprop=\"image\"\/>\n\t\t<h3>Ev\u00e8nman kap vini yo<\/h3>\t\t\t\n\t\t\t\t<p>Gade ev\u00e8nman kap vini yo.<\/p>\n\t\t<h3><a href=\"tel:3056737572\"  target=\"_self\">\t\n\t305.673.7572<\/a><\/h3>\t\n\t\t<h3><a href=\"mailto:mbbiz@miamibeachfl.gov\"  target=\"_self\">\t\n\tmbbiz@miamibeachfl.gov<\/a><\/h3>\t\n\t\t<h3><a href=\"\/ht\/business\/\"  target=\"_blank\"  rel=\"noopener\">\t\n\twww.MBBiz.com<\/a><\/h3>\t\n\t\t<h2>Ab\u00f2ne ak bilten MBBiz la<\/h2>\n\t\t\t\t<p>Resevwa resous ak d\u00e8nye enf\u00f2masyon nan men Depatman Devlopman Ekonomik la dir\u00e8kteman sou telef\u00f2n ou.<\/p>\n\t\t\t<a href=\"\/ht\/mbbiznews\/\" title=\"Klike la a\" target=\"_self\"   role=\"button\" aria-label=\"Ab\u00f2ne Kounye a\">\n\t\t\t\t\t\t\t\t\t\t\tAb\u00f2ne Kounye a\n\t\t<\/a>","protected":false},"excerpt":{"rendered":"<p>Community Development Actively engaged residents, friendly neighborhoods and dynamic, forward-thinking community organizations all make Miami Beach a great place to [&hellip;]<\/p>\n","protected":false},"author":222,"featured_media":0,"parent":196910,"menu_order":0,"comment_status":"closed","ping_status":"closed","template":"","meta":{"_searchwp_excluded":"","site-sidebar-layout":"default","site-content-layout":"","ast-site-content-layout":"default","site-content-style":"default","site-sidebar-style":"default","ast-global-header-display":"","ast-banner-title-visibility":"","ast-main-header-display":"","ast-hfb-above-header-display":"","ast-hfb-below-header-display":"","ast-hfb-mobile-header-display":"","site-post-title":"","ast-breadcrumbs-content":"","ast-featured-img":"","footer-sml-layout":"","theme-transparent-header-meta":"","adv-header-id-meta":"","stick-header-meta":"","header-above-stick-meta":"","header-main-stick-meta":"","header-below-stick-meta":"","astra-migrate-meta-layouts":"default","ast-page-background-enabled":"default","ast-page-background-meta":{"desktop":{"background-color":"var(--ast-global-color-5)","background-image":"","background-repeat":"repeat","background-position":"center center","background-size":"auto","background-attachment":"scroll","background-type":"","background-media":"","overlay-type":"","overlay-color":"","overlay-opacity":"","overlay-gradient":""},"tablet":{"background-color":"","background-image":"","background-repeat":"repeat","background-position":"center center","background-size":"auto","background-attachment":"scroll","background-type":"","background-media":"","overlay-type":"","overlay-color":"","overlay-opacity":"","overlay-gradient":""},"mobile":{"background-color":"","background-image":"","background-repeat":"repeat","background-position":"center center","background-size":"auto","background-attachment":"scroll","background-type":"","background-media":"","overlay-type":"","overlay-color":"","overlay-opacity":"","overlay-gradient":""}},"ast-content-background-meta":{"desktop":{"background-color":"var(--ast-global-color-4)","background-image":"","background-repeat":"repeat","background-position":"center center","background-size":"auto","background-attachment":"scroll","background-type":"","background-media":"","overlay-type":"","overlay-color":"","overlay-opacity":"","overlay-gradient":""},"tablet":{"background-color":"var(--ast-global-color-4)","background-image":"","background-repeat":"repeat","background-position":"center center","background-size":"auto","background-attachment":"scroll","background-type":"","background-media":"","overlay-type":"","overlay-color":"","overlay-opacity":"","overlay-gradient":""},"mobile":{"background-color":"var(--ast-global-color-4)","background-image":"","background-repeat":"repeat","background-position":"center center","background-size":"auto","background-attachment":"scroll","background-type":"","background-media":"","overlay-type":"","overlay-color":"","overlay-opacity":"","overlay-gradient":""}},"footnotes":""},"categories":[],"tags":[],"class_list":["post-197442","page","type-page","status-publish","hentry"],"yoast_head":"<!-- This site is optimized with the Yoast SEO Premium plugin v27.4 (Yoast SEO v27.4) - https:\/\/yoast.com\/product\/yoast-seo-premium-wordpress\/ -->\n<title>MB Community - City of Miami Beach<\/title>\n<meta name=\"description\" content=\"%\" \/>\n<meta name=\"robots\" content=\"index, follow, max-snippet:-1, max-image-preview:large, max-video-preview:-1\" \/>\n<link rel=\"canonical\" href=\"https:\/\/www.miamibeachfl.gov\/ht\/business\/mb-community\/\" \/>\n<meta property=\"og:locale\" content=\"ht_HT\" \/>\n<meta property=\"og:type\" content=\"article\" \/>\n<meta property=\"og:title\" content=\"MB Community\" \/>\n<meta property=\"og:description\" content=\"%\" \/>\n<meta property=\"og:url\" content=\"https:\/\/www.miamibeachfl.gov\/ht\/business\/mb-community\/\" \/>\n<meta property=\"og:site_name\" content=\"City of Miami Beach\" \/>\n<meta property=\"article:publisher\" content=\"https:\/\/www.facebook.com\/cityofmiamibeach\" \/>\n<meta property=\"article:modified_time\" content=\"2026-01-15T16:04:23+00:00\" \/>\n<meta property=\"og:image\" content=\"https:\/\/www.miamibeachfl.gov\/wp-content\/uploads\/bb-plugin\/cache\/espanolaway-square.jpg\" \/>\n<meta name=\"twitter:card\" content=\"summary_large_image\" \/>\n<meta name=\"twitter:site\" content=\"@Miamibeachnews\" \/>\n<script type=\"application\/ld+json\" class=\"yoast-schema-graph\">{\"@context\":\"https:\\\/\\\/schema.org\",\"@graph\":[{\"@type\":\"WebPage\",\"@id\":\"https:\\\/\\\/www.miamibeachfl.gov\\\/business\\\/mb-community\\\/\",\"url\":\"https:\\\/\\\/www.miamibeachfl.gov\\\/business\\\/mb-community\\\/\",\"name\":\"MB Community - City of Miami Beach\",\"isPartOf\":{\"@id\":\"https:\\\/\\\/www.miamibeachfl.gov\\\/#website\"},\"primaryImageOfPage\":{\"@id\":\"https:\\\/\\\/www.miamibeachfl.gov\\\/business\\\/mb-community\\\/#primaryimage\"},\"image\":{\"@id\":\"https:\\\/\\\/www.miamibeachfl.gov\\\/business\\\/mb-community\\\/#primaryimage\"},\"thumbnailUrl\":\"https:\\\/\\\/www.miamibeachfl.gov\\\/wp-content\\\/uploads\\\/bb-plugin\\\/cache\\\/espanolaway-square.jpg\",\"datePublished\":\"2022-07-13T13:03:00+00:00\",\"dateModified\":\"2026-01-15T16:04:23+00:00\",\"description\":\"%\",\"breadcrumb\":{\"@id\":\"https:\\\/\\\/www.miamibeachfl.gov\\\/business\\\/mb-community\\\/#breadcrumb\"},\"inLanguage\":\"ht\",\"potentialAction\":[{\"@type\":\"ReadAction\",\"target\":[\"https:\\\/\\\/www.miamibeachfl.gov\\\/business\\\/mb-community\\\/\"]}]},{\"@type\":\"ImageObject\",\"inLanguage\":\"ht\",\"@id\":\"https:\\\/\\\/www.miamibeachfl.gov\\\/business\\\/mb-community\\\/#primaryimage\",\"url\":\"https:\\\/\\\/www.miamibeachfl.gov\\\/wp-content\\\/uploads\\\/bb-plugin\\\/cache\\\/espanolaway-square.jpg\",\"contentUrl\":\"https:\\\/\\\/www.miamibeachfl.gov\\\/wp-content\\\/uploads\\\/bb-plugin\\\/cache\\\/espanolaway-square.jpg\"},{\"@type\":\"BreadcrumbList\",\"@id\":\"https:\\\/\\\/www.miamibeachfl.gov\\\/business\\\/mb-community\\\/#breadcrumb\",\"itemListElement\":[{\"@type\":\"ListItem\",\"position\":1,\"name\":\"Home\",\"item\":\"https:\\\/\\\/www.miamibeachfl.gov\\\/\"},{\"@type\":\"ListItem\",\"position\":2,\"name\":\"Business\",\"item\":\"https:\\\/\\\/www.miamibeachfl.gov\\\/business\\\/\"},{\"@type\":\"ListItem\",\"position\":3,\"name\":\"MB Community\"}]},{\"@type\":\"WebSite\",\"@id\":\"https:\\\/\\\/www.miamibeachfl.gov\\\/#website\",\"url\":\"https:\\\/\\\/www.miamibeachfl.gov\\\/\",\"name\":\"City of Miami Beach\",\"description\":\"The official website of the City of Miami Beach. Stay informed, find important information on city services, news, alerts, events, trolley routes, government employment and more.\",\"publisher\":{\"@id\":\"https:\\\/\\\/www.miamibeachfl.gov\\\/#organization\"},\"potentialAction\":[{\"@type\":\"SearchAction\",\"target\":{\"@type\":\"EntryPoint\",\"urlTemplate\":\"https:\\\/\\\/www.miamibeachfl.gov\\\/?s={search_term_string}\"},\"query-input\":{\"@type\":\"PropertyValueSpecification\",\"valueRequired\":true,\"valueName\":\"search_term_string\"}}],\"inLanguage\":\"ht\"},{\"@type\":\"Organization\",\"@id\":\"https:\\\/\\\/www.miamibeachfl.gov\\\/#organization\",\"name\":\"City of Miami Beach\",\"url\":\"https:\\\/\\\/www.miamibeachfl.gov\\\/\",\"logo\":{\"@type\":\"ImageObject\",\"inLanguage\":\"ht\",\"@id\":\"https:\\\/\\\/www.miamibeachfl.gov\\\/#\\\/schema\\\/logo\\\/image\\\/\",\"url\":\"https:\\\/\\\/www.miamibeachfl.gov\\\/wp-content\\\/uploads\\\/2022\\\/06\\\/miamibeach-logoblue.png\",\"contentUrl\":\"https:\\\/\\\/www.miamibeachfl.gov\\\/wp-content\\\/uploads\\\/2022\\\/06\\\/miamibeach-logoblue.png\",\"width\":1962,\"height\":381,\"caption\":\"City of Miami Beach\"},\"image\":{\"@id\":\"https:\\\/\\\/www.miamibeachfl.gov\\\/#\\\/schema\\\/logo\\\/image\\\/\"},\"sameAs\":[\"https:\\\/\\\/www.facebook.com\\\/cityofmiamibeach\",\"https:\\\/\\\/x.com\\\/Miamibeachnews\",\"https:\\\/\\\/www.instagram.com\\\/miamibeachnews\\\/\"],\"description\":\"The official website of the City of Miami Beach. Stay informed, find important information on city services, news, alerts, events, trolley routes, government employment and more.\",\"telephone\":\"305.604.CITY(2489)\",\"legalName\":\"City of Miami Beach\"}]}<\/script>\n<!-- \/ Yoast SEO Premium plugin. -->","yoast_head_json":{"title":"Kominote MB - Vil Miami Beach","description":"%","robots":{"index":"index","follow":"follow","max-snippet":"max-snippet:-1","max-image-preview":"max-image-preview:large","max-video-preview":"max-video-preview:-1"},"canonical":"https:\/\/www.miamibeachfl.gov\/ht\/business\/mb-community\/","og_locale":"ht_HT","og_type":"article","og_title":"MB Community","og_description":"%","og_url":"https:\/\/www.miamibeachfl.gov\/ht\/business\/mb-community\/","og_site_name":"City of Miami Beach","article_publisher":"https:\/\/www.facebook.com\/cityofmiamibeach","article_modified_time":"2026-01-15T16:04:23+00:00","og_image":[{"url":"https:\/\/www.miamibeachfl.gov\/wp-content\/uploads\/bb-plugin\/cache\/espanolaway-square.jpg","type":"","width":"","height":""}],"twitter_card":"summary_large_image","twitter_site":"@Miamibeachnews","schema":{"@context":"https:\/\/schema.org","@graph":[{"@type":"WebPage","@id":"https:\/\/www.miamibeachfl.gov\/business\/mb-community\/","url":"https:\/\/www.miamibeachfl.gov\/business\/mb-community\/","name":"Kominote MB - Vil Miami Beach","isPartOf":{"@id":"https:\/\/www.miamibeachfl.gov\/#website"},"primaryImageOfPage":{"@id":"https:\/\/www.miamibeachfl.gov\/business\/mb-community\/#primaryimage"},"image":{"@id":"https:\/\/www.miamibeachfl.gov\/business\/mb-community\/#primaryimage"},"thumbnailUrl":"https:\/\/www.miamibeachfl.gov\/wp-content\/uploads\/bb-plugin\/cache\/espanolaway-square.jpg","datePublished":"2022-07-13T13:03:00+00:00","dateModified":"2026-01-15T16:04:23+00:00","description":"%","breadcrumb":{"@id":"https:\/\/www.miamibeachfl.gov\/business\/mb-community\/#breadcrumb"},"inLanguage":"ht","potentialAction":[{"@type":"ReadAction","target":["https:\/\/www.miamibeachfl.gov\/business\/mb-community\/"]}]},{"@type":"ImageObject","inLanguage":"ht","@id":"https:\/\/www.miamibeachfl.gov\/business\/mb-community\/#primaryimage","url":"https:\/\/www.miamibeachfl.gov\/wp-content\/uploads\/bb-plugin\/cache\/espanolaway-square.jpg","contentUrl":"https:\/\/www.miamibeachfl.gov\/wp-content\/uploads\/bb-plugin\/cache\/espanolaway-square.jpg"},{"@type":"BreadcrumbList","@id":"https:\/\/www.miamibeachfl.gov\/business\/mb-community\/#breadcrumb","itemListElement":[{"@type":"ListItem","position":1,"name":"Home","item":"https:\/\/www.miamibeachfl.gov\/"},{"@type":"ListItem","position":2,"name":"Business","item":"https:\/\/www.miamibeachfl.gov\/business\/"},{"@type":"ListItem","position":3,"name":"MB Community"}]},{"@type":"WebSite","@id":"https:\/\/www.miamibeachfl.gov\/#website","url":"https:\/\/www.miamibeachfl.gov\/","name":"Vil Miami Beach","description":"Sitw\u00e8b ofisy\u00e8l Vil Miami Beach la. Rete enf\u00f2me, jwenn enf\u00f2masyon enp\u00f2tan sou s\u00e8vis vil la, nouv\u00e8l, al\u00e8t, ev\u00e8nman, wout tramway, travay gouv\u00e8nman an ak plis ank\u00f2.","publisher":{"@id":"https:\/\/www.miamibeachfl.gov\/#organization"},"potentialAction":[{"@type":"SearchAction","target":{"@type":"EntryPoint","urlTemplate":"https:\/\/www.miamibeachfl.gov\/?s={search_term_string}"},"query-input":{"@type":"PropertyValueSpecification","valueRequired":true,"valueName":"search_term_string"}}],"inLanguage":"ht"},{"@type":"Organization","@id":"https:\/\/www.miamibeachfl.gov\/#organization","name":"Vil Miami Beach","url":"https:\/\/www.miamibeachfl.gov\/","logo":{"@type":"ImageObject","inLanguage":"ht","@id":"https:\/\/www.miamibeachfl.gov\/#\/schema\/logo\/image\/","url":"https:\/\/www.miamibeachfl.gov\/wp-content\/uploads\/2022\/06\/miamibeach-logoblue.png","contentUrl":"https:\/\/www.miamibeachfl.gov\/wp-content\/uploads\/2022\/06\/miamibeach-logoblue.png","width":1962,"height":381,"caption":"City of Miami Beach"},"image":{"@id":"https:\/\/www.miamibeachfl.gov\/#\/schema\/logo\/image\/"},"sameAs":["https:\/\/www.facebook.com\/cityofmiamibeach","https:\/\/x.com\/Miamibeachnews","https:\/\/www.instagram.com\/miamibeachnews\/"],"description":"Sitw\u00e8b ofisy\u00e8l Vil Miami Beach la. Rete enf\u00f2me, jwenn enf\u00f2masyon enp\u00f2tan sou s\u00e8vis vil la, nouv\u00e8l, al\u00e8t, ev\u00e8nman, wout tramway, travay gouv\u00e8nman an ak plis ank\u00f2.","telephone":"305.604.CITY(2489)","legalName":"City of Miami Beach"}]}},"_links":{"self":[{"href":"https:\/\/www.miamibeachfl.gov\/ht\/wp-json\/wp\/v2\/pages\/197442","targetHints":{"allow":["GET"]}}],"collection":[{"href":"https:\/\/www.miamibeachfl.gov\/ht\/wp-json\/wp\/v2\/pages"}],"about":[{"href":"https:\/\/www.miamibeachfl.gov\/ht\/wp-json\/wp\/v2\/types\/page"}],"author":[{"embeddable":true,"href":"https:\/\/www.miamibeachfl.gov\/ht\/wp-json\/wp\/v2\/users\/222"}],"replies":[{"embeddable":true,"href":"https:\/\/www.miamibeachfl.gov\/ht\/wp-json\/wp\/v2\/comments?post=197442"}],"version-history":[{"count":5,"href":"https:\/\/www.miamibeachfl.gov\/ht\/wp-json\/wp\/v2\/pages\/197442\/revisions"}],"predecessor-version":[{"id":395096,"href":"https:\/\/www.miamibeachfl.gov\/ht\/wp-json\/wp\/v2\/pages\/197442\/revisions\/395096"}],"up":[{"embeddable":true,"href":"https:\/\/www.miamibeachfl.gov\/ht\/wp-json\/wp\/v2\/pages\/196910"}],"wp:attachment":[{"href":"https:\/\/www.miamibeachfl.gov\/ht\/wp-json\/wp\/v2\/media?parent=197442"}],"wp:term":[{"taxonomy":"category","embeddable":true,"href":"https:\/\/www.miamibeachfl.gov\/ht\/wp-json\/wp\/v2\/categories?post=197442"},{"taxonomy":"post_tag","embeddable":true,"href":"https:\/\/www.miamibeachfl.gov\/ht\/wp-json\/wp\/v2\/tags?post=197442"}],"curies":[{"name":"wp","href":"https:\/\/api.w.org\/{rel}","templated":true}]}}