{"id":197444,"date":"2022-07-13T09:03:33","date_gmt":"2022-07-13T13:03:33","guid":{"rendered":"https:\/\/www.miamibeachfl.gov\/?page_id=197444"},"modified":"2025-12-30T10:03:31","modified_gmt":"2025-12-30T15:03:31","slug":"mbprojects","status":"publish","type":"page","link":"https:\/\/www.miamibeachfl.gov\/ht\/business\/mbprojects\/","title":{"rendered":"Pwoj\u00e8 MB yo"},"content":{"rendered":"<h1>\n\t\t\tEksplore Pwoj\u00e8 yo\t<\/h1>\n<h2>\n\t\t\tMiami Beach ofri envestisman san par\u00e8y nan enfrastrikti pou amelyore kalite lavi a, ki bay priyorite a pwoj\u00e8 dirabilite ak rezilyans ki neses\u00e8 pou satisf\u00e8 demand s\u00e8vis rezidan yo ak vizit\u00e8 yo.\t<\/h2>\n<h3>\n\t\t\tPwogram Obligasyon Jeneral la ap revitalize espas piblik yo, estrikti piblik yo ak sekirite piblik la atrav\u00e8 57 pwoj\u00e8 amelyorasyon separe ki pral gen yon enpak pozitif sou kalite lavi, sante ekonomik ak rezistans jeneral nan Miami Beach.\t<\/h3>\n\t\t\t<a href=\"https:\/\/www.gombinfo.com\/%20\" target=\"_blank\" rel=\"noopener\">\n\t\t\t\t\t\t\tgobondinfo.com\n\t\t\t\t\t<\/a>\n\t\t\t<a href=\"https:\/\/www.gombinfo.com\/project-dashboard\/\" target=\"_blank\" rel=\"noopener\">\n\t\t\t\t\t\t\tEksplore tablodb\u00f2 pwoj\u00e8 yo\n\t\t\t\t\t<\/a>\n\t\t\t<a href=\"https:\/\/www.gombinfo.com\/news\/\" target=\"_blank\" rel=\"noopener\">\n\t\t\t\t\t\t\tBrowse News Annonces\n\t\t\t\t\t<\/a>\n\t\t\t<a href=\"https:\/\/www.gombinfo.com\/events\/\" target=\"_blank\" rel=\"noopener\">\n\t\t\t\t\t\t\tGade Ev\u00e8nman ak Reyinyon yo\n\t\t\t\t\t<\/a>\n\t<p>Miami Beach toujou jere pwoj\u00e8 nan faz planifikasyon, konsepsyon ak\/oswa konstriksyon grasa ef\u00f2 kow\u00f2done plizy\u00e8 depatman tankou...<\/p>\n\t<a href=\"https:\/\/www.miamibeachfl.gov\/ht\/city-hall\/cip\/\" target=\"_self\"  aria-label=\"Ale sou https:\/\/www.miamibeachfl.gov\/city-hall\/cip\/\"><\/a>\n\t\t<h3>Biwo Pwoj\u00e8 Amelyorasyon Kapital (CIP)<\/h3>\t\t\t\n\t\t\t\t<p>Konsolide ef\u00f2 konstriksyon kapital vil la nan yon s\u00e8l antite ki s\u00e8vi k\u00f2m yon pwen santral pou aktivite planifikasyon ak jesyon pwogram konstriksyon an kow\u00f2done av\u00e8k Depatman Travay Piblik la sou konsepsyon ak enstalasyon enfrastrikti.<\/p>\n\t<a href=\"https:\/\/www.miamibeachfl.gov\/ht\/city-hall\/public-works\/\" target=\"_self\"  aria-label=\"Ale sou https:\/\/www.miamibeachfl.gov\/city-hall\/public-works\/\"><\/a>\n\t\t<h3>Travay Piblik yo <br \/>Depatman (PWD)<\/h3>\t\t\t\n\t\t\t\t<p>Antretyen enfrastrikti vil la l\u00e8 li asire konsepsyon, antretyen, fonksyonalite, livrezon ak pw\u00f2pte s\u00e8vis ak resous dlo, wout ak chemen v\u00e8t Vil la ki avanse teknolojikman.<\/p>\n\t<a href=\"https:\/\/www.miamibeachfl.gov\/ht\/city-hall\/environmental-sustainability\/\" target=\"_self\"  aria-label=\"Ale sou https:\/\/www.miamibeachfl.gov\/city-hall\/environmental-sustainability\/\"><\/a>\n\t\t<h3>Depatman Anviw\u00f2nman ak Dirablite<\/h3>\t\t\t\n\t\t\t\t<p>Ly\u00e8zon ant vil la ak l\u00f2t ajans gouv\u00e8nman yo pou pwobl\u00e8m ak r\u00e8gleman anviw\u00f2nman yo, pou asire tout pwoj\u00e8 piblik yo evite, minimize, epi diminye enpak anviw\u00f2nman yo yon fason estratejik, tout pandan y ap amelyore anviw\u00f2nman natir\u00e8l la ak rezistans li.<\/p>\n\t<a href=\"\/ht\/spotlight\/\" target=\"_self\"  aria-label=\"Ale nan \/spotlight\/\"><\/a>\n\t\t\t\t<img decoding=\"async\" src=\"https:\/\/www.miamibeachfl.gov\/wp-content\/uploads\/2022\/07\/icon-mbbiznews.png\" alt=\"icon-mbbiznews\" title=\"ik\u00f2n-mbbiznews\" itemprop=\"image\"\/>\n\t\t<h3>D\u00e8nye Nouv\u00e8l yo<\/h3>\t\t\t\n\t\t\t\t<p>Browse bilten biznis nou yo ak atik enp\u00f2tan yo pou d\u00e8nye enf\u00f2masyon ak resous ki disponib pou kominote biznis nou an.\u00a0<\/p>\n\t<a href=\"\/ht\/business\/whymb\/dashboard\/\" target=\"_self\"  aria-label=\"Ale nan \/business\/whymb\/dashboard\/\"><\/a>\n\t\t\t\t<img decoding=\"async\" src=\"https:\/\/www.miamibeachfl.gov\/wp-content\/uploads\/2022\/07\/icon-bizincentives.png\" alt=\"icon-bizincentives\" title=\"ik\u00f2n-ankourajman biznis\" itemprop=\"image\"\/>\n\t\t<h3>Resous Biznis<\/h3>\t\t\t\n\t\t\t\t<p>Zouti pou ede ou konprann d\u00e8nye endikat\u00e8 biznis yo, demografik yo, ak tandans endistri yo nan Vil Miami Beach.<\/p>\n\t<a href=\"\/ht\/business\/doing-business-with-mb\/mbbiz-events\/\" target=\"_self\"  aria-label=\"Ale nan \/biznis\/f\u00e8-biznis-ak-mb\/mbbiz-events\/\"><\/a>\n\t\t\t\t<img decoding=\"async\" src=\"https:\/\/www.miamibeachfl.gov\/wp-content\/uploads\/2022\/07\/icon-mbbicalendarincircle-2.png\" alt=\"icon-mbbicalendarincircle\" title=\"ik\u00f2n-mbbicalendarincircle\" itemprop=\"image\"\/>\n\t\t<h3>Ev\u00e8nman kap vini yo<\/h3>\t\t\t\n\t\t\t\t<p>Gade ev\u00e8nman kap vini yo.<\/p>\n\t\t<h3><a href=\"tel:3056737572\"  target=\"_self\">\t\n\t305.673.7572<\/a><\/h3>\t\n\t\t<h3><a href=\"mailto:mbbiz@miamibeachfl.gov\"  target=\"_self\">\t\n\tmbbiz@miamibeachfl.gov<\/a><\/h3>\t\n\t\t<h3><a href=\"\/ht\/business\/\"  target=\"_blank\"  rel=\"noopener\">\t\n\twww.MBBiz.com<\/a><\/h3>\t\n\t\t<h2>Ab\u00f2ne ak bilten MBBiz la<\/h2>\n\t\t\t\t<p>Resevwa resous ak d\u00e8nye enf\u00f2masyon nan men Depatman Devlopman Ekonomik la dir\u00e8kteman sou telef\u00f2n ou.<\/p>\n\t\t\t<a href=\"\/ht\/mbbiznews\/\" title=\"Klike la a\" target=\"_self\"   role=\"button\" aria-label=\"Ab\u00f2ne Kounye a\">\n\t\t\t\t\t\t\t\t\t\t\tAb\u00f2ne Kounye a\n\t\t<\/a>","protected":false},"excerpt":{"rendered":"<p>Explore Projects Miami Beach offers unparalleled investments in quality-of-life infrastructure prioritizing the sustainability and resiliency projects necessary to meet the [&hellip;]<\/p>\n","protected":false},"author":222,"featured_media":0,"parent":196910,"menu_order":0,"comment_status":"closed","ping_status":"closed","template":"","meta":{"_searchwp_excluded":"","site-sidebar-layout":"default","site-content-layout":"","ast-site-content-layout":"default","site-content-style":"default","site-sidebar-style":"default","ast-global-header-display":"","ast-banner-title-visibility":"","ast-main-header-display":"","ast-hfb-above-header-display":"","ast-hfb-below-header-display":"","ast-hfb-mobile-header-display":"","site-post-title":"","ast-breadcrumbs-content":"","ast-featured-img":"","footer-sml-layout":"","theme-transparent-header-meta":"","adv-header-id-meta":"","stick-header-meta":"","header-above-stick-meta":"","header-main-stick-meta":"","header-below-stick-meta":"","astra-migrate-meta-layouts":"default","ast-page-background-enabled":"default","ast-page-background-meta":{"desktop":{"background-color":"var(--ast-global-color-5)","background-image":"","background-repeat":"repeat","background-position":"center center","background-size":"auto","background-attachment":"scroll","background-type":"","background-media":"","overlay-type":"","overlay-color":"","overlay-opacity":"","overlay-gradient":""},"tablet":{"background-color":"","background-image":"","background-repeat":"repeat","background-position":"center center","background-size":"auto","background-attachment":"scroll","background-type":"","background-media":"","overlay-type":"","overlay-color":"","overlay-opacity":"","overlay-gradient":""},"mobile":{"background-color":"","background-image":"","background-repeat":"repeat","background-position":"center center","background-size":"auto","background-attachment":"scroll","background-type":"","background-media":"","overlay-type":"","overlay-color":"","overlay-opacity":"","overlay-gradient":""}},"ast-content-background-meta":{"desktop":{"background-color":"var(--ast-global-color-4)","background-image":"","background-repeat":"repeat","background-position":"center center","background-size":"auto","background-attachment":"scroll","background-type":"","background-media":"","overlay-type":"","overlay-color":"","overlay-opacity":"","overlay-gradient":""},"tablet":{"background-color":"var(--ast-global-color-4)","background-image":"","background-repeat":"repeat","background-position":"center center","background-size":"auto","background-attachment":"scroll","background-type":"","background-media":"","overlay-type":"","overlay-color":"","overlay-opacity":"","overlay-gradient":""},"mobile":{"background-color":"var(--ast-global-color-4)","background-image":"","background-repeat":"repeat","background-position":"center center","background-size":"auto","background-attachment":"scroll","background-type":"","background-media":"","overlay-type":"","overlay-color":"","overlay-opacity":"","overlay-gradient":""}},"footnotes":""},"categories":[],"tags":[],"class_list":["post-197444","page","type-page","status-publish","hentry"],"yoast_head":"<!-- This site is optimized with the Yoast SEO Premium plugin v27.4 (Yoast SEO v27.4) - https:\/\/yoast.com\/product\/yoast-seo-premium-wordpress\/ -->\n<title>MB Projects - City of Miami Beach<\/title>\n<meta name=\"description\" content=\"%\" \/>\n<meta name=\"robots\" content=\"index, follow, max-snippet:-1, max-image-preview:large, max-video-preview:-1\" \/>\n<link rel=\"canonical\" href=\"https:\/\/www.miamibeachfl.gov\/ht\/business\/mbprojects\/\" \/>\n<meta property=\"og:locale\" content=\"ht_HT\" \/>\n<meta property=\"og:type\" content=\"article\" \/>\n<meta property=\"og:title\" content=\"MB Projects\" \/>\n<meta property=\"og:description\" content=\"%\" \/>\n<meta property=\"og:url\" content=\"https:\/\/www.miamibeachfl.gov\/ht\/business\/mbprojects\/\" \/>\n<meta property=\"og:site_name\" content=\"City of Miami Beach\" \/>\n<meta property=\"article:publisher\" content=\"https:\/\/www.facebook.com\/cityofmiamibeach\" \/>\n<meta property=\"article:modified_time\" content=\"2025-12-30T15:03:31+00:00\" \/>\n<meta property=\"og:image\" content=\"https:\/\/www.miamibeachfl.gov\/wp-content\/uploads\/2022\/07\/icon-mbbiznews.png\" \/>\n<meta name=\"twitter:card\" content=\"summary_large_image\" \/>\n<meta name=\"twitter:site\" content=\"@Miamibeachnews\" \/>\n<script type=\"application\/ld+json\" class=\"yoast-schema-graph\">{\"@context\":\"https:\\\/\\\/schema.org\",\"@graph\":[{\"@type\":\"WebPage\",\"@id\":\"https:\\\/\\\/www.miamibeachfl.gov\\\/business\\\/mbprojects\\\/\",\"url\":\"https:\\\/\\\/www.miamibeachfl.gov\\\/business\\\/mbprojects\\\/\",\"name\":\"MB Projects - City of Miami Beach\",\"isPartOf\":{\"@id\":\"https:\\\/\\\/www.miamibeachfl.gov\\\/#website\"},\"primaryImageOfPage\":{\"@id\":\"https:\\\/\\\/www.miamibeachfl.gov\\\/business\\\/mbprojects\\\/#primaryimage\"},\"image\":{\"@id\":\"https:\\\/\\\/www.miamibeachfl.gov\\\/business\\\/mbprojects\\\/#primaryimage\"},\"thumbnailUrl\":\"https:\\\/\\\/www.miamibeachfl.gov\\\/wp-content\\\/uploads\\\/2022\\\/07\\\/icon-mbbiznews.png\",\"datePublished\":\"2022-07-13T13:03:33+00:00\",\"dateModified\":\"2025-12-30T15:03:31+00:00\",\"description\":\"%\",\"breadcrumb\":{\"@id\":\"https:\\\/\\\/www.miamibeachfl.gov\\\/business\\\/mbprojects\\\/#breadcrumb\"},\"inLanguage\":\"ht\",\"potentialAction\":[{\"@type\":\"ReadAction\",\"target\":[\"https:\\\/\\\/www.miamibeachfl.gov\\\/business\\\/mbprojects\\\/\"]}]},{\"@type\":\"ImageObject\",\"inLanguage\":\"ht\",\"@id\":\"https:\\\/\\\/www.miamibeachfl.gov\\\/business\\\/mbprojects\\\/#primaryimage\",\"url\":\"https:\\\/\\\/www.miamibeachfl.gov\\\/wp-content\\\/uploads\\\/2022\\\/07\\\/icon-mbbiznews.png\",\"contentUrl\":\"https:\\\/\\\/www.miamibeachfl.gov\\\/wp-content\\\/uploads\\\/2022\\\/07\\\/icon-mbbiznews.png\"},{\"@type\":\"BreadcrumbList\",\"@id\":\"https:\\\/\\\/www.miamibeachfl.gov\\\/business\\\/mbprojects\\\/#breadcrumb\",\"itemListElement\":[{\"@type\":\"ListItem\",\"position\":1,\"name\":\"Home\",\"item\":\"https:\\\/\\\/www.miamibeachfl.gov\\\/\"},{\"@type\":\"ListItem\",\"position\":2,\"name\":\"Business\",\"item\":\"https:\\\/\\\/www.miamibeachfl.gov\\\/business\\\/\"},{\"@type\":\"ListItem\",\"position\":3,\"name\":\"MB Projects\"}]},{\"@type\":\"WebSite\",\"@id\":\"https:\\\/\\\/www.miamibeachfl.gov\\\/#website\",\"url\":\"https:\\\/\\\/www.miamibeachfl.gov\\\/\",\"name\":\"City of Miami Beach\",\"description\":\"The official website of the City of Miami Beach. Stay informed, find important information on city services, news, alerts, events, trolley routes, government employment and more.\",\"publisher\":{\"@id\":\"https:\\\/\\\/www.miamibeachfl.gov\\\/#organization\"},\"potentialAction\":[{\"@type\":\"SearchAction\",\"target\":{\"@type\":\"EntryPoint\",\"urlTemplate\":\"https:\\\/\\\/www.miamibeachfl.gov\\\/?s={search_term_string}\"},\"query-input\":{\"@type\":\"PropertyValueSpecification\",\"valueRequired\":true,\"valueName\":\"search_term_string\"}}],\"inLanguage\":\"ht\"},{\"@type\":\"Organization\",\"@id\":\"https:\\\/\\\/www.miamibeachfl.gov\\\/#organization\",\"name\":\"City of Miami Beach\",\"url\":\"https:\\\/\\\/www.miamibeachfl.gov\\\/\",\"logo\":{\"@type\":\"ImageObject\",\"inLanguage\":\"ht\",\"@id\":\"https:\\\/\\\/www.miamibeachfl.gov\\\/#\\\/schema\\\/logo\\\/image\\\/\",\"url\":\"https:\\\/\\\/www.miamibeachfl.gov\\\/wp-content\\\/uploads\\\/2022\\\/06\\\/miamibeach-logoblue.png\",\"contentUrl\":\"https:\\\/\\\/www.miamibeachfl.gov\\\/wp-content\\\/uploads\\\/2022\\\/06\\\/miamibeach-logoblue.png\",\"width\":1962,\"height\":381,\"caption\":\"City of Miami Beach\"},\"image\":{\"@id\":\"https:\\\/\\\/www.miamibeachfl.gov\\\/#\\\/schema\\\/logo\\\/image\\\/\"},\"sameAs\":[\"https:\\\/\\\/www.facebook.com\\\/cityofmiamibeach\",\"https:\\\/\\\/x.com\\\/Miamibeachnews\",\"https:\\\/\\\/www.instagram.com\\\/miamibeachnews\\\/\"],\"description\":\"The official website of the City of Miami Beach. Stay informed, find important information on city services, news, alerts, events, trolley routes, government employment and more.\",\"telephone\":\"305.604.CITY(2489)\",\"legalName\":\"City of Miami Beach\"}]}<\/script>\n<!-- \/ Yoast SEO Premium plugin. -->","yoast_head_json":{"title":"Pwoj\u00e8 MB - Vil Miami Beach","description":"%","robots":{"index":"index","follow":"follow","max-snippet":"max-snippet:-1","max-image-preview":"max-image-preview:large","max-video-preview":"max-video-preview:-1"},"canonical":"https:\/\/www.miamibeachfl.gov\/ht\/business\/mbprojects\/","og_locale":"ht_HT","og_type":"article","og_title":"MB Projects","og_description":"%","og_url":"https:\/\/www.miamibeachfl.gov\/ht\/business\/mbprojects\/","og_site_name":"City of Miami Beach","article_publisher":"https:\/\/www.facebook.com\/cityofmiamibeach","article_modified_time":"2025-12-30T15:03:31+00:00","og_image":[{"url":"https:\/\/www.miamibeachfl.gov\/wp-content\/uploads\/2022\/07\/icon-mbbiznews.png","type":"","width":"","height":""}],"twitter_card":"summary_large_image","twitter_site":"@Miamibeachnews","schema":{"@context":"https:\/\/schema.org","@graph":[{"@type":"WebPage","@id":"https:\/\/www.miamibeachfl.gov\/business\/mbprojects\/","url":"https:\/\/www.miamibeachfl.gov\/business\/mbprojects\/","name":"Pwoj\u00e8 MB - Vil Miami Beach","isPartOf":{"@id":"https:\/\/www.miamibeachfl.gov\/#website"},"primaryImageOfPage":{"@id":"https:\/\/www.miamibeachfl.gov\/business\/mbprojects\/#primaryimage"},"image":{"@id":"https:\/\/www.miamibeachfl.gov\/business\/mbprojects\/#primaryimage"},"thumbnailUrl":"https:\/\/www.miamibeachfl.gov\/wp-content\/uploads\/2022\/07\/icon-mbbiznews.png","datePublished":"2022-07-13T13:03:33+00:00","dateModified":"2025-12-30T15:03:31+00:00","description":"%","breadcrumb":{"@id":"https:\/\/www.miamibeachfl.gov\/business\/mbprojects\/#breadcrumb"},"inLanguage":"ht","potentialAction":[{"@type":"ReadAction","target":["https:\/\/www.miamibeachfl.gov\/business\/mbprojects\/"]}]},{"@type":"ImageObject","inLanguage":"ht","@id":"https:\/\/www.miamibeachfl.gov\/business\/mbprojects\/#primaryimage","url":"https:\/\/www.miamibeachfl.gov\/wp-content\/uploads\/2022\/07\/icon-mbbiznews.png","contentUrl":"https:\/\/www.miamibeachfl.gov\/wp-content\/uploads\/2022\/07\/icon-mbbiznews.png"},{"@type":"BreadcrumbList","@id":"https:\/\/www.miamibeachfl.gov\/business\/mbprojects\/#breadcrumb","itemListElement":[{"@type":"ListItem","position":1,"name":"Home","item":"https:\/\/www.miamibeachfl.gov\/"},{"@type":"ListItem","position":2,"name":"Business","item":"https:\/\/www.miamibeachfl.gov\/business\/"},{"@type":"ListItem","position":3,"name":"MB Projects"}]},{"@type":"WebSite","@id":"https:\/\/www.miamibeachfl.gov\/#website","url":"https:\/\/www.miamibeachfl.gov\/","name":"Vil Miami Beach","description":"Sitw\u00e8b ofisy\u00e8l Vil Miami Beach la. Rete enf\u00f2me, jwenn enf\u00f2masyon enp\u00f2tan sou s\u00e8vis vil la, nouv\u00e8l, al\u00e8t, ev\u00e8nman, wout tramway, travay gouv\u00e8nman an ak plis ank\u00f2.","publisher":{"@id":"https:\/\/www.miamibeachfl.gov\/#organization"},"potentialAction":[{"@type":"SearchAction","target":{"@type":"EntryPoint","urlTemplate":"https:\/\/www.miamibeachfl.gov\/?s={search_term_string}"},"query-input":{"@type":"PropertyValueSpecification","valueRequired":true,"valueName":"search_term_string"}}],"inLanguage":"ht"},{"@type":"Organization","@id":"https:\/\/www.miamibeachfl.gov\/#organization","name":"Vil Miami Beach","url":"https:\/\/www.miamibeachfl.gov\/","logo":{"@type":"ImageObject","inLanguage":"ht","@id":"https:\/\/www.miamibeachfl.gov\/#\/schema\/logo\/image\/","url":"https:\/\/www.miamibeachfl.gov\/wp-content\/uploads\/2022\/06\/miamibeach-logoblue.png","contentUrl":"https:\/\/www.miamibeachfl.gov\/wp-content\/uploads\/2022\/06\/miamibeach-logoblue.png","width":1962,"height":381,"caption":"City of Miami Beach"},"image":{"@id":"https:\/\/www.miamibeachfl.gov\/#\/schema\/logo\/image\/"},"sameAs":["https:\/\/www.facebook.com\/cityofmiamibeach","https:\/\/x.com\/Miamibeachnews","https:\/\/www.instagram.com\/miamibeachnews\/"],"description":"Sitw\u00e8b ofisy\u00e8l Vil Miami Beach la. Rete enf\u00f2me, jwenn enf\u00f2masyon enp\u00f2tan sou s\u00e8vis vil la, nouv\u00e8l, al\u00e8t, ev\u00e8nman, wout tramway, travay gouv\u00e8nman an ak plis ank\u00f2.","telephone":"305.604.CITY(2489)","legalName":"City of Miami Beach"}]}},"_links":{"self":[{"href":"https:\/\/www.miamibeachfl.gov\/ht\/wp-json\/wp\/v2\/pages\/197444","targetHints":{"allow":["GET"]}}],"collection":[{"href":"https:\/\/www.miamibeachfl.gov\/ht\/wp-json\/wp\/v2\/pages"}],"about":[{"href":"https:\/\/www.miamibeachfl.gov\/ht\/wp-json\/wp\/v2\/types\/page"}],"author":[{"embeddable":true,"href":"https:\/\/www.miamibeachfl.gov\/ht\/wp-json\/wp\/v2\/users\/222"}],"replies":[{"embeddable":true,"href":"https:\/\/www.miamibeachfl.gov\/ht\/wp-json\/wp\/v2\/comments?post=197444"}],"version-history":[{"count":2,"href":"https:\/\/www.miamibeachfl.gov\/ht\/wp-json\/wp\/v2\/pages\/197444\/revisions"}],"predecessor-version":[{"id":393929,"href":"https:\/\/www.miamibeachfl.gov\/ht\/wp-json\/wp\/v2\/pages\/197444\/revisions\/393929"}],"up":[{"embeddable":true,"href":"https:\/\/www.miamibeachfl.gov\/ht\/wp-json\/wp\/v2\/pages\/196910"}],"wp:attachment":[{"href":"https:\/\/www.miamibeachfl.gov\/ht\/wp-json\/wp\/v2\/media?parent=197444"}],"wp:term":[{"taxonomy":"category","embeddable":true,"href":"https:\/\/www.miamibeachfl.gov\/ht\/wp-json\/wp\/v2\/categories?post=197444"},{"taxonomy":"post_tag","embeddable":true,"href":"https:\/\/www.miamibeachfl.gov\/ht\/wp-json\/wp\/v2\/tags?post=197444"}],"curies":[{"name":"wp","href":"https:\/\/api.w.org\/{rel}","templated":true}]}}