{"id":198156,"date":"2022-07-19T11:56:34","date_gmt":"2022-07-19T15:56:34","guid":{"rendered":"https:\/\/www.miamibeachfl.gov\/?page_id=198156"},"modified":"2025-06-02T22:02:47","modified_gmt":"2025-06-03T02:02:47","slug":"july-2022-business-spotlight-2-make-a-bold-move","status":"publish","type":"page","link":"https:\/\/www.miamibeachfl.gov\/ht\/spotlight\/july-2022-business-spotlight-2-make-a-bold-move\/","title":{"rendered":"Jiy\u00e8 2022 Anons Spesyal Biznis - F\u00e8 yon Aksyon Fonse"},"content":{"rendered":"<h5>\n\t\t<a href=\"https:\/\/www.miamibeachfl.gov\/ht\/mbbiznews\/\" title=\"Ab\u00f2ne isit la pou resevwa bilten biznis Vil la nan bwat resepsyon ou chak mwa.\"  target=\"_blank\"  rel=\"noopener\">\n\t\t\tAb\u00f2ne isit la pou resevwa bilten biznis Vil la nan bwat resepsyon ou chak mwa.\t\t<\/a>\n\t<\/h5>\n<h5>\n\t\t<a href=\"https:\/\/myemail.constantcontact.com\/Stay-connected-with-MB-Biz--.html?soid=1011085968389&#038;aid=S0mHBwwl4Fs\" title=\"Bilten Biznis\"  target=\"_blank\"  rel=\"noopener\">\n\t\t\tBilten Biznis\t\t<\/a>\n\t<\/h5>\n\t<p><strong>F\u00e8 yon mouvman fonse<\/strong><\/p>\n\t<p>Bilten Biznis Vil Miami Beach la gen yon nouvo aparans! Apre yon analiz maketing ak medya konpl\u00e8 pou atire biznis lokal, rejyonal ak nasyonal, nou fy\u00e8 pou nou devwale li. <strong>F\u00e8 yon mouvman fonse<\/strong>Kanpay la konsantre sou f\u00e8 piblisite pou Miami Beach bay konpayi tout gwos\u00e8 k\u00f2m yon destinasyon prensipal ki reponn a atant k ap evolye nan f\u00f2m vi anplwaye yo ak anplway\u00e8 yo k ap ch\u00e8che yon pi bon balans ant lavi p\u00e8son\u00e8l ak travay.<\/p>\n\t\t\t\t<img decoding=\"async\" src=\"https:\/\/www.miamibeachfl.gov\/wp-content\/uploads\/2022\/07\/Picture1.jpg\" alt=\"Picture1\" itemprop=\"image\" title=\"Foto1\" onerror=\"this.style.display='none'\" loading='lazy' \/>\n\t<p>Nouvo tit jounal nou an se premye etap nan yon pwoj\u00e8 anbisye. <strong>F\u00e8 yon mouvman fonse<\/strong> kanpay. Paj w\u00e8b Depatman Devlopman Ekonomik vil la, MBBiz.com, pral reflete epi adopte nouvo mesaj sa a epi pataje regily\u00e8man enf\u00f2masyon sou sa Miami Beach ap f\u00e8 pou atire biznis ak travay ki pi byen peye atrav\u00e8 f\u00f2m vi ki pi fleksib ak ekilibre vil la.<\/p>\n<p>Imaj ak mesaj ki d\u00e8y\u00e8 a <strong>F\u00e8 yon mouvman fonse<\/strong> pral f\u00e8 ef\u00f2 pou enfliyanse biznis yo ak kontni ki gen anbisyon ak ki ka f\u00e8 moun sonje, ki mete Miami Beach k\u00f2m yon destinasyon biznis ki pi bon nan kategori li. Kanpay la gen pou objaktif pou atire plis ekspansyon biznis sou t\u00e8 pwensipal nou yo epi ranf\u00f2se p\u00f2tfolyo pwogram ankourajman Miami Beach yo an jeneral, ki kontinye kreye, ankouraje ak nouri op\u00f2tinite biznis.<\/p>\n\t\t\t\t<img decoding=\"async\" src=\"https:\/\/www.miamibeachfl.gov\/wp-content\/uploads\/2022\/07\/Picture2.jpg\" alt=\"Picture2\" itemprop=\"image\" title=\"Foto2\" onerror=\"this.style.display='none'\" loading='lazy' \/>\n\t<p><strong>F\u00e8 yon mouvman fonse<\/strong> anplifye tandans nasyonal konpayi yo k ap demenaje epi agrandi nan vil ki pi fasil pou viv pandan ke cham opsyon travay alt\u00e8natif ak travay a distans kontinye redefini espas travay la. Opsyon fleksib yo te pwouve efikas pou atire talan ak lid\u00e8 biznis pandan mond lan ap ref\u00e8 apre enpak pandemi mondyal la. <strong>F\u00e8 yon mouvman fonse<\/strong> itilize mantalite sa a epi li ankouraje nouvo jaden travay pwofesyon\u00e8l la pou konstwi yon ekonomi ki pi div\u00e8sifye epi mete aksan sou anpil ekipman, envestisman potansy\u00e8l ak op\u00f2tinite Miami Beach yo. Piblik sib prensipal nou an konpoze de fondat\u00e8, pwopriyet\u00e8 ak moun ki pran desizyon C-suite nan sekt\u00e8 teknoloji ak s\u00e8vis finansye yo. Konpayi sa yo te jeneralman sitiye nan Silicon Valley, Los Angeles, San Francisco, New York, Chicago ak Connecticut nan tan lontan. Piblik sib segond\u00e8 a konpoze de konpayi s\u00e8vis pwofesyon\u00e8l ak sekt\u00e8 Ospitalite, Touris, Sinema ak Div\u00e8tisman yo. <strong>F\u00e8 yon mouvman fonse<\/strong> mete aksan sou ke ouvri oswa demenaje nan Miami Beach ka sanble yon mouvman odasye, men li f\u00e8 sans tou nan biznis ak finansy\u00e8man baze sou ankourajman ak estrikti taks nou yo.<\/p>\n\t\t\t\t<img decoding=\"async\" src=\"https:\/\/www.miamibeachfl.gov\/wp-content\/uploads\/2022\/07\/Picture3.jpg\" alt=\"Picture3\" itemprop=\"image\" title=\"Foto3\" onerror=\"this.style.display='none'\" loading='lazy' \/>\n\t<p><strong><em>F\u00e8 yon mouvman fonse<\/em><\/strong> Li baze sou lef\u00e8t ke kilti travay la chanje. Kapasite pou viv yon lavi konpl\u00e8 dey\u00f2 travay ap vin tounen yon n\u00f2m, epi konpayi ki pa adapte yo pral rete d\u00e8y\u00e8. Kanpay la ankouraje moun pou yo kite \u00f2dinat\u00e8 a pou enspire pwodiktivite ak inovasyon. Yon kote kote balans ant travay ak lavi p\u00e8son\u00e8l pa negosyab. Yon vil kote ou ka w\u00e8 yon lever sol\u00e8y sou plaj sab blan lajounen, epi ki vin elektrik lannwit. Se pa s\u00e8lman yon demenajman - se yon solisyon. Miami Beach ofri balans paf\u00e8 ant travay ak lavi p\u00e8son\u00e8l, ak eksitasyon ak eksperyans nan chak kwen... li l\u00e8 pou... <strong><em>F\u00e8 yon mouvman fonse<\/em><\/strong>...pou pi bon op\u00f2tinite ...Pi bon stil de vi ...Pi bon enspirasyon ...Pi bon tout bagay ... nan Miami Beach.<\/p>","protected":false},"excerpt":{"rendered":"<p>Subscribe here to receive the City&#8217;s business newsletter to your inbox monthly. Business Newsletter Make A Bold Move The City [&hellip;]<\/p>\n","protected":false},"author":222,"featured_media":0,"parent":253255,"menu_order":0,"comment_status":"closed","ping_status":"closed","template":"","meta":{"_searchwp_excluded":"","site-sidebar-layout":"default","site-content-layout":"","ast-site-content-layout":"default","site-content-style":"default","site-sidebar-style":"default","ast-global-header-display":"","ast-banner-title-visibility":"","ast-main-header-display":"","ast-hfb-above-header-display":"","ast-hfb-below-header-display":"","ast-hfb-mobile-header-display":"","site-post-title":"","ast-breadcrumbs-content":"","ast-featured-img":"","footer-sml-layout":"","theme-transparent-header-meta":"","adv-header-id-meta":"","stick-header-meta":"","header-above-stick-meta":"","header-main-stick-meta":"","header-below-stick-meta":"","astra-migrate-meta-layouts":"default","ast-page-background-enabled":"default","ast-page-background-meta":{"desktop":{"background-color":"var(--ast-global-color-5)","background-image":"","background-repeat":"repeat","background-position":"center center","background-size":"auto","background-attachment":"scroll","background-type":"","background-media":"","overlay-type":"","overlay-color":"","overlay-opacity":"","overlay-gradient":""},"tablet":{"background-color":"","background-image":"","background-repeat":"repeat","background-position":"center center","background-size":"auto","background-attachment":"scroll","background-type":"","background-media":"","overlay-type":"","overlay-color":"","overlay-opacity":"","overlay-gradient":""},"mobile":{"background-color":"","background-image":"","background-repeat":"repeat","background-position":"center center","background-size":"auto","background-attachment":"scroll","background-type":"","background-media":"","overlay-type":"","overlay-color":"","overlay-opacity":"","overlay-gradient":""}},"ast-content-background-meta":{"desktop":{"background-color":"var(--ast-global-color-4)","background-image":"","background-repeat":"repeat","background-position":"center center","background-size":"auto","background-attachment":"scroll","background-type":"","background-media":"","overlay-type":"","overlay-color":"","overlay-opacity":"","overlay-gradient":""},"tablet":{"background-color":"var(--ast-global-color-4)","background-image":"","background-repeat":"repeat","background-position":"center center","background-size":"auto","background-attachment":"scroll","background-type":"","background-media":"","overlay-type":"","overlay-color":"","overlay-opacity":"","overlay-gradient":""},"mobile":{"background-color":"var(--ast-global-color-4)","background-image":"","background-repeat":"repeat","background-position":"center center","background-size":"auto","background-attachment":"scroll","background-type":"","background-media":"","overlay-type":"","overlay-color":"","overlay-opacity":"","overlay-gradient":""}},"footnotes":""},"categories":[],"tags":[],"class_list":["post-198156","page","type-page","status-publish","hentry"],"yoast_head":"<!-- This site is optimized with the Yoast SEO Premium plugin v27.4 (Yoast SEO v27.4) - https:\/\/yoast.com\/product\/yoast-seo-premium-wordpress\/ -->\n<title>July 2022 Business Spotlight- Make a Bold Move - City of Miami Beach<\/title>\n<meta name=\"description\" content=\"%\" \/>\n<meta name=\"robots\" content=\"index, follow, max-snippet:-1, max-image-preview:large, max-video-preview:-1\" \/>\n<link rel=\"canonical\" href=\"https:\/\/www.miamibeachfl.gov\/ht\/spotlight\/july-2022-business-spotlight-2-make-a-bold-move\/\" \/>\n<meta property=\"og:locale\" content=\"ht_HT\" \/>\n<meta property=\"og:type\" content=\"article\" \/>\n<meta property=\"og:title\" content=\"July 2022 Business Spotlight- Make a Bold Move\" \/>\n<meta property=\"og:description\" content=\"%\" \/>\n<meta property=\"og:url\" content=\"https:\/\/www.miamibeachfl.gov\/ht\/spotlight\/july-2022-business-spotlight-2-make-a-bold-move\/\" \/>\n<meta property=\"og:site_name\" content=\"City of Miami Beach\" \/>\n<meta property=\"article:publisher\" content=\"https:\/\/www.facebook.com\/cityofmiamibeach\" \/>\n<meta property=\"article:modified_time\" content=\"2025-06-03T02:02:47+00:00\" \/>\n<meta property=\"og:image\" content=\"https:\/\/www.miamibeachfl.gov\/wp-content\/uploads\/2022\/07\/Picture1.jpg\" \/>\n<meta name=\"twitter:card\" content=\"summary_large_image\" \/>\n<meta name=\"twitter:site\" content=\"@Miamibeachnews\" \/>\n<script type=\"application\/ld+json\" class=\"yoast-schema-graph\">{\"@context\":\"https:\\\/\\\/schema.org\",\"@graph\":[{\"@type\":\"WebPage\",\"@id\":\"https:\\\/\\\/www.miamibeachfl.gov\\\/spotlight\\\/july-2022-business-spotlight-2-make-a-bold-move\\\/\",\"url\":\"https:\\\/\\\/www.miamibeachfl.gov\\\/spotlight\\\/july-2022-business-spotlight-2-make-a-bold-move\\\/\",\"name\":\"July 2022 Business Spotlight- Make a Bold Move - City of Miami Beach\",\"isPartOf\":{\"@id\":\"https:\\\/\\\/www.miamibeachfl.gov\\\/#website\"},\"primaryImageOfPage\":{\"@id\":\"https:\\\/\\\/www.miamibeachfl.gov\\\/spotlight\\\/july-2022-business-spotlight-2-make-a-bold-move\\\/#primaryimage\"},\"image\":{\"@id\":\"https:\\\/\\\/www.miamibeachfl.gov\\\/spotlight\\\/july-2022-business-spotlight-2-make-a-bold-move\\\/#primaryimage\"},\"thumbnailUrl\":\"https:\\\/\\\/www.miamibeachfl.gov\\\/wp-content\\\/uploads\\\/2022\\\/07\\\/Picture1.jpg\",\"datePublished\":\"2022-07-19T15:56:34+00:00\",\"dateModified\":\"2025-06-03T02:02:47+00:00\",\"description\":\"%\",\"breadcrumb\":{\"@id\":\"https:\\\/\\\/www.miamibeachfl.gov\\\/spotlight\\\/july-2022-business-spotlight-2-make-a-bold-move\\\/#breadcrumb\"},\"inLanguage\":\"ht\",\"potentialAction\":[{\"@type\":\"ReadAction\",\"target\":[\"https:\\\/\\\/www.miamibeachfl.gov\\\/spotlight\\\/july-2022-business-spotlight-2-make-a-bold-move\\\/\"]}]},{\"@type\":\"ImageObject\",\"inLanguage\":\"ht\",\"@id\":\"https:\\\/\\\/www.miamibeachfl.gov\\\/spotlight\\\/july-2022-business-spotlight-2-make-a-bold-move\\\/#primaryimage\",\"url\":\"https:\\\/\\\/www.miamibeachfl.gov\\\/wp-content\\\/uploads\\\/2022\\\/07\\\/Picture1.jpg\",\"contentUrl\":\"https:\\\/\\\/www.miamibeachfl.gov\\\/wp-content\\\/uploads\\\/2022\\\/07\\\/Picture1.jpg\"},{\"@type\":\"BreadcrumbList\",\"@id\":\"https:\\\/\\\/www.miamibeachfl.gov\\\/spotlight\\\/july-2022-business-spotlight-2-make-a-bold-move\\\/#breadcrumb\",\"itemListElement\":[{\"@type\":\"ListItem\",\"position\":1,\"name\":\"Home\",\"item\":\"https:\\\/\\\/www.miamibeachfl.gov\\\/\"},{\"@type\":\"ListItem\",\"position\":2,\"name\":\"Business Newsletters and Spotlights\",\"item\":\"https:\\\/\\\/www.miamibeachfl.gov\\\/spotlight\\\/\"},{\"@type\":\"ListItem\",\"position\":3,\"name\":\"July 2022 Business Spotlight- Make a Bold Move\"}]},{\"@type\":\"WebSite\",\"@id\":\"https:\\\/\\\/www.miamibeachfl.gov\\\/#website\",\"url\":\"https:\\\/\\\/www.miamibeachfl.gov\\\/\",\"name\":\"City of Miami Beach\",\"description\":\"The official website of the City of Miami Beach. Stay informed, find important information on city services, news, alerts, events, trolley routes, government employment and more.\",\"publisher\":{\"@id\":\"https:\\\/\\\/www.miamibeachfl.gov\\\/#organization\"},\"potentialAction\":[{\"@type\":\"SearchAction\",\"target\":{\"@type\":\"EntryPoint\",\"urlTemplate\":\"https:\\\/\\\/www.miamibeachfl.gov\\\/?s={search_term_string}\"},\"query-input\":{\"@type\":\"PropertyValueSpecification\",\"valueRequired\":true,\"valueName\":\"search_term_string\"}}],\"inLanguage\":\"ht\"},{\"@type\":\"Organization\",\"@id\":\"https:\\\/\\\/www.miamibeachfl.gov\\\/#organization\",\"name\":\"City of Miami Beach\",\"url\":\"https:\\\/\\\/www.miamibeachfl.gov\\\/\",\"logo\":{\"@type\":\"ImageObject\",\"inLanguage\":\"ht\",\"@id\":\"https:\\\/\\\/www.miamibeachfl.gov\\\/#\\\/schema\\\/logo\\\/image\\\/\",\"url\":\"https:\\\/\\\/www.miamibeachfl.gov\\\/wp-content\\\/uploads\\\/2022\\\/06\\\/miamibeach-logoblue.png\",\"contentUrl\":\"https:\\\/\\\/www.miamibeachfl.gov\\\/wp-content\\\/uploads\\\/2022\\\/06\\\/miamibeach-logoblue.png\",\"width\":1962,\"height\":381,\"caption\":\"City of Miami Beach\"},\"image\":{\"@id\":\"https:\\\/\\\/www.miamibeachfl.gov\\\/#\\\/schema\\\/logo\\\/image\\\/\"},\"sameAs\":[\"https:\\\/\\\/www.facebook.com\\\/cityofmiamibeach\",\"https:\\\/\\\/x.com\\\/Miamibeachnews\",\"https:\\\/\\\/www.instagram.com\\\/miamibeachnews\\\/\"],\"description\":\"The official website of the City of Miami Beach. Stay informed, find important information on city services, news, alerts, events, trolley routes, government employment and more.\",\"telephone\":\"305.604.CITY(2489)\",\"legalName\":\"City of Miami Beach\"}]}<\/script>\n<!-- \/ Yoast SEO Premium plugin. -->","yoast_head_json":{"title":"Jiy\u00e8 2022 Anons Spesyal sou Biznis - F\u00e8 yon Aksyon Fonse - Vil Miami Beach","description":"%","robots":{"index":"index","follow":"follow","max-snippet":"max-snippet:-1","max-image-preview":"max-image-preview:large","max-video-preview":"max-video-preview:-1"},"canonical":"https:\/\/www.miamibeachfl.gov\/ht\/spotlight\/july-2022-business-spotlight-2-make-a-bold-move\/","og_locale":"ht_HT","og_type":"article","og_title":"July 2022 Business Spotlight- Make a Bold Move","og_description":"%","og_url":"https:\/\/www.miamibeachfl.gov\/ht\/spotlight\/july-2022-business-spotlight-2-make-a-bold-move\/","og_site_name":"City of Miami Beach","article_publisher":"https:\/\/www.facebook.com\/cityofmiamibeach","article_modified_time":"2025-06-03T02:02:47+00:00","og_image":[{"url":"https:\/\/www.miamibeachfl.gov\/wp-content\/uploads\/2022\/07\/Picture1.jpg","type":"","width":"","height":""}],"twitter_card":"summary_large_image","twitter_site":"@Miamibeachnews","schema":{"@context":"https:\/\/schema.org","@graph":[{"@type":"WebPage","@id":"https:\/\/www.miamibeachfl.gov\/spotlight\/july-2022-business-spotlight-2-make-a-bold-move\/","url":"https:\/\/www.miamibeachfl.gov\/spotlight\/july-2022-business-spotlight-2-make-a-bold-move\/","name":"Jiy\u00e8 2022 Anons Spesyal sou Biznis - F\u00e8 yon Aksyon Fonse - Vil Miami Beach","isPartOf":{"@id":"https:\/\/www.miamibeachfl.gov\/#website"},"primaryImageOfPage":{"@id":"https:\/\/www.miamibeachfl.gov\/spotlight\/july-2022-business-spotlight-2-make-a-bold-move\/#primaryimage"},"image":{"@id":"https:\/\/www.miamibeachfl.gov\/spotlight\/july-2022-business-spotlight-2-make-a-bold-move\/#primaryimage"},"thumbnailUrl":"https:\/\/www.miamibeachfl.gov\/wp-content\/uploads\/2022\/07\/Picture1.jpg","datePublished":"2022-07-19T15:56:34+00:00","dateModified":"2025-06-03T02:02:47+00:00","description":"%","breadcrumb":{"@id":"https:\/\/www.miamibeachfl.gov\/spotlight\/july-2022-business-spotlight-2-make-a-bold-move\/#breadcrumb"},"inLanguage":"ht","potentialAction":[{"@type":"ReadAction","target":["https:\/\/www.miamibeachfl.gov\/spotlight\/july-2022-business-spotlight-2-make-a-bold-move\/"]}]},{"@type":"ImageObject","inLanguage":"ht","@id":"https:\/\/www.miamibeachfl.gov\/spotlight\/july-2022-business-spotlight-2-make-a-bold-move\/#primaryimage","url":"https:\/\/www.miamibeachfl.gov\/wp-content\/uploads\/2022\/07\/Picture1.jpg","contentUrl":"https:\/\/www.miamibeachfl.gov\/wp-content\/uploads\/2022\/07\/Picture1.jpg"},{"@type":"BreadcrumbList","@id":"https:\/\/www.miamibeachfl.gov\/spotlight\/july-2022-business-spotlight-2-make-a-bold-move\/#breadcrumb","itemListElement":[{"@type":"ListItem","position":1,"name":"Home","item":"https:\/\/www.miamibeachfl.gov\/"},{"@type":"ListItem","position":2,"name":"Business Newsletters and Spotlights","item":"https:\/\/www.miamibeachfl.gov\/spotlight\/"},{"@type":"ListItem","position":3,"name":"July 2022 Business Spotlight- Make a Bold Move"}]},{"@type":"WebSite","@id":"https:\/\/www.miamibeachfl.gov\/#website","url":"https:\/\/www.miamibeachfl.gov\/","name":"Vil Miami Beach","description":"Sitw\u00e8b ofisy\u00e8l Vil Miami Beach la. Rete enf\u00f2me, jwenn enf\u00f2masyon enp\u00f2tan sou s\u00e8vis vil la, nouv\u00e8l, al\u00e8t, ev\u00e8nman, wout tramway, travay gouv\u00e8nman an ak plis ank\u00f2.","publisher":{"@id":"https:\/\/www.miamibeachfl.gov\/#organization"},"potentialAction":[{"@type":"SearchAction","target":{"@type":"EntryPoint","urlTemplate":"https:\/\/www.miamibeachfl.gov\/?s={search_term_string}"},"query-input":{"@type":"PropertyValueSpecification","valueRequired":true,"valueName":"search_term_string"}}],"inLanguage":"ht"},{"@type":"Organization","@id":"https:\/\/www.miamibeachfl.gov\/#organization","name":"Vil Miami Beach","url":"https:\/\/www.miamibeachfl.gov\/","logo":{"@type":"ImageObject","inLanguage":"ht","@id":"https:\/\/www.miamibeachfl.gov\/#\/schema\/logo\/image\/","url":"https:\/\/www.miamibeachfl.gov\/wp-content\/uploads\/2022\/06\/miamibeach-logoblue.png","contentUrl":"https:\/\/www.miamibeachfl.gov\/wp-content\/uploads\/2022\/06\/miamibeach-logoblue.png","width":1962,"height":381,"caption":"City of Miami Beach"},"image":{"@id":"https:\/\/www.miamibeachfl.gov\/#\/schema\/logo\/image\/"},"sameAs":["https:\/\/www.facebook.com\/cityofmiamibeach","https:\/\/x.com\/Miamibeachnews","https:\/\/www.instagram.com\/miamibeachnews\/"],"description":"Sitw\u00e8b ofisy\u00e8l Vil Miami Beach la. Rete enf\u00f2me, jwenn enf\u00f2masyon enp\u00f2tan sou s\u00e8vis vil la, nouv\u00e8l, al\u00e8t, ev\u00e8nman, wout tramway, travay gouv\u00e8nman an ak plis ank\u00f2.","telephone":"305.604.CITY(2489)","legalName":"City of Miami Beach"}]}},"_links":{"self":[{"href":"https:\/\/www.miamibeachfl.gov\/ht\/wp-json\/wp\/v2\/pages\/198156","targetHints":{"allow":["GET"]}}],"collection":[{"href":"https:\/\/www.miamibeachfl.gov\/ht\/wp-json\/wp\/v2\/pages"}],"about":[{"href":"https:\/\/www.miamibeachfl.gov\/ht\/wp-json\/wp\/v2\/types\/page"}],"author":[{"embeddable":true,"href":"https:\/\/www.miamibeachfl.gov\/ht\/wp-json\/wp\/v2\/users\/222"}],"replies":[{"embeddable":true,"href":"https:\/\/www.miamibeachfl.gov\/ht\/wp-json\/wp\/v2\/comments?post=198156"}],"version-history":[{"count":1,"href":"https:\/\/www.miamibeachfl.gov\/ht\/wp-json\/wp\/v2\/pages\/198156\/revisions"}],"predecessor-version":[{"id":375060,"href":"https:\/\/www.miamibeachfl.gov\/ht\/wp-json\/wp\/v2\/pages\/198156\/revisions\/375060"}],"up":[{"embeddable":true,"href":"https:\/\/www.miamibeachfl.gov\/ht\/wp-json\/wp\/v2\/pages\/253255"}],"wp:attachment":[{"href":"https:\/\/www.miamibeachfl.gov\/ht\/wp-json\/wp\/v2\/media?parent=198156"}],"wp:term":[{"taxonomy":"category","embeddable":true,"href":"https:\/\/www.miamibeachfl.gov\/ht\/wp-json\/wp\/v2\/categories?post=198156"},{"taxonomy":"post_tag","embeddable":true,"href":"https:\/\/www.miamibeachfl.gov\/ht\/wp-json\/wp\/v2\/tags?post=198156"}],"curies":[{"name":"wp","href":"https:\/\/api.w.org\/{rel}","templated":true}]}}