{"id":198468,"date":"2022-07-21T13:51:20","date_gmt":"2022-07-21T17:51:20","guid":{"rendered":"https:\/\/www.miamibeachfl.gov\/?page_id=198468"},"modified":"2025-10-22T13:22:36","modified_gmt":"2025-10-22T17:22:36","slug":"dashboard","status":"publish","type":"page","link":"https:\/\/www.miamibeachfl.gov\/ht\/business\/whymb\/dashboard\/","title":{"rendered":"Tablodb\u00f2 MBbiz"},"content":{"rendered":"<h3>\n\t\t\tZouti ent\u00e8aktif\t<\/h3>\n\t<h3>Browse d\u00e8nye endikat\u00e8 biznis yo, demografik yo, ak tandans endistri yo nan Vil Miami Beach<\/h3>\n\t  <iframe id=\"li-card-group\" referrerpolicy=\"no-referrer-when-downgrade\" src=\"https:\/\/miamibeachfl.ecdev.org\/embed\/card-group?location=us-place-1245025&#038;key=EECE3C7285E041E097547710B119F8CF&#038;type=md-2\" title=\"Enf\u00f2masyon estatistik biznis Miami Beach\"><\/iframe>\n\t<a href=\"\/ht\/business\/doing-business-with-mb\/business-concierge\/business-guide\/\" target=\"_self\"  aria-label=\"Ale nan \/business\/doing-business-with-mb\/business-concierge\/biznis-guide\/\"><\/a>\n\t\t<h3>Gid Biznis<\/h3>\t\t\t\n\t\t\t\t<p>Plan ou pou k\u00f2manse, demenaje oswa devlope biznis ou nan paradi.<\/p>\n<h2>\n\t\t\tPatn\u00e8 Devlopman Ekonomik yo\t<\/h2>\n\t\t\t\t\t\t<h3>Kons\u00e8y Miami-Dade Beacon<\/h3>\n\t\t\t<p><img loading=\"lazy\" decoding=\"async\" src=\"https:\/\/www.miamibeachfl.gov\/wp-content\/uploads\/2023\/03\/mdbc.png\" alt=\"MDBC Logo\" width=\"129\" height=\"117\" \/><\/p>\n<p>Kons\u00e8y Miami-Dade Beacon an, yon patenarya piblik-prive, se \u00f2ganizasyon ofisy\u00e8l devlopman ekonomik pou Konte Miami-Dade. Dirije pa yon ekip pwofesyon\u00e8l ak yon Kons\u00e8y lid\u00e8 kominot\u00e8 volont\u00e8, \u00f2ganizasyon an fasilite kwasans ak ekspansyon biznis lokalman, nasyonalman ak ent\u00e8nasyonalman. Kons\u00e8y la te fonde an 1985 k\u00f2m yon kwasans Chanm Kom\u00e8s Greater Miami pou konsantre sou rekritman, ekspansyon ak retansyon biznis.<\/p>\n<p>Kons\u00e8y Miami-Dade Beacon an se responsab plan devlopman ekonomik pou tout konte a, One Community One Goal, pou ranf\u00f2se ak div\u00e8sifye ekonomi an ak travay ki byen peye. Jodi a, Kons\u00e8y Miami-Dade Beacon an kontinye f\u00e8 avanse objektif kominote a atrav\u00e8 yon ajanda aksyon ki byen planifye, devlope an kolaborasyon av\u00e8k ofisy\u00e8l Konte Miami-Dade yo, lid\u00e8 edikasyon, biznis ak sivik yo.<\/p>\n<p><a draggable=\"false\" href=\"https:\/\/www.beaconcouncil.com\/\" target=\"_blank\" rel=\"noopener nofollow\">APRANN PLIS<\/a><\/p>\n\t\t\t\t\t\t<h3>Chanm Kom\u00e8s Miami Beach<\/h3>\n\t\t\t<p><img loading=\"lazy\" decoding=\"async\" src=\"https:\/\/www.miamibeachfl.gov\/wp-content\/uploads\/2023\/03\/mbchamberofcommerce.png\" alt=\"Miami Beach Chamber of Commerce\" width=\"126\" height=\"128\" \/><\/p>\n<p>Chanm Kom\u00e8s Miami Beach la te f\u00f2me an 1921 pou pwomouvwa byenn\u00e8t ekonomik sitwayen Miami Beach yo, pou amelyore kalite lavi tout kominote a, epi pou kominike pwen de vi kominote biznis la sou gwo pwobl\u00e8m politik piblik yo. Yon ti gwoup lid\u00e8 sivik te f\u00f2me Chanm Kom\u00e8s Miami Beach la pou pwomouvwa vil la k\u00f2m yon kote pou vizite, travay ak detann. Nan plizy\u00e8 ep\u00f2k ekspansyon ak debakl, Chanm lan te kontinye jwe yon w\u00f2l enp\u00f2tan nan devlopman &quot;Riviera Amerik la&quot;. Pandan ke Miami Beach te chanje anpil depi premye reyinyon \u00f2ganizasyon an an 1921, Chanm lan te toujou la pou ede satisf\u00e8 bezwen vil kote l te f\u00e8t la.<\/p>\n<p><a href=\"https:\/\/www.miamibeachchamber.com\/\">APRANN PLIS<\/a><\/p>\n\t\t\t\t\t\t<h3>Biwo Konvansyon ak Vizit\u00e8 Gran Miami an<\/h3>\n\t\t\t<p><img loading=\"lazy\" decoding=\"async\" src=\"https:\/\/www.miamibeachfl.gov\/wp-content\/uploads\/2023\/03\/gmcvb.png\" alt=\"\" width=\"125\" height=\"94\" \/><\/p>\n<p>Biwo Konvansyon ak Vizit\u00e8 Gran Miami an (&quot;GMCVB&quot;) se yon \u00f2ganizasyon lavant ak maketing, misyon li se atire, ankouraje ak pouse tout moun ak \u00f2ganizasyon pou vizite Gran Miami ak plaj li yo pou konvansyon, biznis ak plezi. Aji nan non manm li yo, patn\u00e8 ent\u00e8lokal li yo ak sitwayen Konte Miami-Dade yo, GMCVB a ap vann ak pwomouvwa tout segman kominote a k\u00f2m yon destinasyon preferansy\u00e8l. Pou akonpli misyon sa a, GMCVB a pral sip\u00f2te ak ankouraje aksyon ak pwogram ki amelyore dezirablite ak cham Gran Miami ak plaj li yo pou vizit\u00e8 li yo.<\/p>\n<p><a href=\"https:\/\/www.miamiandbeaches.com\/\">APRANN PLIS<\/a><\/p>\n\t\t\t\t\t\t<h3>Antrepriz Florid<\/h3>\n\t\t\t<p><img loading=\"lazy\" decoding=\"async\" src=\"https:\/\/www.miamibeachfl.gov\/wp-content\/uploads\/2023\/03\/enterprisefl2.png\" alt=\"Enterprise FL Logo\" width=\"128\" height=\"116\" \/><\/p>\n<p>Enterprise Florida se yon patenarya piblik-prive ant lid\u00e8 biznis ak gouv\u00e8nman Florid yo. Enterprise Florida ap travay pou elaji ak div\u00e8sifye ekonomi eta a atrav\u00e8 kreyasyon dj\u00f2b. Enterprise Florida se yon \u00f2ganizasyon div\u00e8s ki s\u00e8vi yon pak\u00e8t endistri, soti nan ti biznis ak biznis minorite rive nan devlopman kom\u00e8s ak eksp\u00f2tasyon.<\/p>\n<p><a href=\"https:\/\/www.enterpriseflorida.com\/\">APRANN PLIS<\/a><\/p>\n\t\t\t\t\t\t<h3>Otorite Vizit\u00e8 ak Konvansyon Miami Beach la<\/h3>\n\t\t\t<p><img loading=\"lazy\" decoding=\"async\" src=\"https:\/\/www.miamibeachfl.gov\/wp-content\/uploads\/2023\/03\/mbvca-logo.png\" alt=\"Miami Beach Visitor and Convention Authority\" width=\"270\" height=\"78\" \/><\/p>\n<p>Misyon Miami Beach Visitor and Convention Authority (\u201cMBVCA\u201d) la se pou rekrite, devlope, sip\u00f2te finansy\u00e8man epi kolabore aktivman ak ev\u00e8nman, festival, pwogram, ak aktivite ki inovat\u00e8, kalite sipery\u00e8, epi ki reprezantatif Vil nou an, ki atire yon konsyantizasyon medya pozitif ak\/oswa remakab, ki amelyore ak ogmante repitasyon Miami Beach ak eksperyans touris yo, pandan tout ane a epi ki gen yon enpak siyifikatif sou biznis Ospitalite ak Kilin\u00e8 lokal nou an. MBVCA a te rekon\u00e8t pa antite mondyalman renome tankou mak World Travel Awards, ki rekon\u00e8t globalman k\u00f2m mak kalite sipery\u00e8, ak gayan yo ki etabli referans ke tout l\u00f2t moun aspire.<\/p>\n<p><a href=\"https:\/\/www.miamibeachvca.com\/\">APRANN PLIS<\/a><\/p>\n\t\t\t\t\t\t<h3>Chanm Kom\u00e8s pou Ge ak Lezby\u00e8n Miami-Dade<\/h3>\n\t\t\t<p><img loading=\"lazy\" decoding=\"async\" src=\"https:\/\/www.miamibeachfl.gov\/wp-content\/uploads\/2023\/03\/gaylesbianchamber.png\" alt=\"MD Gay and Lesbian Chamber of Commerce Logo\" width=\"129\" height=\"152\" \/><\/p>\n<p>Chanm Kom\u00e8s pou Ge ak Lezby\u00e8n Miami-Dade (&quot;MDGLCC&quot;) se pi gwo sosyete san bi likratif nan konte a pou biznis ge ak lezby\u00e8n. Av\u00e8k manm ki gen pr\u00e8ske 600 konpayi\/biznis ki reprezante plis pase 1,200 manm, misyon Chanm lan se ankouraje yon kominote biznis ak pwofesyon\u00e8l inifye ak pwosp\u00e8, ge ak zanmi ge, nan tout Konte Miami-Dade. Misyon Chanm lan se ankouraje rezo nan kominote biznis ak pwofesyon\u00e8l ge ak zanmi ge ki deja egziste a, ankouraje op\u00f2tinite biznis pou manm Chanm lan, f\u00e8 pwomosyon Miami k\u00f2m yon destinasyon touristik ge ak zanmi ge pandan tout ane a, bay resous pou manm nou yo, epi bay kominote nou an mwayen pou kontakte l\u00f2t \u00f2ganizasyon yo.<\/p>\n<p><a href=\"https:\/\/www.gaybizmiami.com\/\">APRANN PLIS<\/a><\/p>\n\t\t\t\t\t\t<h3>Chanm Kom\u00e8s Pany\u00f2l Sid Florid la<\/h3>\n\t\t\t<p><img loading=\"lazy\" decoding=\"async\" src=\"https:\/\/www.miamibeachfl.gov\/wp-content\/uploads\/2023\/03\/enterprisefl.png\" alt=\"South Florida Hispanic Chamber of Commerce Logo\" width=\"125\" height=\"116\" \/><\/p>\n<p>Chanm Kom\u00e8s Pany\u00f2l Sid Florid la (&quot;SFLHCC&quot;) te fonde nan dat 21 Jiy\u00e8 1994, av\u00e8k misyon pou ankouraje kwasans ak devlopman kontiny\u00e8l kominote biznis Pany\u00f2l la epi pou s\u00e8vi k\u00f2m yon sant resous ak yon fow\u00f2m pou defann biznis Pany\u00f2l ak minorite yo. \u00d2ganizasyon an konpoze de moun pwofesyon\u00e8l devwe ak pwopriyet\u00e8 biznis ki reyini ansanm pou f\u00e8 avanse enter\u00e8 kom\u00e8syal, finansye, edikasyon\u00e8l ak sivik Kominote Pany\u00f2l Sid Florid la k ap grandi san rete.<\/p>\n<p><a draggable=\"false\" href=\"https:\/\/sflhcc.com\/\" target=\"_blank\" rel=\"noopener nofollow\">APRANN PLIS<\/a><\/p>\n\t\t\t\t\t\t<h3>Distri Amelyorasyon Biznis Lincoln Road<\/h3>\n\t\t\t<p><img loading=\"lazy\" decoding=\"async\" src=\"https:\/\/www.miamibeachfl.gov\/wp-content\/uploads\/2023\/03\/lincoln.jpg\" alt=\"Lincoln Road Business Improvement District Logo\" width=\"130\" height=\"116\" \/><\/p>\n<p>Distri Amelyorasyon Biznis Lincoln Road, Inc. (&quot;LRBID&quot;) te f\u00f2me av\u00e8k objektif pou estabilize ak amelyore distri biznis an detay Lincoln Road la (ki sitiye nan yon distri istorik ki rekon\u00e8t nasyonalman) atrav\u00e8 pwomosyon, jesyon, maketing, ak s\u00e8vis menm jan an, l\u00e8 yo reprezante ak defann pwopriyet\u00e8 t\u00e8 yo ak pwopriyet\u00e8 biznis ki sitiye nan limit li yo. L\u00e8 yo pwomouvwa ak ankouraje devlopman kontiny\u00e8l yon katye milti-itilizasyon Lincoln Road div\u00e8s, vibran, ak akeyan pou pyeton, LRBID la bay yon anviw\u00f2nman dinamik pou biznis yo, piblik vizit\u00e8 yo, atizay ak amizman, ansanm ak rezidan z\u00f2n nan. Lincoln Road se sant kiltir\u00e8l ak sivik pou kominote a.<\/p>\n<p><a draggable=\"false\" href=\"https:\/\/lincolnroad.com\/\" target=\"_blank\" rel=\"noopener nofollow\">APRANN PLIS<\/a><\/p>\n\t\t\t\t\t\t<h3>Asosyasyon Ocean Drive<\/h3>\n\t\t\t<p><img loading=\"lazy\" decoding=\"async\" src=\"https:\/\/www.miamibeachfl.gov\/wp-content\/uploads\/2023\/03\/oceandrive.png\" alt=\"Ocean Drive Association\" width=\"113\" height=\"116\" \/><\/p>\n<p>Misyon Asosyasyon Ocean Drive (&quot;ODA&quot;) a se pou kontinye vizyon Ocean Drive k\u00f2m premye Riviera Ameriken an ak premye distri achitekti istorik nan Miami Beach epi ankouraje yon kominote ki gen dimansyon ent\u00e8nasyonal, pw\u00f2pte, sekirite ak bon gou.<\/p>\n<p><a draggable=\"false\" href=\"https:\/\/oceandrivemb.com\/\" target=\"_blank\" rel=\"noopener nofollow\">APRANN PLIS<\/a><\/p>\n\t\t\t\t\t\t<h3>Asosyasyon Chemen Espay\u00f2l la<\/h3>\n\t\t\t<p><img loading=\"lazy\" decoding=\"async\" src=\"https:\/\/www.miamibeachfl.gov\/wp-content\/uploads\/2023\/03\/espanolaway.jpg\" alt=\"Espanola Way association logo\" width=\"130\" height=\"98\" \/><\/p>\n<p>Pou prez\u00e8ve, amelyore epi pwomouvwa Espa\u00f1ola Way k\u00f2m yon destinasyon pou vizit\u00e8 yo ak moun nan lokalite a. Espa\u00f1ola Way se yon lari pyeton s\u00e8lman ki f\u00e8t pou reyalize vizyon moun ki te bati l pr\u00e8ske yon sy\u00e8k de sa k\u00f2m yon kote pou moun nan lokalite a ak vwayaj\u00e8 yo rasanble, kreye epi selebre. Espa\u00f1ola Way se yon eksperyans kaptivan ak transf\u00f2mat\u00e8, epi ou pa dwe rate l.<\/p>\n<p><a draggable=\"false\" href=\"https:\/\/www.visitespanolaway.com\/\" target=\"_blank\" rel=\"noopener nofollow\">APRANN PLIS<\/a><\/p>\n\t\t\t\t\t\t<h3>Distri Amelyorasyon Biznis Washington Avenue<\/h3>\n\t\t\t<p>Distri Amelyorasyon Biznis Washington Avenue an se yon kons\u00e8y minisipal san bi likratif nan Vil Miami Beach ki reprezante pwopriyet\u00e8 ki f\u00f2me bl\u00f2k korid\u00f2 Washington Avenue soti nan 5y\u00e8m Ri rive nan 17y\u00e8m Ri, av\u00e8k objektif pou konstwi sou w\u00f2l Washington Avenue k\u00f2m yon distri amizman. Li travay pou amelyore s\u00e8vis sekirite ak sanitasyon nan katye a, defann amelyorasyon z\u00f2n nan, sansibilize moun sou pwogr\u00e8 k ap f\u00e8t yo, epi planifye pou lavni Washington Avenue. Misyon entegral Distri Amelyorasyon Biznis Washington Avenue (BID) an se prez\u00e8ve, estabilize, epi amelyore distri kom\u00e8syal ak biznis Washington Avenue ki sitiye andedan Miami Beach istorik la. BID la bay s\u00e8vis kalite sipery\u00e8, oryante sou kliyan, ki f\u00e8t pou defini, amelyore, epi kontinye amelyore Washington Avenue pou moun k ap travay, k ap viv, k ap vizite, epi k ap f\u00e8 biznis la.<\/p>\n\t\t<h3><a href=\"tel:3056737572\"  target=\"_self\">\t\n\t305.673.7572<\/a><\/h3>\t\n\t\t<h3><a href=\"mailto:mbbiz@miamibeachfl.gov\"  target=\"_self\">\t\n\tmbbiz@miamibeachfl.gov<\/a><\/h3>\t\n\t\t<h3><a href=\"\/ht\/business\/\"  target=\"_blank\"  rel=\"noopener\">\t\n\twww.MBBiz.com<\/a><\/h3>\t\n\t\t<h2>Ab\u00f2ne ak bilten MBBiz la<\/h2>\n\t\t\t\t<p>Resevwa resous ak d\u00e8nye enf\u00f2masyon nan men Depatman Devlopman Ekonomik la dir\u00e8kteman sou telef\u00f2n ou.<\/p>\n\t\t\t<a href=\"\/ht\/mbbiznews\/\" title=\"Klike la a\" target=\"_self\"   role=\"button\" aria-label=\"Ab\u00f2ne Kounye a\">\n\t\t\t\t\t\t\t\t\t\t\tAb\u00f2ne Kounye a\n\t\t<\/a>","protected":false},"excerpt":{"rendered":"<p>Interactive tools Browse the latest business indicators, demographics, and industry trends within the City of Miami Beach Business Guide Your [&hellip;]<\/p>\n","protected":false},"author":222,"featured_media":0,"parent":197304,"menu_order":0,"comment_status":"closed","ping_status":"closed","template":"","meta":{"_searchwp_excluded":"","site-sidebar-layout":"default","site-content-layout":"","ast-site-content-layout":"default","site-content-style":"default","site-sidebar-style":"default","ast-global-header-display":"","ast-banner-title-visibility":"","ast-main-header-display":"","ast-hfb-above-header-display":"","ast-hfb-below-header-display":"","ast-hfb-mobile-header-display":"","site-post-title":"","ast-breadcrumbs-content":"","ast-featured-img":"","footer-sml-layout":"","theme-transparent-header-meta":"","adv-header-id-meta":"","stick-header-meta":"","header-above-stick-meta":"","header-main-stick-meta":"","header-below-stick-meta":"","astra-migrate-meta-layouts":"default","ast-page-background-enabled":"default","ast-page-background-meta":{"desktop":{"background-color":"var(--ast-global-color-5)","background-image":"","background-repeat":"repeat","background-position":"center center","background-size":"auto","background-attachment":"scroll","background-type":"","background-media":"","overlay-type":"","overlay-color":"","overlay-opacity":"","overlay-gradient":""},"tablet":{"background-color":"","background-image":"","background-repeat":"repeat","background-position":"center center","background-size":"auto","background-attachment":"scroll","background-type":"","background-media":"","overlay-type":"","overlay-color":"","overlay-opacity":"","overlay-gradient":""},"mobile":{"background-color":"","background-image":"","background-repeat":"repeat","background-position":"center center","background-size":"auto","background-attachment":"scroll","background-type":"","background-media":"","overlay-type":"","overlay-color":"","overlay-opacity":"","overlay-gradient":""}},"ast-content-background-meta":{"desktop":{"background-color":"var(--ast-global-color-4)","background-image":"","background-repeat":"repeat","background-position":"center center","background-size":"auto","background-attachment":"scroll","background-type":"","background-media":"","overlay-type":"","overlay-color":"","overlay-opacity":"","overlay-gradient":""},"tablet":{"background-color":"var(--ast-global-color-4)","background-image":"","background-repeat":"repeat","background-position":"center center","background-size":"auto","background-attachment":"scroll","background-type":"","background-media":"","overlay-type":"","overlay-color":"","overlay-opacity":"","overlay-gradient":""},"mobile":{"background-color":"var(--ast-global-color-4)","background-image":"","background-repeat":"repeat","background-position":"center center","background-size":"auto","background-attachment":"scroll","background-type":"","background-media":"","overlay-type":"","overlay-color":"","overlay-opacity":"","overlay-gradient":""}},"footnotes":""},"categories":[],"tags":[],"class_list":["post-198468","page","type-page","status-publish","hentry"],"yoast_head":"<!-- This site is optimized with the Yoast SEO Premium plugin v27.4 (Yoast SEO v27.4) - https:\/\/yoast.com\/product\/yoast-seo-premium-wordpress\/ -->\n<title>MBbiz Dashboard - City of Miami Beach<\/title>\n<meta name=\"description\" content=\"%\" \/>\n<meta name=\"robots\" content=\"index, follow, max-snippet:-1, max-image-preview:large, max-video-preview:-1\" \/>\n<link rel=\"canonical\" href=\"https:\/\/www.miamibeachfl.gov\/ht\/business\/whymb\/dashboard\/\" \/>\n<meta property=\"og:locale\" content=\"ht_HT\" \/>\n<meta property=\"og:type\" content=\"article\" \/>\n<meta property=\"og:title\" content=\"MBbiz Dashboard\" \/>\n<meta property=\"og:description\" content=\"%\" \/>\n<meta property=\"og:url\" content=\"https:\/\/www.miamibeachfl.gov\/ht\/business\/whymb\/dashboard\/\" \/>\n<meta property=\"og:site_name\" content=\"City of Miami Beach\" \/>\n<meta property=\"article:publisher\" content=\"https:\/\/www.facebook.com\/cityofmiamibeach\" \/>\n<meta property=\"article:modified_time\" content=\"2025-10-22T17:22:36+00:00\" \/>\n<meta property=\"og:image\" content=\"https:\/\/www.miamibeachfl.gov\/wp-content\/uploads\/2023\/03\/mdbc.png\" \/>\n<meta name=\"twitter:card\" content=\"summary_large_image\" \/>\n<meta name=\"twitter:site\" content=\"@Miamibeachnews\" \/>\n<script type=\"application\/ld+json\" class=\"yoast-schema-graph\">{\"@context\":\"https:\\\/\\\/schema.org\",\"@graph\":[{\"@type\":\"WebPage\",\"@id\":\"https:\\\/\\\/www.miamibeachfl.gov\\\/business\\\/whymb\\\/dashboard\\\/\",\"url\":\"https:\\\/\\\/www.miamibeachfl.gov\\\/business\\\/whymb\\\/dashboard\\\/\",\"name\":\"MBbiz Dashboard - City of Miami Beach\",\"isPartOf\":{\"@id\":\"https:\\\/\\\/www.miamibeachfl.gov\\\/#website\"},\"primaryImageOfPage\":{\"@id\":\"https:\\\/\\\/www.miamibeachfl.gov\\\/business\\\/whymb\\\/dashboard\\\/#primaryimage\"},\"image\":{\"@id\":\"https:\\\/\\\/www.miamibeachfl.gov\\\/business\\\/whymb\\\/dashboard\\\/#primaryimage\"},\"thumbnailUrl\":\"https:\\\/\\\/www.miamibeachfl.gov\\\/wp-content\\\/uploads\\\/2023\\\/03\\\/mdbc.png\",\"datePublished\":\"2022-07-21T17:51:20+00:00\",\"dateModified\":\"2025-10-22T17:22:36+00:00\",\"description\":\"%\",\"breadcrumb\":{\"@id\":\"https:\\\/\\\/www.miamibeachfl.gov\\\/business\\\/whymb\\\/dashboard\\\/#breadcrumb\"},\"inLanguage\":\"ht\",\"potentialAction\":[{\"@type\":\"ReadAction\",\"target\":[\"https:\\\/\\\/www.miamibeachfl.gov\\\/business\\\/whymb\\\/dashboard\\\/\"]}]},{\"@type\":\"ImageObject\",\"inLanguage\":\"ht\",\"@id\":\"https:\\\/\\\/www.miamibeachfl.gov\\\/business\\\/whymb\\\/dashboard\\\/#primaryimage\",\"url\":\"https:\\\/\\\/www.miamibeachfl.gov\\\/wp-content\\\/uploads\\\/2023\\\/03\\\/mdbc.png\",\"contentUrl\":\"https:\\\/\\\/www.miamibeachfl.gov\\\/wp-content\\\/uploads\\\/2023\\\/03\\\/mdbc.png\"},{\"@type\":\"BreadcrumbList\",\"@id\":\"https:\\\/\\\/www.miamibeachfl.gov\\\/business\\\/whymb\\\/dashboard\\\/#breadcrumb\",\"itemListElement\":[{\"@type\":\"ListItem\",\"position\":1,\"name\":\"Home\",\"item\":\"https:\\\/\\\/www.miamibeachfl.gov\\\/\"},{\"@type\":\"ListItem\",\"position\":2,\"name\":\"Business\",\"item\":\"https:\\\/\\\/www.miamibeachfl.gov\\\/business\\\/\"},{\"@type\":\"ListItem\",\"position\":3,\"name\":\"Why MB\",\"item\":\"https:\\\/\\\/www.miamibeachfl.gov\\\/business\\\/whymb\\\/\"},{\"@type\":\"ListItem\",\"position\":4,\"name\":\"MBbiz Dashboard\"}]},{\"@type\":\"WebSite\",\"@id\":\"https:\\\/\\\/www.miamibeachfl.gov\\\/#website\",\"url\":\"https:\\\/\\\/www.miamibeachfl.gov\\\/\",\"name\":\"City of Miami Beach\",\"description\":\"The official website of the City of Miami Beach. Stay informed, find important information on city services, news, alerts, events, trolley routes, government employment and more.\",\"publisher\":{\"@id\":\"https:\\\/\\\/www.miamibeachfl.gov\\\/#organization\"},\"potentialAction\":[{\"@type\":\"SearchAction\",\"target\":{\"@type\":\"EntryPoint\",\"urlTemplate\":\"https:\\\/\\\/www.miamibeachfl.gov\\\/?s={search_term_string}\"},\"query-input\":{\"@type\":\"PropertyValueSpecification\",\"valueRequired\":true,\"valueName\":\"search_term_string\"}}],\"inLanguage\":\"ht\"},{\"@type\":\"Organization\",\"@id\":\"https:\\\/\\\/www.miamibeachfl.gov\\\/#organization\",\"name\":\"City of Miami Beach\",\"url\":\"https:\\\/\\\/www.miamibeachfl.gov\\\/\",\"logo\":{\"@type\":\"ImageObject\",\"inLanguage\":\"ht\",\"@id\":\"https:\\\/\\\/www.miamibeachfl.gov\\\/#\\\/schema\\\/logo\\\/image\\\/\",\"url\":\"https:\\\/\\\/www.miamibeachfl.gov\\\/wp-content\\\/uploads\\\/2022\\\/06\\\/miamibeach-logoblue.png\",\"contentUrl\":\"https:\\\/\\\/www.miamibeachfl.gov\\\/wp-content\\\/uploads\\\/2022\\\/06\\\/miamibeach-logoblue.png\",\"width\":1962,\"height\":381,\"caption\":\"City of Miami Beach\"},\"image\":{\"@id\":\"https:\\\/\\\/www.miamibeachfl.gov\\\/#\\\/schema\\\/logo\\\/image\\\/\"},\"sameAs\":[\"https:\\\/\\\/www.facebook.com\\\/cityofmiamibeach\",\"https:\\\/\\\/x.com\\\/Miamibeachnews\",\"https:\\\/\\\/www.instagram.com\\\/miamibeachnews\\\/\"],\"description\":\"The official website of the City of Miami Beach. Stay informed, find important information on city services, news, alerts, events, trolley routes, government employment and more.\",\"telephone\":\"305.604.CITY(2489)\",\"legalName\":\"City of Miami Beach\"}]}<\/script>\n<!-- \/ Yoast SEO Premium plugin. -->","yoast_head_json":{"title":"Tablodb\u00f2 MBbiz - Vil Miami Beach","description":"%","robots":{"index":"index","follow":"follow","max-snippet":"max-snippet:-1","max-image-preview":"max-image-preview:large","max-video-preview":"max-video-preview:-1"},"canonical":"https:\/\/www.miamibeachfl.gov\/ht\/business\/whymb\/dashboard\/","og_locale":"ht_HT","og_type":"article","og_title":"MBbiz Dashboard","og_description":"%","og_url":"https:\/\/www.miamibeachfl.gov\/ht\/business\/whymb\/dashboard\/","og_site_name":"City of Miami Beach","article_publisher":"https:\/\/www.facebook.com\/cityofmiamibeach","article_modified_time":"2025-10-22T17:22:36+00:00","og_image":[{"url":"https:\/\/www.miamibeachfl.gov\/wp-content\/uploads\/2023\/03\/mdbc.png","type":"","width":"","height":""}],"twitter_card":"summary_large_image","twitter_site":"@Miamibeachnews","schema":{"@context":"https:\/\/schema.org","@graph":[{"@type":"WebPage","@id":"https:\/\/www.miamibeachfl.gov\/business\/whymb\/dashboard\/","url":"https:\/\/www.miamibeachfl.gov\/business\/whymb\/dashboard\/","name":"Tablodb\u00f2 MBbiz - Vil Miami Beach","isPartOf":{"@id":"https:\/\/www.miamibeachfl.gov\/#website"},"primaryImageOfPage":{"@id":"https:\/\/www.miamibeachfl.gov\/business\/whymb\/dashboard\/#primaryimage"},"image":{"@id":"https:\/\/www.miamibeachfl.gov\/business\/whymb\/dashboard\/#primaryimage"},"thumbnailUrl":"https:\/\/www.miamibeachfl.gov\/wp-content\/uploads\/2023\/03\/mdbc.png","datePublished":"2022-07-21T17:51:20+00:00","dateModified":"2025-10-22T17:22:36+00:00","description":"%","breadcrumb":{"@id":"https:\/\/www.miamibeachfl.gov\/business\/whymb\/dashboard\/#breadcrumb"},"inLanguage":"ht","potentialAction":[{"@type":"ReadAction","target":["https:\/\/www.miamibeachfl.gov\/business\/whymb\/dashboard\/"]}]},{"@type":"ImageObject","inLanguage":"ht","@id":"https:\/\/www.miamibeachfl.gov\/business\/whymb\/dashboard\/#primaryimage","url":"https:\/\/www.miamibeachfl.gov\/wp-content\/uploads\/2023\/03\/mdbc.png","contentUrl":"https:\/\/www.miamibeachfl.gov\/wp-content\/uploads\/2023\/03\/mdbc.png"},{"@type":"BreadcrumbList","@id":"https:\/\/www.miamibeachfl.gov\/business\/whymb\/dashboard\/#breadcrumb","itemListElement":[{"@type":"ListItem","position":1,"name":"Home","item":"https:\/\/www.miamibeachfl.gov\/"},{"@type":"ListItem","position":2,"name":"Business","item":"https:\/\/www.miamibeachfl.gov\/business\/"},{"@type":"ListItem","position":3,"name":"Why MB","item":"https:\/\/www.miamibeachfl.gov\/business\/whymb\/"},{"@type":"ListItem","position":4,"name":"MBbiz Dashboard"}]},{"@type":"WebSite","@id":"https:\/\/www.miamibeachfl.gov\/#website","url":"https:\/\/www.miamibeachfl.gov\/","name":"Vil Miami Beach","description":"Sitw\u00e8b ofisy\u00e8l Vil Miami Beach la. Rete enf\u00f2me, jwenn enf\u00f2masyon enp\u00f2tan sou s\u00e8vis vil la, nouv\u00e8l, al\u00e8t, ev\u00e8nman, wout tramway, travay gouv\u00e8nman an ak plis ank\u00f2.","publisher":{"@id":"https:\/\/www.miamibeachfl.gov\/#organization"},"potentialAction":[{"@type":"SearchAction","target":{"@type":"EntryPoint","urlTemplate":"https:\/\/www.miamibeachfl.gov\/?s={search_term_string}"},"query-input":{"@type":"PropertyValueSpecification","valueRequired":true,"valueName":"search_term_string"}}],"inLanguage":"ht"},{"@type":"Organization","@id":"https:\/\/www.miamibeachfl.gov\/#organization","name":"Vil Miami Beach","url":"https:\/\/www.miamibeachfl.gov\/","logo":{"@type":"ImageObject","inLanguage":"ht","@id":"https:\/\/www.miamibeachfl.gov\/#\/schema\/logo\/image\/","url":"https:\/\/www.miamibeachfl.gov\/wp-content\/uploads\/2022\/06\/miamibeach-logoblue.png","contentUrl":"https:\/\/www.miamibeachfl.gov\/wp-content\/uploads\/2022\/06\/miamibeach-logoblue.png","width":1962,"height":381,"caption":"City of Miami Beach"},"image":{"@id":"https:\/\/www.miamibeachfl.gov\/#\/schema\/logo\/image\/"},"sameAs":["https:\/\/www.facebook.com\/cityofmiamibeach","https:\/\/x.com\/Miamibeachnews","https:\/\/www.instagram.com\/miamibeachnews\/"],"description":"Sitw\u00e8b ofisy\u00e8l Vil Miami Beach la. Rete enf\u00f2me, jwenn enf\u00f2masyon enp\u00f2tan sou s\u00e8vis vil la, nouv\u00e8l, al\u00e8t, ev\u00e8nman, wout tramway, travay gouv\u00e8nman an ak plis ank\u00f2.","telephone":"305.604.CITY(2489)","legalName":"City of Miami Beach"}]}},"_links":{"self":[{"href":"https:\/\/www.miamibeachfl.gov\/ht\/wp-json\/wp\/v2\/pages\/198468","targetHints":{"allow":["GET"]}}],"collection":[{"href":"https:\/\/www.miamibeachfl.gov\/ht\/wp-json\/wp\/v2\/pages"}],"about":[{"href":"https:\/\/www.miamibeachfl.gov\/ht\/wp-json\/wp\/v2\/types\/page"}],"author":[{"embeddable":true,"href":"https:\/\/www.miamibeachfl.gov\/ht\/wp-json\/wp\/v2\/users\/222"}],"replies":[{"embeddable":true,"href":"https:\/\/www.miamibeachfl.gov\/ht\/wp-json\/wp\/v2\/comments?post=198468"}],"version-history":[{"count":5,"href":"https:\/\/www.miamibeachfl.gov\/ht\/wp-json\/wp\/v2\/pages\/198468\/revisions"}],"predecessor-version":[{"id":390704,"href":"https:\/\/www.miamibeachfl.gov\/ht\/wp-json\/wp\/v2\/pages\/198468\/revisions\/390704"}],"up":[{"embeddable":true,"href":"https:\/\/www.miamibeachfl.gov\/ht\/wp-json\/wp\/v2\/pages\/197304"}],"wp:attachment":[{"href":"https:\/\/www.miamibeachfl.gov\/ht\/wp-json\/wp\/v2\/media?parent=198468"}],"wp:term":[{"taxonomy":"category","embeddable":true,"href":"https:\/\/www.miamibeachfl.gov\/ht\/wp-json\/wp\/v2\/categories?post=198468"},{"taxonomy":"post_tag","embeddable":true,"href":"https:\/\/www.miamibeachfl.gov\/ht\/wp-json\/wp\/v2\/tags?post=198468"}],"curies":[{"name":"wp","href":"https:\/\/api.w.org\/{rel}","templated":true}]}}