{"id":201022,"date":"2022-08-16T12:17:53","date_gmt":"2022-08-16T16:17:53","guid":{"rendered":"https:\/\/www.miamibeachfl.gov\/?page_id=201022"},"modified":"2025-12-31T16:17:51","modified_gmt":"2025-12-31T21:17:51","slug":"miami-city-ballet","status":"publish","type":"page","link":"https:\/\/www.miamibeachfl.gov\/ht\/2022election-info\/miami-city-ballet\/","title":{"rendered":"Bal\u00e8 Vil Miami"},"content":{"rendered":"<h3>\n\t\t\tEnstalasyon Kiltir\u00e8l Vil la\t<\/h3>\n<h3>\n\t\t\tBal\u00e8 Vil Miami\t<\/h3>\n\t\t\t<a href=\"https:\/\/www.miamibeachfl.gov\/ht\/2022election\/\" target=\"_self\">\n\t\t\t\t\t\tRetounen nan kesyon bilten v\u00f2t Eleksyon 2022 yo\n\t\t\t\t\t<\/a>\n\t\t\t<a href=\"https:\/\/www.miamibeachfl.gov\/wp-content\/uploads\/2022\/09\/Miami-City-Ballet.pdf\" target=\"_blank\" rel=\"noopener\">\n\t\t\t\t\t\tTelechaje PDF la\n\t\t\t\t\t<\/a>\n<h3>\n\t\t\tIstorik \u00f2ganizasyon\u00e8l\t<\/h3>\n\t<p>Sitiye nan k\u00e8 South Beach epi dirije pa Direkt\u00e8 Atistik Lourdes Lopez, Miami City Ballet nouri dans\u00e8 yo, kreye kolaborasyon inovat\u00e8, epi louvri avni enklizyon nan bal\u00e8 klasik. Te fonde an 1985 pa Toby Lerner Ansin ak Direkt\u00e8 Atistik Fondat\u00e8 Edward Villella, MCB fy\u00e8 d\u00e8ske li gen yon rep\u00e8twa 110 bale, ki gen ladan 18 premye mondyal. Konpayi an s\u00e8vi 100,000 kliyan chak ane atrav\u00e8 p\u00e8f\u00f2mans ak pwogram nan Miami Beach, atrav\u00e8 Sid Florid, ak angajman an tourn\u00e9e. Konpayi an ankre nan bilding siyati li nan Miami Beach, epi li itilize etablisman sa a pou repete pandan tout ane a epi bay pwogram kominot\u00e8 nan Teyat Wolfson li a. <\/p>\n<p>Lek\u00f2l MCB a ofri $500,000 bous detid any\u00e8l pou el\u00e8v ki soti nan div\u00e8s kouch sosyoekonomik. Chak ane lek\u00f2l, plis pase 400 el\u00e8v - anpil ladan yo soti Miami Beach - patisipe nan pwogram f\u00f2masyon bal\u00e8 Lek\u00f2l MCB a. Pwogram oksily\u00e8 yo gen ladan plizy\u00e8 kou entansif ete, atelye f\u00f2masyon koregrafik, ak kou kominot\u00e8 ouv\u00e8 pou piblik la - tout bagay sa yo atire pr\u00e8ske 1,500 el\u00e8v chak ane. Tout kou Lek\u00f2l la f\u00e8t nan etablisman prensipal la nan Miami Beach. <\/p>\n<p>Av\u00e8k plis pase 12,000 el\u00e8v chak ane nan lek\u00f2l, kominote ak sant s\u00e8vis sosyal, pwogram angajman kominot\u00e8 MCB yo vize s\u00e8vi pouvwa bal\u00e8 a pou ankouraje, ini, anchante, epi pote lajwa. MCB kolabore av\u00e8k patn\u00e8 kominot\u00e8 yo tankou Vil Miami Beach pou pote kourikoul\u00f2m STEAM ak pwogram Explore Dance After School nan Lek\u00f2l Tit I yo. MCB asosye tou av\u00e8k lokal tankou Colony Theatre pou \u00f2ganize pwogram p\u00e8f\u00f2mans gratis Ballet for Young People ak p\u00e8f\u00f2mans Konpayi an. <\/p>\n\t<iframe src=\"https:\/\/www.google.com\/maps\/embed\/v1\/place?q=2200+liberty+avenue+Miami+Beach+FL&#038;key=AIzaSyD09zQ9PNDNNy9TadMuzRV_UsPUoWKntt8\" aria-hidden=\"true\"><\/iframe>\n\t<h3>Lis Amelyorasyon Kapital yo<\/h3>\t\n\t<ul>\n<li>Amelyorasyon Teyat Wolfson<\/li>\n<li>Kapasite Konv\u00e8syon Studio<\/li>\n<li>L\u00f2t amelyorasyon estidyo ak enstalasyon yo<\/li>\n<li>Amelyorasyon Lojman pou Travay\u00e8 yo<\/li>\n<\/ul>\n\t<h3>Del\u00e8 Pwoj\u00e8 Estimatif<\/h3>\t\n\t<p>Apepr\u00e8 nan 36 mwa<\/p>\n\t<h3>Montan Pwoj\u00e8 a<\/h3>\t\n\t<p>16,000,000<\/p>\n\t<h3>Bal\u00e8 Vil Miami<\/h3><p><strong><a href=\"http:\/\/www.miamicityballet.org\">Vizite www.miamicityballet.org pou plis enf\u00f2masyon<\/a><\/strong><\/p>","protected":false},"excerpt":{"rendered":"<p>City-Owned Cultural Facilties Miami City Ballet Return to Election 2022 Ballot Questions Download PDF Organizational Background Located in the heart [&hellip;]<\/p>\n","protected":false},"author":222,"featured_media":0,"parent":200517,"menu_order":178,"comment_status":"closed","ping_status":"closed","template":"","meta":{"_searchwp_excluded":"","site-sidebar-layout":"default","site-content-layout":"","ast-site-content-layout":"default","site-content-style":"default","site-sidebar-style":"default","ast-global-header-display":"","ast-banner-title-visibility":"","ast-main-header-display":"","ast-hfb-above-header-display":"","ast-hfb-below-header-display":"","ast-hfb-mobile-header-display":"","site-post-title":"","ast-breadcrumbs-content":"","ast-featured-img":"","footer-sml-layout":"","theme-transparent-header-meta":"","adv-header-id-meta":"","stick-header-meta":"","header-above-stick-meta":"","header-main-stick-meta":"","header-below-stick-meta":"","astra-migrate-meta-layouts":"default","ast-page-background-enabled":"default","ast-page-background-meta":{"desktop":{"background-color":"var(--ast-global-color-5)","background-image":"","background-repeat":"repeat","background-position":"center center","background-size":"auto","background-attachment":"scroll","background-type":"","background-media":"","overlay-type":"","overlay-color":"","overlay-opacity":"","overlay-gradient":""},"tablet":{"background-color":"","background-image":"","background-repeat":"repeat","background-position":"center center","background-size":"auto","background-attachment":"scroll","background-type":"","background-media":"","overlay-type":"","overlay-color":"","overlay-opacity":"","overlay-gradient":""},"mobile":{"background-color":"","background-image":"","background-repeat":"repeat","background-position":"center center","background-size":"auto","background-attachment":"scroll","background-type":"","background-media":"","overlay-type":"","overlay-color":"","overlay-opacity":"","overlay-gradient":""}},"ast-content-background-meta":{"desktop":{"background-color":"var(--ast-global-color-4)","background-image":"","background-repeat":"repeat","background-position":"center center","background-size":"auto","background-attachment":"scroll","background-type":"","background-media":"","overlay-type":"","overlay-color":"","overlay-opacity":"","overlay-gradient":""},"tablet":{"background-color":"var(--ast-global-color-4)","background-image":"","background-repeat":"repeat","background-position":"center center","background-size":"auto","background-attachment":"scroll","background-type":"","background-media":"","overlay-type":"","overlay-color":"","overlay-opacity":"","overlay-gradient":""},"mobile":{"background-color":"var(--ast-global-color-4)","background-image":"","background-repeat":"repeat","background-position":"center center","background-size":"auto","background-attachment":"scroll","background-type":"","background-media":"","overlay-type":"","overlay-color":"","overlay-opacity":"","overlay-gradient":""}},"footnotes":""},"categories":[],"tags":[],"class_list":["post-201022","page","type-page","status-publish","hentry"],"yoast_head":"<!-- This site is optimized with the Yoast SEO Premium plugin v27.4 (Yoast SEO v27.4) - https:\/\/yoast.com\/product\/yoast-seo-premium-wordpress\/ -->\n<title>Miami City Ballet - City of Miami Beach<\/title>\n<meta name=\"description\" content=\"%\" \/>\n<meta name=\"robots\" content=\"index, follow, max-snippet:-1, max-image-preview:large, max-video-preview:-1\" \/>\n<link rel=\"canonical\" href=\"https:\/\/www.miamibeachfl.gov\/ht\/2022election-info\/miami-city-ballet\/\" \/>\n<meta property=\"og:locale\" content=\"ht_HT\" \/>\n<meta property=\"og:type\" content=\"article\" \/>\n<meta property=\"og:title\" content=\"Miami City Ballet\" \/>\n<meta property=\"og:description\" content=\"%\" \/>\n<meta property=\"og:url\" content=\"https:\/\/www.miamibeachfl.gov\/ht\/2022election-info\/miami-city-ballet\/\" \/>\n<meta property=\"og:site_name\" content=\"City of Miami Beach\" \/>\n<meta property=\"article:publisher\" content=\"https:\/\/www.facebook.com\/cityofmiamibeach\" \/>\n<meta property=\"article:modified_time\" content=\"2025-12-31T21:17:51+00:00\" \/>\n<meta property=\"og:image\" content=\"https:\/\/www.miamibeachfl.gov\/wp-content\/uploads\/2024\/01\/1000pxSquare-miamibeach-aerial-southpointview.jpeg\" \/>\n\t<meta property=\"og:image:width\" content=\"1000\" \/>\n\t<meta property=\"og:image:height\" content=\"1000\" \/>\n\t<meta property=\"og:image:type\" content=\"image\/jpeg\" \/>\n<meta name=\"twitter:card\" content=\"summary_large_image\" \/>\n<meta name=\"twitter:site\" content=\"@Miamibeachnews\" \/>\n<script type=\"application\/ld+json\" class=\"yoast-schema-graph\">{\"@context\":\"https:\\\/\\\/schema.org\",\"@graph\":[{\"@type\":\"WebPage\",\"@id\":\"https:\\\/\\\/www.miamibeachfl.gov\\\/2022election-info\\\/miami-city-ballet\\\/\",\"url\":\"https:\\\/\\\/www.miamibeachfl.gov\\\/2022election-info\\\/miami-city-ballet\\\/\",\"name\":\"Miami City Ballet - City of Miami Beach\",\"isPartOf\":{\"@id\":\"https:\\\/\\\/www.miamibeachfl.gov\\\/#website\"},\"datePublished\":\"2022-08-16T16:17:53+00:00\",\"dateModified\":\"2025-12-31T21:17:51+00:00\",\"description\":\"%\",\"breadcrumb\":{\"@id\":\"https:\\\/\\\/www.miamibeachfl.gov\\\/2022election-info\\\/miami-city-ballet\\\/#breadcrumb\"},\"inLanguage\":\"ht\",\"potentialAction\":[{\"@type\":\"ReadAction\",\"target\":[\"https:\\\/\\\/www.miamibeachfl.gov\\\/2022election-info\\\/miami-city-ballet\\\/\"]}]},{\"@type\":\"BreadcrumbList\",\"@id\":\"https:\\\/\\\/www.miamibeachfl.gov\\\/2022election-info\\\/miami-city-ballet\\\/#breadcrumb\",\"itemListElement\":[{\"@type\":\"ListItem\",\"position\":1,\"name\":\"Home\",\"item\":\"https:\\\/\\\/www.miamibeachfl.gov\\\/\"},{\"@type\":\"ListItem\",\"position\":2,\"name\":\"2022 Election\",\"item\":\"https:\\\/\\\/www.miamibeachfl.gov\\\/2022election-info\\\/\"},{\"@type\":\"ListItem\",\"position\":3,\"name\":\"Miami City Ballet\"}]},{\"@type\":\"WebSite\",\"@id\":\"https:\\\/\\\/www.miamibeachfl.gov\\\/#website\",\"url\":\"https:\\\/\\\/www.miamibeachfl.gov\\\/\",\"name\":\"City of Miami Beach\",\"description\":\"The official website of the City of Miami Beach. Stay informed, find important information on city services, news, alerts, events, trolley routes, government employment and more.\",\"publisher\":{\"@id\":\"https:\\\/\\\/www.miamibeachfl.gov\\\/#organization\"},\"potentialAction\":[{\"@type\":\"SearchAction\",\"target\":{\"@type\":\"EntryPoint\",\"urlTemplate\":\"https:\\\/\\\/www.miamibeachfl.gov\\\/?s={search_term_string}\"},\"query-input\":{\"@type\":\"PropertyValueSpecification\",\"valueRequired\":true,\"valueName\":\"search_term_string\"}}],\"inLanguage\":\"ht\"},{\"@type\":\"Organization\",\"@id\":\"https:\\\/\\\/www.miamibeachfl.gov\\\/#organization\",\"name\":\"City of Miami Beach\",\"url\":\"https:\\\/\\\/www.miamibeachfl.gov\\\/\",\"logo\":{\"@type\":\"ImageObject\",\"inLanguage\":\"ht\",\"@id\":\"https:\\\/\\\/www.miamibeachfl.gov\\\/#\\\/schema\\\/logo\\\/image\\\/\",\"url\":\"https:\\\/\\\/www.miamibeachfl.gov\\\/wp-content\\\/uploads\\\/2022\\\/06\\\/miamibeach-logoblue.png\",\"contentUrl\":\"https:\\\/\\\/www.miamibeachfl.gov\\\/wp-content\\\/uploads\\\/2022\\\/06\\\/miamibeach-logoblue.png\",\"width\":1962,\"height\":381,\"caption\":\"City of Miami Beach\"},\"image\":{\"@id\":\"https:\\\/\\\/www.miamibeachfl.gov\\\/#\\\/schema\\\/logo\\\/image\\\/\"},\"sameAs\":[\"https:\\\/\\\/www.facebook.com\\\/cityofmiamibeach\",\"https:\\\/\\\/x.com\\\/Miamibeachnews\",\"https:\\\/\\\/www.instagram.com\\\/miamibeachnews\\\/\"],\"description\":\"The official website of the City of Miami Beach. Stay informed, find important information on city services, news, alerts, events, trolley routes, government employment and more.\",\"telephone\":\"305.604.CITY(2489)\",\"legalName\":\"City of Miami Beach\"}]}<\/script>\n<!-- \/ Yoast SEO Premium plugin. -->","yoast_head_json":{"title":"Bal\u00e8 Vil Miami - Vil Miami Beach","description":"%","robots":{"index":"index","follow":"follow","max-snippet":"max-snippet:-1","max-image-preview":"max-image-preview:large","max-video-preview":"max-video-preview:-1"},"canonical":"https:\/\/www.miamibeachfl.gov\/ht\/2022election-info\/miami-city-ballet\/","og_locale":"ht_HT","og_type":"article","og_title":"Miami City Ballet","og_description":"%","og_url":"https:\/\/www.miamibeachfl.gov\/ht\/2022election-info\/miami-city-ballet\/","og_site_name":"City of Miami Beach","article_publisher":"https:\/\/www.facebook.com\/cityofmiamibeach","article_modified_time":"2025-12-31T21:17:51+00:00","og_image":[{"width":1000,"height":1000,"url":"https:\/\/www.miamibeachfl.gov\/wp-content\/uploads\/2024\/01\/1000pxSquare-miamibeach-aerial-southpointview.jpeg","type":"image\/jpeg"}],"twitter_card":"summary_large_image","twitter_site":"@Miamibeachnews","schema":{"@context":"https:\/\/schema.org","@graph":[{"@type":"WebPage","@id":"https:\/\/www.miamibeachfl.gov\/2022election-info\/miami-city-ballet\/","url":"https:\/\/www.miamibeachfl.gov\/2022election-info\/miami-city-ballet\/","name":"Bal\u00e8 Vil Miami - Vil Miami Beach","isPartOf":{"@id":"https:\/\/www.miamibeachfl.gov\/#website"},"datePublished":"2022-08-16T16:17:53+00:00","dateModified":"2025-12-31T21:17:51+00:00","description":"%","breadcrumb":{"@id":"https:\/\/www.miamibeachfl.gov\/2022election-info\/miami-city-ballet\/#breadcrumb"},"inLanguage":"ht","potentialAction":[{"@type":"ReadAction","target":["https:\/\/www.miamibeachfl.gov\/2022election-info\/miami-city-ballet\/"]}]},{"@type":"BreadcrumbList","@id":"https:\/\/www.miamibeachfl.gov\/2022election-info\/miami-city-ballet\/#breadcrumb","itemListElement":[{"@type":"ListItem","position":1,"name":"Home","item":"https:\/\/www.miamibeachfl.gov\/"},{"@type":"ListItem","position":2,"name":"2022 Election","item":"https:\/\/www.miamibeachfl.gov\/2022election-info\/"},{"@type":"ListItem","position":3,"name":"Miami City Ballet"}]},{"@type":"WebSite","@id":"https:\/\/www.miamibeachfl.gov\/#website","url":"https:\/\/www.miamibeachfl.gov\/","name":"Vil Miami Beach","description":"Sitw\u00e8b ofisy\u00e8l Vil Miami Beach la. Rete enf\u00f2me, jwenn enf\u00f2masyon enp\u00f2tan sou s\u00e8vis vil la, nouv\u00e8l, al\u00e8t, ev\u00e8nman, wout tramway, travay gouv\u00e8nman an ak plis ank\u00f2.","publisher":{"@id":"https:\/\/www.miamibeachfl.gov\/#organization"},"potentialAction":[{"@type":"SearchAction","target":{"@type":"EntryPoint","urlTemplate":"https:\/\/www.miamibeachfl.gov\/?s={search_term_string}"},"query-input":{"@type":"PropertyValueSpecification","valueRequired":true,"valueName":"search_term_string"}}],"inLanguage":"ht"},{"@type":"Organization","@id":"https:\/\/www.miamibeachfl.gov\/#organization","name":"Vil Miami Beach","url":"https:\/\/www.miamibeachfl.gov\/","logo":{"@type":"ImageObject","inLanguage":"ht","@id":"https:\/\/www.miamibeachfl.gov\/#\/schema\/logo\/image\/","url":"https:\/\/www.miamibeachfl.gov\/wp-content\/uploads\/2022\/06\/miamibeach-logoblue.png","contentUrl":"https:\/\/www.miamibeachfl.gov\/wp-content\/uploads\/2022\/06\/miamibeach-logoblue.png","width":1962,"height":381,"caption":"City of Miami Beach"},"image":{"@id":"https:\/\/www.miamibeachfl.gov\/#\/schema\/logo\/image\/"},"sameAs":["https:\/\/www.facebook.com\/cityofmiamibeach","https:\/\/x.com\/Miamibeachnews","https:\/\/www.instagram.com\/miamibeachnews\/"],"description":"Sitw\u00e8b ofisy\u00e8l Vil Miami Beach la. Rete enf\u00f2me, jwenn enf\u00f2masyon enp\u00f2tan sou s\u00e8vis vil la, nouv\u00e8l, al\u00e8t, ev\u00e8nman, wout tramway, travay gouv\u00e8nman an ak plis ank\u00f2.","telephone":"305.604.CITY(2489)","legalName":"City of Miami Beach"}]}},"_links":{"self":[{"href":"https:\/\/www.miamibeachfl.gov\/ht\/wp-json\/wp\/v2\/pages\/201022","targetHints":{"allow":["GET"]}}],"collection":[{"href":"https:\/\/www.miamibeachfl.gov\/ht\/wp-json\/wp\/v2\/pages"}],"about":[{"href":"https:\/\/www.miamibeachfl.gov\/ht\/wp-json\/wp\/v2\/types\/page"}],"author":[{"embeddable":true,"href":"https:\/\/www.miamibeachfl.gov\/ht\/wp-json\/wp\/v2\/users\/222"}],"replies":[{"embeddable":true,"href":"https:\/\/www.miamibeachfl.gov\/ht\/wp-json\/wp\/v2\/comments?post=201022"}],"version-history":[{"count":2,"href":"https:\/\/www.miamibeachfl.gov\/ht\/wp-json\/wp\/v2\/pages\/201022\/revisions"}],"predecessor-version":[{"id":394364,"href":"https:\/\/www.miamibeachfl.gov\/ht\/wp-json\/wp\/v2\/pages\/201022\/revisions\/394364"}],"up":[{"embeddable":true,"href":"https:\/\/www.miamibeachfl.gov\/ht\/wp-json\/wp\/v2\/pages\/200517"}],"wp:attachment":[{"href":"https:\/\/www.miamibeachfl.gov\/ht\/wp-json\/wp\/v2\/media?parent=201022"}],"wp:term":[{"taxonomy":"category","embeddable":true,"href":"https:\/\/www.miamibeachfl.gov\/ht\/wp-json\/wp\/v2\/categories?post=201022"},{"taxonomy":"post_tag","embeddable":true,"href":"https:\/\/www.miamibeachfl.gov\/ht\/wp-json\/wp\/v2\/tags?post=201022"}],"curies":[{"name":"wp","href":"https:\/\/api.w.org\/{rel}","templated":true}]}}