{"id":201735,"date":"2022-08-25T14:03:15","date_gmt":"2022-08-25T18:03:15","guid":{"rendered":"https:\/\/www.miamibeachfl.gov\/?page_id=201735"},"modified":"2025-12-31T16:28:43","modified_gmt":"2025-12-31T21:28:43","slug":"bass-museum-of-art","status":"publish","type":"page","link":"https:\/\/www.miamibeachfl.gov\/ht\/2022election-info\/bass-museum-of-art\/","title":{"rendered":"Mize Atizay Bass"},"content":{"rendered":"<h3>\n\t\t\tEnstalasyon Kiltir\u00e8l Vil la\t<\/h3>\n<h3>\n\t\t\tMize Atizay Bass \t<\/h3>\n\t\t\t<a href=\"https:\/\/www.miamibeachfl.gov\/ht\/2022election\/\" target=\"_self\">\n\t\t\t\t\t\tRetounen nan kesyon bilten v\u00f2t Eleksyon 2022 yo\n\t\t\t\t\t<\/a>\n\t\t\t<a href=\"https:\/\/www.miamibeachfl.gov\/wp-content\/uploads\/2022\/09\/Bass-Museum-of-Art.pdf\" target=\"_blank\" rel=\"noopener\">\n\t\t\t\t\t\tTelechaje PDF la\n\t\t\t\t\t<\/a>\n<h3>\n\t\t\tIstorik \u00f2ganizasyon\u00e8l\t<\/h3>\n\t<p>The Bass se mize atizay kontanporen Miami Beach la. Konsantre sou ekspozisyon atizay kontanporen ent\u00e8nasyonal, The Bass prezante atis ki nan mitan kary\u00e8 yo ak atis etabli ki reflete lespri ak karakt\u00e8 ent\u00e8nasyonal Miami Beach. The Bass ap ch\u00e8che enk\u00f2pore div\u00e8s disiplin nan kilti kontanporen, tankou konsepsyon, m\u00f2d ak achitekti, nan pwogram ekspozisyon li an. Pwogramasyon The Bass la anglobe yon pak\u00e8t pwen de vi medya ak atistik ki elaji div\u00e8s peyizaj kiltir\u00e8l s\u00e8n atistik Miami Beach la. <\/p>\n<p>Bass la kenbe yon pwogram edikasyon pou aprantisaj pandan tout lavi ak vizit\u00e8 tout laj. Inisyativ edikasyon Bass IDEAS la itilize atizay k\u00f2m yon katalis pou kreyativite ak kwasans pozitif, espesyalman nan dom\u00e8n edikasyon timoun piti. Pwogram lek\u00f2l aktif ki dirije pa Vil Miami Beach la, ki rele STEAM+, mennen Bass IDEAS la yon l\u00f2t kote l\u00e8 li angaje timoun nan Lek\u00f2l Piblik Konte Miami-Dade yo epi entegre edikasyon atistik nan kourikoul\u00f2m nan. <\/p>\n\t<iframe src=\"https:\/\/www.google.com\/maps\/embed\/v1\/place?q=2100+Colins+Avenue%2C+Miami+Beach+FL&#038;key=AIzaSyD09zQ9PNDNNy9TadMuzRV_UsPUoWKntt8\" aria-hidden=\"true\" title=\"Adr\u00e8s Mize Atizay Bass la\"><\/iframe>\n\t<h3>Lis Amelyorasyon Kapital yo<\/h3>\t\n\t<ul>\n<li>Pwojekt\u00e8 ak ekran <\/li>\n<li>Sist\u00e8m lonbraj otomatik pou lakou ak sant kreyativite  <\/li>\n<li>Bouk Endiksyon Odyo Lakou  <\/li>\n<li>Sist\u00e8m ekleraj entery\u00e8 Lumitrix pou entery\u00e8 ak ekstery\u00e8  <\/li>\n<li>P\u00f2t anl\u00e8 klas kom\u00e8syal  <\/li>\n<li>Ekipman A\/V amelyore  <\/li>\n<li>Ekleraj tras galri  <\/li>\n<li>Bouk Endiksyon Odyo Sant Kreyativite  <\/li>\n<li>Transf\u00f2mat\u00e8 Lobi <\/li>\n<li>Sist\u00e8m oryantasyon ki baze sou baliz  <\/li>\n<li>Pwen aks\u00e8 WiFi nan Collins Park  <\/li>\n<li>Ranplase nech\u00e8l ki monte sou miray la <\/li>\n<li>Renouv\u00e8lman sist\u00e8m echapman <\/li>\n<li>Ranplasman sist\u00e8m alam dife <\/li>\n<\/ul>\n\t<h3>Del\u00e8 Pwoj\u00e8 Estimatif<\/h3>\t\n\t<p>Apepr\u00e8 24-36 mwa<\/p>\n\t<h3>Montan Pwoj\u00e8 a<\/h3>\t\n\t<p>$20,100,000<\/p>\n\t<h3>Tanpri vizite www.thebass.org pou plis enf\u00f2masyon.<\/h3><p><strong><a href=\"http:\/\/www.thebass.org\">http:\/\/www.thebass.org<\/a><\/strong><\/p>","protected":false},"excerpt":{"rendered":"<p>City-Owned Cultural Facilties Bass Museum of Art Return to Election 2022 Ballot Questions Download PDF Organizational Background The Bass is [&hellip;]<\/p>\n","protected":false},"author":222,"featured_media":0,"parent":200517,"menu_order":178,"comment_status":"closed","ping_status":"closed","template":"","meta":{"_searchwp_excluded":"","site-sidebar-layout":"default","site-content-layout":"","ast-site-content-layout":"default","site-content-style":"default","site-sidebar-style":"default","ast-global-header-display":"","ast-banner-title-visibility":"","ast-main-header-display":"","ast-hfb-above-header-display":"","ast-hfb-below-header-display":"","ast-hfb-mobile-header-display":"","site-post-title":"","ast-breadcrumbs-content":"","ast-featured-img":"","footer-sml-layout":"","theme-transparent-header-meta":"","adv-header-id-meta":"","stick-header-meta":"","header-above-stick-meta":"","header-main-stick-meta":"","header-below-stick-meta":"","astra-migrate-meta-layouts":"default","ast-page-background-enabled":"default","ast-page-background-meta":{"desktop":{"background-color":"var(--ast-global-color-5)","background-image":"","background-repeat":"repeat","background-position":"center center","background-size":"auto","background-attachment":"scroll","background-type":"","background-media":"","overlay-type":"","overlay-color":"","overlay-opacity":"","overlay-gradient":""},"tablet":{"background-color":"","background-image":"","background-repeat":"repeat","background-position":"center center","background-size":"auto","background-attachment":"scroll","background-type":"","background-media":"","overlay-type":"","overlay-color":"","overlay-opacity":"","overlay-gradient":""},"mobile":{"background-color":"","background-image":"","background-repeat":"repeat","background-position":"center center","background-size":"auto","background-attachment":"scroll","background-type":"","background-media":"","overlay-type":"","overlay-color":"","overlay-opacity":"","overlay-gradient":""}},"ast-content-background-meta":{"desktop":{"background-color":"var(--ast-global-color-4)","background-image":"","background-repeat":"repeat","background-position":"center center","background-size":"auto","background-attachment":"scroll","background-type":"","background-media":"","overlay-type":"","overlay-color":"","overlay-opacity":"","overlay-gradient":""},"tablet":{"background-color":"var(--ast-global-color-4)","background-image":"","background-repeat":"repeat","background-position":"center center","background-size":"auto","background-attachment":"scroll","background-type":"","background-media":"","overlay-type":"","overlay-color":"","overlay-opacity":"","overlay-gradient":""},"mobile":{"background-color":"var(--ast-global-color-4)","background-image":"","background-repeat":"repeat","background-position":"center center","background-size":"auto","background-attachment":"scroll","background-type":"","background-media":"","overlay-type":"","overlay-color":"","overlay-opacity":"","overlay-gradient":""}},"footnotes":""},"categories":[],"tags":[],"class_list":["post-201735","page","type-page","status-publish","hentry"],"yoast_head":"<!-- This site is optimized with the Yoast SEO Premium plugin v27.4 (Yoast SEO v27.4) - https:\/\/yoast.com\/product\/yoast-seo-premium-wordpress\/ -->\n<title>Bass Museum of Art - City of Miami Beach<\/title>\n<meta name=\"description\" content=\"%\" \/>\n<meta name=\"robots\" content=\"index, follow, max-snippet:-1, max-image-preview:large, max-video-preview:-1\" \/>\n<link rel=\"canonical\" href=\"https:\/\/www.miamibeachfl.gov\/ht\/2022election-info\/bass-museum-of-art\/\" \/>\n<meta property=\"og:locale\" content=\"ht_HT\" \/>\n<meta property=\"og:type\" content=\"article\" \/>\n<meta property=\"og:title\" content=\"Bass Museum of Art\" \/>\n<meta property=\"og:description\" content=\"%\" \/>\n<meta property=\"og:url\" content=\"https:\/\/www.miamibeachfl.gov\/ht\/2022election-info\/bass-museum-of-art\/\" \/>\n<meta property=\"og:site_name\" content=\"City of Miami Beach\" \/>\n<meta property=\"article:publisher\" content=\"https:\/\/www.facebook.com\/cityofmiamibeach\" \/>\n<meta property=\"article:modified_time\" content=\"2025-12-31T21:28:43+00:00\" \/>\n<meta property=\"og:image\" content=\"https:\/\/www.miamibeachfl.gov\/wp-content\/uploads\/2024\/01\/1000pxSquare-miamibeach-aerial-southpointview.jpeg\" \/>\n\t<meta property=\"og:image:width\" content=\"1000\" \/>\n\t<meta property=\"og:image:height\" content=\"1000\" \/>\n\t<meta property=\"og:image:type\" content=\"image\/jpeg\" \/>\n<meta name=\"twitter:card\" content=\"summary_large_image\" \/>\n<meta name=\"twitter:site\" content=\"@Miamibeachnews\" \/>\n<script type=\"application\/ld+json\" class=\"yoast-schema-graph\">{\"@context\":\"https:\\\/\\\/schema.org\",\"@graph\":[{\"@type\":\"WebPage\",\"@id\":\"https:\\\/\\\/www.miamibeachfl.gov\\\/2022election-info\\\/bass-museum-of-art\\\/\",\"url\":\"https:\\\/\\\/www.miamibeachfl.gov\\\/2022election-info\\\/bass-museum-of-art\\\/\",\"name\":\"Bass Museum of Art - City of Miami Beach\",\"isPartOf\":{\"@id\":\"https:\\\/\\\/www.miamibeachfl.gov\\\/#website\"},\"datePublished\":\"2022-08-25T18:03:15+00:00\",\"dateModified\":\"2025-12-31T21:28:43+00:00\",\"description\":\"%\",\"breadcrumb\":{\"@id\":\"https:\\\/\\\/www.miamibeachfl.gov\\\/2022election-info\\\/bass-museum-of-art\\\/#breadcrumb\"},\"inLanguage\":\"ht\",\"potentialAction\":[{\"@type\":\"ReadAction\",\"target\":[\"https:\\\/\\\/www.miamibeachfl.gov\\\/2022election-info\\\/bass-museum-of-art\\\/\"]}]},{\"@type\":\"BreadcrumbList\",\"@id\":\"https:\\\/\\\/www.miamibeachfl.gov\\\/2022election-info\\\/bass-museum-of-art\\\/#breadcrumb\",\"itemListElement\":[{\"@type\":\"ListItem\",\"position\":1,\"name\":\"Home\",\"item\":\"https:\\\/\\\/www.miamibeachfl.gov\\\/\"},{\"@type\":\"ListItem\",\"position\":2,\"name\":\"2022 Election\",\"item\":\"https:\\\/\\\/www.miamibeachfl.gov\\\/2022election-info\\\/\"},{\"@type\":\"ListItem\",\"position\":3,\"name\":\"Bass Museum of Art\"}]},{\"@type\":\"WebSite\",\"@id\":\"https:\\\/\\\/www.miamibeachfl.gov\\\/#website\",\"url\":\"https:\\\/\\\/www.miamibeachfl.gov\\\/\",\"name\":\"City of Miami Beach\",\"description\":\"The official website of the City of Miami Beach. Stay informed, find important information on city services, news, alerts, events, trolley routes, government employment and more.\",\"publisher\":{\"@id\":\"https:\\\/\\\/www.miamibeachfl.gov\\\/#organization\"},\"potentialAction\":[{\"@type\":\"SearchAction\",\"target\":{\"@type\":\"EntryPoint\",\"urlTemplate\":\"https:\\\/\\\/www.miamibeachfl.gov\\\/?s={search_term_string}\"},\"query-input\":{\"@type\":\"PropertyValueSpecification\",\"valueRequired\":true,\"valueName\":\"search_term_string\"}}],\"inLanguage\":\"ht\"},{\"@type\":\"Organization\",\"@id\":\"https:\\\/\\\/www.miamibeachfl.gov\\\/#organization\",\"name\":\"City of Miami Beach\",\"url\":\"https:\\\/\\\/www.miamibeachfl.gov\\\/\",\"logo\":{\"@type\":\"ImageObject\",\"inLanguage\":\"ht\",\"@id\":\"https:\\\/\\\/www.miamibeachfl.gov\\\/#\\\/schema\\\/logo\\\/image\\\/\",\"url\":\"https:\\\/\\\/www.miamibeachfl.gov\\\/wp-content\\\/uploads\\\/2022\\\/06\\\/miamibeach-logoblue.png\",\"contentUrl\":\"https:\\\/\\\/www.miamibeachfl.gov\\\/wp-content\\\/uploads\\\/2022\\\/06\\\/miamibeach-logoblue.png\",\"width\":1962,\"height\":381,\"caption\":\"City of Miami Beach\"},\"image\":{\"@id\":\"https:\\\/\\\/www.miamibeachfl.gov\\\/#\\\/schema\\\/logo\\\/image\\\/\"},\"sameAs\":[\"https:\\\/\\\/www.facebook.com\\\/cityofmiamibeach\",\"https:\\\/\\\/x.com\\\/Miamibeachnews\",\"https:\\\/\\\/www.instagram.com\\\/miamibeachnews\\\/\"],\"description\":\"The official website of the City of Miami Beach. Stay informed, find important information on city services, news, alerts, events, trolley routes, government employment and more.\",\"telephone\":\"305.604.CITY(2489)\",\"legalName\":\"City of Miami Beach\"}]}<\/script>\n<!-- \/ Yoast SEO Premium plugin. -->","yoast_head_json":{"title":"Mize Atizay Bass - Vil Miami Beach","description":"%","robots":{"index":"index","follow":"follow","max-snippet":"max-snippet:-1","max-image-preview":"max-image-preview:large","max-video-preview":"max-video-preview:-1"},"canonical":"https:\/\/www.miamibeachfl.gov\/ht\/2022election-info\/bass-museum-of-art\/","og_locale":"ht_HT","og_type":"article","og_title":"Bass Museum of Art","og_description":"%","og_url":"https:\/\/www.miamibeachfl.gov\/ht\/2022election-info\/bass-museum-of-art\/","og_site_name":"City of Miami Beach","article_publisher":"https:\/\/www.facebook.com\/cityofmiamibeach","article_modified_time":"2025-12-31T21:28:43+00:00","og_image":[{"width":1000,"height":1000,"url":"https:\/\/www.miamibeachfl.gov\/wp-content\/uploads\/2024\/01\/1000pxSquare-miamibeach-aerial-southpointview.jpeg","type":"image\/jpeg"}],"twitter_card":"summary_large_image","twitter_site":"@Miamibeachnews","schema":{"@context":"https:\/\/schema.org","@graph":[{"@type":"WebPage","@id":"https:\/\/www.miamibeachfl.gov\/2022election-info\/bass-museum-of-art\/","url":"https:\/\/www.miamibeachfl.gov\/2022election-info\/bass-museum-of-art\/","name":"Mize Atizay Bass - Vil Miami Beach","isPartOf":{"@id":"https:\/\/www.miamibeachfl.gov\/#website"},"datePublished":"2022-08-25T18:03:15+00:00","dateModified":"2025-12-31T21:28:43+00:00","description":"%","breadcrumb":{"@id":"https:\/\/www.miamibeachfl.gov\/2022election-info\/bass-museum-of-art\/#breadcrumb"},"inLanguage":"ht","potentialAction":[{"@type":"ReadAction","target":["https:\/\/www.miamibeachfl.gov\/2022election-info\/bass-museum-of-art\/"]}]},{"@type":"BreadcrumbList","@id":"https:\/\/www.miamibeachfl.gov\/2022election-info\/bass-museum-of-art\/#breadcrumb","itemListElement":[{"@type":"ListItem","position":1,"name":"Home","item":"https:\/\/www.miamibeachfl.gov\/"},{"@type":"ListItem","position":2,"name":"2022 Election","item":"https:\/\/www.miamibeachfl.gov\/2022election-info\/"},{"@type":"ListItem","position":3,"name":"Bass Museum of Art"}]},{"@type":"WebSite","@id":"https:\/\/www.miamibeachfl.gov\/#website","url":"https:\/\/www.miamibeachfl.gov\/","name":"Vil Miami Beach","description":"Sitw\u00e8b ofisy\u00e8l Vil Miami Beach la. Rete enf\u00f2me, jwenn enf\u00f2masyon enp\u00f2tan sou s\u00e8vis vil la, nouv\u00e8l, al\u00e8t, ev\u00e8nman, wout tramway, travay gouv\u00e8nman an ak plis ank\u00f2.","publisher":{"@id":"https:\/\/www.miamibeachfl.gov\/#organization"},"potentialAction":[{"@type":"SearchAction","target":{"@type":"EntryPoint","urlTemplate":"https:\/\/www.miamibeachfl.gov\/?s={search_term_string}"},"query-input":{"@type":"PropertyValueSpecification","valueRequired":true,"valueName":"search_term_string"}}],"inLanguage":"ht"},{"@type":"Organization","@id":"https:\/\/www.miamibeachfl.gov\/#organization","name":"Vil Miami Beach","url":"https:\/\/www.miamibeachfl.gov\/","logo":{"@type":"ImageObject","inLanguage":"ht","@id":"https:\/\/www.miamibeachfl.gov\/#\/schema\/logo\/image\/","url":"https:\/\/www.miamibeachfl.gov\/wp-content\/uploads\/2022\/06\/miamibeach-logoblue.png","contentUrl":"https:\/\/www.miamibeachfl.gov\/wp-content\/uploads\/2022\/06\/miamibeach-logoblue.png","width":1962,"height":381,"caption":"City of Miami Beach"},"image":{"@id":"https:\/\/www.miamibeachfl.gov\/#\/schema\/logo\/image\/"},"sameAs":["https:\/\/www.facebook.com\/cityofmiamibeach","https:\/\/x.com\/Miamibeachnews","https:\/\/www.instagram.com\/miamibeachnews\/"],"description":"Sitw\u00e8b ofisy\u00e8l Vil Miami Beach la. Rete enf\u00f2me, jwenn enf\u00f2masyon enp\u00f2tan sou s\u00e8vis vil la, nouv\u00e8l, al\u00e8t, ev\u00e8nman, wout tramway, travay gouv\u00e8nman an ak plis ank\u00f2.","telephone":"305.604.CITY(2489)","legalName":"City of Miami Beach"}]}},"_links":{"self":[{"href":"https:\/\/www.miamibeachfl.gov\/ht\/wp-json\/wp\/v2\/pages\/201735","targetHints":{"allow":["GET"]}}],"collection":[{"href":"https:\/\/www.miamibeachfl.gov\/ht\/wp-json\/wp\/v2\/pages"}],"about":[{"href":"https:\/\/www.miamibeachfl.gov\/ht\/wp-json\/wp\/v2\/types\/page"}],"author":[{"embeddable":true,"href":"https:\/\/www.miamibeachfl.gov\/ht\/wp-json\/wp\/v2\/users\/222"}],"replies":[{"embeddable":true,"href":"https:\/\/www.miamibeachfl.gov\/ht\/wp-json\/wp\/v2\/comments?post=201735"}],"version-history":[{"count":2,"href":"https:\/\/www.miamibeachfl.gov\/ht\/wp-json\/wp\/v2\/pages\/201735\/revisions"}],"predecessor-version":[{"id":394370,"href":"https:\/\/www.miamibeachfl.gov\/ht\/wp-json\/wp\/v2\/pages\/201735\/revisions\/394370"}],"up":[{"embeddable":true,"href":"https:\/\/www.miamibeachfl.gov\/ht\/wp-json\/wp\/v2\/pages\/200517"}],"wp:attachment":[{"href":"https:\/\/www.miamibeachfl.gov\/ht\/wp-json\/wp\/v2\/media?parent=201735"}],"wp:term":[{"taxonomy":"category","embeddable":true,"href":"https:\/\/www.miamibeachfl.gov\/ht\/wp-json\/wp\/v2\/categories?post=201735"},{"taxonomy":"post_tag","embeddable":true,"href":"https:\/\/www.miamibeachfl.gov\/ht\/wp-json\/wp\/v2\/tags?post=201735"}],"curies":[{"name":"wp","href":"https:\/\/api.w.org\/{rel}","templated":true}]}}