{"id":201746,"date":"2022-08-25T14:08:53","date_gmt":"2022-08-25T18:08:53","guid":{"rendered":"https:\/\/www.miamibeachfl.gov\/?page_id=201746"},"modified":"2025-06-04T20:56:10","modified_gmt":"2025-06-05T00:56:10","slug":"fillmore-miami-beach","status":"publish","type":"page","link":"https:\/\/www.miamibeachfl.gov\/ht\/2022election-info\/fillmore-miami-beach\/","title":{"rendered":"Fillmore Miami Beach"},"content":{"rendered":"<h3>\n\t\t\tEnstalasyon Kiltir\u00e8l Vil la\t<\/h3>\n<h3>\n\t\t\tFillmore Miami Beach\t<\/h3>\n\t\t\t<a href=\"https:\/\/www.miamibeachfl.gov\/ht\/2022election\/\" target=\"_self\">\n\t\t\t\t\t\tRetounen nan kesyon bilten v\u00f2t Eleksyon 2022 yo\n\t\t\t\t\t<\/a>\n\t\t\t<a href=\"https:\/\/www.miamibeachfl.gov\/wp-content\/uploads\/2022\/09\/Fillmore-Miami-Beach.pdf\" target=\"_blank\" rel=\"noopener\">\n\t\t\t\t\t\tTelechaje PDF la\n\t\t\t\t\t<\/a>\n<h3>\n\t\t\tIstorik \u00f2ganizasyon\u00e8l\t<\/h3>\n\t<p>Vil Miami Beach gen yon ak\u00f2 jesyon av\u00e8k Live Nation pou opere epi kenbe Fillmore Miami Beach nan Jackie Gleason Theater ki sitiye nan 1700 Washington Avenue. Live Nation dak\u00f2 pou travay av\u00e8k Vil la kons\u00e8nan amelyorasyon enp\u00f2tan sa yo ki neses\u00e8. <\/p>\n\t<iframe src=\"https:\/\/www.google.com\/maps\/embed\/v1\/place?q=1700+Washington+Avenue+Miami+Beach+FL&#038;key=AIzaSyD09zQ9PNDNNy9TadMuzRV_UsPUoWKntt8\" aria-hidden=\"true\" title=\"Filmore Miami Beach\"><\/iframe>\n\t<h3>Del\u00e8 Pwoj\u00e8 Estimatif<\/h3>\t\n\t<p>Apepr\u00e8 24 mwa<\/p>\n\t<h3>Montan Pwoj\u00e8 a<\/h3>\t\n\t<p>$29,100,000<\/p>\n<h3>\n\t\t\tLis Amelyorasyon Kapital yo\t<\/h3>\n\t<ul>\n<li>Ranplasman m\u00e8b ak fini oditory\u00f2m <\/li>\n<li>Amelyorasyon Ekleraj ak Fini Premye Etaj (FOH) <\/li>\n<li>Amelyorasyon Ekleraj ak Fini Dezy\u00e8m Etaj (FOH) <\/li>\n<li>Amelyorasyon Ekleraj ak Fini Twazy\u00e8m Etaj la (FOH) <\/li>\n<li>Korid\u00f2 S\u00f2ti Katriy\u00e8m Etaj la - Penti ak Ranplasman Tapi (FOH)  <\/li>\n<li>Reparasyon Panno Estriktir\u00e8l Pasarel ki deja egziste nan Do-kay Stage Penthouse + Eskalye Lapeyre  <\/li>\n<\/ul>\n\t<ul>\n<li>Panno estriktir\u00e8l nan Stage Roof Penthouse + Eskalye Lapeyre  <\/li>\n<li>Ranplasman Fen\u00e8t ak P\u00f2t Ekstery\u00e8 <\/li>\n<li>Reparasyon estriktir\u00e8l ekst\u00e8n <\/li>\n<li>Renouv\u00e8lman antre kay la ak amelyorasyon z\u00f2n pyeton an <\/li>\n<li>Amelyorasyon Ekleraj ak Fini Sous\u00f2l <\/li>\n<li>Amelyorasyon Ekleraj ak Fini Premye Etaj (BOH) <\/li>\n<li>Amelyorasyon Ekleraj ak Fini Dezy\u00e8m Etaj (BOH) <\/li>\n<li>Nouvo Z\u00f2n VIP Dezy\u00e8m Etaj la <\/li>\n<\/ul>\n\t<ul>\n<li>Nouvo Kwizin Kom\u00e8syal <\/li>\n<li>Amelyorasyon Akoustik nan Chanm Abiyman\/Koudwa yo <\/li>\n<li>Amyant, Penti Plon, Alokasyon pou Rediksyon IAQ  <\/li>\n<li>Renouv\u00e8lman asans\u00e8 machandiz <\/li>\n<li>Renouv\u00e8lman sist\u00e8m echapman <\/li>\n<li>Renouv\u00e8lman tiyo dlo fr\u00e8t <\/li>\n<li>Ranplasman HVAC <\/li>\n<li>Amelyorasyon elektrik (ki gen ladan alokasyon FA) <\/li>\n<\/ul>\n\t<ul>\n<li>Amelyorasyon plonbri (nan tout etablisman an) <\/li>\n<li>Amelyorasyon Sist\u00e8m Pwoteksyon kont dife ki deja egziste a <\/li>\n<li>Renouv\u00e8lman ekleraj ijans <\/li>\n<li>Amelyorasyon Sist\u00e8m Teyat yo  <\/li>\n<li>Nouvo siy make LED <\/li>\n<\/ul>","protected":false},"excerpt":{"rendered":"<p>City-Owned Cultural Facilties Fillmore Miami Beach Return to Election 2022 Ballot Questions Download PDF Organizational Background The City of Miami [&hellip;]<\/p>\n","protected":false},"author":222,"featured_media":0,"parent":200517,"menu_order":178,"comment_status":"closed","ping_status":"closed","template":"","meta":{"_searchwp_excluded":"","site-sidebar-layout":"default","site-content-layout":"","ast-site-content-layout":"default","site-content-style":"default","site-sidebar-style":"default","ast-global-header-display":"","ast-banner-title-visibility":"","ast-main-header-display":"","ast-hfb-above-header-display":"","ast-hfb-below-header-display":"","ast-hfb-mobile-header-display":"","site-post-title":"","ast-breadcrumbs-content":"","ast-featured-img":"","footer-sml-layout":"","theme-transparent-header-meta":"","adv-header-id-meta":"","stick-header-meta":"","header-above-stick-meta":"","header-main-stick-meta":"","header-below-stick-meta":"","astra-migrate-meta-layouts":"default","ast-page-background-enabled":"default","ast-page-background-meta":{"desktop":{"background-color":"var(--ast-global-color-5)","background-image":"","background-repeat":"repeat","background-position":"center center","background-size":"auto","background-attachment":"scroll","background-type":"","background-media":"","overlay-type":"","overlay-color":"","overlay-opacity":"","overlay-gradient":""},"tablet":{"background-color":"","background-image":"","background-repeat":"repeat","background-position":"center center","background-size":"auto","background-attachment":"scroll","background-type":"","background-media":"","overlay-type":"","overlay-color":"","overlay-opacity":"","overlay-gradient":""},"mobile":{"background-color":"","background-image":"","background-repeat":"repeat","background-position":"center center","background-size":"auto","background-attachment":"scroll","background-type":"","background-media":"","overlay-type":"","overlay-color":"","overlay-opacity":"","overlay-gradient":""}},"ast-content-background-meta":{"desktop":{"background-color":"var(--ast-global-color-4)","background-image":"","background-repeat":"repeat","background-position":"center center","background-size":"auto","background-attachment":"scroll","background-type":"","background-media":"","overlay-type":"","overlay-color":"","overlay-opacity":"","overlay-gradient":""},"tablet":{"background-color":"var(--ast-global-color-4)","background-image":"","background-repeat":"repeat","background-position":"center center","background-size":"auto","background-attachment":"scroll","background-type":"","background-media":"","overlay-type":"","overlay-color":"","overlay-opacity":"","overlay-gradient":""},"mobile":{"background-color":"var(--ast-global-color-4)","background-image":"","background-repeat":"repeat","background-position":"center center","background-size":"auto","background-attachment":"scroll","background-type":"","background-media":"","overlay-type":"","overlay-color":"","overlay-opacity":"","overlay-gradient":""}},"footnotes":""},"categories":[],"tags":[],"class_list":["post-201746","page","type-page","status-publish","hentry"],"yoast_head":"<!-- This site is optimized with the Yoast SEO Premium plugin v27.4 (Yoast SEO v27.4) - https:\/\/yoast.com\/product\/yoast-seo-premium-wordpress\/ -->\n<title>Fillmore Miami Beach - City of Miami Beach<\/title>\n<meta name=\"description\" content=\"%\" \/>\n<meta name=\"robots\" content=\"index, follow, max-snippet:-1, max-image-preview:large, max-video-preview:-1\" \/>\n<link rel=\"canonical\" href=\"https:\/\/www.miamibeachfl.gov\/ht\/2022election-info\/fillmore-miami-beach\/\" \/>\n<meta property=\"og:locale\" content=\"ht_HT\" \/>\n<meta property=\"og:type\" content=\"article\" \/>\n<meta property=\"og:title\" content=\"Fillmore Miami Beach\" \/>\n<meta property=\"og:description\" content=\"%\" \/>\n<meta property=\"og:url\" content=\"https:\/\/www.miamibeachfl.gov\/ht\/2022election-info\/fillmore-miami-beach\/\" \/>\n<meta property=\"og:site_name\" content=\"City of Miami Beach\" \/>\n<meta property=\"article:publisher\" content=\"https:\/\/www.facebook.com\/cityofmiamibeach\" \/>\n<meta property=\"article:modified_time\" content=\"2025-06-05T00:56:10+00:00\" \/>\n<meta property=\"og:image\" content=\"https:\/\/www.miamibeachfl.gov\/wp-content\/uploads\/2024\/01\/1000pxSquare-miamibeach-aerial-southpointview.jpeg\" \/>\n\t<meta property=\"og:image:width\" content=\"1000\" \/>\n\t<meta property=\"og:image:height\" content=\"1000\" \/>\n\t<meta property=\"og:image:type\" content=\"image\/jpeg\" \/>\n<meta name=\"twitter:card\" content=\"summary_large_image\" \/>\n<meta name=\"twitter:site\" content=\"@Miamibeachnews\" \/>\n<script type=\"application\/ld+json\" class=\"yoast-schema-graph\">{\"@context\":\"https:\\\/\\\/schema.org\",\"@graph\":[{\"@type\":\"WebPage\",\"@id\":\"https:\\\/\\\/www.miamibeachfl.gov\\\/2022election-info\\\/fillmore-miami-beach\\\/\",\"url\":\"https:\\\/\\\/www.miamibeachfl.gov\\\/2022election-info\\\/fillmore-miami-beach\\\/\",\"name\":\"Fillmore Miami Beach - City of Miami Beach\",\"isPartOf\":{\"@id\":\"https:\\\/\\\/www.miamibeachfl.gov\\\/#website\"},\"datePublished\":\"2022-08-25T18:08:53+00:00\",\"dateModified\":\"2025-06-05T00:56:10+00:00\",\"description\":\"%\",\"breadcrumb\":{\"@id\":\"https:\\\/\\\/www.miamibeachfl.gov\\\/2022election-info\\\/fillmore-miami-beach\\\/#breadcrumb\"},\"inLanguage\":\"ht\",\"potentialAction\":[{\"@type\":\"ReadAction\",\"target\":[\"https:\\\/\\\/www.miamibeachfl.gov\\\/2022election-info\\\/fillmore-miami-beach\\\/\"]}]},{\"@type\":\"BreadcrumbList\",\"@id\":\"https:\\\/\\\/www.miamibeachfl.gov\\\/2022election-info\\\/fillmore-miami-beach\\\/#breadcrumb\",\"itemListElement\":[{\"@type\":\"ListItem\",\"position\":1,\"name\":\"Home\",\"item\":\"https:\\\/\\\/www.miamibeachfl.gov\\\/\"},{\"@type\":\"ListItem\",\"position\":2,\"name\":\"2022 Election\",\"item\":\"https:\\\/\\\/www.miamibeachfl.gov\\\/2022election-info\\\/\"},{\"@type\":\"ListItem\",\"position\":3,\"name\":\"Fillmore Miami Beach\"}]},{\"@type\":\"WebSite\",\"@id\":\"https:\\\/\\\/www.miamibeachfl.gov\\\/#website\",\"url\":\"https:\\\/\\\/www.miamibeachfl.gov\\\/\",\"name\":\"City of Miami Beach\",\"description\":\"The official website of the City of Miami Beach. Stay informed, find important information on city services, news, alerts, events, trolley routes, government employment and more.\",\"publisher\":{\"@id\":\"https:\\\/\\\/www.miamibeachfl.gov\\\/#organization\"},\"potentialAction\":[{\"@type\":\"SearchAction\",\"target\":{\"@type\":\"EntryPoint\",\"urlTemplate\":\"https:\\\/\\\/www.miamibeachfl.gov\\\/?s={search_term_string}\"},\"query-input\":{\"@type\":\"PropertyValueSpecification\",\"valueRequired\":true,\"valueName\":\"search_term_string\"}}],\"inLanguage\":\"ht\"},{\"@type\":\"Organization\",\"@id\":\"https:\\\/\\\/www.miamibeachfl.gov\\\/#organization\",\"name\":\"City of Miami Beach\",\"url\":\"https:\\\/\\\/www.miamibeachfl.gov\\\/\",\"logo\":{\"@type\":\"ImageObject\",\"inLanguage\":\"ht\",\"@id\":\"https:\\\/\\\/www.miamibeachfl.gov\\\/#\\\/schema\\\/logo\\\/image\\\/\",\"url\":\"https:\\\/\\\/www.miamibeachfl.gov\\\/wp-content\\\/uploads\\\/2022\\\/06\\\/miamibeach-logoblue.png\",\"contentUrl\":\"https:\\\/\\\/www.miamibeachfl.gov\\\/wp-content\\\/uploads\\\/2022\\\/06\\\/miamibeach-logoblue.png\",\"width\":1962,\"height\":381,\"caption\":\"City of Miami Beach\"},\"image\":{\"@id\":\"https:\\\/\\\/www.miamibeachfl.gov\\\/#\\\/schema\\\/logo\\\/image\\\/\"},\"sameAs\":[\"https:\\\/\\\/www.facebook.com\\\/cityofmiamibeach\",\"https:\\\/\\\/x.com\\\/Miamibeachnews\",\"https:\\\/\\\/www.instagram.com\\\/miamibeachnews\\\/\"],\"description\":\"The official website of the City of Miami Beach. Stay informed, find important information on city services, news, alerts, events, trolley routes, government employment and more.\",\"telephone\":\"305.604.CITY(2489)\",\"legalName\":\"City of Miami Beach\"}]}<\/script>\n<!-- \/ Yoast SEO Premium plugin. -->","yoast_head_json":{"title":"Fillmore Miami Beach - Vil Miami Beach","description":"%","robots":{"index":"index","follow":"follow","max-snippet":"max-snippet:-1","max-image-preview":"max-image-preview:large","max-video-preview":"max-video-preview:-1"},"canonical":"https:\/\/www.miamibeachfl.gov\/ht\/2022election-info\/fillmore-miami-beach\/","og_locale":"ht_HT","og_type":"article","og_title":"Fillmore Miami Beach","og_description":"%","og_url":"https:\/\/www.miamibeachfl.gov\/ht\/2022election-info\/fillmore-miami-beach\/","og_site_name":"City of Miami Beach","article_publisher":"https:\/\/www.facebook.com\/cityofmiamibeach","article_modified_time":"2025-06-05T00:56:10+00:00","og_image":[{"width":1000,"height":1000,"url":"https:\/\/www.miamibeachfl.gov\/wp-content\/uploads\/2024\/01\/1000pxSquare-miamibeach-aerial-southpointview.jpeg","type":"image\/jpeg"}],"twitter_card":"summary_large_image","twitter_site":"@Miamibeachnews","schema":{"@context":"https:\/\/schema.org","@graph":[{"@type":"WebPage","@id":"https:\/\/www.miamibeachfl.gov\/2022election-info\/fillmore-miami-beach\/","url":"https:\/\/www.miamibeachfl.gov\/2022election-info\/fillmore-miami-beach\/","name":"Fillmore Miami Beach - Vil Miami Beach","isPartOf":{"@id":"https:\/\/www.miamibeachfl.gov\/#website"},"datePublished":"2022-08-25T18:08:53+00:00","dateModified":"2025-06-05T00:56:10+00:00","description":"%","breadcrumb":{"@id":"https:\/\/www.miamibeachfl.gov\/2022election-info\/fillmore-miami-beach\/#breadcrumb"},"inLanguage":"ht","potentialAction":[{"@type":"ReadAction","target":["https:\/\/www.miamibeachfl.gov\/2022election-info\/fillmore-miami-beach\/"]}]},{"@type":"BreadcrumbList","@id":"https:\/\/www.miamibeachfl.gov\/2022election-info\/fillmore-miami-beach\/#breadcrumb","itemListElement":[{"@type":"ListItem","position":1,"name":"Home","item":"https:\/\/www.miamibeachfl.gov\/"},{"@type":"ListItem","position":2,"name":"2022 Election","item":"https:\/\/www.miamibeachfl.gov\/2022election-info\/"},{"@type":"ListItem","position":3,"name":"Fillmore Miami Beach"}]},{"@type":"WebSite","@id":"https:\/\/www.miamibeachfl.gov\/#website","url":"https:\/\/www.miamibeachfl.gov\/","name":"Vil Miami Beach","description":"Sitw\u00e8b ofisy\u00e8l Vil Miami Beach la. Rete enf\u00f2me, jwenn enf\u00f2masyon enp\u00f2tan sou s\u00e8vis vil la, nouv\u00e8l, al\u00e8t, ev\u00e8nman, wout tramway, travay gouv\u00e8nman an ak plis ank\u00f2.","publisher":{"@id":"https:\/\/www.miamibeachfl.gov\/#organization"},"potentialAction":[{"@type":"SearchAction","target":{"@type":"EntryPoint","urlTemplate":"https:\/\/www.miamibeachfl.gov\/?s={search_term_string}"},"query-input":{"@type":"PropertyValueSpecification","valueRequired":true,"valueName":"search_term_string"}}],"inLanguage":"ht"},{"@type":"Organization","@id":"https:\/\/www.miamibeachfl.gov\/#organization","name":"Vil Miami Beach","url":"https:\/\/www.miamibeachfl.gov\/","logo":{"@type":"ImageObject","inLanguage":"ht","@id":"https:\/\/www.miamibeachfl.gov\/#\/schema\/logo\/image\/","url":"https:\/\/www.miamibeachfl.gov\/wp-content\/uploads\/2022\/06\/miamibeach-logoblue.png","contentUrl":"https:\/\/www.miamibeachfl.gov\/wp-content\/uploads\/2022\/06\/miamibeach-logoblue.png","width":1962,"height":381,"caption":"City of Miami Beach"},"image":{"@id":"https:\/\/www.miamibeachfl.gov\/#\/schema\/logo\/image\/"},"sameAs":["https:\/\/www.facebook.com\/cityofmiamibeach","https:\/\/x.com\/Miamibeachnews","https:\/\/www.instagram.com\/miamibeachnews\/"],"description":"Sitw\u00e8b ofisy\u00e8l Vil Miami Beach la. Rete enf\u00f2me, jwenn enf\u00f2masyon enp\u00f2tan sou s\u00e8vis vil la, nouv\u00e8l, al\u00e8t, ev\u00e8nman, wout tramway, travay gouv\u00e8nman an ak plis ank\u00f2.","telephone":"305.604.CITY(2489)","legalName":"City of Miami Beach"}]}},"_links":{"self":[{"href":"https:\/\/www.miamibeachfl.gov\/ht\/wp-json\/wp\/v2\/pages\/201746","targetHints":{"allow":["GET"]}}],"collection":[{"href":"https:\/\/www.miamibeachfl.gov\/ht\/wp-json\/wp\/v2\/pages"}],"about":[{"href":"https:\/\/www.miamibeachfl.gov\/ht\/wp-json\/wp\/v2\/types\/page"}],"author":[{"embeddable":true,"href":"https:\/\/www.miamibeachfl.gov\/ht\/wp-json\/wp\/v2\/users\/222"}],"replies":[{"embeddable":true,"href":"https:\/\/www.miamibeachfl.gov\/ht\/wp-json\/wp\/v2\/comments?post=201746"}],"version-history":[{"count":1,"href":"https:\/\/www.miamibeachfl.gov\/ht\/wp-json\/wp\/v2\/pages\/201746\/revisions"}],"predecessor-version":[{"id":375341,"href":"https:\/\/www.miamibeachfl.gov\/ht\/wp-json\/wp\/v2\/pages\/201746\/revisions\/375341"}],"up":[{"embeddable":true,"href":"https:\/\/www.miamibeachfl.gov\/ht\/wp-json\/wp\/v2\/pages\/200517"}],"wp:attachment":[{"href":"https:\/\/www.miamibeachfl.gov\/ht\/wp-json\/wp\/v2\/media?parent=201746"}],"wp:term":[{"taxonomy":"category","embeddable":true,"href":"https:\/\/www.miamibeachfl.gov\/ht\/wp-json\/wp\/v2\/categories?post=201746"},{"taxonomy":"post_tag","embeddable":true,"href":"https:\/\/www.miamibeachfl.gov\/ht\/wp-json\/wp\/v2\/tags?post=201746"}],"curies":[{"name":"wp","href":"https:\/\/api.w.org\/{rel}","templated":true}]}}