{"id":223122,"date":"2022-09-19T11:14:47","date_gmt":"2022-09-19T15:14:47","guid":{"rendered":"https:\/\/www.miamibeachfl.gov\/business-new\/doing-business-with-mb\/business-incentives\/"},"modified":"2025-10-30T14:17:18","modified_gmt":"2025-10-30T18:17:18","slug":"business-incentives","status":"publish","type":"page","link":"https:\/\/www.miamibeachfl.gov\/ht\/business\/doing-business-with-mb\/business-incentives\/","title":{"rendered":"Ankourajman Biznis"},"content":{"rendered":"<h1>\n\t\t\tAnkourajman Biznis Eta ak Lokal ki Fonse\t<\/h1>\n\t<p>Dekouvri zouti ki disponib pou biznis yo, antrepren\u00e8 yo, envestis\u00e8 yo, ak pwofesyon\u00e8l ki gen lespri antreprenan pou yo ka bati yon avni anbisye, pwosp\u00e8 ak pwodiktif.<\/p>\n\t<a href=\"\/ht\/business\/doing-business-with-mb\/business-incentives\/job-creation-incentive-program\/\" target=\"_self\"  aria-label=\"Ale nan \/business\/doing-business-with-mb\/business-incentives\/job-creation-incentive-program\/\"><\/a>\n\t\t\t\t<img decoding=\"async\" src=\"https:\/\/www.miamibeachfl.gov\/wp-content\/uploads\/bb-plugin\/cache\/office-meeting-square.jpg\" alt=\"Office Meeting\" title=\"reyinyon biwo\" itemprop=\"image\"\/>\n\t\t<h3>Pwogram Ankourajman pou Kreye Travay (JCIP)<\/h3>\t\t\t\n\t\t\t\t<p>Rekonpans finansye pou relokasyon katye jeneral konpayi yo ki pote travay nan vil Miami Beach.<\/p>\n\t<a href=\"\/ht\/business\/doing-business-with-mb\/business-incentives\/expedited-permit-program\/\" target=\"_self\"  aria-label=\"Ale nan \/business\/doing-business-with-mb\/business-incentives\/expedited-permit-program\/\"><\/a>\n\t\t\t\t<img decoding=\"async\" src=\"https:\/\/www.miamibeachfl.gov\/wp-content\/uploads\/bb-plugin\/cache\/building-contractor-permits-square.jpg\" alt=\"Building Contractor\" title=\"p\u00e8mi-antrepren\u00e8-konstriksyon\" itemprop=\"image\"\/>\n\t\t<h3>Pwogram Revizyon Plan Akselere (EPRP)<\/h3>\t\t\t\n\t\t\t\t<p>Akselere p\u00e8mi konstriksyon pou biznis teknoloji ak s\u00e8vis finansye, ak katye jeneral nan Miami Beach.<\/p>\n\t<a href=\"\/ht\/business\/doing-business-with-mb\/business-incentives\/commerical-lease-subsidy-program\/\" target=\"_self\"  aria-label=\"Ale nan \/business\/doing-business-with-mb\/business-incentives\/commerical-lease-subsidy-program\/\"><\/a>\n\t\t\t\t<img decoding=\"async\" src=\"https:\/\/www.miamibeachfl.gov\/wp-content\/uploads\/bb-plugin\/cache\/1000pxSquare-miamibeach-aerial-southpointview-square.jpeg\" alt=\"Miami Beach View\" title=\"1000pxSquare-miamibeach-ayeryen-southpointview\" itemprop=\"image\"\/>\n\t\t<h3>Pwogram Sibvansyon pou Lwaye Kom\u00e8syal<\/h3>\t\t\t\n\t\t\t\t<p>Ankourajman finansye pou aktive pwopriyete kom\u00e8syal ki gen itilizasyon atistik ak kiltir\u00e8l nan Miami Beach.<\/p>\n\t<a href=\"https:\/\/www.miamibeachfl.gov\/ht\/business\/doing-business-with-mb\/business-incentives\/parking-incentive-program\/\" target=\"_blank\" rel=\"noopener\" aria-label=\"Ale sou https:\/\/www.miamibeachfl.gov\/business\/doing-business-with-mb\/business-incentives\/parking-incentive-program\/\"><\/a>\n\t\t\t\t<img decoding=\"async\" src=\"https:\/\/www.miamibeachfl.gov\/wp-content\/uploads\/bb-plugin\/cache\/Parks-Gallery-21-CollinsGaragePark-square.jpeg\" alt=\"parking garage collins\" title=\"Pak-Galri-21-CollinsGaragePark\" itemprop=\"image\"\/>\n\t\t<h3>Aplikasyon pou Pwogram Ankourajman Pakin<\/h3>\t\t\t\n\t\t\t\t<p>Vil Miami Beach la ofri yon Pwogram Ankourajman Pakin finansye pou sip\u00f2te rezistans ekonomik pou biznis nouvo oswa biznis k ap agrandi nan sekt\u00e8 teknoloji, s\u00e8vis finansye, Ospitalite, oswa sante\/byenn\u00e8t ki gen yon lokal fizik nan Vil la.<\/p>\n\t<a href=\"https:\/\/www.miamibeachfl.gov\/ht\/business\/doing-business-with-mb\/business-incentives\/art-deco-painting-incentive-program\/\" target=\"_blank\" rel=\"noopener\" aria-label=\"Ale sou https:\/\/www.miamibeachfl.gov\/business\/doing-business-with-mb\/business-incentives\/art-deco-painting-incentive-program\/\"><\/a>\n\t\t\t\t<img decoding=\"async\" src=\"https:\/\/www.miamibeachfl.gov\/wp-content\/uploads\/bb-plugin\/cache\/ArtDeco-Square-1-square.jpg\" alt=\"Art Deco Architecture\" title=\"\" itemprop=\"image\"\/>\n\t\t<h3>Pwogram Ankourajman pou Penti Art Deco<\/h3>\t\t\t\n\t\t\t\t<p>Pwogram Ankourajman pou Penti Art Deco a se yon pwogram ankourajman sibvansyon egal ki f\u00e8t pou ede pwopriyet\u00e8 bilding kom\u00e8syal yo kouvri depans ki asosye ak penti ak amelyore fasad ekst\u00e8n bilding yo a.<\/p>\n\t\t<h3>Kons\u00e8y Miami-Dade Beacon an ede konpayi yo konprann jaden ankourajman biznis yo epi analize kalifikasyon yo pou ankourajman biznis lokal ak leta ki gen rap\u00f2 ak kreyasyon dj\u00f2b ak f\u00f2masyon mend\u00e8v.<\/h3>\n\t\t\t<a href=\"https:\/\/www.beaconcouncil.com\/solutions\/locating-expanding-companies\/incentives\/#toggle-id-3\" title=\"Klike la a\" target=\"_blank\" rel=\"noopener\"  role=\"button\" aria-label=\"Ankourajman Konte a\">\n\t\t\t\t\t\t\t\t\t\t\tAnkourajman Konte a\n\t\t<\/a>\n\t\t<h3>Florid ofri avantaj pou rentabilit\u00e9 alont\u00e8m ak ankourajman pou tout kalite biznis, soti nan katye jeneral antrepriz rive nan izin fabrikasyon ak konpayi s\u00e8vis yo.<\/h3>\n\t\t\t<a href=\"https:\/\/selectflorida.org\/why-florida\/business-climate\/\" title=\"Klike la a\" target=\"_blank\" rel=\"noopener\"  role=\"button\" aria-label=\"Ankourajman Leta yo\">\n\t\t\t\t\t\t\t\t\t\t\tAnkourajman Leta yo\n\t\t<\/a>\n\t\t<h3>Eksplore resous ak s\u00e8vis biwo Depatman Kom\u00e8s Etazini yo bay antrepren\u00e8, pwopriyet\u00e8 biznis, eksp\u00f2tat\u00e8, envant\u00e8 ak plis ank\u00f2.<\/h3>\n\t\t\t<a href=\"https:\/\/www.commerce.gov\/work-with-us\/services-for-businesses\" title=\"Klike la a\" target=\"_blank\" rel=\"noopener\"  role=\"button\" aria-label=\"S\u00e8vis Federal yo\">\n\t\t\t\t\t\t\t\t\t\t\tS\u00e8vis Federal yo\n\t\t<\/a>\n\t\t\t\t\t\t\t\t\t\t\t\t<h3>Egzanpsyon Taks Ad-Valorem<\/h3>\n\t\t\t\t\t\t<p>Yon ankourajman ki gen entansyon ankouraje reyabilitasyon ak antretyen estrikti istorik yo. Pou yo kalifye pou egzanpsyon taks la, pwopriyete yo dwe enskri nan Rejis Nasyonal Kote Istorik yo oubyen nan yon estrikti istorik lokalman deziyen.<\/p>\t\t\t\t\t\n\t\t\t<!-- END .front -->\n\t\t\t<a href=\"https:\/\/www.miamidade.gov\/global\/economy\/historic-preservation\/tax-exemption.page\" title=\"Klike la a\" target=\"_blank\" rel=\"noopener\"  role=\"button\" aria-label=\"Aprann plis\">\n\t\t\t\t\t\t\tAprann plis\n\t\t<\/a>\n\t\t\t<!-- END .back -->\n\t\t <!-- ifb-flip-box -->\n\t <!-- flip-box -->\n\t\t\t\t\t\t\t\t\t\t\t\t<h3>Prensip debaz kredi taks 20%<\/h3>\n\t\t\t\t\t\t<p>Disponib pou reyabilitasyon bilding istorik ki pwodui revni, ke Sekret\u00e8 Entery\u00e8 a, atrav\u00e8 S\u00e8vis Pak Nasyonal la, det\u00e8mine k\u00f2m &quot;estrikti istorik s\u00e8tifye&quot;.<\/p>\t\t\t\t\t\n\t\t\t<!-- END .front -->\n\t\t\t<a href=\"http:\/\/www.nps.gov\/subjects\/taxincentives\/tax-credit-basics.htm\" title=\"Klike la a\" target=\"_blank\" rel=\"noopener\"  role=\"button\" aria-label=\"Aprann plis\">\n\t\t\t\t\t\t\tAprann plis\n\t\t<\/a>\n\t\t\t<!-- END .back -->\n\t\t <!-- ifb-flip-box -->\n\t <!-- flip-box -->\n\t\t<h2>Biwo Kons\u00f2sy\u00f2m Kom\u00e8s Ent\u00e8nasyonal Konte Miami-Dade (ITC) a s\u00e8vi k\u00f2m lyezon prensipal Konte a ak gouv\u00e8nman etranje yo epi li travay kole kole ak l\u00f2t biwo yo pou asire pwosedi ak s\u00e8vis pwotok\u00f2l yo ap respekte. Objektif Kons\u00f2sy\u00f2m Kom\u00e8s Ent\u00e8nasyonal la se ranf\u00f2se pozisyon Konte a k\u00f2m yon &quot;P\u00f2t P\u00f2tay Mondyal&quot; pou kom\u00e8s ent\u00e8nasyonal la grasa amelyorasyon relasyon ent\u00e8nasyonal yo, konpreyansyon kiltir\u00e8l ak kom\u00e8s.<\/h2>\n\t\t\t<a href=\"https:\/\/www.miamidade.gov\/global\/government\/international-trade\/home.page\" title=\"Klike la a\" target=\"_blank\" rel=\"noopener\"  role=\"button\" aria-label=\"Ankourajman pou Biznis Ent\u00e8nasyonal\">\n\t\t\t\t\t\t\t\t\t\t\tAnkourajman pou Biznis Ent\u00e8nasyonal\n\t\t<\/a>\n\t<a href=\"\/ht\/spotlight\/\" target=\"_self\"  aria-label=\"Ale nan \/spotlight\/\"><\/a>\n\t\t\t\t<img decoding=\"async\" src=\"https:\/\/www.miamibeachfl.gov\/wp-content\/uploads\/2022\/07\/icon-mbbiznews.png\" alt=\"icon-mbbiznews\" title=\"ik\u00f2n-mbbiznews\" itemprop=\"image\"\/>\n\t\t<h3>D\u00e8nye Nouv\u00e8l yo<\/h3>\t\t\t\n\t\t\t\t<p>Browse bilten biznis nou yo ak atik enp\u00f2tan yo pou d\u00e8nye enf\u00f2masyon ak resous ki disponib pou kominote biznis nou an.\u00a0<\/p>\n\t<a href=\"\/ht\/business\/whymb\/dashboard\/\" target=\"_self\"  aria-label=\"Ale nan \/business\/whymb\/dashboard\/\"><\/a>\n\t\t\t\t<img decoding=\"async\" src=\"https:\/\/www.miamibeachfl.gov\/wp-content\/uploads\/2022\/07\/icon-bizincentives.png\" alt=\"icon-bizincentives\" title=\"ik\u00f2n-ankourajman biznis\" itemprop=\"image\"\/>\n\t\t<h3>Resous Biznis<\/h3>\t\t\t\n\t\t\t\t<p>Zouti pou ede ou konprann d\u00e8nye endikat\u00e8 biznis yo, demografik yo, ak tandans endistri yo nan Vil Miami Beach.<\/p>\n\t<a href=\"\/ht\/business\/doing-business-with-mb\/mbbiz-events\/\" target=\"_self\"  aria-label=\"Ale nan \/biznis\/f\u00e8-biznis-ak-mb\/mbbiz-events\/\"><\/a>\n\t\t\t\t<img decoding=\"async\" src=\"https:\/\/www.miamibeachfl.gov\/wp-content\/uploads\/2022\/07\/icon-mbbicalendarincircle-2.png\" alt=\"icon-mbbicalendarincircle\" title=\"ik\u00f2n-mbbicalendarincircle\" itemprop=\"image\"\/>\n\t\t<h3>Ev\u00e8nman kap vini yo<\/h3>\t\t\t\n\t\t\t\t<p>Gade ev\u00e8nman kap vini yo.<\/p>\n\t\t<h3><a href=\"tel:3056737572\"  target=\"_self\">\t\n\t305.673.7572<\/a><\/h3>\t\n\t\t<h3><a href=\"mailto:mbbiz@miamibeachfl.gov\"  target=\"_self\">\t\n\tmbbiz@miamibeachfl.gov<\/a><\/h3>\t\n\t\t<h3><a href=\"\/ht\/business\/\"  target=\"_blank\"  rel=\"noopener\">\t\n\twww.MBBiz.com<\/a><\/h3>\t\n\t\t<h2>Ab\u00f2ne ak bilten MBBiz la<\/h2>\n\t\t\t\t<p>Resevwa resous ak d\u00e8nye enf\u00f2masyon nan men Depatman Devlopman Ekonomik la dir\u00e8kteman sou telef\u00f2n ou.<\/p>\n\t\t\t<a href=\"\/ht\/mbbiznews\/\" title=\"Klike la a\" target=\"_self\"   role=\"button\" aria-label=\"Ab\u00f2ne Kounye a\">\n\t\t\t\t\t\t\t\t\t\t\tAb\u00f2ne Kounye a\n\t\t<\/a>","protected":false},"excerpt":{"rendered":"<p>Bold State &#038; Local Business Incentives Discover the tools available for businesses, entrepreneurs, investors, and enterprising professionals to build an [&hellip;]<\/p>\n","protected":false},"author":222,"featured_media":0,"parent":197440,"menu_order":37,"comment_status":"closed","ping_status":"closed","template":"","meta":{"_searchwp_excluded":"","site-sidebar-layout":"default","site-content-layout":"","ast-site-content-layout":"default","site-content-style":"default","site-sidebar-style":"default","ast-global-header-display":"","ast-banner-title-visibility":"","ast-main-header-display":"","ast-hfb-above-header-display":"","ast-hfb-below-header-display":"","ast-hfb-mobile-header-display":"","site-post-title":"","ast-breadcrumbs-content":"","ast-featured-img":"","footer-sml-layout":"","ast-disable-related-posts":"","theme-transparent-header-meta":"","adv-header-id-meta":"","stick-header-meta":"","header-above-stick-meta":"","header-main-stick-meta":"","header-below-stick-meta":"","astra-migrate-meta-layouts":"default","ast-page-background-enabled":"default","ast-page-background-meta":{"desktop":{"background-color":"var(--ast-global-color-5)","background-image":"","background-repeat":"repeat","background-position":"center center","background-size":"auto","background-attachment":"scroll","background-type":"","background-media":"","overlay-type":"","overlay-color":"","overlay-opacity":"","overlay-gradient":""},"tablet":{"background-color":"","background-image":"","background-repeat":"repeat","background-position":"center center","background-size":"auto","background-attachment":"scroll","background-type":"","background-media":"","overlay-type":"","overlay-color":"","overlay-opacity":"","overlay-gradient":""},"mobile":{"background-color":"","background-image":"","background-repeat":"repeat","background-position":"center center","background-size":"auto","background-attachment":"scroll","background-type":"","background-media":"","overlay-type":"","overlay-color":"","overlay-opacity":"","overlay-gradient":""}},"ast-content-background-meta":{"desktop":{"background-color":"var(--ast-global-color-4)","background-image":"","background-repeat":"repeat","background-position":"center center","background-size":"auto","background-attachment":"scroll","background-type":"","background-media":"","overlay-type":"","overlay-color":"","overlay-opacity":"","overlay-gradient":""},"tablet":{"background-color":"var(--ast-global-color-4)","background-image":"","background-repeat":"repeat","background-position":"center center","background-size":"auto","background-attachment":"scroll","background-type":"","background-media":"","overlay-type":"","overlay-color":"","overlay-opacity":"","overlay-gradient":""},"mobile":{"background-color":"var(--ast-global-color-4)","background-image":"","background-repeat":"repeat","background-position":"center center","background-size":"auto","background-attachment":"scroll","background-type":"","background-media":"","overlay-type":"","overlay-color":"","overlay-opacity":"","overlay-gradient":""}},"footnotes":""},"categories":[],"tags":[],"class_list":["post-223122","page","type-page","status-publish","hentry"],"yoast_head":"<!-- This site is optimized with the Yoast SEO Premium plugin v27.4 (Yoast SEO v27.4) - https:\/\/yoast.com\/product\/yoast-seo-premium-wordpress\/ -->\n<title>Business Incentives - City of Miami Beach<\/title>\n<meta name=\"description\" content=\"%\" \/>\n<meta name=\"robots\" content=\"index, follow, max-snippet:-1, max-image-preview:large, max-video-preview:-1\" \/>\n<link rel=\"canonical\" href=\"https:\/\/www.miamibeachfl.gov\/ht\/business\/doing-business-with-mb\/business-incentives\/\" \/>\n<meta property=\"og:locale\" content=\"ht_HT\" \/>\n<meta property=\"og:type\" content=\"article\" \/>\n<meta property=\"og:title\" content=\"Business Incentives\" \/>\n<meta property=\"og:description\" content=\"%\" \/>\n<meta property=\"og:url\" content=\"https:\/\/www.miamibeachfl.gov\/ht\/business\/doing-business-with-mb\/business-incentives\/\" \/>\n<meta property=\"og:site_name\" content=\"City of Miami Beach\" \/>\n<meta property=\"article:publisher\" content=\"https:\/\/www.facebook.com\/cityofmiamibeach\" \/>\n<meta property=\"article:modified_time\" content=\"2025-10-30T18:17:18+00:00\" \/>\n<meta property=\"og:image\" content=\"https:\/\/www.miamibeachfl.gov\/wp-content\/uploads\/bb-plugin\/cache\/office-meeting-square.jpg\" \/>\n<meta name=\"twitter:card\" content=\"summary_large_image\" \/>\n<meta name=\"twitter:site\" content=\"@Miamibeachnews\" \/>\n<script type=\"application\/ld+json\" class=\"yoast-schema-graph\">{\"@context\":\"https:\\\/\\\/schema.org\",\"@graph\":[{\"@type\":\"WebPage\",\"@id\":\"https:\\\/\\\/www.miamibeachfl.gov\\\/business\\\/doing-business-with-mb\\\/business-incentives\\\/\",\"url\":\"https:\\\/\\\/www.miamibeachfl.gov\\\/business\\\/doing-business-with-mb\\\/business-incentives\\\/\",\"name\":\"Business Incentives - City of Miami Beach\",\"isPartOf\":{\"@id\":\"https:\\\/\\\/www.miamibeachfl.gov\\\/#website\"},\"primaryImageOfPage\":{\"@id\":\"https:\\\/\\\/www.miamibeachfl.gov\\\/business\\\/doing-business-with-mb\\\/business-incentives\\\/#primaryimage\"},\"image\":{\"@id\":\"https:\\\/\\\/www.miamibeachfl.gov\\\/business\\\/doing-business-with-mb\\\/business-incentives\\\/#primaryimage\"},\"thumbnailUrl\":\"https:\\\/\\\/www.miamibeachfl.gov\\\/wp-content\\\/uploads\\\/bb-plugin\\\/cache\\\/office-meeting-square.jpg\",\"datePublished\":\"2022-09-19T15:14:47+00:00\",\"dateModified\":\"2025-10-30T18:17:18+00:00\",\"description\":\"%\",\"breadcrumb\":{\"@id\":\"https:\\\/\\\/www.miamibeachfl.gov\\\/business\\\/doing-business-with-mb\\\/business-incentives\\\/#breadcrumb\"},\"inLanguage\":\"ht\",\"potentialAction\":[{\"@type\":\"ReadAction\",\"target\":[\"https:\\\/\\\/www.miamibeachfl.gov\\\/business\\\/doing-business-with-mb\\\/business-incentives\\\/\"]}]},{\"@type\":\"ImageObject\",\"inLanguage\":\"ht\",\"@id\":\"https:\\\/\\\/www.miamibeachfl.gov\\\/business\\\/doing-business-with-mb\\\/business-incentives\\\/#primaryimage\",\"url\":\"https:\\\/\\\/www.miamibeachfl.gov\\\/wp-content\\\/uploads\\\/bb-plugin\\\/cache\\\/office-meeting-square.jpg\",\"contentUrl\":\"https:\\\/\\\/www.miamibeachfl.gov\\\/wp-content\\\/uploads\\\/bb-plugin\\\/cache\\\/office-meeting-square.jpg\"},{\"@type\":\"BreadcrumbList\",\"@id\":\"https:\\\/\\\/www.miamibeachfl.gov\\\/business\\\/doing-business-with-mb\\\/business-incentives\\\/#breadcrumb\",\"itemListElement\":[{\"@type\":\"ListItem\",\"position\":1,\"name\":\"Home\",\"item\":\"https:\\\/\\\/www.miamibeachfl.gov\\\/\"},{\"@type\":\"ListItem\",\"position\":2,\"name\":\"Business\",\"item\":\"https:\\\/\\\/www.miamibeachfl.gov\\\/business\\\/\"},{\"@type\":\"ListItem\",\"position\":3,\"name\":\"Doing Business with MB\",\"item\":\"https:\\\/\\\/www.miamibeachfl.gov\\\/business\\\/doing-business-with-mb\\\/\"},{\"@type\":\"ListItem\",\"position\":4,\"name\":\"Business Incentives\"}]},{\"@type\":\"WebSite\",\"@id\":\"https:\\\/\\\/www.miamibeachfl.gov\\\/#website\",\"url\":\"https:\\\/\\\/www.miamibeachfl.gov\\\/\",\"name\":\"City of Miami Beach\",\"description\":\"The official website of the City of Miami Beach. Stay informed, find important information on city services, news, alerts, events, trolley routes, government employment and more.\",\"publisher\":{\"@id\":\"https:\\\/\\\/www.miamibeachfl.gov\\\/#organization\"},\"potentialAction\":[{\"@type\":\"SearchAction\",\"target\":{\"@type\":\"EntryPoint\",\"urlTemplate\":\"https:\\\/\\\/www.miamibeachfl.gov\\\/?s={search_term_string}\"},\"query-input\":{\"@type\":\"PropertyValueSpecification\",\"valueRequired\":true,\"valueName\":\"search_term_string\"}}],\"inLanguage\":\"ht\"},{\"@type\":\"Organization\",\"@id\":\"https:\\\/\\\/www.miamibeachfl.gov\\\/#organization\",\"name\":\"City of Miami Beach\",\"url\":\"https:\\\/\\\/www.miamibeachfl.gov\\\/\",\"logo\":{\"@type\":\"ImageObject\",\"inLanguage\":\"ht\",\"@id\":\"https:\\\/\\\/www.miamibeachfl.gov\\\/#\\\/schema\\\/logo\\\/image\\\/\",\"url\":\"https:\\\/\\\/www.miamibeachfl.gov\\\/wp-content\\\/uploads\\\/2022\\\/06\\\/miamibeach-logoblue.png\",\"contentUrl\":\"https:\\\/\\\/www.miamibeachfl.gov\\\/wp-content\\\/uploads\\\/2022\\\/06\\\/miamibeach-logoblue.png\",\"width\":1962,\"height\":381,\"caption\":\"City of Miami Beach\"},\"image\":{\"@id\":\"https:\\\/\\\/www.miamibeachfl.gov\\\/#\\\/schema\\\/logo\\\/image\\\/\"},\"sameAs\":[\"https:\\\/\\\/www.facebook.com\\\/cityofmiamibeach\",\"https:\\\/\\\/x.com\\\/Miamibeachnews\",\"https:\\\/\\\/www.instagram.com\\\/miamibeachnews\\\/\"],\"description\":\"The official website of the City of Miami Beach. Stay informed, find important information on city services, news, alerts, events, trolley routes, government employment and more.\",\"telephone\":\"305.604.CITY(2489)\",\"legalName\":\"City of Miami Beach\"}]}<\/script>\n<!-- \/ Yoast SEO Premium plugin. -->","yoast_head_json":{"title":"Ankourajman pou Biznis - Vil Miami Beach","description":"%","robots":{"index":"index","follow":"follow","max-snippet":"max-snippet:-1","max-image-preview":"max-image-preview:large","max-video-preview":"max-video-preview:-1"},"canonical":"https:\/\/www.miamibeachfl.gov\/ht\/business\/doing-business-with-mb\/business-incentives\/","og_locale":"ht_HT","og_type":"article","og_title":"Business Incentives","og_description":"%","og_url":"https:\/\/www.miamibeachfl.gov\/ht\/business\/doing-business-with-mb\/business-incentives\/","og_site_name":"City of Miami Beach","article_publisher":"https:\/\/www.facebook.com\/cityofmiamibeach","article_modified_time":"2025-10-30T18:17:18+00:00","og_image":[{"url":"https:\/\/www.miamibeachfl.gov\/wp-content\/uploads\/bb-plugin\/cache\/office-meeting-square.jpg","type":"","width":"","height":""}],"twitter_card":"summary_large_image","twitter_site":"@Miamibeachnews","schema":{"@context":"https:\/\/schema.org","@graph":[{"@type":"WebPage","@id":"https:\/\/www.miamibeachfl.gov\/business\/doing-business-with-mb\/business-incentives\/","url":"https:\/\/www.miamibeachfl.gov\/business\/doing-business-with-mb\/business-incentives\/","name":"Ankourajman pou Biznis - Vil Miami Beach","isPartOf":{"@id":"https:\/\/www.miamibeachfl.gov\/#website"},"primaryImageOfPage":{"@id":"https:\/\/www.miamibeachfl.gov\/business\/doing-business-with-mb\/business-incentives\/#primaryimage"},"image":{"@id":"https:\/\/www.miamibeachfl.gov\/business\/doing-business-with-mb\/business-incentives\/#primaryimage"},"thumbnailUrl":"https:\/\/www.miamibeachfl.gov\/wp-content\/uploads\/bb-plugin\/cache\/office-meeting-square.jpg","datePublished":"2022-09-19T15:14:47+00:00","dateModified":"2025-10-30T18:17:18+00:00","description":"%","breadcrumb":{"@id":"https:\/\/www.miamibeachfl.gov\/business\/doing-business-with-mb\/business-incentives\/#breadcrumb"},"inLanguage":"ht","potentialAction":[{"@type":"ReadAction","target":["https:\/\/www.miamibeachfl.gov\/business\/doing-business-with-mb\/business-incentives\/"]}]},{"@type":"ImageObject","inLanguage":"ht","@id":"https:\/\/www.miamibeachfl.gov\/business\/doing-business-with-mb\/business-incentives\/#primaryimage","url":"https:\/\/www.miamibeachfl.gov\/wp-content\/uploads\/bb-plugin\/cache\/office-meeting-square.jpg","contentUrl":"https:\/\/www.miamibeachfl.gov\/wp-content\/uploads\/bb-plugin\/cache\/office-meeting-square.jpg"},{"@type":"BreadcrumbList","@id":"https:\/\/www.miamibeachfl.gov\/business\/doing-business-with-mb\/business-incentives\/#breadcrumb","itemListElement":[{"@type":"ListItem","position":1,"name":"Home","item":"https:\/\/www.miamibeachfl.gov\/"},{"@type":"ListItem","position":2,"name":"Business","item":"https:\/\/www.miamibeachfl.gov\/business\/"},{"@type":"ListItem","position":3,"name":"Doing Business with MB","item":"https:\/\/www.miamibeachfl.gov\/business\/doing-business-with-mb\/"},{"@type":"ListItem","position":4,"name":"Business Incentives"}]},{"@type":"WebSite","@id":"https:\/\/www.miamibeachfl.gov\/#website","url":"https:\/\/www.miamibeachfl.gov\/","name":"Vil Miami Beach","description":"Sitw\u00e8b ofisy\u00e8l Vil Miami Beach la. Rete enf\u00f2me, jwenn enf\u00f2masyon enp\u00f2tan sou s\u00e8vis vil la, nouv\u00e8l, al\u00e8t, ev\u00e8nman, wout tramway, travay gouv\u00e8nman an ak plis ank\u00f2.","publisher":{"@id":"https:\/\/www.miamibeachfl.gov\/#organization"},"potentialAction":[{"@type":"SearchAction","target":{"@type":"EntryPoint","urlTemplate":"https:\/\/www.miamibeachfl.gov\/?s={search_term_string}"},"query-input":{"@type":"PropertyValueSpecification","valueRequired":true,"valueName":"search_term_string"}}],"inLanguage":"ht"},{"@type":"Organization","@id":"https:\/\/www.miamibeachfl.gov\/#organization","name":"Vil Miami Beach","url":"https:\/\/www.miamibeachfl.gov\/","logo":{"@type":"ImageObject","inLanguage":"ht","@id":"https:\/\/www.miamibeachfl.gov\/#\/schema\/logo\/image\/","url":"https:\/\/www.miamibeachfl.gov\/wp-content\/uploads\/2022\/06\/miamibeach-logoblue.png","contentUrl":"https:\/\/www.miamibeachfl.gov\/wp-content\/uploads\/2022\/06\/miamibeach-logoblue.png","width":1962,"height":381,"caption":"City of Miami Beach"},"image":{"@id":"https:\/\/www.miamibeachfl.gov\/#\/schema\/logo\/image\/"},"sameAs":["https:\/\/www.facebook.com\/cityofmiamibeach","https:\/\/x.com\/Miamibeachnews","https:\/\/www.instagram.com\/miamibeachnews\/"],"description":"Sitw\u00e8b ofisy\u00e8l Vil Miami Beach la. Rete enf\u00f2me, jwenn enf\u00f2masyon enp\u00f2tan sou s\u00e8vis vil la, nouv\u00e8l, al\u00e8t, ev\u00e8nman, wout tramway, travay gouv\u00e8nman an ak plis ank\u00f2.","telephone":"305.604.CITY(2489)","legalName":"City of Miami Beach"}]}},"_links":{"self":[{"href":"https:\/\/www.miamibeachfl.gov\/ht\/wp-json\/wp\/v2\/pages\/223122","targetHints":{"allow":["GET"]}}],"collection":[{"href":"https:\/\/www.miamibeachfl.gov\/ht\/wp-json\/wp\/v2\/pages"}],"about":[{"href":"https:\/\/www.miamibeachfl.gov\/ht\/wp-json\/wp\/v2\/types\/page"}],"author":[{"embeddable":true,"href":"https:\/\/www.miamibeachfl.gov\/ht\/wp-json\/wp\/v2\/users\/222"}],"replies":[{"embeddable":true,"href":"https:\/\/www.miamibeachfl.gov\/ht\/wp-json\/wp\/v2\/comments?post=223122"}],"version-history":[{"count":7,"href":"https:\/\/www.miamibeachfl.gov\/ht\/wp-json\/wp\/v2\/pages\/223122\/revisions"}],"predecessor-version":[{"id":390899,"href":"https:\/\/www.miamibeachfl.gov\/ht\/wp-json\/wp\/v2\/pages\/223122\/revisions\/390899"}],"up":[{"embeddable":true,"href":"https:\/\/www.miamibeachfl.gov\/ht\/wp-json\/wp\/v2\/pages\/197440"}],"wp:attachment":[{"href":"https:\/\/www.miamibeachfl.gov\/ht\/wp-json\/wp\/v2\/media?parent=223122"}],"wp:term":[{"taxonomy":"category","embeddable":true,"href":"https:\/\/www.miamibeachfl.gov\/ht\/wp-json\/wp\/v2\/categories?post=223122"},{"taxonomy":"post_tag","embeddable":true,"href":"https:\/\/www.miamibeachfl.gov\/ht\/wp-json\/wp\/v2\/tags?post=223122"}],"curies":[{"name":"wp","href":"https:\/\/api.w.org\/{rel}","templated":true}]}}