{"id":223201,"date":"2022-09-19T16:08:26","date_gmt":"2022-09-19T20:08:26","guid":{"rendered":"https:\/\/www.miamibeachfl.gov\/business-new\/doing-business-with-mb\/business-incentives\/expedited-permit-program\/"},"modified":"2026-02-26T14:10:18","modified_gmt":"2026-02-26T19:10:18","slug":"expedited-permit-program","status":"publish","type":"page","link":"https:\/\/www.miamibeachfl.gov\/ht\/business\/doing-business-with-mb\/business-incentives\/expedited-permit-program\/","title":{"rendered":"Pwogram P\u00e8mi Akselere"},"content":{"rendered":"<h1>\n\t\t\tPlan Akselere, Revizyon, Pwogram Ankourajman pou P\u00e8mi\t<\/h1>\n\t\t\t<a href=\"http:\/\/mbbiz.gosmart.org\" target=\"_blank\" rel=\"noopener\">\n\t\t\t\t\t\t\tAplike pou Pwogram EPRP a\n\t\t\t<\/a>\n\t\t<h2>1. Ap\u00e8si sou Pwogram nan ak Objektif li<\/h2>\t\n\t<p>Vil Miami Beach angaje l pou div\u00e8sifye ekonomi lokal la l\u00e8 li atire epi kenbe endistri sib yo tankou s\u00e8vis finansye ak teknoloji. K\u00f2m yon pati nan ef\u00f2 sa a, Vil la ap ofri yon Pwogram Revizyon ak P\u00e8mi Plan Akselere pou ankouraje konpayi nan endistri sa yo pou ankouraje relokasyon oswa ekspansyon sib ak devlopman ki asosye av\u00e8k yo. Revizyon ak p\u00e8mi plan akselere ede ogmante rez\u00e8v envant\u00e8 biwo yo l\u00e8 li akselere pwosesis apwobasyon pou P\u00e8mi Konstriksyon ki aplikab a devlopman ak renovasyon biwo yo.<\/p>\n\t\t<h3>2. Kondisyon Elijibilite<\/h3>\t\n\t<p><strong>yon.<\/strong> Konpayi ki nan sekt\u00e8 sa yo kalifye pou aplike pou Pwogram nan*: <strong>S\u00e8vis Finansye<\/strong>,\u00a0<strong>Teknoloji<\/strong>, ak\u00a0<strong>Katye jeneral antrepriz la<\/strong>\u00a0(ki gen ladan katye jeneral rejyonal yo) pou nenp\u00f2t endistri.<\/p>\n<p>*Vil Miami Beach pral det\u00e8mine kalifikasyon endistri a selon pw\u00f2p diskresyon li atrav\u00e8 Depatman Devlopman Ekonomik la.<\/p>\n<p><strong>b.<\/strong>\u00a0Kalite Pwoj\u00e8: Renovasyon ak nouvo pwoj\u00e8 konstriksyon pou biznis ki gen ladan biwo ak espas oksily\u00e8 ki gen rap\u00f2.<\/p>\n<p><strong>c.<\/strong>\u00a0Konpayi an (&quot;Aplikan&quot; oswa &quot;Patisipan&quot;) ki pral benefisye de ankourajman an epi ki pral lwe, achte ak\/oswa okipe espas biwo a dwe soum\u00e8t aplikasyon ankourajman an. Malgre ke pwopriyet\u00e8 a, m\u00e8t kay la ak\/oswa pwomot\u00e8 a ka aplike pou p\u00e8mi konstriksyon an, ankourajman an pral ak\u00f2de atrav\u00e8 Aplikan an.<\/p>\n<p><strong>d.\u00a0<\/strong>Aplikan an dwe gen kontw\u00f2l sit la kounye a oswa nan lavni jan sa demontre nan tit pwopriyete a, ak\u00f2 lokasyon ki siyen oswa L\u00e8t Entansyon (LOI) ki siyen.<\/p>\n<p><strong>e.\u00a0<\/strong>Reyinyon anvan soum\u00e8t pwoj\u00e8 a obligatwa anvan yo soum\u00e8t plan an ak aplikasyon pou p\u00e8mi an. Reyinyon anvan soum\u00e8t la dwe gen ladan manm ekip devlopman an (achit\u00e8k, enjeny\u00e8, ak\/oswa kontrakt\u00e8, elatriye).<\/p>\n<p><strong>f.<\/strong>\u00a0Anons pou Medya yo: Aplikan an dwe (a) mansyone Vil Miami Beach pa non nan premye kominike pou lapr\u00e8s li a k ap anonse nouvo adr\u00e8s biwo a, (b) omwen karantwit (48) \u00e8dtan davans, bay dat ak l\u00e8 egzak kominike pou lapr\u00e8s la ap pibliye, epi (c) omwen karantwit (48) \u00e8dtan davans, bay yon kopi kominike pou lapr\u00e8s la. Depatman Maketing ak Kominikasyon Vil la ap pibliye yon kominike pou lapr\u00e8s tou epi ankouraje pwoteksyon medya yo. Aplikan an dwe bay yon sitasyon pou kominike pou lapr\u00e8s Vil la ki soti nan pwopriyet\u00e8 biznis la, oswa egzekitif la (PDG, Direkt\u00e8 Operasyon, CIO, elatriye). Yon fwa Vil la ak Konpayi an det\u00e8mine moman ki apwopriye a, yo pral pibliye anons ansanm ak\/oswa endepandan ki gen ladan yon kominike pou lapr\u00e8s.<\/p>\n\t\t<h3>2. Pwosesis Aplikasyon ak Gid<\/h3>\t\n\t<p><strong>yon.<\/strong>\u00a0Pwopriyet\u00e8 konpayi an oswa reprezantan otorize a soum\u00e8t dokiman konpl\u00e8.\u00a0<a href=\"http:\/\/www.miamibeachfl.gov\/wp-content\/uploads\/2021\/08\/Expedited-Plan-Review-Permit-Application.pdf\">aplikasyon<\/a>\u00a0f\u00f2m ak tit pwopriyete, kontra-lwaye siyen oswa LOI bay Depatman Devlopman Ekonomik Vil Miami Beach (<a href=\"mailto:mbbiz@miamibeachfl.gov\">mbbiz@miamibeachfl.gov<\/a>).<\/p>\n<p><strong>b.<\/strong>\u00a0Depatman Devlopman Ekonomik la revize aplikasyon an epi li enf\u00f2me aplikan an sou sitiyasyon kalifikasyon li. Sitiyasyon kalifikasyon an baze s\u00e8lman sou kategori endistri a ak pwosesis P\u00e8mi Konstriksyon an. Kalifikasyon an pa aplike pou egzijans apwobasyon Komisyon Itilizasyon T\u00e8 a, tankou Komisyon Planifikasyon an, Komisyon Revizyon Design lan, Komisyon Prez\u00e8vasyon Istorik la ak Komisyon Ajisteman an.<\/p>\n<p><strong>c.<\/strong>\u00a0Si Aplikan an kalifye, Depatman Devlopman Ekonomik la kow\u00f2done reyinyon pre-soum\u00e8t la av\u00e8k Depatman Planifikasyon ak Zonaj ak Konstriksyon yo ansanm ak Aplikan an.<\/p>\n<p><strong>d.\u00a0<\/strong>Si Aplikan an kalifye, Vil Miami Beach ap ekri epi pibliye yon anons pou lapr\u00e8s jan sa dekri pi wo a.<\/p>\n<p><strong>e.\u00a0<\/strong>Apre reyinyon pre-soum\u00e8t la, Aplikan an (oswa pwopriyet\u00e8 t\u00e8 a\/m\u00e8t kay la\/reprezantan otorize a) soum\u00e8t plan(yo)\/demann p\u00e8mi konstriksyon SOU ENT\u00c8N\u00c8T pou revizyon (gade lyen itil ki anba yo). Plan\/demann p\u00e8mi ki soum\u00e8t separeman (pita) oswa ki bezwen apwobasyon youn apre l\u00f2t pral revize epi evalye pa Vil la nan l\u00f2d soum\u00e8t yo a.<\/p>\n<ul>\n<li>\n<ul>\n<li><strong><a href=\"https:\/\/www.miamibeachfl.gov\/ht\/city-hall\/building\/onlinepermits\/\">Kijan pou Enskri &amp; Aplike pou P\u00e8mi Sou Ent\u00e8n\u00e8t<\/a><\/strong><\/li>\n<li><strong><a href=\"https:\/\/www.miamibeachfl.gov\/ht\/city-hall\/building\/permits\/permitchecklists\/\">Lis Verifikasyon pou Soum\u00e8t Aplikasyon P\u00e8mi<\/a><\/strong><\/li>\n<li><strong><a href=\"https:\/\/eservices.miamibeachfl.gov\/EnerGovProd\/SelfService#\/home\">P\u00f2tal Aplikasyon P\u00e8mi Sou Ent\u00e8n\u00e8t<\/a>\u00a0<\/strong>\u2013 S\u00e8vis Oto-s\u00e8vis pou Sitwayen<\/li>\n<li><strong><a href=\"https:\/\/www.miamibeachfl.gov\/ht\/city-hall\/building\/contractors\/\">Lisans ak Asirans Kontrakt\u00e8<\/a>\u00a0<\/strong>(si Kontrakt\u00e8 a ap f\u00e8 travay la pou premye fwa nan Miami Beach)<\/li>\n<\/ul>\n<\/li>\n<\/ul>\n<p><strong>f.\u00a0<\/strong>Depatman Planifikasyon ak Zonaj ak Konstriksyon Vil Miami Beach yo bay yon revizyon rapid sou plan yo epi bay p\u00e8mi an ak\u00f2 av\u00e8k K\u00f2d Vil Miami Beach ak K\u00f2d Konstriksyon Florid la. P\u00e8mi yo p ap bay otomatikman. Yo p ap anile oswa rab\u00e8 sou depans revizyon plan ak p\u00e8mi yo.<\/p>\n<p><strong>g.<\/strong>\u00a0Si yo bezwen yon revizyon plan\/aplikasyon oswa yon dezy\u00e8m soum\u00e8t, pwosesis revizyon an ap rek\u00f2manse (gade III F).<\/p>\n<ul>\n<li>\n<ul>\n<li><strong><a href=\"https:\/\/www.miamibeachfl.gov\/ht\/city-hall\/building\/onlinepermits\/\">Kijan pou soum\u00e8t Plan ak Koreksyon sou Ent\u00e8n\u00e8t<\/a><\/strong><\/li>\n<\/ul>\n<\/li>\n<\/ul>\n\t<p>P\u00f2tal Miami Beach Civic Access (CSS) la se sit s\u00e8vis pwochen jenerasyon an pou p\u00e8mi, planifikasyon, resi taks biznis ak konf\u00f2mite k\u00f2d. Itilizat\u00e8 yo ka soum\u00e8t plizy\u00e8 demann sou ent\u00e8n\u00e8t \u2013 aprann estati aplikasyon p\u00e8mi ou a, plan konstriksyon an oswa menm mande yon enspeksyon.<\/p>\n\t<p>Gen yon kont:<\/p>\n\t\t\t<a href=\"https:\/\/energovcss.miamibeachfl.gov\/energovprod\/selfservice#\/login?redirectUrl=%2Fhome\" target=\"_blank\" rel=\"noopener\">\n\t\t\t\t\t\t\tKonekte sou P\u00f2tal Aks\u00e8 Sivik (CSS)\n\t\t\t<\/a>\n\t<p>Bezwen yon kont:<\/p>\n\t\t\t<a href=\"https:\/\/energovcss.miamibeachfl.gov\/energovprod\/selfservice#\/register\" target=\"_blank\" rel=\"noopener\">\n\t\t\t\t\t\t\tAnrejistre yon nouvo kont (CSS)\n\t\t\t<\/a>\n\t\t<h3><a href=\"https:\/\/energovcss.miamibeachfl.gov\/energovprod\/selfservice#\/search\"  target=\"_self\">\t\n\t\t\t\tCh\u00e8che Dosye Piblik Ch\u00e8che Dosye Piblik<\/a><\/h3><p>P\u00e8mi, Plan, Enspeksyon, Ka K\u00f2d, Demann, Lisans ak Pwoj\u00e8<\/p>\n\t\t\t<a href=\"https:\/\/energovcss.miamibeachfl.gov\/energovprod\/selfservice#\/search\" target=\"_self\">\n\t\t\t\t\t\t\tP\u00f2tal Rech\u00e8ch\n\t\t\t\t\t<\/a>\n\t\t<h3><a href=\"https:\/\/energovcss.miamibeachfl.gov\/energovprod\/selfservice#\/applicationAssistant\"  target=\"_self\">\t\n\t\t\t\tAsistan Aplikasyon Asistans Aplikasyon<\/a><\/h3><p>Aplike pou P\u00e8mi, Plan ak Resi Biznis<\/p>\n\t\t\t<a href=\"https:\/\/energovcss.miamibeachfl.gov\/energovprod\/selfservice#\/applicationAssistant\" target=\"_self\">\n\t\t\t\t\t\t\tAplike Kounye a\n\t\t\t\t\t<\/a>\n\t\t<h3><a href=\"https:\/\/payments.miamibeachfl.gov\/app\/\"  target=\"_self\">\t\n\t\t\t\tPeye yon fakti Peye yon fakti<\/a><\/h3><p><strong><a href=\"https:\/\/energovcss.miamibeachfl.gov\/energovprod\/selfservice#\/payinvoice\">Klike la a pou ch\u00e8che yon fakti<\/a><\/strong><\/p>\n\t\t\t<a href=\"https:\/\/payments.miamibeachfl.gov\/app\/\" target=\"_self\">\n\t\t\t\t\t\t\tPeman rapid sou fakti\n\t\t\t\t\t<\/a>\n<h3>\n\t\t\tResous adisyon\u00e8l:\t<\/h3>\n\t<strong><a href=\"https:\/\/energovcss.miamibeachfl.gov\/energovprod\/selfservice#\/estimate\">Estimat\u00e8 Fr\u00e8<\/a><\/strong><br \/>\n<a href=\"#cssfaqs\"><strong>Kesyon yo poze souvan sou Aks\u00e8 Sivik<\/strong><\/a><br \/>\n<strong><a href=\"https:\/\/www.miamibeachfl.gov\/wp-content\/uploads\/2023\/05\/CSSLoginInstructions.pdf\">Telechaje Gid Pwobl\u00e8m Koneksyon an<\/a><\/strong>\n\t<a href=\"\/ht\/spotlight\/\" target=\"_self\"  aria-label=\"Ale nan \/spotlight\/\"><\/a>\n\t\t\t\t<img decoding=\"async\" src=\"https:\/\/www.miamibeachfl.gov\/wp-content\/uploads\/2022\/07\/icon-mbbiznews.png\" alt=\"mbbiz icon\" title=\"ik\u00f2n-mbbiznews\" itemprop=\"image\"\/>\n\t\t<h3>D\u00e8nye Nouv\u00e8l yo<\/h3>\t\t\t\n\t\t\t\t<p>Browse bilten biznis nou yo ak atik enp\u00f2tan yo pou d\u00e8nye enf\u00f2masyon ak resous ki disponib pou kominote biznis nou an.\u00a0<\/p>\n\t<a href=\"\/ht\/business\/whymb\/dashboard\/\" target=\"_self\"  aria-label=\"Ale nan \/business\/whymb\/dashboard\/\"><\/a>\n\t\t\t\t<img decoding=\"async\" src=\"https:\/\/www.miamibeachfl.gov\/wp-content\/uploads\/2022\/07\/icon-bizincentives.png\" alt=\"search data icon\" title=\"ik\u00f2n-ankourajman biznis\" itemprop=\"image\"\/>\n\t\t<h3>Resous Biznis<\/h3>\t\t\t\n\t\t\t\t<p>Zouti pou ede ou konprann d\u00e8nye endikat\u00e8 biznis yo, demografik yo, ak tandans endistri yo nan Vil Miami Beach.<\/p>\n\t<a href=\"\/ht\/business\/doing-business-with-mb\/mbbiz-events\/\" target=\"_self\"  aria-label=\"Ale nan \/biznis\/f\u00e8-biznis-ak-mb\/mbbiz-events\/\"><\/a>\n\t\t\t\t<img decoding=\"async\" src=\"https:\/\/www.miamibeachfl.gov\/wp-content\/uploads\/2022\/07\/icon-mbbicalendarincircle-2.png\" alt=\"icon-mbbicalendarincircle\" title=\"ik\u00f2n-mbbicalendarincircle\" itemprop=\"image\"\/>\n\t\t<h3>Ev\u00e8nman kap vini yo<\/h3>\t\t\t\n\t\t\t\t<p>Gade ev\u00e8nman kap vini yo.<\/p>\n\t\t<h3><a href=\"tel:3056737572\"  target=\"_self\">\t\n\t305.673.7572<\/a><\/h3>\t\n\t\t<h3><a href=\"mailto:mbbiz@miamibeachfl.gov\"  target=\"_self\">\t\n\tmbbiz@miamibeachfl.gov<\/a><\/h3>\t\n\t\t<h3><a href=\"\/ht\/business\/\"  target=\"_blank\"  rel=\"noopener\">\t\n\twww.MBBiz.com<\/a><\/h3>\t\n\t\t<h2>Ab\u00f2ne ak bilten MBBiz la<\/h2>\n\t\t\t\t<p>Resevwa resous ak d\u00e8nye enf\u00f2masyon nan men Depatman Devlopman Ekonomik la dir\u00e8kteman sou telef\u00f2n ou.<\/p>\n\t\t\t<a href=\"\/ht\/mbbiznews\/\" title=\"Klike la a\" target=\"_self\"   role=\"button\" aria-label=\"Ab\u00f2ne Kounye a\">\n\t\t\t\t\t\t\t\t\t\t\tAb\u00f2ne Kounye a\n\t\t<\/a>","protected":false},"excerpt":{"rendered":"<p>Expedited Plan, Review, Permitting Incentive Program Apply For The EPRP Program 1. Program Overview &#038; Purpose The City of Miami [&hellip;]<\/p>\n","protected":false},"author":222,"featured_media":0,"parent":223122,"menu_order":37,"comment_status":"closed","ping_status":"closed","template":"","meta":{"_searchwp_excluded":"","site-sidebar-layout":"default","site-content-layout":"","ast-site-content-layout":"default","site-content-style":"default","site-sidebar-style":"default","ast-global-header-display":"","ast-banner-title-visibility":"","ast-main-header-display":"","ast-hfb-above-header-display":"","ast-hfb-below-header-display":"","ast-hfb-mobile-header-display":"","site-post-title":"","ast-breadcrumbs-content":"","ast-featured-img":"","footer-sml-layout":"","theme-transparent-header-meta":"","adv-header-id-meta":"","stick-header-meta":"","header-above-stick-meta":"","header-main-stick-meta":"","header-below-stick-meta":"","astra-migrate-meta-layouts":"default","ast-page-background-enabled":"default","ast-page-background-meta":{"desktop":{"background-color":"var(--ast-global-color-5)","background-image":"","background-repeat":"repeat","background-position":"center center","background-size":"auto","background-attachment":"scroll","background-type":"","background-media":"","overlay-type":"","overlay-color":"","overlay-opacity":"","overlay-gradient":""},"tablet":{"background-color":"","background-image":"","background-repeat":"repeat","background-position":"center center","background-size":"auto","background-attachment":"scroll","background-type":"","background-media":"","overlay-type":"","overlay-color":"","overlay-opacity":"","overlay-gradient":""},"mobile":{"background-color":"","background-image":"","background-repeat":"repeat","background-position":"center center","background-size":"auto","background-attachment":"scroll","background-type":"","background-media":"","overlay-type":"","overlay-color":"","overlay-opacity":"","overlay-gradient":""}},"ast-content-background-meta":{"desktop":{"background-color":"var(--ast-global-color-4)","background-image":"","background-repeat":"repeat","background-position":"center center","background-size":"auto","background-attachment":"scroll","background-type":"","background-media":"","overlay-type":"","overlay-color":"","overlay-opacity":"","overlay-gradient":""},"tablet":{"background-color":"var(--ast-global-color-4)","background-image":"","background-repeat":"repeat","background-position":"center center","background-size":"auto","background-attachment":"scroll","background-type":"","background-media":"","overlay-type":"","overlay-color":"","overlay-opacity":"","overlay-gradient":""},"mobile":{"background-color":"var(--ast-global-color-4)","background-image":"","background-repeat":"repeat","background-position":"center center","background-size":"auto","background-attachment":"scroll","background-type":"","background-media":"","overlay-type":"","overlay-color":"","overlay-opacity":"","overlay-gradient":""}},"footnotes":""},"categories":[],"tags":[1022,1015],"class_list":["post-223201","page","type-page","status-publish","hentry","tag-building-permit","tag-permitting-building-construction"],"yoast_head":"<!-- This site is optimized with the Yoast SEO Premium plugin v27.4 (Yoast SEO v27.4) - https:\/\/yoast.com\/product\/yoast-seo-premium-wordpress\/ -->\n<title>Expedited Permit Program - City of Miami Beach<\/title>\n<meta name=\"description\" content=\"%\" \/>\n<meta name=\"robots\" content=\"index, follow, max-snippet:-1, max-image-preview:large, max-video-preview:-1\" \/>\n<link rel=\"canonical\" href=\"https:\/\/www.miamibeachfl.gov\/ht\/business\/doing-business-with-mb\/business-incentives\/expedited-permit-program\/\" \/>\n<meta property=\"og:locale\" content=\"ht_HT\" \/>\n<meta property=\"og:type\" content=\"article\" \/>\n<meta property=\"og:title\" content=\"Expedited Permit Program\" \/>\n<meta property=\"og:description\" content=\"%\" \/>\n<meta property=\"og:url\" content=\"https:\/\/www.miamibeachfl.gov\/ht\/business\/doing-business-with-mb\/business-incentives\/expedited-permit-program\/\" \/>\n<meta property=\"og:site_name\" content=\"City of Miami Beach\" \/>\n<meta property=\"article:publisher\" content=\"https:\/\/www.facebook.com\/cityofmiamibeach\" \/>\n<meta property=\"article:modified_time\" content=\"2026-02-26T19:10:18+00:00\" \/>\n<meta property=\"og:image\" content=\"https:\/\/www.miamibeachfl.gov\/wp-content\/uploads\/2022\/07\/icon-mbbiznews.png\" \/>\n<meta name=\"twitter:card\" content=\"summary_large_image\" \/>\n<meta name=\"twitter:site\" content=\"@Miamibeachnews\" \/>\n<script type=\"application\/ld+json\" class=\"yoast-schema-graph\">{\"@context\":\"https:\\\/\\\/schema.org\",\"@graph\":[{\"@type\":\"WebPage\",\"@id\":\"https:\\\/\\\/www.miamibeachfl.gov\\\/business\\\/doing-business-with-mb\\\/business-incentives\\\/expedited-permit-program\\\/\",\"url\":\"https:\\\/\\\/www.miamibeachfl.gov\\\/business\\\/doing-business-with-mb\\\/business-incentives\\\/expedited-permit-program\\\/\",\"name\":\"Expedited Permit Program - City of Miami Beach\",\"isPartOf\":{\"@id\":\"https:\\\/\\\/www.miamibeachfl.gov\\\/#website\"},\"primaryImageOfPage\":{\"@id\":\"https:\\\/\\\/www.miamibeachfl.gov\\\/business\\\/doing-business-with-mb\\\/business-incentives\\\/expedited-permit-program\\\/#primaryimage\"},\"image\":{\"@id\":\"https:\\\/\\\/www.miamibeachfl.gov\\\/business\\\/doing-business-with-mb\\\/business-incentives\\\/expedited-permit-program\\\/#primaryimage\"},\"thumbnailUrl\":\"https:\\\/\\\/www.miamibeachfl.gov\\\/wp-content\\\/uploads\\\/2022\\\/07\\\/icon-mbbiznews.png\",\"datePublished\":\"2022-09-19T20:08:26+00:00\",\"dateModified\":\"2026-02-26T19:10:18+00:00\",\"description\":\"%\",\"breadcrumb\":{\"@id\":\"https:\\\/\\\/www.miamibeachfl.gov\\\/business\\\/doing-business-with-mb\\\/business-incentives\\\/expedited-permit-program\\\/#breadcrumb\"},\"inLanguage\":\"ht\",\"potentialAction\":[{\"@type\":\"ReadAction\",\"target\":[\"https:\\\/\\\/www.miamibeachfl.gov\\\/business\\\/doing-business-with-mb\\\/business-incentives\\\/expedited-permit-program\\\/\"]}]},{\"@type\":\"ImageObject\",\"inLanguage\":\"ht\",\"@id\":\"https:\\\/\\\/www.miamibeachfl.gov\\\/business\\\/doing-business-with-mb\\\/business-incentives\\\/expedited-permit-program\\\/#primaryimage\",\"url\":\"https:\\\/\\\/www.miamibeachfl.gov\\\/wp-content\\\/uploads\\\/2022\\\/07\\\/icon-mbbiznews.png\",\"contentUrl\":\"https:\\\/\\\/www.miamibeachfl.gov\\\/wp-content\\\/uploads\\\/2022\\\/07\\\/icon-mbbiznews.png\"},{\"@type\":\"BreadcrumbList\",\"@id\":\"https:\\\/\\\/www.miamibeachfl.gov\\\/business\\\/doing-business-with-mb\\\/business-incentives\\\/expedited-permit-program\\\/#breadcrumb\",\"itemListElement\":[{\"@type\":\"ListItem\",\"position\":1,\"name\":\"Home\",\"item\":\"https:\\\/\\\/www.miamibeachfl.gov\\\/\"},{\"@type\":\"ListItem\",\"position\":2,\"name\":\"Business\",\"item\":\"https:\\\/\\\/www.miamibeachfl.gov\\\/business\\\/\"},{\"@type\":\"ListItem\",\"position\":3,\"name\":\"Doing Business with MB\",\"item\":\"https:\\\/\\\/www.miamibeachfl.gov\\\/business\\\/doing-business-with-mb\\\/\"},{\"@type\":\"ListItem\",\"position\":4,\"name\":\"Business Incentives\",\"item\":\"https:\\\/\\\/www.miamibeachfl.gov\\\/business\\\/doing-business-with-mb\\\/business-incentives\\\/\"},{\"@type\":\"ListItem\",\"position\":5,\"name\":\"Expedited Permit Program\"}]},{\"@type\":\"WebSite\",\"@id\":\"https:\\\/\\\/www.miamibeachfl.gov\\\/#website\",\"url\":\"https:\\\/\\\/www.miamibeachfl.gov\\\/\",\"name\":\"City of Miami Beach\",\"description\":\"The official website of the City of Miami Beach. Stay informed, find important information on city services, news, alerts, events, trolley routes, government employment and more.\",\"publisher\":{\"@id\":\"https:\\\/\\\/www.miamibeachfl.gov\\\/#organization\"},\"potentialAction\":[{\"@type\":\"SearchAction\",\"target\":{\"@type\":\"EntryPoint\",\"urlTemplate\":\"https:\\\/\\\/www.miamibeachfl.gov\\\/?s={search_term_string}\"},\"query-input\":{\"@type\":\"PropertyValueSpecification\",\"valueRequired\":true,\"valueName\":\"search_term_string\"}}],\"inLanguage\":\"ht\"},{\"@type\":\"Organization\",\"@id\":\"https:\\\/\\\/www.miamibeachfl.gov\\\/#organization\",\"name\":\"City of Miami Beach\",\"url\":\"https:\\\/\\\/www.miamibeachfl.gov\\\/\",\"logo\":{\"@type\":\"ImageObject\",\"inLanguage\":\"ht\",\"@id\":\"https:\\\/\\\/www.miamibeachfl.gov\\\/#\\\/schema\\\/logo\\\/image\\\/\",\"url\":\"https:\\\/\\\/www.miamibeachfl.gov\\\/wp-content\\\/uploads\\\/2022\\\/06\\\/miamibeach-logoblue.png\",\"contentUrl\":\"https:\\\/\\\/www.miamibeachfl.gov\\\/wp-content\\\/uploads\\\/2022\\\/06\\\/miamibeach-logoblue.png\",\"width\":1962,\"height\":381,\"caption\":\"City of Miami Beach\"},\"image\":{\"@id\":\"https:\\\/\\\/www.miamibeachfl.gov\\\/#\\\/schema\\\/logo\\\/image\\\/\"},\"sameAs\":[\"https:\\\/\\\/www.facebook.com\\\/cityofmiamibeach\",\"https:\\\/\\\/x.com\\\/Miamibeachnews\",\"https:\\\/\\\/www.instagram.com\\\/miamibeachnews\\\/\"],\"description\":\"The official website of the City of Miami Beach. Stay informed, find important information on city services, news, alerts, events, trolley routes, government employment and more.\",\"telephone\":\"305.604.CITY(2489)\",\"legalName\":\"City of Miami Beach\"}]}<\/script>\n<!-- \/ Yoast SEO Premium plugin. -->","yoast_head_json":{"title":"Pwogram P\u00e8mi Akselere - Vil Miami Beach","description":"%","robots":{"index":"index","follow":"follow","max-snippet":"max-snippet:-1","max-image-preview":"max-image-preview:large","max-video-preview":"max-video-preview:-1"},"canonical":"https:\/\/www.miamibeachfl.gov\/ht\/business\/doing-business-with-mb\/business-incentives\/expedited-permit-program\/","og_locale":"ht_HT","og_type":"article","og_title":"Expedited Permit Program","og_description":"%","og_url":"https:\/\/www.miamibeachfl.gov\/ht\/business\/doing-business-with-mb\/business-incentives\/expedited-permit-program\/","og_site_name":"City of Miami Beach","article_publisher":"https:\/\/www.facebook.com\/cityofmiamibeach","article_modified_time":"2026-02-26T19:10:18+00:00","og_image":[{"url":"https:\/\/www.miamibeachfl.gov\/wp-content\/uploads\/2022\/07\/icon-mbbiznews.png","type":"","width":"","height":""}],"twitter_card":"summary_large_image","twitter_site":"@Miamibeachnews","schema":{"@context":"https:\/\/schema.org","@graph":[{"@type":"WebPage","@id":"https:\/\/www.miamibeachfl.gov\/business\/doing-business-with-mb\/business-incentives\/expedited-permit-program\/","url":"https:\/\/www.miamibeachfl.gov\/business\/doing-business-with-mb\/business-incentives\/expedited-permit-program\/","name":"Pwogram P\u00e8mi Akselere - Vil Miami Beach","isPartOf":{"@id":"https:\/\/www.miamibeachfl.gov\/#website"},"primaryImageOfPage":{"@id":"https:\/\/www.miamibeachfl.gov\/business\/doing-business-with-mb\/business-incentives\/expedited-permit-program\/#primaryimage"},"image":{"@id":"https:\/\/www.miamibeachfl.gov\/business\/doing-business-with-mb\/business-incentives\/expedited-permit-program\/#primaryimage"},"thumbnailUrl":"https:\/\/www.miamibeachfl.gov\/wp-content\/uploads\/2022\/07\/icon-mbbiznews.png","datePublished":"2022-09-19T20:08:26+00:00","dateModified":"2026-02-26T19:10:18+00:00","description":"%","breadcrumb":{"@id":"https:\/\/www.miamibeachfl.gov\/business\/doing-business-with-mb\/business-incentives\/expedited-permit-program\/#breadcrumb"},"inLanguage":"ht","potentialAction":[{"@type":"ReadAction","target":["https:\/\/www.miamibeachfl.gov\/business\/doing-business-with-mb\/business-incentives\/expedited-permit-program\/"]}]},{"@type":"ImageObject","inLanguage":"ht","@id":"https:\/\/www.miamibeachfl.gov\/business\/doing-business-with-mb\/business-incentives\/expedited-permit-program\/#primaryimage","url":"https:\/\/www.miamibeachfl.gov\/wp-content\/uploads\/2022\/07\/icon-mbbiznews.png","contentUrl":"https:\/\/www.miamibeachfl.gov\/wp-content\/uploads\/2022\/07\/icon-mbbiznews.png"},{"@type":"BreadcrumbList","@id":"https:\/\/www.miamibeachfl.gov\/business\/doing-business-with-mb\/business-incentives\/expedited-permit-program\/#breadcrumb","itemListElement":[{"@type":"ListItem","position":1,"name":"Home","item":"https:\/\/www.miamibeachfl.gov\/"},{"@type":"ListItem","position":2,"name":"Business","item":"https:\/\/www.miamibeachfl.gov\/business\/"},{"@type":"ListItem","position":3,"name":"Doing Business with MB","item":"https:\/\/www.miamibeachfl.gov\/business\/doing-business-with-mb\/"},{"@type":"ListItem","position":4,"name":"Business Incentives","item":"https:\/\/www.miamibeachfl.gov\/business\/doing-business-with-mb\/business-incentives\/"},{"@type":"ListItem","position":5,"name":"Expedited Permit Program"}]},{"@type":"WebSite","@id":"https:\/\/www.miamibeachfl.gov\/#website","url":"https:\/\/www.miamibeachfl.gov\/","name":"Vil Miami Beach","description":"Sitw\u00e8b ofisy\u00e8l Vil Miami Beach la. Rete enf\u00f2me, jwenn enf\u00f2masyon enp\u00f2tan sou s\u00e8vis vil la, nouv\u00e8l, al\u00e8t, ev\u00e8nman, wout tramway, travay gouv\u00e8nman an ak plis ank\u00f2.","publisher":{"@id":"https:\/\/www.miamibeachfl.gov\/#organization"},"potentialAction":[{"@type":"SearchAction","target":{"@type":"EntryPoint","urlTemplate":"https:\/\/www.miamibeachfl.gov\/?s={search_term_string}"},"query-input":{"@type":"PropertyValueSpecification","valueRequired":true,"valueName":"search_term_string"}}],"inLanguage":"ht"},{"@type":"Organization","@id":"https:\/\/www.miamibeachfl.gov\/#organization","name":"Vil Miami Beach","url":"https:\/\/www.miamibeachfl.gov\/","logo":{"@type":"ImageObject","inLanguage":"ht","@id":"https:\/\/www.miamibeachfl.gov\/#\/schema\/logo\/image\/","url":"https:\/\/www.miamibeachfl.gov\/wp-content\/uploads\/2022\/06\/miamibeach-logoblue.png","contentUrl":"https:\/\/www.miamibeachfl.gov\/wp-content\/uploads\/2022\/06\/miamibeach-logoblue.png","width":1962,"height":381,"caption":"City of Miami Beach"},"image":{"@id":"https:\/\/www.miamibeachfl.gov\/#\/schema\/logo\/image\/"},"sameAs":["https:\/\/www.facebook.com\/cityofmiamibeach","https:\/\/x.com\/Miamibeachnews","https:\/\/www.instagram.com\/miamibeachnews\/"],"description":"Sitw\u00e8b ofisy\u00e8l Vil Miami Beach la. Rete enf\u00f2me, jwenn enf\u00f2masyon enp\u00f2tan sou s\u00e8vis vil la, nouv\u00e8l, al\u00e8t, ev\u00e8nman, wout tramway, travay gouv\u00e8nman an ak plis ank\u00f2.","telephone":"305.604.CITY(2489)","legalName":"City of Miami Beach"}]}},"_links":{"self":[{"href":"https:\/\/www.miamibeachfl.gov\/ht\/wp-json\/wp\/v2\/pages\/223201","targetHints":{"allow":["GET"]}}],"collection":[{"href":"https:\/\/www.miamibeachfl.gov\/ht\/wp-json\/wp\/v2\/pages"}],"about":[{"href":"https:\/\/www.miamibeachfl.gov\/ht\/wp-json\/wp\/v2\/types\/page"}],"author":[{"embeddable":true,"href":"https:\/\/www.miamibeachfl.gov\/ht\/wp-json\/wp\/v2\/users\/222"}],"replies":[{"embeddable":true,"href":"https:\/\/www.miamibeachfl.gov\/ht\/wp-json\/wp\/v2\/comments?post=223201"}],"version-history":[{"count":7,"href":"https:\/\/www.miamibeachfl.gov\/ht\/wp-json\/wp\/v2\/pages\/223201\/revisions"}],"predecessor-version":[{"id":396809,"href":"https:\/\/www.miamibeachfl.gov\/ht\/wp-json\/wp\/v2\/pages\/223201\/revisions\/396809"}],"up":[{"embeddable":true,"href":"https:\/\/www.miamibeachfl.gov\/ht\/wp-json\/wp\/v2\/pages\/223122"}],"wp:attachment":[{"href":"https:\/\/www.miamibeachfl.gov\/ht\/wp-json\/wp\/v2\/media?parent=223201"}],"wp:term":[{"taxonomy":"category","embeddable":true,"href":"https:\/\/www.miamibeachfl.gov\/ht\/wp-json\/wp\/v2\/categories?post=223201"},{"taxonomy":"post_tag","embeddable":true,"href":"https:\/\/www.miamibeachfl.gov\/ht\/wp-json\/wp\/v2\/tags?post=223201"}],"curies":[{"name":"wp","href":"https:\/\/api.w.org\/{rel}","templated":true}]}}