{"id":225181,"date":"2022-10-05T14:07:35","date_gmt":"2022-10-05T18:07:35","guid":{"rendered":"https:\/\/www.miamibeachfl.gov\/?page_id=225181"},"modified":"2026-04-22T15:11:36","modified_gmt":"2026-04-22T19:11:36","slug":"ada","status":"publish","type":"page","link":"https:\/\/www.miamibeachfl.gov\/ht\/ada\/","title":{"rendered":"ADA"},"content":{"rendered":"<h1>\n\t\t\tS\u00e8vis ak Enf\u00f2masyon ADA nan Miami Beach\t<\/h1>\n\t<p>Biwo ADA a ak Manadj\u00e8 ADA a responsab pou kow\u00f2done ef\u00f2 Vil Miami Beach pou konf\u00f2me li av\u00e8k Tit II a epi mennen ank\u00e8t sou nenp\u00f2t plent oswa doleyans ki depoze kons\u00e8nan nenp\u00f2t pratik diskriminatwa Vil la te f\u00e8.<\/p>\n\t\t<figure itemscope itemtype=\"https:\/\/schema.org\/ImageObject\">\n\t\t\t\t<img decoding=\"async\" src=\"https:\/\/www.miamibeachfl.gov\/wp-content\/uploads\/2022\/10\/icon-ada-cityservices.png\" alt=\"ADA Miami Beach City Services\" height=\"641\" width=\"641\" title=\"ik\u00f2n-ada-cityservices\" onerror=\"this.style.display='none'\" loading=\"lazy\" \/>\n\t<\/figure>\n<h2>S\u00c8VIS VIL YO<\/h2>\t\n\t\t\t<a href=\"https:\/\/www.miamibeachfl.gov\/ht\/city-hall\/parking\/ada-parking\/\"  target=\"_self\">\n\t\t\t\t\t\t\tPakin pou andikape\n\t\t\t\t\t<\/a>\n\t\t\t<a href=\"https:\/\/www.miamibeachfl.gov\/wp-content\/uploads\/2022\/03\/Disabled-Permit-Info-Website.pdf\"  target=\"_self\">\n\t\t\t\t\t\t\tP\u00e8mi Pakin pou Andikape\n\t\t\t\t\t<\/a>\n\t\t\t<a href=\"\/ht\/ada\/beach-wheelchair-access\/\"  target=\"_self\">\n\t\t\t\t\t\t\tAks\u00e8 ADA nan plaj la\n\t\t\t\t\t<\/a>\n\t\t\t<a href=\"https:\/\/www.miamibeachfl.gov\/ht\/ada\/difficulty-of-hearing\/\"  target=\"_self\">\n\t\t\t\t\t\t\tMoun ki gen pwobl\u00e8m tande\n\t\t\t\t\t<\/a>\n\t\t<figure itemscope itemtype=\"https:\/\/schema.org\/ImageObject\">\n\t\t\t\t<img decoding=\"async\" src=\"https:\/\/www.miamibeachfl.gov\/wp-content\/uploads\/2022\/10\/icon-handshake.png\" alt=\"handshake icon\" height=\"641\" width=\"641\" title=\"ik\u00f2n-lanmen\" onerror=\"this.style.display='none'\" loading=\"lazy\" \/>\n\t<\/figure>\n<h2>ENF\u00d2MASYON AK KONF\u00d2MITE<\/h2>\t\n\t\t\t<a href=\"https:\/\/www.miamibeachfl.gov\/ht\/city-hall\/city-clerk\/boards-and-committees\/disability-access-committee\/\"  target=\"_self\">\n\t\t\t\t\t\t\tKomite Aks\u00e8 pou Moun ki Andikape\n\t\t\t\t\t<\/a>\n\t\t\t<a href=\"https:\/\/www.miamibeachfl.gov\/ht\/ada\/ada-handbook-title-ii\/\"  target=\"_self\">\n\t\t\t\t\t\t\tMany\u00e8l ADA a\n\t\t\t\t\t<\/a>\n\t\t\t<a href=\"https:\/\/www.miamibeachfl.gov\/ht\/ada\/americans-with-disability-act\/\"  target=\"_self\">\n\t\t\t\t\t\t\tLwa Ameriken sou Andikap yo\n\t\t\t\t\t<\/a>\n\t\t\t<a href=\"https:\/\/www.miamibeachfl.gov\/wp-content\/uploads\/2018\/01\/ADA-NOTICE-2014.pdf\"  target=\"_self\">\n\t\t\t\t\t\t\tAvi ADA\n\t\t\t\t\t<\/a>\n\t\t\t<a href=\"https:\/\/www.miamibeachfl.gov\/ht\/ada\/disability-hiring-policy\/\"  target=\"_self\">\n\t\t\t\t\t\t\tR\u00e8gleman sou Anbochaj pou Moun ki Andikape\n\t\t\t\t\t<\/a>\n\t\t\t<a href=\"https:\/\/www.miamibeachfl.gov\/ht\/ada\/disability-etiquette\/\"  target=\"_self\">\n\t\t\t\t\t\t\tEtik\u00e8t sou andikap\n\t\t\t\t\t<\/a>\n\t\t\t<a href=\"https:\/\/www.miamibeachfl.gov\/ht\/ada\/white-cane-law\/\"  target=\"_self\">\n\t\t\t\t\t\t\tLwa sou kann blan an\n\t\t\t\t\t<\/a>\n\t\t<figure itemscope itemtype=\"https:\/\/schema.org\/ImageObject\">\n\t\t\t\t<img decoding=\"async\" src=\"https:\/\/www.miamibeachfl.gov\/wp-content\/uploads\/2022\/10\/icon-fillout.png\" alt=\"fill out a form\" height=\"641\" width=\"641\" title=\"ranpli ik\u00f2n\" onerror=\"this.style.display='none'\" loading=\"lazy\" \/>\n\t<\/figure>\n<h2>F\u00d2MIL\u00c8 AK PWOSEDI<\/h2>\t\n\t\t\t<a href=\"https:\/\/www.miamibeachfl.gov\/ht\/ada\/complaints-for-discrimination\/\"  target=\"_self\">\n\t\t\t\t\t\t\tSoum\u00e8t yon plent\n\t\t\t\t\t<\/a>\n\t\t\t<a href=\"https:\/\/www.miamibeachfl.gov\/ht\/ada\/ada-request\/\"  target=\"_self\">\n\t\t\t\t\t\t\tDemann ADA\n\t\t\t\t\t<\/a>\n<h3>\n\t\t\tKontakte Manadj\u00e8 ADA a:\t<\/h3>\n\t<strong>Valeria Mejia<\/strong><br \/>\n<strong>Manadj\u00e8 ADA<\/strong><br \/>\n<strong><a href=\"tel:3056737080\">305.673.7080 (VWA)<\/a><\/strong><br \/>\n<strong><a href=\"tel:711\">7-1-1 (Rel\u00e8 Florid)<\/a><\/strong><br \/>\n<strong><a href=\"mailto:valeriamejia@miamibeachfl.gov\">valeriamejia@miamibeachfl.gov<\/a> <\/strong>\n\t\t<figure itemscope itemtype=\"https:\/\/schema.org\/ImageObject\">\n\t\t\t\t<img decoding=\"async\" src=\"https:\/\/www.miamibeachfl.gov\/wp-content\/uploads\/2022\/10\/icon-externallinks.png\" alt=\"external link\" height=\"641\" width=\"641\" title=\"ik\u00f2n-lyen ekst\u00e8n\" onerror=\"this.style.display='none'\" loading=\"lazy\" \/>\n\t<\/figure>\n<h2>LYEN ITIL<\/h2>\t\n\t\t\t<a href=\"https:\/\/www.ada.gov\/taxcred.htm#:~:text=IRS%20Tax%20Credits%20and%20Deductions&#038;text=The%20tax%20credit%20is%20available,(maximum%20credit%20of%20%245000).\"  target=\"_blank\" rel=\"noopener\">\n\t\t\t\t\t\t\tKredi taks ADA IRS\n\t\t\t\t\t<\/a>\n\t\t\t<a href=\"https:\/\/www.cilsf.org\/ourhistory\"  target=\"_blank\" rel=\"noopener\">\n\t\t\t\t\t\t\tSant pou Lavi Endepandan Sid Florid\n\t\t\t\t\t<\/a>\n\t\t\t<a href=\"https:\/\/www.rehabworks.org\/\"  target=\"_blank\" rel=\"noopener\">\n\t\t\t\t\t\t\tReyabilitasyon Pwofesyon\u00e8l Florid\n\t\t\t\t\t<\/a>\n\t\t\t<a href=\"https:\/\/www.miamidade.gov\/global\/humanresources\/fair-employment\/human-rights-commission.page\"  target=\"_blank\" rel=\"noopener\">\n\t\t\t\t\t\t\tKomisyon sou Dwa Moun Konte Miami-Dade\n\t\t\t\t\t<\/a>\n\t\t\t<a href=\"https:\/\/www.miamilighthouse.org\/\"  target=\"_blank\" rel=\"noopener\">\n\t\t\t\t\t\t\tFar Miami pou moun av\u00e8g ak moun ki gen pwobl\u00e8m vizyon\n\t\t\t\t\t<\/a>\n<h3>\n\t\t\tLakwa Wouj Ameriken an rann preparasyon aksesib\t<\/h3>\n\t\t\t<a href=\"https:\/\/adasoutheast.org\/new-american-red-cross-emergency-preparedness-app\/\" title=\"Telechaje nouvo aplikasyon Preparasyon Lakwa Wouj Ameriken an pou kenbe kay ou an sekirite. Klike la a pou enstriksyon ak tit nan Lang Siy Ameriken (ASL).\" target=\"_blank\" rel=\"noopener\"  role=\"button\" aria-label=\"Telechaje nouvo aplikasyon Preparasyon Lakwa Wouj Ameriken an pou kenbe kay ou an sekirite. Klike la a pou enstriksyon ak tit nan Lang Siy Ameriken (ASL).\">\n\t\t\t\t\t\t\tTelechaje nouvo aplikasyon Preparasyon Lakwa Wouj Ameriken an pou kenbe kay ou an sekirite. Klike la a pou enstriksyon ak tit nan Lang Siy Ameriken (ASL).\n\t\t<\/a>\n\t\t<img decoding=\"async\" src=\"https:\/\/www.miamibeachfl.gov\/wp-content\/uploads\/2023\/02\/ADAvideothumbARC.jpg\" alt=\"\"\/>\n<figure itemscope itemtype=\"https:\/\/schema.org\/ImageObject\">\n\t\t\t\t<img decoding=\"async\" src=\"https:\/\/www.miamibeachfl.gov\/wp-content\/uploads\/2022\/10\/MiamiBeach-ADA-womaninwheelcharionbeach.jpg\" alt=\"Miami Beach Woman in Wheelchair at the Beach\" height=\"922\" width=\"1382\" title=\"MiamiBeach-ADA-fanm sou woul\u00e8t\" onerror=\"this.style.display='none'\" loading=\"lazy\" \/>\n\t<\/figure>\n<h3>\n\t\t\tKisa ADA a ye?\t<\/h3>\n\t<p><strong>Lwa Ameriken sou Andikap an 1990 \u2013 oubyen ADA<\/strong> \u2013 se pa yon moun, yon \u00f2ganizasyon oswa yon ajans. ADA a se yon lwa federal ki bay pwoteksyon dwa sivil pou moun ki andikape menm jan ak sa yo bay sou baz ras, koul\u00e8, s\u00e8ks, orijin nasyonal, laj ak relijyon. Li garanti egalite op\u00f2tinite pou moun ki andikape nan lojman piblik, travay, transp\u00f2, s\u00e8vis gouv\u00e8nman leta ak lokal yo ansanm ak telekominikasyon.<\/p>\n<h3>\n\t\t\tR\u00e8gleman Vil la\t<\/h3>\n\t<p>Depi lontan, se yon politik vil la pou bay s\u00e8vis ak op\u00f2tinite egal pou tout rezidan, vizit\u00e8 ak anplwaye k\u00e8lkeswa ras, relijyon, orijin nasyonal, laj, s\u00e8ks oswa andikap, an ak\u00f2 ak direktiv federal, leta ak konte yo. Vil Miami Beach fy\u00e8 d\u00e8ske li te pase premye \u00f2donans dwa moun nan Florid ki ent\u00e8di diskriminasyon \u2013 tankou diskriminasyon ki baze sou oryantasyon seksy\u00e8l \u2013 epi ki prevwa penalite l\u00e8 yon moun kondane. <a href=\"http:\/\/www.miamibeachfl.gov\/wp-content\/uploads\/2018\/01\/ADA-NOTICE-2014.pdf\">Klike la a pou w\u00e8 Avi ADA a.<\/a><\/p>\n<figure itemscope itemtype=\"https:\/\/schema.org\/ImageObject\">\n\t\t\t\t<img decoding=\"async\" src=\"https:\/\/www.miamibeachfl.gov\/wp-content\/uploads\/2022\/10\/MiamiBeach-ADA-visionimpairedman.jpg\" alt=\"Vision impaired man\" height=\"1075\" width=\"1613\" title=\"MiamiBeach-ADA-visionimpairedman\" onerror=\"this.style.display='none'\" loading=\"lazy\" \/>\n\t<\/figure>\n<h3>\n\t\t\tKontakte Manadj\u00e8 ADA a:\t<\/h3>\n\tValeria Mejia<br \/>\nManadj\u00e8 ADA<br \/>\n<a href=\"tel:3056737080\">305.673.7080 (VWA)<\/a><br \/>\n<a href=\"tel:711\">7-1-1 (Rel\u00e8 Florid)<\/a><br \/>\n<strong><a href=\"mailto:valeriamejia@miamibeachfl.gov\">valeriamejia@miamibeachfl.gov<\/a><\/strong>\n\t<iframe src=\"https:\/\/www.google.com\/maps\/embed\/v1\/place?q=Miami+Beach+City+Hall%0A1700+Convention+Center+Drive%2C%0APublic+Works%2C+Fourth+Floor%0AMiami+Beach%2C+FL+33139&#038;key=AIzaSyD09zQ9PNDNNy9TadMuzRV_UsPUoWKntt8\" aria-hidden=\"true\"><\/iframe>\n<h3>\n\t\t\tBiwo ADA a:\t<\/h3>\n\t<strong>Lakou Minisipal Miami Beach<\/strong><br \/>\n1700 Konvansyon Center Drive,<br \/>\nTravay Piblik, Katriy\u00e8m Etaj<br \/>\nMiami Beach, Florid 33139","protected":false},"excerpt":{"rendered":"<p>Miami Beach ADA Services &#038; Information The ADA Office and the ADA Manager are responsible for coordinating the efforts of [&hellip;]<\/p>\n","protected":false},"author":222,"featured_media":0,"parent":0,"menu_order":62,"comment_status":"closed","ping_status":"closed","template":"","meta":{"_searchwp_excluded":"","site-sidebar-layout":"default","site-content-layout":"","ast-site-content-layout":"default","site-content-style":"default","site-sidebar-style":"default","ast-global-header-display":"","ast-banner-title-visibility":"","ast-main-header-display":"","ast-hfb-above-header-display":"","ast-hfb-below-header-display":"","ast-hfb-mobile-header-display":"","site-post-title":"","ast-breadcrumbs-content":"","ast-featured-img":"","footer-sml-layout":"","theme-transparent-header-meta":"","adv-header-id-meta":"","stick-header-meta":"","header-above-stick-meta":"","header-main-stick-meta":"","header-below-stick-meta":"","astra-migrate-meta-layouts":"default","ast-page-background-enabled":"default","ast-page-background-meta":{"desktop":{"background-color":"var(--ast-global-color-5)","background-image":"","background-repeat":"repeat","background-position":"center center","background-size":"auto","background-attachment":"scroll","background-type":"","background-media":"","overlay-type":"","overlay-color":"","overlay-opacity":"","overlay-gradient":""},"tablet":{"background-color":"","background-image":"","background-repeat":"repeat","background-position":"center center","background-size":"auto","background-attachment":"scroll","background-type":"","background-media":"","overlay-type":"","overlay-color":"","overlay-opacity":"","overlay-gradient":""},"mobile":{"background-color":"","background-image":"","background-repeat":"repeat","background-position":"center center","background-size":"auto","background-attachment":"scroll","background-type":"","background-media":"","overlay-type":"","overlay-color":"","overlay-opacity":"","overlay-gradient":""}},"ast-content-background-meta":{"desktop":{"background-color":"var(--ast-global-color-4)","background-image":"","background-repeat":"repeat","background-position":"center center","background-size":"auto","background-attachment":"scroll","background-type":"","background-media":"","overlay-type":"","overlay-color":"","overlay-opacity":"","overlay-gradient":""},"tablet":{"background-color":"var(--ast-global-color-4)","background-image":"","background-repeat":"repeat","background-position":"center center","background-size":"auto","background-attachment":"scroll","background-type":"","background-media":"","overlay-type":"","overlay-color":"","overlay-opacity":"","overlay-gradient":""},"mobile":{"background-color":"var(--ast-global-color-4)","background-image":"","background-repeat":"repeat","background-position":"center center","background-size":"auto","background-attachment":"scroll","background-type":"","background-media":"","overlay-type":"","overlay-color":"","overlay-opacity":"","overlay-gradient":""}},"footnotes":""},"categories":[],"tags":[],"class_list":["post-225181","page","type-page","status-publish","hentry"],"yoast_head":"<!-- This site is optimized with the Yoast SEO Premium plugin v27.4 (Yoast SEO v27.4) - https:\/\/yoast.com\/product\/yoast-seo-premium-wordpress\/ -->\n<title>ADA - City of Miami Beach<\/title>\n<meta name=\"description\" content=\"The City of Miami Beach ADA Office and the ADA Coordinator are responsible for coordinating the efforts of the City of Miami Beach to comply with Title II and investigating any complaints or grievances filed regarding any discriminatory practice by the City.\" \/>\n<meta name=\"robots\" content=\"index, follow, max-snippet:-1, max-image-preview:large, max-video-preview:-1\" \/>\n<link rel=\"canonical\" href=\"https:\/\/www.miamibeachfl.gov\/ht\/ada\/\" \/>\n<meta property=\"og:locale\" content=\"ht_HT\" \/>\n<meta property=\"og:type\" content=\"article\" \/>\n<meta property=\"og:title\" content=\"ADA\" \/>\n<meta property=\"og:description\" content=\"The City of Miami Beach ADA Office and the ADA Coordinator are responsible for coordinating the efforts of the City of Miami Beach to comply with Title II and investigating any complaints or grievances filed regarding any discriminatory practice by the City.\" \/>\n<meta property=\"og:url\" content=\"https:\/\/www.miamibeachfl.gov\/ht\/ada\/\" \/>\n<meta property=\"og:site_name\" content=\"City of Miami Beach\" \/>\n<meta property=\"article:publisher\" content=\"https:\/\/www.facebook.com\/cityofmiamibeach\" \/>\n<meta property=\"article:modified_time\" content=\"2026-04-22T19:11:36+00:00\" \/>\n<meta property=\"og:image\" content=\"https:\/\/www.miamibeachfl.gov\/wp-content\/uploads\/2022\/10\/icon-ada-cityservices.png\" \/>\n<meta name=\"twitter:card\" content=\"summary_large_image\" \/>\n<meta name=\"twitter:site\" content=\"@Miamibeachnews\" \/>\n<script type=\"application\/ld+json\" class=\"yoast-schema-graph\">{\"@context\":\"https:\\\/\\\/schema.org\",\"@graph\":[{\"@type\":\"WebPage\",\"@id\":\"https:\\\/\\\/www.miamibeachfl.gov\\\/ada\\\/\",\"url\":\"https:\\\/\\\/www.miamibeachfl.gov\\\/ada\\\/\",\"name\":\"ADA - City of Miami Beach\",\"isPartOf\":{\"@id\":\"https:\\\/\\\/www.miamibeachfl.gov\\\/#website\"},\"primaryImageOfPage\":{\"@id\":\"https:\\\/\\\/www.miamibeachfl.gov\\\/ada\\\/#primaryimage\"},\"image\":{\"@id\":\"https:\\\/\\\/www.miamibeachfl.gov\\\/ada\\\/#primaryimage\"},\"thumbnailUrl\":\"https:\\\/\\\/www.miamibeachfl.gov\\\/wp-content\\\/uploads\\\/2022\\\/10\\\/icon-ada-cityservices.png\",\"datePublished\":\"2022-10-05T18:07:35+00:00\",\"dateModified\":\"2026-04-22T19:11:36+00:00\",\"description\":\"The City of Miami Beach ADA Office and the ADA Coordinator are responsible for coordinating the efforts of the City of Miami Beach to comply with Title II and investigating any complaints or grievances filed regarding any discriminatory practice by the City.\",\"breadcrumb\":{\"@id\":\"https:\\\/\\\/www.miamibeachfl.gov\\\/ada\\\/#breadcrumb\"},\"inLanguage\":\"ht\",\"potentialAction\":[{\"@type\":\"ReadAction\",\"target\":[\"https:\\\/\\\/www.miamibeachfl.gov\\\/ada\\\/\"]}]},{\"@type\":\"ImageObject\",\"inLanguage\":\"ht\",\"@id\":\"https:\\\/\\\/www.miamibeachfl.gov\\\/ada\\\/#primaryimage\",\"url\":\"https:\\\/\\\/www.miamibeachfl.gov\\\/wp-content\\\/uploads\\\/2022\\\/10\\\/icon-ada-cityservices.png\",\"contentUrl\":\"https:\\\/\\\/www.miamibeachfl.gov\\\/wp-content\\\/uploads\\\/2022\\\/10\\\/icon-ada-cityservices.png\"},{\"@type\":\"BreadcrumbList\",\"@id\":\"https:\\\/\\\/www.miamibeachfl.gov\\\/ada\\\/#breadcrumb\",\"itemListElement\":[{\"@type\":\"ListItem\",\"position\":1,\"name\":\"Home\",\"item\":\"https:\\\/\\\/www.miamibeachfl.gov\\\/\"},{\"@type\":\"ListItem\",\"position\":2,\"name\":\"ADA\"}]},{\"@type\":\"WebSite\",\"@id\":\"https:\\\/\\\/www.miamibeachfl.gov\\\/#website\",\"url\":\"https:\\\/\\\/www.miamibeachfl.gov\\\/\",\"name\":\"City of Miami Beach\",\"description\":\"The official website of the City of Miami Beach. Stay informed, find important information on city services, news, alerts, events, trolley routes, government employment and more.\",\"publisher\":{\"@id\":\"https:\\\/\\\/www.miamibeachfl.gov\\\/#organization\"},\"potentialAction\":[{\"@type\":\"SearchAction\",\"target\":{\"@type\":\"EntryPoint\",\"urlTemplate\":\"https:\\\/\\\/www.miamibeachfl.gov\\\/?s={search_term_string}\"},\"query-input\":{\"@type\":\"PropertyValueSpecification\",\"valueRequired\":true,\"valueName\":\"search_term_string\"}}],\"inLanguage\":\"ht\"},{\"@type\":\"Organization\",\"@id\":\"https:\\\/\\\/www.miamibeachfl.gov\\\/#organization\",\"name\":\"City of Miami Beach\",\"url\":\"https:\\\/\\\/www.miamibeachfl.gov\\\/\",\"logo\":{\"@type\":\"ImageObject\",\"inLanguage\":\"ht\",\"@id\":\"https:\\\/\\\/www.miamibeachfl.gov\\\/#\\\/schema\\\/logo\\\/image\\\/\",\"url\":\"https:\\\/\\\/www.miamibeachfl.gov\\\/wp-content\\\/uploads\\\/2022\\\/06\\\/miamibeach-logoblue.png\",\"contentUrl\":\"https:\\\/\\\/www.miamibeachfl.gov\\\/wp-content\\\/uploads\\\/2022\\\/06\\\/miamibeach-logoblue.png\",\"width\":1962,\"height\":381,\"caption\":\"City of Miami Beach\"},\"image\":{\"@id\":\"https:\\\/\\\/www.miamibeachfl.gov\\\/#\\\/schema\\\/logo\\\/image\\\/\"},\"sameAs\":[\"https:\\\/\\\/www.facebook.com\\\/cityofmiamibeach\",\"https:\\\/\\\/x.com\\\/Miamibeachnews\",\"https:\\\/\\\/www.instagram.com\\\/miamibeachnews\\\/\"],\"description\":\"The official website of the City of Miami Beach. Stay informed, find important information on city services, news, alerts, events, trolley routes, government employment and more.\",\"telephone\":\"305.604.CITY(2489)\",\"legalName\":\"City of Miami Beach\"}]}<\/script>\n<!-- \/ Yoast SEO Premium plugin. -->","yoast_head_json":{"title":"ADA - Vil Miami Beach","description":"Biwo ADA Vil Miami Beach la ak Kow\u00f2dinat\u00e8 ADA a responsab pou kow\u00f2done ef\u00f2 Vil Miami Beach pou konf\u00f2me li av\u00e8k Tit II a epi mennen ank\u00e8t sou nenp\u00f2t plent oswa doleyans ki depoze kons\u00e8nan nenp\u00f2t pratik diskriminatwa Vil la te f\u00e8.","robots":{"index":"index","follow":"follow","max-snippet":"max-snippet:-1","max-image-preview":"max-image-preview:large","max-video-preview":"max-video-preview:-1"},"canonical":"https:\/\/www.miamibeachfl.gov\/ht\/ada\/","og_locale":"ht_HT","og_type":"article","og_title":"ADA","og_description":"The City of Miami Beach ADA Office and the ADA Coordinator are responsible for coordinating the efforts of the City of Miami Beach to comply with Title II and investigating any complaints or grievances filed regarding any discriminatory practice by the City.","og_url":"https:\/\/www.miamibeachfl.gov\/ht\/ada\/","og_site_name":"City of Miami Beach","article_publisher":"https:\/\/www.facebook.com\/cityofmiamibeach","article_modified_time":"2026-04-22T19:11:36+00:00","og_image":[{"url":"https:\/\/www.miamibeachfl.gov\/wp-content\/uploads\/2022\/10\/icon-ada-cityservices.png","type":"","width":"","height":""}],"twitter_card":"summary_large_image","twitter_site":"@Miamibeachnews","schema":{"@context":"https:\/\/schema.org","@graph":[{"@type":"WebPage","@id":"https:\/\/www.miamibeachfl.gov\/ada\/","url":"https:\/\/www.miamibeachfl.gov\/ada\/","name":"ADA - Vil Miami Beach","isPartOf":{"@id":"https:\/\/www.miamibeachfl.gov\/#website"},"primaryImageOfPage":{"@id":"https:\/\/www.miamibeachfl.gov\/ada\/#primaryimage"},"image":{"@id":"https:\/\/www.miamibeachfl.gov\/ada\/#primaryimage"},"thumbnailUrl":"https:\/\/www.miamibeachfl.gov\/wp-content\/uploads\/2022\/10\/icon-ada-cityservices.png","datePublished":"2022-10-05T18:07:35+00:00","dateModified":"2026-04-22T19:11:36+00:00","description":"Biwo ADA Vil Miami Beach la ak Kow\u00f2dinat\u00e8 ADA a responsab pou kow\u00f2done ef\u00f2 Vil Miami Beach pou konf\u00f2me li av\u00e8k Tit II a epi mennen ank\u00e8t sou nenp\u00f2t plent oswa doleyans ki depoze kons\u00e8nan nenp\u00f2t pratik diskriminatwa Vil la te f\u00e8.","breadcrumb":{"@id":"https:\/\/www.miamibeachfl.gov\/ada\/#breadcrumb"},"inLanguage":"ht","potentialAction":[{"@type":"ReadAction","target":["https:\/\/www.miamibeachfl.gov\/ada\/"]}]},{"@type":"ImageObject","inLanguage":"ht","@id":"https:\/\/www.miamibeachfl.gov\/ada\/#primaryimage","url":"https:\/\/www.miamibeachfl.gov\/wp-content\/uploads\/2022\/10\/icon-ada-cityservices.png","contentUrl":"https:\/\/www.miamibeachfl.gov\/wp-content\/uploads\/2022\/10\/icon-ada-cityservices.png"},{"@type":"BreadcrumbList","@id":"https:\/\/www.miamibeachfl.gov\/ada\/#breadcrumb","itemListElement":[{"@type":"ListItem","position":1,"name":"Home","item":"https:\/\/www.miamibeachfl.gov\/"},{"@type":"ListItem","position":2,"name":"ADA"}]},{"@type":"WebSite","@id":"https:\/\/www.miamibeachfl.gov\/#website","url":"https:\/\/www.miamibeachfl.gov\/","name":"Vil Miami Beach","description":"Sitw\u00e8b ofisy\u00e8l Vil Miami Beach la. Rete enf\u00f2me, jwenn enf\u00f2masyon enp\u00f2tan sou s\u00e8vis vil la, nouv\u00e8l, al\u00e8t, ev\u00e8nman, wout tramway, travay gouv\u00e8nman an ak plis ank\u00f2.","publisher":{"@id":"https:\/\/www.miamibeachfl.gov\/#organization"},"potentialAction":[{"@type":"SearchAction","target":{"@type":"EntryPoint","urlTemplate":"https:\/\/www.miamibeachfl.gov\/?s={search_term_string}"},"query-input":{"@type":"PropertyValueSpecification","valueRequired":true,"valueName":"search_term_string"}}],"inLanguage":"ht"},{"@type":"Organization","@id":"https:\/\/www.miamibeachfl.gov\/#organization","name":"Vil Miami Beach","url":"https:\/\/www.miamibeachfl.gov\/","logo":{"@type":"ImageObject","inLanguage":"ht","@id":"https:\/\/www.miamibeachfl.gov\/#\/schema\/logo\/image\/","url":"https:\/\/www.miamibeachfl.gov\/wp-content\/uploads\/2022\/06\/miamibeach-logoblue.png","contentUrl":"https:\/\/www.miamibeachfl.gov\/wp-content\/uploads\/2022\/06\/miamibeach-logoblue.png","width":1962,"height":381,"caption":"City of Miami Beach"},"image":{"@id":"https:\/\/www.miamibeachfl.gov\/#\/schema\/logo\/image\/"},"sameAs":["https:\/\/www.facebook.com\/cityofmiamibeach","https:\/\/x.com\/Miamibeachnews","https:\/\/www.instagram.com\/miamibeachnews\/"],"description":"Sitw\u00e8b ofisy\u00e8l Vil Miami Beach la. Rete enf\u00f2me, jwenn enf\u00f2masyon enp\u00f2tan sou s\u00e8vis vil la, nouv\u00e8l, al\u00e8t, ev\u00e8nman, wout tramway, travay gouv\u00e8nman an ak plis ank\u00f2.","telephone":"305.604.CITY(2489)","legalName":"City of Miami Beach"}]}},"_links":{"self":[{"href":"https:\/\/www.miamibeachfl.gov\/ht\/wp-json\/wp\/v2\/pages\/225181","targetHints":{"allow":["GET"]}}],"collection":[{"href":"https:\/\/www.miamibeachfl.gov\/ht\/wp-json\/wp\/v2\/pages"}],"about":[{"href":"https:\/\/www.miamibeachfl.gov\/ht\/wp-json\/wp\/v2\/types\/page"}],"author":[{"embeddable":true,"href":"https:\/\/www.miamibeachfl.gov\/ht\/wp-json\/wp\/v2\/users\/222"}],"replies":[{"embeddable":true,"href":"https:\/\/www.miamibeachfl.gov\/ht\/wp-json\/wp\/v2\/comments?post=225181"}],"version-history":[{"count":8,"href":"https:\/\/www.miamibeachfl.gov\/ht\/wp-json\/wp\/v2\/pages\/225181\/revisions"}],"predecessor-version":[{"id":399349,"href":"https:\/\/www.miamibeachfl.gov\/ht\/wp-json\/wp\/v2\/pages\/225181\/revisions\/399349"}],"wp:attachment":[{"href":"https:\/\/www.miamibeachfl.gov\/ht\/wp-json\/wp\/v2\/media?parent=225181"}],"wp:term":[{"taxonomy":"category","embeddable":true,"href":"https:\/\/www.miamibeachfl.gov\/ht\/wp-json\/wp\/v2\/categories?post=225181"},{"taxonomy":"post_tag","embeddable":true,"href":"https:\/\/www.miamibeachfl.gov\/ht\/wp-json\/wp\/v2\/tags?post=225181"}],"curies":[{"name":"wp","href":"https:\/\/api.w.org\/{rel}","templated":true}]}}