{"id":225537,"date":"2022-10-07T14:36:46","date_gmt":"2022-10-07T18:36:46","guid":{"rendered":"https:\/\/www.miamibeachfl.gov\/?page_id=225537"},"modified":"2026-04-22T15:05:31","modified_gmt":"2026-04-22T19:05:31","slug":"difficulty-of-hearing","status":"publish","type":"page","link":"https:\/\/www.miamibeachfl.gov\/ht\/ada\/difficulty-of-hearing\/","title":{"rendered":"Difikilte pou tande"},"content":{"rendered":"<h1>\n\t\t\tDifikilte pou tande\t<\/h1>\nMeni ADA\t\t\t\n\t\t\t\t\t<ul id=\"menu-ada\"><li id=\"menu-item-225437\"><a href=\"https:\/\/www.miamibeachfl.gov\/ht\/ada\/\">ADA<\/a><\/li>\n<li id=\"menu-item-225550\"><a href=\"https:\/\/www.miamibeachfl.gov\/ht\/ada\/ada-handbook-title-ii\/\">Many\u00e8l ADA \u2013 Tit II<\/a><\/li>\n<li id=\"menu-item-225549\"><a href=\"https:\/\/www.miamibeachfl.gov\/ht\/ada\/ada-request\/\">Demann ADA<\/a><\/li>\n<li id=\"menu-item-225548\"><a href=\"https:\/\/www.miamibeachfl.gov\/ht\/ada\/americans-with-disability-act\/\">Lwa Ameriken sou Andikap yo<\/a><\/li>\n<li id=\"menu-item-225438\"><a href=\"https:\/\/www.miamibeachfl.gov\/ht\/ada\/beach-wheelchair-access\/\">Aks\u00e8 nan plaj<\/a><\/li>\n<li id=\"menu-item-225547\"><a href=\"https:\/\/www.miamibeachfl.gov\/ht\/ada\/complaints-for-discrimination\/\">Plent pou Diskriminasyon<\/a><\/li>\n<li id=\"menu-item-225546\"><a href=\"https:\/\/www.miamibeachfl.gov\/ht\/ada\/difficulty-of-hearing\/\">Difikilte pou tande<\/a><\/li>\n<li id=\"menu-item-225545\"><a href=\"https:\/\/www.miamibeachfl.gov\/ht\/ada\/disability-etiquette\/\">Etik\u00e8t sou andikap<\/a><\/li>\n<li id=\"menu-item-225554\"><a href=\"https:\/\/www.miamibeachfl.gov\/ht\/ada\/disability-hiring-policy\/\">R\u00e8gleman Anbochaj<\/a><\/li>\n<li id=\"menu-item-225544\"><a href=\"https:\/\/www.miamibeachfl.gov\/ht\/ada\/white-cane-law\/\">Lwa sou kann blan an<\/a><\/li>\n<\/ul>\t\nMeni ADA \u00d7\t\t\t\t\t\t<ul id=\"menu-ada-1\"><li id=\"menu-item-225437\"><a href=\"https:\/\/www.miamibeachfl.gov\/ht\/ada\/\">ADA<\/a><\/li>\n<li id=\"menu-item-225550\"><a href=\"https:\/\/www.miamibeachfl.gov\/ht\/ada\/ada-handbook-title-ii\/\">Many\u00e8l ADA \u2013 Tit II<\/a><\/li>\n<li id=\"menu-item-225549\"><a href=\"https:\/\/www.miamibeachfl.gov\/ht\/ada\/ada-request\/\">Demann ADA<\/a><\/li>\n<li id=\"menu-item-225548\"><a href=\"https:\/\/www.miamibeachfl.gov\/ht\/ada\/americans-with-disability-act\/\">Lwa Ameriken sou Andikap yo<\/a><\/li>\n<li id=\"menu-item-225438\"><a href=\"https:\/\/www.miamibeachfl.gov\/ht\/ada\/beach-wheelchair-access\/\">Aks\u00e8 nan plaj<\/a><\/li>\n<li id=\"menu-item-225547\"><a href=\"https:\/\/www.miamibeachfl.gov\/ht\/ada\/complaints-for-discrimination\/\">Plent pou Diskriminasyon<\/a><\/li>\n<li id=\"menu-item-225546\"><a href=\"https:\/\/www.miamibeachfl.gov\/ht\/ada\/difficulty-of-hearing\/\">Difikilte pou tande<\/a><\/li>\n<li id=\"menu-item-225545\"><a href=\"https:\/\/www.miamibeachfl.gov\/ht\/ada\/disability-etiquette\/\">Etik\u00e8t sou andikap<\/a><\/li>\n<li id=\"menu-item-225554\"><a href=\"https:\/\/www.miamibeachfl.gov\/ht\/ada\/disability-hiring-policy\/\">R\u00e8gleman Anbochaj<\/a><\/li>\n<li id=\"menu-item-225544\"><a href=\"https:\/\/www.miamibeachfl.gov\/ht\/ada\/white-cane-law\/\">Lwa sou kann blan an<\/a><\/li>\n<\/ul>\t\t\t\t\n\t\t\t<h2>\n\t\t\tTelekominikasyon Vil Miami Beach pou Moun Soud yo\t<\/h2>\n\t<p>Vil Miami Beach itilize Sist\u00e8m Rel\u00e8 Florid la pou kominike av\u00e8k moun ki gen pwobl\u00e8m tande oswa pale. Kliyan ki gen pwobl\u00e8m tande oswa pale yo dwe konpoze nimewo ki apwopriye a nan lis ki anba a, epi bay operat\u00e8 a nimewo telef\u00f2n nan Vil la kote yo vle kominike a, pou yo ka jwenn anplwaye ki itilize ekipman telef\u00f2n estanda yo.<\/p>\n<p><strong>Kontakte Vil la atrav\u00e8 S\u00e8vis Rel\u00e8 Florid la:<\/strong><\/p>\n<strong>7-1-1(V)<\/strong><br \/>\n<strong>1-800-955-8771 (TTY)<\/strong><br \/>\n<strong>1-800-955-8770 (Vwa)<\/strong><br \/>\n<strong>1-877-955-5334 (STS)<\/strong><br \/>\n<strong>1-877-955-8773 (Pany\u00f2l)<\/strong>\n<h2>\n\t\t\tApar\u00e8y pou koute aktif\t<\/h2>\n\t<p>Apar\u00e8y pou ede moun tande byen disponib nan kote sa yo:<\/p>\n<ul>\n<li>Sant Konvansyon an<\/li>\n<li>Chanm Komisyon an<\/li>\n<li>Teyat Koloni<\/li>\n<li>Oditory\u00f2m Dizy\u00e8m Ri a<\/li>\n<li>Fillmore Miami Beach nan Teyat Jackie Gleason an<\/li>\n<li>Reyinyon Komite Anviw\u00f2nman San Bary\u00e8 a<\/li>\n<li>Teyat Byron Carlyle<\/li>\n<\/ul>\n<h2>\n\t\t\tS\u00e8vis Ent\u00e8pr\u00e8t Lang Siy Ameriken\t<\/h2>\n\t<p>Si yon rezidan, yon kliyan oswa yon vizit\u00e8 nan Vil Miami Beach bezwen asistans yon ent\u00e8pr\u00e8t lang siy pou p\u00e8m\u00e8t li patisipe nan pwogram, s\u00e8vis ak aktivite Vil la, tankou:<\/p>\n<ul>\n<li>Reyinyon Komisyon, Komite oswa Kons\u00e8y Administrasyon<\/li>\n<li>Odyans Piblik<\/li>\n<li>Pwosesis Aplikasyon pou Travay<\/li>\n<li>Ent\u00e8vyou Travay<\/li>\n<\/ul>\n<p>Please contact the City&#8217;s ADA Manager at <strong><a href=\"tel:3056737080\">305-673-7080<\/a><\/strong> oubyen <strong><a href=\"https:\/\/www.miamibeachfl.gov\/ht\/ada\/ada-request\/\">Klike la a pou soum\u00e8t yon demann<\/a>.<\/strong><\/p>\n<h3>\n\t\t\tKontakte Manadj\u00e8 ADA a:\t<\/h3>\n\tValeria Mejia<br \/>\nManadj\u00e8 ADA<br \/>\n<a href=\"tel:3056737080\">305.673.7080 (VWA)<\/a><br \/>\n<a href=\"tel:711\">7-1-1 (Rel\u00e8 Florid)<\/a><br \/>\n<strong><a href=\"mailto:valeriamejia@miamibeachfl.gov\">valeriamejia@miamibeachfl.gov<\/a><\/strong>\n\t<iframe src=\"https:\/\/www.google.com\/maps\/embed\/v1\/place?q=Miami+Beach+City+Hall%0A1700+Convention+Center+Drive%2C%0APublic+Works%2C+Fourth+Floor%0AMiami+Beach%2C+FL+33139&#038;key=AIzaSyD09zQ9PNDNNy9TadMuzRV_UsPUoWKntt8\" aria-hidden=\"true\"><\/iframe>\n<h3>\n\t\t\tBiwo ADA a:\t<\/h3>\n\t<strong>Lakou Minisipal Miami Beach<\/strong><br \/>\n1700 Konvansyon Center Drive,<br \/>\nTravay Piblik, Katriy\u00e8m Etaj<br \/>\nMiami Beach, Florid 33139","protected":false},"excerpt":{"rendered":"<p>Difficulty of Hearing ADA Menu ADA ADA Handbook &#8211; Title II ADA Request Americans With Disabilities Act Beach Access Discrimination [&hellip;]<\/p>\n","protected":false},"author":222,"featured_media":0,"parent":225181,"menu_order":37,"comment_status":"closed","ping_status":"closed","template":"","meta":{"_searchwp_excluded":"","site-sidebar-layout":"default","site-content-layout":"","ast-site-content-layout":"default","site-content-style":"default","site-sidebar-style":"default","ast-global-header-display":"","ast-banner-title-visibility":"","ast-main-header-display":"","ast-hfb-above-header-display":"","ast-hfb-below-header-display":"","ast-hfb-mobile-header-display":"","site-post-title":"","ast-breadcrumbs-content":"","ast-featured-img":"","footer-sml-layout":"","theme-transparent-header-meta":"","adv-header-id-meta":"","stick-header-meta":"","header-above-stick-meta":"","header-main-stick-meta":"","header-below-stick-meta":"","astra-migrate-meta-layouts":"default","ast-page-background-enabled":"default","ast-page-background-meta":{"desktop":{"background-color":"var(--ast-global-color-5)","background-image":"","background-repeat":"repeat","background-position":"center center","background-size":"auto","background-attachment":"scroll","background-type":"","background-media":"","overlay-type":"","overlay-color":"","overlay-opacity":"","overlay-gradient":""},"tablet":{"background-color":"","background-image":"","background-repeat":"repeat","background-position":"center center","background-size":"auto","background-attachment":"scroll","background-type":"","background-media":"","overlay-type":"","overlay-color":"","overlay-opacity":"","overlay-gradient":""},"mobile":{"background-color":"","background-image":"","background-repeat":"repeat","background-position":"center center","background-size":"auto","background-attachment":"scroll","background-type":"","background-media":"","overlay-type":"","overlay-color":"","overlay-opacity":"","overlay-gradient":""}},"ast-content-background-meta":{"desktop":{"background-color":"var(--ast-global-color-4)","background-image":"","background-repeat":"repeat","background-position":"center center","background-size":"auto","background-attachment":"scroll","background-type":"","background-media":"","overlay-type":"","overlay-color":"","overlay-opacity":"","overlay-gradient":""},"tablet":{"background-color":"var(--ast-global-color-4)","background-image":"","background-repeat":"repeat","background-position":"center center","background-size":"auto","background-attachment":"scroll","background-type":"","background-media":"","overlay-type":"","overlay-color":"","overlay-opacity":"","overlay-gradient":""},"mobile":{"background-color":"var(--ast-global-color-4)","background-image":"","background-repeat":"repeat","background-position":"center center","background-size":"auto","background-attachment":"scroll","background-type":"","background-media":"","overlay-type":"","overlay-color":"","overlay-opacity":"","overlay-gradient":""}},"footnotes":""},"categories":[],"tags":[],"class_list":["post-225537","page","type-page","status-publish","hentry"],"yoast_head":"<!-- This site is optimized with the Yoast SEO Premium plugin v27.4 (Yoast SEO v27.4) - https:\/\/yoast.com\/product\/yoast-seo-premium-wordpress\/ -->\n<title>Difficulty Of Hearing - City of Miami Beach<\/title>\n<meta name=\"description\" content=\"%\" \/>\n<meta name=\"robots\" content=\"index, follow, max-snippet:-1, max-image-preview:large, max-video-preview:-1\" \/>\n<link rel=\"canonical\" href=\"https:\/\/www.miamibeachfl.gov\/ht\/ada\/difficulty-of-hearing\/\" \/>\n<meta property=\"og:locale\" content=\"ht_HT\" \/>\n<meta property=\"og:type\" content=\"article\" \/>\n<meta property=\"og:title\" content=\"Difficulty Of Hearing\" \/>\n<meta property=\"og:description\" content=\"%\" \/>\n<meta property=\"og:url\" content=\"https:\/\/www.miamibeachfl.gov\/ht\/ada\/difficulty-of-hearing\/\" \/>\n<meta property=\"og:site_name\" content=\"City of Miami Beach\" \/>\n<meta property=\"article:publisher\" content=\"https:\/\/www.facebook.com\/cityofmiamibeach\" \/>\n<meta property=\"article:modified_time\" content=\"2026-04-22T19:05:31+00:00\" \/>\n<meta property=\"og:image\" content=\"https:\/\/www.miamibeachfl.gov\/wp-content\/uploads\/2024\/01\/1000pxSquare-miamibeach-aerial-southpointview.jpeg\" \/>\n\t<meta property=\"og:image:width\" content=\"1000\" \/>\n\t<meta property=\"og:image:height\" content=\"1000\" \/>\n\t<meta property=\"og:image:type\" content=\"image\/jpeg\" \/>\n<meta name=\"twitter:card\" content=\"summary_large_image\" \/>\n<meta name=\"twitter:site\" content=\"@Miamibeachnews\" \/>\n<script type=\"application\/ld+json\" class=\"yoast-schema-graph\">{\"@context\":\"https:\\\/\\\/schema.org\",\"@graph\":[{\"@type\":\"WebPage\",\"@id\":\"https:\\\/\\\/www.miamibeachfl.gov\\\/ada\\\/difficulty-of-hearing\\\/\",\"url\":\"https:\\\/\\\/www.miamibeachfl.gov\\\/ada\\\/difficulty-of-hearing\\\/\",\"name\":\"Difficulty Of Hearing - City of Miami Beach\",\"isPartOf\":{\"@id\":\"https:\\\/\\\/www.miamibeachfl.gov\\\/#website\"},\"datePublished\":\"2022-10-07T18:36:46+00:00\",\"dateModified\":\"2026-04-22T19:05:31+00:00\",\"description\":\"%\",\"breadcrumb\":{\"@id\":\"https:\\\/\\\/www.miamibeachfl.gov\\\/ada\\\/difficulty-of-hearing\\\/#breadcrumb\"},\"inLanguage\":\"ht\",\"potentialAction\":[{\"@type\":\"ReadAction\",\"target\":[\"https:\\\/\\\/www.miamibeachfl.gov\\\/ada\\\/difficulty-of-hearing\\\/\"]}]},{\"@type\":\"BreadcrumbList\",\"@id\":\"https:\\\/\\\/www.miamibeachfl.gov\\\/ada\\\/difficulty-of-hearing\\\/#breadcrumb\",\"itemListElement\":[{\"@type\":\"ListItem\",\"position\":1,\"name\":\"Home\",\"item\":\"https:\\\/\\\/www.miamibeachfl.gov\\\/\"},{\"@type\":\"ListItem\",\"position\":2,\"name\":\"ADA\",\"item\":\"https:\\\/\\\/www.miamibeachfl.gov\\\/ada\\\/\"},{\"@type\":\"ListItem\",\"position\":3,\"name\":\"Difficulty Of Hearing\"}]},{\"@type\":\"WebSite\",\"@id\":\"https:\\\/\\\/www.miamibeachfl.gov\\\/#website\",\"url\":\"https:\\\/\\\/www.miamibeachfl.gov\\\/\",\"name\":\"City of Miami Beach\",\"description\":\"The official website of the City of Miami Beach. Stay informed, find important information on city services, news, alerts, events, trolley routes, government employment and more.\",\"publisher\":{\"@id\":\"https:\\\/\\\/www.miamibeachfl.gov\\\/#organization\"},\"potentialAction\":[{\"@type\":\"SearchAction\",\"target\":{\"@type\":\"EntryPoint\",\"urlTemplate\":\"https:\\\/\\\/www.miamibeachfl.gov\\\/?s={search_term_string}\"},\"query-input\":{\"@type\":\"PropertyValueSpecification\",\"valueRequired\":true,\"valueName\":\"search_term_string\"}}],\"inLanguage\":\"ht\"},{\"@type\":\"Organization\",\"@id\":\"https:\\\/\\\/www.miamibeachfl.gov\\\/#organization\",\"name\":\"City of Miami Beach\",\"url\":\"https:\\\/\\\/www.miamibeachfl.gov\\\/\",\"logo\":{\"@type\":\"ImageObject\",\"inLanguage\":\"ht\",\"@id\":\"https:\\\/\\\/www.miamibeachfl.gov\\\/#\\\/schema\\\/logo\\\/image\\\/\",\"url\":\"https:\\\/\\\/www.miamibeachfl.gov\\\/wp-content\\\/uploads\\\/2022\\\/06\\\/miamibeach-logoblue.png\",\"contentUrl\":\"https:\\\/\\\/www.miamibeachfl.gov\\\/wp-content\\\/uploads\\\/2022\\\/06\\\/miamibeach-logoblue.png\",\"width\":1962,\"height\":381,\"caption\":\"City of Miami Beach\"},\"image\":{\"@id\":\"https:\\\/\\\/www.miamibeachfl.gov\\\/#\\\/schema\\\/logo\\\/image\\\/\"},\"sameAs\":[\"https:\\\/\\\/www.facebook.com\\\/cityofmiamibeach\",\"https:\\\/\\\/x.com\\\/Miamibeachnews\",\"https:\\\/\\\/www.instagram.com\\\/miamibeachnews\\\/\"],\"description\":\"The official website of the City of Miami Beach. Stay informed, find important information on city services, news, alerts, events, trolley routes, government employment and more.\",\"telephone\":\"305.604.CITY(2489)\",\"legalName\":\"City of Miami Beach\"}]}<\/script>\n<!-- \/ Yoast SEO Premium plugin. -->","yoast_head_json":{"title":"Difikilte pou tande - Vil Miami Beach","description":"%","robots":{"index":"index","follow":"follow","max-snippet":"max-snippet:-1","max-image-preview":"max-image-preview:large","max-video-preview":"max-video-preview:-1"},"canonical":"https:\/\/www.miamibeachfl.gov\/ht\/ada\/difficulty-of-hearing\/","og_locale":"ht_HT","og_type":"article","og_title":"Difficulty Of Hearing","og_description":"%","og_url":"https:\/\/www.miamibeachfl.gov\/ht\/ada\/difficulty-of-hearing\/","og_site_name":"City of Miami Beach","article_publisher":"https:\/\/www.facebook.com\/cityofmiamibeach","article_modified_time":"2026-04-22T19:05:31+00:00","og_image":[{"width":1000,"height":1000,"url":"https:\/\/www.miamibeachfl.gov\/wp-content\/uploads\/2024\/01\/1000pxSquare-miamibeach-aerial-southpointview.jpeg","type":"image\/jpeg"}],"twitter_card":"summary_large_image","twitter_site":"@Miamibeachnews","schema":{"@context":"https:\/\/schema.org","@graph":[{"@type":"WebPage","@id":"https:\/\/www.miamibeachfl.gov\/ada\/difficulty-of-hearing\/","url":"https:\/\/www.miamibeachfl.gov\/ada\/difficulty-of-hearing\/","name":"Difikilte pou tande - Vil Miami Beach","isPartOf":{"@id":"https:\/\/www.miamibeachfl.gov\/#website"},"datePublished":"2022-10-07T18:36:46+00:00","dateModified":"2026-04-22T19:05:31+00:00","description":"%","breadcrumb":{"@id":"https:\/\/www.miamibeachfl.gov\/ada\/difficulty-of-hearing\/#breadcrumb"},"inLanguage":"ht","potentialAction":[{"@type":"ReadAction","target":["https:\/\/www.miamibeachfl.gov\/ada\/difficulty-of-hearing\/"]}]},{"@type":"BreadcrumbList","@id":"https:\/\/www.miamibeachfl.gov\/ada\/difficulty-of-hearing\/#breadcrumb","itemListElement":[{"@type":"ListItem","position":1,"name":"Home","item":"https:\/\/www.miamibeachfl.gov\/"},{"@type":"ListItem","position":2,"name":"ADA","item":"https:\/\/www.miamibeachfl.gov\/ada\/"},{"@type":"ListItem","position":3,"name":"Difficulty Of Hearing"}]},{"@type":"WebSite","@id":"https:\/\/www.miamibeachfl.gov\/#website","url":"https:\/\/www.miamibeachfl.gov\/","name":"Vil Miami Beach","description":"Sitw\u00e8b ofisy\u00e8l Vil Miami Beach la. Rete enf\u00f2me, jwenn enf\u00f2masyon enp\u00f2tan sou s\u00e8vis vil la, nouv\u00e8l, al\u00e8t, ev\u00e8nman, wout tramway, travay gouv\u00e8nman an ak plis ank\u00f2.","publisher":{"@id":"https:\/\/www.miamibeachfl.gov\/#organization"},"potentialAction":[{"@type":"SearchAction","target":{"@type":"EntryPoint","urlTemplate":"https:\/\/www.miamibeachfl.gov\/?s={search_term_string}"},"query-input":{"@type":"PropertyValueSpecification","valueRequired":true,"valueName":"search_term_string"}}],"inLanguage":"ht"},{"@type":"Organization","@id":"https:\/\/www.miamibeachfl.gov\/#organization","name":"Vil Miami Beach","url":"https:\/\/www.miamibeachfl.gov\/","logo":{"@type":"ImageObject","inLanguage":"ht","@id":"https:\/\/www.miamibeachfl.gov\/#\/schema\/logo\/image\/","url":"https:\/\/www.miamibeachfl.gov\/wp-content\/uploads\/2022\/06\/miamibeach-logoblue.png","contentUrl":"https:\/\/www.miamibeachfl.gov\/wp-content\/uploads\/2022\/06\/miamibeach-logoblue.png","width":1962,"height":381,"caption":"City of Miami Beach"},"image":{"@id":"https:\/\/www.miamibeachfl.gov\/#\/schema\/logo\/image\/"},"sameAs":["https:\/\/www.facebook.com\/cityofmiamibeach","https:\/\/x.com\/Miamibeachnews","https:\/\/www.instagram.com\/miamibeachnews\/"],"description":"Sitw\u00e8b ofisy\u00e8l Vil Miami Beach la. Rete enf\u00f2me, jwenn enf\u00f2masyon enp\u00f2tan sou s\u00e8vis vil la, nouv\u00e8l, al\u00e8t, ev\u00e8nman, wout tramway, travay gouv\u00e8nman an ak plis ank\u00f2.","telephone":"305.604.CITY(2489)","legalName":"City of Miami Beach"}]}},"_links":{"self":[{"href":"https:\/\/www.miamibeachfl.gov\/ht\/wp-json\/wp\/v2\/pages\/225537","targetHints":{"allow":["GET"]}}],"collection":[{"href":"https:\/\/www.miamibeachfl.gov\/ht\/wp-json\/wp\/v2\/pages"}],"about":[{"href":"https:\/\/www.miamibeachfl.gov\/ht\/wp-json\/wp\/v2\/types\/page"}],"author":[{"embeddable":true,"href":"https:\/\/www.miamibeachfl.gov\/ht\/wp-json\/wp\/v2\/users\/222"}],"replies":[{"embeddable":true,"href":"https:\/\/www.miamibeachfl.gov\/ht\/wp-json\/wp\/v2\/comments?post=225537"}],"version-history":[{"count":3,"href":"https:\/\/www.miamibeachfl.gov\/ht\/wp-json\/wp\/v2\/pages\/225537\/revisions"}],"predecessor-version":[{"id":399345,"href":"https:\/\/www.miamibeachfl.gov\/ht\/wp-json\/wp\/v2\/pages\/225537\/revisions\/399345"}],"up":[{"embeddable":true,"href":"https:\/\/www.miamibeachfl.gov\/ht\/wp-json\/wp\/v2\/pages\/225181"}],"wp:attachment":[{"href":"https:\/\/www.miamibeachfl.gov\/ht\/wp-json\/wp\/v2\/media?parent=225537"}],"wp:term":[{"taxonomy":"category","embeddable":true,"href":"https:\/\/www.miamibeachfl.gov\/ht\/wp-json\/wp\/v2\/categories?post=225537"},{"taxonomy":"post_tag","embeddable":true,"href":"https:\/\/www.miamibeachfl.gov\/ht\/wp-json\/wp\/v2\/tags?post=225537"}],"curies":[{"name":"wp","href":"https:\/\/api.w.org\/{rel}","templated":true}]}}