{"id":225539,"date":"2022-10-07T14:37:32","date_gmt":"2022-10-07T18:37:32","guid":{"rendered":"https:\/\/www.miamibeachfl.gov\/?page_id=225539"},"modified":"2026-04-22T15:06:08","modified_gmt":"2026-04-22T19:06:08","slug":"disability-etiquette","status":"publish","type":"page","link":"https:\/\/www.miamibeachfl.gov\/ht\/ada\/disability-etiquette\/","title":{"rendered":"Etik\u00e8t sou andikap"},"content":{"rendered":"<h1>\n\t\t\tEtik\u00e8t sou andikap\t<\/h1>\nMeni ADA\t\t\t\n\t\t\t\t\t<ul id=\"menu-ada\"><li id=\"menu-item-225437\"><a href=\"https:\/\/www.miamibeachfl.gov\/ht\/ada\/\">ADA<\/a><\/li>\n<li id=\"menu-item-225550\"><a href=\"https:\/\/www.miamibeachfl.gov\/ht\/ada\/ada-handbook-title-ii\/\">Many\u00e8l ADA \u2013 Tit II<\/a><\/li>\n<li id=\"menu-item-225549\"><a href=\"https:\/\/www.miamibeachfl.gov\/ht\/ada\/ada-request\/\">Demann ADA<\/a><\/li>\n<li id=\"menu-item-225548\"><a href=\"https:\/\/www.miamibeachfl.gov\/ht\/ada\/americans-with-disability-act\/\">Lwa Ameriken sou Andikap yo<\/a><\/li>\n<li id=\"menu-item-225438\"><a href=\"https:\/\/www.miamibeachfl.gov\/ht\/ada\/beach-wheelchair-access\/\">Aks\u00e8 nan plaj<\/a><\/li>\n<li id=\"menu-item-225547\"><a href=\"https:\/\/www.miamibeachfl.gov\/ht\/ada\/complaints-for-discrimination\/\">Plent pou Diskriminasyon<\/a><\/li>\n<li id=\"menu-item-225546\"><a href=\"https:\/\/www.miamibeachfl.gov\/ht\/ada\/difficulty-of-hearing\/\">Difikilte pou tande<\/a><\/li>\n<li id=\"menu-item-225545\"><a href=\"https:\/\/www.miamibeachfl.gov\/ht\/ada\/disability-etiquette\/\">Etik\u00e8t sou andikap<\/a><\/li>\n<li id=\"menu-item-225554\"><a href=\"https:\/\/www.miamibeachfl.gov\/ht\/ada\/disability-hiring-policy\/\">R\u00e8gleman Anbochaj<\/a><\/li>\n<li id=\"menu-item-225544\"><a href=\"https:\/\/www.miamibeachfl.gov\/ht\/ada\/white-cane-law\/\">Lwa sou kann blan an<\/a><\/li>\n<\/ul>\t\nMeni ADA \u00d7\t\t\t\t\t\t<ul id=\"menu-ada-1\"><li id=\"menu-item-225437\"><a href=\"https:\/\/www.miamibeachfl.gov\/ht\/ada\/\">ADA<\/a><\/li>\n<li id=\"menu-item-225550\"><a href=\"https:\/\/www.miamibeachfl.gov\/ht\/ada\/ada-handbook-title-ii\/\">Many\u00e8l ADA \u2013 Tit II<\/a><\/li>\n<li id=\"menu-item-225549\"><a href=\"https:\/\/www.miamibeachfl.gov\/ht\/ada\/ada-request\/\">Demann ADA<\/a><\/li>\n<li id=\"menu-item-225548\"><a href=\"https:\/\/www.miamibeachfl.gov\/ht\/ada\/americans-with-disability-act\/\">Lwa Ameriken sou Andikap yo<\/a><\/li>\n<li id=\"menu-item-225438\"><a href=\"https:\/\/www.miamibeachfl.gov\/ht\/ada\/beach-wheelchair-access\/\">Aks\u00e8 nan plaj<\/a><\/li>\n<li id=\"menu-item-225547\"><a href=\"https:\/\/www.miamibeachfl.gov\/ht\/ada\/complaints-for-discrimination\/\">Plent pou Diskriminasyon<\/a><\/li>\n<li id=\"menu-item-225546\"><a href=\"https:\/\/www.miamibeachfl.gov\/ht\/ada\/difficulty-of-hearing\/\">Difikilte pou tande<\/a><\/li>\n<li id=\"menu-item-225545\"><a href=\"https:\/\/www.miamibeachfl.gov\/ht\/ada\/disability-etiquette\/\">Etik\u00e8t sou andikap<\/a><\/li>\n<li id=\"menu-item-225554\"><a href=\"https:\/\/www.miamibeachfl.gov\/ht\/ada\/disability-hiring-policy\/\">R\u00e8gleman Anbochaj<\/a><\/li>\n<li id=\"menu-item-225544\"><a href=\"https:\/\/www.miamibeachfl.gov\/ht\/ada\/white-cane-law\/\">Lwa sou kann blan an<\/a><\/li>\n<\/ul>\t\t\t\t\n\t\t\t<h2>\n\t\t\tPrensip Etik\u00e8t Andikap\t<\/h2>\n\t<p>Se angajman nou pou nou enkli moun ki andikape yo nan tout asp\u00e8 Gouv\u00e8nman Vil nou an. Pou asire nou ke nou respekte non s\u00e8lman lalwa a, men tou entansyon Lwa Ameriken sou Andikap yo nan bay bezwen sitwayen nou yo.<\/p>\n<strong>Konsidere moun nan an antye, pa s\u00e8lman andikap la<\/strong>.<br \/>\nOlye de \u201cJan, nonm soud la,\u201d konsidere Jan k\u00f2m yon moun ki soud. Mari pa yon \u201cepileptik\u201d; li se yon moun ki gen anpil atribi, ki gen epilepsi.\n<strong>T\u00e8m &quot;andikape&quot; a pa t\u00e8minoloji yo aksepte ank\u00f2 l\u00e8 y ap pale de yon moun ki andikape.<\/strong>.<br \/>\nYo pi byen itilize t\u00e8m nan l\u00e8 y ap pale de karakteristik aksesib tankou &quot;pakin pou andikape&quot; oswa twal\u00e8t.\n<strong>Trete granmoun yon fason ki konvnab pou granmoun. S\u00e8lman l\u00e8 w ap pale ak l\u00f2t moun menm jan an, rele moun ki andikape yo ak prenon yo.<br \/>\n<\/strong>Pa f\u00e8 j\u00e8s tankou tape t\u00e8t yon moun ki nan ch\u00e8z woulant. Pale ak yon ton n\u00f2mal epi evite f\u00e8 k\u00f2mant\u00e8 sou kijan yon moun ka byen &quot;manevre ch\u00e8z woulant li&quot;, &quot;deplase&quot; oswa l\u00f2t k\u00f2mant\u00e8 sou kijan yo fonksyone ak yon andikap.\n<strong>Pran pasyans<\/strong>.<br \/>\nLi ka pran plis tan pou yon moun ki andikape di oswa f\u00e8 yon bagay. Pa fini fraz moun yo pou yo, sitou si yo gen yon pwobl\u00e8m kominikasyon.\n<strong>Pale dir\u00e8kteman ak moun nan<\/strong>.<br \/>\nGade yo, pa gade konpayon yo oswa ent\u00e8pr\u00e8t yo.\n<strong>Pa f\u00e8 sipozisyon sou ent\u00e8lijans.<br \/>\n<\/strong>Yon andikap pa yon refleksyon kapasite entelekty\u00e8l.\n<strong>Pa sipoze yon moun ki andikape bezwen oswa bezwen asistans.<br \/>\n<\/strong>Respekte endepandans yon moun. L\u00e8 ou santi ou bezwen asistans, mande anvan, tann jiskaske yo aksepte \u00f2f la, epi koute oswa mande enstriksyon.\n<strong>Rilaks epi aji natir\u00e8lman.<br \/>\n<\/strong>Li pa gen pwobl\u00e8m pou itilize ekspresyon komen tankou &quot;n a w\u00e8 pita&quot; oswa &quot;M ap kouri touswit&quot; ki sanble gen rap\u00f2 ak andikap yon moun.\n<strong>Ofri pou bay lanmen l\u00e8 yo prezante w la.<br \/>\n<\/strong>F\u00e8 atansyon moun nan ka pa gen dwa s\u00e8vi ak youn oubyen toulede men. Yon ti touche sou avanbra a ka s\u00e8vi k\u00f2m yon siy ak\u00e8y.\n<strong>S\u00e8vi ak yon ton vwa n\u00f2mal, ki pa sanble ak yon moun ki andikape.<br \/>\n<\/strong>\n<strong>Se pou ou yon mod\u00e8l nan ent\u00e8raksyon ou yo.<br \/>\n<\/strong>Aksyon ou yo ka gen yon ef\u00e8 pozitif non s\u00e8lman sou moun nan, men sou l\u00f2t moun tou.\n<p><strong>Nan pi gwo mezi posib, trete yon moun ki andikape menm jan ou ta trete nenp\u00f2t l\u00f2t moun ki nan menm sitiyasyon an.<\/strong><\/p>\n<p>Bay s\u00e8vis la pa Abilities of Florida, yon ajans san bi likratif k ap s\u00e8vi moun ki andikape.<\/p>\n<h3>\n\t\t\tKontakte Manadj\u00e8 ADA a:\t<\/h3>\n\tValeria Mejia<br \/>\nManadj\u00e8 ADA<br \/>\n<a href=\"tel:3056737080\">305.673.7080 (VWA)<\/a><br \/>\n<a href=\"tel:711\">7-1-1 (Rel\u00e8 Florid)<\/a><br \/>\n<strong><a href=\"mailto:valeriamejia@miamibeachfl.gov\">valeriamejia@miamibeachfl.gov<\/a><\/strong>\n\t<iframe src=\"https:\/\/www.google.com\/maps\/embed\/v1\/place?q=Miami+Beach+City+Hall%0A1700+Convention+Center+Drive%2C%0APublic+Works%2C+Fourth+Floor%0AMiami+Beach%2C+FL+33139&#038;key=AIzaSyD09zQ9PNDNNy9TadMuzRV_UsPUoWKntt8\" aria-hidden=\"true\"><\/iframe>\n<h3>\n\t\t\tBiwo ADA a:\t<\/h3>\n\t<strong>Lakou Minisipal Miami Beach<\/strong><br \/>\n1700 Konvansyon Center Drive,<br \/>\nTravay Piblik, Katriy\u00e8m Etaj<br \/>\nMiami Beach, Florid 33139","protected":false},"excerpt":{"rendered":"<p>Disability Etiquette ADA Menu ADA ADA Handbook &#8211; Title II ADA Request Americans With Disabilities Act Beach Access Discrimination Complaints [&hellip;]<\/p>\n","protected":false},"author":222,"featured_media":0,"parent":225181,"menu_order":37,"comment_status":"closed","ping_status":"closed","template":"","meta":{"_searchwp_excluded":"","site-sidebar-layout":"default","site-content-layout":"","ast-site-content-layout":"default","site-content-style":"default","site-sidebar-style":"default","ast-global-header-display":"","ast-banner-title-visibility":"","ast-main-header-display":"","ast-hfb-above-header-display":"","ast-hfb-below-header-display":"","ast-hfb-mobile-header-display":"","site-post-title":"","ast-breadcrumbs-content":"","ast-featured-img":"","footer-sml-layout":"","theme-transparent-header-meta":"","adv-header-id-meta":"","stick-header-meta":"","header-above-stick-meta":"","header-main-stick-meta":"","header-below-stick-meta":"","astra-migrate-meta-layouts":"default","ast-page-background-enabled":"default","ast-page-background-meta":{"desktop":{"background-color":"var(--ast-global-color-5)","background-image":"","background-repeat":"repeat","background-position":"center center","background-size":"auto","background-attachment":"scroll","background-type":"","background-media":"","overlay-type":"","overlay-color":"","overlay-opacity":"","overlay-gradient":""},"tablet":{"background-color":"","background-image":"","background-repeat":"repeat","background-position":"center center","background-size":"auto","background-attachment":"scroll","background-type":"","background-media":"","overlay-type":"","overlay-color":"","overlay-opacity":"","overlay-gradient":""},"mobile":{"background-color":"","background-image":"","background-repeat":"repeat","background-position":"center center","background-size":"auto","background-attachment":"scroll","background-type":"","background-media":"","overlay-type":"","overlay-color":"","overlay-opacity":"","overlay-gradient":""}},"ast-content-background-meta":{"desktop":{"background-color":"var(--ast-global-color-4)","background-image":"","background-repeat":"repeat","background-position":"center center","background-size":"auto","background-attachment":"scroll","background-type":"","background-media":"","overlay-type":"","overlay-color":"","overlay-opacity":"","overlay-gradient":""},"tablet":{"background-color":"var(--ast-global-color-4)","background-image":"","background-repeat":"repeat","background-position":"center center","background-size":"auto","background-attachment":"scroll","background-type":"","background-media":"","overlay-type":"","overlay-color":"","overlay-opacity":"","overlay-gradient":""},"mobile":{"background-color":"var(--ast-global-color-4)","background-image":"","background-repeat":"repeat","background-position":"center center","background-size":"auto","background-attachment":"scroll","background-type":"","background-media":"","overlay-type":"","overlay-color":"","overlay-opacity":"","overlay-gradient":""}},"footnotes":""},"categories":[],"tags":[],"class_list":["post-225539","page","type-page","status-publish","hentry"],"yoast_head":"<!-- This site is optimized with the Yoast SEO Premium plugin v27.4 (Yoast SEO v27.4) - https:\/\/yoast.com\/product\/yoast-seo-premium-wordpress\/ -->\n<title>Disability Etiquette - City of Miami Beach<\/title>\n<meta name=\"description\" content=\"%\" \/>\n<meta name=\"robots\" content=\"index, follow, max-snippet:-1, max-image-preview:large, max-video-preview:-1\" \/>\n<link rel=\"canonical\" href=\"https:\/\/www.miamibeachfl.gov\/ht\/ada\/disability-etiquette\/\" \/>\n<meta property=\"og:locale\" content=\"ht_HT\" \/>\n<meta property=\"og:type\" content=\"article\" \/>\n<meta property=\"og:title\" content=\"Disability Etiquette\" \/>\n<meta property=\"og:description\" content=\"%\" \/>\n<meta property=\"og:url\" content=\"https:\/\/www.miamibeachfl.gov\/ht\/ada\/disability-etiquette\/\" \/>\n<meta property=\"og:site_name\" content=\"City of Miami Beach\" \/>\n<meta property=\"article:publisher\" content=\"https:\/\/www.facebook.com\/cityofmiamibeach\" \/>\n<meta property=\"article:modified_time\" content=\"2026-04-22T19:06:08+00:00\" \/>\n<meta property=\"og:image\" content=\"https:\/\/www.miamibeachfl.gov\/wp-content\/uploads\/2024\/01\/1000pxSquare-miamibeach-aerial-southpointview.jpeg\" \/>\n\t<meta property=\"og:image:width\" content=\"1000\" \/>\n\t<meta property=\"og:image:height\" content=\"1000\" \/>\n\t<meta property=\"og:image:type\" content=\"image\/jpeg\" \/>\n<meta name=\"twitter:card\" content=\"summary_large_image\" \/>\n<meta name=\"twitter:site\" content=\"@Miamibeachnews\" \/>\n<script type=\"application\/ld+json\" class=\"yoast-schema-graph\">{\"@context\":\"https:\\\/\\\/schema.org\",\"@graph\":[{\"@type\":\"WebPage\",\"@id\":\"https:\\\/\\\/www.miamibeachfl.gov\\\/ada\\\/disability-etiquette\\\/\",\"url\":\"https:\\\/\\\/www.miamibeachfl.gov\\\/ada\\\/disability-etiquette\\\/\",\"name\":\"Disability Etiquette - City of Miami Beach\",\"isPartOf\":{\"@id\":\"https:\\\/\\\/www.miamibeachfl.gov\\\/#website\"},\"datePublished\":\"2022-10-07T18:37:32+00:00\",\"dateModified\":\"2026-04-22T19:06:08+00:00\",\"description\":\"%\",\"breadcrumb\":{\"@id\":\"https:\\\/\\\/www.miamibeachfl.gov\\\/ada\\\/disability-etiquette\\\/#breadcrumb\"},\"inLanguage\":\"ht\",\"potentialAction\":[{\"@type\":\"ReadAction\",\"target\":[\"https:\\\/\\\/www.miamibeachfl.gov\\\/ada\\\/disability-etiquette\\\/\"]}]},{\"@type\":\"BreadcrumbList\",\"@id\":\"https:\\\/\\\/www.miamibeachfl.gov\\\/ada\\\/disability-etiquette\\\/#breadcrumb\",\"itemListElement\":[{\"@type\":\"ListItem\",\"position\":1,\"name\":\"Home\",\"item\":\"https:\\\/\\\/www.miamibeachfl.gov\\\/\"},{\"@type\":\"ListItem\",\"position\":2,\"name\":\"ADA\",\"item\":\"https:\\\/\\\/www.miamibeachfl.gov\\\/ada\\\/\"},{\"@type\":\"ListItem\",\"position\":3,\"name\":\"Disability Etiquette\"}]},{\"@type\":\"WebSite\",\"@id\":\"https:\\\/\\\/www.miamibeachfl.gov\\\/#website\",\"url\":\"https:\\\/\\\/www.miamibeachfl.gov\\\/\",\"name\":\"City of Miami Beach\",\"description\":\"The official website of the City of Miami Beach. Stay informed, find important information on city services, news, alerts, events, trolley routes, government employment and more.\",\"publisher\":{\"@id\":\"https:\\\/\\\/www.miamibeachfl.gov\\\/#organization\"},\"potentialAction\":[{\"@type\":\"SearchAction\",\"target\":{\"@type\":\"EntryPoint\",\"urlTemplate\":\"https:\\\/\\\/www.miamibeachfl.gov\\\/?s={search_term_string}\"},\"query-input\":{\"@type\":\"PropertyValueSpecification\",\"valueRequired\":true,\"valueName\":\"search_term_string\"}}],\"inLanguage\":\"ht\"},{\"@type\":\"Organization\",\"@id\":\"https:\\\/\\\/www.miamibeachfl.gov\\\/#organization\",\"name\":\"City of Miami Beach\",\"url\":\"https:\\\/\\\/www.miamibeachfl.gov\\\/\",\"logo\":{\"@type\":\"ImageObject\",\"inLanguage\":\"ht\",\"@id\":\"https:\\\/\\\/www.miamibeachfl.gov\\\/#\\\/schema\\\/logo\\\/image\\\/\",\"url\":\"https:\\\/\\\/www.miamibeachfl.gov\\\/wp-content\\\/uploads\\\/2022\\\/06\\\/miamibeach-logoblue.png\",\"contentUrl\":\"https:\\\/\\\/www.miamibeachfl.gov\\\/wp-content\\\/uploads\\\/2022\\\/06\\\/miamibeach-logoblue.png\",\"width\":1962,\"height\":381,\"caption\":\"City of Miami Beach\"},\"image\":{\"@id\":\"https:\\\/\\\/www.miamibeachfl.gov\\\/#\\\/schema\\\/logo\\\/image\\\/\"},\"sameAs\":[\"https:\\\/\\\/www.facebook.com\\\/cityofmiamibeach\",\"https:\\\/\\\/x.com\\\/Miamibeachnews\",\"https:\\\/\\\/www.instagram.com\\\/miamibeachnews\\\/\"],\"description\":\"The official website of the City of Miami Beach. Stay informed, find important information on city services, news, alerts, events, trolley routes, government employment and more.\",\"telephone\":\"305.604.CITY(2489)\",\"legalName\":\"City of Miami Beach\"}]}<\/script>\n<!-- \/ Yoast SEO Premium plugin. -->","yoast_head_json":{"title":"Etik\u00e8t pou Andikap - Vil Miami Beach","description":"%","robots":{"index":"index","follow":"follow","max-snippet":"max-snippet:-1","max-image-preview":"max-image-preview:large","max-video-preview":"max-video-preview:-1"},"canonical":"https:\/\/www.miamibeachfl.gov\/ht\/ada\/disability-etiquette\/","og_locale":"ht_HT","og_type":"article","og_title":"Disability Etiquette","og_description":"%","og_url":"https:\/\/www.miamibeachfl.gov\/ht\/ada\/disability-etiquette\/","og_site_name":"City of Miami Beach","article_publisher":"https:\/\/www.facebook.com\/cityofmiamibeach","article_modified_time":"2026-04-22T19:06:08+00:00","og_image":[{"width":1000,"height":1000,"url":"https:\/\/www.miamibeachfl.gov\/wp-content\/uploads\/2024\/01\/1000pxSquare-miamibeach-aerial-southpointview.jpeg","type":"image\/jpeg"}],"twitter_card":"summary_large_image","twitter_site":"@Miamibeachnews","schema":{"@context":"https:\/\/schema.org","@graph":[{"@type":"WebPage","@id":"https:\/\/www.miamibeachfl.gov\/ada\/disability-etiquette\/","url":"https:\/\/www.miamibeachfl.gov\/ada\/disability-etiquette\/","name":"Etik\u00e8t pou Andikap - Vil Miami Beach","isPartOf":{"@id":"https:\/\/www.miamibeachfl.gov\/#website"},"datePublished":"2022-10-07T18:37:32+00:00","dateModified":"2026-04-22T19:06:08+00:00","description":"%","breadcrumb":{"@id":"https:\/\/www.miamibeachfl.gov\/ada\/disability-etiquette\/#breadcrumb"},"inLanguage":"ht","potentialAction":[{"@type":"ReadAction","target":["https:\/\/www.miamibeachfl.gov\/ada\/disability-etiquette\/"]}]},{"@type":"BreadcrumbList","@id":"https:\/\/www.miamibeachfl.gov\/ada\/disability-etiquette\/#breadcrumb","itemListElement":[{"@type":"ListItem","position":1,"name":"Home","item":"https:\/\/www.miamibeachfl.gov\/"},{"@type":"ListItem","position":2,"name":"ADA","item":"https:\/\/www.miamibeachfl.gov\/ada\/"},{"@type":"ListItem","position":3,"name":"Disability Etiquette"}]},{"@type":"WebSite","@id":"https:\/\/www.miamibeachfl.gov\/#website","url":"https:\/\/www.miamibeachfl.gov\/","name":"Vil Miami Beach","description":"Sitw\u00e8b ofisy\u00e8l Vil Miami Beach la. Rete enf\u00f2me, jwenn enf\u00f2masyon enp\u00f2tan sou s\u00e8vis vil la, nouv\u00e8l, al\u00e8t, ev\u00e8nman, wout tramway, travay gouv\u00e8nman an ak plis ank\u00f2.","publisher":{"@id":"https:\/\/www.miamibeachfl.gov\/#organization"},"potentialAction":[{"@type":"SearchAction","target":{"@type":"EntryPoint","urlTemplate":"https:\/\/www.miamibeachfl.gov\/?s={search_term_string}"},"query-input":{"@type":"PropertyValueSpecification","valueRequired":true,"valueName":"search_term_string"}}],"inLanguage":"ht"},{"@type":"Organization","@id":"https:\/\/www.miamibeachfl.gov\/#organization","name":"Vil Miami Beach","url":"https:\/\/www.miamibeachfl.gov\/","logo":{"@type":"ImageObject","inLanguage":"ht","@id":"https:\/\/www.miamibeachfl.gov\/#\/schema\/logo\/image\/","url":"https:\/\/www.miamibeachfl.gov\/wp-content\/uploads\/2022\/06\/miamibeach-logoblue.png","contentUrl":"https:\/\/www.miamibeachfl.gov\/wp-content\/uploads\/2022\/06\/miamibeach-logoblue.png","width":1962,"height":381,"caption":"City of Miami Beach"},"image":{"@id":"https:\/\/www.miamibeachfl.gov\/#\/schema\/logo\/image\/"},"sameAs":["https:\/\/www.facebook.com\/cityofmiamibeach","https:\/\/x.com\/Miamibeachnews","https:\/\/www.instagram.com\/miamibeachnews\/"],"description":"Sitw\u00e8b ofisy\u00e8l Vil Miami Beach la. Rete enf\u00f2me, jwenn enf\u00f2masyon enp\u00f2tan sou s\u00e8vis vil la, nouv\u00e8l, al\u00e8t, ev\u00e8nman, wout tramway, travay gouv\u00e8nman an ak plis ank\u00f2.","telephone":"305.604.CITY(2489)","legalName":"City of Miami Beach"}]}},"_links":{"self":[{"href":"https:\/\/www.miamibeachfl.gov\/ht\/wp-json\/wp\/v2\/pages\/225539","targetHints":{"allow":["GET"]}}],"collection":[{"href":"https:\/\/www.miamibeachfl.gov\/ht\/wp-json\/wp\/v2\/pages"}],"about":[{"href":"https:\/\/www.miamibeachfl.gov\/ht\/wp-json\/wp\/v2\/types\/page"}],"author":[{"embeddable":true,"href":"https:\/\/www.miamibeachfl.gov\/ht\/wp-json\/wp\/v2\/users\/222"}],"replies":[{"embeddable":true,"href":"https:\/\/www.miamibeachfl.gov\/ht\/wp-json\/wp\/v2\/comments?post=225539"}],"version-history":[{"count":3,"href":"https:\/\/www.miamibeachfl.gov\/ht\/wp-json\/wp\/v2\/pages\/225539\/revisions"}],"predecessor-version":[{"id":399346,"href":"https:\/\/www.miamibeachfl.gov\/ht\/wp-json\/wp\/v2\/pages\/225539\/revisions\/399346"}],"up":[{"embeddable":true,"href":"https:\/\/www.miamibeachfl.gov\/ht\/wp-json\/wp\/v2\/pages\/225181"}],"wp:attachment":[{"href":"https:\/\/www.miamibeachfl.gov\/ht\/wp-json\/wp\/v2\/media?parent=225539"}],"wp:term":[{"taxonomy":"category","embeddable":true,"href":"https:\/\/www.miamibeachfl.gov\/ht\/wp-json\/wp\/v2\/categories?post=225539"},{"taxonomy":"post_tag","embeddable":true,"href":"https:\/\/www.miamibeachfl.gov\/ht\/wp-json\/wp\/v2\/tags?post=225539"}],"curies":[{"name":"wp","href":"https:\/\/api.w.org\/{rel}","templated":true}]}}