{"id":233181,"date":"2022-12-06T15:34:33","date_gmt":"2022-12-06T20:34:33","guid":{"rendered":"https:\/\/www.miamibeachfl.gov\/?page_id=233181"},"modified":"2026-02-11T10:12:05","modified_gmt":"2026-02-11T15:12:05","slug":"neighborhood-affairs-division","status":"publish","type":"page","link":"https:\/\/www.miamibeachfl.gov\/ht\/residents\/neighborhood-affairs-division\/","title":{"rendered":"Divizyon Af\u00e8 Katye yo"},"content":{"rendered":"<h1>\n\t\t\tDivizyon Af\u00e8 Katye yo\t<\/h1>\nMeni Rezidan yo\t\t\t\n\t\t\t\t\t<ul id=\"menu-residents\"><li id=\"menu-item-258178\"><a href=\"\/ht\/residents\/\">Rezidan yo<\/a><\/li>\n<li id=\"menu-item-259185\"><a href=\"\/ht\/neighborhood-associations\/\">Asosyasyon Katye ak Kondominy\u00f2m<\/a><\/li>\n<li id=\"menu-item-258180\"><a href=\"\/ht\/residents\/neighborhood-affairs-division\/\">Af\u00e8 Katye yo<\/a><\/li>\n<li id=\"menu-item-258181\"><a href=\"\/ht\/community-events-and-perks\/\">Avantaj ak Rab\u00e8<\/a><\/li>\n<li id=\"menu-item-258182\"><a href=\"\/ht\/animal-control\/\">Swen ak Kontw\u00f2l Animal<\/a><\/li>\n<li id=\"menu-item-258183\"><a href=\"\/ht\/city-hall\/cip\/active-projects\/\">Pwoj\u00e8 Aktif yo<\/a><\/li>\n<li id=\"menu-item-281156\" aria-haspopup=\"true\"><a aria-expanded=\"false\" href=\"\/ht\/engagementtoolbox\/\">Rete Konekte<\/a>\n<ul>\n\t<li id=\"menu-item-396190\"><a href=\"\/ht\/residents\/resident-guide\/#importantnumbers\">Nimewo Enp\u00f2tan yo<\/a><\/li>\n<\/ul>\n<\/li>\n<\/ul>\t\nMeni Rezidans \u00d7\t\t\t\t\t\t<ul id=\"menu-residents-1\"><li id=\"menu-item-258178\"><a href=\"\/ht\/residents\/\">Rezidan yo<\/a><\/li>\n<li id=\"menu-item-259185\"><a href=\"\/ht\/neighborhood-associations\/\">Asosyasyon Katye ak Kondominy\u00f2m<\/a><\/li>\n<li id=\"menu-item-258180\"><a href=\"\/ht\/residents\/neighborhood-affairs-division\/\">Af\u00e8 Katye yo<\/a><\/li>\n<li id=\"menu-item-258181\"><a href=\"\/ht\/community-events-and-perks\/\">Avantaj ak Rab\u00e8<\/a><\/li>\n<li id=\"menu-item-258182\"><a href=\"\/ht\/animal-control\/\">Swen ak Kontw\u00f2l Animal<\/a><\/li>\n<li id=\"menu-item-258183\"><a href=\"\/ht\/city-hall\/cip\/active-projects\/\">Pwoj\u00e8 Aktif yo<\/a><\/li>\n<li id=\"menu-item-281156\" aria-haspopup=\"true\"><a aria-expanded=\"false\" href=\"\/ht\/engagementtoolbox\/\">Rete Konekte<\/a>\n<ul>\n\t<li id=\"menu-item-396190\"><a href=\"\/ht\/residents\/resident-guide\/#importantnumbers\">Nimewo Enp\u00f2tan yo<\/a><\/li>\n<\/ul>\n<\/li>\n<\/ul>\t\t\t\t\n\t<p>Divizyon Af\u00e8 Katye a ankouraje patenarya solid ant kominote a ak depatman s\u00e8vis operasyon\u00e8l vil la pou amelyore kalite lavi rezidan yo ak biznis yo. Ekip Kow\u00f2donat\u00e8 Af\u00e8 Katye nou an angaje aktivman ak kominote a pou idantifye bezwen ak demann espesifik epi bay yon s\u00e8vis kliyan ki reponn byen vit. Objektif nou se fasilite kominikasyon, ankouraje angajman sivik, epi bati yon sans fy\u00e8te ak responsablite nan katye yo pou kreye yon vil ki pi solid, ki pi konekte, epi ki pwospere.<\/p>\n\t\t\t<a href =\"https:\/\/www.miamibeachfl.gov\/ht\/city-hall\/cip\/active-projects\/\" target=\"_self\"  aria-label=\"Gade Kat Ent\u00e8aktif Pwoj\u00e8 pou Konstriksyon nan Tout Vil la Klike la a pou jwenn enf\u00f2masyon sou d\u00e8nye pwoj\u00e8 konstriksyon kominot\u00e8 yo\">\n\t\t\t\t\t\t\t\tGade Kat Ent\u00e8aktif Pwoj\u00e8 pou Konstriksyon nan Tout Vil la Klike la a pou jwenn enf\u00f2masyon sou d\u00e8nye pwoj\u00e8 konstriksyon kominot\u00e8 yo\t\t\t\t\t\t\t\n\t\t\t\t\t\t<\/a>\n\t\t\t\t<a href=\"https:\/\/www.miamibeachfl.gov\/ht\/residents\/neighborhood-associations\/\"  target=\"_self\" itemprop=\"url\">\n\t\t\t\t<img decoding=\"async\" src=\"https:\/\/www.miamibeachfl.gov\/wp-content\/uploads\/2022\/12\/icon-neighborhood_1.png\" alt=\"Neighborhoods and Condominium Associations\" itemprop=\"image\" height=\"641\" width=\"641\" title=\"ik\u00f2n-katye_1\" onerror=\"this.style.display='none'\" loading=\"lazy\" \/>\n\t\t\t\t<\/a>\n<h2><a href=\"https:\/\/www.miamibeachfl.gov\/ht\/residents\/neighborhood-associations\/\" target=\"_self\">ASOSYASYON KATYE YO<\/a><\/h2><a href=\"https:\/\/www.miamibeachfl.gov\/ht\/residents\/neighborhood-associations\/\"  target=\"_self\">Vwazen yo mete t\u00e8t ansanm pou kreye yon pi bon kalite lavi<\/a>\t\n\t\t\t\t<a href=\"\/ht\/engagementtoolbox\/\"  target=\"_self\" itemprop=\"url\">\n\t\t\t\t<img decoding=\"async\" src=\"https:\/\/www.miamibeachfl.gov\/wp-content\/uploads\/2022\/12\/icon-engagementtoolbox.png\" alt=\"Engagement Toolbox\" itemprop=\"image\" height=\"641\" width=\"641\" title=\"bwat zouti angajman ik\u00f2n\" onerror=\"this.style.display='none'\" loading=\"lazy\" \/>\n\t\t\t\t<\/a>\n<h2><a href=\"\/ht\/engagementtoolbox\/\" target=\"_self\">Bwat Zouti Angajman<\/a><\/h2><a href=\"\/ht\/engagementtoolbox\/\"  target=\"_self\">Rete konekte epi enf\u00f2me<\/a>\t\n\t\t\t\t<a href=\"\/ht\/residents\/animal-control\/\"  target=\"_self\" itemprop=\"url\">\n\t\t\t\t<img decoding=\"async\" src=\"https:\/\/www.miamibeachfl.gov\/wp-content\/uploads\/2022\/12\/icon-animals.png\" alt=\"Animal Control\" itemprop=\"image\" height=\"641\" width=\"641\" title=\"b\u00e8t ik\u00f2n\" onerror=\"this.style.display='none'\" loading=\"lazy\" \/>\n\t\t\t\t<\/a>\n<h2><a href=\"\/ht\/residents\/animal-control\/\" target=\"_self\">KONTW\u00d2L ANIMAL<\/a><\/h2><a href=\"\/ht\/residents\/animal-control\/\"  target=\"_self\">Enf\u00f2masyon sou Chat Sobe ak Iguana<\/a>\t\n\t\t\t\t<a href=\"https:\/\/gis.miamibeachfl.gov\/Html5Viewer\/index.html?viewer=PLC\"  target=\"_self\" itemprop=\"url\">\n\t\t\t\t<img decoding=\"async\" src=\"https:\/\/www.miamibeachfl.gov\/wp-content\/uploads\/2022\/12\/icon-trafficclosure.png\" alt=\"ROW Map\" itemprop=\"image\" height=\"641\" width=\"641\" title=\"ik\u00f2n-f\u00e8mti trafik\" onerror=\"this.style.display='none'\" loading=\"lazy\" \/>\n\t\t\t\t<\/a>\n<h2><a href=\"https:\/\/gis.miamibeachfl.gov\/Html5Viewer\/index.html?viewer=PLC\" target=\"_self\">F\u00c8MTI LIY PA TIP P\u00c8MI<\/a><\/h2><a href=\"https:\/\/gis.miamibeachfl.gov\/Html5Viewer\/index.html?viewer=PLC\"  target=\"_self\">Gade f\u00e8mti liy akty\u00e8l ak ekspire yo pa kalite p\u00e8mi<\/a>\t\n\t\t\t\t<a href=\"\/ht\/city-hall\/city-manager\/mission-vision-and-values\/strategic-planning\/community-survey\/\"  target=\"_self\" itemprop=\"url\">\n\t\t\t\t<img decoding=\"async\" src=\"https:\/\/www.miamibeachfl.gov\/wp-content\/uploads\/2022\/12\/icon-surveys.png\" alt=\"Surveys\" itemprop=\"image\" height=\"641\" width=\"641\" title=\"sondaj ik\u00f2n\" onerror=\"this.style.display='none'\" loading=\"lazy\" \/>\n\t\t\t\t<\/a>\n<h2><a href=\"\/ht\/city-hall\/city-manager\/mission-vision-and-values\/strategic-planning\/community-survey\/\" target=\"_self\">SONDAJ SOU SATISFASYON K\u00d2MINOTE A<\/a><\/h2><a href=\"\/ht\/city-hall\/city-manager\/mission-vision-and-values\/strategic-planning\/community-survey\/\"  target=\"_self\">Gade fidbak rezidan yo ak biznis yo<\/a>\t\n\t\t\t\t<a href=\"http:\/\/www.mbrisingabove.com\/\"  target=\"_self\" itemprop=\"url\">\n\t\t\t\t<img decoding=\"async\" src=\"https:\/\/www.miamibeachfl.gov\/wp-content\/uploads\/2022\/12\/icon-mbrising.png\" alt=\"MB Rising Above\" itemprop=\"image\" height=\"641\" width=\"641\" title=\"ik\u00f2n-mbrising\" onerror=\"this.style.display='none'\" loading=\"lazy\" \/>\n\t\t\t\t<\/a>\n<h2><a href=\"http:\/\/www.mbrisingabove.com\/\" target=\"_self\">MB MONTE ANWO<\/a><\/h2><a href=\"http:\/\/www.mbrisingabove.com\/\"  target=\"_self\">Aprann plis bagay sou inisyativ rezilyans vil la<\/a>\t\n\t\t\t\t<a href=\"https:\/\/www.miamibeachfl.gov\/ht\/business\/css\/\"  target=\"_self\" itemprop=\"url\">\n\t\t\t\t<img decoding=\"async\" src=\"https:\/\/www.miamibeachfl.gov\/wp-content\/uploads\/2022\/12\/icon-residencss.png\" alt=\"Citizen Self Service\" itemprop=\"image\" height=\"641\" width=\"641\" title=\"ik\u00f2n-rezidans\" onerror=\"this.style.display='none'\" loading=\"lazy\" \/>\n\t\t\t\t<\/a>\n<h2><a href=\"https:\/\/www.miamibeachfl.gov\/ht\/business\/css\/\" target=\"_self\">P\u00d2TAL AKS\u00c8 SIVIK<\/a><\/h2><a href=\"https:\/\/www.miamibeachfl.gov\/ht\/business\/css\/\"  target=\"_self\">P\u00f2tal s\u00e8vis vil la. Gade\/Peye\/Aplike pou p\u00e8mi<\/a>\t\n\t\t\t\t<a href=\"https:\/\/egovernment.miamibeachfl.gov\/EgovWeb\"  target=\"_self\" itemprop=\"url\">\n\t\t\t\t<img decoding=\"async\" src=\"https:\/\/www.miamibeachfl.gov\/wp-content\/uploads\/2022\/12\/icon-egov.png\" alt=\"E-Gov\" itemprop=\"image\" height=\"641\" width=\"641\" title=\"ik\u00f2n-egov\" onerror=\"this.style.display='none'\" loading=\"lazy\" \/>\n\t\t\t\t<\/a>\n<h2><a href=\"https:\/\/egovernment.miamibeachfl.gov\/EgovWeb\" target=\"_self\">RAP\u00d2TE YON PWOBLEM (EGOV)<\/a><\/h2><a href=\"https:\/\/egovernment.miamibeachfl.gov\/EgovWeb\"  target=\"_self\">P\u00f2tal pou demann ak plent s\u00e8vis vil la<\/a>\t\n\t\t\t\t<a href=\"https:\/\/www.gombinfo.com\/\"  target=\"_self\" itemprop=\"url\">\n\t\t\t\t<img decoding=\"async\" src=\"https:\/\/www.miamibeachfl.gov\/wp-content\/uploads\/2022\/12\/icon-gobond.png\" alt=\"Construction hat icon\" itemprop=\"image\" height=\"641\" width=\"641\" title=\"ik\u00f2n-gobond\" onerror=\"this.style.display='none'\" loading=\"lazy\" \/>\n\t\t\t\t<\/a>\n<h2><a href=\"https:\/\/www.gombinfo.com\/\" target=\"_self\">ALE BOND<\/a><\/h2><a href=\"https:\/\/www.gombinfo.com\/\"  target=\"_self\">Pwoj\u00e8 amelyorasyon. Vwa ou, an aksyon<\/a>\t\n\t\t\t\t<a href=\"https:\/\/www.miamibeachfl.gov\/ht\/residents\/neighborhood-affairs-division\/#contactnad\"  target=\"_self\" itemprop=\"url\">\n\t\t\t\t<img decoding=\"async\" src=\"https:\/\/www.miamibeachfl.gov\/wp-content\/uploads\/2022\/12\/icon-home-css.png\" alt=\"Computer icon\" itemprop=\"image\" height=\"641\" width=\"641\" title=\"ik\u00f2n-ak\u00e8y-css\" onerror=\"this.style.display='none'\" loading=\"lazy\" \/>\n\t\t\t\t<\/a>\n<h2><a href=\"https:\/\/www.miamibeachfl.gov\/ht\/residents\/neighborhood-affairs-division\/#contactnad\" target=\"_self\">SONDAJ SOU SATISFASYON K\u00d2MINOTE A<\/a><\/h2><a href=\"https:\/\/www.miamibeachfl.gov\/ht\/residents\/neighborhood-affairs-division\/#contactnad\"  target=\"_self\">Kontakte yon reprezantan Af\u00e8 Katye pou plis enf\u00f2masyon<\/a>\t\n<h3>\n\t\t\tKontakte Af\u00e8 Katye yo\t<\/h3>\n<h2>\n\t\t\tNorth Beach ak tout vil la:\t<\/h2>\n\t\t\t <p><b>Nicholas Levy<br \/><\/b>Kow\u00f2dinat\u00e8 Af\u00e8 Katye<\/p>\t\t\n\t\t\t <p><a href=\"mailto:NicholasLevy@MiamiBeachFl.gov\">NicholasLevy@MiamiBeachFl.gov<\/a><\/p>\t\t\n\t<h2  id=\"contactmidbeach\">\n\t\t\tMitan Plaj:\t<\/h2>\n\t\t\t <p><strong>Gabriella Gonzalez<\/strong><br \/>Kow\u00f2dinat\u00e8 Af\u00e8 Katye <\/p>\t\t\n\t\t\t <p><a href=\"mailto:GabriellaGonzalez@MiamiBeachFl.gov\">GabriellaGonzalez@MiamiBeachFl.gov<\/a><\/p>\n\t<h2  id=\"nadcontact\">\n\t\t\tPlaj Sid:\t<\/h2>\n\t\t\t <p><strong>Lauren Firtel<\/strong><br \/>Manadj\u00e8 Af\u00e8 Katye South Beach<\/p>\t\t\n\t\t\t <p><a href=\"mailto:KevinPulido@MiamiBeachFl.gov\">LaurenFirtel@MiamiBeachFl.gov<\/a><\/p>","protected":false},"excerpt":{"rendered":"<p>Neighborhood Affairs Division Residents Menu Residents Neighborhood &#038; Condo Associations Neighborhood Affairs Perks &#038; Discounts Animal Care &#038; Control Active [&hellip;]<\/p>\n","protected":false},"author":222,"featured_media":0,"parent":29238,"menu_order":0,"comment_status":"closed","ping_status":"closed","template":"","meta":{"_searchwp_excluded":"","site-sidebar-layout":"default","site-content-layout":"","ast-site-content-layout":"default","site-content-style":"default","site-sidebar-style":"default","ast-global-header-display":"","ast-banner-title-visibility":"","ast-main-header-display":"","ast-hfb-above-header-display":"","ast-hfb-below-header-display":"","ast-hfb-mobile-header-display":"","site-post-title":"","ast-breadcrumbs-content":"","ast-featured-img":"","footer-sml-layout":"","theme-transparent-header-meta":"","adv-header-id-meta":"","stick-header-meta":"","header-above-stick-meta":"","header-main-stick-meta":"","header-below-stick-meta":"","astra-migrate-meta-layouts":"default","ast-page-background-enabled":"default","ast-page-background-meta":{"desktop":{"background-color":"var(--ast-global-color-5)","background-image":"","background-repeat":"repeat","background-position":"center center","background-size":"auto","background-attachment":"scroll","background-type":"","background-media":"","overlay-type":"","overlay-color":"","overlay-opacity":"","overlay-gradient":""},"tablet":{"background-color":"","background-image":"","background-repeat":"repeat","background-position":"center center","background-size":"auto","background-attachment":"scroll","background-type":"","background-media":"","overlay-type":"","overlay-color":"","overlay-opacity":"","overlay-gradient":""},"mobile":{"background-color":"","background-image":"","background-repeat":"repeat","background-position":"center center","background-size":"auto","background-attachment":"scroll","background-type":"","background-media":"","overlay-type":"","overlay-color":"","overlay-opacity":"","overlay-gradient":""}},"ast-content-background-meta":{"desktop":{"background-color":"var(--ast-global-color-4)","background-image":"","background-repeat":"repeat","background-position":"center center","background-size":"auto","background-attachment":"scroll","background-type":"","background-media":"","overlay-type":"","overlay-color":"","overlay-opacity":"","overlay-gradient":""},"tablet":{"background-color":"var(--ast-global-color-4)","background-image":"","background-repeat":"repeat","background-position":"center center","background-size":"auto","background-attachment":"scroll","background-type":"","background-media":"","overlay-type":"","overlay-color":"","overlay-opacity":"","overlay-gradient":""},"mobile":{"background-color":"var(--ast-global-color-4)","background-image":"","background-repeat":"repeat","background-position":"center center","background-size":"auto","background-attachment":"scroll","background-type":"","background-media":"","overlay-type":"","overlay-color":"","overlay-opacity":"","overlay-gradient":""}},"footnotes":""},"categories":[],"tags":[],"class_list":["post-233181","page","type-page","status-publish","hentry"],"yoast_head":"<!-- This site is optimized with the Yoast SEO Premium plugin v27.4 (Yoast SEO v27.4) - https:\/\/yoast.com\/product\/yoast-seo-premium-wordpress\/ -->\n<title>Neighborhood Affairs Division - City of Miami Beach<\/title>\n<meta name=\"description\" content=\"The Neighborhood Affairs Division fosters strong partnerships between the community and the city&#039;s operational service departments to improve the quality of life for residents and businesses.\" \/>\n<meta name=\"robots\" content=\"index, follow, max-snippet:-1, max-image-preview:large, max-video-preview:-1\" \/>\n<link rel=\"canonical\" href=\"https:\/\/www.miamibeachfl.gov\/ht\/residents\/neighborhood-affairs-division\/\" \/>\n<meta property=\"og:locale\" content=\"ht_HT\" \/>\n<meta property=\"og:type\" content=\"article\" \/>\n<meta property=\"og:title\" content=\"Neighborhood Affairs Division\" \/>\n<meta property=\"og:description\" content=\"The Neighborhood Affairs Division fosters strong partnerships between the community and the city&#039;s operational service departments to improve the quality of life for residents and businesses.\" \/>\n<meta property=\"og:url\" content=\"https:\/\/www.miamibeachfl.gov\/ht\/residents\/neighborhood-affairs-division\/\" \/>\n<meta property=\"og:site_name\" content=\"City of Miami Beach\" \/>\n<meta property=\"article:publisher\" content=\"https:\/\/www.facebook.com\/cityofmiamibeach\" \/>\n<meta property=\"article:modified_time\" content=\"2026-02-11T15:12:05+00:00\" \/>\n<meta property=\"og:image\" content=\"https:\/\/www.miamibeachfl.gov\/wp-content\/uploads\/2023\/04\/Venetian-Islands-Bridge-Project-scaled.jpg\" \/>\n\t<meta property=\"og:image:width\" content=\"2560\" \/>\n\t<meta property=\"og:image:height\" content=\"1705\" \/>\n\t<meta property=\"og:image:type\" content=\"image\/jpeg\" \/>\n<meta name=\"twitter:card\" content=\"summary_large_image\" \/>\n<meta name=\"twitter:site\" content=\"@Miamibeachnews\" \/>\n<script type=\"application\/ld+json\" class=\"yoast-schema-graph\">{\"@context\":\"https:\\\/\\\/schema.org\",\"@graph\":[{\"@type\":\"WebPage\",\"@id\":\"https:\\\/\\\/www.miamibeachfl.gov\\\/residents\\\/neighborhood-affairs-division\\\/\",\"url\":\"https:\\\/\\\/www.miamibeachfl.gov\\\/residents\\\/neighborhood-affairs-division\\\/\",\"name\":\"Neighborhood Affairs Division - City of Miami Beach\",\"isPartOf\":{\"@id\":\"https:\\\/\\\/www.miamibeachfl.gov\\\/#website\"},\"primaryImageOfPage\":{\"@id\":\"https:\\\/\\\/www.miamibeachfl.gov\\\/residents\\\/neighborhood-affairs-division\\\/#primaryimage\"},\"image\":{\"@id\":\"https:\\\/\\\/www.miamibeachfl.gov\\\/residents\\\/neighborhood-affairs-division\\\/#primaryimage\"},\"thumbnailUrl\":\"https:\\\/\\\/www.miamibeachfl.gov\\\/wp-content\\\/uploads\\\/2022\\\/12\\\/icon-neighborhood_1.png\",\"datePublished\":\"2022-12-06T20:34:33+00:00\",\"dateModified\":\"2026-02-11T15:12:05+00:00\",\"description\":\"The Neighborhood Affairs Division fosters strong partnerships between the community and the city's operational service departments to improve the quality of life for residents and businesses.\",\"breadcrumb\":{\"@id\":\"https:\\\/\\\/www.miamibeachfl.gov\\\/residents\\\/neighborhood-affairs-division\\\/#breadcrumb\"},\"inLanguage\":\"ht\",\"potentialAction\":[{\"@type\":\"ReadAction\",\"target\":[\"https:\\\/\\\/www.miamibeachfl.gov\\\/residents\\\/neighborhood-affairs-division\\\/\"]}]},{\"@type\":\"ImageObject\",\"inLanguage\":\"ht\",\"@id\":\"https:\\\/\\\/www.miamibeachfl.gov\\\/residents\\\/neighborhood-affairs-division\\\/#primaryimage\",\"url\":\"https:\\\/\\\/www.miamibeachfl.gov\\\/wp-content\\\/uploads\\\/2022\\\/12\\\/icon-neighborhood_1.png\",\"contentUrl\":\"https:\\\/\\\/www.miamibeachfl.gov\\\/wp-content\\\/uploads\\\/2022\\\/12\\\/icon-neighborhood_1.png\"},{\"@type\":\"BreadcrumbList\",\"@id\":\"https:\\\/\\\/www.miamibeachfl.gov\\\/residents\\\/neighborhood-affairs-division\\\/#breadcrumb\",\"itemListElement\":[{\"@type\":\"ListItem\",\"position\":1,\"name\":\"Home\",\"item\":\"https:\\\/\\\/www.miamibeachfl.gov\\\/\"},{\"@type\":\"ListItem\",\"position\":2,\"name\":\"Residents\",\"item\":\"https:\\\/\\\/www.miamibeachfl.gov\\\/residents\\\/\"},{\"@type\":\"ListItem\",\"position\":3,\"name\":\"Neighborhood Affairs Division\"}]},{\"@type\":\"WebSite\",\"@id\":\"https:\\\/\\\/www.miamibeachfl.gov\\\/#website\",\"url\":\"https:\\\/\\\/www.miamibeachfl.gov\\\/\",\"name\":\"City of Miami Beach\",\"description\":\"The official website of the City of Miami Beach. Stay informed, find important information on city services, news, alerts, events, trolley routes, government employment and more.\",\"publisher\":{\"@id\":\"https:\\\/\\\/www.miamibeachfl.gov\\\/#organization\"},\"potentialAction\":[{\"@type\":\"SearchAction\",\"target\":{\"@type\":\"EntryPoint\",\"urlTemplate\":\"https:\\\/\\\/www.miamibeachfl.gov\\\/?s={search_term_string}\"},\"query-input\":{\"@type\":\"PropertyValueSpecification\",\"valueRequired\":true,\"valueName\":\"search_term_string\"}}],\"inLanguage\":\"ht\"},{\"@type\":\"Organization\",\"@id\":\"https:\\\/\\\/www.miamibeachfl.gov\\\/#organization\",\"name\":\"City of Miami Beach\",\"url\":\"https:\\\/\\\/www.miamibeachfl.gov\\\/\",\"logo\":{\"@type\":\"ImageObject\",\"inLanguage\":\"ht\",\"@id\":\"https:\\\/\\\/www.miamibeachfl.gov\\\/#\\\/schema\\\/logo\\\/image\\\/\",\"url\":\"https:\\\/\\\/www.miamibeachfl.gov\\\/wp-content\\\/uploads\\\/2022\\\/06\\\/miamibeach-logoblue.png\",\"contentUrl\":\"https:\\\/\\\/www.miamibeachfl.gov\\\/wp-content\\\/uploads\\\/2022\\\/06\\\/miamibeach-logoblue.png\",\"width\":1962,\"height\":381,\"caption\":\"City of Miami Beach\"},\"image\":{\"@id\":\"https:\\\/\\\/www.miamibeachfl.gov\\\/#\\\/schema\\\/logo\\\/image\\\/\"},\"sameAs\":[\"https:\\\/\\\/www.facebook.com\\\/cityofmiamibeach\",\"https:\\\/\\\/x.com\\\/Miamibeachnews\",\"https:\\\/\\\/www.instagram.com\\\/miamibeachnews\\\/\"],\"description\":\"The official website of the City of Miami Beach. Stay informed, find important information on city services, news, alerts, events, trolley routes, government employment and more.\",\"telephone\":\"305.604.CITY(2489)\",\"legalName\":\"City of Miami Beach\"}]}<\/script>\n<!-- \/ Yoast SEO Premium plugin. -->","yoast_head_json":{"title":"Divizyon Af\u00e8 Katye - Vil Miami Beach","description":"Divizyon Af\u00e8 Katye a ankouraje patenarya solid ant kominote a ak depatman s\u00e8vis operasyon\u00e8l vil la pou amelyore kalite lavi rezidan yo ak biznis yo.","robots":{"index":"index","follow":"follow","max-snippet":"max-snippet:-1","max-image-preview":"max-image-preview:large","max-video-preview":"max-video-preview:-1"},"canonical":"https:\/\/www.miamibeachfl.gov\/ht\/residents\/neighborhood-affairs-division\/","og_locale":"ht_HT","og_type":"article","og_title":"Neighborhood Affairs Division","og_description":"The Neighborhood Affairs Division fosters strong partnerships between the community and the city's operational service departments to improve the quality of life for residents and businesses.","og_url":"https:\/\/www.miamibeachfl.gov\/ht\/residents\/neighborhood-affairs-division\/","og_site_name":"City of Miami Beach","article_publisher":"https:\/\/www.facebook.com\/cityofmiamibeach","article_modified_time":"2026-02-11T15:12:05+00:00","og_image":[{"width":2560,"height":1705,"url":"https:\/\/www.miamibeachfl.gov\/wp-content\/uploads\/2023\/04\/Venetian-Islands-Bridge-Project-scaled.jpg","type":"image\/jpeg"}],"twitter_card":"summary_large_image","twitter_site":"@Miamibeachnews","schema":{"@context":"https:\/\/schema.org","@graph":[{"@type":"WebPage","@id":"https:\/\/www.miamibeachfl.gov\/residents\/neighborhood-affairs-division\/","url":"https:\/\/www.miamibeachfl.gov\/residents\/neighborhood-affairs-division\/","name":"Divizyon Af\u00e8 Katye - Vil Miami Beach","isPartOf":{"@id":"https:\/\/www.miamibeachfl.gov\/#website"},"primaryImageOfPage":{"@id":"https:\/\/www.miamibeachfl.gov\/residents\/neighborhood-affairs-division\/#primaryimage"},"image":{"@id":"https:\/\/www.miamibeachfl.gov\/residents\/neighborhood-affairs-division\/#primaryimage"},"thumbnailUrl":"https:\/\/www.miamibeachfl.gov\/wp-content\/uploads\/2022\/12\/icon-neighborhood_1.png","datePublished":"2022-12-06T20:34:33+00:00","dateModified":"2026-02-11T15:12:05+00:00","description":"Divizyon Af\u00e8 Katye a ankouraje patenarya solid ant kominote a ak depatman s\u00e8vis operasyon\u00e8l vil la pou amelyore kalite lavi rezidan yo ak biznis yo.","breadcrumb":{"@id":"https:\/\/www.miamibeachfl.gov\/residents\/neighborhood-affairs-division\/#breadcrumb"},"inLanguage":"ht","potentialAction":[{"@type":"ReadAction","target":["https:\/\/www.miamibeachfl.gov\/residents\/neighborhood-affairs-division\/"]}]},{"@type":"ImageObject","inLanguage":"ht","@id":"https:\/\/www.miamibeachfl.gov\/residents\/neighborhood-affairs-division\/#primaryimage","url":"https:\/\/www.miamibeachfl.gov\/wp-content\/uploads\/2022\/12\/icon-neighborhood_1.png","contentUrl":"https:\/\/www.miamibeachfl.gov\/wp-content\/uploads\/2022\/12\/icon-neighborhood_1.png"},{"@type":"BreadcrumbList","@id":"https:\/\/www.miamibeachfl.gov\/residents\/neighborhood-affairs-division\/#breadcrumb","itemListElement":[{"@type":"ListItem","position":1,"name":"Home","item":"https:\/\/www.miamibeachfl.gov\/"},{"@type":"ListItem","position":2,"name":"Residents","item":"https:\/\/www.miamibeachfl.gov\/residents\/"},{"@type":"ListItem","position":3,"name":"Neighborhood Affairs Division"}]},{"@type":"WebSite","@id":"https:\/\/www.miamibeachfl.gov\/#website","url":"https:\/\/www.miamibeachfl.gov\/","name":"Vil Miami Beach","description":"Sitw\u00e8b ofisy\u00e8l Vil Miami Beach la. Rete enf\u00f2me, jwenn enf\u00f2masyon enp\u00f2tan sou s\u00e8vis vil la, nouv\u00e8l, al\u00e8t, ev\u00e8nman, wout tramway, travay gouv\u00e8nman an ak plis ank\u00f2.","publisher":{"@id":"https:\/\/www.miamibeachfl.gov\/#organization"},"potentialAction":[{"@type":"SearchAction","target":{"@type":"EntryPoint","urlTemplate":"https:\/\/www.miamibeachfl.gov\/?s={search_term_string}"},"query-input":{"@type":"PropertyValueSpecification","valueRequired":true,"valueName":"search_term_string"}}],"inLanguage":"ht"},{"@type":"Organization","@id":"https:\/\/www.miamibeachfl.gov\/#organization","name":"Vil Miami Beach","url":"https:\/\/www.miamibeachfl.gov\/","logo":{"@type":"ImageObject","inLanguage":"ht","@id":"https:\/\/www.miamibeachfl.gov\/#\/schema\/logo\/image\/","url":"https:\/\/www.miamibeachfl.gov\/wp-content\/uploads\/2022\/06\/miamibeach-logoblue.png","contentUrl":"https:\/\/www.miamibeachfl.gov\/wp-content\/uploads\/2022\/06\/miamibeach-logoblue.png","width":1962,"height":381,"caption":"City of Miami Beach"},"image":{"@id":"https:\/\/www.miamibeachfl.gov\/#\/schema\/logo\/image\/"},"sameAs":["https:\/\/www.facebook.com\/cityofmiamibeach","https:\/\/x.com\/Miamibeachnews","https:\/\/www.instagram.com\/miamibeachnews\/"],"description":"Sitw\u00e8b ofisy\u00e8l Vil Miami Beach la. Rete enf\u00f2me, jwenn enf\u00f2masyon enp\u00f2tan sou s\u00e8vis vil la, nouv\u00e8l, al\u00e8t, ev\u00e8nman, wout tramway, travay gouv\u00e8nman an ak plis ank\u00f2.","telephone":"305.604.CITY(2489)","legalName":"City of Miami Beach"}]}},"_links":{"self":[{"href":"https:\/\/www.miamibeachfl.gov\/ht\/wp-json\/wp\/v2\/pages\/233181","targetHints":{"allow":["GET"]}}],"collection":[{"href":"https:\/\/www.miamibeachfl.gov\/ht\/wp-json\/wp\/v2\/pages"}],"about":[{"href":"https:\/\/www.miamibeachfl.gov\/ht\/wp-json\/wp\/v2\/types\/page"}],"author":[{"embeddable":true,"href":"https:\/\/www.miamibeachfl.gov\/ht\/wp-json\/wp\/v2\/users\/222"}],"replies":[{"embeddable":true,"href":"https:\/\/www.miamibeachfl.gov\/ht\/wp-json\/wp\/v2\/comments?post=233181"}],"version-history":[{"count":11,"href":"https:\/\/www.miamibeachfl.gov\/ht\/wp-json\/wp\/v2\/pages\/233181\/revisions"}],"predecessor-version":[{"id":396320,"href":"https:\/\/www.miamibeachfl.gov\/ht\/wp-json\/wp\/v2\/pages\/233181\/revisions\/396320"}],"up":[{"embeddable":true,"href":"https:\/\/www.miamibeachfl.gov\/ht\/wp-json\/wp\/v2\/pages\/29238"}],"wp:attachment":[{"href":"https:\/\/www.miamibeachfl.gov\/ht\/wp-json\/wp\/v2\/media?parent=233181"}],"wp:term":[{"taxonomy":"category","embeddable":true,"href":"https:\/\/www.miamibeachfl.gov\/ht\/wp-json\/wp\/v2\/categories?post=233181"},{"taxonomy":"post_tag","embeddable":true,"href":"https:\/\/www.miamibeachfl.gov\/ht\/wp-json\/wp\/v2\/tags?post=233181"}],"curies":[{"name":"wp","href":"https:\/\/api.w.org\/{rel}","templated":true}]}}