{"id":234222,"date":"2022-12-13T13:10:19","date_gmt":"2022-12-13T18:10:19","guid":{"rendered":"https:\/\/www.miamibeachfl.gov\/?page_id=234222"},"modified":"2025-06-03T14:25:07","modified_gmt":"2025-06-03T18:25:07","slug":"midbeach-neighborhood-associations-lists","status":"publish","type":"page","link":"https:\/\/www.miamibeachfl.gov\/ht\/residents\/neighborhood-associations\/neighborhood-associations\/midbeach-neighborhood-associations-lists\/","title":{"rendered":"Lis Asosyasyon Katye Mid Beach"},"content":{"rendered":"<h1>\n\t\t\tLis Asosyasyon Katye Mid Beach yo\t<\/h1>\n\t<ul>\n\t\t<li>\t\t\t\t\n\t\t<h3>Wout Alton<\/h3><p><strong>Z\u00f2n:<\/strong>\u00a020y\u00e8m Ri \u2013 63y\u00e8m Ri sou wout Alton<br \/><strong>Kontakte:<\/strong>\u00a0<a title=\"mailto:altonhomeowners@gmail.com\" href=\"mailto:altonhomeowners@gmail.com\">altonhomeowners@gmail.com<\/a> \u00a0&#8211; <a href=\"tel:3053350330\">305.335.0330<\/a><br \/><strong>Kondisyon pou vin manm:<\/strong>\u00a0Ap viv oswa posede yon kay nan limit yo epi peye $25\/ane oswa $40\/ab\u00f2nman 2 zan.<br \/><strong>Reyinyon:\u00a0<\/strong>De reyinyon piblik, reyinyon Kons\u00e8y Administrasyon chak de mwa.<\/p><\/li><li>\t\t\t\t\n\t\t<h3>Bayshore<\/h3><p><strong>Z\u00f2n:<\/strong>\u00a0Bayshore \u2013 40y\u00e8m Ri, Pine Tree Drive, Dade Boulevard, Alton Road<br \/><strong>Kontakte:<\/strong>\u00a0 <a title=\"mailto:bayshoreha@gmail.com\" href=\"mailto:bayshoreha@gmail.com\">bayshoreha@gmail.com<\/a><br \/><strong>Kondisyon pou vin manm:\u00a0<\/strong>Rezidan nan katye Bayshore la.<br \/><strong>Reyinyon:\u00a0<\/strong>Jan sa neses\u00e8, reyinyon jeneral yon fwa pa ane.<br \/><b>Sit w\u00e8b: <\/b><a title=\"https:\/\/www.bayshorehoa.com\/\" href=\"https:\/\/www.bayshorehoa.com\/\">https:\/\/www.bayshorehoa.com\/<\/a><\/p><\/li><li>\t\t\t\t\n\t\t<h3>Asosyasyon Rezidans Belle Isle<\/h3><p><strong>Z\u00f2n: <\/strong>Belle Isle, Miami Beach, FL 33139<br \/><strong>Kontakte:<\/strong> Shawn Patrick Bryant, Prezidan, <a title=\"mailto:belleisleresidents@gmail.com\" href=\"mailto:belleisleresidents@gmail.com\">belleisleresidents@gmail.com<\/a><br \/><strong>Kondisyon pou vin manm:\u00a0<\/strong>Rezidan Belle Isle<br \/><strong>Reyinyon:\u00a0<\/strong>Kons\u00e8y la reyini chak mwa. Yo konvoke Reyinyon Jeneral Manm yo jan sa neses\u00e8 omwen yon fwa pa ane.<br \/><b>Sit w\u00e8b:\u00a0<\/b><a title=\"http:\/\/www.belleisleresidents.org\/\" href=\"http:\/\/www.belleisleresidents.org\/\">belleisleresidents.org<\/a><\/p><\/li><li>\t\t\t\t\n\t\t<h3>Pak Collins<\/h3><p><strong>Z\u00f2n:<\/strong>\u00a0N\u00f2 17y\u00e8m Ri, L\u00e8s Washington\/Dade\/Pinetree ak Sid 25y\u00e8m Ri<br \/><strong>Kontakte:<\/strong> 305.772.5665 &#8211; <a title=\"mailto:Bresaro@aol.com\" href=\"mailto:Bresaro@aol.com\">Bresaro@aol.com<\/a><br \/><strong>Kondisyon pou vin manm:<\/strong>\u00a0Louvri pou tout moun ki rete, ki posede pwopriyete oswa ki opere biznis nan limit yo.<br \/><strong>Reyinyon:<\/strong>\u00a0Reyinyon yo f\u00e8t twazy\u00e8m madi chak mwa. Kote reyinyon an varye epi yo pibliye l 2 sem\u00e8n anvan. Pa gen reyinyon pwograme nan mwa Out oswa Desanm. Tout reyinyon yo ap f\u00e8t a 7\u00e8 diswa egzakteman, epi yon ti aktivite sosyal ak bwason ap k\u00f2manse a 6\u00e830 diswa.<\/p><\/li><li>\t\t\t\t\n\t\t<h3>La Gorce\/Pinetree<\/h3><p><strong>Z\u00f2n:<\/strong>\u00a0Lagorce oubyen Pine Tree Drive ant 51\u00e8m Ri nan sid ak 63\u00e8m Ri (Alton Road) nan n\u00f2. Plis 63\u00e8m Ri ant Lagorce Drive ak Alton Road.<br \/><strong>Kontakte:<\/strong> <a title=\"mailto:GlendonHall@gmail.com\" href=\"mailto:GlendonHall@gmail.com\">GlendonHall@gmail.com<\/a>\u00a0<br \/><strong>Kondisyon pou vin manm:<\/strong>Pwopriyet\u00e8 byen imobilye jan sa defini nan seksyon ki anwo a. Volont\u00e8 - laj 18 an oswa plis.<br \/><strong>Reyinyon:\u00a0<\/strong>Dine Any\u00e8l pou Manm yo, katriy\u00e8m lendi chak mwa me. Kons\u00e8y la reyini twazy\u00e8m lendi a 7:00 pm chak mwa eksepte mwa Out la.<\/p><\/li><li>\t\t\t\t\n\t\t<h3>Lakeview<\/h3><p><strong>Z\u00f2n:<\/strong>\u00a0Sid rive N\u00f2, Lakeview Drive rive 51 Terrace, Lw\u00e8s rive L\u00e8s, Alton Road rive Pinetree Drive<br \/><strong>Kontakte:<\/strong>\u00a0Adrian Gonzalez \u2013 <a title=\"mailto:adrian@davidscafe.com\" href=\"mailto:adrian@davidscafe.com\">adrian@davidscafe.com<\/a><br \/><strong>Kondisyon pou vin manm:<\/strong>\u00a0Volont\u00e8<br \/><strong>Reyinyon:<\/strong>\u00a0Jan sa neses\u00e8.<\/p><\/li>\t<\/ul>\n\t<ul>\n\t\t<li>\t\t\t\t\n\t\t<h3>Asosyasyon Katye Mid Beach (MBNA)<\/h3><p><strong>Z\u00f2n:\u00a0<\/strong>Reprezante pwopriyete kondominy\u00f2m ak ot\u00e8l sou Indian Creek Drive ak Collins Avenue ant lari 24 ak 63.<br \/><strong>Kontakte:<\/strong> 440.59.6165.\u00a0&#8211; <a title=\"mailto:MBNA@midbeachna.com\" href=\"mailto:MBNA@midbeachna.com\">MBNA@midbeachna.com<\/a><br \/><strong>Kondisyon pou vin manm:<\/strong>\u00a0Asosyasyon Kondominy\u00f2m: $50 \/ Ot\u00e8l: $250 Pa ane; Ch\u00e8k f\u00e8t pou Asosyasyon Katye Mid Beach. Pou plis enf\u00f2masyon tanpri\u00a0<a title=\"https:\/\/mbna.wufoo.com\/forms\/m94het4195ud0t\/\" href=\"https:\/\/mbna.wufoo.com\/forms\/m94het4195ud0t\/\">klike la a.<\/a><br \/><strong>Reyinyon:\u00a0<\/strong>Tanpri\u00a0<a title=\"http:\/\/www.midbeach.net\/\" href=\"http:\/\/www.midbeach.net\/\">klike la a<\/a>\u00a0pou vizite sitw\u00e8b MBNA a pou jwenn enf\u00f2masyon sou reyinyon yo.<br \/><strong>Kote Reyinyon an:<\/strong>\u00a0Kondominy\u00f2m Blue Diamond, Chanm Sapphire, 4779 Collins Avenue. Gen s\u00e8vis vale gratis pou patisipan yo.<br \/><strong>Sit w\u00e8b<\/strong><strong>: <\/strong><a title=\"http:\/\/www.midbeach.net\/\" href=\"http:\/\/www.midbeach.net\/\">http:\/\/www.midbeach.net\/<\/a><\/p><\/li><li>\t\t\t\t\n\t\t<h3>Z\u00f2n Nautilus<\/h3><p><strong>Z\u00f2n:<\/strong>\u00a042y\u00e8m Ri (Sid), Lw\u00e8s 48y\u00e8m Ri (N\u00f2), Biscayne Waterway (L\u00e8s), Nautilus Drive (Lw\u00e8s)<br \/><strong>Kontakte: <\/strong><a title=\"mailto:michael@nahamiamibeach.org\" href=\"mailto:michael@nahamiamibeach.org\">michael@nahamiamibeach.org<\/a><br \/><strong>Kondisyon pou vin manm:<\/strong>\u00a0Louvri pou tout rezidan ki gen plis pase 18 an ki gen byen imobilye nan limit rezidansy\u00e8l nou yo; fr\u00e8 manm any\u00e8l $35.00.<br \/><strong>Reyinyon:<\/strong>\u00a0Reyinyon Any\u00e8l Manm yo te f\u00e8t nan mwa fevriye a.<\/p><\/li><li>\t\t\t\t\n\t\t<h3>North Bay Road \u2013 Anba<\/h3><strong>Z\u00f2n:<\/strong>\u00a02000 North Bay Road rive nan bl\u00f2k 3200 nan North Bay<br \/>\n<strong>Kontakte:<\/strong>\u00a0 <a href=\"tel:3057665216\">305.766.5216<\/a> &#8211; <a title=\"mailto:mhammon@ramrealestate.com\" href=\"mailto:mhammon@ramrealestate.com\">mhammon@ramrealestate.com<\/a><br \/>\n<strong>Kondisyon pou vin manm:<\/strong>\u00a0Ap viv nan z\u00f2n jewografik la; manm volont\u00e8<br \/>\n<strong>Reyinyon:<\/strong>\u00a0Reyinyon iregilye, lis im\u00e8l aktif, f\u00e8t bl\u00f2k any\u00e8l.\n<\/li><li>\t\t\t\t\n\t\t<h3>North Bay Road \u2013 Mwayen<\/h3><p><strong>Z\u00f2n:<\/strong>\u00a04100 bl\u00f2k North Bay Road nan sid la \u2013 rive nan bl\u00f2k 4800 North Bay Road nan n\u00f2 a<br \/><strong>Kontakte:<\/strong> <a title=\"mailto:artie523@aol.com\" href=\"mailto:artie523@aol.com\">artie523@aol.com<\/a><br \/><strong>Kondisyon pou vin manm:<\/strong>\u00a0Pwopriyet\u00e8 kay ki nan limit yo<br \/><strong>Reyinyon:<\/strong>\u00a0Varye men yon reyinyon jeneral pa ane se tipik.<\/p><\/li><li>\t\t\t\t\n\t\t<h3>North Bay Road \u2013 Anwo<\/h3><p><strong>Z\u00f2n:<\/strong>\u00a0Wout North Bay soti nan 50 pou rive nan zile La Gorce<br \/><strong>Kontakte:<\/strong> <a href=\"tel:3056741313\">305.674.1313<\/a> &#8211; <a title=\"mailto:jfrankel@the-beach.net\" href=\"mailto:jfrankel@the-beach.net\">jfrankel@beach-the-beach.net<\/a><br \/><strong>Kondisyon pou vin manm:<\/strong>\u00a0Pwopriyet\u00e8 kay<br \/><strong>Reyinyon:<\/strong>\u00a0Reyinyon iregilye.<\/p><\/li><li>\t\t\t\t\n\t\t<h3>Asosyasyon Katye Sunset Harbour<\/h3><p><strong>Z\u00f2n:\u00a0<\/strong>Katye Sunset Harbour la pwolonje soti nan Alton Road nan l\u00e8s rive nan Biscayne Bay nan lw\u00e8s, epi soti nan Dade Boulevard nan sid rive nan Sunset Lake nan n\u00f2, Sunset Lake se p\u00f2syon dlo intra-koty\u00e8 a ki imedyatman nan n\u00f2 pwopriyete yo sou b\u00f2 n\u00f2 20y\u00e8m Ri a.<br \/><strong>Kontak:<br \/><\/strong>Sara de los Reyes \u2013 <a href=\"tel:3055388825\">305.538.8825<\/a> &#8211; <a title=\"mailto:SHNA911@outlook.com\" href=\"mailto:SHNA911@outlook.com\">SHNA911@outlook.com<\/a><br \/>Marilyn Freundlich \u2013 <a href=\"tel:7864532131\">786.453.2131<\/a> &#8211; <a title=\"mailto:mefreundlich@gmail.com\" href=\"mailto:mefreundlich@gmail.com\">mefreundlich@gmail.com<\/a><br \/><strong>Kondisyon pou vin manm:<\/strong> Ouv\u00e8 pou rezidan ak pwopriyet\u00e8 biznis nan z\u00f2n nan ki gen plis pase 18 an. Nou gen yon r\u00e8g fiks ki di nou gen 2 manm nan chak asosyasyon ki patisipe k\u00f2m yon pati nan kons\u00e8y administrasyon an pou toujou gen patisipasyon pou chak asosyasyon.<br \/><strong>Reyinyon:<\/strong>\u00a0De fwa pa ane epi selon bezwen katye a.<\/p><\/li><li>\t\t\t\t\n\t\t<h3>Zile Kouche Sol\u00e8y I ak II<\/h3><p><strong>Z\u00f2n:<\/strong>\u00a0Zile Kouche Sol\u00e8y I ak II<br \/><strong>Kondisyon pou vin manm:<\/strong>\u00a0Pwopriyet\u00e8 pwopriyete sou Sunset Islands I oswa II<br \/><strong>Reyinyon:<\/strong>\u00a0Reyinyon any\u00e8l manm yo f\u00e8t nan mwa mas oswa avril chak ane, jan Kons\u00e8y Administrasyon an deside.<\/p><\/li>\t<\/ul>\n\t\t<h3><a href=\"https:\/\/www.miamibeachfl.gov\/ht\/city-hall\/cip\/active-projects-2\/\"  target=\"_self\">Gade lis konpl\u00e8 pwoj\u00e8 ki nan z\u00f2n ou an\t\n\t<\/a><\/h3><p>Amelyorasyon sa yo gen ladan yo mod\u00e8nize lari nou yo ak div\u00e8s s\u00e8vis piblik epi f\u00e8 yo konf\u00f2m ak k\u00f2d akty\u00e8l yo, ansanm ak f\u00e8 katye a an jeneral b\u00e8l pou w\u00e8.<\/p>\n<a href=\"https:\/\/www.miamibeachfl.gov\/ht\/city-hall\/cip\/active-projects-2\/\"  target=\"_self\"><\/a>","protected":false},"excerpt":{"rendered":"<p>Lis Asosyasyon Katye Mid Beach Z\u00f2n Alton Road: 20y\u00e8m Ri \u2013 63y\u00e8m Ri sou Alton Road Kontakte: altonhomeowners@gmail.com \u2013 305.335.0330 Kondisyon pou vin manm: Ap viv oswa posede [\u2026]<\/p>","protected":false},"author":222,"featured_media":0,"parent":234202,"menu_order":0,"comment_status":"closed","ping_status":"closed","template":"","meta":{"_searchwp_excluded":"","site-sidebar-layout":"default","site-content-layout":"","ast-site-content-layout":"default","site-content-style":"default","site-sidebar-style":"default","ast-global-header-display":"","ast-banner-title-visibility":"","ast-main-header-display":"","ast-hfb-above-header-display":"","ast-hfb-below-header-display":"","ast-hfb-mobile-header-display":"","site-post-title":"","ast-breadcrumbs-content":"","ast-featured-img":"","footer-sml-layout":"","theme-transparent-header-meta":"","adv-header-id-meta":"","stick-header-meta":"","header-above-stick-meta":"","header-main-stick-meta":"","header-below-stick-meta":"","astra-migrate-meta-layouts":"default","ast-page-background-enabled":"default","ast-page-background-meta":{"desktop":{"background-color":"var(--ast-global-color-5)","background-image":"","background-repeat":"repeat","background-position":"center center","background-size":"auto","background-attachment":"scroll","background-type":"","background-media":"","overlay-type":"","overlay-color":"","overlay-opacity":"","overlay-gradient":""},"tablet":{"background-color":"","background-image":"","background-repeat":"repeat","background-position":"center center","background-size":"auto","background-attachment":"scroll","background-type":"","background-media":"","overlay-type":"","overlay-color":"","overlay-opacity":"","overlay-gradient":""},"mobile":{"background-color":"","background-image":"","background-repeat":"repeat","background-position":"center center","background-size":"auto","background-attachment":"scroll","background-type":"","background-media":"","overlay-type":"","overlay-color":"","overlay-opacity":"","overlay-gradient":""}},"ast-content-background-meta":{"desktop":{"background-color":"var(--ast-global-color-4)","background-image":"","background-repeat":"repeat","background-position":"center center","background-size":"auto","background-attachment":"scroll","background-type":"","background-media":"","overlay-type":"","overlay-color":"","overlay-opacity":"","overlay-gradient":""},"tablet":{"background-color":"var(--ast-global-color-4)","background-image":"","background-repeat":"repeat","background-position":"center center","background-size":"auto","background-attachment":"scroll","background-type":"","background-media":"","overlay-type":"","overlay-color":"","overlay-opacity":"","overlay-gradient":""},"mobile":{"background-color":"var(--ast-global-color-4)","background-image":"","background-repeat":"repeat","background-position":"center center","background-size":"auto","background-attachment":"scroll","background-type":"","background-media":"","overlay-type":"","overlay-color":"","overlay-opacity":"","overlay-gradient":""}},"footnotes":""},"categories":[],"tags":[],"class_list":["post-234222","page","type-page","status-publish","hentry"],"yoast_head":"<!-- This site is optimized with the Yoast SEO Premium plugin v26.6 (Yoast SEO v26.6) - https:\/\/yoast.com\/wordpress\/plugins\/seo\/ -->\n<title>Mid Beach Neighborhood Association List - City of Miami Beach<\/title>\n<meta name=\"description\" content=\"%\" \/>\n<meta name=\"robots\" content=\"index, follow, max-snippet:-1, max-image-preview:large, max-video-preview:-1\" \/>\n<link rel=\"canonical\" href=\"https:\/\/www.miamibeachfl.gov\/ht\/residents\/neighborhood-associations\/neighborhood-associations\/midbeach-neighborhood-associations-lists\/\" \/>\n<meta property=\"og:locale\" content=\"ht_HT\" \/>\n<meta property=\"og:type\" content=\"article\" \/>\n<meta property=\"og:title\" content=\"Mid Beach Neighborhood Association List\" \/>\n<meta property=\"og:description\" content=\"%\" \/>\n<meta property=\"og:url\" content=\"https:\/\/www.miamibeachfl.gov\/ht\/residents\/neighborhood-associations\/neighborhood-associations\/midbeach-neighborhood-associations-lists\/\" \/>\n<meta property=\"og:site_name\" content=\"City of Miami Beach\" \/>\n<meta property=\"article:publisher\" content=\"https:\/\/www.facebook.com\/cityofmiamibeach\" \/>\n<meta property=\"article:modified_time\" content=\"2025-06-03T18:25:07+00:00\" \/>\n<meta property=\"og:image\" content=\"https:\/\/www.miamibeachfl.gov\/wp-content\/uploads\/2024\/01\/1000pxSquare-miamibeach-aerial-southpointview.jpeg\" \/>\n\t<meta property=\"og:image:width\" content=\"1000\" \/>\n\t<meta property=\"og:image:height\" content=\"1000\" \/>\n\t<meta property=\"og:image:type\" content=\"image\/jpeg\" \/>\n<meta name=\"twitter:card\" content=\"summary_large_image\" \/>\n<meta name=\"twitter:site\" content=\"@Miamibeachnews\" \/>\n<script type=\"application\/ld+json\" class=\"yoast-schema-graph\">{\"@context\":\"https:\/\/schema.org\",\"@graph\":[{\"@type\":\"WebPage\",\"@id\":\"https:\/\/www.miamibeachfl.gov\/residents\/neighborhood-associations\/neighborhood-associations\/midbeach-neighborhood-associations-lists\/\",\"url\":\"https:\/\/www.miamibeachfl.gov\/residents\/neighborhood-associations\/neighborhood-associations\/midbeach-neighborhood-associations-lists\/\",\"name\":\"Mid Beach Neighborhood Association List - City of Miami Beach\",\"isPartOf\":{\"@id\":\"https:\/\/www.miamibeachfl.gov\/#website\"},\"datePublished\":\"2022-12-13T18:10:19+00:00\",\"dateModified\":\"2025-06-03T18:25:07+00:00\",\"description\":\"%\",\"breadcrumb\":{\"@id\":\"https:\/\/www.miamibeachfl.gov\/residents\/neighborhood-associations\/neighborhood-associations\/midbeach-neighborhood-associations-lists\/#breadcrumb\"},\"inLanguage\":\"ht\",\"potentialAction\":[{\"@type\":\"ReadAction\",\"target\":[\"https:\/\/www.miamibeachfl.gov\/residents\/neighborhood-associations\/neighborhood-associations\/midbeach-neighborhood-associations-lists\/\"]}]},{\"@type\":\"BreadcrumbList\",\"@id\":\"https:\/\/www.miamibeachfl.gov\/residents\/neighborhood-associations\/neighborhood-associations\/midbeach-neighborhood-associations-lists\/#breadcrumb\",\"itemListElement\":[{\"@type\":\"ListItem\",\"position\":1,\"name\":\"Home\",\"item\":\"https:\/\/www.miamibeachfl.gov\/\"},{\"@type\":\"ListItem\",\"position\":2,\"name\":\"Residents\",\"item\":\"https:\/\/www.miamibeachfl.gov\/residents\/\"},{\"@type\":\"ListItem\",\"position\":3,\"name\":\"Neighborhood &#038; Condominium Associations\",\"item\":\"https:\/\/www.miamibeachfl.gov\/residents\/neighborhood-associations\/\"},{\"@type\":\"ListItem\",\"position\":4,\"name\":\"Neighborhood Associations List\",\"item\":\"https:\/\/www.miamibeachfl.gov\/residents\/neighborhood-associations\/neighborhood-associations\/\"},{\"@type\":\"ListItem\",\"position\":5,\"name\":\"Mid Beach Neighborhood Association List\"}]},{\"@type\":\"WebSite\",\"@id\":\"https:\/\/www.miamibeachfl.gov\/#website\",\"url\":\"https:\/\/www.miamibeachfl.gov\/\",\"name\":\"City of Miami Beach\",\"description\":\"The official website of the City of Miami Beach. Stay informed, find important information on city services, news, alerts, events, trolley routes, government employment and more.\",\"publisher\":{\"@id\":\"https:\/\/www.miamibeachfl.gov\/#organization\"},\"potentialAction\":[{\"@type\":\"SearchAction\",\"target\":{\"@type\":\"EntryPoint\",\"urlTemplate\":\"https:\/\/www.miamibeachfl.gov\/?s={search_term_string}\"},\"query-input\":{\"@type\":\"PropertyValueSpecification\",\"valueRequired\":true,\"valueName\":\"search_term_string\"}}],\"inLanguage\":\"ht\"},{\"@type\":\"Organization\",\"@id\":\"https:\/\/www.miamibeachfl.gov\/#organization\",\"name\":\"City of Miami Beach\",\"url\":\"https:\/\/www.miamibeachfl.gov\/\",\"logo\":{\"@type\":\"ImageObject\",\"inLanguage\":\"ht\",\"@id\":\"https:\/\/www.miamibeachfl.gov\/#\/schema\/logo\/image\/\",\"url\":\"https:\/\/www.miamibeachfl.gov\/wp-content\/uploads\/2022\/06\/miamibeach-logoblue.png\",\"contentUrl\":\"https:\/\/www.miamibeachfl.gov\/wp-content\/uploads\/2022\/06\/miamibeach-logoblue.png\",\"width\":1962,\"height\":381,\"caption\":\"City of Miami Beach\"},\"image\":{\"@id\":\"https:\/\/www.miamibeachfl.gov\/#\/schema\/logo\/image\/\"},\"sameAs\":[\"https:\/\/www.facebook.com\/cityofmiamibeach\",\"https:\/\/x.com\/Miamibeachnews\",\"https:\/\/www.instagram.com\/miamibeachnews\/\"],\"description\":\"The official website of the City of Miami Beach. Stay informed, find important information on city services, news, alerts, events, trolley routes, government employment and more.\",\"telephone\":\"305.604.CITY(2489)\",\"legalName\":\"City of Miami Beach\"}]}<\/script>\n<!-- \/ Yoast SEO Premium plugin. -->","yoast_head_json":{"title":"Lis Asosyasyon Katye Mid Beach - Vil Miami Beach","description":"%","robots":{"index":"index","follow":"follow","max-snippet":"max-snippet:-1","max-image-preview":"max-image-preview:large","max-video-preview":"max-video-preview:-1"},"canonical":"https:\/\/www.miamibeachfl.gov\/ht\/residents\/neighborhood-associations\/neighborhood-associations\/midbeach-neighborhood-associations-lists\/","og_locale":"ht_HT","og_type":"article","og_title":"Mid Beach Neighborhood Association List","og_description":"%","og_url":"https:\/\/www.miamibeachfl.gov\/ht\/residents\/neighborhood-associations\/neighborhood-associations\/midbeach-neighborhood-associations-lists\/","og_site_name":"City of Miami Beach","article_publisher":"https:\/\/www.facebook.com\/cityofmiamibeach","article_modified_time":"2025-06-03T18:25:07+00:00","og_image":[{"width":1000,"height":1000,"url":"https:\/\/www.miamibeachfl.gov\/wp-content\/uploads\/2024\/01\/1000pxSquare-miamibeach-aerial-southpointview.jpeg","type":"image\/jpeg"}],"twitter_card":"summary_large_image","twitter_site":"@Miamibeachnews","schema":{"@context":"https:\/\/schema.org","@graph":[{"@type":"WebPage","@id":"https:\/\/www.miamibeachfl.gov\/residents\/neighborhood-associations\/neighborhood-associations\/midbeach-neighborhood-associations-lists\/","url":"https:\/\/www.miamibeachfl.gov\/residents\/neighborhood-associations\/neighborhood-associations\/midbeach-neighborhood-associations-lists\/","name":"Lis Asosyasyon Katye Mid Beach - Vil Miami Beach","isPartOf":{"@id":"https:\/\/www.miamibeachfl.gov\/#website"},"datePublished":"2022-12-13T18:10:19+00:00","dateModified":"2025-06-03T18:25:07+00:00","description":"%","breadcrumb":{"@id":"https:\/\/www.miamibeachfl.gov\/residents\/neighborhood-associations\/neighborhood-associations\/midbeach-neighborhood-associations-lists\/#breadcrumb"},"inLanguage":"ht","potentialAction":[{"@type":"ReadAction","target":["https:\/\/www.miamibeachfl.gov\/residents\/neighborhood-associations\/neighborhood-associations\/midbeach-neighborhood-associations-lists\/"]}]},{"@type":"BreadcrumbList","@id":"https:\/\/www.miamibeachfl.gov\/residents\/neighborhood-associations\/neighborhood-associations\/midbeach-neighborhood-associations-lists\/#breadcrumb","itemListElement":[{"@type":"ListItem","position":1,"name":"Home","item":"https:\/\/www.miamibeachfl.gov\/"},{"@type":"ListItem","position":2,"name":"Residents","item":"https:\/\/www.miamibeachfl.gov\/residents\/"},{"@type":"ListItem","position":3,"name":"Neighborhood &#038; Condominium Associations","item":"https:\/\/www.miamibeachfl.gov\/residents\/neighborhood-associations\/"},{"@type":"ListItem","position":4,"name":"Neighborhood Associations List","item":"https:\/\/www.miamibeachfl.gov\/residents\/neighborhood-associations\/neighborhood-associations\/"},{"@type":"ListItem","position":5,"name":"Mid Beach Neighborhood Association List"}]},{"@type":"WebSite","@id":"https:\/\/www.miamibeachfl.gov\/#website","url":"https:\/\/www.miamibeachfl.gov\/","name":"Vil Miami Beach","description":"Sitw\u00e8b ofisy\u00e8l Vil Miami Beach la. Rete enf\u00f2me, jwenn enf\u00f2masyon enp\u00f2tan sou s\u00e8vis vil la, nouv\u00e8l, al\u00e8t, ev\u00e8nman, wout tramway, travay gouv\u00e8nman an ak plis ank\u00f2.","publisher":{"@id":"https:\/\/www.miamibeachfl.gov\/#organization"},"potentialAction":[{"@type":"SearchAction","target":{"@type":"EntryPoint","urlTemplate":"https:\/\/www.miamibeachfl.gov\/?s={search_term_string}"},"query-input":{"@type":"PropertyValueSpecification","valueRequired":true,"valueName":"search_term_string"}}],"inLanguage":"ht"},{"@type":"Organization","@id":"https:\/\/www.miamibeachfl.gov\/#organization","name":"Vil Miami Beach","url":"https:\/\/www.miamibeachfl.gov\/","logo":{"@type":"ImageObject","inLanguage":"ht","@id":"https:\/\/www.miamibeachfl.gov\/#\/schema\/logo\/image\/","url":"https:\/\/www.miamibeachfl.gov\/wp-content\/uploads\/2022\/06\/miamibeach-logoblue.png","contentUrl":"https:\/\/www.miamibeachfl.gov\/wp-content\/uploads\/2022\/06\/miamibeach-logoblue.png","width":1962,"height":381,"caption":"City of Miami Beach"},"image":{"@id":"https:\/\/www.miamibeachfl.gov\/#\/schema\/logo\/image\/"},"sameAs":["https:\/\/www.facebook.com\/cityofmiamibeach","https:\/\/x.com\/Miamibeachnews","https:\/\/www.instagram.com\/miamibeachnews\/"],"description":"Sitw\u00e8b ofisy\u00e8l Vil Miami Beach la. Rete enf\u00f2me, jwenn enf\u00f2masyon enp\u00f2tan sou s\u00e8vis vil la, nouv\u00e8l, al\u00e8t, ev\u00e8nman, wout tramway, travay gouv\u00e8nman an ak plis ank\u00f2.","telephone":"305.604.CITY(2489)","legalName":"City of Miami Beach"}]}},"_links":{"self":[{"href":"https:\/\/www.miamibeachfl.gov\/ht\/wp-json\/wp\/v2\/pages\/234222","targetHints":{"allow":["GET"]}}],"collection":[{"href":"https:\/\/www.miamibeachfl.gov\/ht\/wp-json\/wp\/v2\/pages"}],"about":[{"href":"https:\/\/www.miamibeachfl.gov\/ht\/wp-json\/wp\/v2\/types\/page"}],"author":[{"embeddable":true,"href":"https:\/\/www.miamibeachfl.gov\/ht\/wp-json\/wp\/v2\/users\/222"}],"replies":[{"embeddable":true,"href":"https:\/\/www.miamibeachfl.gov\/ht\/wp-json\/wp\/v2\/comments?post=234222"}],"version-history":[{"count":0,"href":"https:\/\/www.miamibeachfl.gov\/ht\/wp-json\/wp\/v2\/pages\/234222\/revisions"}],"up":[{"embeddable":true,"href":"https:\/\/www.miamibeachfl.gov\/ht\/wp-json\/wp\/v2\/pages\/234202"}],"wp:attachment":[{"href":"https:\/\/www.miamibeachfl.gov\/ht\/wp-json\/wp\/v2\/media?parent=234222"}],"wp:term":[{"taxonomy":"category","embeddable":true,"href":"https:\/\/www.miamibeachfl.gov\/ht\/wp-json\/wp\/v2\/categories?post=234222"},{"taxonomy":"post_tag","embeddable":true,"href":"https:\/\/www.miamibeachfl.gov\/ht\/wp-json\/wp\/v2\/tags?post=234222"}],"curies":[{"name":"wp","href":"https:\/\/api.w.org\/{rel}","templated":true}]}}