{"id":238590,"date":"2023-01-03T15:40:28","date_gmt":"2023-01-03T20:40:28","guid":{"rendered":"https:\/\/www.miamibeachfl.gov\/?page_id=238590"},"modified":"2024-11-18T13:02:24","modified_gmt":"2024-11-18T18:02:24","slug":"january-2023-business-spotlight-celmas-dry-cleaners","status":"publish","type":"page","link":"https:\/\/www.miamibeachfl.gov\/ht\/spotlight\/january-2023-business-spotlight-celmas-dry-cleaners\/","title":{"rendered":"Janvye 2023 Anons Spesyal sou Biznis la \u2013 Netwayaj Sek Celmas"},"content":{"rendered":"<p><b>NETWAYAJ A SEC CELMAS \u2013 Yon Biznis ki Plen Briyans<\/b><\/p>\r\n<p>Simona Quispe, pwopriyet\u00e8 Celmas Dry Cleaners, ap travay nan Miami Beach depi ane 80 yo. Simona, yon natif natal Bolivi, te demenaje nan Sid Florid epi li te jwenn premye travay li nan yon netwayaj \u00e0 sec ki sitiye nan Collins Avenue ak 27.<sup>y\u00e8m<\/sup> Ri. Av\u00e8k ti kras oswa pa gen eksperyans nan endistri netwayaj \u00e0 sec, Simona te jwenn pasyon li epi li te travay pou devlope konpetans operasyon\u00e8l ak jesyon li nan travay la. Apre k\u00e8k ane, patwon Simona a te pwoche b\u00f2 kote l av\u00e8k nouv\u00e8l ke li t apral demenaje aletranje epi li te ofri l yon op\u00f2tinite pou l pran kontw\u00f2l netwayaj \u00e0 sec la. Imigran ki te dekri t\u00e8t li k\u00f2m yon moun ki pran risk epi ki fy\u00e8 e det\u00e8mine, te sezi sou pwopozisyon an, li te prete lajan pou achte biznis la epi li pa t vire gade d\u00e8y\u00e8.<\/p>\r\n<p>Celmas Dry Cleaners, ki sitiye kounye a sou 4111 Sheridan Avenue, gen plis pase 25 an depi l ap s\u00e8vi kominote a. Li ofri plizy\u00e8 s\u00e8vis tankou, men pa limite a, netwayaj \u00e0 sec pwofesyon\u00e8l ak lesiv, tay\u00e8 ak modifikasyon, ak reparasyon akseswa ak soulye. Av\u00e8k yon vizyon ak yon misyon inik ak kreyatif, Celmas f\u00e8 ef\u00f2 pou ekselans, s\u00e8vis kliyan kalite sipery\u00e8, ak bay kominote a val\u00e8.<\/p>\r\n<p>Celmas Dry Cleaner, tankou anpil l\u00f2t konpayi, pa t chape anba enpak negatif pandemi mondyal la. Erezman, Simona te jwenn soulajman atrav\u00e8 Pwogram Sibvansyon Ranbousman Ti Biznis Ijans pou Devlopman Kominot\u00e8 Vil Miami Beach la, yon inisyativ ki f\u00e8t pou ede biznis ki afekte pa pandemi an. Erezman, Celmas Dry Cleaners te rete ouv\u00e8 k\u00f2m yon biznis esansy\u00e8l byenke lavant yo te bese anpil. Sibvansyon an te p\u00e8m\u00e8t Simona kouvri yon p\u00f2syon nan lwaye li epi amelyore ekipman li pou li pi efikas.<\/p>\r\n<p>Anplis de sa, k\u00f2m yon patisipan nan pwogram Miami Beach la, Simona te resevwa asistans biznis nan men Prospera, yon \u00f2ganizasyon san bi likratif ki konsantre sou bay sip\u00f2 pou ranf\u00f2se kapasite biznis k ap ch\u00e8che siviv ak pwospere l\u00e8 yo aprann kijan pou yo konsantre epi priyorize objektif ak operasyon yo. Av\u00e8k asistans p\u00e8sonalize endividy\u00e8l nan men yon konsiltan biznis Prospera, Simona te dekouvri enp\u00f2tans pou l gen yon estrateji maketing dijital pou f\u00e8 pwomosyon biznis li sou ent\u00e8n\u00e8t epi atire nouvo kliyan tout pandan l ap angaje kliyan ki deja egziste yo. Simona te patisipe nan webin\u00e8 an pany\u00f2l yo, prezante pa Vil Miami Beach ak Prospera sou Kontinuite Biznis, pou ede devlope estrateji rezistans biznis ki pral p\u00e8m\u00e8t li pi byen prepare pou sipriz enprevi nan lavni.<\/p>\r\n<p>Prospera te travay av\u00e8k Simona pou navige epi idantifye s\u00e8vis tankou sesyon f\u00f2masyon edikatif, konsiltasyon avanse biznis, ak aks\u00e8 a kapital. Estrateji a ap ranf\u00f2se kapasite Celmas Dry Cleaners pou grandi, pwospere epi kontribye nan ekosist\u00e8m ti biznis Miami Beach la.<\/p>","protected":false},"excerpt":{"rendered":"<p>CELMAS DRY CLEANERS &#8211; A Business Full of Shine Simona Quispe, owner of Celmas Dry Cleaners, has been working in [&hellip;]<\/p>\n","protected":false},"author":222,"featured_media":0,"parent":253255,"menu_order":0,"comment_status":"closed","ping_status":"closed","template":"","meta":{"_searchwp_excluded":"","site-sidebar-layout":"default","site-content-layout":"","ast-site-content-layout":"default","site-content-style":"default","site-sidebar-style":"default","ast-global-header-display":"","ast-banner-title-visibility":"","ast-main-header-display":"","ast-hfb-above-header-display":"","ast-hfb-below-header-display":"","ast-hfb-mobile-header-display":"","site-post-title":"","ast-breadcrumbs-content":"","ast-featured-img":"","footer-sml-layout":"","theme-transparent-header-meta":"","adv-header-id-meta":"","stick-header-meta":"","header-above-stick-meta":"","header-main-stick-meta":"","header-below-stick-meta":"","astra-migrate-meta-layouts":"default","ast-page-background-enabled":"default","ast-page-background-meta":{"desktop":{"background-color":"var(--ast-global-color-5)","background-image":"","background-repeat":"repeat","background-position":"center center","background-size":"auto","background-attachment":"scroll","background-type":"","background-media":"","overlay-type":"","overlay-color":"","overlay-opacity":"","overlay-gradient":""},"tablet":{"background-color":"","background-image":"","background-repeat":"repeat","background-position":"center center","background-size":"auto","background-attachment":"scroll","background-type":"","background-media":"","overlay-type":"","overlay-color":"","overlay-opacity":"","overlay-gradient":""},"mobile":{"background-color":"","background-image":"","background-repeat":"repeat","background-position":"center center","background-size":"auto","background-attachment":"scroll","background-type":"","background-media":"","overlay-type":"","overlay-color":"","overlay-opacity":"","overlay-gradient":""}},"ast-content-background-meta":{"desktop":{"background-color":"var(--ast-global-color-4)","background-image":"","background-repeat":"repeat","background-position":"center center","background-size":"auto","background-attachment":"scroll","background-type":"","background-media":"","overlay-type":"","overlay-color":"","overlay-opacity":"","overlay-gradient":""},"tablet":{"background-color":"var(--ast-global-color-4)","background-image":"","background-repeat":"repeat","background-position":"center center","background-size":"auto","background-attachment":"scroll","background-type":"","background-media":"","overlay-type":"","overlay-color":"","overlay-opacity":"","overlay-gradient":""},"mobile":{"background-color":"var(--ast-global-color-4)","background-image":"","background-repeat":"repeat","background-position":"center center","background-size":"auto","background-attachment":"scroll","background-type":"","background-media":"","overlay-type":"","overlay-color":"","overlay-opacity":"","overlay-gradient":""}},"footnotes":""},"categories":[],"tags":[],"class_list":["post-238590","page","type-page","status-publish","hentry"],"yoast_head":"<!-- This site is optimized with the Yoast SEO Premium plugin v27.4 (Yoast SEO v27.4) - https:\/\/yoast.com\/product\/yoast-seo-premium-wordpress\/ -->\n<title>January 2023 Business Spotlight - Celmas Dry Cleaners - City of Miami Beach<\/title>\n<meta name=\"description\" content=\"%\" \/>\n<meta name=\"robots\" content=\"index, follow, max-snippet:-1, max-image-preview:large, max-video-preview:-1\" \/>\n<link rel=\"canonical\" href=\"https:\/\/www.miamibeachfl.gov\/ht\/spotlight\/january-2023-business-spotlight-celmas-dry-cleaners\/\" \/>\n<meta property=\"og:locale\" content=\"ht_HT\" \/>\n<meta property=\"og:type\" content=\"article\" \/>\n<meta property=\"og:title\" content=\"January 2023 Business Spotlight - Celmas Dry Cleaners\" \/>\n<meta property=\"og:description\" content=\"%\" \/>\n<meta property=\"og:url\" content=\"https:\/\/www.miamibeachfl.gov\/ht\/spotlight\/january-2023-business-spotlight-celmas-dry-cleaners\/\" \/>\n<meta property=\"og:site_name\" content=\"City of Miami Beach\" \/>\n<meta property=\"article:publisher\" content=\"https:\/\/www.facebook.com\/cityofmiamibeach\" \/>\n<meta property=\"article:modified_time\" content=\"2024-11-18T18:02:24+00:00\" \/>\n<meta property=\"og:image\" content=\"https:\/\/www.miamibeachfl.gov\/wp-content\/uploads\/2024\/01\/1000pxSquare-miamibeach-aerial-southpointview.jpeg\" \/>\n\t<meta property=\"og:image:width\" content=\"1000\" \/>\n\t<meta property=\"og:image:height\" content=\"1000\" \/>\n\t<meta property=\"og:image:type\" content=\"image\/jpeg\" \/>\n<meta name=\"twitter:card\" content=\"summary_large_image\" \/>\n<meta name=\"twitter:site\" content=\"@Miamibeachnews\" \/>\n<script type=\"application\/ld+json\" class=\"yoast-schema-graph\">{\"@context\":\"https:\\\/\\\/schema.org\",\"@graph\":[{\"@type\":\"WebPage\",\"@id\":\"https:\\\/\\\/www.miamibeachfl.gov\\\/spotlight\\\/january-2023-business-spotlight-celmas-dry-cleaners\\\/\",\"url\":\"https:\\\/\\\/www.miamibeachfl.gov\\\/spotlight\\\/january-2023-business-spotlight-celmas-dry-cleaners\\\/\",\"name\":\"January 2023 Business Spotlight - Celmas Dry Cleaners - City of Miami Beach\",\"isPartOf\":{\"@id\":\"https:\\\/\\\/www.miamibeachfl.gov\\\/#website\"},\"datePublished\":\"2023-01-03T20:40:28+00:00\",\"dateModified\":\"2024-11-18T18:02:24+00:00\",\"description\":\"%\",\"breadcrumb\":{\"@id\":\"https:\\\/\\\/www.miamibeachfl.gov\\\/spotlight\\\/january-2023-business-spotlight-celmas-dry-cleaners\\\/#breadcrumb\"},\"inLanguage\":\"ht\",\"potentialAction\":[{\"@type\":\"ReadAction\",\"target\":[\"https:\\\/\\\/www.miamibeachfl.gov\\\/spotlight\\\/january-2023-business-spotlight-celmas-dry-cleaners\\\/\"]}]},{\"@type\":\"BreadcrumbList\",\"@id\":\"https:\\\/\\\/www.miamibeachfl.gov\\\/spotlight\\\/january-2023-business-spotlight-celmas-dry-cleaners\\\/#breadcrumb\",\"itemListElement\":[{\"@type\":\"ListItem\",\"position\":1,\"name\":\"Home\",\"item\":\"https:\\\/\\\/www.miamibeachfl.gov\\\/\"},{\"@type\":\"ListItem\",\"position\":2,\"name\":\"Business Newsletters and Spotlights\",\"item\":\"https:\\\/\\\/www.miamibeachfl.gov\\\/spotlight\\\/\"},{\"@type\":\"ListItem\",\"position\":3,\"name\":\"January 2023 Business Spotlight &#8211; Celmas Dry Cleaners\"}]},{\"@type\":\"WebSite\",\"@id\":\"https:\\\/\\\/www.miamibeachfl.gov\\\/#website\",\"url\":\"https:\\\/\\\/www.miamibeachfl.gov\\\/\",\"name\":\"City of Miami Beach\",\"description\":\"The official website of the City of Miami Beach. Stay informed, find important information on city services, news, alerts, events, trolley routes, government employment and more.\",\"publisher\":{\"@id\":\"https:\\\/\\\/www.miamibeachfl.gov\\\/#organization\"},\"potentialAction\":[{\"@type\":\"SearchAction\",\"target\":{\"@type\":\"EntryPoint\",\"urlTemplate\":\"https:\\\/\\\/www.miamibeachfl.gov\\\/?s={search_term_string}\"},\"query-input\":{\"@type\":\"PropertyValueSpecification\",\"valueRequired\":true,\"valueName\":\"search_term_string\"}}],\"inLanguage\":\"ht\"},{\"@type\":\"Organization\",\"@id\":\"https:\\\/\\\/www.miamibeachfl.gov\\\/#organization\",\"name\":\"City of Miami Beach\",\"url\":\"https:\\\/\\\/www.miamibeachfl.gov\\\/\",\"logo\":{\"@type\":\"ImageObject\",\"inLanguage\":\"ht\",\"@id\":\"https:\\\/\\\/www.miamibeachfl.gov\\\/#\\\/schema\\\/logo\\\/image\\\/\",\"url\":\"https:\\\/\\\/www.miamibeachfl.gov\\\/wp-content\\\/uploads\\\/2022\\\/06\\\/miamibeach-logoblue.png\",\"contentUrl\":\"https:\\\/\\\/www.miamibeachfl.gov\\\/wp-content\\\/uploads\\\/2022\\\/06\\\/miamibeach-logoblue.png\",\"width\":1962,\"height\":381,\"caption\":\"City of Miami Beach\"},\"image\":{\"@id\":\"https:\\\/\\\/www.miamibeachfl.gov\\\/#\\\/schema\\\/logo\\\/image\\\/\"},\"sameAs\":[\"https:\\\/\\\/www.facebook.com\\\/cityofmiamibeach\",\"https:\\\/\\\/x.com\\\/Miamibeachnews\",\"https:\\\/\\\/www.instagram.com\\\/miamibeachnews\\\/\"],\"description\":\"The official website of the City of Miami Beach. Stay informed, find important information on city services, news, alerts, events, trolley routes, government employment and more.\",\"telephone\":\"305.604.CITY(2489)\",\"legalName\":\"City of Miami Beach\"}]}<\/script>\n<!-- \/ Yoast SEO Premium plugin. -->","yoast_head_json":{"title":"Janvye 2023 Anons Spesyal Biznis - Celmas Dry Cleaners - Vil Miami Beach","description":"%","robots":{"index":"index","follow":"follow","max-snippet":"max-snippet:-1","max-image-preview":"max-image-preview:large","max-video-preview":"max-video-preview:-1"},"canonical":"https:\/\/www.miamibeachfl.gov\/ht\/spotlight\/january-2023-business-spotlight-celmas-dry-cleaners\/","og_locale":"ht_HT","og_type":"article","og_title":"January 2023 Business Spotlight - Celmas Dry Cleaners","og_description":"%","og_url":"https:\/\/www.miamibeachfl.gov\/ht\/spotlight\/january-2023-business-spotlight-celmas-dry-cleaners\/","og_site_name":"City of Miami Beach","article_publisher":"https:\/\/www.facebook.com\/cityofmiamibeach","article_modified_time":"2024-11-18T18:02:24+00:00","og_image":[{"width":1000,"height":1000,"url":"https:\/\/www.miamibeachfl.gov\/wp-content\/uploads\/2024\/01\/1000pxSquare-miamibeach-aerial-southpointview.jpeg","type":"image\/jpeg"}],"twitter_card":"summary_large_image","twitter_site":"@Miamibeachnews","schema":{"@context":"https:\/\/schema.org","@graph":[{"@type":"WebPage","@id":"https:\/\/www.miamibeachfl.gov\/spotlight\/january-2023-business-spotlight-celmas-dry-cleaners\/","url":"https:\/\/www.miamibeachfl.gov\/spotlight\/january-2023-business-spotlight-celmas-dry-cleaners\/","name":"Janvye 2023 Anons Spesyal Biznis - Celmas Dry Cleaners - Vil Miami Beach","isPartOf":{"@id":"https:\/\/www.miamibeachfl.gov\/#website"},"datePublished":"2023-01-03T20:40:28+00:00","dateModified":"2024-11-18T18:02:24+00:00","description":"%","breadcrumb":{"@id":"https:\/\/www.miamibeachfl.gov\/spotlight\/january-2023-business-spotlight-celmas-dry-cleaners\/#breadcrumb"},"inLanguage":"ht","potentialAction":[{"@type":"ReadAction","target":["https:\/\/www.miamibeachfl.gov\/spotlight\/january-2023-business-spotlight-celmas-dry-cleaners\/"]}]},{"@type":"BreadcrumbList","@id":"https:\/\/www.miamibeachfl.gov\/spotlight\/january-2023-business-spotlight-celmas-dry-cleaners\/#breadcrumb","itemListElement":[{"@type":"ListItem","position":1,"name":"Home","item":"https:\/\/www.miamibeachfl.gov\/"},{"@type":"ListItem","position":2,"name":"Business Newsletters and Spotlights","item":"https:\/\/www.miamibeachfl.gov\/spotlight\/"},{"@type":"ListItem","position":3,"name":"January 2023 Business Spotlight &#8211; Celmas Dry Cleaners"}]},{"@type":"WebSite","@id":"https:\/\/www.miamibeachfl.gov\/#website","url":"https:\/\/www.miamibeachfl.gov\/","name":"Vil Miami Beach","description":"Sitw\u00e8b ofisy\u00e8l Vil Miami Beach la. Rete enf\u00f2me, jwenn enf\u00f2masyon enp\u00f2tan sou s\u00e8vis vil la, nouv\u00e8l, al\u00e8t, ev\u00e8nman, wout tramway, travay gouv\u00e8nman an ak plis ank\u00f2.","publisher":{"@id":"https:\/\/www.miamibeachfl.gov\/#organization"},"potentialAction":[{"@type":"SearchAction","target":{"@type":"EntryPoint","urlTemplate":"https:\/\/www.miamibeachfl.gov\/?s={search_term_string}"},"query-input":{"@type":"PropertyValueSpecification","valueRequired":true,"valueName":"search_term_string"}}],"inLanguage":"ht"},{"@type":"Organization","@id":"https:\/\/www.miamibeachfl.gov\/#organization","name":"Vil Miami Beach","url":"https:\/\/www.miamibeachfl.gov\/","logo":{"@type":"ImageObject","inLanguage":"ht","@id":"https:\/\/www.miamibeachfl.gov\/#\/schema\/logo\/image\/","url":"https:\/\/www.miamibeachfl.gov\/wp-content\/uploads\/2022\/06\/miamibeach-logoblue.png","contentUrl":"https:\/\/www.miamibeachfl.gov\/wp-content\/uploads\/2022\/06\/miamibeach-logoblue.png","width":1962,"height":381,"caption":"City of Miami Beach"},"image":{"@id":"https:\/\/www.miamibeachfl.gov\/#\/schema\/logo\/image\/"},"sameAs":["https:\/\/www.facebook.com\/cityofmiamibeach","https:\/\/x.com\/Miamibeachnews","https:\/\/www.instagram.com\/miamibeachnews\/"],"description":"Sitw\u00e8b ofisy\u00e8l Vil Miami Beach la. Rete enf\u00f2me, jwenn enf\u00f2masyon enp\u00f2tan sou s\u00e8vis vil la, nouv\u00e8l, al\u00e8t, ev\u00e8nman, wout tramway, travay gouv\u00e8nman an ak plis ank\u00f2.","telephone":"305.604.CITY(2489)","legalName":"City of Miami Beach"}]}},"_links":{"self":[{"href":"https:\/\/www.miamibeachfl.gov\/ht\/wp-json\/wp\/v2\/pages\/238590","targetHints":{"allow":["GET"]}}],"collection":[{"href":"https:\/\/www.miamibeachfl.gov\/ht\/wp-json\/wp\/v2\/pages"}],"about":[{"href":"https:\/\/www.miamibeachfl.gov\/ht\/wp-json\/wp\/v2\/types\/page"}],"author":[{"embeddable":true,"href":"https:\/\/www.miamibeachfl.gov\/ht\/wp-json\/wp\/v2\/users\/222"}],"replies":[{"embeddable":true,"href":"https:\/\/www.miamibeachfl.gov\/ht\/wp-json\/wp\/v2\/comments?post=238590"}],"version-history":[{"count":0,"href":"https:\/\/www.miamibeachfl.gov\/ht\/wp-json\/wp\/v2\/pages\/238590\/revisions"}],"up":[{"embeddable":true,"href":"https:\/\/www.miamibeachfl.gov\/ht\/wp-json\/wp\/v2\/pages\/253255"}],"wp:attachment":[{"href":"https:\/\/www.miamibeachfl.gov\/ht\/wp-json\/wp\/v2\/media?parent=238590"}],"wp:term":[{"taxonomy":"category","embeddable":true,"href":"https:\/\/www.miamibeachfl.gov\/ht\/wp-json\/wp\/v2\/categories?post=238590"},{"taxonomy":"post_tag","embeddable":true,"href":"https:\/\/www.miamibeachfl.gov\/ht\/wp-json\/wp\/v2\/tags?post=238590"}],"curies":[{"name":"wp","href":"https:\/\/api.w.org\/{rel}","templated":true}]}}