{"id":239766,"date":"2023-01-10T09:08:31","date_gmt":"2023-01-10T14:08:31","guid":{"rendered":"https:\/\/www.miamibeachfl.gov\/?page_id=239766"},"modified":"2025-08-14T16:51:19","modified_gmt":"2025-08-14T20:51:19","slug":"civicaccess","status":"publish","type":"page","link":"https:\/\/www.miamibeachfl.gov\/ht\/business\/civicaccess\/","title":{"rendered":"Aks\u00e8 Sivik"},"content":{"rendered":"<h1  id=\"top\">\n\t\t\tAks\u00e8 Sivik\t<\/h1>\n<h2  id=\"top\">\n\t\t\tKonnen tou k\u00f2m S\u00e8vis Oto-S\u00e8vis Sitwayen (CSS)\t<\/h2>\n\t<p>P\u00f2tal Miami Beach Civic Access (CSS) la se sit s\u00e8vis pwochen jenerasyon an pou p\u00e8mi, planifikasyon, resi taks biznis ak konf\u00f2mite k\u00f2d. Itilizat\u00e8 yo ka soum\u00e8t plizy\u00e8 demann sou ent\u00e8n\u00e8t \u2013 aprann estati aplikasyon p\u00e8mi ou a, plan konstriksyon an oswa menm mande yon enspeksyon.<\/p>\n\t<p>Gen yon kont:<\/p>\n\t\t\t<a href=\"https:\/\/energovcss.miamibeachfl.gov\/energovprod\/selfservice#\/login?redirectUrl=%2Fhome\" target=\"_blank\" rel=\"noopener\">\n\t\t\t\t\t\t\tKonekte sou P\u00f2tal Aks\u00e8 Sivik (CSS)\n\t\t\t<\/a>\n\t<p>Bezwen yon kont:<\/p>\n\t\t\t<a href=\"https:\/\/energovcss.miamibeachfl.gov\/energovprod\/selfservice#\/register\" target=\"_blank\" rel=\"noopener\">\n\t\t\t\t\t\t\tAnrejistre yon nouvo kont (CSS)\n\t\t\t<\/a>\n\t\t<h3><a href=\"https:\/\/energovcss.miamibeachfl.gov\/energovprod\/selfservice#\/search\"  target=\"_self\">\t\n\t\t\t\tCh\u00e8che Dosye Piblik Ch\u00e8che Dosye Piblik<\/a><\/h3><p>P\u00e8mi, Plan, Enspeksyon, Ka K\u00f2d, Demann, Lisans ak Pwoj\u00e8<\/p>\n\t\t\t<a href=\"https:\/\/energovcss.miamibeachfl.gov\/energovprod\/selfservice#\/search\" target=\"_self\">\n\t\t\t\t\t\t\tP\u00f2tal Rech\u00e8ch\n\t\t\t\t\t<\/a>\n\t\t<h3><a href=\"https:\/\/energovcss.miamibeachfl.gov\/energovprod\/selfservice#\/applicationAssistant\"  target=\"_self\">\t\n\t\t\t\tAsistan Aplikasyon Asistans Aplikasyon<\/a><\/h3><p>Aplike pou P\u00e8mi, Plan ak Resi Biznis<\/p>\n\t\t\t<a href=\"https:\/\/energovcss.miamibeachfl.gov\/energovprod\/selfservice#\/applicationAssistant\" target=\"_self\">\n\t\t\t\t\t\t\tAplike Kounye a\n\t\t\t\t\t<\/a>\n\t\t<h3><a href=\"https:\/\/payments.miamibeachfl.gov\/app\/\"  target=\"_self\">\t\n\t\t\t\tPeye yon fakti Peye yon fakti<\/a><\/h3><p><strong><a href=\"https:\/\/energovcss.miamibeachfl.gov\/energovprod\/selfservice#\/payinvoice\">Klike la a pou ch\u00e8che yon fakti<\/a><\/strong><\/p>\n\t\t\t<a href=\"https:\/\/payments.miamibeachfl.gov\/app\/\" target=\"_self\">\n\t\t\t\t\t\t\tPeman rapid sou fakti\n\t\t\t\t\t<\/a>\n<h3>\n\t\t\tResous adisyon\u00e8l:\t<\/h3>\n\t<strong><a href=\"https:\/\/energovcss.miamibeachfl.gov\/energovprod\/selfservice#\/estimate\">Estimat\u00e8 Fr\u00e8<\/a><\/strong><br \/>\n<a href=\"#cssfaqs\"><strong>Kesyon yo poze souvan sou Aks\u00e8 Sivik<\/strong><\/a><br \/>\n<strong><a href=\"https:\/\/www.miamibeachfl.gov\/wp-content\/uploads\/2023\/05\/CSSLoginInstructions.pdf\">Telechaje Gid Pwobl\u00e8m Koneksyon an<\/a><\/strong>\n\t\t<img decoding=\"async\" src=\"https:\/\/www.miamibeachfl.gov\/wp-content\/uploads\/2023\/01\/CSS-HowtovideoThumbnail.2jpg.jpg\" alt=\"Training Video Link\"\/>\n\t<p>Nouvo fonksyonalite yo gen ladan plizy\u00e8 kalite rech\u00e8ch apati yon kote santralize ki f\u00e8 rech\u00e8ch nan tout dosye yo. Li bay tou posiblite pou f\u00e8 rech\u00e8ch pa nimewo pas\u00e8l (folyo) ak mo kle. Anplis de sa, nouvo sit la fasil pou itilize sou telef\u00f2n mobil epi li amelyore jan enf\u00f2masyon yo par\u00e8t pou piblik la.<\/p>\n<p><strong>L\u00f2t karakteristik yo enkli:<\/strong><\/p>\n<ul>\n<li>Estimat\u00e8 Fr\u00e8<\/li>\n<li>Sove ak efase aplikasyon bouyon yo<\/li>\n<li>Eksp\u00f2te rezilta rech\u00e8ch ki gen ladan aktivite peman ou an nan Excel<\/li>\n<li>Kapasite pou telechaje dokiman nan plizy\u00e8 etap nan pwosesis aplikasyon an<\/li>\n<li>Enskripsyon otomatik pou aks\u00e8 imedya a s\u00e8vis yo<\/li>\n<li>Fonksyonalite amelyore pou panyen acha a ki p\u00e8m\u00e8t itilizat\u00e8 yo peye plizy\u00e8 fakti an menm tan ki asosye ak kont yo.<\/li>\n<li>Aks\u00e8 elaji pou done anrejistreman yo<\/li>\n<li>Nouvo paj rezime pou aplikasyon anba revizyon<\/li>\n<li>Nouvo tablodb\u00f2 p\u00e8sonalize ki idantifye atik ki bezwen atansyon pou pi fasil pou jere atik ki asosye ak kont ou an<\/li>\n<\/ul>\n<h2  id=\"cssfaqs\">\n\t\t\tKesyon yo poze souvan\t<\/h2>\n\t\t\t\t\t\t<h3>Kijan Pou Adrese Pwobl\u00e8m Koneksyon Komen <\/h3>\n\t\t\t<p>Gid sa a dekri kijan kliyan yo enskri pou itilize Aks\u00e8 Sivik Tyler Technologies la, ke yo te konnen anvan k\u00f2m S\u00e8vis Oto-S\u00e8vis Sitwayen (CSS), l\u00e8 l s\u00e8vi av\u00e8k pwosesis Idantite Tyler (TID-C), Aks\u00e8 Kominot\u00e8 a. <br \/><a href=\"https:\/\/www.miamibeachfl.gov\/wp-content\/uploads\/2023\/05\/CSSLoginInstructions.pdf\">Telechaje Gid Aks\u00e8 Koneksyon an<\/a><\/p>\n\t\t\t\t\t\t<h3>\u00c8ske mwen ka itilize kont CAP mwen deja genyen an pou m jwenn aks\u00e8 nan P\u00f2tal Aks\u00e8 Sivik (CSS) la?<\/h3>\n\t\t\t<p>Wi, ou ka toujou itilize kont CAP ou deja genyen an pou jwenn aks\u00e8 nan dosye ki sou p\u00f2tal CSS la l\u00e8 w suiv k\u00e8k etap senp.<br \/><a href=\"https:\/\/www.youtube.com\/playlist?list=PL8QRwonPTqgNdS85BLFlNXs0njlj7FyQb\">Gade videyo leson patikilye a.<\/a><\/p>\n\t\t\t\t\t\t<h3>\u00c8ske mwen ka toujou f\u00e8 tranzaksyon nan Portal CAP ki deja egziste a?<\/h3>\n\t\t\t<p>Wi, ou ka toujou trete tranzaksyon nan p\u00f2tal CAP la jiska 31 me 2019. Nou rek\u00f2mande f\u00f2tman pou ou transfere kont CAP ou a nan CSS pi vit posib. <a href=\"https:\/\/www.youtube.com\/playlist?list=PL8QRwonPTqgNdS85BLFlNXs0njlj7FyQb\">Gade videyo leson patikilye a.<\/a><\/p>\n\t\t\t\t\t\t<h3>Ki kalite p\u00e8mi, plan, oswa dosye mwen ka ch\u00e8che nan Civic Access (CSS)?<\/h3>\n\t\t\t<p>Itilizat\u00e8 yo ka ch\u00e8che dosye tankou P\u00e8mi Konstriksyon, Plan, P\u00e8mi Lwaye Espas Pakin, P\u00e8mi Maryaj ak Seremoni, P\u00e8mi Fim ak Enpresyon, P\u00e8mi Koupe Pyebwa, Lisans Asans\u00e8, P\u00e8mi Penti, Sitasyon Konf\u00f2mite K\u00f2d, Demann Sitwayen, Ka M\u00e8t Espesyal, Resi Taks Biznis (BTR), ak plis ank\u00f2. <a href=\"https:\/\/energovcss.miamibeachfl.gov\/energovprod\/selfservice\">Vizite P\u00f2tal Aks\u00e8 Sivik (CSS) la<\/a><\/p>\n\t\t\t\t\t\t<h3>\u00c8ske mwen ka aplike pou Resi Taks Biznis mwen, S\u00e8tifika Itilizasyon, ak Enspeksyon Dife Any\u00e8l mwen sou ent\u00e8n\u00e8t?<\/h3>\n\t\t\t<p>Wi, ou ka aplike pou yon Resi Taks Biznis, yon S\u00e8tifika Itilizasyon, ak yon Enspeksyon Dife Any\u00e8l sou CSS. <a href=\"https:\/\/www.miamibeachfl.gov\/ht\/city-hall\/finance\/business-tax-receipts-btr\/\" target=\"_blank\" rel=\"noopener\">Tanpri vizite Depatman Finans lan pou plis enf\u00f2masyon.<\/a><\/p>\n\t\t\t\t\t\t<h3>\u00c8ske mwen ka lye plizy\u00e8 BTR ak kont Civic Access (CSS) mwen deja genyen an?<\/h3>\n\t\t\t<p>Wi, si ou se yon ekspedit\u00e8 k ap kreye yon kont sou non yon Pwopriyet\u00e8 Biznis, ou ka ajoute kontak ou a pandan pwosesis aplikasyon an pou lye otomatikman. Si ou bezwen plis asistans, tanpri voye yon im\u00e8l ba nou nan mbhelp@miamibeachfl.gov. Tanpri mete kont im\u00e8l Aks\u00e8 Sivik (CSS) ou ak Nimewo Aplikasyon BTR ou.<\/p>\n\t\t\t\t\t\t<h3>Si mwen konnen nimewo fakti mwen an, \u00e8ske mwen oblije konekte pou m peye li?<\/h3>\n\t\t\t<p>Si ou gen yon nimewo fakti, ou ka f\u00e8 yon peman rapid nan <a href=\"https:\/\/payments.miamibeachfl.gov\/app\/\" target=\"_blank\" rel=\"noopener\">miamibeachpay.com<\/a>\u00a0oubyen nan telef\u00f2n entelijan ou l\u00e8 w s\u00e8vi ak <a href=\"https:\/\/www.miamibeachfl.gov\/ht\/pay-invoice\/\" target=\"_blank\" rel=\"noopener\">Aplikasyon Gouv\u00e8nman Elektwonik Vil Miami Beach la.<\/a><\/p>\n\t\t\t\t\t\t<h3>\u00c8ske mwen ka peye plizy\u00e8 fakti an menm tan?<\/h3>\n\t\t\t<p>Wi, ou ka ajoute plizy\u00e8 fakti nan panyen acha ou a nenp\u00f2t ki l\u00e8 epi peye l\u00e8 ou pare.<\/p>\n\t\t\t\t\t\t<h3>\u00c8ske mwen ka mande yon enspeksyon sou ent\u00e8n\u00e8t?<\/h3>\n\t\t\t<p>Si kont ou a lye av\u00e8k yon P\u00e8mi, ou ka mande enspeksyon ou an sou ent\u00e8n\u00e8t.<\/p>\n\t\t\t\t\t\t<h3>Ki kote m ka jwenn plis enf\u00f2masyon sou fason pou m aplike pou p\u00e8mi oswa pou m f\u00e8 rech\u00e8ch sou yo?<\/h3>\n\t\t\t<ul>\n<li>Pou plis enf\u00f2masyon sou p\u00e8mi konstriksyon, tanpri vizite Gid P\u00e8mi Ent\u00e8aktif la l\u00e8 w klike sou <a href=\"https:\/\/www.miamibeachfl.gov\/ht\/city-hall\/building\/permits\/interactive-permit-guide\/\">isit la<\/a><\/li>\n<li>Pou plis enf\u00f2masyon sou p\u00e8mi oswa plan planifikasyon, tanpri vizite depatman planifikasyon an. <a href=\"https:\/\/www.miamibeachfl.gov\/ht\/city-hall\/planning\/\">isit la<\/a><\/li>\n<li>Pou plis enf\u00f2masyon sou dosye konf\u00f2mite k\u00f2d yo, tanpri vizite depatman konf\u00f2mite k\u00f2d la. <a href=\"https:\/\/www.miamibeachfl.gov\/ht\/city-hall\/code-compliance\/\">isit la<\/a><\/li>\n<li>Pou plis enf\u00f2masyon sou resi taks biznis yo, tanpri vizite Depatman Finans lan. <a href=\"https:\/\/www.miamibeachfl.gov\/ht\/city-hall\/finance\/business-tax-receipts-btr\/\">isit la<\/a><\/li>\n<li>Pou plis enf\u00f2masyon sou P\u00e8mi Pakin, tanpri vizite depatman Pakin nan <a href=\"https:\/\/www.miamibeachfl.gov\/ht\/city-hall\/parking\/permit-programs\/\">isit la<\/a><\/li>\n<li>Pou plis enf\u00f2masyon sou P\u00e8mi For\u00e8 Iben, tanpri vizite depatman For\u00e8 Iben an. <a href=\"https:\/\/www.miamibeachfl.gov\/ht\/city-hall\/environmental-sustainability\/urban-forestry\/\">isit la<\/a><\/li>\n<li>Pou plis enf\u00f2masyon sou Lisans ak P\u00e8mi Asans\u00e8, tanpri vizite Divizyon Asans\u00e8 yo. <a href=\"https:\/\/www.miamibeachfl.gov\/ht\/city-hall\/public-works\/elevator-division\/elevator-permit\/\">isit la<\/a><\/li>\n<li>Pou plis enf\u00f2masyon sou P\u00e8mi pou dife oswa Enspeksyon Any\u00e8l pou Dife, tanpri vizite Divizyon Prevansyon Dife a. <a href=\"https:\/\/www.miamibeachfl.gov\/ht\/city-hall\/fire\/fire-prevention\/\">isit la<\/a><\/li>\n<li>Pou plis enf\u00f2masyon sou Odyans Espesyal M\u00e8t yo, tanpri vizite depatman Grefye Minisipal la. <a href=\"https:\/\/www.miamibeachfl.gov\/ht\/city-hall\/city-clerk\/\">isit la<\/a><\/li>\n<li>Pou plis enf\u00f2masyon sou Ev\u00e8nman Espesyal yo, tanpri vizite depatman Touris, Kiltir\u00e8l ak Devlopman Ekonomik la. <a href=\"https:\/\/www.miamibeachfl.gov\/ht\/city-hall\/tourism-culture\/special-events\/\">isit la<\/a><\/li>\n<\/ul>\n\t\t\t\t\t\t<h3>Ki kote m ka jwenn dosye ki te kreye anvan 27 avril 2016?<\/h3>\n\t\t\t<p><a href=\"https:\/\/www.miamibeachfl.gov\/ht\/permits-search-dashboard\/\">Ch\u00e8che P\u00e8mi ki te kreye anvan 27 avril 2016.<\/a><\/p>\n<p><a href=\"https:\/\/www.miamibeachfl.gov\/ht\/permits-search-dashboard\/\" target=\"_blank\" rel=\"noopener\">Ch\u00e8che Ka K\u00f2d ki te kreye anvan 27 avril 2016.<\/a><\/p>\n<p><a href=\"https:\/\/secure.miamibeachfl.gov\/Webagenda\/Public\/SmAddressInquiry.aspx\" target=\"_blank\" rel=\"noopener\">Ch\u00e8che Dosye M\u00e8t Espesyal ki te kreye anvan 27 avril 2016.<\/a><\/p>\n\t\t\t\t\t\t<h3>\u00c8ske vil la ofri f\u00f2masyon pou Aks\u00e8 Sivik (CSS)?<\/h3>\n\t\t\t<p>Wi, Vil la ap \u00f2ganize atelye ouv\u00e8 pou piblik la sou kijan pou itilize Aks\u00e8 Sivik (CSS). <a href=\"https:\/\/www.miamibeachfl.gov\/ht\/city-hall\/building\/events\/\">Klike la a pou plis enf\u00f2masyon.<\/a><\/p>\n<p><a href=\"https:\/\/www.miamibeachfl.gov\/ht\/calendar\/\">Kalandriye Ev\u00e8nman Vil la<\/a><\/p>\n\t\t\t\t\t\t<h3> Kouman mwen ka mande yon fakti pou vyolasyon Konf\u00f2mite K\u00f2d mwen an?<\/h3>\n\t\t\t<p><a href=\"https:\/\/www.miamibeachfl.gov\/ht\/city-hall\/code-compliance\/code-invoice-request\/\" target=\"_blank\" rel=\"noopener\">Mande yon fakti pou vyolasyon Konf\u00f2mite K\u00f2d ou a<\/a>.<\/p>","protected":false},"excerpt":{"rendered":"<p>Civic Access Also known as Citizen Self Service (CSS) The Miami Beach Civic Access (CSS) portal is the next generation [&hellip;]<\/p>\n","protected":false},"author":222,"featured_media":0,"parent":196910,"menu_order":0,"comment_status":"closed","ping_status":"closed","template":"","meta":{"_searchwp_excluded":"","site-sidebar-layout":"default","site-content-layout":"","ast-site-content-layout":"default","site-content-style":"default","site-sidebar-style":"default","ast-global-header-display":"","ast-banner-title-visibility":"","ast-main-header-display":"","ast-hfb-above-header-display":"","ast-hfb-below-header-display":"","ast-hfb-mobile-header-display":"","site-post-title":"","ast-breadcrumbs-content":"","ast-featured-img":"","footer-sml-layout":"","ast-disable-related-posts":"","theme-transparent-header-meta":"","adv-header-id-meta":"","stick-header-meta":"","header-above-stick-meta":"","header-main-stick-meta":"","header-below-stick-meta":"","astra-migrate-meta-layouts":"default","ast-page-background-enabled":"default","ast-page-background-meta":{"desktop":{"background-color":"var(--ast-global-color-5)","background-image":"","background-repeat":"repeat","background-position":"center center","background-size":"auto","background-attachment":"scroll","background-type":"","background-media":"","overlay-type":"","overlay-color":"","overlay-opacity":"","overlay-gradient":""},"tablet":{"background-color":"","background-image":"","background-repeat":"repeat","background-position":"center center","background-size":"auto","background-attachment":"scroll","background-type":"","background-media":"","overlay-type":"","overlay-color":"","overlay-opacity":"","overlay-gradient":""},"mobile":{"background-color":"","background-image":"","background-repeat":"repeat","background-position":"center center","background-size":"auto","background-attachment":"scroll","background-type":"","background-media":"","overlay-type":"","overlay-color":"","overlay-opacity":"","overlay-gradient":""}},"ast-content-background-meta":{"desktop":{"background-color":"var(--ast-global-color-4)","background-image":"","background-repeat":"repeat","background-position":"center center","background-size":"auto","background-attachment":"scroll","background-type":"","background-media":"","overlay-type":"","overlay-color":"","overlay-opacity":"","overlay-gradient":""},"tablet":{"background-color":"var(--ast-global-color-4)","background-image":"","background-repeat":"repeat","background-position":"center center","background-size":"auto","background-attachment":"scroll","background-type":"","background-media":"","overlay-type":"","overlay-color":"","overlay-opacity":"","overlay-gradient":""},"mobile":{"background-color":"var(--ast-global-color-4)","background-image":"","background-repeat":"repeat","background-position":"center center","background-size":"auto","background-attachment":"scroll","background-type":"","background-media":"","overlay-type":"","overlay-color":"","overlay-opacity":"","overlay-gradient":""}},"footnotes":""},"categories":[],"tags":[],"class_list":["post-239766","page","type-page","status-publish","hentry"],"yoast_head":"<!-- This site is optimized with the Yoast SEO Premium plugin v27.4 (Yoast SEO v27.4) - https:\/\/yoast.com\/product\/yoast-seo-premium-wordpress\/ -->\n<title>Civic Access - City of Miami Beach<\/title>\n<meta name=\"description\" content=\"%\" \/>\n<meta name=\"robots\" content=\"index, follow, max-snippet:-1, max-image-preview:large, max-video-preview:-1\" \/>\n<link rel=\"canonical\" href=\"https:\/\/www.miamibeachfl.gov\/ht\/business\/civicaccess\/\" \/>\n<meta property=\"og:locale\" content=\"ht_HT\" \/>\n<meta property=\"og:type\" content=\"article\" \/>\n<meta property=\"og:title\" content=\"Civic Access\" \/>\n<meta property=\"og:description\" content=\"%\" \/>\n<meta property=\"og:url\" content=\"https:\/\/www.miamibeachfl.gov\/ht\/business\/civicaccess\/\" \/>\n<meta property=\"og:site_name\" content=\"City of Miami Beach\" \/>\n<meta property=\"article:publisher\" content=\"https:\/\/www.facebook.com\/cityofmiamibeach\" \/>\n<meta property=\"article:modified_time\" content=\"2025-08-14T20:51:19+00:00\" \/>\n<meta property=\"og:image\" content=\"https:\/\/www.miamibeachfl.gov\/wp-content\/uploads\/2023\/01\/CSS-HowtovideoThumbnail.2jpg.jpg\" \/>\n<meta name=\"twitter:card\" content=\"summary_large_image\" \/>\n<meta name=\"twitter:site\" content=\"@Miamibeachnews\" \/>\n<script type=\"application\/ld+json\" class=\"yoast-schema-graph\">{\"@context\":\"https:\\\/\\\/schema.org\",\"@graph\":[{\"@type\":\"WebPage\",\"@id\":\"https:\\\/\\\/www.miamibeachfl.gov\\\/business\\\/civicaccess\\\/\",\"url\":\"https:\\\/\\\/www.miamibeachfl.gov\\\/business\\\/civicaccess\\\/\",\"name\":\"Civic Access - City of Miami Beach\",\"isPartOf\":{\"@id\":\"https:\\\/\\\/www.miamibeachfl.gov\\\/#website\"},\"primaryImageOfPage\":{\"@id\":\"https:\\\/\\\/www.miamibeachfl.gov\\\/business\\\/civicaccess\\\/#primaryimage\"},\"image\":{\"@id\":\"https:\\\/\\\/www.miamibeachfl.gov\\\/business\\\/civicaccess\\\/#primaryimage\"},\"thumbnailUrl\":\"https:\\\/\\\/www.miamibeachfl.gov\\\/wp-content\\\/uploads\\\/2023\\\/01\\\/CSS-HowtovideoThumbnail.2jpg.jpg\",\"datePublished\":\"2023-01-10T14:08:31+00:00\",\"dateModified\":\"2025-08-14T20:51:19+00:00\",\"description\":\"%\",\"breadcrumb\":{\"@id\":\"https:\\\/\\\/www.miamibeachfl.gov\\\/business\\\/civicaccess\\\/#breadcrumb\"},\"inLanguage\":\"ht\",\"potentialAction\":[{\"@type\":\"ReadAction\",\"target\":[\"https:\\\/\\\/www.miamibeachfl.gov\\\/business\\\/civicaccess\\\/\"]}]},{\"@type\":\"ImageObject\",\"inLanguage\":\"ht\",\"@id\":\"https:\\\/\\\/www.miamibeachfl.gov\\\/business\\\/civicaccess\\\/#primaryimage\",\"url\":\"https:\\\/\\\/www.miamibeachfl.gov\\\/wp-content\\\/uploads\\\/2023\\\/01\\\/CSS-HowtovideoThumbnail.2jpg.jpg\",\"contentUrl\":\"https:\\\/\\\/www.miamibeachfl.gov\\\/wp-content\\\/uploads\\\/2023\\\/01\\\/CSS-HowtovideoThumbnail.2jpg.jpg\"},{\"@type\":\"BreadcrumbList\",\"@id\":\"https:\\\/\\\/www.miamibeachfl.gov\\\/business\\\/civicaccess\\\/#breadcrumb\",\"itemListElement\":[{\"@type\":\"ListItem\",\"position\":1,\"name\":\"Home\",\"item\":\"https:\\\/\\\/www.miamibeachfl.gov\\\/\"},{\"@type\":\"ListItem\",\"position\":2,\"name\":\"Business\",\"item\":\"https:\\\/\\\/www.miamibeachfl.gov\\\/business\\\/\"},{\"@type\":\"ListItem\",\"position\":3,\"name\":\"Civic Access\"}]},{\"@type\":\"WebSite\",\"@id\":\"https:\\\/\\\/www.miamibeachfl.gov\\\/#website\",\"url\":\"https:\\\/\\\/www.miamibeachfl.gov\\\/\",\"name\":\"City of Miami Beach\",\"description\":\"The official website of the City of Miami Beach. Stay informed, find important information on city services, news, alerts, events, trolley routes, government employment and more.\",\"publisher\":{\"@id\":\"https:\\\/\\\/www.miamibeachfl.gov\\\/#organization\"},\"potentialAction\":[{\"@type\":\"SearchAction\",\"target\":{\"@type\":\"EntryPoint\",\"urlTemplate\":\"https:\\\/\\\/www.miamibeachfl.gov\\\/?s={search_term_string}\"},\"query-input\":{\"@type\":\"PropertyValueSpecification\",\"valueRequired\":true,\"valueName\":\"search_term_string\"}}],\"inLanguage\":\"ht\"},{\"@type\":\"Organization\",\"@id\":\"https:\\\/\\\/www.miamibeachfl.gov\\\/#organization\",\"name\":\"City of Miami Beach\",\"url\":\"https:\\\/\\\/www.miamibeachfl.gov\\\/\",\"logo\":{\"@type\":\"ImageObject\",\"inLanguage\":\"ht\",\"@id\":\"https:\\\/\\\/www.miamibeachfl.gov\\\/#\\\/schema\\\/logo\\\/image\\\/\",\"url\":\"https:\\\/\\\/www.miamibeachfl.gov\\\/wp-content\\\/uploads\\\/2022\\\/06\\\/miamibeach-logoblue.png\",\"contentUrl\":\"https:\\\/\\\/www.miamibeachfl.gov\\\/wp-content\\\/uploads\\\/2022\\\/06\\\/miamibeach-logoblue.png\",\"width\":1962,\"height\":381,\"caption\":\"City of Miami Beach\"},\"image\":{\"@id\":\"https:\\\/\\\/www.miamibeachfl.gov\\\/#\\\/schema\\\/logo\\\/image\\\/\"},\"sameAs\":[\"https:\\\/\\\/www.facebook.com\\\/cityofmiamibeach\",\"https:\\\/\\\/x.com\\\/Miamibeachnews\",\"https:\\\/\\\/www.instagram.com\\\/miamibeachnews\\\/\"],\"description\":\"The official website of the City of Miami Beach. Stay informed, find important information on city services, news, alerts, events, trolley routes, government employment and more.\",\"telephone\":\"305.604.CITY(2489)\",\"legalName\":\"City of Miami Beach\"}]}<\/script>\n<!-- \/ Yoast SEO Premium plugin. -->","yoast_head_json":{"title":"Aks\u00e8 Sivik - Vil Miami Beach","description":"%","robots":{"index":"index","follow":"follow","max-snippet":"max-snippet:-1","max-image-preview":"max-image-preview:large","max-video-preview":"max-video-preview:-1"},"canonical":"https:\/\/www.miamibeachfl.gov\/ht\/business\/civicaccess\/","og_locale":"ht_HT","og_type":"article","og_title":"Civic Access","og_description":"%","og_url":"https:\/\/www.miamibeachfl.gov\/ht\/business\/civicaccess\/","og_site_name":"City of Miami Beach","article_publisher":"https:\/\/www.facebook.com\/cityofmiamibeach","article_modified_time":"2025-08-14T20:51:19+00:00","og_image":[{"url":"https:\/\/www.miamibeachfl.gov\/wp-content\/uploads\/2023\/01\/CSS-HowtovideoThumbnail.2jpg.jpg","type":"","width":"","height":""}],"twitter_card":"summary_large_image","twitter_site":"@Miamibeachnews","schema":{"@context":"https:\/\/schema.org","@graph":[{"@type":"WebPage","@id":"https:\/\/www.miamibeachfl.gov\/business\/civicaccess\/","url":"https:\/\/www.miamibeachfl.gov\/business\/civicaccess\/","name":"Aks\u00e8 Sivik - Vil Miami Beach","isPartOf":{"@id":"https:\/\/www.miamibeachfl.gov\/#website"},"primaryImageOfPage":{"@id":"https:\/\/www.miamibeachfl.gov\/business\/civicaccess\/#primaryimage"},"image":{"@id":"https:\/\/www.miamibeachfl.gov\/business\/civicaccess\/#primaryimage"},"thumbnailUrl":"https:\/\/www.miamibeachfl.gov\/wp-content\/uploads\/2023\/01\/CSS-HowtovideoThumbnail.2jpg.jpg","datePublished":"2023-01-10T14:08:31+00:00","dateModified":"2025-08-14T20:51:19+00:00","description":"%","breadcrumb":{"@id":"https:\/\/www.miamibeachfl.gov\/business\/civicaccess\/#breadcrumb"},"inLanguage":"ht","potentialAction":[{"@type":"ReadAction","target":["https:\/\/www.miamibeachfl.gov\/business\/civicaccess\/"]}]},{"@type":"ImageObject","inLanguage":"ht","@id":"https:\/\/www.miamibeachfl.gov\/business\/civicaccess\/#primaryimage","url":"https:\/\/www.miamibeachfl.gov\/wp-content\/uploads\/2023\/01\/CSS-HowtovideoThumbnail.2jpg.jpg","contentUrl":"https:\/\/www.miamibeachfl.gov\/wp-content\/uploads\/2023\/01\/CSS-HowtovideoThumbnail.2jpg.jpg"},{"@type":"BreadcrumbList","@id":"https:\/\/www.miamibeachfl.gov\/business\/civicaccess\/#breadcrumb","itemListElement":[{"@type":"ListItem","position":1,"name":"Home","item":"https:\/\/www.miamibeachfl.gov\/"},{"@type":"ListItem","position":2,"name":"Business","item":"https:\/\/www.miamibeachfl.gov\/business\/"},{"@type":"ListItem","position":3,"name":"Civic Access"}]},{"@type":"WebSite","@id":"https:\/\/www.miamibeachfl.gov\/#website","url":"https:\/\/www.miamibeachfl.gov\/","name":"Vil Miami Beach","description":"Sitw\u00e8b ofisy\u00e8l Vil Miami Beach la. Rete enf\u00f2me, jwenn enf\u00f2masyon enp\u00f2tan sou s\u00e8vis vil la, nouv\u00e8l, al\u00e8t, ev\u00e8nman, wout tramway, travay gouv\u00e8nman an ak plis ank\u00f2.","publisher":{"@id":"https:\/\/www.miamibeachfl.gov\/#organization"},"potentialAction":[{"@type":"SearchAction","target":{"@type":"EntryPoint","urlTemplate":"https:\/\/www.miamibeachfl.gov\/?s={search_term_string}"},"query-input":{"@type":"PropertyValueSpecification","valueRequired":true,"valueName":"search_term_string"}}],"inLanguage":"ht"},{"@type":"Organization","@id":"https:\/\/www.miamibeachfl.gov\/#organization","name":"Vil Miami Beach","url":"https:\/\/www.miamibeachfl.gov\/","logo":{"@type":"ImageObject","inLanguage":"ht","@id":"https:\/\/www.miamibeachfl.gov\/#\/schema\/logo\/image\/","url":"https:\/\/www.miamibeachfl.gov\/wp-content\/uploads\/2022\/06\/miamibeach-logoblue.png","contentUrl":"https:\/\/www.miamibeachfl.gov\/wp-content\/uploads\/2022\/06\/miamibeach-logoblue.png","width":1962,"height":381,"caption":"City of Miami Beach"},"image":{"@id":"https:\/\/www.miamibeachfl.gov\/#\/schema\/logo\/image\/"},"sameAs":["https:\/\/www.facebook.com\/cityofmiamibeach","https:\/\/x.com\/Miamibeachnews","https:\/\/www.instagram.com\/miamibeachnews\/"],"description":"Sitw\u00e8b ofisy\u00e8l Vil Miami Beach la. Rete enf\u00f2me, jwenn enf\u00f2masyon enp\u00f2tan sou s\u00e8vis vil la, nouv\u00e8l, al\u00e8t, ev\u00e8nman, wout tramway, travay gouv\u00e8nman an ak plis ank\u00f2.","telephone":"305.604.CITY(2489)","legalName":"City of Miami Beach"}]}},"_links":{"self":[{"href":"https:\/\/www.miamibeachfl.gov\/ht\/wp-json\/wp\/v2\/pages\/239766","targetHints":{"allow":["GET"]}}],"collection":[{"href":"https:\/\/www.miamibeachfl.gov\/ht\/wp-json\/wp\/v2\/pages"}],"about":[{"href":"https:\/\/www.miamibeachfl.gov\/ht\/wp-json\/wp\/v2\/types\/page"}],"author":[{"embeddable":true,"href":"https:\/\/www.miamibeachfl.gov\/ht\/wp-json\/wp\/v2\/users\/222"}],"replies":[{"embeddable":true,"href":"https:\/\/www.miamibeachfl.gov\/ht\/wp-json\/wp\/v2\/comments?post=239766"}],"version-history":[{"count":8,"href":"https:\/\/www.miamibeachfl.gov\/ht\/wp-json\/wp\/v2\/pages\/239766\/revisions"}],"predecessor-version":[{"id":388057,"href":"https:\/\/www.miamibeachfl.gov\/ht\/wp-json\/wp\/v2\/pages\/239766\/revisions\/388057"}],"up":[{"embeddable":true,"href":"https:\/\/www.miamibeachfl.gov\/ht\/wp-json\/wp\/v2\/pages\/196910"}],"wp:attachment":[{"href":"https:\/\/www.miamibeachfl.gov\/ht\/wp-json\/wp\/v2\/media?parent=239766"}],"wp:term":[{"taxonomy":"category","embeddable":true,"href":"https:\/\/www.miamibeachfl.gov\/ht\/wp-json\/wp\/v2\/categories?post=239766"},{"taxonomy":"post_tag","embeddable":true,"href":"https:\/\/www.miamibeachfl.gov\/ht\/wp-json\/wp\/v2\/tags?post=239766"}],"curies":[{"name":"wp","href":"https:\/\/api.w.org\/{rel}","templated":true}]}}