{"id":244452,"date":"2023-01-30T07:53:07","date_gmt":"2023-01-30T12:53:07","guid":{"rendered":"https:\/\/www.miamibeachfl.gov\/?page_id=244452"},"modified":"2025-06-04T21:52:31","modified_gmt":"2025-06-05T01:52:31","slug":"colony-theater-go-bond","status":"publish","type":"page","link":"https:\/\/www.miamibeachfl.gov\/ht\/gobond-arts2022\/colony-theater-go-bond\/","title":{"rendered":"Ale Bond \u2013 Teyat Koloni"},"content":{"rendered":"<h3>\n\t\t\tEnstalasyon Kiltir\u00e8l Vil la\t<\/h3>\n<h3>\n\t\t\tTeyat Koloni\t<\/h3>\n\t\t\t<a href=\"https:\/\/www.gombinfo.com\/artsandculture\/dashboard\/explore-the-dashboard\/\" target=\"_blank\" rel=\"noopener\">\n\t\t\t\t\t\t\tEksplore tablodb\u00f2 Atizay ak Kilti a  \n\t\t\t\t\t<\/a>\n<h3>\n\t\t\tIstorik \u00f2ganizasyon\u00e8l\t<\/h3>\n\t<p>Teyat Colony a se yon bilding istorik ki te pou vil la an 1935 epi ki sitiye sou Lincoln Road. Yon kantite renovasyon pandan ane yo te transf\u00f2me Teyat Colony a an yon teyat ak 417 plas pou p\u00e8f\u00f2mans sou s\u00e8n an dir\u00e8k. D\u00e8nye renovasyon sa a ($6.5M) te f\u00e8t an 2006. Depi 2016, Teyat Colony a jere epi opere pa Miami New Drama, yon Anchor Kiltir\u00e8l Miami Beach ki gen yon misyon pou devlope nouvo py\u00e8s teyat ak mizikal div\u00e8s ak enp\u00f2tan an konv\u00e8sasyon ak kominote a. Anba jesyon Miami New Drama, Teyat Colony a akeyi plis pase 40,000 moun chak ane, ki gen ladan plizy\u00e8 milye el\u00e8v nan Konte Miami-Dade.  <\/p>\n\t<iframe src=\"https:\/\/www.google.com\/maps\/embed\/v1\/place?q=1040+Lincoln+Road+Miami+Beach+Fl&#038;key=AIzaSyD09zQ9PNDNNy9TadMuzRV_UsPUoWKntt8\" aria-hidden=\"true\" title=\"Teyat Koloni\"><\/iframe>\n\t<h3>Lis Amelyorasyon Kapital yo<\/h3>\t\n\t<ul>\n<li>Amelyorasyon Sist\u00e8m Ekleraj ak Pwojeksyon  <\/li>\n<li>Rekonsepsyon ak Ranplasman Sist\u00e8m Son an  <\/li>\n<li>Gr\u00e8 ak Mekanik S\u00e8n  <\/li>\n<li>Ranplase rido akoustik, rido prensipal, ak machandiz mou yo  <\/li>\n<li>Nouvo asans\u00e8 ma v\u00e8tikal JLG ki ka kondui  <\/li>\n<li>P\u00f2t waf chajman ak hayon asans\u00e8  <\/li>\n<li>Ekspansyon ak depo nan tout etablisman an  <\/li>\n<li>Amelyorasyon Sist\u00e8m Sekirite, Aks\u00e8 ak Kominikasyon nan tout etablisman an  <\/li>\n<li>Renouv\u00e8lman ponp dlo domestik, ranplasman trape twati, renouv\u00e8lman ekleraj ijans  <\/li>\n<li>Amelyorasyon Aks\u00e8  <\/li>\n<li>Renouv\u00e8lman Lobi ak Antre Prensipal  <\/li>\n<li>Renouv\u00e8lman ak Ekspansyon Tw\u00f2l\u00e8t  <\/li>\n<li>Nouvo Tapi ak Sy\u00e8j Teyat  <\/li>\n<li>Renovasyon Ekstery\u00e8<\/li>\n<\/ul>\n\t<h3>Del\u00e8 Pwoj\u00e8 Estimatif<\/h3>\t\n\t<p>Apepr\u00e8 36 mwa<\/p>\n\t<h3>Montan Pwoj\u00e8 a<\/h3>\t\n\t<p>7,480,000<\/p>\n\t\t\t\t\t\t\t\t<a href=\"http:\/\/www.miaminewdrama.org\" target=\"_self\">\n\t\t\t\t\t\t<\/a>\n\t<h3><a href=\"http:\/\/www.miaminewdrama.org\"  target=\"_self\">Tanpri vizite www.miaminewdrama.org pou plis enf\u00f2masyon.<\/a><\/h3>","protected":false},"excerpt":{"rendered":"<p>City-Owned Cultural Facilties Colony Theater Explore the Arts and Culture Dashboard Organizational Background The Colony Theatre is a city-owned 1935 [&hellip;]<\/p>\n","protected":false},"author":222,"featured_media":0,"parent":242175,"menu_order":178,"comment_status":"closed","ping_status":"closed","template":"","meta":{"_searchwp_excluded":"","site-sidebar-layout":"default","site-content-layout":"","ast-site-content-layout":"default","site-content-style":"default","site-sidebar-style":"default","ast-global-header-display":"","ast-banner-title-visibility":"","ast-main-header-display":"","ast-hfb-above-header-display":"","ast-hfb-below-header-display":"","ast-hfb-mobile-header-display":"","site-post-title":"","ast-breadcrumbs-content":"","ast-featured-img":"","footer-sml-layout":"","ast-disable-related-posts":"","theme-transparent-header-meta":"","adv-header-id-meta":"","stick-header-meta":"","header-above-stick-meta":"","header-main-stick-meta":"","header-below-stick-meta":"","astra-migrate-meta-layouts":"default","ast-page-background-enabled":"default","ast-page-background-meta":{"desktop":{"background-color":"var(--ast-global-color-5)","background-image":"","background-repeat":"repeat","background-position":"center center","background-size":"auto","background-attachment":"scroll","background-type":"","background-media":"","overlay-type":"","overlay-color":"","overlay-opacity":"","overlay-gradient":""},"tablet":{"background-color":"","background-image":"","background-repeat":"repeat","background-position":"center center","background-size":"auto","background-attachment":"scroll","background-type":"","background-media":"","overlay-type":"","overlay-color":"","overlay-opacity":"","overlay-gradient":""},"mobile":{"background-color":"","background-image":"","background-repeat":"repeat","background-position":"center center","background-size":"auto","background-attachment":"scroll","background-type":"","background-media":"","overlay-type":"","overlay-color":"","overlay-opacity":"","overlay-gradient":""}},"ast-content-background-meta":{"desktop":{"background-color":"var(--ast-global-color-4)","background-image":"","background-repeat":"repeat","background-position":"center center","background-size":"auto","background-attachment":"scroll","background-type":"","background-media":"","overlay-type":"","overlay-color":"","overlay-opacity":"","overlay-gradient":""},"tablet":{"background-color":"var(--ast-global-color-4)","background-image":"","background-repeat":"repeat","background-position":"center center","background-size":"auto","background-attachment":"scroll","background-type":"","background-media":"","overlay-type":"","overlay-color":"","overlay-opacity":"","overlay-gradient":""},"mobile":{"background-color":"var(--ast-global-color-4)","background-image":"","background-repeat":"repeat","background-position":"center center","background-size":"auto","background-attachment":"scroll","background-type":"","background-media":"","overlay-type":"","overlay-color":"","overlay-opacity":"","overlay-gradient":""}},"footnotes":""},"categories":[],"tags":[],"class_list":["post-244452","page","type-page","status-publish","hentry"],"yoast_head":"<!-- This site is optimized with the Yoast SEO Premium plugin v27.4 (Yoast SEO v27.4) - https:\/\/yoast.com\/product\/yoast-seo-premium-wordpress\/ -->\n<title>Go Bond - Colony Theater - City of Miami Beach<\/title>\n<meta name=\"description\" content=\"%\" \/>\n<meta name=\"robots\" content=\"index, follow, max-snippet:-1, max-image-preview:large, max-video-preview:-1\" \/>\n<link rel=\"canonical\" href=\"https:\/\/www.miamibeachfl.gov\/ht\/gobond-arts2022\/colony-theater-go-bond\/\" \/>\n<meta property=\"og:locale\" content=\"ht_HT\" \/>\n<meta property=\"og:type\" content=\"article\" \/>\n<meta property=\"og:title\" content=\"Go Bond - Colony Theater\" \/>\n<meta property=\"og:description\" content=\"%\" \/>\n<meta property=\"og:url\" content=\"https:\/\/www.miamibeachfl.gov\/ht\/gobond-arts2022\/colony-theater-go-bond\/\" \/>\n<meta property=\"og:site_name\" content=\"City of Miami Beach\" \/>\n<meta property=\"article:publisher\" content=\"https:\/\/www.facebook.com\/cityofmiamibeach\" \/>\n<meta property=\"article:modified_time\" content=\"2025-06-05T01:52:31+00:00\" \/>\n<meta property=\"og:image\" content=\"https:\/\/www.miamibeachfl.gov\/wp-content\/uploads\/2024\/01\/1000pxSquare-miamibeach-aerial-southpointview.jpeg\" \/>\n\t<meta property=\"og:image:width\" content=\"1000\" \/>\n\t<meta property=\"og:image:height\" content=\"1000\" \/>\n\t<meta property=\"og:image:type\" content=\"image\/jpeg\" \/>\n<meta name=\"twitter:card\" content=\"summary_large_image\" \/>\n<meta name=\"twitter:site\" content=\"@Miamibeachnews\" \/>\n<script type=\"application\/ld+json\" class=\"yoast-schema-graph\">{\"@context\":\"https:\\\/\\\/schema.org\",\"@graph\":[{\"@type\":\"WebPage\",\"@id\":\"https:\\\/\\\/www.miamibeachfl.gov\\\/gobond-arts2022\\\/colony-theater-go-bond\\\/\",\"url\":\"https:\\\/\\\/www.miamibeachfl.gov\\\/gobond-arts2022\\\/colony-theater-go-bond\\\/\",\"name\":\"Go Bond - Colony Theater - City of Miami Beach\",\"isPartOf\":{\"@id\":\"https:\\\/\\\/www.miamibeachfl.gov\\\/#website\"},\"datePublished\":\"2023-01-30T12:53:07+00:00\",\"dateModified\":\"2025-06-05T01:52:31+00:00\",\"description\":\"%\",\"breadcrumb\":{\"@id\":\"https:\\\/\\\/www.miamibeachfl.gov\\\/gobond-arts2022\\\/colony-theater-go-bond\\\/#breadcrumb\"},\"inLanguage\":\"ht\",\"potentialAction\":[{\"@type\":\"ReadAction\",\"target\":[\"https:\\\/\\\/www.miamibeachfl.gov\\\/gobond-arts2022\\\/colony-theater-go-bond\\\/\"]}]},{\"@type\":\"BreadcrumbList\",\"@id\":\"https:\\\/\\\/www.miamibeachfl.gov\\\/gobond-arts2022\\\/colony-theater-go-bond\\\/#breadcrumb\",\"itemListElement\":[{\"@type\":\"ListItem\",\"position\":1,\"name\":\"Home\",\"item\":\"https:\\\/\\\/www.miamibeachfl.gov\\\/\"},{\"@type\":\"ListItem\",\"position\":2,\"name\":\"GO Bond Arts 2022\",\"item\":\"https:\\\/\\\/www.miamibeachfl.gov\\\/gobond-arts2022\\\/\"},{\"@type\":\"ListItem\",\"position\":3,\"name\":\"Go Bond &#8211; Colony Theater\"}]},{\"@type\":\"WebSite\",\"@id\":\"https:\\\/\\\/www.miamibeachfl.gov\\\/#website\",\"url\":\"https:\\\/\\\/www.miamibeachfl.gov\\\/\",\"name\":\"City of Miami Beach\",\"description\":\"The official website of the City of Miami Beach. Stay informed, find important information on city services, news, alerts, events, trolley routes, government employment and more.\",\"publisher\":{\"@id\":\"https:\\\/\\\/www.miamibeachfl.gov\\\/#organization\"},\"potentialAction\":[{\"@type\":\"SearchAction\",\"target\":{\"@type\":\"EntryPoint\",\"urlTemplate\":\"https:\\\/\\\/www.miamibeachfl.gov\\\/?s={search_term_string}\"},\"query-input\":{\"@type\":\"PropertyValueSpecification\",\"valueRequired\":true,\"valueName\":\"search_term_string\"}}],\"inLanguage\":\"ht\"},{\"@type\":\"Organization\",\"@id\":\"https:\\\/\\\/www.miamibeachfl.gov\\\/#organization\",\"name\":\"City of Miami Beach\",\"url\":\"https:\\\/\\\/www.miamibeachfl.gov\\\/\",\"logo\":{\"@type\":\"ImageObject\",\"inLanguage\":\"ht\",\"@id\":\"https:\\\/\\\/www.miamibeachfl.gov\\\/#\\\/schema\\\/logo\\\/image\\\/\",\"url\":\"https:\\\/\\\/www.miamibeachfl.gov\\\/wp-content\\\/uploads\\\/2022\\\/06\\\/miamibeach-logoblue.png\",\"contentUrl\":\"https:\\\/\\\/www.miamibeachfl.gov\\\/wp-content\\\/uploads\\\/2022\\\/06\\\/miamibeach-logoblue.png\",\"width\":1962,\"height\":381,\"caption\":\"City of Miami Beach\"},\"image\":{\"@id\":\"https:\\\/\\\/www.miamibeachfl.gov\\\/#\\\/schema\\\/logo\\\/image\\\/\"},\"sameAs\":[\"https:\\\/\\\/www.facebook.com\\\/cityofmiamibeach\",\"https:\\\/\\\/x.com\\\/Miamibeachnews\",\"https:\\\/\\\/www.instagram.com\\\/miamibeachnews\\\/\"],\"description\":\"The official website of the City of Miami Beach. Stay informed, find important information on city services, news, alerts, events, trolley routes, government employment and more.\",\"telephone\":\"305.604.CITY(2489)\",\"legalName\":\"City of Miami Beach\"}]}<\/script>\n<!-- \/ Yoast SEO Premium plugin. -->","yoast_head_json":{"title":"Go Bond - Teyat Koloni - Vil Miami Beach","description":"%","robots":{"index":"index","follow":"follow","max-snippet":"max-snippet:-1","max-image-preview":"max-image-preview:large","max-video-preview":"max-video-preview:-1"},"canonical":"https:\/\/www.miamibeachfl.gov\/ht\/gobond-arts2022\/colony-theater-go-bond\/","og_locale":"ht_HT","og_type":"article","og_title":"Go Bond - Colony Theater","og_description":"%","og_url":"https:\/\/www.miamibeachfl.gov\/ht\/gobond-arts2022\/colony-theater-go-bond\/","og_site_name":"City of Miami Beach","article_publisher":"https:\/\/www.facebook.com\/cityofmiamibeach","article_modified_time":"2025-06-05T01:52:31+00:00","og_image":[{"width":1000,"height":1000,"url":"https:\/\/www.miamibeachfl.gov\/wp-content\/uploads\/2024\/01\/1000pxSquare-miamibeach-aerial-southpointview.jpeg","type":"image\/jpeg"}],"twitter_card":"summary_large_image","twitter_site":"@Miamibeachnews","schema":{"@context":"https:\/\/schema.org","@graph":[{"@type":"WebPage","@id":"https:\/\/www.miamibeachfl.gov\/gobond-arts2022\/colony-theater-go-bond\/","url":"https:\/\/www.miamibeachfl.gov\/gobond-arts2022\/colony-theater-go-bond\/","name":"Go Bond - Teyat Koloni - Vil Miami Beach","isPartOf":{"@id":"https:\/\/www.miamibeachfl.gov\/#website"},"datePublished":"2023-01-30T12:53:07+00:00","dateModified":"2025-06-05T01:52:31+00:00","description":"%","breadcrumb":{"@id":"https:\/\/www.miamibeachfl.gov\/gobond-arts2022\/colony-theater-go-bond\/#breadcrumb"},"inLanguage":"ht","potentialAction":[{"@type":"ReadAction","target":["https:\/\/www.miamibeachfl.gov\/gobond-arts2022\/colony-theater-go-bond\/"]}]},{"@type":"BreadcrumbList","@id":"https:\/\/www.miamibeachfl.gov\/gobond-arts2022\/colony-theater-go-bond\/#breadcrumb","itemListElement":[{"@type":"ListItem","position":1,"name":"Home","item":"https:\/\/www.miamibeachfl.gov\/"},{"@type":"ListItem","position":2,"name":"GO Bond Arts 2022","item":"https:\/\/www.miamibeachfl.gov\/gobond-arts2022\/"},{"@type":"ListItem","position":3,"name":"Go Bond &#8211; Colony Theater"}]},{"@type":"WebSite","@id":"https:\/\/www.miamibeachfl.gov\/#website","url":"https:\/\/www.miamibeachfl.gov\/","name":"Vil Miami Beach","description":"Sitw\u00e8b ofisy\u00e8l Vil Miami Beach la. Rete enf\u00f2me, jwenn enf\u00f2masyon enp\u00f2tan sou s\u00e8vis vil la, nouv\u00e8l, al\u00e8t, ev\u00e8nman, wout tramway, travay gouv\u00e8nman an ak plis ank\u00f2.","publisher":{"@id":"https:\/\/www.miamibeachfl.gov\/#organization"},"potentialAction":[{"@type":"SearchAction","target":{"@type":"EntryPoint","urlTemplate":"https:\/\/www.miamibeachfl.gov\/?s={search_term_string}"},"query-input":{"@type":"PropertyValueSpecification","valueRequired":true,"valueName":"search_term_string"}}],"inLanguage":"ht"},{"@type":"Organization","@id":"https:\/\/www.miamibeachfl.gov\/#organization","name":"Vil Miami Beach","url":"https:\/\/www.miamibeachfl.gov\/","logo":{"@type":"ImageObject","inLanguage":"ht","@id":"https:\/\/www.miamibeachfl.gov\/#\/schema\/logo\/image\/","url":"https:\/\/www.miamibeachfl.gov\/wp-content\/uploads\/2022\/06\/miamibeach-logoblue.png","contentUrl":"https:\/\/www.miamibeachfl.gov\/wp-content\/uploads\/2022\/06\/miamibeach-logoblue.png","width":1962,"height":381,"caption":"City of Miami Beach"},"image":{"@id":"https:\/\/www.miamibeachfl.gov\/#\/schema\/logo\/image\/"},"sameAs":["https:\/\/www.facebook.com\/cityofmiamibeach","https:\/\/x.com\/Miamibeachnews","https:\/\/www.instagram.com\/miamibeachnews\/"],"description":"Sitw\u00e8b ofisy\u00e8l Vil Miami Beach la. Rete enf\u00f2me, jwenn enf\u00f2masyon enp\u00f2tan sou s\u00e8vis vil la, nouv\u00e8l, al\u00e8t, ev\u00e8nman, wout tramway, travay gouv\u00e8nman an ak plis ank\u00f2.","telephone":"305.604.CITY(2489)","legalName":"City of Miami Beach"}]}},"_links":{"self":[{"href":"https:\/\/www.miamibeachfl.gov\/ht\/wp-json\/wp\/v2\/pages\/244452","targetHints":{"allow":["GET"]}}],"collection":[{"href":"https:\/\/www.miamibeachfl.gov\/ht\/wp-json\/wp\/v2\/pages"}],"about":[{"href":"https:\/\/www.miamibeachfl.gov\/ht\/wp-json\/wp\/v2\/types\/page"}],"author":[{"embeddable":true,"href":"https:\/\/www.miamibeachfl.gov\/ht\/wp-json\/wp\/v2\/users\/222"}],"replies":[{"embeddable":true,"href":"https:\/\/www.miamibeachfl.gov\/ht\/wp-json\/wp\/v2\/comments?post=244452"}],"version-history":[{"count":1,"href":"https:\/\/www.miamibeachfl.gov\/ht\/wp-json\/wp\/v2\/pages\/244452\/revisions"}],"predecessor-version":[{"id":375376,"href":"https:\/\/www.miamibeachfl.gov\/ht\/wp-json\/wp\/v2\/pages\/244452\/revisions\/375376"}],"up":[{"embeddable":true,"href":"https:\/\/www.miamibeachfl.gov\/ht\/wp-json\/wp\/v2\/pages\/242175"}],"wp:attachment":[{"href":"https:\/\/www.miamibeachfl.gov\/ht\/wp-json\/wp\/v2\/media?parent=244452"}],"wp:term":[{"taxonomy":"category","embeddable":true,"href":"https:\/\/www.miamibeachfl.gov\/ht\/wp-json\/wp\/v2\/categories?post=244452"},{"taxonomy":"post_tag","embeddable":true,"href":"https:\/\/www.miamibeachfl.gov\/ht\/wp-json\/wp\/v2\/tags?post=244452"}],"curies":[{"name":"wp","href":"https:\/\/api.w.org\/{rel}","templated":true}]}}