{"id":247293,"date":"2023-02-14T14:07:56","date_gmt":"2023-02-14T19:07:56","guid":{"rendered":"https:\/\/www.miamibeachfl.gov\/?page_id=247293"},"modified":"2025-06-02T22:09:57","modified_gmt":"2025-06-03T02:09:57","slug":"feb-2023-business-spotlight","status":"publish","type":"page","link":"https:\/\/www.miamibeachfl.gov\/ht\/spotlight\/feb-2023-business-spotlight\/","title":{"rendered":"Anons Spesyal sou Biznis Miami Beach Bibi Art Media Inc"},"content":{"rendered":"<h5>\n\t\t<a href=\"https:\/\/www.miamibeachfl.gov\/ht\/mbbiznews\/\" title=\"Ab\u00f2ne isit la pou resevwa bilten biznis Vil la nan bwat resepsyon ou chak mwa.\"  target=\"_blank\"  rel=\"noopener\">\n\t\t\tAb\u00f2ne isit la pou resevwa bilten biznis Vil la nan bwat resepsyon ou chak mwa.\t\t<\/a>\n\t<\/h5>\n<h5>\n\t\t<a href=\"https:\/\/myemail.constantcontact.com\/Stay-connected-with-MB-Biz--.html?soid=1011085968389&#038;aid=S0mHBwwl4Fs\" title=\"Bilten Biznis\"  target=\"_blank\"  rel=\"noopener\">\n\t\t\tBilten Biznis\t\t<\/a>\n\t<\/h5>\n<h2>\n\t\t\tBibi Art Media, Inc.\t<\/h2>\n\t\t\t\t<img decoding=\"async\" src=\"https:\/\/www.miamibeachfl.gov\/wp-content\/uploads\/2023\/02\/Bibi-Image-scaled.jpg\" alt=\"Bibi Art Media Inc\" itemprop=\"image\" title=\"Imaj Bibi\" onerror=\"this.style.display='none'\" loading='lazy' \/>\n\t<p><strong>Non:<\/strong> Brigitte Andrade<\/p>\n<p><strong>Kote nesans:<\/strong> Orange, Nou J\u00e8ze<\/p>\n<p><strong>Nan ki vil ou rete kounye a? <\/strong>\u00a0\u00a0Mwen gen 30 an depi m ap viv nan Miami Beach!<\/p>\n<p><strong>Pale nou de t\u00e8t ou<\/strong><\/p>\n<p>Mwen se yon pwofesyon\u00e8l ki gen plizy\u00e8 talan, av\u00e8k yon eksperyans nan piblikasyon, atizay, ekriti ak m\u00f2d. Mwen te gradye nan Fashion Institute of Technology nan Nouy\u00f2k epi mwen te k\u00f2manse kary\u00e8 mwen k\u00f2m Direkt\u00e8 Jeneral Beauty Bookings an 1981. Mwen te responsab pou jere atis ak anplwaye nan premye e pi gwo ajans makiyaj, kwaf\u00e8 ak fotografi nan vil Nouy\u00f2k. Nan fen ane 80 yo, mwen te fonde Brigitte Inc., yon konpayi pwodiksyon ki bay s\u00e8vis tankou piblisite enprime, pwodiksyon katal\u00f2g ak reklam televizyon pou ajans piblisite ak televizyon kab, bidj\u00e8, planifikasyon ak montaj fim.<\/p>\n<p>Mwen te demenaje Miami Beach nan k\u00f2mansman ane 90 yo epi mwen te deside pouswiv pasyon mwen pou atizay. Se la kary\u00e8 mwen k\u00f2m yon atis te devlope, epi mwen te kapab eksplwate kreyativite p\u00e8son\u00e8l mwen. Mwen te kreye seri liv komik ki te f\u00e8 siks\u00e8, &quot;The Adventures of Bibi &amp; Friends&quot; an 1999. An 2002, l\u00e8 Art Basel Miami Beach te lanse nan Miami Beach, mwen te gen twa (3) ane liv komik nan p\u00f2tfolyo mwen, epi travay atistik mwen an te prezante nan izolwa Greater Miami and Miami Beach Convention and Visitors Bureau (GMCVB) pandan de (2) ane. Natir\u00e8l eklektik atizay ki te ekspoze pandan Art Basel te enspire m pou m pouswiv lavant atizay, epi li te pouse m pou m kreye yon nouvo konpayi, Bibi Art Media Inc., ki konbine piblikasyon, atizay, ak ev\u00e8nman chef prive atistik.<\/p>\n<p>M ap tann ak enpasyans k\u00e8k nouvo pwoj\u00e8 enteresan epi mwen deside, apre mwen fin w\u00e8 travay atistik dw\u00f2l k ap vann pou plizy\u00e8 milyon, &quot;Mwen te ka f\u00e8 sa tou...Mwen ka vann travay atistik tou!&quot; Mwen s\u00e8ten anpil atis gen menm panse a.<\/p>\n<p><strong>Pale nou de yon rekonesans enp\u00f2tan ou te resevwa nan men Vil Miami Beach la?<\/strong><\/p>\n<p>Mwen te resevwa 1ye Prim Manm Kominote Mwa Istwa Nwa a nan men Vil Miami Beach ak Komite Konsiltatif Zaf\u00e8 Nwa yo nan dat 18 fevriye 2022, an rekonesans pou &quot;Angajman ak Dedikasyon Eksepsyon\u00e8l anv\u00e8 Atizay ak Kilti nan Vil Miami Beach ak nan lemonn&quot;. Prim sa a enp\u00f2tan pou mwen e mwen rekonesan pou repons pozitif mwen te resevwa nan men kominote Miami Beach la, li te ban mwen yon lajwa ekstra\u00f2din\u00e8!<\/p>\n<p>Mwen se youn nan manm fondat\u00e8 Komite Konseye Zaf\u00e8 Nwa Miami Beach la, ki ap travay pou kreye transparans ak ekite nan pwogramasyon, akizisyon, ak r\u00e8gleman. Sa enspire m pou m kreye yon paj nan nouvo Bibi Book la pou mete aksan sou pwogramasyon ak dyaspora Nwa istorik nan Miami Beach. Kontribisyon kominot\u00e8 mwen nan Miami Beach gen ladan tou s\u00e8vi nan komite Vil S\u00e8 Miami Beach yo, ak s\u00e8vi nan Miami Beach Arts Trust la. Mwen te resevwa yon prim nan men <em>Magazin Eritaj<\/em> k\u00f2m youn nan &quot;Lid\u00e8 Biznis Nwa ki gen plis Pwisan ak Enfliyans nan Miami an 2022.&quot; Li te par\u00e8t nan nimewo Power la, ki te pibliye nan dat 17 avril 2022, k\u00f2m yon insert nan <em>Miami Herald<\/em>.<\/p>\n<p>Mwen te pase plizy\u00e8 ane ap konsakre kary\u00e8 mwen nan dom\u00e8n atistik la epi mwen te pwodui liv komik Centennial la pou Miami Beach an 2015. Mwen te kreye sit ent\u00e8n\u00e8t la. <em>Atizay Desanm Miami <\/em>an 2008 pou atis lokal yo pataje ev\u00e8nman atistik epi bay kominote a medya sosyal ak maketing gratis pandan 14 d\u00e8nye ane yo. Zanmi mwen yo ak mwen souvan ri byen f\u00f2 d\u00e8ske mwen se GOAT (Pi Gran Tout Tan) Miami Beach paske, jiska prezan, mwen gen kat (4) pwoklamasyon Miami Beach, yon kle pou Vil la, yon Meday Chanpyona, pou nou site k\u00e8k ladan yo s\u00e8lman. Mwen santi m onore e mwen santi m onore.<\/p>\n<p><strong>Felisitasyon pou viktwa 7y\u00e8m lan.<sup>y\u00e8m<\/sup> Konkou any\u00e8l Art of Black Cover prezante pa Greater Miami and Miami Beach Convention &amp; Visitors Bureau (GMCVB) ansanm ak magazin MIA! Di nou kijan sa ye!<\/strong><\/p>\n<p>Genyen konkou sa a te yon gwo sipriz. Mwen te antre nan konkou a nan d\u00e8nye moman apre mwen te fin resevwa yon im\u00e8l epi mwen te s\u00e8lman gen k\u00e8k jou pou m soum\u00e8t yon travay. Mwen te kreye &quot;Serenity&quot; pou konkou a nan de (2) jou epi mwen te soum\u00e8t li san okenn atant. Mwen te t\u00e8lman sezi l\u00e8 telef\u00f2n nan te sonnen ke mwen te genyen! Kouv\u00e8ti a te par\u00e8t k\u00f2m yon insert nan <em>Miami Herald<\/em> epi <em>Santin\u00e8l Sol\u00e8y<\/em> pandan Art Basel Miami Beach ak Art Week 2021, ki te yon kouv\u00e8ti kokenn pou yon atis epi ki te vini ak yon b\u00e8l pri. Prezantasyon ch\u00e8k la te f\u00e8t nan Historic Lyric Theater nan Overtown nan dat 9 fevriye 2022.<\/p>\n<p><strong>Ki sa ki te enspirasyon ou pou Serenity?<\/strong><\/p>\n<p>Premye panse mwen te genyen se te yon konkou kouv\u00e8ti, epi pou m konnen kisa ki t ap byen par\u00e8t sou kouv\u00e8ti yon magazin komik. Mwen pibliye 17 kouv\u00e8ti nan seri liv komik mwen an &quot;The Adventures of Bibi &amp; Friends&quot;, donk mwen te k\u00f2manse la. Pandan pandemi 2020-21 an, mwen te kreye anpil atizay dijital epi mwen te chache kreye yon bagay ki frapan e kolore. Yon moso mwen te kreye pandan pandemi an te vin fondasyon &quot;Serenity&quot;. Mwen sonje jou sa a paske mwen te nan yon koule en\u00e8ji super kreyatif, epi tout bagay t ap mache an fav\u00e8 mwen. Mwen deja vann premye moso atizay &quot;Serenity&quot; mwen an sou aliminy\u00f2m!<\/p>\n<p><strong>\u00c8ske gen l\u00f2t pwoj\u00e8 enteresan w ap travay sou yo?<\/strong><\/p>\n<p>Nouvo edisyon mwen an nan &quot;Aventur Bibi ak Zanmi l yo&quot; ap soti nan k\u00f2mansman mwa mas 2023, pou selebre 24 ane seri liv komik la. Mwen kontan anpil pou edisyon sa a paske li gen ladan l nouvo ev\u00e8nman b\u00e8l bagay ak angajman kiltir\u00e8l nan Miami Beach. Mwen par\u00e8t tou nan kanpay piblisite Miami Beach ak GMCVB &quot;Pran Swen Vil Nou an&quot; pou 2y\u00e8m ane a k\u00f2m yon enfliyans\u00e8 lokal. Ou ka jwenn atizay ak machandiz mwen yo nan <strong><a href=\"https:\/\/www.theadventuresofbibiandfriends.com\/shop\">Magazen Mize Bibi<\/a><\/strong>, ak tenis ak sak p\u00e8sonalize \u2013 ki se yon siks\u00e8! Mwen te gen lide pou m mete p\u00e8sonaj komik yo sou tenis p\u00e8sonalize pou zanmi m yo te ka f\u00e8 pwomosyon pou t\u00e8t yo, epi mwen te ilistre d\u00e8 sant\u00e8n de moun rey\u00e8l ki soti Miami Beach. Gen l\u00f2t pwoj\u00e8 enteresan ki an preparasyon, men mwen pa ka revele yo ank\u00f2 \u2013 rete branche!<\/p>\n<p><strong>Ou te f\u00e8k gen yon ekspozisyon nan yon mize nan Miami tou d\u00e8ny\u00e8man?<\/strong><\/p>\n<p>Mwen te gen lon\u00e8 pou m te ekspoze travay mwen nan <em>Mize Istwa Miami<\/em> pandan kat (4) mwa, pou selebre 22 ane liv komik &quot;The Adventures of Bibi &amp; Friends&quot;. Ekspozisyon an te f\u00e8 pati Art Week Miami. Se te yon foto Miami Beach epi li te prezante yon koleksyon div\u00e8s paj ki soti nan liv komik &quot;The Adventures of Bibi &amp; Friends&quot;. Anpil nan kote ki par\u00e8t nan liv komik yo kounye a f\u00e8 pati yon istwa enkwayab nan Miami Beach, \u00e8ske se fason pa m pou m rann omaj a zanmi ak kote ki gen siyifikasyon pou mwen. Ekspozisyon an te prezante &quot;Miami Marine Stadium Bibi Chair&quot; la, ke mwen te kreye an kolaborasyon av\u00e8k pwoj\u00e8 &quot;If Seats Could Talk&quot; la, pou sip\u00f2te restorasyon Miami Marine Stadium. An 2017, yo te bay plizy\u00e8 atis ch\u00e8z orijinal yo, sa ki te p\u00e8m\u00e8t yo kreye nouvo z\u00e8v atistik, patwone pa Vil Miami. Mwen te kontan anpil ke sa te 2y\u00e8m pa m.<sup>nd<\/sup> ap montre nan la <em>Mize Istwa Miami<\/em>Premye ekspozisyon pa m nan te prezante nonm Lejand Soul la, Sam Moore, av\u00e8k k\u00e8k moso travay atistik ki soti nan yon liv mwen te travay sou li pandan plizy\u00e8 ane. Mwen konsidere t\u00e8t mwen chans pou mwen te gen 22 ekspozisyon enp\u00f2tan e sa ap kontinye ogmante.<\/p>\n<p><strong>\u00c8ske w ap ekspoze yon kote kounye a?<\/strong><\/p>\n<p>Mwen gen yon ekspozisyon kounye a nan &quot;Nathan&#039;s Video Bar&quot;, sou Washington Avenue, jiska fen mwa fevriye 2023. Mwen gen travay atistik tou ki ekspoze nan <em>Imobilye ak Ekspedisyon nan L\u00e8s Collins<\/em> nan Aventura, FL epi ou ka w\u00e8 travay atistik la sou ent\u00e8n\u00e8t.<\/p>\n<p><strong>Ki kote nou ka jwenn ou sou rezo sosyal yo?<\/strong><\/p>\n<p>Ou ka vizite sitw\u00e8b mwen an www.theadventuresofbibiandfriends.com oubyen swiv @Bibiadventures sou Instagram. Ou ka jwenn yon ti aper\u00e7u tou sou liv ak travay atistik Sam Moore ki pral soti a sou www.soulmanart.com<\/p>\n<p>&nbsp;<\/p>","protected":false},"excerpt":{"rendered":"<p>Subscribe here to receive the City&#8217;s business newsletter to your inbox monthly. Business Newsletter Bibi Art Media, Inc Name: Brigitte [&hellip;]<\/p>\n","protected":false},"author":222,"featured_media":0,"parent":253255,"menu_order":0,"comment_status":"closed","ping_status":"closed","template":"","meta":{"_searchwp_excluded":"","site-sidebar-layout":"default","site-content-layout":"","ast-site-content-layout":"default","site-content-style":"default","site-sidebar-style":"default","ast-global-header-display":"","ast-banner-title-visibility":"","ast-main-header-display":"","ast-hfb-above-header-display":"","ast-hfb-below-header-display":"","ast-hfb-mobile-header-display":"","site-post-title":"","ast-breadcrumbs-content":"","ast-featured-img":"","footer-sml-layout":"","ast-disable-related-posts":"","theme-transparent-header-meta":"","adv-header-id-meta":"","stick-header-meta":"","header-above-stick-meta":"","header-main-stick-meta":"","header-below-stick-meta":"","astra-migrate-meta-layouts":"default","ast-page-background-enabled":"default","ast-page-background-meta":{"desktop":{"background-color":"var(--ast-global-color-5)","background-image":"","background-repeat":"repeat","background-position":"center center","background-size":"auto","background-attachment":"scroll","background-type":"","background-media":"","overlay-type":"","overlay-color":"","overlay-opacity":"","overlay-gradient":""},"tablet":{"background-color":"","background-image":"","background-repeat":"repeat","background-position":"center center","background-size":"auto","background-attachment":"scroll","background-type":"","background-media":"","overlay-type":"","overlay-color":"","overlay-opacity":"","overlay-gradient":""},"mobile":{"background-color":"","background-image":"","background-repeat":"repeat","background-position":"center center","background-size":"auto","background-attachment":"scroll","background-type":"","background-media":"","overlay-type":"","overlay-color":"","overlay-opacity":"","overlay-gradient":""}},"ast-content-background-meta":{"desktop":{"background-color":"var(--ast-global-color-4)","background-image":"","background-repeat":"repeat","background-position":"center center","background-size":"auto","background-attachment":"scroll","background-type":"","background-media":"","overlay-type":"","overlay-color":"","overlay-opacity":"","overlay-gradient":""},"tablet":{"background-color":"var(--ast-global-color-4)","background-image":"","background-repeat":"repeat","background-position":"center center","background-size":"auto","background-attachment":"scroll","background-type":"","background-media":"","overlay-type":"","overlay-color":"","overlay-opacity":"","overlay-gradient":""},"mobile":{"background-color":"var(--ast-global-color-4)","background-image":"","background-repeat":"repeat","background-position":"center center","background-size":"auto","background-attachment":"scroll","background-type":"","background-media":"","overlay-type":"","overlay-color":"","overlay-opacity":"","overlay-gradient":""}},"footnotes":""},"categories":[],"tags":[],"class_list":["post-247293","page","type-page","status-publish","hentry"],"yoast_head":"<!-- This site is optimized with the Yoast SEO Premium plugin v27.4 (Yoast SEO v27.4) - https:\/\/yoast.com\/product\/yoast-seo-premium-wordpress\/ -->\n<title>Miami Beach Business Spotlight Bibi Art Media Inc - City of Miami Beach<\/title>\n<meta name=\"description\" content=\"%\" \/>\n<meta name=\"robots\" content=\"index, follow, max-snippet:-1, max-image-preview:large, max-video-preview:-1\" \/>\n<link rel=\"canonical\" href=\"https:\/\/www.miamibeachfl.gov\/ht\/spotlight\/feb-2023-business-spotlight\/\" \/>\n<meta property=\"og:locale\" content=\"ht_HT\" \/>\n<meta property=\"og:type\" content=\"article\" \/>\n<meta property=\"og:title\" content=\"Miami Beach Business Spotlight Bibi Art Media Inc\" \/>\n<meta property=\"og:description\" content=\"%\" \/>\n<meta property=\"og:url\" content=\"https:\/\/www.miamibeachfl.gov\/ht\/spotlight\/feb-2023-business-spotlight\/\" \/>\n<meta property=\"og:site_name\" content=\"City of Miami Beach\" \/>\n<meta property=\"article:publisher\" content=\"https:\/\/www.facebook.com\/cityofmiamibeach\" \/>\n<meta property=\"article:modified_time\" content=\"2025-06-03T02:09:57+00:00\" \/>\n<meta property=\"og:image\" content=\"https:\/\/www.miamibeachfl.gov\/wp-content\/uploads\/2023\/02\/Bibi-Image-scaled.jpg\" \/>\n<meta name=\"twitter:card\" content=\"summary_large_image\" \/>\n<meta name=\"twitter:site\" content=\"@Miamibeachnews\" \/>\n<script type=\"application\/ld+json\" class=\"yoast-schema-graph\">{\"@context\":\"https:\\\/\\\/schema.org\",\"@graph\":[{\"@type\":\"WebPage\",\"@id\":\"https:\\\/\\\/www.miamibeachfl.gov\\\/spotlight\\\/feb-2023-business-spotlight\\\/\",\"url\":\"https:\\\/\\\/www.miamibeachfl.gov\\\/spotlight\\\/feb-2023-business-spotlight\\\/\",\"name\":\"Miami Beach Business Spotlight Bibi Art Media Inc - City of Miami Beach\",\"isPartOf\":{\"@id\":\"https:\\\/\\\/www.miamibeachfl.gov\\\/#website\"},\"primaryImageOfPage\":{\"@id\":\"https:\\\/\\\/www.miamibeachfl.gov\\\/spotlight\\\/feb-2023-business-spotlight\\\/#primaryimage\"},\"image\":{\"@id\":\"https:\\\/\\\/www.miamibeachfl.gov\\\/spotlight\\\/feb-2023-business-spotlight\\\/#primaryimage\"},\"thumbnailUrl\":\"https:\\\/\\\/www.miamibeachfl.gov\\\/wp-content\\\/uploads\\\/2023\\\/02\\\/Bibi-Image-scaled.jpg\",\"datePublished\":\"2023-02-14T19:07:56+00:00\",\"dateModified\":\"2025-06-03T02:09:57+00:00\",\"description\":\"%\",\"breadcrumb\":{\"@id\":\"https:\\\/\\\/www.miamibeachfl.gov\\\/spotlight\\\/feb-2023-business-spotlight\\\/#breadcrumb\"},\"inLanguage\":\"ht\",\"potentialAction\":[{\"@type\":\"ReadAction\",\"target\":[\"https:\\\/\\\/www.miamibeachfl.gov\\\/spotlight\\\/feb-2023-business-spotlight\\\/\"]}]},{\"@type\":\"ImageObject\",\"inLanguage\":\"ht\",\"@id\":\"https:\\\/\\\/www.miamibeachfl.gov\\\/spotlight\\\/feb-2023-business-spotlight\\\/#primaryimage\",\"url\":\"https:\\\/\\\/www.miamibeachfl.gov\\\/wp-content\\\/uploads\\\/2023\\\/02\\\/Bibi-Image-scaled.jpg\",\"contentUrl\":\"https:\\\/\\\/www.miamibeachfl.gov\\\/wp-content\\\/uploads\\\/2023\\\/02\\\/Bibi-Image-scaled.jpg\"},{\"@type\":\"BreadcrumbList\",\"@id\":\"https:\\\/\\\/www.miamibeachfl.gov\\\/spotlight\\\/feb-2023-business-spotlight\\\/#breadcrumb\",\"itemListElement\":[{\"@type\":\"ListItem\",\"position\":1,\"name\":\"Home\",\"item\":\"https:\\\/\\\/www.miamibeachfl.gov\\\/\"},{\"@type\":\"ListItem\",\"position\":2,\"name\":\"Business Newsletters and Spotlights\",\"item\":\"https:\\\/\\\/www.miamibeachfl.gov\\\/spotlight\\\/\"},{\"@type\":\"ListItem\",\"position\":3,\"name\":\"Miami Beach Business Spotlight Bibi Art Media Inc\"}]},{\"@type\":\"WebSite\",\"@id\":\"https:\\\/\\\/www.miamibeachfl.gov\\\/#website\",\"url\":\"https:\\\/\\\/www.miamibeachfl.gov\\\/\",\"name\":\"City of Miami Beach\",\"description\":\"The official website of the City of Miami Beach. Stay informed, find important information on city services, news, alerts, events, trolley routes, government employment and more.\",\"publisher\":{\"@id\":\"https:\\\/\\\/www.miamibeachfl.gov\\\/#organization\"},\"potentialAction\":[{\"@type\":\"SearchAction\",\"target\":{\"@type\":\"EntryPoint\",\"urlTemplate\":\"https:\\\/\\\/www.miamibeachfl.gov\\\/?s={search_term_string}\"},\"query-input\":{\"@type\":\"PropertyValueSpecification\",\"valueRequired\":true,\"valueName\":\"search_term_string\"}}],\"inLanguage\":\"ht\"},{\"@type\":\"Organization\",\"@id\":\"https:\\\/\\\/www.miamibeachfl.gov\\\/#organization\",\"name\":\"City of Miami Beach\",\"url\":\"https:\\\/\\\/www.miamibeachfl.gov\\\/\",\"logo\":{\"@type\":\"ImageObject\",\"inLanguage\":\"ht\",\"@id\":\"https:\\\/\\\/www.miamibeachfl.gov\\\/#\\\/schema\\\/logo\\\/image\\\/\",\"url\":\"https:\\\/\\\/www.miamibeachfl.gov\\\/wp-content\\\/uploads\\\/2022\\\/06\\\/miamibeach-logoblue.png\",\"contentUrl\":\"https:\\\/\\\/www.miamibeachfl.gov\\\/wp-content\\\/uploads\\\/2022\\\/06\\\/miamibeach-logoblue.png\",\"width\":1962,\"height\":381,\"caption\":\"City of Miami Beach\"},\"image\":{\"@id\":\"https:\\\/\\\/www.miamibeachfl.gov\\\/#\\\/schema\\\/logo\\\/image\\\/\"},\"sameAs\":[\"https:\\\/\\\/www.facebook.com\\\/cityofmiamibeach\",\"https:\\\/\\\/x.com\\\/Miamibeachnews\",\"https:\\\/\\\/www.instagram.com\\\/miamibeachnews\\\/\"],\"description\":\"The official website of the City of Miami Beach. Stay informed, find important information on city services, news, alerts, events, trolley routes, government employment and more.\",\"telephone\":\"305.604.CITY(2489)\",\"legalName\":\"City of Miami Beach\"}]}<\/script>\n<!-- \/ Yoast SEO Premium plugin. -->","yoast_head_json":{"title":"Anons Spesyal sou Biznis Miami Beach Bibi Art Media Inc - Vil Miami Beach","description":"%","robots":{"index":"index","follow":"follow","max-snippet":"max-snippet:-1","max-image-preview":"max-image-preview:large","max-video-preview":"max-video-preview:-1"},"canonical":"https:\/\/www.miamibeachfl.gov\/ht\/spotlight\/feb-2023-business-spotlight\/","og_locale":"ht_HT","og_type":"article","og_title":"Miami Beach Business Spotlight Bibi Art Media Inc","og_description":"%","og_url":"https:\/\/www.miamibeachfl.gov\/ht\/spotlight\/feb-2023-business-spotlight\/","og_site_name":"City of Miami Beach","article_publisher":"https:\/\/www.facebook.com\/cityofmiamibeach","article_modified_time":"2025-06-03T02:09:57+00:00","og_image":[{"url":"https:\/\/www.miamibeachfl.gov\/wp-content\/uploads\/2023\/02\/Bibi-Image-scaled.jpg","type":"","width":"","height":""}],"twitter_card":"summary_large_image","twitter_site":"@Miamibeachnews","schema":{"@context":"https:\/\/schema.org","@graph":[{"@type":"WebPage","@id":"https:\/\/www.miamibeachfl.gov\/spotlight\/feb-2023-business-spotlight\/","url":"https:\/\/www.miamibeachfl.gov\/spotlight\/feb-2023-business-spotlight\/","name":"Anons Spesyal sou Biznis Miami Beach Bibi Art Media Inc - Vil Miami Beach","isPartOf":{"@id":"https:\/\/www.miamibeachfl.gov\/#website"},"primaryImageOfPage":{"@id":"https:\/\/www.miamibeachfl.gov\/spotlight\/feb-2023-business-spotlight\/#primaryimage"},"image":{"@id":"https:\/\/www.miamibeachfl.gov\/spotlight\/feb-2023-business-spotlight\/#primaryimage"},"thumbnailUrl":"https:\/\/www.miamibeachfl.gov\/wp-content\/uploads\/2023\/02\/Bibi-Image-scaled.jpg","datePublished":"2023-02-14T19:07:56+00:00","dateModified":"2025-06-03T02:09:57+00:00","description":"%","breadcrumb":{"@id":"https:\/\/www.miamibeachfl.gov\/spotlight\/feb-2023-business-spotlight\/#breadcrumb"},"inLanguage":"ht","potentialAction":[{"@type":"ReadAction","target":["https:\/\/www.miamibeachfl.gov\/spotlight\/feb-2023-business-spotlight\/"]}]},{"@type":"ImageObject","inLanguage":"ht","@id":"https:\/\/www.miamibeachfl.gov\/spotlight\/feb-2023-business-spotlight\/#primaryimage","url":"https:\/\/www.miamibeachfl.gov\/wp-content\/uploads\/2023\/02\/Bibi-Image-scaled.jpg","contentUrl":"https:\/\/www.miamibeachfl.gov\/wp-content\/uploads\/2023\/02\/Bibi-Image-scaled.jpg"},{"@type":"BreadcrumbList","@id":"https:\/\/www.miamibeachfl.gov\/spotlight\/feb-2023-business-spotlight\/#breadcrumb","itemListElement":[{"@type":"ListItem","position":1,"name":"Home","item":"https:\/\/www.miamibeachfl.gov\/"},{"@type":"ListItem","position":2,"name":"Business Newsletters and Spotlights","item":"https:\/\/www.miamibeachfl.gov\/spotlight\/"},{"@type":"ListItem","position":3,"name":"Miami Beach Business Spotlight Bibi Art Media Inc"}]},{"@type":"WebSite","@id":"https:\/\/www.miamibeachfl.gov\/#website","url":"https:\/\/www.miamibeachfl.gov\/","name":"Vil Miami Beach","description":"Sitw\u00e8b ofisy\u00e8l Vil Miami Beach la. Rete enf\u00f2me, jwenn enf\u00f2masyon enp\u00f2tan sou s\u00e8vis vil la, nouv\u00e8l, al\u00e8t, ev\u00e8nman, wout tramway, travay gouv\u00e8nman an ak plis ank\u00f2.","publisher":{"@id":"https:\/\/www.miamibeachfl.gov\/#organization"},"potentialAction":[{"@type":"SearchAction","target":{"@type":"EntryPoint","urlTemplate":"https:\/\/www.miamibeachfl.gov\/?s={search_term_string}"},"query-input":{"@type":"PropertyValueSpecification","valueRequired":true,"valueName":"search_term_string"}}],"inLanguage":"ht"},{"@type":"Organization","@id":"https:\/\/www.miamibeachfl.gov\/#organization","name":"Vil Miami Beach","url":"https:\/\/www.miamibeachfl.gov\/","logo":{"@type":"ImageObject","inLanguage":"ht","@id":"https:\/\/www.miamibeachfl.gov\/#\/schema\/logo\/image\/","url":"https:\/\/www.miamibeachfl.gov\/wp-content\/uploads\/2022\/06\/miamibeach-logoblue.png","contentUrl":"https:\/\/www.miamibeachfl.gov\/wp-content\/uploads\/2022\/06\/miamibeach-logoblue.png","width":1962,"height":381,"caption":"City of Miami Beach"},"image":{"@id":"https:\/\/www.miamibeachfl.gov\/#\/schema\/logo\/image\/"},"sameAs":["https:\/\/www.facebook.com\/cityofmiamibeach","https:\/\/x.com\/Miamibeachnews","https:\/\/www.instagram.com\/miamibeachnews\/"],"description":"Sitw\u00e8b ofisy\u00e8l Vil Miami Beach la. Rete enf\u00f2me, jwenn enf\u00f2masyon enp\u00f2tan sou s\u00e8vis vil la, nouv\u00e8l, al\u00e8t, ev\u00e8nman, wout tramway, travay gouv\u00e8nman an ak plis ank\u00f2.","telephone":"305.604.CITY(2489)","legalName":"City of Miami Beach"}]}},"_links":{"self":[{"href":"https:\/\/www.miamibeachfl.gov\/ht\/wp-json\/wp\/v2\/pages\/247293","targetHints":{"allow":["GET"]}}],"collection":[{"href":"https:\/\/www.miamibeachfl.gov\/ht\/wp-json\/wp\/v2\/pages"}],"about":[{"href":"https:\/\/www.miamibeachfl.gov\/ht\/wp-json\/wp\/v2\/types\/page"}],"author":[{"embeddable":true,"href":"https:\/\/www.miamibeachfl.gov\/ht\/wp-json\/wp\/v2\/users\/222"}],"replies":[{"embeddable":true,"href":"https:\/\/www.miamibeachfl.gov\/ht\/wp-json\/wp\/v2\/comments?post=247293"}],"version-history":[{"count":1,"href":"https:\/\/www.miamibeachfl.gov\/ht\/wp-json\/wp\/v2\/pages\/247293\/revisions"}],"predecessor-version":[{"id":375074,"href":"https:\/\/www.miamibeachfl.gov\/ht\/wp-json\/wp\/v2\/pages\/247293\/revisions\/375074"}],"up":[{"embeddable":true,"href":"https:\/\/www.miamibeachfl.gov\/ht\/wp-json\/wp\/v2\/pages\/253255"}],"wp:attachment":[{"href":"https:\/\/www.miamibeachfl.gov\/ht\/wp-json\/wp\/v2\/media?parent=247293"}],"wp:term":[{"taxonomy":"category","embeddable":true,"href":"https:\/\/www.miamibeachfl.gov\/ht\/wp-json\/wp\/v2\/categories?post=247293"},{"taxonomy":"post_tag","embeddable":true,"href":"https:\/\/www.miamibeachfl.gov\/ht\/wp-json\/wp\/v2\/tags?post=247293"}],"curies":[{"name":"wp","href":"https:\/\/api.w.org\/{rel}","templated":true}]}}