{"id":249977,"date":"2023-03-01T12:21:46","date_gmt":"2023-03-01T17:21:46","guid":{"rendered":"https:\/\/www.miamibeachfl.gov\/?page_id=249977"},"modified":"2025-06-02T22:13:17","modified_gmt":"2025-06-03T02:13:17","slug":"mar-2023-business-spotlight-copy","status":"publish","type":"page","link":"https:\/\/www.miamibeachfl.gov\/ht\/spotlight\/mar-2023-business-spotlight-copy\/","title":{"rendered":"Anons Spesyal Miami Beach \u2013 Chef Samantha Cruz"},"content":{"rendered":"<h5>\n\t\t<a href=\"https:\/\/www.miamibeachfl.gov\/ht\/mbbiznews\/\" title=\"Ab\u00f2ne isit la pou resevwa bilten biznis Vil la nan bwat resepsyon ou chak mwa.\"  target=\"_blank\"  rel=\"noopener\">\n\t\t\tAb\u00f2ne isit la pou resevwa bilten biznis Vil la nan bwat resepsyon ou chak mwa.\t\t<\/a>\n\t<\/h5>\n<h5>\n\t\t<a href=\"https:\/\/myemail.constantcontact.com\/Stay-connected-with-MB-Biz--.html?soid=1011085968389&#038;aid=S0mHBwwl4Fs\" title=\"Bilten Biznis\"  target=\"_blank\"  rel=\"noopener\">\n\t\t\tBilten Biznis\t\t<\/a>\n\t<\/h5>\n<h2>\n\t\t\tChef Samantha Cruz: Frene plafon an v\u00e8 kilin\u00e8 a\t<\/h2>\n\t\t\t\t<img decoding=\"async\" src=\"https:\/\/www.miamibeachfl.gov\/wp-content\/uploads\/2023\/03\/chef-cruz.jpg\" alt=\"Chef Samantha Cruz\" itemprop=\"image\" title=\"ch\u00e8f kwaz\" onerror=\"this.style.display='none'\" loading='lazy' \/>\n\t<p>Mwa Istwa Fanm yo, ki te k\u00f2manse depi premye Jounen Fanm nan lane 1909, se youn nan plizy\u00e8 moman nan ane a kote Vil Miami Beach selebre epi mete aksan sou kontribisyon fanm yo nan kominote nou an ak l\u00f2t kote ank\u00f2.<\/p>\n<p>T\u00e8m Mwa Istwa Fanm 2023 la, ke Alyans Nasyonal Istwa Fanm nan te chwazi, se &quot;Selebre Fanm ki Rakonte Istwa nou yo&quot; - pou onore fanm ki konsakre lavi yo ak talan yo pou f\u00e8 yon diferans.<\/p>\n<p>Mwa sa a n ap selebre ch\u00e8f Samantha Cruz, premye ch\u00e8f ki pral lanse byento a, <em>Chanm Wonm <\/em>epi <em>Venu,<\/em> sitiye nan kanpis Sant Konvansyon Miami Beach nan Collins Canal Park. Chef Cruz se yon dinamo kilin\u00e8 epi l ap pote stil inovat\u00e8 ak kreyatif li nan kwit manje nan Sant Sivik Miami Beach.<\/p>\n<p>Gen yon ansyen pwov\u00e8b ki di &quot;fanm f\u00e8 bon kizinye, men gason f\u00e8 pi bon ch\u00e8f.&quot; Si nou mete deklarasyon sa a sou kote ki fo, li ban nou yon ti lide sou fason kominote kilin\u00e8 a te gade w\u00f2l gason ak fanm nan kwizin pwofesyon\u00e8l yo. Av\u00e8k plis pase 147,434 ch\u00e8f ki anplwaye kounye a Ozetazini, 25.2% fanm ak 74.8% gason, gen plas pou kwasans.<\/p>\n<p>Malerezman, medam yo te oblije goumen pou egalite nan kwizin nan. Sepandan, egalite ap jwenn yon plas b\u00f2 tab manje a epi f\u00e8 yon enpak pozitif siyifikatif. Chef ak restaurat\u00e8 fi ki enspire yo ap montre mond lan ke yo kapab pwospere epi ankouraje kreyativite nan kominote kilin\u00e8 a. Yo te gen tenasite e kounye a y ap pwospere epi egz\u00e8se enfliyans nan yon endistri ki domine pa gason.<\/p>\n<p>Douz (12) ane eksperyans Chef Samantha Cruz nan dom\u00e8n gastronomik ak amizman esp\u00f2tif baze sou det\u00e8minasyon ak rezolisyon li pou l f\u00e8 bagay inatandi ak pwodui lokal ak yon touche miltikiltir\u00e8l. Chef Cruz, yon natif natal Sid Florid, ki te grandi nan Allapattah pa yon manman selibat\u00e8, se pi gran nan n\u00e8f fr\u00e8 ak s\u00e8 li epi li te k\u00f2manse f\u00e8 manje midi ak dine pou fanmi li. Li te grandi ak res\u00e8t familyal ki reflete eritaj ameriken, kiben, perouvyen, repiblik dominik\u00e8n ak Sainte-Croix li, gou diferan Chef Cruz yo inik epi familye pou pal\u00e8 Sid Floridyen yo.<\/p>\n<p>Kary\u00e8 pwofesyon\u00e8l Chef Cruz te k\u00f2manse apre lek\u00f2l segond\u00e8, k\u00f2m yon moun ki te konn f\u00e8 manje nan yon restoran. Apre sa, kiryozite ak anbisyon li te kontinye travay k\u00f2m Sous Chef Egzekitif nan gwo konpayi Ospitalite tankou 50 Eggs Hospitality Group (Swine, Yardbird, ak Kong River House), Grove Bay Hospitality Group (Big Easy ak Glass and Vine), epi k\u00f2m Chef de Cuisine nan PLANTA nan Coconut Grove.<\/p>\n<p>Chef Cruz gen yon pasyon pou prez\u00e8vasyon manje, espesyalman kons\u00e8p prez\u00e8vasyon ak marinad manje natir\u00e8lman. Chef Cruz te aprann sa nan kwizin granparan li, kijan prez\u00e8vasyon an motive gastronomi ansyen li nan style riral. &quot;Nou itilize engredyan lokal ak rejyonal pou f\u00e8 manje espesyal pou f\u00e8 rezidan yo, vizit\u00e8 yo ak touris yo plezi,&quot; Cruz di. &quot;La <em>Chanm Wonm<\/em> epi <em>Lokal<\/em> Plat siyati yo varye soti nan pi bon v\u00e8syon manje rekonf\u00f2tan chak jou rive nan sa ki eksantrik ak ekstra\u00f2din\u00e8.<\/p>\n<p>Meni wo nivo, enspire pa asy\u00e8t tradisyon\u00e8l Miami ak rasin Karayib Sid Florid yo, yo enspire pa<em> Chanm Wonm<\/em>, yon restoran 60 plas ak yon dekorasyon twopikal Florid ane 1920 yo. Kwizin Rum Room nan pral enk\u00f2pore karakteristik pany\u00f2l, tankou pwa ak <em>sofrito,<\/em> yon omaj pou Espay\u00f2l yo ki t ap pase nan Miami Beach nan k\u00f2mansman 20y\u00e8m sy\u00e8k la. L\u00e8 yo melanje enfliyans Ayisyen, Latin ak Amerik Santral, Chef Cruz ak ekip kwizin li a ap kreye eksperyans inik - av\u00e8k plat otantik tankou &quot;<em>lannwit medya<\/em>&quot;sandwich ki f\u00e8t ak pat bannann dous,&quot; <em>pen ak bist\u00e8k<\/em>, kwok\u00e8t, ak tamales.<\/p>\n<p>La <em>Venu, <\/em>Ansyen Clubhouse Miami Beach Municipal Golf Course ki te konstwi an 1916 la, pral bay Chef Cruz op\u00f2tinite pou p\u00e8sonalize meni manje ak bwason imajinatif pou ti rasanbleman, reyinyon biznis, maryaj, bar mitzvah, ak plis ank\u00f2.<\/p>\n<p>\u201cTout bagay sanble natir\u00e8l pou mwen nan kwizin nan,\u201d Chef Cruz pataje. \u201cMwen renmen f\u00e8 manje, f\u00e8 moun kontan, epi s\u00e8vi k\u00f2m yon mod\u00e8l pou pwochen jenerasyon ch\u00e8f fi yo.\u201d<\/p>\n<p>Sant Konvansyon Miami Beach (MBCC) a sitiye nan 1901 Convention Center Drive, Miami Beach, FL 33139. Rum Room nan kwen n\u00f2d\u00e8s Sant Kanpis MBCC a, kote Washington Avenue rankontre Dade Boulevard. Venu a sitiye nan ansyen Clubhouse teren g\u00f2lf minisipal Miami Beach ki te konstwi an 1916 la, nan 2100 Washington Avenue, Miami Beach, FL 33139. Rum Room pral ouv\u00e8 pou manje midi ak dine epi li pral lanse yon brunch dimanch nan k\u00f2mansman 2023.<\/p>\n<p><em>\u00a0<\/em><\/p>\n<p><em>\u00a0<\/em><\/p>","protected":false},"excerpt":{"rendered":"<p>Subscribe here to receive the City&#8217;s business newsletter to your inbox monthly. Business Newsletter Chef Samantha Cruz: Braking Culinary Glass [&hellip;]<\/p>\n","protected":false},"author":222,"featured_media":0,"parent":253255,"menu_order":0,"comment_status":"closed","ping_status":"closed","template":"","meta":{"_searchwp_excluded":"","site-sidebar-layout":"default","site-content-layout":"","ast-site-content-layout":"default","site-content-style":"default","site-sidebar-style":"default","ast-global-header-display":"","ast-banner-title-visibility":"","ast-main-header-display":"","ast-hfb-above-header-display":"","ast-hfb-below-header-display":"","ast-hfb-mobile-header-display":"","site-post-title":"","ast-breadcrumbs-content":"","ast-featured-img":"","footer-sml-layout":"","theme-transparent-header-meta":"","adv-header-id-meta":"","stick-header-meta":"","header-above-stick-meta":"","header-main-stick-meta":"","header-below-stick-meta":"","astra-migrate-meta-layouts":"default","ast-page-background-enabled":"default","ast-page-background-meta":{"desktop":{"background-color":"var(--ast-global-color-5)","background-image":"","background-repeat":"repeat","background-position":"center center","background-size":"auto","background-attachment":"scroll","background-type":"","background-media":"","overlay-type":"","overlay-color":"","overlay-opacity":"","overlay-gradient":""},"tablet":{"background-color":"","background-image":"","background-repeat":"repeat","background-position":"center center","background-size":"auto","background-attachment":"scroll","background-type":"","background-media":"","overlay-type":"","overlay-color":"","overlay-opacity":"","overlay-gradient":""},"mobile":{"background-color":"","background-image":"","background-repeat":"repeat","background-position":"center center","background-size":"auto","background-attachment":"scroll","background-type":"","background-media":"","overlay-type":"","overlay-color":"","overlay-opacity":"","overlay-gradient":""}},"ast-content-background-meta":{"desktop":{"background-color":"var(--ast-global-color-4)","background-image":"","background-repeat":"repeat","background-position":"center center","background-size":"auto","background-attachment":"scroll","background-type":"","background-media":"","overlay-type":"","overlay-color":"","overlay-opacity":"","overlay-gradient":""},"tablet":{"background-color":"var(--ast-global-color-4)","background-image":"","background-repeat":"repeat","background-position":"center center","background-size":"auto","background-attachment":"scroll","background-type":"","background-media":"","overlay-type":"","overlay-color":"","overlay-opacity":"","overlay-gradient":""},"mobile":{"background-color":"var(--ast-global-color-4)","background-image":"","background-repeat":"repeat","background-position":"center center","background-size":"auto","background-attachment":"scroll","background-type":"","background-media":"","overlay-type":"","overlay-color":"","overlay-opacity":"","overlay-gradient":""}},"footnotes":""},"categories":[],"tags":[],"class_list":["post-249977","page","type-page","status-publish","hentry"],"yoast_head":"<!-- This site is optimized with the Yoast SEO Premium plugin v26.6 (Yoast SEO v26.6) - https:\/\/yoast.com\/wordpress\/plugins\/seo\/ -->\n<title>Miami Beach Spotlight - Chef Samantha Cruz - City of Miami Beach<\/title>\n<meta name=\"description\" content=\"%\" \/>\n<meta name=\"robots\" content=\"index, follow, max-snippet:-1, max-image-preview:large, max-video-preview:-1\" \/>\n<link rel=\"canonical\" href=\"https:\/\/www.miamibeachfl.gov\/ht\/spotlight\/mar-2023-business-spotlight-copy\/\" \/>\n<meta property=\"og:locale\" content=\"ht_HT\" \/>\n<meta property=\"og:type\" content=\"article\" \/>\n<meta property=\"og:title\" content=\"Miami Beach Spotlight - Chef Samantha Cruz\" \/>\n<meta property=\"og:description\" content=\"%\" \/>\n<meta property=\"og:url\" content=\"https:\/\/www.miamibeachfl.gov\/ht\/spotlight\/mar-2023-business-spotlight-copy\/\" \/>\n<meta property=\"og:site_name\" content=\"City of Miami Beach\" \/>\n<meta property=\"article:publisher\" content=\"https:\/\/www.facebook.com\/cityofmiamibeach\" \/>\n<meta property=\"article:modified_time\" content=\"2025-06-03T02:13:17+00:00\" \/>\n<meta property=\"og:image\" content=\"https:\/\/www.miamibeachfl.gov\/wp-content\/uploads\/2023\/03\/chef-cruz.jpg\" \/>\n<meta name=\"twitter:card\" content=\"summary_large_image\" \/>\n<meta name=\"twitter:site\" content=\"@Miamibeachnews\" \/>\n<script type=\"application\/ld+json\" class=\"yoast-schema-graph\">{\"@context\":\"https:\/\/schema.org\",\"@graph\":[{\"@type\":\"WebPage\",\"@id\":\"https:\/\/www.miamibeachfl.gov\/spotlight\/mar-2023-business-spotlight-copy\/\",\"url\":\"https:\/\/www.miamibeachfl.gov\/spotlight\/mar-2023-business-spotlight-copy\/\",\"name\":\"Miami Beach Spotlight - Chef Samantha Cruz - City of Miami Beach\",\"isPartOf\":{\"@id\":\"https:\/\/www.miamibeachfl.gov\/#website\"},\"primaryImageOfPage\":{\"@id\":\"https:\/\/www.miamibeachfl.gov\/spotlight\/mar-2023-business-spotlight-copy\/#primaryimage\"},\"image\":{\"@id\":\"https:\/\/www.miamibeachfl.gov\/spotlight\/mar-2023-business-spotlight-copy\/#primaryimage\"},\"thumbnailUrl\":\"https:\/\/www.miamibeachfl.gov\/wp-content\/uploads\/2023\/03\/chef-cruz.jpg\",\"datePublished\":\"2023-03-01T17:21:46+00:00\",\"dateModified\":\"2025-06-03T02:13:17+00:00\",\"description\":\"%\",\"breadcrumb\":{\"@id\":\"https:\/\/www.miamibeachfl.gov\/spotlight\/mar-2023-business-spotlight-copy\/#breadcrumb\"},\"inLanguage\":\"ht\",\"potentialAction\":[{\"@type\":\"ReadAction\",\"target\":[\"https:\/\/www.miamibeachfl.gov\/spotlight\/mar-2023-business-spotlight-copy\/\"]}]},{\"@type\":\"ImageObject\",\"inLanguage\":\"ht\",\"@id\":\"https:\/\/www.miamibeachfl.gov\/spotlight\/mar-2023-business-spotlight-copy\/#primaryimage\",\"url\":\"https:\/\/www.miamibeachfl.gov\/wp-content\/uploads\/2023\/03\/chef-cruz.jpg\",\"contentUrl\":\"https:\/\/www.miamibeachfl.gov\/wp-content\/uploads\/2023\/03\/chef-cruz.jpg\"},{\"@type\":\"BreadcrumbList\",\"@id\":\"https:\/\/www.miamibeachfl.gov\/spotlight\/mar-2023-business-spotlight-copy\/#breadcrumb\",\"itemListElement\":[{\"@type\":\"ListItem\",\"position\":1,\"name\":\"Home\",\"item\":\"https:\/\/www.miamibeachfl.gov\/\"},{\"@type\":\"ListItem\",\"position\":2,\"name\":\"Business Newsletters and Spotlights\",\"item\":\"https:\/\/www.miamibeachfl.gov\/spotlight\/\"},{\"@type\":\"ListItem\",\"position\":3,\"name\":\"Miami Beach Spotlight &#8211; Chef Samantha Cruz\"}]},{\"@type\":\"WebSite\",\"@id\":\"https:\/\/www.miamibeachfl.gov\/#website\",\"url\":\"https:\/\/www.miamibeachfl.gov\/\",\"name\":\"City of Miami Beach\",\"description\":\"The official website of the City of Miami Beach. Stay informed, find important information on city services, news, alerts, events, trolley routes, government employment and more.\",\"publisher\":{\"@id\":\"https:\/\/www.miamibeachfl.gov\/#organization\"},\"potentialAction\":[{\"@type\":\"SearchAction\",\"target\":{\"@type\":\"EntryPoint\",\"urlTemplate\":\"https:\/\/www.miamibeachfl.gov\/?s={search_term_string}\"},\"query-input\":{\"@type\":\"PropertyValueSpecification\",\"valueRequired\":true,\"valueName\":\"search_term_string\"}}],\"inLanguage\":\"ht\"},{\"@type\":\"Organization\",\"@id\":\"https:\/\/www.miamibeachfl.gov\/#organization\",\"name\":\"City of Miami Beach\",\"url\":\"https:\/\/www.miamibeachfl.gov\/\",\"logo\":{\"@type\":\"ImageObject\",\"inLanguage\":\"ht\",\"@id\":\"https:\/\/www.miamibeachfl.gov\/#\/schema\/logo\/image\/\",\"url\":\"https:\/\/www.miamibeachfl.gov\/wp-content\/uploads\/2022\/06\/miamibeach-logoblue.png\",\"contentUrl\":\"https:\/\/www.miamibeachfl.gov\/wp-content\/uploads\/2022\/06\/miamibeach-logoblue.png\",\"width\":1962,\"height\":381,\"caption\":\"City of Miami Beach\"},\"image\":{\"@id\":\"https:\/\/www.miamibeachfl.gov\/#\/schema\/logo\/image\/\"},\"sameAs\":[\"https:\/\/www.facebook.com\/cityofmiamibeach\",\"https:\/\/x.com\/Miamibeachnews\",\"https:\/\/www.instagram.com\/miamibeachnews\/\"],\"description\":\"The official website of the City of Miami Beach. Stay informed, find important information on city services, news, alerts, events, trolley routes, government employment and more.\",\"telephone\":\"305.604.CITY(2489)\",\"legalName\":\"City of Miami Beach\"}]}<\/script>\n<!-- \/ Yoast SEO Premium plugin. -->","yoast_head_json":{"title":"Anons Spesyal Miami Beach - Chef Samantha Cruz - Vil Miami Beach","description":"%","robots":{"index":"index","follow":"follow","max-snippet":"max-snippet:-1","max-image-preview":"max-image-preview:large","max-video-preview":"max-video-preview:-1"},"canonical":"https:\/\/www.miamibeachfl.gov\/ht\/spotlight\/mar-2023-business-spotlight-copy\/","og_locale":"ht_HT","og_type":"article","og_title":"Miami Beach Spotlight - Chef Samantha Cruz","og_description":"%","og_url":"https:\/\/www.miamibeachfl.gov\/ht\/spotlight\/mar-2023-business-spotlight-copy\/","og_site_name":"City of Miami Beach","article_publisher":"https:\/\/www.facebook.com\/cityofmiamibeach","article_modified_time":"2025-06-03T02:13:17+00:00","og_image":[{"url":"https:\/\/www.miamibeachfl.gov\/wp-content\/uploads\/2023\/03\/chef-cruz.jpg","type":"","width":"","height":""}],"twitter_card":"summary_large_image","twitter_site":"@Miamibeachnews","schema":{"@context":"https:\/\/schema.org","@graph":[{"@type":"WebPage","@id":"https:\/\/www.miamibeachfl.gov\/spotlight\/mar-2023-business-spotlight-copy\/","url":"https:\/\/www.miamibeachfl.gov\/spotlight\/mar-2023-business-spotlight-copy\/","name":"Anons Spesyal Miami Beach - Chef Samantha Cruz - Vil Miami Beach","isPartOf":{"@id":"https:\/\/www.miamibeachfl.gov\/#website"},"primaryImageOfPage":{"@id":"https:\/\/www.miamibeachfl.gov\/spotlight\/mar-2023-business-spotlight-copy\/#primaryimage"},"image":{"@id":"https:\/\/www.miamibeachfl.gov\/spotlight\/mar-2023-business-spotlight-copy\/#primaryimage"},"thumbnailUrl":"https:\/\/www.miamibeachfl.gov\/wp-content\/uploads\/2023\/03\/chef-cruz.jpg","datePublished":"2023-03-01T17:21:46+00:00","dateModified":"2025-06-03T02:13:17+00:00","description":"%","breadcrumb":{"@id":"https:\/\/www.miamibeachfl.gov\/spotlight\/mar-2023-business-spotlight-copy\/#breadcrumb"},"inLanguage":"ht","potentialAction":[{"@type":"ReadAction","target":["https:\/\/www.miamibeachfl.gov\/spotlight\/mar-2023-business-spotlight-copy\/"]}]},{"@type":"ImageObject","inLanguage":"ht","@id":"https:\/\/www.miamibeachfl.gov\/spotlight\/mar-2023-business-spotlight-copy\/#primaryimage","url":"https:\/\/www.miamibeachfl.gov\/wp-content\/uploads\/2023\/03\/chef-cruz.jpg","contentUrl":"https:\/\/www.miamibeachfl.gov\/wp-content\/uploads\/2023\/03\/chef-cruz.jpg"},{"@type":"BreadcrumbList","@id":"https:\/\/www.miamibeachfl.gov\/spotlight\/mar-2023-business-spotlight-copy\/#breadcrumb","itemListElement":[{"@type":"ListItem","position":1,"name":"Home","item":"https:\/\/www.miamibeachfl.gov\/"},{"@type":"ListItem","position":2,"name":"Business Newsletters and Spotlights","item":"https:\/\/www.miamibeachfl.gov\/spotlight\/"},{"@type":"ListItem","position":3,"name":"Miami Beach Spotlight &#8211; Chef Samantha Cruz"}]},{"@type":"WebSite","@id":"https:\/\/www.miamibeachfl.gov\/#website","url":"https:\/\/www.miamibeachfl.gov\/","name":"Vil Miami Beach","description":"Sitw\u00e8b ofisy\u00e8l Vil Miami Beach la. Rete enf\u00f2me, jwenn enf\u00f2masyon enp\u00f2tan sou s\u00e8vis vil la, nouv\u00e8l, al\u00e8t, ev\u00e8nman, wout tramway, travay gouv\u00e8nman an ak plis ank\u00f2.","publisher":{"@id":"https:\/\/www.miamibeachfl.gov\/#organization"},"potentialAction":[{"@type":"SearchAction","target":{"@type":"EntryPoint","urlTemplate":"https:\/\/www.miamibeachfl.gov\/?s={search_term_string}"},"query-input":{"@type":"PropertyValueSpecification","valueRequired":true,"valueName":"search_term_string"}}],"inLanguage":"ht"},{"@type":"Organization","@id":"https:\/\/www.miamibeachfl.gov\/#organization","name":"Vil Miami Beach","url":"https:\/\/www.miamibeachfl.gov\/","logo":{"@type":"ImageObject","inLanguage":"ht","@id":"https:\/\/www.miamibeachfl.gov\/#\/schema\/logo\/image\/","url":"https:\/\/www.miamibeachfl.gov\/wp-content\/uploads\/2022\/06\/miamibeach-logoblue.png","contentUrl":"https:\/\/www.miamibeachfl.gov\/wp-content\/uploads\/2022\/06\/miamibeach-logoblue.png","width":1962,"height":381,"caption":"City of Miami Beach"},"image":{"@id":"https:\/\/www.miamibeachfl.gov\/#\/schema\/logo\/image\/"},"sameAs":["https:\/\/www.facebook.com\/cityofmiamibeach","https:\/\/x.com\/Miamibeachnews","https:\/\/www.instagram.com\/miamibeachnews\/"],"description":"Sitw\u00e8b ofisy\u00e8l Vil Miami Beach la. Rete enf\u00f2me, jwenn enf\u00f2masyon enp\u00f2tan sou s\u00e8vis vil la, nouv\u00e8l, al\u00e8t, ev\u00e8nman, wout tramway, travay gouv\u00e8nman an ak plis ank\u00f2.","telephone":"305.604.CITY(2489)","legalName":"City of Miami Beach"}]}},"_links":{"self":[{"href":"https:\/\/www.miamibeachfl.gov\/ht\/wp-json\/wp\/v2\/pages\/249977","targetHints":{"allow":["GET"]}}],"collection":[{"href":"https:\/\/www.miamibeachfl.gov\/ht\/wp-json\/wp\/v2\/pages"}],"about":[{"href":"https:\/\/www.miamibeachfl.gov\/ht\/wp-json\/wp\/v2\/types\/page"}],"author":[{"embeddable":true,"href":"https:\/\/www.miamibeachfl.gov\/ht\/wp-json\/wp\/v2\/users\/222"}],"replies":[{"embeddable":true,"href":"https:\/\/www.miamibeachfl.gov\/ht\/wp-json\/wp\/v2\/comments?post=249977"}],"version-history":[{"count":2,"href":"https:\/\/www.miamibeachfl.gov\/ht\/wp-json\/wp\/v2\/pages\/249977\/revisions"}],"predecessor-version":[{"id":375079,"href":"https:\/\/www.miamibeachfl.gov\/ht\/wp-json\/wp\/v2\/pages\/249977\/revisions\/375079"}],"up":[{"embeddable":true,"href":"https:\/\/www.miamibeachfl.gov\/ht\/wp-json\/wp\/v2\/pages\/253255"}],"wp:attachment":[{"href":"https:\/\/www.miamibeachfl.gov\/ht\/wp-json\/wp\/v2\/media?parent=249977"}],"wp:term":[{"taxonomy":"category","embeddable":true,"href":"https:\/\/www.miamibeachfl.gov\/ht\/wp-json\/wp\/v2\/categories?post=249977"},{"taxonomy":"post_tag","embeddable":true,"href":"https:\/\/www.miamibeachfl.gov\/ht\/wp-json\/wp\/v2\/tags?post=249977"}],"curies":[{"name":"wp","href":"https:\/\/api.w.org\/{rel}","templated":true}]}}