{"id":254693,"date":"2023-03-31T11:37:32","date_gmt":"2023-03-31T15:37:32","guid":{"rendered":"https:\/\/www.miamibeachfl.gov\/?page_id=254693"},"modified":"2026-03-03T11:21:56","modified_gmt":"2026-03-03T16:21:56","slug":"street-performer-permit","status":"publish","type":"page","link":"https:\/\/www.miamibeachfl.gov\/ht\/city-hall\/customer-service-center\/street-performer-permit\/","title":{"rendered":"P\u00e8mi pou Atis nan Lari"},"content":{"rendered":"<h1>\n\t\t\tP\u00e8mi pou Atis nan Lari\t<\/h1>\nMeni S\u00e8vis Kliyan\t\t\t\n\t\t\t\t\t<ul id=\"menu-customer-service\"><li id=\"menu-item-373952\"><a href=\"\/ht\/city-hall\/customer-service-center\/\">S\u00e8vis Kliyant\u00e8l Lakay<\/a><\/li>\n<li id=\"menu-item-373956\"><a href=\"https:\/\/miamibeachfl.qmatic.io\/booking\/singlebooking\/serviceselection\">Pran yon randevou<\/a><\/li>\n<li id=\"menu-item-373955\"><a href=\"https:\/\/www.miamibeachfl.gov\/ht\/city-hall\/customer-service-center\/wait-times\/\">Tan Atant<\/a><\/li>\n<li id=\"menu-item-373953\"><a href=\"\/ht\/city-hall\/customer-service-center\/artists-vendor-lottery\/\">Loteri Machann Atis<\/a><\/li>\n<li id=\"menu-item-373954\"><a href=\"\/ht\/city-hall\/customer-service-center\/street-performer-permit\/\">P\u00e8mi pou Atis nan Lari<\/a><\/li>\n<li id=\"menu-item-373957\"><a href=\"\/ht\/city-hall\/customer-service-center\/#importantnumbers\">Nimewo Enp\u00f2tan yo<\/a><\/li>\n<\/ul>\t\nMeni S\u00e8vis Kliyan \u00d7\t\t\t\t\t\t<ul id=\"menu-customer-service-1\"><li id=\"menu-item-373952\"><a href=\"\/ht\/city-hall\/customer-service-center\/\">S\u00e8vis Kliyant\u00e8l Lakay<\/a><\/li>\n<li id=\"menu-item-373956\"><a href=\"https:\/\/miamibeachfl.qmatic.io\/booking\/singlebooking\/serviceselection\">Pran yon randevou<\/a><\/li>\n<li id=\"menu-item-373955\"><a href=\"https:\/\/www.miamibeachfl.gov\/ht\/city-hall\/customer-service-center\/wait-times\/\">Tan Atant<\/a><\/li>\n<li id=\"menu-item-373953\"><a href=\"\/ht\/city-hall\/customer-service-center\/artists-vendor-lottery\/\">Loteri Machann Atis<\/a><\/li>\n<li id=\"menu-item-373954\"><a href=\"\/ht\/city-hall\/customer-service-center\/street-performer-permit\/\">P\u00e8mi pou Atis nan Lari<\/a><\/li>\n<li id=\"menu-item-373957\"><a href=\"\/ht\/city-hall\/customer-service-center\/#importantnumbers\">Nimewo Enp\u00f2tan yo<\/a><\/li>\n<\/ul>\t\t\t\t\n\tPou kesyon sou s\u00e8vis kliyan, tanpri rele liy prensipal nou an nan <a href=\"tel:3056737420\">305.673.7000<\/a><br \/>\nLendi jiska Vandredi soti 8:30 am pou rive 6:00 pm oubyen voye yon im\u00e8l ba nou nan <a href=\"mailto:mbhelp@miamibeachfl.gov\">mbhelp@miamibeachfl.gov<\/a>\n<h2>\n\t\t\tVil Miami Beach la ofri s\u00e8z (16) kote deziyen pou atis nan lari yo ka f\u00e8 p\u00e8f\u00f2mans av\u00e8k yon p\u00e8mi valab.\t<\/h2>\n<h3>\n\t\t\tKote ki deziyen toupatou:\t<\/h3>\n\t<ul>\n\t\t<li>\t\t\t\t\n\t\t<h4>Wout Lincoln<\/h4><p><strong><a href=\"https:\/\/goo.gl\/maps\/WYeATWY8th1ZZR3H8\">Klike la a pou w\u00e8 kote a<\/a><\/strong><\/p><\/li><li>\t\t\t\t\n\t\t<h4>Oseyan Drive<\/h4><p><strong><a href=\"https:\/\/goo.gl\/maps\/Y59uXkbxVwESswhy7\">Klike la a pou w\u00e8 kote a<\/a><\/strong><\/p><\/li><li>\t\t\t\t\n\t\t<h4>Avni Collins<\/h4><p><a href=\"https:\/\/goo.gl\/maps\/FUTLDJKfmFULRWTr5\"><strong>Klike la a pou w\u00e8 kote a<\/strong><\/a><\/p><\/li>\t<\/ul>\n\t\t\t<a href=\"https:\/\/energovcss.miamibeachfl.gov\/energovprod\/selfservice#\/applicationAssistant?sectionName=All&#038;showTemplates=false\" target=\"_self\">\n\t\t\t\t\t\t\tAplike sou ent\u00e8n\u00e8t pou yon p\u00e8mi\n\t\t\t<\/a>\n\t<p>OSWA tanpri <a href=\"https:\/\/www.miamibeachfl.gov\/ht\/city-hall\/customer-service-center\/\"><strong>vizite Sant S\u00e8vis Kliyan Miami Beach la<\/strong><\/a> pou ranpli yon aplikasyon, peye fr\u00e8 a, epi jwenn p\u00e8mi an.<\/p>\n<h3>\n\t\t\tEnf\u00f2masyon sou P\u00e8mi:\t<\/h3>\n\t<ul>\n\t\t<li>\t\t\t\t\n\t\t<h4>P\u00e8mi an valab nan &quot;tout 16 z\u00f2n yo&quot; sou baz premye rive premye s\u00e8vi.<\/h4><\/li><li>\t\t\t\t\n\t\t<h4>P\u00e8mi an gen yon s\u00e8l fr\u00e8 $386 (fr\u00e8 a ogmante chak ane selon IPC) nan moman aplikasyon an epi yo bay p\u00e8mi an menm jou a.<\/h4><\/li><li>\t\t\t\t\n\t\t<h4>P\u00e8mi an valab pou yon ane apati dat li delivre a.<\/h4><\/li>\t<\/ul>\n\t<ul>\n\t\t\t<li>\n\t\t\t<h4>\n\t\t\t<a href=\"https:\/\/www.miamibeachfl.gov\/wp-content\/uploads\/2025\/10\/STREET-PERFORMER-APPLICATION.pdf\" target=\"_blank\" rel=\"noopener\" data-hover=\"Street Performer Permit Application\" aria-label=\"Aplikasyon pou P\u00e8mi pou Atis nan Lari\">Aplikasyon pou P\u00e8mi pou Atis nan Lari<\/a>\n\t\t\t<\/h4>\n\t\t<\/li>\n\t\t\t\t\t<li>\n\t\t\t<h4>\n\t\t\t<a href=\"\/wp-content\/uploads\/2024\/04\/Q2-2024-MAPS.pdf\" target=\"_blank\" rel=\"noopener\" data-hover=\"Location Maps\" aria-label=\"Kat Lokalizasyon\">Kat Lokalizasyon<\/a>\n\t\t\t<\/h4>\n\t\t<\/li>\n\t\t\t\t\t<li>\n\t\t\t<h4>\n\t\t\t<a href=\"\/wp-content\/uploads\/2017\/08\/Administrative-Rules-Rev-2-12-09-ENGdoc.pdf\" target=\"_blank\" rel=\"noopener\" data-hover=\"Administrative Rules - English\" aria-label=\"R\u00e8g Administratif - Angle\">R\u00e8g Administratif \u2013 Angle<\/a>\n\t\t\t<\/h4>\n\t\t<\/li>\n\t\t\t\t\t<li>\n\t\t\t<h4>\n\t\t\t<a href=\"\/wp-content\/uploads\/2017\/08\/Administrative-Rules-Rev-2-12-09-SPA.pdf\" target=\"_blank\" rel=\"noopener\" data-hover=\"Reglas Administrativas - Espa\u00f1ol\" aria-label=\"Reglas Administrativas - Espa\u00f1ol\">Reglas Administratives \u2013 Espa\u00f1ol<\/a>\n\t\t\t<\/h4>\n\t\t<\/li>\n\t\t\t\t\t<li>\n\t\t\t<h4>\n\t\t\t<a href=\"\/wp-content\/uploads\/2017\/08\/Ordinance-2010-3678.pdf\" target=\"_blank\" rel=\"noopener\" data-hover=\"Ordinance 2010-3678\" aria-label=\"\u00d2donans 2010-3678\">\u00d2donans 2010-3678<\/a>\n\t\t\t<\/h4>\n\t\t<\/li>\n\t\t\t\t<\/ul>\n<h2>\n\t\t\tKontak:\t<\/h2>\n\t\t<h3><a href=\"mailto:MannyMarquez@miamibeachfl.gov\" target =\"_blank\" rel=\"noopener\">Manny M\u00e1rquez<\/a><\/h3>Direkt\u00e8 Adjwen MannyMarquez@miamibeachfl.gov\t\t\t\t\t\n\t\t<h3><a href=\"mailto:SashaGonzalez@miamibeachfl.gov\" target =\"_blank\" rel=\"noopener\">Sasha Gonzalez<\/a><\/h3>Manadj\u00e8 S\u00e8vis Kliyan SashaGonzalez@miamibeachfl.gov\t\t\t\t\t\n<h2>\n\t\t\tAdr\u00e8s Sant S\u00e8vis Kliyan an:\t<\/h2>\n\t<p>1755 Meridian Avenue | Premye Etaj<\/p>\n\t<iframe src=\"https:\/\/www.google.com\/maps\/embed\/v1\/place?q=1755+Meridian+Avenue%0AMiami+Beach%2C+FL+33139&#038;key=AIzaSyD09zQ9PNDNNy9TadMuzRV_UsPUoWKntt8\" aria-hidden=\"true\" title=\"Lakou Vil la\"><\/iframe>\n<h2>\n\t\t\tOr\u00e8 Ouv\u00e8ti:\t<\/h2>\n\t\t\t\t Lendi \u2013 Vandredi 8:30 AM \u2013 6 PM F\u00e8men 12 PM \u2013 1PM Chak jou F\u00e8men 12 PM \u2013 2 PM <br \/>1ye ak 3y\u00e8m Jedi \u2013 Chak mwa\t\t\t\t\n<h2>\n\t\t\tNimewo Enp\u00f2tan yo:\t<\/h2>\n\t<p>Ajoute nimewo lokal yo nan lis kontak ou.<\/p>\n\t\t<h3><a href=\"https:\/\/www.miamibeachfl.gov\/ht\/yourmbpd\/\"  target=\"_blank\"  rel=\"noopener\">\t\n\tLAPOLIS<\/a><\/h3><a href=\"https:\/\/www.miamibeachfl.gov\/ht\/yourmbpd\/\"  rel=\"noopener\"  target=\"_blank\">Vizite sitw\u00e8b Depatman Lapolis la<\/a>\t\n\tIjans: 911<br \/>\nKi pa ijans:\u00a0<a href=\"tel:3056737900\">305.673.7900<\/a><br \/>\nDosye:\u00a0<a href=\"tel:3056737990\">305.673.7990<\/a>\n\t\t<h3><a href=\"https:\/\/www.miamibeachfl.gov\/ht\/city-hall\/fire\/\"  target=\"_blank\"  rel=\"noopener\">\t\n\tDIFE<\/a><\/h3><a href=\"https:\/\/www.miamibeachfl.gov\/ht\/city-hall\/fire\/\"  rel=\"noopener\"  target=\"_blank\">Vizite sitw\u00e8b Depatman Ponpye a<\/a>\t\n\tKi pa ijans: <a href=\"tel:3056737111\">305.673.7111<\/a><br \/>\nSispann Krim: <a href=\"tel:305471TIPS\">305.471.TIPS<\/a>\n\t\t<h3><a href=\"https:\/\/www.miamibeachfl.gov\/ht\/city-hall\/tourism-culture\/\"  target=\"_blank\"  rel=\"noopener\">\t\n\tTOURIS<\/a><\/h3><a href=\"https:\/\/www.miamibeachfl.gov\/ht\/city-hall\/tourism-culture\/\"  rel=\"noopener\"  target=\"_blank\">Vizite sitw\u00e8b Touris ak Kilti a<\/a>\t\n\t<strong>Lakou Vil la:<br \/>\n<\/strong><a href=\"tel:3056737400\">305.673.7400<\/a><br \/>\n1700 Konvansyon Center Drive<br \/>\nMiami Beach, Florid 33139\n\t\t<h3><a href=\"\/ht\/city-hall\/parking\/enforcementtowingcitations\/\"  target=\"_blank\"  rel=\"noopener\">\t\n\tENF\u00d2MASYON SOU REM\u00d2KAJ<\/a><\/h3><a href=\"\/ht\/city-hall\/parking\/enforcementtowingcitations\/\"  rel=\"noopener\"  target=\"_blank\">Vizite Paj Aplikasyon Remorkaj<\/a>\t\n\t<b>Remorkaj plaj<\/b><br \/>\n<a href=\"tel:3055342128\">305.534.2128<\/a><br \/>\n<a href=\"https:\/\/goo.gl\/maps\/z7M3H8puQJVyAkcY7\">1349 Dade Boulevard<\/a><br \/>\nMiami Beach, Florid 33139<br \/>\n(Lw\u00e8s Alton Road)\n<b>Remorkaj Tremont<\/b><br \/>\n<a href=\"tel:3056722395\">305.672.2395<\/a><br \/>\n<a href=\"https:\/\/goo.gl\/maps\/HvHcVWzucXoxduGw5\">1916 Bay Road<\/a><br \/>\nMiami Beach, Florid 33139<br \/>\n(2 bl\u00f2k nan lw\u00e8s Alton Road)\n<b>Pakin\/K\u00f2d<\/b><br \/>\nLiy Dir\u00e8k pou Aplikasyon Pwosesis<br \/>\n<a href=\"tel:3056044785\">305.604.4785 <\/a> oubyen<br \/>\n<a href=\"tel:305604CITY\">305.604.VIL <\/a>\n\t\t<h3>\t\n\tLOPITAL AK SWEN IJANS<\/h3>\t\n\t<a href=\"https:\/\/www.msmc.com\/\" target=\"_blank\" rel=\"noopener\"><strong>Sant Medikal M\u00f2n Sinayi<\/strong><\/a><br \/>\n4300 Wout Alton<br \/>\nMiami Beach, Florid 33140<br \/>\n305.674.2121\n<a href=\"https:\/\/baptisthealth.net\/locations\/urgent-care\/miami-beach-urgent-care\"><strong>Swen Ijans Baptist Health<\/strong><\/a><br \/>\n709 Alton Rd Suite 430<br \/>\nMiami Beach, Florid 33139<br \/>\n786.204.4150\n<a href=\"https:\/\/mymbchc.org\/\"><strong>Sant Sante Kominot\u00e8 Miami Beach<\/strong><\/a><br \/>\n710 Wout Alton<br \/>\nMiami Beach, Florid 33139<br \/>\n305.538.8835\n<a href=\"http:\/\/www.myfastcare.com\/\"><strong>Swen Ijans FastCare<\/strong><\/a><br \/>\n825 Wout Godfrey (41y\u00e8m Ri)<br \/>\nMiami Beach, Florid 33140<br \/>\n786.923.4000\n\t<a href=\"https:\/\/medriteurgentcare.com\/center\/medrite-miami-beach-urgent-care\/?service=urgent-care\"><strong>+MEDRITE Swen Ijans \u2013 41y\u00e8m Ri<\/strong><\/a><br \/>\n542 W 41st Street<br \/>\n305.397.8417\n<a href=\"https:\/\/medriteurgentcare.com\/center\/medrite-miami-beach-urgent-care\/\"><strong>+Swen Ijans MEDRITE \u2013 Miami Beach Sid<\/strong><\/a><br \/>\n215 Lincoln Rd<br \/>\n305.614.6001\n<a href=\"http:\/\/www.miamibeachmedicalgroup.com\/\/\"><strong>Gwoup Medikal Miami Beach<\/strong><\/a><br \/>\n1200 Alton Rd<br \/>\nMiami Beach, Florid 33139<br \/>\n305.534.0076\n\t\t<h3>\t\n\tITILITE<\/h3>\t\n\t<p><strong>Rele S\u00e8vis Piblik Vil Miami Beach nan nimewo 305.673.7440.<\/strong> Pwopriyet\u00e8 kay yo, e pet\u00e8t lokat\u00e8 yo, bezwen kreye yon kont s\u00e8vis piblik Konte a pou s\u00e8vis sa yo.<\/p>\n<b>Elektrisite<\/b><a title=\"Limy\u00e8 En\u00e8ji Florid (FPL)\" href=\"http:\/\/www.fpl.com\/\"><br \/>\n<strong>Florid Pouvwa ak Limy\u00e8 (FP&amp;L)<\/strong><\/a><br \/>\nAplike pou s\u00e8vis la l\u00e8 w rele 305.442.8770\/(TTY 800.432.6554)<br \/>\nPou rap\u00f2te yon sitiyasyon danjere, rele 800.4OUTAGE (468-8243)\n<b>Gaz<\/b><a title=\"Gaz P\u00e8p Teco\" href=\"http:\/\/www.tecoenergy.com\/\"><br \/>\n<strong>Gaz P\u00e8p Teco<\/strong><\/a><br \/>\nTelef\u00f2n: 305.940.0139 oubyen 1-877 TECO PGS (1-877.832.6747)\n<b>S\u00e8vis Piblik<\/b><br \/>\nS\u00e8vis fatra\/egou\/dlo<br \/>\n<strong><a href=\"https:\/\/www.municipalonlinepayments.com\/miamibeachfl\">Klike la a pou vizite P\u00f2tal Faktirasyon S\u00e8vis Piblik Vil Miami Beach la<\/a><\/strong><br \/>\nS\u00e8vis Piblik Plaj nan 305.673.7440","protected":false},"excerpt":{"rendered":"<p>Street Performer Permit Customer Service Menu Customer Service Home Schedule an Appointment Wait Times Artist Vendor Lottery Street Performer Permit [&hellip;]<\/p>\n","protected":false},"author":222,"featured_media":0,"parent":108864,"menu_order":0,"comment_status":"closed","ping_status":"closed","template":"","meta":{"_searchwp_excluded":"","site-sidebar-layout":"default","site-content-layout":"","ast-site-content-layout":"default","site-content-style":"default","site-sidebar-style":"default","ast-global-header-display":"","ast-banner-title-visibility":"","ast-main-header-display":"","ast-hfb-above-header-display":"","ast-hfb-below-header-display":"","ast-hfb-mobile-header-display":"","site-post-title":"","ast-breadcrumbs-content":"","ast-featured-img":"","footer-sml-layout":"","theme-transparent-header-meta":"","adv-header-id-meta":"","stick-header-meta":"","header-above-stick-meta":"","header-main-stick-meta":"","header-below-stick-meta":"","astra-migrate-meta-layouts":"default","ast-page-background-enabled":"default","ast-page-background-meta":{"desktop":{"background-color":"var(--ast-global-color-5)","background-image":"","background-repeat":"repeat","background-position":"center center","background-size":"auto","background-attachment":"scroll","background-type":"","background-media":"","overlay-type":"","overlay-color":"","overlay-opacity":"","overlay-gradient":""},"tablet":{"background-color":"","background-image":"","background-repeat":"repeat","background-position":"center center","background-size":"auto","background-attachment":"scroll","background-type":"","background-media":"","overlay-type":"","overlay-color":"","overlay-opacity":"","overlay-gradient":""},"mobile":{"background-color":"","background-image":"","background-repeat":"repeat","background-position":"center center","background-size":"auto","background-attachment":"scroll","background-type":"","background-media":"","overlay-type":"","overlay-color":"","overlay-opacity":"","overlay-gradient":""}},"ast-content-background-meta":{"desktop":{"background-color":"var(--ast-global-color-4)","background-image":"","background-repeat":"repeat","background-position":"center center","background-size":"auto","background-attachment":"scroll","background-type":"","background-media":"","overlay-type":"","overlay-color":"","overlay-opacity":"","overlay-gradient":""},"tablet":{"background-color":"var(--ast-global-color-4)","background-image":"","background-repeat":"repeat","background-position":"center center","background-size":"auto","background-attachment":"scroll","background-type":"","background-media":"","overlay-type":"","overlay-color":"","overlay-opacity":"","overlay-gradient":""},"mobile":{"background-color":"var(--ast-global-color-4)","background-image":"","background-repeat":"repeat","background-position":"center center","background-size":"auto","background-attachment":"scroll","background-type":"","background-media":"","overlay-type":"","overlay-color":"","overlay-opacity":"","overlay-gradient":""}},"footnotes":""},"categories":[1],"tags":[1032,1014],"class_list":["post-254693","page","type-page","status-publish","hentry","category-uncategorized","tag-events-top-visited","tag-permitting-entertainment"],"yoast_head":"<!-- This site is optimized with the Yoast SEO Premium plugin v27.4 (Yoast SEO v27.4) - https:\/\/yoast.com\/product\/yoast-seo-premium-wordpress\/ -->\n<title>Street Performer Permit - City of Miami Beach<\/title>\n<meta name=\"description\" content=\"%\" \/>\n<meta name=\"robots\" content=\"index, follow, max-snippet:-1, max-image-preview:large, max-video-preview:-1\" \/>\n<link rel=\"canonical\" href=\"https:\/\/www.miamibeachfl.gov\/ht\/city-hall\/customer-service-center\/street-performer-permit\/\" \/>\n<meta property=\"og:locale\" content=\"ht_HT\" \/>\n<meta property=\"og:type\" content=\"article\" \/>\n<meta property=\"og:title\" content=\"Street Performer Permit\" \/>\n<meta property=\"og:description\" content=\"%\" \/>\n<meta property=\"og:url\" content=\"https:\/\/www.miamibeachfl.gov\/ht\/city-hall\/customer-service-center\/street-performer-permit\/\" \/>\n<meta property=\"og:site_name\" content=\"City of Miami Beach\" \/>\n<meta property=\"article:publisher\" content=\"https:\/\/www.facebook.com\/cityofmiamibeach\" \/>\n<meta property=\"article:modified_time\" content=\"2026-03-03T16:21:56+00:00\" \/>\n<meta property=\"og:image\" content=\"https:\/\/www.miamibeachfl.gov\/wp-content\/uploads\/2024\/01\/1000pxSquare-miamibeach-aerial-southpointview.jpeg\" \/>\n\t<meta property=\"og:image:width\" content=\"1000\" \/>\n\t<meta property=\"og:image:height\" content=\"1000\" \/>\n\t<meta property=\"og:image:type\" content=\"image\/jpeg\" \/>\n<meta name=\"twitter:card\" content=\"summary_large_image\" \/>\n<meta name=\"twitter:site\" content=\"@Miamibeachnews\" \/>\n<script type=\"application\/ld+json\" class=\"yoast-schema-graph\">{\"@context\":\"https:\\\/\\\/schema.org\",\"@graph\":[{\"@type\":\"WebPage\",\"@id\":\"https:\\\/\\\/www.miamibeachfl.gov\\\/city-hall\\\/customer-service-center\\\/street-performer-permit\\\/\",\"url\":\"https:\\\/\\\/www.miamibeachfl.gov\\\/city-hall\\\/customer-service-center\\\/street-performer-permit\\\/\",\"name\":\"Street Performer Permit - City of Miami Beach\",\"isPartOf\":{\"@id\":\"https:\\\/\\\/www.miamibeachfl.gov\\\/#website\"},\"datePublished\":\"2023-03-31T15:37:32+00:00\",\"dateModified\":\"2026-03-03T16:21:56+00:00\",\"description\":\"%\",\"breadcrumb\":{\"@id\":\"https:\\\/\\\/www.miamibeachfl.gov\\\/city-hall\\\/customer-service-center\\\/street-performer-permit\\\/#breadcrumb\"},\"inLanguage\":\"ht\",\"potentialAction\":[{\"@type\":\"ReadAction\",\"target\":[\"https:\\\/\\\/www.miamibeachfl.gov\\\/city-hall\\\/customer-service-center\\\/street-performer-permit\\\/\"]}]},{\"@type\":\"BreadcrumbList\",\"@id\":\"https:\\\/\\\/www.miamibeachfl.gov\\\/city-hall\\\/customer-service-center\\\/street-performer-permit\\\/#breadcrumb\",\"itemListElement\":[{\"@type\":\"ListItem\",\"position\":1,\"name\":\"Home\",\"item\":\"https:\\\/\\\/www.miamibeachfl.gov\\\/\"},{\"@type\":\"ListItem\",\"position\":2,\"name\":\"City Hall\",\"item\":\"https:\\\/\\\/www.miamibeachfl.gov\\\/city-hall\\\/\"},{\"@type\":\"ListItem\",\"position\":3,\"name\":\"Customer Service Center\",\"item\":\"https:\\\/\\\/www.miamibeachfl.gov\\\/city-hall\\\/customer-service-center\\\/\"},{\"@type\":\"ListItem\",\"position\":4,\"name\":\"Street Performer Permit\"}]},{\"@type\":\"WebSite\",\"@id\":\"https:\\\/\\\/www.miamibeachfl.gov\\\/#website\",\"url\":\"https:\\\/\\\/www.miamibeachfl.gov\\\/\",\"name\":\"City of Miami Beach\",\"description\":\"The official website of the City of Miami Beach. Stay informed, find important information on city services, news, alerts, events, trolley routes, government employment and more.\",\"publisher\":{\"@id\":\"https:\\\/\\\/www.miamibeachfl.gov\\\/#organization\"},\"potentialAction\":[{\"@type\":\"SearchAction\",\"target\":{\"@type\":\"EntryPoint\",\"urlTemplate\":\"https:\\\/\\\/www.miamibeachfl.gov\\\/?s={search_term_string}\"},\"query-input\":{\"@type\":\"PropertyValueSpecification\",\"valueRequired\":true,\"valueName\":\"search_term_string\"}}],\"inLanguage\":\"ht\"},{\"@type\":\"Organization\",\"@id\":\"https:\\\/\\\/www.miamibeachfl.gov\\\/#organization\",\"name\":\"City of Miami Beach\",\"url\":\"https:\\\/\\\/www.miamibeachfl.gov\\\/\",\"logo\":{\"@type\":\"ImageObject\",\"inLanguage\":\"ht\",\"@id\":\"https:\\\/\\\/www.miamibeachfl.gov\\\/#\\\/schema\\\/logo\\\/image\\\/\",\"url\":\"https:\\\/\\\/www.miamibeachfl.gov\\\/wp-content\\\/uploads\\\/2022\\\/06\\\/miamibeach-logoblue.png\",\"contentUrl\":\"https:\\\/\\\/www.miamibeachfl.gov\\\/wp-content\\\/uploads\\\/2022\\\/06\\\/miamibeach-logoblue.png\",\"width\":1962,\"height\":381,\"caption\":\"City of Miami Beach\"},\"image\":{\"@id\":\"https:\\\/\\\/www.miamibeachfl.gov\\\/#\\\/schema\\\/logo\\\/image\\\/\"},\"sameAs\":[\"https:\\\/\\\/www.facebook.com\\\/cityofmiamibeach\",\"https:\\\/\\\/x.com\\\/Miamibeachnews\",\"https:\\\/\\\/www.instagram.com\\\/miamibeachnews\\\/\"],\"description\":\"The official website of the City of Miami Beach. Stay informed, find important information on city services, news, alerts, events, trolley routes, government employment and more.\",\"telephone\":\"305.604.CITY(2489)\",\"legalName\":\"City of Miami Beach\"}]}<\/script>\n<!-- \/ Yoast SEO Premium plugin. -->","yoast_head_json":{"title":"P\u00e8mi pou Atis nan Lari - Vil Miami Beach","description":"%","robots":{"index":"index","follow":"follow","max-snippet":"max-snippet:-1","max-image-preview":"max-image-preview:large","max-video-preview":"max-video-preview:-1"},"canonical":"https:\/\/www.miamibeachfl.gov\/ht\/city-hall\/customer-service-center\/street-performer-permit\/","og_locale":"ht_HT","og_type":"article","og_title":"Street Performer Permit","og_description":"%","og_url":"https:\/\/www.miamibeachfl.gov\/ht\/city-hall\/customer-service-center\/street-performer-permit\/","og_site_name":"City of Miami Beach","article_publisher":"https:\/\/www.facebook.com\/cityofmiamibeach","article_modified_time":"2026-03-03T16:21:56+00:00","og_image":[{"width":1000,"height":1000,"url":"https:\/\/www.miamibeachfl.gov\/wp-content\/uploads\/2024\/01\/1000pxSquare-miamibeach-aerial-southpointview.jpeg","type":"image\/jpeg"}],"twitter_card":"summary_large_image","twitter_site":"@Miamibeachnews","schema":{"@context":"https:\/\/schema.org","@graph":[{"@type":"WebPage","@id":"https:\/\/www.miamibeachfl.gov\/city-hall\/customer-service-center\/street-performer-permit\/","url":"https:\/\/www.miamibeachfl.gov\/city-hall\/customer-service-center\/street-performer-permit\/","name":"P\u00e8mi pou Atis nan Lari - Vil Miami Beach","isPartOf":{"@id":"https:\/\/www.miamibeachfl.gov\/#website"},"datePublished":"2023-03-31T15:37:32+00:00","dateModified":"2026-03-03T16:21:56+00:00","description":"%","breadcrumb":{"@id":"https:\/\/www.miamibeachfl.gov\/city-hall\/customer-service-center\/street-performer-permit\/#breadcrumb"},"inLanguage":"ht","potentialAction":[{"@type":"ReadAction","target":["https:\/\/www.miamibeachfl.gov\/city-hall\/customer-service-center\/street-performer-permit\/"]}]},{"@type":"BreadcrumbList","@id":"https:\/\/www.miamibeachfl.gov\/city-hall\/customer-service-center\/street-performer-permit\/#breadcrumb","itemListElement":[{"@type":"ListItem","position":1,"name":"Home","item":"https:\/\/www.miamibeachfl.gov\/"},{"@type":"ListItem","position":2,"name":"City Hall","item":"https:\/\/www.miamibeachfl.gov\/city-hall\/"},{"@type":"ListItem","position":3,"name":"Customer Service Center","item":"https:\/\/www.miamibeachfl.gov\/city-hall\/customer-service-center\/"},{"@type":"ListItem","position":4,"name":"Street Performer Permit"}]},{"@type":"WebSite","@id":"https:\/\/www.miamibeachfl.gov\/#website","url":"https:\/\/www.miamibeachfl.gov\/","name":"Vil Miami Beach","description":"Sitw\u00e8b ofisy\u00e8l Vil Miami Beach la. Rete enf\u00f2me, jwenn enf\u00f2masyon enp\u00f2tan sou s\u00e8vis vil la, nouv\u00e8l, al\u00e8t, ev\u00e8nman, wout tramway, travay gouv\u00e8nman an ak plis ank\u00f2.","publisher":{"@id":"https:\/\/www.miamibeachfl.gov\/#organization"},"potentialAction":[{"@type":"SearchAction","target":{"@type":"EntryPoint","urlTemplate":"https:\/\/www.miamibeachfl.gov\/?s={search_term_string}"},"query-input":{"@type":"PropertyValueSpecification","valueRequired":true,"valueName":"search_term_string"}}],"inLanguage":"ht"},{"@type":"Organization","@id":"https:\/\/www.miamibeachfl.gov\/#organization","name":"Vil Miami Beach","url":"https:\/\/www.miamibeachfl.gov\/","logo":{"@type":"ImageObject","inLanguage":"ht","@id":"https:\/\/www.miamibeachfl.gov\/#\/schema\/logo\/image\/","url":"https:\/\/www.miamibeachfl.gov\/wp-content\/uploads\/2022\/06\/miamibeach-logoblue.png","contentUrl":"https:\/\/www.miamibeachfl.gov\/wp-content\/uploads\/2022\/06\/miamibeach-logoblue.png","width":1962,"height":381,"caption":"City of Miami Beach"},"image":{"@id":"https:\/\/www.miamibeachfl.gov\/#\/schema\/logo\/image\/"},"sameAs":["https:\/\/www.facebook.com\/cityofmiamibeach","https:\/\/x.com\/Miamibeachnews","https:\/\/www.instagram.com\/miamibeachnews\/"],"description":"Sitw\u00e8b ofisy\u00e8l Vil Miami Beach la. Rete enf\u00f2me, jwenn enf\u00f2masyon enp\u00f2tan sou s\u00e8vis vil la, nouv\u00e8l, al\u00e8t, ev\u00e8nman, wout tramway, travay gouv\u00e8nman an ak plis ank\u00f2.","telephone":"305.604.CITY(2489)","legalName":"City of Miami Beach"}]}},"_links":{"self":[{"href":"https:\/\/www.miamibeachfl.gov\/ht\/wp-json\/wp\/v2\/pages\/254693","targetHints":{"allow":["GET"]}}],"collection":[{"href":"https:\/\/www.miamibeachfl.gov\/ht\/wp-json\/wp\/v2\/pages"}],"about":[{"href":"https:\/\/www.miamibeachfl.gov\/ht\/wp-json\/wp\/v2\/types\/page"}],"author":[{"embeddable":true,"href":"https:\/\/www.miamibeachfl.gov\/ht\/wp-json\/wp\/v2\/users\/222"}],"replies":[{"embeddable":true,"href":"https:\/\/www.miamibeachfl.gov\/ht\/wp-json\/wp\/v2\/comments?post=254693"}],"version-history":[{"count":7,"href":"https:\/\/www.miamibeachfl.gov\/ht\/wp-json\/wp\/v2\/pages\/254693\/revisions"}],"predecessor-version":[{"id":397051,"href":"https:\/\/www.miamibeachfl.gov\/ht\/wp-json\/wp\/v2\/pages\/254693\/revisions\/397051"}],"up":[{"embeddable":true,"href":"https:\/\/www.miamibeachfl.gov\/ht\/wp-json\/wp\/v2\/pages\/108864"}],"wp:attachment":[{"href":"https:\/\/www.miamibeachfl.gov\/ht\/wp-json\/wp\/v2\/media?parent=254693"}],"wp:term":[{"taxonomy":"category","embeddable":true,"href":"https:\/\/www.miamibeachfl.gov\/ht\/wp-json\/wp\/v2\/categories?post=254693"},{"taxonomy":"post_tag","embeddable":true,"href":"https:\/\/www.miamibeachfl.gov\/ht\/wp-json\/wp\/v2\/tags?post=254693"}],"curies":[{"name":"wp","href":"https:\/\/api.w.org\/{rel}","templated":true}]}}