{"id":254811,"date":"2023-04-03T11:01:55","date_gmt":"2023-04-03T15:01:55","guid":{"rendered":"https:\/\/www.miamibeachfl.gov\/?page_id=254811"},"modified":"2025-06-02T22:10:55","modified_gmt":"2025-06-03T02:10:55","slug":"april-2023-business-spotlight-copy-copy","status":"publish","type":"page","link":"https:\/\/www.miamibeachfl.gov\/ht\/spotlight\/april-2023-business-spotlight-copy-copy\/","title":{"rendered":"Miami Beach selebre Mwa Lat\u00e8 a"},"content":{"rendered":"<h5>\n\t\t<a href=\"https:\/\/www.miamibeachfl.gov\/ht\/mbbiznews\/\" title=\"Ab\u00f2ne isit la pou resevwa bilten biznis Vil la nan bwat resepsyon ou chak mwa.\"  target=\"_blank\"  rel=\"noopener\">\n\t\t\tAb\u00f2ne isit la pou resevwa bilten biznis Vil la nan bwat resepsyon ou chak mwa.\t\t<\/a>\n\t<\/h5>\n<h5>\n\t\t<a href=\"https:\/\/myemail.constantcontact.com\/Stay-connected-with-MB-Biz--.html?soid=1011085968389&#038;aid=S0mHBwwl4Fs\" title=\"Bilten Biznis\"  target=\"_blank\"  rel=\"noopener\">\n\t\t\tBilten Biznis\t\t<\/a>\n\t<\/h5>\n<h2>\n\t\t\tSant Konvansyon Miami Beach Envesti nan Miami Beach ak Plan\u00e8t nou an\t<\/h2>\n\t\t\t\t<img decoding=\"async\" src=\"https:\/\/www.miamibeachfl.gov\/wp-content\/uploads\/2023\/04\/1.26-MBCC-Sustainability-Highlight-Linkedin.png\" alt=\"1.26 MBCC Sustainability Highlight, Linkedin\" itemprop=\"image\" title=\"1.26 MBCC sou dirabilite, Linkedin\" onerror=\"this.style.display='none'\" loading='lazy' \/>\n\t<p>Pou onore Mwa Lat\u00e8 a, aprann kijan Sant Konvansyon Miami Beach la ap envesti nan lokal nou an ak plan\u00e8t la ak d\u00e8nye ef\u00f2 dirabilite yo. Mwa Lat\u00e8 a dewoule chak ane pandan mwa avril la pou ogmante konsyantizasyon sou anviw\u00f2nman an epi kreye konsyans sou pwobl\u00e8m ki afekte lanati.<\/p>\n<p>Yo te selebre premye Jounen Lat\u00e8 a nan dat 22 avril 1970. Gaylord Nelson, yon senat\u00e8 ameriken ki soti Wisconsin, te \u00f2ganize ev\u00e8nman an. Li te santi l motive pou l aji apre li te fin temwen domaj yon deb\u00f2dman petw\u00f2l te koze nan Santa Barbara, Kalif\u00f2ni an 1969. Nelson te reyalize ke te gen yon bezwen pou tout moun vin pi konsyan de anviw\u00f2nman an epi aktif nan prez\u00e8ve plan\u00e8t nou an. Li te espere ke Jounen Lat\u00e8 a t ap yon fason pou edike moun sou enp\u00f2tans pwoteksyon anviw\u00f2nman an.<\/p>\n<p>T\u00e8m pou Jounen Lat\u00e8, Sem\u00e8n Lat\u00e8 ak Mwa Lat\u00e8 2023 la se &quot;Envesti nan Plan\u00e8t nou an.&quot; Konsantrasyon an se sou angaje gouv\u00e8nman yo, enstitisyon yo, biznis yo ak kominote a pou yo f\u00e8 pati pa yo paske tout moun responsab. T\u00e8m nan mande moun atrav\u00e8 lemond pou yo rekon\u00e8t responsablite kolektif nou genyen pou pwoteje ak prez\u00e8ve plan\u00e8t la epi ede akselere tranzisyon an nan yon ekonomi v\u00e8t ki jis, pwosp\u00e8 pou tout moun.<\/p>\n<p>Sant Konvansyon ak Kanpis Miami Beach la se sant reyinyon, konvansyon, ekspozisyon ak salon kom\u00e8s Miami Beach ki te reamenaje. Espas 1.4 milyon pye kare ki f\u00e8k renove a, ki te koute $640 milyon dola, gen ladan l yon Gran Sal Bal 60,000 pye kare ak yon espas pre-fonksyon 18,000 pye kare, apepr\u00e8 500,000 pye kare espas ekspozisyon, yon Gran Lobi 99,000 pye kare, 84 sal pou gwoupe, apepr\u00e8 800 espas pakin sou do kay la ak 9 kawo t\u00e8 espas v\u00e8t piblik ak atizay piblik byen \u00f2ganize. Achit\u00e8k Fentress ak Architectonica, ki renome, te kolabore pou kreye yon konsepsyon dirab d\u00e8nye kri ak pwosedi operasyon\u00e8l ki respekte anviw\u00f2nman an. Matery\u00e8l resikle yo entegre nan tout bilding lan, ak plis pase 20 pousan matery\u00e8l yo soti lokalman nan Sid Florid. Katreven sis pousan dech\u00e8 konstriksyon yo te resikle, sa ki te detounen plis pase 38,000 t\u00f2n resiklaj dech\u00e8 pou etablisman s\u00e8tifye LEED ajan sa a.<\/p>\n<p>Nan mwa mas 2023, ekip Sant Konvansyon an te lanse yon <em>Jaden Z\u00e8b ak Legim<\/em>, an patenarya av\u00e8k Compost for Life Miami. Pwogram nan pran r\u00e8s \u00f2ganik ki soti nan konvansyon ak ev\u00e8nman lokal la epi konv\u00e8ti dech\u00e8 yo an konp\u00f2s. Konp\u00f2s sa a itilize nan jaden z\u00e8b ak legim, pou kreye yon sist\u00e8m manje dirab ki diminye dech\u00e8 epi ki bay yon vr\u00e8 manje &quot;soti nan jaden an rive sou tab la&quot;. Objektif la se kreye yon anviw\u00f2nman kalm pou kilin\u00e8 yo ak ekip sant konvansyon an pran swen, nouri epi edike kominote a sou jadinaj ak pratik dirab. Legim yo plante kounye a gen ladan yo kaw\u00f2t, leti, zonyon, tomat ak piman, epi f\u00e8y yo itilize pou gani ak dekorasyon tab. Anplis de sa, limy\u00e8 ki mache ak en\u00e8ji sol\u00e8 klere kloti an bwa ki antoure jaden an, ki f\u00e8t ak pal\u00e8t bwa resikle ki soti nan chajman manje.<\/p>\n<p>\u201cNou kontan anpil pou nou bay jaden sa a lavi nan Rum Room ak Venu (ak Kanpis Sant Konvansyon an) non s\u00e8lman pou nou gen aks\u00e8 a legim fre pou asy\u00e8t nou yo, men tou pou nou pwolonje pwogram dirabilite nou an nan sant konvansyon an nan de nouvo espas sa yo nan yon fason enteresan,\u201d te di Danny Medina, Vis Prezidan Rejyonal, Sodexo Live! \u2013 jesyon manje ak bwason nan Sant Konvansyon Miami Beach.<\/p>\n<p>Sant Konvansyon an ap travay san rete sou kijan pou rann lokal la pi responsab. Pou rezon sa a, ekip la ap travay sou bati yon plan dirabilite solid ki satisf\u00e8, sip\u00f2te ak ankouraje atant planifikat\u00e8 reyinyon yo ak \u00f2ganizat\u00e8 yo, tankou koleksyon dlo lapli, ak enstalasyon tib sol\u00e8.<\/p>\n<p>Jounen Lat\u00e8 a ap f\u00e8t samdi 22 avril 2023, epi Sem\u00e8n Lat\u00e8 a ap f\u00e8t soti dimanch 16 avril pou rive samdi 22 avril 2023.<\/p>\n<p>Pou plis enf\u00f2masyon, tankou yon Twous Zouti Dirab Biznis pou Jounen Lat\u00e8 2023 gratis \u2013 tanpri vizite https:\/\/www.earthday.org\/<\/p>\n<p>Pou plis enf\u00f2masyon, tanpri vizite <strong><a href=\"http:\/\/www.miamibeachconvention.com\/sustainability\">http:\/\/www.miamibeachconvention.com\/sustainability<\/a><\/strong><\/p>\n<p><em>\u00a0<\/em><\/p>","protected":false},"excerpt":{"rendered":"<p>Subscribe here to receive the City&#8217;s business newsletter to your inbox monthly. Business Newsletter Miami Beach Convention Center Investing in [&hellip;]<\/p>\n","protected":false},"author":222,"featured_media":0,"parent":253255,"menu_order":0,"comment_status":"closed","ping_status":"closed","template":"","meta":{"_searchwp_excluded":"","site-sidebar-layout":"default","site-content-layout":"","ast-site-content-layout":"default","site-content-style":"default","site-sidebar-style":"default","ast-global-header-display":"","ast-banner-title-visibility":"","ast-main-header-display":"","ast-hfb-above-header-display":"","ast-hfb-below-header-display":"","ast-hfb-mobile-header-display":"","site-post-title":"","ast-breadcrumbs-content":"","ast-featured-img":"","footer-sml-layout":"","theme-transparent-header-meta":"","adv-header-id-meta":"","stick-header-meta":"","header-above-stick-meta":"","header-main-stick-meta":"","header-below-stick-meta":"","astra-migrate-meta-layouts":"default","ast-page-background-enabled":"default","ast-page-background-meta":{"desktop":{"background-color":"var(--ast-global-color-5)","background-image":"","background-repeat":"repeat","background-position":"center center","background-size":"auto","background-attachment":"scroll","background-type":"","background-media":"","overlay-type":"","overlay-color":"","overlay-opacity":"","overlay-gradient":""},"tablet":{"background-color":"","background-image":"","background-repeat":"repeat","background-position":"center center","background-size":"auto","background-attachment":"scroll","background-type":"","background-media":"","overlay-type":"","overlay-color":"","overlay-opacity":"","overlay-gradient":""},"mobile":{"background-color":"","background-image":"","background-repeat":"repeat","background-position":"center center","background-size":"auto","background-attachment":"scroll","background-type":"","background-media":"","overlay-type":"","overlay-color":"","overlay-opacity":"","overlay-gradient":""}},"ast-content-background-meta":{"desktop":{"background-color":"var(--ast-global-color-4)","background-image":"","background-repeat":"repeat","background-position":"center center","background-size":"auto","background-attachment":"scroll","background-type":"","background-media":"","overlay-type":"","overlay-color":"","overlay-opacity":"","overlay-gradient":""},"tablet":{"background-color":"var(--ast-global-color-4)","background-image":"","background-repeat":"repeat","background-position":"center center","background-size":"auto","background-attachment":"scroll","background-type":"","background-media":"","overlay-type":"","overlay-color":"","overlay-opacity":"","overlay-gradient":""},"mobile":{"background-color":"var(--ast-global-color-4)","background-image":"","background-repeat":"repeat","background-position":"center center","background-size":"auto","background-attachment":"scroll","background-type":"","background-media":"","overlay-type":"","overlay-color":"","overlay-opacity":"","overlay-gradient":""}},"footnotes":""},"categories":[],"tags":[],"class_list":["post-254811","page","type-page","status-publish","hentry"],"yoast_head":"<!-- This site is optimized with the Yoast SEO Premium plugin v27.4 (Yoast SEO v27.4) - https:\/\/yoast.com\/product\/yoast-seo-premium-wordpress\/ -->\n<title>Miami Beach Celebrates Earth Month - City of Miami Beach<\/title>\n<meta name=\"description\" content=\"%\" \/>\n<meta name=\"robots\" content=\"index, follow, max-snippet:-1, max-image-preview:large, max-video-preview:-1\" \/>\n<link rel=\"canonical\" href=\"https:\/\/www.miamibeachfl.gov\/ht\/spotlight\/april-2023-business-spotlight-copy-copy\/\" \/>\n<meta property=\"og:locale\" content=\"ht_HT\" \/>\n<meta property=\"og:type\" content=\"article\" \/>\n<meta property=\"og:title\" content=\"Miami Beach Celebrates Earth Month\" \/>\n<meta property=\"og:description\" content=\"%\" \/>\n<meta property=\"og:url\" content=\"https:\/\/www.miamibeachfl.gov\/ht\/spotlight\/april-2023-business-spotlight-copy-copy\/\" \/>\n<meta property=\"og:site_name\" content=\"City of Miami Beach\" \/>\n<meta property=\"article:publisher\" content=\"https:\/\/www.facebook.com\/cityofmiamibeach\" \/>\n<meta property=\"article:modified_time\" content=\"2025-06-03T02:10:55+00:00\" \/>\n<meta property=\"og:image\" content=\"https:\/\/www.miamibeachfl.gov\/wp-content\/uploads\/2023\/04\/1.26-MBCC-Sustainability-Highlight-Linkedin.png\" \/>\n<meta name=\"twitter:card\" content=\"summary_large_image\" \/>\n<meta name=\"twitter:site\" content=\"@Miamibeachnews\" \/>\n<script type=\"application\/ld+json\" class=\"yoast-schema-graph\">{\"@context\":\"https:\\\/\\\/schema.org\",\"@graph\":[{\"@type\":\"WebPage\",\"@id\":\"https:\\\/\\\/www.miamibeachfl.gov\\\/spotlight\\\/april-2023-business-spotlight-copy-copy\\\/\",\"url\":\"https:\\\/\\\/www.miamibeachfl.gov\\\/spotlight\\\/april-2023-business-spotlight-copy-copy\\\/\",\"name\":\"Miami Beach Celebrates Earth Month - City of Miami Beach\",\"isPartOf\":{\"@id\":\"https:\\\/\\\/www.miamibeachfl.gov\\\/#website\"},\"primaryImageOfPage\":{\"@id\":\"https:\\\/\\\/www.miamibeachfl.gov\\\/spotlight\\\/april-2023-business-spotlight-copy-copy\\\/#primaryimage\"},\"image\":{\"@id\":\"https:\\\/\\\/www.miamibeachfl.gov\\\/spotlight\\\/april-2023-business-spotlight-copy-copy\\\/#primaryimage\"},\"thumbnailUrl\":\"https:\\\/\\\/www.miamibeachfl.gov\\\/wp-content\\\/uploads\\\/2023\\\/04\\\/1.26-MBCC-Sustainability-Highlight-Linkedin.png\",\"datePublished\":\"2023-04-03T15:01:55+00:00\",\"dateModified\":\"2025-06-03T02:10:55+00:00\",\"description\":\"%\",\"breadcrumb\":{\"@id\":\"https:\\\/\\\/www.miamibeachfl.gov\\\/spotlight\\\/april-2023-business-spotlight-copy-copy\\\/#breadcrumb\"},\"inLanguage\":\"ht\",\"potentialAction\":[{\"@type\":\"ReadAction\",\"target\":[\"https:\\\/\\\/www.miamibeachfl.gov\\\/spotlight\\\/april-2023-business-spotlight-copy-copy\\\/\"]}]},{\"@type\":\"ImageObject\",\"inLanguage\":\"ht\",\"@id\":\"https:\\\/\\\/www.miamibeachfl.gov\\\/spotlight\\\/april-2023-business-spotlight-copy-copy\\\/#primaryimage\",\"url\":\"https:\\\/\\\/www.miamibeachfl.gov\\\/wp-content\\\/uploads\\\/2023\\\/04\\\/1.26-MBCC-Sustainability-Highlight-Linkedin.png\",\"contentUrl\":\"https:\\\/\\\/www.miamibeachfl.gov\\\/wp-content\\\/uploads\\\/2023\\\/04\\\/1.26-MBCC-Sustainability-Highlight-Linkedin.png\"},{\"@type\":\"BreadcrumbList\",\"@id\":\"https:\\\/\\\/www.miamibeachfl.gov\\\/spotlight\\\/april-2023-business-spotlight-copy-copy\\\/#breadcrumb\",\"itemListElement\":[{\"@type\":\"ListItem\",\"position\":1,\"name\":\"Home\",\"item\":\"https:\\\/\\\/www.miamibeachfl.gov\\\/\"},{\"@type\":\"ListItem\",\"position\":2,\"name\":\"Business Newsletters and Spotlights\",\"item\":\"https:\\\/\\\/www.miamibeachfl.gov\\\/spotlight\\\/\"},{\"@type\":\"ListItem\",\"position\":3,\"name\":\"Miami Beach Celebrates Earth Month\"}]},{\"@type\":\"WebSite\",\"@id\":\"https:\\\/\\\/www.miamibeachfl.gov\\\/#website\",\"url\":\"https:\\\/\\\/www.miamibeachfl.gov\\\/\",\"name\":\"City of Miami Beach\",\"description\":\"The official website of the City of Miami Beach. Stay informed, find important information on city services, news, alerts, events, trolley routes, government employment and more.\",\"publisher\":{\"@id\":\"https:\\\/\\\/www.miamibeachfl.gov\\\/#organization\"},\"potentialAction\":[{\"@type\":\"SearchAction\",\"target\":{\"@type\":\"EntryPoint\",\"urlTemplate\":\"https:\\\/\\\/www.miamibeachfl.gov\\\/?s={search_term_string}\"},\"query-input\":{\"@type\":\"PropertyValueSpecification\",\"valueRequired\":true,\"valueName\":\"search_term_string\"}}],\"inLanguage\":\"ht\"},{\"@type\":\"Organization\",\"@id\":\"https:\\\/\\\/www.miamibeachfl.gov\\\/#organization\",\"name\":\"City of Miami Beach\",\"url\":\"https:\\\/\\\/www.miamibeachfl.gov\\\/\",\"logo\":{\"@type\":\"ImageObject\",\"inLanguage\":\"ht\",\"@id\":\"https:\\\/\\\/www.miamibeachfl.gov\\\/#\\\/schema\\\/logo\\\/image\\\/\",\"url\":\"https:\\\/\\\/www.miamibeachfl.gov\\\/wp-content\\\/uploads\\\/2022\\\/06\\\/miamibeach-logoblue.png\",\"contentUrl\":\"https:\\\/\\\/www.miamibeachfl.gov\\\/wp-content\\\/uploads\\\/2022\\\/06\\\/miamibeach-logoblue.png\",\"width\":1962,\"height\":381,\"caption\":\"City of Miami Beach\"},\"image\":{\"@id\":\"https:\\\/\\\/www.miamibeachfl.gov\\\/#\\\/schema\\\/logo\\\/image\\\/\"},\"sameAs\":[\"https:\\\/\\\/www.facebook.com\\\/cityofmiamibeach\",\"https:\\\/\\\/x.com\\\/Miamibeachnews\",\"https:\\\/\\\/www.instagram.com\\\/miamibeachnews\\\/\"],\"description\":\"The official website of the City of Miami Beach. Stay informed, find important information on city services, news, alerts, events, trolley routes, government employment and more.\",\"telephone\":\"305.604.CITY(2489)\",\"legalName\":\"City of Miami Beach\"}]}<\/script>\n<!-- \/ Yoast SEO Premium plugin. -->","yoast_head_json":{"title":"Miami Beach selebre Mwa Lat\u00e8 a - Vil Miami Beach","description":"%","robots":{"index":"index","follow":"follow","max-snippet":"max-snippet:-1","max-image-preview":"max-image-preview:large","max-video-preview":"max-video-preview:-1"},"canonical":"https:\/\/www.miamibeachfl.gov\/ht\/spotlight\/april-2023-business-spotlight-copy-copy\/","og_locale":"ht_HT","og_type":"article","og_title":"Miami Beach Celebrates Earth Month","og_description":"%","og_url":"https:\/\/www.miamibeachfl.gov\/ht\/spotlight\/april-2023-business-spotlight-copy-copy\/","og_site_name":"City of Miami Beach","article_publisher":"https:\/\/www.facebook.com\/cityofmiamibeach","article_modified_time":"2025-06-03T02:10:55+00:00","og_image":[{"url":"https:\/\/www.miamibeachfl.gov\/wp-content\/uploads\/2023\/04\/1.26-MBCC-Sustainability-Highlight-Linkedin.png","type":"","width":"","height":""}],"twitter_card":"summary_large_image","twitter_site":"@Miamibeachnews","schema":{"@context":"https:\/\/schema.org","@graph":[{"@type":"WebPage","@id":"https:\/\/www.miamibeachfl.gov\/spotlight\/april-2023-business-spotlight-copy-copy\/","url":"https:\/\/www.miamibeachfl.gov\/spotlight\/april-2023-business-spotlight-copy-copy\/","name":"Miami Beach selebre Mwa Lat\u00e8 a - Vil Miami Beach","isPartOf":{"@id":"https:\/\/www.miamibeachfl.gov\/#website"},"primaryImageOfPage":{"@id":"https:\/\/www.miamibeachfl.gov\/spotlight\/april-2023-business-spotlight-copy-copy\/#primaryimage"},"image":{"@id":"https:\/\/www.miamibeachfl.gov\/spotlight\/april-2023-business-spotlight-copy-copy\/#primaryimage"},"thumbnailUrl":"https:\/\/www.miamibeachfl.gov\/wp-content\/uploads\/2023\/04\/1.26-MBCC-Sustainability-Highlight-Linkedin.png","datePublished":"2023-04-03T15:01:55+00:00","dateModified":"2025-06-03T02:10:55+00:00","description":"%","breadcrumb":{"@id":"https:\/\/www.miamibeachfl.gov\/spotlight\/april-2023-business-spotlight-copy-copy\/#breadcrumb"},"inLanguage":"ht","potentialAction":[{"@type":"ReadAction","target":["https:\/\/www.miamibeachfl.gov\/spotlight\/april-2023-business-spotlight-copy-copy\/"]}]},{"@type":"ImageObject","inLanguage":"ht","@id":"https:\/\/www.miamibeachfl.gov\/spotlight\/april-2023-business-spotlight-copy-copy\/#primaryimage","url":"https:\/\/www.miamibeachfl.gov\/wp-content\/uploads\/2023\/04\/1.26-MBCC-Sustainability-Highlight-Linkedin.png","contentUrl":"https:\/\/www.miamibeachfl.gov\/wp-content\/uploads\/2023\/04\/1.26-MBCC-Sustainability-Highlight-Linkedin.png"},{"@type":"BreadcrumbList","@id":"https:\/\/www.miamibeachfl.gov\/spotlight\/april-2023-business-spotlight-copy-copy\/#breadcrumb","itemListElement":[{"@type":"ListItem","position":1,"name":"Home","item":"https:\/\/www.miamibeachfl.gov\/"},{"@type":"ListItem","position":2,"name":"Business Newsletters and Spotlights","item":"https:\/\/www.miamibeachfl.gov\/spotlight\/"},{"@type":"ListItem","position":3,"name":"Miami Beach Celebrates Earth Month"}]},{"@type":"WebSite","@id":"https:\/\/www.miamibeachfl.gov\/#website","url":"https:\/\/www.miamibeachfl.gov\/","name":"Vil Miami Beach","description":"Sitw\u00e8b ofisy\u00e8l Vil Miami Beach la. Rete enf\u00f2me, jwenn enf\u00f2masyon enp\u00f2tan sou s\u00e8vis vil la, nouv\u00e8l, al\u00e8t, ev\u00e8nman, wout tramway, travay gouv\u00e8nman an ak plis ank\u00f2.","publisher":{"@id":"https:\/\/www.miamibeachfl.gov\/#organization"},"potentialAction":[{"@type":"SearchAction","target":{"@type":"EntryPoint","urlTemplate":"https:\/\/www.miamibeachfl.gov\/?s={search_term_string}"},"query-input":{"@type":"PropertyValueSpecification","valueRequired":true,"valueName":"search_term_string"}}],"inLanguage":"ht"},{"@type":"Organization","@id":"https:\/\/www.miamibeachfl.gov\/#organization","name":"Vil Miami Beach","url":"https:\/\/www.miamibeachfl.gov\/","logo":{"@type":"ImageObject","inLanguage":"ht","@id":"https:\/\/www.miamibeachfl.gov\/#\/schema\/logo\/image\/","url":"https:\/\/www.miamibeachfl.gov\/wp-content\/uploads\/2022\/06\/miamibeach-logoblue.png","contentUrl":"https:\/\/www.miamibeachfl.gov\/wp-content\/uploads\/2022\/06\/miamibeach-logoblue.png","width":1962,"height":381,"caption":"City of Miami Beach"},"image":{"@id":"https:\/\/www.miamibeachfl.gov\/#\/schema\/logo\/image\/"},"sameAs":["https:\/\/www.facebook.com\/cityofmiamibeach","https:\/\/x.com\/Miamibeachnews","https:\/\/www.instagram.com\/miamibeachnews\/"],"description":"Sitw\u00e8b ofisy\u00e8l Vil Miami Beach la. Rete enf\u00f2me, jwenn enf\u00f2masyon enp\u00f2tan sou s\u00e8vis vil la, nouv\u00e8l, al\u00e8t, ev\u00e8nman, wout tramway, travay gouv\u00e8nman an ak plis ank\u00f2.","telephone":"305.604.CITY(2489)","legalName":"City of Miami Beach"}]}},"_links":{"self":[{"href":"https:\/\/www.miamibeachfl.gov\/ht\/wp-json\/wp\/v2\/pages\/254811","targetHints":{"allow":["GET"]}}],"collection":[{"href":"https:\/\/www.miamibeachfl.gov\/ht\/wp-json\/wp\/v2\/pages"}],"about":[{"href":"https:\/\/www.miamibeachfl.gov\/ht\/wp-json\/wp\/v2\/types\/page"}],"author":[{"embeddable":true,"href":"https:\/\/www.miamibeachfl.gov\/ht\/wp-json\/wp\/v2\/users\/222"}],"replies":[{"embeddable":true,"href":"https:\/\/www.miamibeachfl.gov\/ht\/wp-json\/wp\/v2\/comments?post=254811"}],"version-history":[{"count":1,"href":"https:\/\/www.miamibeachfl.gov\/ht\/wp-json\/wp\/v2\/pages\/254811\/revisions"}],"predecessor-version":[{"id":375076,"href":"https:\/\/www.miamibeachfl.gov\/ht\/wp-json\/wp\/v2\/pages\/254811\/revisions\/375076"}],"up":[{"embeddable":true,"href":"https:\/\/www.miamibeachfl.gov\/ht\/wp-json\/wp\/v2\/pages\/253255"}],"wp:attachment":[{"href":"https:\/\/www.miamibeachfl.gov\/ht\/wp-json\/wp\/v2\/media?parent=254811"}],"wp:term":[{"taxonomy":"category","embeddable":true,"href":"https:\/\/www.miamibeachfl.gov\/ht\/wp-json\/wp\/v2\/categories?post=254811"},{"taxonomy":"post_tag","embeddable":true,"href":"https:\/\/www.miamibeachfl.gov\/ht\/wp-json\/wp\/v2\/tags?post=254811"}],"curies":[{"name":"wp","href":"https:\/\/api.w.org\/{rel}","templated":true}]}}