{"id":255558,"date":"2023-04-04T14:05:30","date_gmt":"2023-04-04T18:05:30","guid":{"rendered":"https:\/\/www.miamibeachfl.gov\/?page_id=255558"},"modified":"2026-04-01T11:41:26","modified_gmt":"2026-04-01T15:41:26","slug":"indian-creek-drive-seawall-project","status":"publish","type":"page","link":"https:\/\/www.miamibeachfl.gov\/ht\/projects\/indian-creek-drive-seawall-project\/","title":{"rendered":"Pwoj\u00e8 Dig Lanm\u00e8 Indian Creek Drive la"},"content":{"rendered":"<h3>\n\t\t\tPwoj\u00e8 Dig Lanm\u00e8 Indian Creek Drive la\t<\/h3>\n\t<p>Vil Miami Beach antoure pa 55 mil miray lanm\u00e8. Nan espas sa a, se s\u00e8lman 5 mil miray lanm\u00e8 ki pou piblik la. Ef\u00f2 pou leve epi ranplase seksyon miray lanm\u00e8 yo se etap pou rive nan yon b\u00f2dm\u00e8 ki pi solid pou vil nou an antanke yon antye. Miray lanm\u00e8 ki pi wo yo pral ede diminye ef\u00e8 inondasyon mare yo ak ogmantasyon nivo lanm\u00e8 a.<\/p>\n\t\t<h3>\t\n\tMizajou Pwoj\u00e8 yo<\/h3>\t\n\t\t\t\t\t\t\t\t<a href=\"#\" id=\"fl-tabs--label-0\" data-index=\"0\" aria-selected=\"true\" aria-controls=\"fl-tabs--panel-0\" aria-expanded=\"true\" role=\"tab\" tabindex=\"0\">\t\t\t\tNOUVO MIZAJOU\t\t\t\t<\/a>\n\t\t\t\t\t\t\t\t<a href=\"#\" id=\"fl-tabs--label-1\" data-index=\"1\" aria-selected=\"false\" aria-controls=\"fl-tabs--panel-1\" aria-expanded=\"false\" role=\"tab\" tabindex=\"0\">\t\t\t\tMIZAJOU ANSYEN YO\t\t\t\t<\/a>\n\t\t\t\t\t\tNOUVO MIZAJOU\n\t\t\t\t\t\t\t\t\t\t\t<p><a href=\"https:\/\/conta.cc\/44XKt8x\"><strong>Kons\u00e8y Pwoj\u00e8 \u2013 9.22.23<\/strong><\/a><\/p>\n<p><strong><a href=\"https:\/\/conta.cc\/45KCInD\">Kons\u00e8y Pwoj\u00e8 \u2013 9.8.23<\/a><\/strong><\/p>\n<p><a href=\"https:\/\/conta.cc\/3QUqKmz\"><strong>Kons\u00e8y Pwoj\u00e8 \u2013 8.25.23<\/strong><\/a><\/p>\n<p><strong><a href=\"https:\/\/conta.cc\/3OqjNqC\">Kons\u00e8y Pwoj\u00e8 \u2013 8.11.23<\/a><\/strong><\/p>\n<p><strong><a href=\"https:\/\/conta.cc\/455q3Lm\">Kons\u00e8y Pwoj\u00e8 \u2013 7.28.23<\/a><\/strong><\/p>\n\t\t\t\t\t\tMIZAJOU ANSYEN YO\n\t\t\t\t\t\t\t\t\t\t\t<p><strong><a href=\"https:\/\/conta.cc\/3XQqSVE\">Kons\u00e8y Pwoj\u00e8 \u2013 7.14.23<\/a><\/strong><\/p>\n<p><strong><a href=\"https:\/\/conta.cc\/3J6MNSi\">Kons\u00e8y Pwoj\u00e8 \u2013 6.9.23<\/a><\/strong><\/p>\n<p><strong><a href=\"https:\/\/conta.cc\/3MsoTSg\">Kons\u00e8y Pwoj\u00e8 \u2013 5.26.23<\/a><\/strong><\/p>\n<p><strong><a href=\"https:\/\/conta.cc\/3MisuDv\">Kons\u00e8y Pwoj\u00e8 \u2013 5.12.23<\/a><\/strong><\/p>\n<p><strong><a href=\"https:\/\/conta.cc\/3KzYLoY\">Kons\u00e8y Pwoj\u00e8 \u2013 3.24.23<\/a><\/strong><\/p>\n<p><strong><a href=\"https:\/\/conta.cc\/40Xn0m8\">Kons\u00e8y Pwoj\u00e8 \u2013 3.3.23<\/a><\/strong><\/p>\n<p><strong><a href=\"https:\/\/conta.cc\/3K6oROR\">Kons\u00e8y Pwoj\u00e8 \u2013 2.17.23<\/a><\/strong><\/p>\n<p><strong><a href=\"https:\/\/conta.cc\/3zt95bU\">Kons\u00e8y Pwoj\u00e8 \u2013 2.1.23<\/a><\/strong><\/p>\n<p><strong><a href=\"https:\/\/conta.cc\/3lZVKEZ\">Kons\u00e8y Pwoj\u00e8 \u2013 1.25.23<\/a><\/strong><\/p>\n<p><strong><a href=\"https:\/\/conta.cc\/40UOcSu\">Kons\u00e8y Pwoj\u00e8 \u2013 1.13.23<\/a><\/strong><\/p>\n<p><strong><a href=\"https:\/\/conta.cc\/3UcCK2r\">Kons\u00e8y Pwoj\u00e8 \u2013 1.6.23<\/a><\/strong><\/p>\n<p><strong><a href=\"https:\/\/conta.cc\/3UgsIgP\">Kons\u00e8y Pwoj\u00e8 \u2013 16.12.22<\/a><\/strong><\/p>\n<p><strong><a href=\"https:\/\/conta.cc\/3K4hlE2\">Kons\u00e8y Pwoj\u00e8 \u2013 12.2.22<\/a><\/strong><\/p>\n<p><strong><a href=\"https:\/\/conta.cc\/3m9HOrV\">Kons\u00e8y Pwoj\u00e8 \u2013 11.18.22<\/a><\/strong><\/p>\n<p><strong><a href=\"https:\/\/conta.cc\/3GcdS5h\">Kons\u00e8y Pwoj\u00e8 \u2013 11.14.22<\/a><\/strong><\/p>\n<p><strong><a href=\"https:\/\/conta.cc\/411AYDs\">Kons\u00e8y Pwoj\u00e8 \u2013 11.4.22<\/a><\/strong><\/p>\n<p><strong><a href=\"https:\/\/conta.cc\/3K7h8A1\">Kons\u00e8y Pwoj\u00e8 \u2013 28.10.22<\/a><\/strong><\/p>\n<p><strong><a href=\"https:\/\/conta.cc\/3MyuNDd\">Kons\u00e8y Pwoj\u00e8 \u2013 10.21.22<\/a><\/strong><\/p>\n<p><a href=\"https:\/\/conta.cc\/3MlWdvX\"><strong>Kons\u00e8y Pwoj\u00e8 \u2013 14.10.22<\/strong><\/a><\/p>\n<p><strong><a href=\"https:\/\/conta.cc\/3UcvpQG\">Kons\u00e8y Pwoj\u00e8 \u2013 10.7.22<\/a><\/strong><\/p>\n<p><strong><a href=\"https:\/\/conta.cc\/3UcuDmK\">Kons\u00e8y Pwoj\u00e8 \u2013 9.30.22<\/a><\/strong><\/p>\n<p><strong><a href=\"https:\/\/conta.cc\/3KzEqA5\">Kons\u00e8y Pwoj\u00e8 \u2013 9.23.22<\/a><\/strong><\/p>\n<p><strong><a href=\"https:\/\/conta.cc\/3zwGh2b\">Kons\u00e8y Pwoj\u00e8 \u2013 9.16.22<\/a><\/strong><\/p>\n<p><strong><a href=\"https:\/\/conta.cc\/3Kdbzjk\">Kons\u00e8y Pwoj\u00e8 \u2013 9.2.22<\/a><\/strong><\/p>\n<p><strong><a href=\"https:\/\/conta.cc\/40FOcGm\">Kons\u00e8y Pwoj\u00e8 \u2013 8.26.22<\/a><\/strong><\/p>\n<p><strong><a href=\"https:\/\/conta.cc\/3GfrPzg\">Kons\u00e8y Pwoj\u00e8 \u2013 8.19.22<\/a><\/strong><\/p>\n<p><strong><a href=\"https:\/\/conta.cc\/3zvB5LV\">Kons\u00e8y Pwoj\u00e8 \u2013 8.12.22<\/a><\/strong><\/p>\n<p><strong><a href=\"https:\/\/conta.cc\/3K6iT0p\">Kons\u00e8y Pwoj\u00e8 \u2013 8.5.22<\/a><\/strong><\/p>\n<p><strong><a href=\"https:\/\/conta.cc\/40DUpSZ\">Kons\u00e8y Pwoj\u00e8 \u2013 7.29.22<\/a><\/strong><\/p>\n<p><strong><a href=\"https:\/\/conta.cc\/414qGml\">Kons\u00e8y Pwoj\u00e8 \u2013 7.22.22<\/a><\/strong><\/p>\n<p><strong><a href=\"https:\/\/conta.cc\/3GhcOwP\">Kons\u00e8y Pwoj\u00e8 \u2013 7.15.22<\/a><\/strong><\/p>\n<p><strong><a href=\"https:\/\/conta.cc\/42XjABE\">Kons\u00e8y Pwoj\u00e8 \u2013 7.8.22<\/a><\/strong><\/p>\n<p><strong><a href=\"https:\/\/conta.cc\/3m54Fom\">Kons\u00e8y Pwoj\u00e8 \u2013 7.1.22<\/a><\/strong><\/p>\n<p><strong><a href=\"https:\/\/conta.cc\/435W0Tl\">Kons\u00e8y Pwoj\u00e8 \u2013 6.24.22<\/a><\/strong><\/p>\n<p><strong><a href=\"https:\/\/conta.cc\/412XagL\">Kons\u00e8y Pwoj\u00e8 \u2013 6.10.22<\/a><\/strong><\/p>\n<p><strong><a href=\"https:\/\/conta.cc\/3ZJ4QDH\">Kons\u00e8y Pwoj\u00e8 \u2013 6.3.22<\/a><\/strong><\/p>\n<p><strong><a href=\"https:\/\/conta.cc\/40Sqeri\">Kons\u00e8y Pwoj\u00e8 \u2013 5.27.22<\/a><\/strong><\/p>\n<p><strong><a href=\"https:\/\/conta.cc\/3ztc0RV\">Kons\u00e8y Pwoj\u00e8 \u2013 5.12.22<\/a><\/strong><\/p>\n<p><strong><a href=\"https:\/\/conta.cc\/40HBjLQ\">Kons\u00e8y Pwoj\u00e8 \u2013 5.6.22<\/a><\/strong><\/p>\n\t\t<h3>\t\n\tKesyon yo poze souvan (FAQ)<\/h3>\t\n\t\t\t\t\t<a href=\"#\"  id=\"fl-accordion--label-0\" tabindex=\"0\" aria-controls=\"fl-accordion--panel-0\">Ki objektif pwoj\u00e8 sa a?<\/a>\n\t\t\t\t\t\t\t\t\t\t\t<a href=\"#\" id=\"fl-accordion--icon-0\"  tabindex=\"0\"><i title=\"Elaji\">Elaji<\/i><\/a>\n\t\t\t\t\t<p>Ef\u00f2 pou ogmante epi ranplase seksyon miray lanm\u00e8 yo se etap pou rive nan yon b\u00f2dm\u00e8 ki pi solid pou vil nou an antanke yon antye. Miray lanm\u00e8 ki pi wo yo pral ede diminye ef\u00e8 jeneral inondasyon mare yo ak ogmantasyon nivo lanm\u00e8 a. Pandan vil la bay enf\u00f2masyon ak ankourajman bay pwopriyet\u00e8 prive yo pou yo ogmante epi ranplase miray lanm\u00e8 yo, an menm tan n ap travay pou ogmante epi ranplase seksyon piblik miray lanm\u00e8 yo nan tout vil la.<\/p>\n\t\t\t\t\t<a href=\"#\"  id=\"fl-accordion--label-1\" tabindex=\"0\" aria-controls=\"fl-accordion--panel-1\">Ki kote pwoj\u00e8 sa a pral dewoule?<\/a>\n\t\t\t\t\t\t\t\t\t\t\t<a href=\"#\" id=\"fl-accordion--icon-1\"  tabindex=\"0\"><i title=\"Elaji\">Elaji<\/i><\/a>\n\t\t\t\t\t<p>Y ap konstwi yon nouvo miray b\u00f2 lanm\u00e8 sou Indian Creek Drive ant ri 41 ak ri 29. Kontrakt\u00e8 a te k\u00f2manse konstriksyon toupre ri 41 epi l ap travay nan sid.<\/p>\n\t\t\t\t\t<a href=\"#\"  id=\"fl-accordion--label-2\" tabindex=\"0\" aria-controls=\"fl-accordion--panel-2\">Ki del\u00e8 pwoj\u00e8 a?<\/a>\n\t\t\t\t\t\t\t\t\t\t\t<a href=\"#\" id=\"fl-accordion--icon-2\"  tabindex=\"0\"><i title=\"Elaji\">Elaji<\/i><\/a>\n\t\t\t\t\t<p>Faz pwoj\u00e8 sa a espere fini nan ete 2023 la. Or\u00e8 travay konstriksyon yo se jou lasem\u00e8n soti 7\u00e8 dimaten pou rive 5\u00e8 apr\u00e8midi. Pwolonjman an sij\u00e8 a apwobasyon vil la ak notifikasyon kominote a. Tanpri sonje ke or\u00e8 sa a ka chanje ak\u00f2z move tan oswa sikonstans enprevi.<\/p>\n<h3>\n\t\t\tAnplwaye Pwoj\u00e8 a\t<\/h3>\n\t<hr \/>\n<h3><strong>Ch\u00e8f Depatman<br \/>\nTravay Piblik<\/strong><\/h3>\n<h3><strong>Direkt\u00e8 Depatman an<br \/>\n<\/strong><strong>Joe Gomez, PE<\/strong><\/h3>\n<h3><strong>Enjeny\u00e8 Vil la<br \/>\n<\/strong><strong>Cristina Ortega, PE<\/strong><\/h3>\n<h3><strong>Enjeny\u00e8 Pwoj\u00e8<br \/>\n<\/strong><strong>Davidson Dalger<\/strong><\/h3>\n<h3><strong>Manadj\u00e8 Konstriksyon<br \/>\n<\/strong><strong>Matye LePera<\/strong><\/h3>\n<hr \/>\n<h3>Ly\u00e8zon Enf\u00f2masyon Piblik<br \/>\nHeather M. Leslie<br \/>\n<a href=\"mailto:heather@hmlpublicoutreach.com\">Heather@hmlpublicoutreach.com<\/a><\/h3>\n<h3>Kow\u00f2dinat\u00e8 Af\u00e8 Katye<br \/>\nGabriella Gonzalez<br \/>\n<a href=\"mailto:GabriellaGonzalez@miamibeachfl.gov\">GabriellaGonzalez@miamibeachfl.gov<\/a><\/h3>\n<hr \/>\n<h3>Kontrakt\u00e8<br \/>\nFondasyon Shoreline, Inc.<\/h3>\n<h3>Konsiltan<br \/>\nChrome Engineering, Inc.<\/h3>\n<h3>\n\t\t\tFinansman\t<\/h3>\n\t\t<h3>\t\n\tBidj\u00e8 Total: $4,344,291.48<\/h3>\t\n<h3>\n\t\t\tEta Pwoj\u00e8 a\t<\/h3>\n\t\t<h3>\t\n\tKonstriksyon<\/h3>\t\n\t\t\t\t\t95%\t\t\t\t\n<h3>\n\t\t\tKote\t<\/h3>\n\t<iframe src=\"https:\/\/www.google.com\/maps\/embed\/v1\/place?q=41+Street+%26+Indian+Creek+Drive%2C+Miami+Beach+FL&#038;key=AIzaSyD09zQ9PNDNNy9TadMuzRV_UsPUoWKntt8\" aria-hidden=\"true\" title=\"Indian Creek Drive, Miami Beach Kat jeyografik\"><\/iframe>\n<h3>\n\t\t\tMande Plis Enf\u00f2masyon\t<\/h3>\n\t\t<h3>D\u00e8nye Mizajou<\/h3><p>Novanm 2023<\/p>","protected":false},"excerpt":{"rendered":"<p>Pwoj\u00e8 Dig Lanm\u00e8 Indian Creek Drive Vil Miami Beach antoure pa 55 mil dig lanm\u00e8. Nan espas sa a, [\u2026]<\/p>","protected":false},"author":256,"featured_media":0,"parent":397831,"menu_order":193,"comment_status":"closed","ping_status":"closed","template":"","meta":{"_searchwp_excluded":"","site-sidebar-layout":"default","site-content-layout":"","ast-site-content-layout":"default","site-content-style":"default","site-sidebar-style":"default","ast-global-header-display":"","ast-banner-title-visibility":"","ast-main-header-display":"","ast-hfb-above-header-display":"","ast-hfb-below-header-display":"","ast-hfb-mobile-header-display":"","site-post-title":"","ast-breadcrumbs-content":"","ast-featured-img":"","footer-sml-layout":"","theme-transparent-header-meta":"","adv-header-id-meta":"","stick-header-meta":"","header-above-stick-meta":"","header-main-stick-meta":"","header-below-stick-meta":"","astra-migrate-meta-layouts":"default","ast-page-background-enabled":"default","ast-page-background-meta":{"desktop":{"background-color":"var(--ast-global-color-5)","background-image":"","background-repeat":"repeat","background-position":"center center","background-size":"auto","background-attachment":"scroll","background-type":"","background-media":"","overlay-type":"","overlay-color":"","overlay-opacity":"","overlay-gradient":""},"tablet":{"background-color":"","background-image":"","background-repeat":"repeat","background-position":"center center","background-size":"auto","background-attachment":"scroll","background-type":"","background-media":"","overlay-type":"","overlay-color":"","overlay-opacity":"","overlay-gradient":""},"mobile":{"background-color":"","background-image":"","background-repeat":"repeat","background-position":"center center","background-size":"auto","background-attachment":"scroll","background-type":"","background-media":"","overlay-type":"","overlay-color":"","overlay-opacity":"","overlay-gradient":""}},"ast-content-background-meta":{"desktop":{"background-color":"var(--ast-global-color-4)","background-image":"","background-repeat":"repeat","background-position":"center center","background-size":"auto","background-attachment":"scroll","background-type":"","background-media":"","overlay-type":"","overlay-color":"","overlay-opacity":"","overlay-gradient":""},"tablet":{"background-color":"var(--ast-global-color-4)","background-image":"","background-repeat":"repeat","background-position":"center center","background-size":"auto","background-attachment":"scroll","background-type":"","background-media":"","overlay-type":"","overlay-color":"","overlay-opacity":"","overlay-gradient":""},"mobile":{"background-color":"var(--ast-global-color-4)","background-image":"","background-repeat":"repeat","background-position":"center center","background-size":"auto","background-attachment":"scroll","background-type":"","background-media":"","overlay-type":"","overlay-color":"","overlay-opacity":"","overlay-gradient":""}},"footnotes":""},"categories":[],"tags":[],"class_list":["post-255558","page","type-page","status-publish","hentry"],"yoast_head":"<!-- This site is optimized with the Yoast SEO Premium plugin v26.6 (Yoast SEO v26.6) - https:\/\/yoast.com\/wordpress\/plugins\/seo\/ -->\n<title>Indian Creek Drive Seawall Project - City of Miami Beach<\/title>\n<meta name=\"description\" content=\"%\" \/>\n<meta name=\"robots\" content=\"index, follow, max-snippet:-1, max-image-preview:large, max-video-preview:-1\" \/>\n<link rel=\"canonical\" href=\"https:\/\/www.miamibeachfl.gov\/ht\/projects\/indian-creek-drive-seawall-project\/\" \/>\n<meta property=\"og:locale\" content=\"ht_HT\" \/>\n<meta property=\"og:type\" content=\"article\" \/>\n<meta property=\"og:title\" content=\"Indian Creek Drive Seawall Project\" \/>\n<meta property=\"og:description\" content=\"%\" \/>\n<meta property=\"og:url\" content=\"https:\/\/www.miamibeachfl.gov\/ht\/projects\/indian-creek-drive-seawall-project\/\" \/>\n<meta property=\"og:site_name\" content=\"City of Miami Beach\" \/>\n<meta property=\"article:publisher\" content=\"https:\/\/www.facebook.com\/cityofmiamibeach\" \/>\n<meta property=\"article:modified_time\" content=\"2026-04-01T15:41:26+00:00\" \/>\n<meta property=\"og:image\" content=\"https:\/\/www.miamibeachfl.gov\/wp-content\/uploads\/2024\/01\/1000pxSquare-miamibeach-aerial-southpointview.jpeg\" \/>\n\t<meta property=\"og:image:width\" content=\"1000\" \/>\n\t<meta property=\"og:image:height\" content=\"1000\" \/>\n\t<meta property=\"og:image:type\" content=\"image\/jpeg\" \/>\n<meta name=\"twitter:card\" content=\"summary_large_image\" \/>\n<meta name=\"twitter:site\" content=\"@Miamibeachnews\" \/>\n<script type=\"application\/ld+json\" class=\"yoast-schema-graph\">{\"@context\":\"https:\/\/schema.org\",\"@graph\":[{\"@type\":\"WebPage\",\"@id\":\"https:\/\/www.miamibeachfl.gov\/projects\/indian-creek-drive-seawall-project\/\",\"url\":\"https:\/\/www.miamibeachfl.gov\/projects\/indian-creek-drive-seawall-project\/\",\"name\":\"Indian Creek Drive Seawall Project - City of Miami Beach\",\"isPartOf\":{\"@id\":\"https:\/\/www.miamibeachfl.gov\/#website\"},\"datePublished\":\"2023-04-04T18:05:30+00:00\",\"dateModified\":\"2026-04-01T15:41:26+00:00\",\"description\":\"%\",\"breadcrumb\":{\"@id\":\"https:\/\/www.miamibeachfl.gov\/projects\/indian-creek-drive-seawall-project\/#breadcrumb\"},\"inLanguage\":\"ht\",\"potentialAction\":[{\"@type\":\"ReadAction\",\"target\":[\"https:\/\/www.miamibeachfl.gov\/projects\/indian-creek-drive-seawall-project\/\"]}]},{\"@type\":\"BreadcrumbList\",\"@id\":\"https:\/\/www.miamibeachfl.gov\/projects\/indian-creek-drive-seawall-project\/#breadcrumb\",\"itemListElement\":[{\"@type\":\"ListItem\",\"position\":1,\"name\":\"Home\",\"item\":\"https:\/\/www.miamibeachfl.gov\/\"},{\"@type\":\"ListItem\",\"position\":2,\"name\":\"Projects\",\"item\":\"https:\/\/www.miamibeachfl.gov\/projects\/\"},{\"@type\":\"ListItem\",\"position\":3,\"name\":\"Indian Creek Drive Seawall Project\"}]},{\"@type\":\"WebSite\",\"@id\":\"https:\/\/www.miamibeachfl.gov\/#website\",\"url\":\"https:\/\/www.miamibeachfl.gov\/\",\"name\":\"City of Miami Beach\",\"description\":\"The official website of the City of Miami Beach. Stay informed, find important information on city services, news, alerts, events, trolley routes, government employment and more.\",\"publisher\":{\"@id\":\"https:\/\/www.miamibeachfl.gov\/#organization\"},\"potentialAction\":[{\"@type\":\"SearchAction\",\"target\":{\"@type\":\"EntryPoint\",\"urlTemplate\":\"https:\/\/www.miamibeachfl.gov\/?s={search_term_string}\"},\"query-input\":{\"@type\":\"PropertyValueSpecification\",\"valueRequired\":true,\"valueName\":\"search_term_string\"}}],\"inLanguage\":\"ht\"},{\"@type\":\"Organization\",\"@id\":\"https:\/\/www.miamibeachfl.gov\/#organization\",\"name\":\"City of Miami Beach\",\"url\":\"https:\/\/www.miamibeachfl.gov\/\",\"logo\":{\"@type\":\"ImageObject\",\"inLanguage\":\"ht\",\"@id\":\"https:\/\/www.miamibeachfl.gov\/#\/schema\/logo\/image\/\",\"url\":\"https:\/\/www.miamibeachfl.gov\/wp-content\/uploads\/2022\/06\/miamibeach-logoblue.png\",\"contentUrl\":\"https:\/\/www.miamibeachfl.gov\/wp-content\/uploads\/2022\/06\/miamibeach-logoblue.png\",\"width\":1962,\"height\":381,\"caption\":\"City of Miami Beach\"},\"image\":{\"@id\":\"https:\/\/www.miamibeachfl.gov\/#\/schema\/logo\/image\/\"},\"sameAs\":[\"https:\/\/www.facebook.com\/cityofmiamibeach\",\"https:\/\/x.com\/Miamibeachnews\",\"https:\/\/www.instagram.com\/miamibeachnews\/\"],\"description\":\"The official website of the City of Miami Beach. Stay informed, find important information on city services, news, alerts, events, trolley routes, government employment and more.\",\"telephone\":\"305.604.CITY(2489)\",\"legalName\":\"City of Miami Beach\"}]}<\/script>\n<!-- \/ Yoast SEO Premium plugin. -->","yoast_head_json":{"title":"Pwoj\u00e8 Dig Marin Indian Creek Drive - Vil Miami Beach","description":"%","robots":{"index":"index","follow":"follow","max-snippet":"max-snippet:-1","max-image-preview":"max-image-preview:large","max-video-preview":"max-video-preview:-1"},"canonical":"https:\/\/www.miamibeachfl.gov\/ht\/projects\/indian-creek-drive-seawall-project\/","og_locale":"ht_HT","og_type":"article","og_title":"Indian Creek Drive Seawall Project","og_description":"%","og_url":"https:\/\/www.miamibeachfl.gov\/ht\/projects\/indian-creek-drive-seawall-project\/","og_site_name":"City of Miami Beach","article_publisher":"https:\/\/www.facebook.com\/cityofmiamibeach","article_modified_time":"2026-04-01T15:41:26+00:00","og_image":[{"width":1000,"height":1000,"url":"https:\/\/www.miamibeachfl.gov\/wp-content\/uploads\/2024\/01\/1000pxSquare-miamibeach-aerial-southpointview.jpeg","type":"image\/jpeg"}],"twitter_card":"summary_large_image","twitter_site":"@Miamibeachnews","schema":{"@context":"https:\/\/schema.org","@graph":[{"@type":"WebPage","@id":"https:\/\/www.miamibeachfl.gov\/projects\/indian-creek-drive-seawall-project\/","url":"https:\/\/www.miamibeachfl.gov\/projects\/indian-creek-drive-seawall-project\/","name":"Pwoj\u00e8 Dig Marin Indian Creek Drive - Vil Miami Beach","isPartOf":{"@id":"https:\/\/www.miamibeachfl.gov\/#website"},"datePublished":"2023-04-04T18:05:30+00:00","dateModified":"2026-04-01T15:41:26+00:00","description":"%","breadcrumb":{"@id":"https:\/\/www.miamibeachfl.gov\/projects\/indian-creek-drive-seawall-project\/#breadcrumb"},"inLanguage":"ht","potentialAction":[{"@type":"ReadAction","target":["https:\/\/www.miamibeachfl.gov\/projects\/indian-creek-drive-seawall-project\/"]}]},{"@type":"BreadcrumbList","@id":"https:\/\/www.miamibeachfl.gov\/projects\/indian-creek-drive-seawall-project\/#breadcrumb","itemListElement":[{"@type":"ListItem","position":1,"name":"Home","item":"https:\/\/www.miamibeachfl.gov\/"},{"@type":"ListItem","position":2,"name":"Projects","item":"https:\/\/www.miamibeachfl.gov\/projects\/"},{"@type":"ListItem","position":3,"name":"Indian Creek Drive Seawall Project"}]},{"@type":"WebSite","@id":"https:\/\/www.miamibeachfl.gov\/#website","url":"https:\/\/www.miamibeachfl.gov\/","name":"Vil Miami Beach","description":"Sitw\u00e8b ofisy\u00e8l Vil Miami Beach la. Rete enf\u00f2me, jwenn enf\u00f2masyon enp\u00f2tan sou s\u00e8vis vil la, nouv\u00e8l, al\u00e8t, ev\u00e8nman, wout tramway, travay gouv\u00e8nman an ak plis ank\u00f2.","publisher":{"@id":"https:\/\/www.miamibeachfl.gov\/#organization"},"potentialAction":[{"@type":"SearchAction","target":{"@type":"EntryPoint","urlTemplate":"https:\/\/www.miamibeachfl.gov\/?s={search_term_string}"},"query-input":{"@type":"PropertyValueSpecification","valueRequired":true,"valueName":"search_term_string"}}],"inLanguage":"ht"},{"@type":"Organization","@id":"https:\/\/www.miamibeachfl.gov\/#organization","name":"Vil Miami Beach","url":"https:\/\/www.miamibeachfl.gov\/","logo":{"@type":"ImageObject","inLanguage":"ht","@id":"https:\/\/www.miamibeachfl.gov\/#\/schema\/logo\/image\/","url":"https:\/\/www.miamibeachfl.gov\/wp-content\/uploads\/2022\/06\/miamibeach-logoblue.png","contentUrl":"https:\/\/www.miamibeachfl.gov\/wp-content\/uploads\/2022\/06\/miamibeach-logoblue.png","width":1962,"height":381,"caption":"City of Miami Beach"},"image":{"@id":"https:\/\/www.miamibeachfl.gov\/#\/schema\/logo\/image\/"},"sameAs":["https:\/\/www.facebook.com\/cityofmiamibeach","https:\/\/x.com\/Miamibeachnews","https:\/\/www.instagram.com\/miamibeachnews\/"],"description":"Sitw\u00e8b ofisy\u00e8l Vil Miami Beach la. Rete enf\u00f2me, jwenn enf\u00f2masyon enp\u00f2tan sou s\u00e8vis vil la, nouv\u00e8l, al\u00e8t, ev\u00e8nman, wout tramway, travay gouv\u00e8nman an ak plis ank\u00f2.","telephone":"305.604.CITY(2489)","legalName":"City of Miami Beach"}]}},"_links":{"self":[{"href":"https:\/\/www.miamibeachfl.gov\/ht\/wp-json\/wp\/v2\/pages\/255558","targetHints":{"allow":["GET"]}}],"collection":[{"href":"https:\/\/www.miamibeachfl.gov\/ht\/wp-json\/wp\/v2\/pages"}],"about":[{"href":"https:\/\/www.miamibeachfl.gov\/ht\/wp-json\/wp\/v2\/types\/page"}],"author":[{"embeddable":true,"href":"https:\/\/www.miamibeachfl.gov\/ht\/wp-json\/wp\/v2\/users\/256"}],"replies":[{"embeddable":true,"href":"https:\/\/www.miamibeachfl.gov\/ht\/wp-json\/wp\/v2\/comments?post=255558"}],"version-history":[{"count":0,"href":"https:\/\/www.miamibeachfl.gov\/ht\/wp-json\/wp\/v2\/pages\/255558\/revisions"}],"up":[{"embeddable":true,"href":"https:\/\/www.miamibeachfl.gov\/ht\/wp-json\/wp\/v2\/pages\/397831"}],"wp:attachment":[{"href":"https:\/\/www.miamibeachfl.gov\/ht\/wp-json\/wp\/v2\/media?parent=255558"}],"wp:term":[{"taxonomy":"category","embeddable":true,"href":"https:\/\/www.miamibeachfl.gov\/ht\/wp-json\/wp\/v2\/categories?post=255558"},{"taxonomy":"post_tag","embeddable":true,"href":"https:\/\/www.miamibeachfl.gov\/ht\/wp-json\/wp\/v2\/tags?post=255558"}],"curies":[{"name":"wp","href":"https:\/\/api.w.org\/{rel}","templated":true}]}}