{"id":255601,"date":"2023-04-04T14:24:17","date_gmt":"2023-04-04T18:24:17","guid":{"rendered":"https:\/\/www.miamibeachfl.gov\/?page_id=255601"},"modified":"2025-12-09T12:02:01","modified_gmt":"2025-12-09T17:02:01","slug":"quarterly-investment-report","status":"publish","type":"page","link":"https:\/\/www.miamibeachfl.gov\/ht\/city-hall\/mberp\/quarterly-investment-report\/","title":{"rendered":"Rap\u00f2 Envestisman Trim\u00e8stry\u00e8l"},"content":{"rendered":"<img decoding=\"async\" src=\"https:\/\/www.miamibeachfl.gov\/wp-content\/uploads\/2022\/07\/hero-small.jpg\" alt=\"ocean drive art deco buildings\" itemprop=\"image\" height=\"211\" width=\"2395\" title=\"ewo-piti\" onerror=\"this.style.display='none'\" loading=\"lazy\" \/>\n<h1>\n\t\t\tRap\u00f2 Envestisman Trim\u00e8stry\u00e8l\t<\/h1>\n\t<nav id=\"breadcrumbs\" aria-label=\"Pen griye\"><a href=\"https:\/\/www.miamibeachfl.gov\/ht\/\">Lakay<\/a> &gt; <a href=\"https:\/\/www.miamibeachfl.gov\/ht\/city-hall\/\">Lakou Vil la<\/a> &gt; <a href=\"https:\/\/www.miamibeachfl.gov\/ht\/city-hall\/mberp\/\">MBERP \u2013 Plan Retr\u00e8t Anplwaye Miami Beach<\/a> &gt; <strong>Rap\u00f2 Envestisman Trim\u00e8stry\u00e8l<\/strong><\/nav>\n\t<p><a href=\"https:\/\/www.miamibeachfl.gov\/wp-content\/uploads\/2025\/12\/BCA-Q4-2025-09-30-Miami-Beach-Employees-Quarterly-Report-Final.pdf\">2025-09-30 Anplwaye Miami Beach (Rap\u00f2 Trim\u00e8stry\u00e8l) <\/a><\/p>\n<p><a href=\"https:\/\/www.miamibeachfl.gov\/wp-content\/uploads\/2025\/12\/BCA-Q2-2025-06-30-Investment-Performance-Report-PRELIMINARY.pdf\"> 2025-06-30 Anplwaye Miami Beach (Rap\u00f2 Trim\u00e8stry\u00e8l)<\/a><\/p>\n<p><a href=\"https:\/\/www.miamibeachfl.gov\/wp-content\/uploads\/2025\/07\/2025-03-31-Miami-Beach-Employees-Quarterly-Report-FINAL.pdf\">2025-03-31 Anplwaye Miami Beach (Rap\u00f2 Trim\u00e8stry\u00e8l) <\/a><\/p>\n<p><a href=\"https:\/\/www.miamibeachfl.gov\/wp-content\/uploads\/2025\/07\/2024-12-31-Miami-Beach-Employees-Quarterly-Report-Final.pdf\">2024-12-31 Anplwaye Miami Beach (Rap\u00f2 Trim\u00e8stry\u00e8l) <\/a><\/p>\n<p><a href=\"https:\/\/www.miamibeachfl.gov\/wp-content\/uploads\/2025\/07\/2024-09-30-Miami-Beach-Employees-Quarterly-Report-Final.pdf\">2024-09-30 Anplwaye Miami Beach (Rap\u00f2 Trim\u00e8stry\u00e8l) <\/a><\/p>\n<p><a href=\"https:\/\/www.miamibeachfl.gov\/wp-content\/uploads\/2025\/07\/2024-06-30-Miami-Beach-Employees-Quarterly-Report-FINAL.pdf\">2024-06-30 Anplwaye Miami Beach (Rap\u00f2 Trim\u00e8stry\u00e8l) <\/a><\/p>\n<p><a href=\"https:\/\/www.miamibeachfl.gov\/wp-content\/uploads\/2025\/07\/2024-03-31-Miami-Beach-Employees-Quarterly-Report-Final.pdf\">2024-03-31 Anplwaye Miami Beach (Rap\u00f2 Trim\u00e8stry\u00e8l)<\/a><\/p>\n<p><a href=\"https:\/\/www.miamibeachfl.gov\/wp-content\/uploads\/2025\/07\/Q4-2023-Performance-Report-1.pdf\">Rap\u00f2 P\u00e8f\u00f2mans 4y\u00e8m Trim\u00e8s 2023 la<\/a><\/p>\n<p><a href=\"https:\/\/www.miamibeachfl.gov\/wp-content\/uploads\/2025\/07\/Q3-2023-Performance-Report-2.pdf\">Rap\u00f2 P\u00e8f\u00f2mans 3y\u00e8m Trim\u00e8s 2023 la<\/a><\/p>\n<p><strong><a href=\"https:\/\/www.miamibeachfl.gov\/wp-content\/uploads\/2023\/09\/Q2-2023-Performance-Report.pdf\">Rap\u00f2 P\u00e8f\u00f2mans T2 2023 la<\/a><\/strong><\/p>\n<p><a href=\"https:\/\/www.miamibeachfl.gov\/wp-content\/uploads\/2025\/07\/Q1-2023-Performance-Report.pdf\">Rap\u00f2 P\u00e8f\u00f2mans T1 2023 la<\/a><\/p>\n<p>&nbsp;<\/p>\n\t\tNavige pou ale nan\u2026\t\t\t\n\t\t\t\t\t<ul id=\"menu-mberp\"><li id=\"menu-item-363202\"><a href=\"\/ht\/city-hall\/mberp\/actuarial-valuation\/\">Evalyasyon Aktyary\u00e8l<\/a><\/li>\n<li id=\"menu-item-363203\"><a href=\"\/ht\/city-hall\/mberp\/agendas-minutes\/\">Ajanda yo<\/a><\/li>\n<li id=\"menu-item-363204\"><a href=\"\/ht\/city-hall\/mberp\/board-of-trustees\/\">Kons\u00e8y Administrasyon an<\/a><\/li>\n<li id=\"menu-item-363205\"><a href=\"\/ht\/city-hall\/mberp\/deferred-retirement-option-plan\/\">GOTE<\/a><\/li>\n<li id=\"menu-item-363207\"><a href=\"\/ht\/city-hall\/mberp\/internal-audit-reports\/\">Rap\u00f2 Odit Pansyon yo<\/a><\/li>\n<li id=\"menu-item-363208\"><a href=\"\/ht\/city-hall\/mberp\/quarterly-investment-report\/\">Rap\u00f2 Envestisman Trim\u00e8stry\u00e8l<\/a><\/li>\n<li id=\"menu-item-363209\"><a href=\"\/ht\/city-hall\/mberp\/retiree-benefit-links\/\">Lyen Benefis pou Retrete<\/a><\/li>\n<li id=\"menu-item-363210\"><a href=\"\/ht\/city-hall\/mberp\/national-retirement-benefit\/\">Benefis retr\u00e8t<\/a><\/li>\n<li id=\"menu-item-363211\"><a href=\"\/ht\/city-hall\/mberp\/the-plan\/\">Plan an<\/a><\/li>\n<li id=\"menu-item-386061\"><a href=\"https:\/\/www.pensiontechnologygroup.com\/miamibeach\">P\u00f2tal Oto-S\u00e8vis pou Retr\u00e8t<\/a><\/li>\n<li id=\"menu-item-386610\"><a href=\"https:\/\/www.miamibeachfl.gov\/ht\/city-hall\/mberp\/additional-information\/\">Enf\u00f2masyon Siplemant\u00e8 MBERP<\/a><\/li>\n<li id=\"menu-item-386611\"><a href=\"https:\/\/www.miamibeachfl.gov\/ht\/city-hall\/mberp\/audit-report\/\">P\u00f2tfolyo Fon<\/a><\/li>\n<li id=\"menu-item-386612\"><a href=\"https:\/\/www.miamibeachfl.gov\/ht\/city-hall\/mberp\/fl-chapter-112-664\/\">Chapit FL 112.664<\/a><\/li>\n<li id=\"menu-item-386613\"><a href=\"https:\/\/www.miamibeachfl.gov\/ht\/city-hall\/mberp\/meeting-calendar\/\">Kalandriye Reyinyon<\/a><\/li>\n<li id=\"menu-item-386614\"><a href=\"https:\/\/www.miamibeachfl.gov\/ht\/city-hall\/mberp\/investment-policy\/\">Politik Envestisman<\/a><\/li>\n<li id=\"menu-item-386615\"><a href=\"\/ht\/city-hall\/mberp\/other-links\/\">L\u00f2t Lyen<\/a><\/li>\n<\/ul>\t\n\t<div class=\"page-navigation\"><a class=\"prev-page\" href=\"https:\/\/www.miamibeachfl.gov\/ht\/city-hall\/city-manager\/master-plans\/\">\u2190 Plan Jeneral yo<\/a> <a class=\"next-page\" href=\"https:\/\/www.miamibeachfl.gov\/ht\/city-hall\/office-of-budget-peformance\/budget\/budget-archive\/capital-budget-resolutions-fy-2012-2013\/\">Rezolisyon Bidj\u00e8 Kapital Ane Fiskal 2012 2013 \u2192<\/a><\/div>","protected":false},"excerpt":{"rendered":"<p>Quarterly Investment Report Home &gt; City Hall &gt; MBERP &#8211; Miami Beach Employee Retirement Plan &gt; Quarterly Investment Report 2025-09-30 [&hellip;]<\/p>\n","protected":false},"author":222,"featured_media":0,"parent":28734,"menu_order":183,"comment_status":"closed","ping_status":"closed","template":"","meta":{"_searchwp_excluded":"","site-sidebar-layout":"default","site-content-layout":"","ast-site-content-layout":"default","site-content-style":"default","site-sidebar-style":"default","ast-global-header-display":"","ast-banner-title-visibility":"","ast-main-header-display":"","ast-hfb-above-header-display":"","ast-hfb-below-header-display":"","ast-hfb-mobile-header-display":"","site-post-title":"","ast-breadcrumbs-content":"","ast-featured-img":"","footer-sml-layout":"","theme-transparent-header-meta":"","adv-header-id-meta":"","stick-header-meta":"","header-above-stick-meta":"","header-main-stick-meta":"","header-below-stick-meta":"","astra-migrate-meta-layouts":"default","ast-page-background-enabled":"default","ast-page-background-meta":{"desktop":{"background-color":"var(--ast-global-color-5)","background-image":"","background-repeat":"repeat","background-position":"center center","background-size":"auto","background-attachment":"scroll","background-type":"","background-media":"","overlay-type":"","overlay-color":"","overlay-opacity":"","overlay-gradient":""},"tablet":{"background-color":"","background-image":"","background-repeat":"repeat","background-position":"center center","background-size":"auto","background-attachment":"scroll","background-type":"","background-media":"","overlay-type":"","overlay-color":"","overlay-opacity":"","overlay-gradient":""},"mobile":{"background-color":"","background-image":"","background-repeat":"repeat","background-position":"center center","background-size":"auto","background-attachment":"scroll","background-type":"","background-media":"","overlay-type":"","overlay-color":"","overlay-opacity":"","overlay-gradient":""}},"ast-content-background-meta":{"desktop":{"background-color":"var(--ast-global-color-4)","background-image":"","background-repeat":"repeat","background-position":"center center","background-size":"auto","background-attachment":"scroll","background-type":"","background-media":"","overlay-type":"","overlay-color":"","overlay-opacity":"","overlay-gradient":""},"tablet":{"background-color":"var(--ast-global-color-4)","background-image":"","background-repeat":"repeat","background-position":"center center","background-size":"auto","background-attachment":"scroll","background-type":"","background-media":"","overlay-type":"","overlay-color":"","overlay-opacity":"","overlay-gradient":""},"mobile":{"background-color":"var(--ast-global-color-4)","background-image":"","background-repeat":"repeat","background-position":"center center","background-size":"auto","background-attachment":"scroll","background-type":"","background-media":"","overlay-type":"","overlay-color":"","overlay-opacity":"","overlay-gradient":""}},"footnotes":""},"categories":[],"tags":[],"class_list":["post-255601","page","type-page","status-publish","hentry"],"yoast_head":"<!-- This site is optimized with the Yoast SEO Premium plugin v27.4 (Yoast SEO v27.4) - https:\/\/yoast.com\/product\/yoast-seo-premium-wordpress\/ -->\n<title>Quarterly Investment Report - City of Miami Beach<\/title>\n<meta name=\"description\" content=\"%\" \/>\n<meta name=\"robots\" content=\"index, follow, max-snippet:-1, max-image-preview:large, max-video-preview:-1\" \/>\n<link rel=\"canonical\" href=\"https:\/\/www.miamibeachfl.gov\/ht\/city-hall\/mberp\/quarterly-investment-report\/\" \/>\n<meta property=\"og:locale\" content=\"ht_HT\" \/>\n<meta property=\"og:type\" content=\"article\" \/>\n<meta property=\"og:title\" content=\"Quarterly Investment Report\" \/>\n<meta property=\"og:description\" content=\"%\" \/>\n<meta property=\"og:url\" content=\"https:\/\/www.miamibeachfl.gov\/ht\/city-hall\/mberp\/quarterly-investment-report\/\" \/>\n<meta property=\"og:site_name\" content=\"City of Miami Beach\" \/>\n<meta property=\"article:publisher\" content=\"https:\/\/www.facebook.com\/cityofmiamibeach\" \/>\n<meta property=\"article:modified_time\" content=\"2025-12-09T17:02:01+00:00\" \/>\n<meta property=\"og:image\" content=\"https:\/\/www.miamibeachfl.gov\/wp-content\/uploads\/2022\/07\/hero-small.jpg\" \/>\n<meta name=\"twitter:card\" content=\"summary_large_image\" \/>\n<meta name=\"twitter:site\" content=\"@Miamibeachnews\" \/>\n<script type=\"application\/ld+json\" class=\"yoast-schema-graph\">{\"@context\":\"https:\\\/\\\/schema.org\",\"@graph\":[{\"@type\":\"WebPage\",\"@id\":\"https:\\\/\\\/www.miamibeachfl.gov\\\/city-hall\\\/mberp\\\/quarterly-investment-report\\\/\",\"url\":\"https:\\\/\\\/www.miamibeachfl.gov\\\/city-hall\\\/mberp\\\/quarterly-investment-report\\\/\",\"name\":\"Quarterly Investment Report - City of Miami Beach\",\"isPartOf\":{\"@id\":\"https:\\\/\\\/www.miamibeachfl.gov\\\/#website\"},\"primaryImageOfPage\":{\"@id\":\"https:\\\/\\\/www.miamibeachfl.gov\\\/city-hall\\\/mberp\\\/quarterly-investment-report\\\/#primaryimage\"},\"image\":{\"@id\":\"https:\\\/\\\/www.miamibeachfl.gov\\\/city-hall\\\/mberp\\\/quarterly-investment-report\\\/#primaryimage\"},\"thumbnailUrl\":\"https:\\\/\\\/www.miamibeachfl.gov\\\/wp-content\\\/uploads\\\/2022\\\/07\\\/hero-small.jpg\",\"datePublished\":\"2023-04-04T18:24:17+00:00\",\"dateModified\":\"2025-12-09T17:02:01+00:00\",\"description\":\"%\",\"breadcrumb\":{\"@id\":\"https:\\\/\\\/www.miamibeachfl.gov\\\/city-hall\\\/mberp\\\/quarterly-investment-report\\\/#breadcrumb\"},\"inLanguage\":\"ht\",\"potentialAction\":[{\"@type\":\"ReadAction\",\"target\":[\"https:\\\/\\\/www.miamibeachfl.gov\\\/city-hall\\\/mberp\\\/quarterly-investment-report\\\/\"]}]},{\"@type\":\"ImageObject\",\"inLanguage\":\"ht\",\"@id\":\"https:\\\/\\\/www.miamibeachfl.gov\\\/city-hall\\\/mberp\\\/quarterly-investment-report\\\/#primaryimage\",\"url\":\"https:\\\/\\\/www.miamibeachfl.gov\\\/wp-content\\\/uploads\\\/2022\\\/07\\\/hero-small.jpg\",\"contentUrl\":\"https:\\\/\\\/www.miamibeachfl.gov\\\/wp-content\\\/uploads\\\/2022\\\/07\\\/hero-small.jpg\"},{\"@type\":\"BreadcrumbList\",\"@id\":\"https:\\\/\\\/www.miamibeachfl.gov\\\/city-hall\\\/mberp\\\/quarterly-investment-report\\\/#breadcrumb\",\"itemListElement\":[{\"@type\":\"ListItem\",\"position\":1,\"name\":\"Home\",\"item\":\"https:\\\/\\\/www.miamibeachfl.gov\\\/\"},{\"@type\":\"ListItem\",\"position\":2,\"name\":\"City Hall\",\"item\":\"https:\\\/\\\/www.miamibeachfl.gov\\\/city-hall\\\/\"},{\"@type\":\"ListItem\",\"position\":3,\"name\":\"MBERP &#8211; Miami Beach Employee Retirement Plan\",\"item\":\"https:\\\/\\\/www.miamibeachfl.gov\\\/city-hall\\\/mberp\\\/\"},{\"@type\":\"ListItem\",\"position\":4,\"name\":\"Quarterly Investment Report\"}]},{\"@type\":\"WebSite\",\"@id\":\"https:\\\/\\\/www.miamibeachfl.gov\\\/#website\",\"url\":\"https:\\\/\\\/www.miamibeachfl.gov\\\/\",\"name\":\"City of Miami Beach\",\"description\":\"The official website of the City of Miami Beach. Stay informed, find important information on city services, news, alerts, events, trolley routes, government employment and more.\",\"publisher\":{\"@id\":\"https:\\\/\\\/www.miamibeachfl.gov\\\/#organization\"},\"potentialAction\":[{\"@type\":\"SearchAction\",\"target\":{\"@type\":\"EntryPoint\",\"urlTemplate\":\"https:\\\/\\\/www.miamibeachfl.gov\\\/?s={search_term_string}\"},\"query-input\":{\"@type\":\"PropertyValueSpecification\",\"valueRequired\":true,\"valueName\":\"search_term_string\"}}],\"inLanguage\":\"ht\"},{\"@type\":\"Organization\",\"@id\":\"https:\\\/\\\/www.miamibeachfl.gov\\\/#organization\",\"name\":\"City of Miami Beach\",\"url\":\"https:\\\/\\\/www.miamibeachfl.gov\\\/\",\"logo\":{\"@type\":\"ImageObject\",\"inLanguage\":\"ht\",\"@id\":\"https:\\\/\\\/www.miamibeachfl.gov\\\/#\\\/schema\\\/logo\\\/image\\\/\",\"url\":\"https:\\\/\\\/www.miamibeachfl.gov\\\/wp-content\\\/uploads\\\/2022\\\/06\\\/miamibeach-logoblue.png\",\"contentUrl\":\"https:\\\/\\\/www.miamibeachfl.gov\\\/wp-content\\\/uploads\\\/2022\\\/06\\\/miamibeach-logoblue.png\",\"width\":1962,\"height\":381,\"caption\":\"City of Miami Beach\"},\"image\":{\"@id\":\"https:\\\/\\\/www.miamibeachfl.gov\\\/#\\\/schema\\\/logo\\\/image\\\/\"},\"sameAs\":[\"https:\\\/\\\/www.facebook.com\\\/cityofmiamibeach\",\"https:\\\/\\\/x.com\\\/Miamibeachnews\",\"https:\\\/\\\/www.instagram.com\\\/miamibeachnews\\\/\"],\"description\":\"The official website of the City of Miami Beach. Stay informed, find important information on city services, news, alerts, events, trolley routes, government employment and more.\",\"telephone\":\"305.604.CITY(2489)\",\"legalName\":\"City of Miami Beach\"}]}<\/script>\n<!-- \/ Yoast SEO Premium plugin. -->","yoast_head_json":{"title":"Rap\u00f2 Envestisman Trim\u00e8stry\u00e8l - Vil Miami Beach","description":"%","robots":{"index":"index","follow":"follow","max-snippet":"max-snippet:-1","max-image-preview":"max-image-preview:large","max-video-preview":"max-video-preview:-1"},"canonical":"https:\/\/www.miamibeachfl.gov\/ht\/city-hall\/mberp\/quarterly-investment-report\/","og_locale":"ht_HT","og_type":"article","og_title":"Quarterly Investment Report","og_description":"%","og_url":"https:\/\/www.miamibeachfl.gov\/ht\/city-hall\/mberp\/quarterly-investment-report\/","og_site_name":"City of Miami Beach","article_publisher":"https:\/\/www.facebook.com\/cityofmiamibeach","article_modified_time":"2025-12-09T17:02:01+00:00","og_image":[{"url":"https:\/\/www.miamibeachfl.gov\/wp-content\/uploads\/2022\/07\/hero-small.jpg","type":"","width":"","height":""}],"twitter_card":"summary_large_image","twitter_site":"@Miamibeachnews","schema":{"@context":"https:\/\/schema.org","@graph":[{"@type":"WebPage","@id":"https:\/\/www.miamibeachfl.gov\/city-hall\/mberp\/quarterly-investment-report\/","url":"https:\/\/www.miamibeachfl.gov\/city-hall\/mberp\/quarterly-investment-report\/","name":"Rap\u00f2 Envestisman Trim\u00e8stry\u00e8l - Vil Miami Beach","isPartOf":{"@id":"https:\/\/www.miamibeachfl.gov\/#website"},"primaryImageOfPage":{"@id":"https:\/\/www.miamibeachfl.gov\/city-hall\/mberp\/quarterly-investment-report\/#primaryimage"},"image":{"@id":"https:\/\/www.miamibeachfl.gov\/city-hall\/mberp\/quarterly-investment-report\/#primaryimage"},"thumbnailUrl":"https:\/\/www.miamibeachfl.gov\/wp-content\/uploads\/2022\/07\/hero-small.jpg","datePublished":"2023-04-04T18:24:17+00:00","dateModified":"2025-12-09T17:02:01+00:00","description":"%","breadcrumb":{"@id":"https:\/\/www.miamibeachfl.gov\/city-hall\/mberp\/quarterly-investment-report\/#breadcrumb"},"inLanguage":"ht","potentialAction":[{"@type":"ReadAction","target":["https:\/\/www.miamibeachfl.gov\/city-hall\/mberp\/quarterly-investment-report\/"]}]},{"@type":"ImageObject","inLanguage":"ht","@id":"https:\/\/www.miamibeachfl.gov\/city-hall\/mberp\/quarterly-investment-report\/#primaryimage","url":"https:\/\/www.miamibeachfl.gov\/wp-content\/uploads\/2022\/07\/hero-small.jpg","contentUrl":"https:\/\/www.miamibeachfl.gov\/wp-content\/uploads\/2022\/07\/hero-small.jpg"},{"@type":"BreadcrumbList","@id":"https:\/\/www.miamibeachfl.gov\/city-hall\/mberp\/quarterly-investment-report\/#breadcrumb","itemListElement":[{"@type":"ListItem","position":1,"name":"Home","item":"https:\/\/www.miamibeachfl.gov\/"},{"@type":"ListItem","position":2,"name":"City Hall","item":"https:\/\/www.miamibeachfl.gov\/city-hall\/"},{"@type":"ListItem","position":3,"name":"MBERP &#8211; Miami Beach Employee Retirement Plan","item":"https:\/\/www.miamibeachfl.gov\/city-hall\/mberp\/"},{"@type":"ListItem","position":4,"name":"Quarterly Investment Report"}]},{"@type":"WebSite","@id":"https:\/\/www.miamibeachfl.gov\/#website","url":"https:\/\/www.miamibeachfl.gov\/","name":"Vil Miami Beach","description":"Sitw\u00e8b ofisy\u00e8l Vil Miami Beach la. Rete enf\u00f2me, jwenn enf\u00f2masyon enp\u00f2tan sou s\u00e8vis vil la, nouv\u00e8l, al\u00e8t, ev\u00e8nman, wout tramway, travay gouv\u00e8nman an ak plis ank\u00f2.","publisher":{"@id":"https:\/\/www.miamibeachfl.gov\/#organization"},"potentialAction":[{"@type":"SearchAction","target":{"@type":"EntryPoint","urlTemplate":"https:\/\/www.miamibeachfl.gov\/?s={search_term_string}"},"query-input":{"@type":"PropertyValueSpecification","valueRequired":true,"valueName":"search_term_string"}}],"inLanguage":"ht"},{"@type":"Organization","@id":"https:\/\/www.miamibeachfl.gov\/#organization","name":"Vil Miami Beach","url":"https:\/\/www.miamibeachfl.gov\/","logo":{"@type":"ImageObject","inLanguage":"ht","@id":"https:\/\/www.miamibeachfl.gov\/#\/schema\/logo\/image\/","url":"https:\/\/www.miamibeachfl.gov\/wp-content\/uploads\/2022\/06\/miamibeach-logoblue.png","contentUrl":"https:\/\/www.miamibeachfl.gov\/wp-content\/uploads\/2022\/06\/miamibeach-logoblue.png","width":1962,"height":381,"caption":"City of Miami Beach"},"image":{"@id":"https:\/\/www.miamibeachfl.gov\/#\/schema\/logo\/image\/"},"sameAs":["https:\/\/www.facebook.com\/cityofmiamibeach","https:\/\/x.com\/Miamibeachnews","https:\/\/www.instagram.com\/miamibeachnews\/"],"description":"Sitw\u00e8b ofisy\u00e8l Vil Miami Beach la. Rete enf\u00f2me, jwenn enf\u00f2masyon enp\u00f2tan sou s\u00e8vis vil la, nouv\u00e8l, al\u00e8t, ev\u00e8nman, wout tramway, travay gouv\u00e8nman an ak plis ank\u00f2.","telephone":"305.604.CITY(2489)","legalName":"City of Miami Beach"}]}},"_links":{"self":[{"href":"https:\/\/www.miamibeachfl.gov\/ht\/wp-json\/wp\/v2\/pages\/255601","targetHints":{"allow":["GET"]}}],"collection":[{"href":"https:\/\/www.miamibeachfl.gov\/ht\/wp-json\/wp\/v2\/pages"}],"about":[{"href":"https:\/\/www.miamibeachfl.gov\/ht\/wp-json\/wp\/v2\/types\/page"}],"author":[{"embeddable":true,"href":"https:\/\/www.miamibeachfl.gov\/ht\/wp-json\/wp\/v2\/users\/222"}],"replies":[{"embeddable":true,"href":"https:\/\/www.miamibeachfl.gov\/ht\/wp-json\/wp\/v2\/comments?post=255601"}],"version-history":[{"count":13,"href":"https:\/\/www.miamibeachfl.gov\/ht\/wp-json\/wp\/v2\/pages\/255601\/revisions"}],"predecessor-version":[{"id":393165,"href":"https:\/\/www.miamibeachfl.gov\/ht\/wp-json\/wp\/v2\/pages\/255601\/revisions\/393165"}],"up":[{"embeddable":true,"href":"https:\/\/www.miamibeachfl.gov\/ht\/wp-json\/wp\/v2\/pages\/28734"}],"wp:attachment":[{"href":"https:\/\/www.miamibeachfl.gov\/ht\/wp-json\/wp\/v2\/media?parent=255601"}],"wp:term":[{"taxonomy":"category","embeddable":true,"href":"https:\/\/www.miamibeachfl.gov\/ht\/wp-json\/wp\/v2\/categories?post=255601"},{"taxonomy":"post_tag","embeddable":true,"href":"https:\/\/www.miamibeachfl.gov\/ht\/wp-json\/wp\/v2\/tags?post=255601"}],"curies":[{"name":"wp","href":"https:\/\/api.w.org\/{rel}","templated":true}]}}