{"id":255740,"date":"2023-04-05T10:01:51","date_gmt":"2023-04-05T14:01:51","guid":{"rendered":"https:\/\/www.miamibeachfl.gov\/?page_id=255740"},"modified":"2025-05-25T17:00:38","modified_gmt":"2025-05-25T21:00:38","slug":"2023-41st-st-business-improvement-district","status":"publish","type":"page","link":"https:\/\/www.miamibeachfl.gov\/ht\/city-hall\/city-clerk\/2023-41st-st-business-improvement-district\/","title":{"rendered":"2023 \u2013 Distri Amelyorasyon Biznis 41y\u00e8m Ri a"},"content":{"rendered":"<img decoding=\"async\" src=\"https:\/\/www.miamibeachfl.gov\/wp-content\/uploads\/2022\/07\/hero-small.jpg\" alt=\"ocean drive art deco buildings\" itemprop=\"image\" title=\"ewo-piti\" onerror=\"this.style.display='none'\" loading='lazy' \/>\n<h1>\n\t\t\tDistri Amelyorasyon Biznis 41y\u00e8m Ri a\t<\/h1>\n\t<nav id=\"breadcrumbs\" aria-label=\"Pen griye\"><a href=\"https:\/\/www.miamibeachfl.gov\/ht\/\">Lakay<\/a> &gt; <a href=\"https:\/\/www.miamibeachfl.gov\/ht\/city-hall\/\">Lakou Vil la<\/a> &gt; <a href=\"https:\/\/www.miamibeachfl.gov\/ht\/city-hall\/city-clerk\/\">Grefye Vil la<\/a> &gt; <strong>2023 \u2013 Distri Amelyorasyon Biznis 41y\u00e8m Ri a<\/strong><\/nav>\n\t<ul>\n<li><a href=\"https:\/\/www.miamibeachfl.gov\/wp-content\/uploads\/2023\/07\/Resolution-2023-32715.pdf\">Rezolisyon No 2023-32715: Yon Rezolisyon Majistra a ak Komisyon Minisipal Vil Miami Beach, Florid ki Apwouve, Apre yon Odyans Piblik ki te Avize Byen An Konf\u00f2mite ak Seksyon 170.07 ak 170.08, Lwa Florid yo, Lis Evalyasyon Final la pou Distri Evalyasyon Espesyal la ke yo rekon\u00e8t k\u00f2m Distri Amelyorasyon Biznis 41y\u00e8m Ri a, epi ki Konfime Evalyasyon sa yo k\u00f2m Premye Privil\u00e8j Legal, Valab, ak Obligatwa sou Pwopriyete a kote Evalyasyon sa yo F\u00e8t Jiskaske yo Peye.<\/a><\/li>\n<li><a href=\"https:\/\/www.miamibeachfl.gov\/wp-content\/uploads\/2023\/07\/Resolution-2023-32630.pdf\">Rezolisyon No 2023-32630: Yon Rezolisyon Majistra a ak Komisyon Minisipal Vil Miami Beach, Florid, ki Adopte S\u00e8tifikasyon Eleksyon Ofisy\u00e8l Komisyon Kanpay V\u00f2t pou Eleksyon Espesyal pa Lap\u00f2s ki te f\u00e8t nan Vil Miami Beach soti 5 jen 2023 rive 27 jen 2023 pou Det\u00e8mine Si yon Majorite Pwopriyet\u00e8 ki Afekte yo Apwouve Kreyasyon yon Distri Evalyasyon Espesyal ki pral rele Distri Amelyorasyon Biznis 41y\u00e8m Ri a.\u00a0<\/a><\/li>\n<li><a href=\"https:\/\/www.miamibeachfl.gov\/wp-content\/uploads\/2023\/06\/Official-Election-Certification-of-the-Canvassing-Board.pdf\">S\u00e8tifikasyon Eleksyon Ofisy\u00e8l Komisyon Kandida a<\/a><\/li>\n<li><a href=\"https:\/\/www.miamibeachfl.gov\/wp-content\/uploads\/2023\/06\/LTC-291-2023-Official-Election-Certification-of-the-Canvassing-Board-Creation-of-41st-Street-Business-Improvement-District.pdf\">L\u00e8t bay Komisyon No 291-2023 S\u00e8tifikasyon Eleksyon Ofisy\u00e8l Komisyon Kanpay la<\/a><\/li>\n<li><a href=\"https:\/\/www.miamibeachfl.gov\/wp-content\/uploads\/2023\/06\/Daily-Ballot-Tracking-Totals-for-Web-June-27-2023-1.pdf\">Suivi Bilten V\u00f2t Chak Jou<\/a><\/li>\n<li><a href=\"https:\/\/www.miamibeachfl.gov\/wp-content\/uploads\/2023\/06\/41st-Street-Notice-BID-Web.pdf\">Avi Odyans Piblik pou Apwouve Lis Evalyasyon Final la<\/a><\/li>\n<li><a href=\"https:\/\/www.miamibeachfl.gov\/wp-content\/uploads\/2023\/06\/Assessment-Roll-6-22-23.pdf\">Lis Evalyasyon<\/a><\/li>\n<li><a href=\"https:\/\/www.miamibeachfl.gov\/wp-content\/uploads\/2023\/05\/OFFICIAL-BALLOT-REG-RB-KM-LGT.pdf\">Bilten V\u00f2t Ofisy\u00e8l<\/a>\u00a0 \/\u00a0 <a href=\"https:\/\/www.miamibeachfl.gov\/wp-content\/uploads\/2023\/05\/BOLETA-OFICIAL-REG-RB-KM-LG.pdf\">Bilet Ofisy\u00e8l<\/a><\/li>\n<li><a href=\"https:\/\/www.miamibeachfl.gov\/wp-content\/uploads\/2023\/05\/41BID-06272023-01-NOTICE-VERSION-REG-RB-NK.pdf\">Avi pou Eleksyon Espesyal pa Bilten V\u00f2t pa Lap\u00f2s pou Distri Amelyorasyon Biznis 41y\u00e8m Ri a<\/a><\/li>\n<li><a href=\"https:\/\/www.miamibeachfl.gov\/wp-content\/uploads\/2023\/05\/41BID-06272023-01-ES-AVISO-VERSION-REG-RB-NK-LT.pdf\">Avis de Elecci\u00f3n Espesyal de Voto por Correo para el 41st Street Business Improvement District<\/a><\/li>\n<li><a href=\"https:\/\/www.miamibeachfl.gov\/wp-content\/uploads\/2023\/08\/41BID-Canvassing-Board-AFTER-ACTION-FINAL.pdf\">27 jen 2023 Reyinyon Komisyon Kanpayman Apre Aksyon<\/a><\/li>\n<li><a href=\"https:\/\/www.miamibeachfl.gov\/wp-content\/uploads\/2023\/06\/41BID-Canvassing-Board-Agenda-REG-NK.pdf\">Ajanda Reyinyon Komisyon Kons\u00e8y Kanpayman 27 jen 2023 la<\/a><\/li>\n<li><a href=\"https:\/\/www.miamibeachfl.gov\/wp-content\/uploads\/2023\/05\/MOU-Signed-41st-Street-BID.pdf\">Memorand\u00f2m Antant ant Miami Beach ak Middle Beach Partnership, Inc.<\/a><\/li>\n<li><a href=\"https:\/\/www.miamibeachfl.gov\/wp-content\/uploads\/2023\/05\/41st-Street-BID-Procedures.pdf\">Pwosedi Eleksyon Bilten V\u00f2t Espesyal pou Distri Amelyorasyon Biznis 41y\u00e8m Ri a<\/a><\/li>\n<li><a href=\"https:\/\/www.miamibeachfl.gov\/wp-content\/uploads\/2023\/05\/B-Methodology-and-Budget-Narrative.pdf\">Metodoloji ak Naratif Bidj\u00e8 a<\/a><\/li>\n<li><a href=\"https:\/\/www.miamibeachfl.gov\/wp-content\/uploads\/2023\/05\/C-Budget-Year-1.pdf\">Bidj\u00e8 Pwopoze pou Ane 1<\/a><\/li>\n<li><a href=\"https:\/\/www.miamibeachfl.gov\/wp-content\/uploads\/2023\/05\/Exhibit-D-Assessment-Plat.pdf\">Kat Distri Pwopoze a<\/a><\/li>\n<li><a href=\"https:\/\/www.miamibeachfl.gov\/wp-content\/uploads\/2023\/05\/Resolution-2023-32566.pdf\">Rezolisyon No. 2023-32566: Konvoke Eleksyon Bilten V\u00f2t Espesyal pa Lap\u00f2s, Distri Amelyorasyon Biznis 41st Street<\/a><\/li>\n<li><a href=\"https:\/\/www.miamibeachfl.gov\/wp-content\/uploads\/2023\/05\/Resolution-2023-32565-1.pdf\">Rezolisyon No. 2023-32565: Egzekite Memorand\u00f2m Antant lan, Apwouve Eleksyon Distri Amelyorasyon Biznis 41st Street la<\/a><\/li>\n<li><a href=\"https:\/\/www.miamibeachfl.gov\/wp-content\/uploads\/2023\/04\/Resolution-2023-32544.pdf\">Rezolisyon No. 2023-32544: Kreye yon Distri Amelyorasyon Biznis sou 41y\u00e8m Ri a<\/a><\/li>\n<li><a href=\"https:\/\/www.miamibeachfl.gov\/wp-content\/uploads\/2023\/05\/Resolution-2022-32348-10-26-22-Authorize-work-41-ST-BID.pdf\">Rezolisyon No. 2022-32348: Otorize Travay \/ Etabli Distri Evalyasyon Espesyal pou 41y\u00e8m Ri a<\/a><\/li>\n<\/ul>\n\t\tNavige pou ale nan\u2026\t\t\t\n\t\t\t\t\t<ul id=\"menu-city-clerk-main-menu\"><li id=\"menu-item-363744\"><a href=\"\/ht\/city-hall\/city-clerk\/boards-and-committees\/\">Kons\u00e8y Administrasyon ak Komite yo<\/a><\/li>\n<li id=\"menu-item-363745\"><a href=\"\/ht\/city-hall\/city-clerk\/meetings-and-agendas\/\">Reyinyon ak Ajanda Vil Miami Beach<\/a><\/li>\n<li id=\"menu-item-363746\"><a href=\"\/ht\/city-hall\/city-clerk\/discrimination-in-employment\/\">Diskriminasyon nan Anplwa<\/a><\/li>\n<li id=\"menu-item-363747\"><a href=\"\/ht\/city-hall\/city-clerk\/election-information\/\">Enf\u00f2masyon sou Eleksyon<\/a><\/li>\n<li id=\"menu-item-363748\"><a href=\"\/ht\/city-hall\/city-clerk\/forms\/\">F\u00f2m yo<\/a><\/li>\n<li id=\"menu-item-363749\"><a href=\"\/ht\/city-hall\/city-clerk\/meeting-notices\/\">Anons Legal ak Avi Piblik<\/a><\/li>\n<li id=\"menu-item-363750\"><a href=\"\/ht\/city-hall\/city-clerk\/lobbyist-information\/\">Enf\u00f2masyon sou Lobis<\/a><\/li>\n<li id=\"menu-item-363751\"><a href=\"\/ht\/city-hall\/city-clerk\/marriage-license\/\">Lisans Maryaj<\/a><\/li>\n<li id=\"menu-item-363752\"><a href=\"\/ht\/city-hall\/city-clerk\/public-records-request\/\">Dosye Piblik \/ Laserfiche<\/a><\/li>\n<li id=\"menu-item-363753\"><a href=\"\/ht\/city-hall\/city-clerk\/public-records-portal\/\">P\u00f2tal Dosye Piblik yo<\/a><\/li>\n<li id=\"menu-item-363754\"><a href=\"\/ht\/city-hall\/city-clerk\/residents-right-to-know\/\">Dwa Rezidan yo pou Konnen<\/a><\/li>\n<li id=\"menu-item-363755\"><a href=\"\/ht\/city-hall\/city-clerk\/special-magistrate\/\">Majistra Espesyal<\/a><\/li>\n<\/ul>\t\n\t<div class=\"page-navigation\"><a class=\"prev-page\" href=\"https:\/\/www.miamibeachfl.gov\/ht\/city-hall\/customer-service-center\/\">\u2190 Sant S\u00e8vis Kliyant\u00e8l<\/a> <a class=\"next-page\" href=\"https:\/\/www.miamibeachfl.gov\/ht\/city-hall\/cip\/\">Pwoj\u00e8 Amelyorasyon Kapital \u2192<\/a><\/div>","protected":false},"excerpt":{"rendered":"<p>41st St Business Improvement District Home &gt; City Hall &gt; City Clerk &gt; 2023 &#8211; 41st St Business Improvement District [&hellip;]<\/p>\n","protected":false},"author":222,"featured_media":0,"parent":28337,"menu_order":88,"comment_status":"closed","ping_status":"closed","template":"","meta":{"_searchwp_excluded":"","site-sidebar-layout":"default","site-content-layout":"","ast-site-content-layout":"default","site-content-style":"default","site-sidebar-style":"default","ast-global-header-display":"","ast-banner-title-visibility":"","ast-main-header-display":"","ast-hfb-above-header-display":"","ast-hfb-below-header-display":"","ast-hfb-mobile-header-display":"","site-post-title":"","ast-breadcrumbs-content":"","ast-featured-img":"","footer-sml-layout":"","theme-transparent-header-meta":"","adv-header-id-meta":"","stick-header-meta":"","header-above-stick-meta":"","header-main-stick-meta":"","header-below-stick-meta":"","astra-migrate-meta-layouts":"default","ast-page-background-enabled":"default","ast-page-background-meta":{"desktop":{"background-color":"var(--ast-global-color-5)","background-image":"","background-repeat":"repeat","background-position":"center center","background-size":"auto","background-attachment":"scroll","background-type":"","background-media":"","overlay-type":"","overlay-color":"","overlay-opacity":"","overlay-gradient":""},"tablet":{"background-color":"","background-image":"","background-repeat":"repeat","background-position":"center center","background-size":"auto","background-attachment":"scroll","background-type":"","background-media":"","overlay-type":"","overlay-color":"","overlay-opacity":"","overlay-gradient":""},"mobile":{"background-color":"","background-image":"","background-repeat":"repeat","background-position":"center center","background-size":"auto","background-attachment":"scroll","background-type":"","background-media":"","overlay-type":"","overlay-color":"","overlay-opacity":"","overlay-gradient":""}},"ast-content-background-meta":{"desktop":{"background-color":"var(--ast-global-color-4)","background-image":"","background-repeat":"repeat","background-position":"center center","background-size":"auto","background-attachment":"scroll","background-type":"","background-media":"","overlay-type":"","overlay-color":"","overlay-opacity":"","overlay-gradient":""},"tablet":{"background-color":"var(--ast-global-color-4)","background-image":"","background-repeat":"repeat","background-position":"center center","background-size":"auto","background-attachment":"scroll","background-type":"","background-media":"","overlay-type":"","overlay-color":"","overlay-opacity":"","overlay-gradient":""},"mobile":{"background-color":"var(--ast-global-color-4)","background-image":"","background-repeat":"repeat","background-position":"center center","background-size":"auto","background-attachment":"scroll","background-type":"","background-media":"","overlay-type":"","overlay-color":"","overlay-opacity":"","overlay-gradient":""}},"footnotes":""},"categories":[],"tags":[],"class_list":["post-255740","page","type-page","status-publish","hentry"],"yoast_head":"<!-- This site is optimized with the Yoast SEO Premium plugin v26.6 (Yoast SEO v26.6) - https:\/\/yoast.com\/wordpress\/plugins\/seo\/ -->\n<title>2023 - 41st St Business Improvement District - City of Miami Beach<\/title>\n<meta name=\"description\" content=\"The City of Miami Beach election information including voter registration, election demographics, candidate information, etc.\" \/>\n<meta name=\"robots\" content=\"index, follow, max-snippet:-1, max-image-preview:large, max-video-preview:-1\" \/>\n<link rel=\"canonical\" href=\"https:\/\/www.miamibeachfl.gov\/ht\/city-hall\/city-clerk\/2023-41st-st-business-improvement-district\/\" \/>\n<meta property=\"og:locale\" content=\"ht_HT\" \/>\n<meta property=\"og:type\" content=\"article\" \/>\n<meta property=\"og:title\" content=\"2023 - 41st St Business Improvement District\" \/>\n<meta property=\"og:description\" content=\"The City of Miami Beach election information including voter registration, election demographics, candidate information, etc.\" \/>\n<meta property=\"og:url\" content=\"https:\/\/www.miamibeachfl.gov\/ht\/city-hall\/city-clerk\/2023-41st-st-business-improvement-district\/\" \/>\n<meta property=\"og:site_name\" content=\"City of Miami Beach\" \/>\n<meta property=\"article:publisher\" content=\"https:\/\/www.facebook.com\/cityofmiamibeach\" \/>\n<meta property=\"article:modified_time\" content=\"2025-05-25T21:00:38+00:00\" \/>\n<meta property=\"og:image\" content=\"https:\/\/www.miamibeachfl.gov\/wp-content\/uploads\/2022\/07\/hero-small.jpg\" \/>\n<meta name=\"twitter:card\" content=\"summary_large_image\" \/>\n<meta name=\"twitter:site\" content=\"@Miamibeachnews\" \/>\n<script type=\"application\/ld+json\" class=\"yoast-schema-graph\">{\"@context\":\"https:\/\/schema.org\",\"@graph\":[{\"@type\":\"WebPage\",\"@id\":\"https:\/\/www.miamibeachfl.gov\/city-hall\/city-clerk\/2023-41st-st-business-improvement-district\/\",\"url\":\"https:\/\/www.miamibeachfl.gov\/city-hall\/city-clerk\/2023-41st-st-business-improvement-district\/\",\"name\":\"2023 - 41st St Business Improvement District - City of Miami Beach\",\"isPartOf\":{\"@id\":\"https:\/\/www.miamibeachfl.gov\/#website\"},\"primaryImageOfPage\":{\"@id\":\"https:\/\/www.miamibeachfl.gov\/city-hall\/city-clerk\/2023-41st-st-business-improvement-district\/#primaryimage\"},\"image\":{\"@id\":\"https:\/\/www.miamibeachfl.gov\/city-hall\/city-clerk\/2023-41st-st-business-improvement-district\/#primaryimage\"},\"thumbnailUrl\":\"https:\/\/www.miamibeachfl.gov\/wp-content\/uploads\/2022\/07\/hero-small.jpg\",\"datePublished\":\"2023-04-05T14:01:51+00:00\",\"dateModified\":\"2025-05-25T21:00:38+00:00\",\"description\":\"The City of Miami Beach election information including voter registration, election demographics, candidate information, etc.\",\"breadcrumb\":{\"@id\":\"https:\/\/www.miamibeachfl.gov\/city-hall\/city-clerk\/2023-41st-st-business-improvement-district\/#breadcrumb\"},\"inLanguage\":\"ht\",\"potentialAction\":[{\"@type\":\"ReadAction\",\"target\":[\"https:\/\/www.miamibeachfl.gov\/city-hall\/city-clerk\/2023-41st-st-business-improvement-district\/\"]}]},{\"@type\":\"ImageObject\",\"inLanguage\":\"ht\",\"@id\":\"https:\/\/www.miamibeachfl.gov\/city-hall\/city-clerk\/2023-41st-st-business-improvement-district\/#primaryimage\",\"url\":\"https:\/\/www.miamibeachfl.gov\/wp-content\/uploads\/2022\/07\/hero-small.jpg\",\"contentUrl\":\"https:\/\/www.miamibeachfl.gov\/wp-content\/uploads\/2022\/07\/hero-small.jpg\"},{\"@type\":\"BreadcrumbList\",\"@id\":\"https:\/\/www.miamibeachfl.gov\/city-hall\/city-clerk\/2023-41st-st-business-improvement-district\/#breadcrumb\",\"itemListElement\":[{\"@type\":\"ListItem\",\"position\":1,\"name\":\"Home\",\"item\":\"https:\/\/www.miamibeachfl.gov\/\"},{\"@type\":\"ListItem\",\"position\":2,\"name\":\"City Hall\",\"item\":\"https:\/\/www.miamibeachfl.gov\/city-hall\/\"},{\"@type\":\"ListItem\",\"position\":3,\"name\":\"City Clerk\",\"item\":\"https:\/\/www.miamibeachfl.gov\/city-hall\/city-clerk\/\"},{\"@type\":\"ListItem\",\"position\":4,\"name\":\"2023 &#8211; 41st St Business Improvement District\"}]},{\"@type\":\"WebSite\",\"@id\":\"https:\/\/www.miamibeachfl.gov\/#website\",\"url\":\"https:\/\/www.miamibeachfl.gov\/\",\"name\":\"City of Miami Beach\",\"description\":\"The official website of the City of Miami Beach. Stay informed, find important information on city services, news, alerts, events, trolley routes, government employment and more.\",\"publisher\":{\"@id\":\"https:\/\/www.miamibeachfl.gov\/#organization\"},\"potentialAction\":[{\"@type\":\"SearchAction\",\"target\":{\"@type\":\"EntryPoint\",\"urlTemplate\":\"https:\/\/www.miamibeachfl.gov\/?s={search_term_string}\"},\"query-input\":{\"@type\":\"PropertyValueSpecification\",\"valueRequired\":true,\"valueName\":\"search_term_string\"}}],\"inLanguage\":\"ht\"},{\"@type\":\"Organization\",\"@id\":\"https:\/\/www.miamibeachfl.gov\/#organization\",\"name\":\"City of Miami Beach\",\"url\":\"https:\/\/www.miamibeachfl.gov\/\",\"logo\":{\"@type\":\"ImageObject\",\"inLanguage\":\"ht\",\"@id\":\"https:\/\/www.miamibeachfl.gov\/#\/schema\/logo\/image\/\",\"url\":\"https:\/\/www.miamibeachfl.gov\/wp-content\/uploads\/2022\/06\/miamibeach-logoblue.png\",\"contentUrl\":\"https:\/\/www.miamibeachfl.gov\/wp-content\/uploads\/2022\/06\/miamibeach-logoblue.png\",\"width\":1962,\"height\":381,\"caption\":\"City of Miami Beach\"},\"image\":{\"@id\":\"https:\/\/www.miamibeachfl.gov\/#\/schema\/logo\/image\/\"},\"sameAs\":[\"https:\/\/www.facebook.com\/cityofmiamibeach\",\"https:\/\/x.com\/Miamibeachnews\",\"https:\/\/www.instagram.com\/miamibeachnews\/\"],\"description\":\"The official website of the City of Miami Beach. Stay informed, find important information on city services, news, alerts, events, trolley routes, government employment and more.\",\"telephone\":\"305.604.CITY(2489)\",\"legalName\":\"City of Miami Beach\"}]}<\/script>\n<!-- \/ Yoast SEO Premium plugin. -->","yoast_head_json":{"title":"2023 - 41st St Business Improvement District - Vil Miami Beach","description":"Enf\u00f2masyon sou eleksyon Vil Miami Beach la, ki gen ladan enskripsyon vot\u00e8, demografik eleksyon, enf\u00f2masyon kandida, elatriye.","robots":{"index":"index","follow":"follow","max-snippet":"max-snippet:-1","max-image-preview":"max-image-preview:large","max-video-preview":"max-video-preview:-1"},"canonical":"https:\/\/www.miamibeachfl.gov\/ht\/city-hall\/city-clerk\/2023-41st-st-business-improvement-district\/","og_locale":"ht_HT","og_type":"article","og_title":"2023 - 41st St Business Improvement District","og_description":"The City of Miami Beach election information including voter registration, election demographics, candidate information, etc.","og_url":"https:\/\/www.miamibeachfl.gov\/ht\/city-hall\/city-clerk\/2023-41st-st-business-improvement-district\/","og_site_name":"City of Miami Beach","article_publisher":"https:\/\/www.facebook.com\/cityofmiamibeach","article_modified_time":"2025-05-25T21:00:38+00:00","og_image":[{"url":"https:\/\/www.miamibeachfl.gov\/wp-content\/uploads\/2022\/07\/hero-small.jpg","type":"","width":"","height":""}],"twitter_card":"summary_large_image","twitter_site":"@Miamibeachnews","schema":{"@context":"https:\/\/schema.org","@graph":[{"@type":"WebPage","@id":"https:\/\/www.miamibeachfl.gov\/city-hall\/city-clerk\/2023-41st-st-business-improvement-district\/","url":"https:\/\/www.miamibeachfl.gov\/city-hall\/city-clerk\/2023-41st-st-business-improvement-district\/","name":"2023 - 41st St Business Improvement District - Vil Miami Beach","isPartOf":{"@id":"https:\/\/www.miamibeachfl.gov\/#website"},"primaryImageOfPage":{"@id":"https:\/\/www.miamibeachfl.gov\/city-hall\/city-clerk\/2023-41st-st-business-improvement-district\/#primaryimage"},"image":{"@id":"https:\/\/www.miamibeachfl.gov\/city-hall\/city-clerk\/2023-41st-st-business-improvement-district\/#primaryimage"},"thumbnailUrl":"https:\/\/www.miamibeachfl.gov\/wp-content\/uploads\/2022\/07\/hero-small.jpg","datePublished":"2023-04-05T14:01:51+00:00","dateModified":"2025-05-25T21:00:38+00:00","description":"Enf\u00f2masyon sou eleksyon Vil Miami Beach la, ki gen ladan enskripsyon vot\u00e8, demografik eleksyon, enf\u00f2masyon kandida, elatriye.","breadcrumb":{"@id":"https:\/\/www.miamibeachfl.gov\/city-hall\/city-clerk\/2023-41st-st-business-improvement-district\/#breadcrumb"},"inLanguage":"ht","potentialAction":[{"@type":"ReadAction","target":["https:\/\/www.miamibeachfl.gov\/city-hall\/city-clerk\/2023-41st-st-business-improvement-district\/"]}]},{"@type":"ImageObject","inLanguage":"ht","@id":"https:\/\/www.miamibeachfl.gov\/city-hall\/city-clerk\/2023-41st-st-business-improvement-district\/#primaryimage","url":"https:\/\/www.miamibeachfl.gov\/wp-content\/uploads\/2022\/07\/hero-small.jpg","contentUrl":"https:\/\/www.miamibeachfl.gov\/wp-content\/uploads\/2022\/07\/hero-small.jpg"},{"@type":"BreadcrumbList","@id":"https:\/\/www.miamibeachfl.gov\/city-hall\/city-clerk\/2023-41st-st-business-improvement-district\/#breadcrumb","itemListElement":[{"@type":"ListItem","position":1,"name":"Home","item":"https:\/\/www.miamibeachfl.gov\/"},{"@type":"ListItem","position":2,"name":"City Hall","item":"https:\/\/www.miamibeachfl.gov\/city-hall\/"},{"@type":"ListItem","position":3,"name":"City Clerk","item":"https:\/\/www.miamibeachfl.gov\/city-hall\/city-clerk\/"},{"@type":"ListItem","position":4,"name":"2023 &#8211; 41st St Business Improvement District"}]},{"@type":"WebSite","@id":"https:\/\/www.miamibeachfl.gov\/#website","url":"https:\/\/www.miamibeachfl.gov\/","name":"Vil Miami Beach","description":"Sitw\u00e8b ofisy\u00e8l Vil Miami Beach la. Rete enf\u00f2me, jwenn enf\u00f2masyon enp\u00f2tan sou s\u00e8vis vil la, nouv\u00e8l, al\u00e8t, ev\u00e8nman, wout tramway, travay gouv\u00e8nman an ak plis ank\u00f2.","publisher":{"@id":"https:\/\/www.miamibeachfl.gov\/#organization"},"potentialAction":[{"@type":"SearchAction","target":{"@type":"EntryPoint","urlTemplate":"https:\/\/www.miamibeachfl.gov\/?s={search_term_string}"},"query-input":{"@type":"PropertyValueSpecification","valueRequired":true,"valueName":"search_term_string"}}],"inLanguage":"ht"},{"@type":"Organization","@id":"https:\/\/www.miamibeachfl.gov\/#organization","name":"Vil Miami Beach","url":"https:\/\/www.miamibeachfl.gov\/","logo":{"@type":"ImageObject","inLanguage":"ht","@id":"https:\/\/www.miamibeachfl.gov\/#\/schema\/logo\/image\/","url":"https:\/\/www.miamibeachfl.gov\/wp-content\/uploads\/2022\/06\/miamibeach-logoblue.png","contentUrl":"https:\/\/www.miamibeachfl.gov\/wp-content\/uploads\/2022\/06\/miamibeach-logoblue.png","width":1962,"height":381,"caption":"City of Miami Beach"},"image":{"@id":"https:\/\/www.miamibeachfl.gov\/#\/schema\/logo\/image\/"},"sameAs":["https:\/\/www.facebook.com\/cityofmiamibeach","https:\/\/x.com\/Miamibeachnews","https:\/\/www.instagram.com\/miamibeachnews\/"],"description":"Sitw\u00e8b ofisy\u00e8l Vil Miami Beach la. Rete enf\u00f2me, jwenn enf\u00f2masyon enp\u00f2tan sou s\u00e8vis vil la, nouv\u00e8l, al\u00e8t, ev\u00e8nman, wout tramway, travay gouv\u00e8nman an ak plis ank\u00f2.","telephone":"305.604.CITY(2489)","legalName":"City of Miami Beach"}]}},"_links":{"self":[{"href":"https:\/\/www.miamibeachfl.gov\/ht\/wp-json\/wp\/v2\/pages\/255740","targetHints":{"allow":["GET"]}}],"collection":[{"href":"https:\/\/www.miamibeachfl.gov\/ht\/wp-json\/wp\/v2\/pages"}],"about":[{"href":"https:\/\/www.miamibeachfl.gov\/ht\/wp-json\/wp\/v2\/types\/page"}],"author":[{"embeddable":true,"href":"https:\/\/www.miamibeachfl.gov\/ht\/wp-json\/wp\/v2\/users\/222"}],"replies":[{"embeddable":true,"href":"https:\/\/www.miamibeachfl.gov\/ht\/wp-json\/wp\/v2\/comments?post=255740"}],"version-history":[{"count":0,"href":"https:\/\/www.miamibeachfl.gov\/ht\/wp-json\/wp\/v2\/pages\/255740\/revisions"}],"up":[{"embeddable":true,"href":"https:\/\/www.miamibeachfl.gov\/ht\/wp-json\/wp\/v2\/pages\/28337"}],"wp:attachment":[{"href":"https:\/\/www.miamibeachfl.gov\/ht\/wp-json\/wp\/v2\/media?parent=255740"}],"wp:term":[{"taxonomy":"category","embeddable":true,"href":"https:\/\/www.miamibeachfl.gov\/ht\/wp-json\/wp\/v2\/categories?post=255740"},{"taxonomy":"post_tag","embeddable":true,"href":"https:\/\/www.miamibeachfl.gov\/ht\/wp-json\/wp\/v2\/tags?post=255740"}],"curies":[{"name":"wp","href":"https:\/\/api.w.org\/{rel}","templated":true}]}}