{"id":257821,"date":"2023-04-17T15:46:30","date_gmt":"2023-04-17T19:46:30","guid":{"rendered":"https:\/\/www.miamibeachfl.gov\/?page_id=257821"},"modified":"2025-05-28T11:21:16","modified_gmt":"2025-05-28T15:21:16","slug":"melissa-berthier","status":"publish","type":"page","link":"https:\/\/www.miamibeachfl.gov\/ht\/city-hall\/communications\/melissa-berthier\/","title":{"rendered":"Melissa Berthier <br><span style=\"font-size:18px\">Direkt\u00e8 Maketing ak Kominikasyon<\/span>"},"content":{"rendered":"<h1>\n\t\t\tMelissa Berthier\t<\/h1>\n<h2>\n\t\t\tDirekt\u00e8\t<\/h2>\nMeni\t\t\t\n\t\t\t\t\t<ul id=\"menu-marketing-and-communications\"><li id=\"menu-item-257918\"><a href=\"\/ht\/city-hall\/communications\/\">Maketing ak Kominikasyon<\/a><\/li>\n<li id=\"menu-item-257919\"><a href=\"\/ht\/city-hall\/communications\/press-releases\/\">Kominike pou lapr\u00e8s<\/a><\/li>\n<li id=\"menu-item-257920\"><a href=\"\/ht\/city-hall\/communications\/advertising-rates\/\">Tarif Piblisite<\/a><\/li>\n<li id=\"menu-item-257921\"><a href=\"\/ht\/city-hall\/communications\/subscriptions\/\">Ab\u00f2nman<\/a><\/li>\n<li id=\"menu-item-257922\"><a href=\"\/ht\/city-hall\/communications\/logos\/\">Mande yon Logo<\/a><\/li>\n<\/ul>\t\nMeni \u00d7\t\t\t\t\t\t<ul id=\"menu-marketing-and-communications-1\"><li id=\"menu-item-257918\"><a href=\"\/ht\/city-hall\/communications\/\">Maketing ak Kominikasyon<\/a><\/li>\n<li id=\"menu-item-257919\"><a href=\"\/ht\/city-hall\/communications\/press-releases\/\">Kominike pou lapr\u00e8s<\/a><\/li>\n<li id=\"menu-item-257920\"><a href=\"\/ht\/city-hall\/communications\/advertising-rates\/\">Tarif Piblisite<\/a><\/li>\n<li id=\"menu-item-257921\"><a href=\"\/ht\/city-hall\/communications\/subscriptions\/\">Ab\u00f2nman<\/a><\/li>\n<li id=\"menu-item-257922\"><a href=\"\/ht\/city-hall\/communications\/logos\/\">Mande yon Logo<\/a><\/li>\n<\/ul>\t\t\t\t\n\t\t\t\t<img decoding=\"async\" src=\"https:\/\/www.miamibeachfl.gov\/wp-content\/uploads\/bb-plugin\/cache\/IMG_1581Cropped-circle.jpg\" alt=\"Melissa Berthier\" title=\"IMG_1581Rekoupe\" itemprop=\"image\"\/>\n\t<p>Kary\u00e8 Melissa Berthier te kouvri yon varyete endistri, soti nan \u00f2ganizasyon ki pa pou pwofi rive nan magazin, bote rive nan transp\u00f2 piblik e pandan 11 d\u00e8nye ane yo, gouv\u00e8nman lokal.<\/p>\n<p>Berthier te k\u00f2manse travay nan Vil Miami Beach an 2013 e kounye a li se direkt\u00e8 maketing ak kominikasyon \u2013 li sip\u00e8vize tout ef\u00f2 kominikasyon vil la, tankou lyezon chak jou ak medya lokal ak nasyonal yo, jere yon apar\u00e8y medya sosyal solid epi sip\u00e8vize pwodiksyon tout pwogram videyo ansanm ak plizy\u00e8 sant\u00e8n grafik orijinal.<strong>.\u00a0<\/strong>Li patisipe pw\u00f2chman nan travay enp\u00f2tan Divizyon Af\u00e8 Katye vil la epi li s\u00e8vi k\u00f2m Edit\u00e8 an Ch\u00e8f magazin MB, magazin bileng ki par\u00e8t chak twa mwa sou zile iben an, ki toujou klase k\u00f2m sous enf\u00f2masyon nimewo en pou rezidan yo.<\/p>\n<p>Pasyone pou vil kote l rete a, Berthier mete inisyativ Miami Beach yo nan tout gwo piblikasyon nasyonal yo ak nan jounal nouv\u00e8l yo nan l\u00e8 premye klas. Li reponn a k\u00e8k nan pi gwo defi vil la \u2013 soti nan COVID-19 rive nan Zika, lanm\u00e8 k ap monte rive nan sikl\u00f2n destriktif, ank\u00e8t lapolis konpl\u00e8ks, pwobl\u00e8m legal ak repons vil la bay apre efondreman bilding Surfside la.<\/p>\n<p>Berthier te k\u00f2manse kary\u00e8 li an 2004 k\u00f2m yon manm fondat\u00e8 p\u00e8son\u00e8l Congressional Hispanic Leadership Institute la \u2013 yon \u00f2ganizasyon san bi likratif ki baze nan Washington DC, ke manm Chanm Reprezantan ak Sena Etazini ansanm ak plizy\u00e8 konpayi Fortune 500 te fonde. Apre travay li nan Enstiti a, Berthier te vin responsab zaf\u00e8 antrepriz nan Editorial Televisa epi pita yo te chwazi li k\u00f2m espesyalis maketing pou Bluemercury, yon ch\u00e8n famasi ak spa ki gen 100 p\u00f2t ki baze nan Washington, DC.<\/p>\n<p>Anvan li te retounen lakay li nan Sid Florid, li te f\u00e8 yon d\u00e8nye ar\u00e8: DC Metro (Washington Metropolitan Area Transit Authority). Li te jwe yon w\u00f2l enp\u00f2tan nan preparasyon ak ekzekisyon planifikasyon transp\u00f2 Metro a pou seremoni prezidansy\u00e8l inogirasyon an an 2009 epi li te s\u00e8vi nan ekip kriz la apre derayman trajik Liy Wouj la nan menm ane a.<\/p>\n<p>Berthier jere anpil responsablite li yo pandan l ap leve de j\u00e8n pitit fi ak mari l nan sa li konsidere k\u00f2m pi gwo vil nan mond lan.<\/p>","protected":false},"excerpt":{"rendered":"<p>Melissa Berthier Director Menu Marketing &#038; Communications Press Releases Advertising Rates Subscriptions Request a Logo Menu \u00d7 Marketing &#038; Communications [&hellip;]<\/p>\n","protected":false},"author":222,"featured_media":323038,"parent":28391,"menu_order":21,"comment_status":"closed","ping_status":"closed","template":"","meta":{"_searchwp_excluded":"","site-sidebar-layout":"default","site-content-layout":"","ast-site-content-layout":"default","site-content-style":"default","site-sidebar-style":"default","ast-global-header-display":"","ast-banner-title-visibility":"","ast-main-header-display":"","ast-hfb-above-header-display":"","ast-hfb-below-header-display":"","ast-hfb-mobile-header-display":"","site-post-title":"","ast-breadcrumbs-content":"","ast-featured-img":"","footer-sml-layout":"","theme-transparent-header-meta":"","adv-header-id-meta":"","stick-header-meta":"","header-above-stick-meta":"","header-main-stick-meta":"","header-below-stick-meta":"","astra-migrate-meta-layouts":"default","ast-page-background-enabled":"default","ast-page-background-meta":{"desktop":{"background-color":"var(--ast-global-color-5)","background-image":"","background-repeat":"repeat","background-position":"center center","background-size":"auto","background-attachment":"scroll","background-type":"","background-media":"","overlay-type":"","overlay-color":"","overlay-opacity":"","overlay-gradient":""},"tablet":{"background-color":"","background-image":"","background-repeat":"repeat","background-position":"center center","background-size":"auto","background-attachment":"scroll","background-type":"","background-media":"","overlay-type":"","overlay-color":"","overlay-opacity":"","overlay-gradient":""},"mobile":{"background-color":"","background-image":"","background-repeat":"repeat","background-position":"center center","background-size":"auto","background-attachment":"scroll","background-type":"","background-media":"","overlay-type":"","overlay-color":"","overlay-opacity":"","overlay-gradient":""}},"ast-content-background-meta":{"desktop":{"background-color":"var(--ast-global-color-4)","background-image":"","background-repeat":"repeat","background-position":"center center","background-size":"auto","background-attachment":"scroll","background-type":"","background-media":"","overlay-type":"","overlay-color":"","overlay-opacity":"","overlay-gradient":""},"tablet":{"background-color":"var(--ast-global-color-4)","background-image":"","background-repeat":"repeat","background-position":"center center","background-size":"auto","background-attachment":"scroll","background-type":"","background-media":"","overlay-type":"","overlay-color":"","overlay-opacity":"","overlay-gradient":""},"mobile":{"background-color":"var(--ast-global-color-4)","background-image":"","background-repeat":"repeat","background-position":"center center","background-size":"auto","background-attachment":"scroll","background-type":"","background-media":"","overlay-type":"","overlay-color":"","overlay-opacity":"","overlay-gradient":""}},"footnotes":""},"categories":[],"tags":[961],"class_list":["post-257821","page","type-page","status-publish","has-post-thumbnail","hentry","tag-staff-city-manager-team"],"yoast_head":"<!-- This site is optimized with the Yoast SEO Premium plugin v27.4 (Yoast SEO v27.4) - https:\/\/yoast.com\/product\/yoast-seo-premium-wordpress\/ -->\n<title>Melissa Berthier Director of Marketing and Communications - City of Miami Beach<\/title>\n<meta name=\"description\" content=\"Melissa Berthier&#039;s career has spanned a variety of industries from nonprofits to magazines, beauty to transit and for the past nine years, local government.\" \/>\n<meta name=\"robots\" content=\"index, follow, max-snippet:-1, max-image-preview:large, max-video-preview:-1\" \/>\n<link rel=\"canonical\" href=\"https:\/\/www.miamibeachfl.gov\/ht\/city-hall\/communications\/melissa-berthier\/\" \/>\n<meta property=\"og:locale\" content=\"ht_HT\" \/>\n<meta property=\"og:type\" content=\"article\" \/>\n<meta property=\"og:title\" content=\"Melissa Berthier Director of Marketing and Communications\" \/>\n<meta property=\"og:description\" content=\"Melissa Berthier&#039;s career has spanned a variety of industries from nonprofits to magazines, beauty to transit and for the past nine years, local government.\" \/>\n<meta property=\"og:url\" content=\"https:\/\/www.miamibeachfl.gov\/ht\/city-hall\/communications\/melissa-berthier\/\" \/>\n<meta property=\"og:site_name\" content=\"City of Miami Beach\" \/>\n<meta property=\"article:publisher\" content=\"https:\/\/www.facebook.com\/cityofmiamibeach\" \/>\n<meta property=\"article:modified_time\" content=\"2025-05-28T15:21:16+00:00\" \/>\n<meta property=\"og:image\" content=\"https:\/\/www.miamibeachfl.gov\/wp-content\/uploads\/2024\/07\/Staff-MelissaBerthier.png\" \/>\n\t<meta property=\"og:image:width\" content=\"250\" \/>\n\t<meta property=\"og:image:height\" content=\"250\" \/>\n\t<meta property=\"og:image:type\" content=\"image\/png\" \/>\n<meta name=\"twitter:card\" content=\"summary_large_image\" \/>\n<meta name=\"twitter:site\" content=\"@Miamibeachnews\" \/>\n<script type=\"application\/ld+json\" class=\"yoast-schema-graph\">{\"@context\":\"https:\\\/\\\/schema.org\",\"@graph\":[{\"@type\":\"WebPage\",\"@id\":\"https:\\\/\\\/www.miamibeachfl.gov\\\/city-hall\\\/communications\\\/melissa-berthier\\\/\",\"url\":\"https:\\\/\\\/www.miamibeachfl.gov\\\/city-hall\\\/communications\\\/melissa-berthier\\\/\",\"name\":\"Melissa Berthier Director of Marketing and Communications - City of Miami Beach\",\"isPartOf\":{\"@id\":\"https:\\\/\\\/www.miamibeachfl.gov\\\/#website\"},\"primaryImageOfPage\":{\"@id\":\"https:\\\/\\\/www.miamibeachfl.gov\\\/city-hall\\\/communications\\\/melissa-berthier\\\/#primaryimage\"},\"image\":{\"@id\":\"https:\\\/\\\/www.miamibeachfl.gov\\\/city-hall\\\/communications\\\/melissa-berthier\\\/#primaryimage\"},\"thumbnailUrl\":\"https:\\\/\\\/www.miamibeachfl.gov\\\/wp-content\\\/uploads\\\/2024\\\/07\\\/Staff-MelissaBerthier.png\",\"datePublished\":\"2023-04-17T19:46:30+00:00\",\"dateModified\":\"2025-05-28T15:21:16+00:00\",\"description\":\"Melissa Berthier's career has spanned a variety of industries from nonprofits to magazines, beauty to transit and for the past nine years, local government.\",\"breadcrumb\":{\"@id\":\"https:\\\/\\\/www.miamibeachfl.gov\\\/city-hall\\\/communications\\\/melissa-berthier\\\/#breadcrumb\"},\"inLanguage\":\"ht\",\"potentialAction\":[{\"@type\":\"ReadAction\",\"target\":[\"https:\\\/\\\/www.miamibeachfl.gov\\\/city-hall\\\/communications\\\/melissa-berthier\\\/\"]}]},{\"@type\":\"ImageObject\",\"inLanguage\":\"ht\",\"@id\":\"https:\\\/\\\/www.miamibeachfl.gov\\\/city-hall\\\/communications\\\/melissa-berthier\\\/#primaryimage\",\"url\":\"https:\\\/\\\/www.miamibeachfl.gov\\\/wp-content\\\/uploads\\\/2024\\\/07\\\/Staff-MelissaBerthier.png\",\"contentUrl\":\"https:\\\/\\\/www.miamibeachfl.gov\\\/wp-content\\\/uploads\\\/2024\\\/07\\\/Staff-MelissaBerthier.png\",\"width\":250,\"height\":250,\"caption\":\"Melissa Berthier\"},{\"@type\":\"BreadcrumbList\",\"@id\":\"https:\\\/\\\/www.miamibeachfl.gov\\\/city-hall\\\/communications\\\/melissa-berthier\\\/#breadcrumb\",\"itemListElement\":[{\"@type\":\"ListItem\",\"position\":1,\"name\":\"Home\",\"item\":\"https:\\\/\\\/www.miamibeachfl.gov\\\/\"},{\"@type\":\"ListItem\",\"position\":2,\"name\":\"City Hall\",\"item\":\"https:\\\/\\\/www.miamibeachfl.gov\\\/city-hall\\\/\"},{\"@type\":\"ListItem\",\"position\":3,\"name\":\"Marketing &#038; Communications\",\"item\":\"https:\\\/\\\/www.miamibeachfl.gov\\\/city-hall\\\/communications\\\/\"},{\"@type\":\"ListItem\",\"position\":4,\"name\":\"Melissa Berthier Director of Marketing and Communications\"}]},{\"@type\":\"WebSite\",\"@id\":\"https:\\\/\\\/www.miamibeachfl.gov\\\/#website\",\"url\":\"https:\\\/\\\/www.miamibeachfl.gov\\\/\",\"name\":\"City of Miami Beach\",\"description\":\"The official website of the City of Miami Beach. Stay informed, find important information on city services, news, alerts, events, trolley routes, government employment and more.\",\"publisher\":{\"@id\":\"https:\\\/\\\/www.miamibeachfl.gov\\\/#organization\"},\"potentialAction\":[{\"@type\":\"SearchAction\",\"target\":{\"@type\":\"EntryPoint\",\"urlTemplate\":\"https:\\\/\\\/www.miamibeachfl.gov\\\/?s={search_term_string}\"},\"query-input\":{\"@type\":\"PropertyValueSpecification\",\"valueRequired\":true,\"valueName\":\"search_term_string\"}}],\"inLanguage\":\"ht\"},{\"@type\":\"Organization\",\"@id\":\"https:\\\/\\\/www.miamibeachfl.gov\\\/#organization\",\"name\":\"City of Miami Beach\",\"url\":\"https:\\\/\\\/www.miamibeachfl.gov\\\/\",\"logo\":{\"@type\":\"ImageObject\",\"inLanguage\":\"ht\",\"@id\":\"https:\\\/\\\/www.miamibeachfl.gov\\\/#\\\/schema\\\/logo\\\/image\\\/\",\"url\":\"https:\\\/\\\/www.miamibeachfl.gov\\\/wp-content\\\/uploads\\\/2022\\\/06\\\/miamibeach-logoblue.png\",\"contentUrl\":\"https:\\\/\\\/www.miamibeachfl.gov\\\/wp-content\\\/uploads\\\/2022\\\/06\\\/miamibeach-logoblue.png\",\"width\":1962,\"height\":381,\"caption\":\"City of Miami Beach\"},\"image\":{\"@id\":\"https:\\\/\\\/www.miamibeachfl.gov\\\/#\\\/schema\\\/logo\\\/image\\\/\"},\"sameAs\":[\"https:\\\/\\\/www.facebook.com\\\/cityofmiamibeach\",\"https:\\\/\\\/x.com\\\/Miamibeachnews\",\"https:\\\/\\\/www.instagram.com\\\/miamibeachnews\\\/\"],\"description\":\"The official website of the City of Miami Beach. Stay informed, find important information on city services, news, alerts, events, trolley routes, government employment and more.\",\"telephone\":\"305.604.CITY(2489)\",\"legalName\":\"City of Miami Beach\"}]}<\/script>\n<!-- \/ Yoast SEO Premium plugin. -->","yoast_head_json":{"title":"Melissa Berthier Direkt\u00e8 Maketing ak Kominikasyon - Vil Miami Beach","description":"Kary\u00e8 Melissa Berthier te kouvri yon varyete endistri, soti nan \u00f2ganizasyon ki pa pou pwofi rive nan magazin, bote rive nan transp\u00f2 piblik e pandan n\u00e8f d\u00e8nye ane yo, gouv\u00e8nman lokal.","robots":{"index":"index","follow":"follow","max-snippet":"max-snippet:-1","max-image-preview":"max-image-preview:large","max-video-preview":"max-video-preview:-1"},"canonical":"https:\/\/www.miamibeachfl.gov\/ht\/city-hall\/communications\/melissa-berthier\/","og_locale":"ht_HT","og_type":"article","og_title":"Melissa Berthier Director of Marketing and Communications","og_description":"Melissa Berthier's career has spanned a variety of industries from nonprofits to magazines, beauty to transit and for the past nine years, local government.","og_url":"https:\/\/www.miamibeachfl.gov\/ht\/city-hall\/communications\/melissa-berthier\/","og_site_name":"City of Miami Beach","article_publisher":"https:\/\/www.facebook.com\/cityofmiamibeach","article_modified_time":"2025-05-28T15:21:16+00:00","og_image":[{"width":250,"height":250,"url":"https:\/\/www.miamibeachfl.gov\/wp-content\/uploads\/2024\/07\/Staff-MelissaBerthier.png","type":"image\/png"}],"twitter_card":"summary_large_image","twitter_site":"@Miamibeachnews","schema":{"@context":"https:\/\/schema.org","@graph":[{"@type":"WebPage","@id":"https:\/\/www.miamibeachfl.gov\/city-hall\/communications\/melissa-berthier\/","url":"https:\/\/www.miamibeachfl.gov\/city-hall\/communications\/melissa-berthier\/","name":"Melissa Berthier Direkt\u00e8 Maketing ak Kominikasyon - Vil Miami Beach","isPartOf":{"@id":"https:\/\/www.miamibeachfl.gov\/#website"},"primaryImageOfPage":{"@id":"https:\/\/www.miamibeachfl.gov\/city-hall\/communications\/melissa-berthier\/#primaryimage"},"image":{"@id":"https:\/\/www.miamibeachfl.gov\/city-hall\/communications\/melissa-berthier\/#primaryimage"},"thumbnailUrl":"https:\/\/www.miamibeachfl.gov\/wp-content\/uploads\/2024\/07\/Staff-MelissaBerthier.png","datePublished":"2023-04-17T19:46:30+00:00","dateModified":"2025-05-28T15:21:16+00:00","description":"Kary\u00e8 Melissa Berthier te kouvri yon varyete endistri, soti nan \u00f2ganizasyon ki pa pou pwofi rive nan magazin, bote rive nan transp\u00f2 piblik e pandan n\u00e8f d\u00e8nye ane yo, gouv\u00e8nman lokal.","breadcrumb":{"@id":"https:\/\/www.miamibeachfl.gov\/city-hall\/communications\/melissa-berthier\/#breadcrumb"},"inLanguage":"ht","potentialAction":[{"@type":"ReadAction","target":["https:\/\/www.miamibeachfl.gov\/city-hall\/communications\/melissa-berthier\/"]}]},{"@type":"ImageObject","inLanguage":"ht","@id":"https:\/\/www.miamibeachfl.gov\/city-hall\/communications\/melissa-berthier\/#primaryimage","url":"https:\/\/www.miamibeachfl.gov\/wp-content\/uploads\/2024\/07\/Staff-MelissaBerthier.png","contentUrl":"https:\/\/www.miamibeachfl.gov\/wp-content\/uploads\/2024\/07\/Staff-MelissaBerthier.png","width":250,"height":250,"caption":"Melissa Berthier"},{"@type":"BreadcrumbList","@id":"https:\/\/www.miamibeachfl.gov\/city-hall\/communications\/melissa-berthier\/#breadcrumb","itemListElement":[{"@type":"ListItem","position":1,"name":"Home","item":"https:\/\/www.miamibeachfl.gov\/"},{"@type":"ListItem","position":2,"name":"City Hall","item":"https:\/\/www.miamibeachfl.gov\/city-hall\/"},{"@type":"ListItem","position":3,"name":"Marketing &#038; Communications","item":"https:\/\/www.miamibeachfl.gov\/city-hall\/communications\/"},{"@type":"ListItem","position":4,"name":"Melissa Berthier Director of Marketing and Communications"}]},{"@type":"WebSite","@id":"https:\/\/www.miamibeachfl.gov\/#website","url":"https:\/\/www.miamibeachfl.gov\/","name":"Vil Miami Beach","description":"Sitw\u00e8b ofisy\u00e8l Vil Miami Beach la. Rete enf\u00f2me, jwenn enf\u00f2masyon enp\u00f2tan sou s\u00e8vis vil la, nouv\u00e8l, al\u00e8t, ev\u00e8nman, wout tramway, travay gouv\u00e8nman an ak plis ank\u00f2.","publisher":{"@id":"https:\/\/www.miamibeachfl.gov\/#organization"},"potentialAction":[{"@type":"SearchAction","target":{"@type":"EntryPoint","urlTemplate":"https:\/\/www.miamibeachfl.gov\/?s={search_term_string}"},"query-input":{"@type":"PropertyValueSpecification","valueRequired":true,"valueName":"search_term_string"}}],"inLanguage":"ht"},{"@type":"Organization","@id":"https:\/\/www.miamibeachfl.gov\/#organization","name":"Vil Miami Beach","url":"https:\/\/www.miamibeachfl.gov\/","logo":{"@type":"ImageObject","inLanguage":"ht","@id":"https:\/\/www.miamibeachfl.gov\/#\/schema\/logo\/image\/","url":"https:\/\/www.miamibeachfl.gov\/wp-content\/uploads\/2022\/06\/miamibeach-logoblue.png","contentUrl":"https:\/\/www.miamibeachfl.gov\/wp-content\/uploads\/2022\/06\/miamibeach-logoblue.png","width":1962,"height":381,"caption":"City of Miami Beach"},"image":{"@id":"https:\/\/www.miamibeachfl.gov\/#\/schema\/logo\/image\/"},"sameAs":["https:\/\/www.facebook.com\/cityofmiamibeach","https:\/\/x.com\/Miamibeachnews","https:\/\/www.instagram.com\/miamibeachnews\/"],"description":"Sitw\u00e8b ofisy\u00e8l Vil Miami Beach la. Rete enf\u00f2me, jwenn enf\u00f2masyon enp\u00f2tan sou s\u00e8vis vil la, nouv\u00e8l, al\u00e8t, ev\u00e8nman, wout tramway, travay gouv\u00e8nman an ak plis ank\u00f2.","telephone":"305.604.CITY(2489)","legalName":"City of Miami Beach"}]}},"_links":{"self":[{"href":"https:\/\/www.miamibeachfl.gov\/ht\/wp-json\/wp\/v2\/pages\/257821","targetHints":{"allow":["GET"]}}],"collection":[{"href":"https:\/\/www.miamibeachfl.gov\/ht\/wp-json\/wp\/v2\/pages"}],"about":[{"href":"https:\/\/www.miamibeachfl.gov\/ht\/wp-json\/wp\/v2\/types\/page"}],"author":[{"embeddable":true,"href":"https:\/\/www.miamibeachfl.gov\/ht\/wp-json\/wp\/v2\/users\/222"}],"replies":[{"embeddable":true,"href":"https:\/\/www.miamibeachfl.gov\/ht\/wp-json\/wp\/v2\/comments?post=257821"}],"version-history":[{"count":0,"href":"https:\/\/www.miamibeachfl.gov\/ht\/wp-json\/wp\/v2\/pages\/257821\/revisions"}],"up":[{"embeddable":true,"href":"https:\/\/www.miamibeachfl.gov\/ht\/wp-json\/wp\/v2\/pages\/28391"}],"wp:featuredmedia":[{"embeddable":true,"href":"https:\/\/www.miamibeachfl.gov\/ht\/wp-json\/wp\/v2\/media\/323038"}],"wp:attachment":[{"href":"https:\/\/www.miamibeachfl.gov\/ht\/wp-json\/wp\/v2\/media?parent=257821"}],"wp:term":[{"taxonomy":"category","embeddable":true,"href":"https:\/\/www.miamibeachfl.gov\/ht\/wp-json\/wp\/v2\/categories?post=257821"},{"taxonomy":"post_tag","embeddable":true,"href":"https:\/\/www.miamibeachfl.gov\/ht\/wp-json\/wp\/v2\/tags?post=257821"}],"curies":[{"name":"wp","href":"https:\/\/api.w.org\/{rel}","templated":true}]}}