{"id":258303,"date":"2023-04-20T12:11:58","date_gmt":"2023-04-20T16:11:58","guid":{"rendered":"https:\/\/www.miamibeachfl.gov\/?page_id=258303"},"modified":"2026-04-14T15:57:22","modified_gmt":"2026-04-14T19:57:22","slug":"homeowner-and-neighborhood-registry","status":"publish","type":"page","link":"https:\/\/www.miamibeachfl.gov\/ht\/residents\/neighborhood-associations\/homeowner-and-neighborhood-registry\/","title":{"rendered":"Rejis Pwopriyet\u00e8 Kay ak Katye"},"content":{"rendered":"\n<h1>\n\t\t\tHomeowner &#038; Neighborhood Registry\t<\/h1>\nResidents Menu\t\t\t\n\t\t\t\t\t<ul id=\"menu-residents\"><li id=\"menu-item-258178\"><a href=\"\/residents\/\">Residents<\/a><\/li>\n<li id=\"menu-item-259185\"><a href=\"\/neighborhood-associations\">Neighborhood &#038; Condo Associations<\/a><\/li>\n<li id=\"menu-item-258180\"><a href=\"\/residents\/neighborhood-affairs-division\/\">Neighborhood Affairs<\/a><\/li>\n<li id=\"menu-item-258181\"><a href=\"\/community-events-and-perks\/\">Perks &#038; Discounts<\/a><\/li>\n<li id=\"menu-item-258182\"><a href=\"\/animal-control\">Animal Care &#038; Control<\/a><\/li>\n<li id=\"menu-item-258183\"><a href=\"\/city-hall\/cip\/active-projects\/\">Active Projects<\/a><\/li>\n<li id=\"menu-item-281156\" aria-haspopup=\"true\"><a aria-expanded=\"false\" href=\"\/engagementtoolbox\/\">Stay Connected<\/a>\n<ul>\n\t<li id=\"menu-item-396190\"><a href=\"\/residents\/resident-guide\/#importantnumbers\">Important Numbers<\/a><\/li>\n<\/ul>\n<\/li>\n<\/ul>\t\nResidents Menu\t\t\t\n\t\t\t\t \u00d7\t\t\t\t\t\t<ul id=\"menu-residents-1\"><li id=\"menu-item-258178\"><a href=\"\/residents\/\">Residents<\/a><\/li>\n<li id=\"menu-item-259185\"><a href=\"\/neighborhood-associations\">Neighborhood &#038; Condo Associations<\/a><\/li>\n<li id=\"menu-item-258180\"><a href=\"\/residents\/neighborhood-affairs-division\/\">Neighborhood Affairs<\/a><\/li>\n<li id=\"menu-item-258181\"><a href=\"\/community-events-and-perks\/\">Perks &#038; Discounts<\/a><\/li>\n<li id=\"menu-item-258182\"><a href=\"\/animal-control\">Animal Care &#038; Control<\/a><\/li>\n<li id=\"menu-item-258183\"><a href=\"\/city-hall\/cip\/active-projects\/\">Active Projects<\/a><\/li>\n<li id=\"menu-item-281156\" aria-haspopup=\"true\"><a aria-expanded=\"false\" href=\"\/engagementtoolbox\/\">Stay Connected<\/a>\n<ul>\n\t<li id=\"menu-item-396190\"><a href=\"\/residents\/resident-guide\/#importantnumbers\">Important Numbers<\/a><\/li>\n<\/ul>\n<\/li>\n<\/ul>\t\t\t\t\n\t<div class=\"wpforms-container wpforms-container-full\" id=\"wpforms-258290\"><form id=\"wpforms-form-258290\" class=\"wpforms-validate wpforms-form wpforms-ajax-form\" data-formid=\"258290\" method=\"post\" enctype=\"multipart\/form-data\" action=\"\/ht\/wp-json\/wp\/v2\/pages\/258303\" data-token=\"66a0538a9fbe571fa38b42e4a4e4eef9\" data-token-time=\"1776760278\"><noscript class=\"wpforms-error-noscript\">Please enable JavaScript in your browser to complete this form.<\/noscript><div class=\"wpforms-field-container\"><div id=\"wpforms-258290-field_6-container\" class=\"wpforms-field wpforms-field-content\" data-field-id=\"6\"><div id=\"wpforms-258290-field_6\" class=\"wpforms-field-medium wpforms-field-row\"><h5><span style=\"color:#004896\">Association Information:<\/span><\/h5>\n<div class=\"wpforms-field-content-display-frontend-clear\"><\/div><\/div><\/div><div id=\"wpforms-258290-field_8-container\" class=\"wpforms-field wpforms-field-layout\" data-field-id=\"8\"><div class=\"wpforms-field-layout-columns wpforms-field-layout-preset-67-33\"><div class=\"wpforms-layout-column wpforms-layout-column-67\" ><div id=\"wpforms-258290-field_7-container\" class=\"wpforms-field wpforms-field-text\" data-field-id=\"7\"><label class=\"wpforms-field-label\" for=\"wpforms-258290-field_7\">Association Name: <span class=\"wpforms-required-label\">*<\/span><\/label><input type=\"text\" id=\"wpforms-258290-field_7\" class=\"wpforms-field-medium wpforms-field-required\" name=\"wpforms[fields][7]\" required><\/div><\/div><div class=\"wpforms-layout-column wpforms-layout-column-33\" ><div id=\"wpforms-258290-field_9-container\" class=\"wpforms-field wpforms-field-select wpforms-field-select-style-classic\" data-field-id=\"9\"><label class=\"wpforms-field-label\" for=\"wpforms-258290-field_9\">Type of Association: <span class=\"wpforms-required-label\">*<\/span><\/label><select id=\"wpforms-258290-field_9\" class=\"wpforms-field-medium wpforms-field-required\" name=\"wpforms[fields][9]\" required=\"required\"><option value=\"Homeowners (HOA)\"  class=\"choice-1 depth-1\"  >Homeowners (HOA)<\/option><option value=\"Neighborhood Association\"  class=\"choice-2 depth-1\"  >Neighborhood Association<\/option><option value=\"Community Group\"  class=\"choice-3 depth-1\"  >Community Group<\/option><\/select><\/div><\/div><\/div><\/div><div id=\"wpforms-258290-field_21-container\" class=\"wpforms-field wpforms-field-layout\" data-field-id=\"21\"><div class=\"wpforms-field-layout-columns wpforms-field-layout-preset-67-33\"><div class=\"wpforms-layout-column wpforms-layout-column-67\" ><div id=\"wpforms-258290-field_0-container\" class=\"wpforms-field wpforms-field-name\" data-field-id=\"0\"><label class=\"wpforms-field-label\">Name of Primary Point of Contact: <span class=\"wpforms-required-label\">*<\/span><\/label><div class=\"wpforms-field-row wpforms-field-medium\"><div class=\"wpforms-field-row-block wpforms-first wpforms-one-half\"><input type=\"text\" id=\"wpforms-258290-field_0\" class=\"wpforms-field-name-first wpforms-field-required\" name=\"wpforms[fields][0][first]\" required><label for=\"wpforms-258290-field_0\" class=\"wpforms-field-sublabel after\">First<\/label><\/div><div class=\"wpforms-field-row-block wpforms-one-half\"><input type=\"text\" id=\"wpforms-258290-field_0-last\" class=\"wpforms-field-name-last wpforms-field-required\" name=\"wpforms[fields][0][last]\" required><label for=\"wpforms-258290-field_0-last\" class=\"wpforms-field-sublabel after\">Last<\/label><\/div><\/div><\/div><\/div><div class=\"wpforms-layout-column wpforms-layout-column-33\" ><div id=\"wpforms-258290-field_10-container\" class=\"wpforms-field wpforms-field-text\" data-field-id=\"10\"><label class=\"wpforms-field-label\" for=\"wpforms-258290-field_10\">Geographical Area Represented:<\/label><input type=\"text\" id=\"wpforms-258290-field_10\" class=\"wpforms-field-medium\" name=\"wpforms[fields][10]\" ><\/div><\/div><\/div><\/div><div id=\"wpforms-258290-field_11-container\" class=\"wpforms-field wpforms-field-layout\" data-field-id=\"11\"><div class=\"wpforms-field-layout-columns wpforms-field-layout-preset-50-50\"><div class=\"wpforms-layout-column wpforms-layout-column-50\" ><div id=\"wpforms-258290-field_12-container\" class=\"wpforms-field wpforms-field-number\" data-field-id=\"12\"><label class=\"wpforms-field-label\" for=\"wpforms-258290-field_12\">Primary Point of Contact Number:<\/label><input type=\"number\" id=\"wpforms-258290-field_12\" class=\"wpforms-field-medium\" name=\"wpforms[fields][12]\" step=\"any\" ><\/div><\/div><div class=\"wpforms-layout-column wpforms-layout-column-50\" ><div id=\"wpforms-258290-field_1-container\" class=\"wpforms-field wpforms-field-email\" data-field-id=\"1\"><label class=\"wpforms-field-label\" for=\"wpforms-258290-field_1\">Primary Point of Contact Email: <span class=\"wpforms-required-label\">*<\/span><\/label><input type=\"email\" id=\"wpforms-258290-field_1\" class=\"wpforms-field-medium wpforms-field-required\" name=\"wpforms[fields][1]\" spellcheck=\"false\" required><\/div><\/div><\/div><\/div><div id=\"wpforms-258290-field_13-container\" class=\"wpforms-field wpforms-field-layout\" data-field-id=\"13\"><div class=\"wpforms-field-layout-columns wpforms-field-layout-preset-50-50\"><div class=\"wpforms-layout-column wpforms-layout-column-50\" ><div id=\"wpforms-258290-field_14-container\" class=\"wpforms-field wpforms-field-email\" data-field-id=\"14\"><label class=\"wpforms-field-label\" for=\"wpforms-258290-field_14\">Association Email:<\/label><input type=\"email\" id=\"wpforms-258290-field_14\" class=\"wpforms-field-medium\" name=\"wpforms[fields][14]\" spellcheck=\"false\" ><\/div><\/div><div class=\"wpforms-layout-column wpforms-layout-column-50\" ><div id=\"wpforms-258290-field_15-container\" class=\"wpforms-field wpforms-field-url\" data-field-id=\"15\"><label class=\"wpforms-field-label\" for=\"wpforms-258290-field_15\">Association Website \/ URL:<\/label><input type=\"url\" id=\"wpforms-258290-field_15\" class=\"wpforms-field-medium\" name=\"wpforms[fields][15]\" ><\/div><\/div><\/div><\/div><div id=\"wpforms-258290-field_22-container\" class=\"wpforms-field wpforms-field-layout\" data-field-id=\"22\"><div class=\"wpforms-field-layout-columns wpforms-field-layout-preset-25-25-50\"><div class=\"wpforms-layout-column wpforms-layout-column-25\" ><div id=\"wpforms-258290-field_16-container\" class=\"wpforms-field wpforms-field-date-time\" data-field-id=\"16\"><label class=\"wpforms-field-label\" for=\"wpforms-258290-field_16\">Date Established:<\/label><div class=\"wpforms-datepicker-wrap\"><input type=\"text\" id=\"wpforms-258290-field_16\" class=\"wpforms-field-date-time-date wpforms-datepicker wpforms-field-medium\" data-date-format=\"m\/d\/Y\" data-disable-past-dates=\"0\" data-input=\"true\" name=\"wpforms[fields][16][date]\" ><a title=\"Clear Date\" data-clear role=\"button\" tabindex=\"0\" class=\"wpforms-datepicker-clear\" aria-label=\"Clear Date\" style=\"display:none;\"><\/a><\/div><\/div><\/div><div class=\"wpforms-layout-column wpforms-layout-column-25\" ><div id=\"wpforms-258290-field_20-container\" class=\"wpforms-field wpforms-field-number\" data-field-id=\"20\"><label class=\"wpforms-field-label\" for=\"wpforms-258290-field_20\">Number of Members<\/label><input type=\"number\" id=\"wpforms-258290-field_20\" class=\"wpforms-field-medium\" name=\"wpforms[fields][20]\" step=\"any\" ><\/div><\/div><div class=\"wpforms-layout-column wpforms-layout-column-50\" ><div id=\"wpforms-258290-field_19-container\" class=\"wpforms-field wpforms-field-select wpforms-field-select-style-classic\" data-field-id=\"19\"><label class=\"wpforms-field-label\" for=\"wpforms-258290-field_19\">Does the Association Have a Newsletter?<\/label><select id=\"wpforms-258290-field_19\" class=\"wpforms-field-medium\" name=\"wpforms[fields][19]\"><option value=\"Yes\"  class=\"choice-1 depth-1\"  >Yes<\/option><option value=\"No\"  class=\"choice-2 depth-1\"  >No<\/option><\/select><\/div><\/div><\/div><\/div><\/div><!-- .wpforms-field-container --><div class=\"wpforms-recaptcha-container wpforms-is-recaptcha wpforms-is-recaptcha-type-v2\" ><div class=\"g-recaptcha\" data-sitekey=\"6Lcwxc4pAAAAAKPjNaeWluTmul42T6sdKruYO3BQ\"><\/div><input type=\"text\" name=\"g-recaptcha-hidden\" class=\"wpforms-recaptcha-hidden\" style=\"position:absolute!important;clip:rect(0,0,0,0)!important;height:1px!important;width:1px!important;border:0!important;overflow:hidden!important;padding:0!important;margin:0!important;\" data-rule-recaptcha=\"1\"><\/div><div class=\"wpforms-submit-container\" ><input type=\"hidden\" name=\"wpforms[id]\" value=\"258290\"><input type=\"hidden\" name=\"page_title\" value=\"\"><input type=\"hidden\" name=\"page_url\" value=\"https:\/\/www.miamibeachfl.gov\/ht\/wp-json\/wp\/v2\/pages\/258303\"><input type=\"hidden\" name=\"url_referer\" value=\"\"><button type=\"submit\" name=\"wpforms[submit]\" id=\"wpforms-submit-258290\" class=\"wpforms-submit\" data-alt-text=\"Sending...\" data-submit-text=\"Submit\" aria-live=\"assertive\" value=\"wpforms-submit\">Submit<\/button><img loading=\"lazy\" decoding=\"async\" src=\"https:\/\/www.miamibeachfl.gov\/wp-content\/plugins\/wpforms\/assets\/images\/submit-spin.svg\" class=\"wpforms-submit-spinner\" style=\"display: none;\" width=\"26\" height=\"26\" alt=\"Loading\"><\/div><\/form><\/div>  <!-- .wpforms-container -->\n\n","protected":false},"excerpt":{"rendered":"<p>Homeowner &#038; Neighborhood Registry Residents Menu Residents Neighborhood &#038; Condo Associations Neighborhood Affairs Perks &#038; Discounts Animal Care &#038; Control [&hellip;]<\/p>\n","protected":false},"author":222,"featured_media":0,"parent":234087,"menu_order":0,"comment_status":"closed","ping_status":"closed","template":"","meta":{"_searchwp_excluded":"","site-sidebar-layout":"default","site-content-layout":"","ast-site-content-layout":"default","site-content-style":"default","site-sidebar-style":"default","ast-global-header-display":"","ast-banner-title-visibility":"","ast-main-header-display":"","ast-hfb-above-header-display":"","ast-hfb-below-header-display":"","ast-hfb-mobile-header-display":"","site-post-title":"","ast-breadcrumbs-content":"","ast-featured-img":"","footer-sml-layout":"","theme-transparent-header-meta":"","adv-header-id-meta":"","stick-header-meta":"","header-above-stick-meta":"","header-main-stick-meta":"","header-below-stick-meta":"","astra-migrate-meta-layouts":"default","ast-page-background-enabled":"default","ast-page-background-meta":{"desktop":{"background-color":"var(--ast-global-color-5)","background-image":"","background-repeat":"repeat","background-position":"center center","background-size":"auto","background-attachment":"scroll","background-type":"","background-media":"","overlay-type":"","overlay-color":"","overlay-opacity":"","overlay-gradient":""},"tablet":{"background-color":"","background-image":"","background-repeat":"repeat","background-position":"center center","background-size":"auto","background-attachment":"scroll","background-type":"","background-media":"","overlay-type":"","overlay-color":"","overlay-opacity":"","overlay-gradient":""},"mobile":{"background-color":"","background-image":"","background-repeat":"repeat","background-position":"center center","background-size":"auto","background-attachment":"scroll","background-type":"","background-media":"","overlay-type":"","overlay-color":"","overlay-opacity":"","overlay-gradient":""}},"ast-content-background-meta":{"desktop":{"background-color":"var(--ast-global-color-4)","background-image":"","background-repeat":"repeat","background-position":"center center","background-size":"auto","background-attachment":"scroll","background-type":"","background-media":"","overlay-type":"","overlay-color":"","overlay-opacity":"","overlay-gradient":""},"tablet":{"background-color":"var(--ast-global-color-4)","background-image":"","background-repeat":"repeat","background-position":"center center","background-size":"auto","background-attachment":"scroll","background-type":"","background-media":"","overlay-type":"","overlay-color":"","overlay-opacity":"","overlay-gradient":""},"mobile":{"background-color":"var(--ast-global-color-4)","background-image":"","background-repeat":"repeat","background-position":"center center","background-size":"auto","background-attachment":"scroll","background-type":"","background-media":"","overlay-type":"","overlay-color":"","overlay-opacity":"","overlay-gradient":""}},"footnotes":""},"categories":[],"tags":[],"class_list":["post-258303","page","type-page","status-publish","hentry"],"yoast_head":"<!-- This site is optimized with the Yoast SEO Premium plugin v26.6 (Yoast SEO v26.6) - https:\/\/yoast.com\/wordpress\/plugins\/seo\/ -->\n<title>Homeowner and Neighborhood Registry - City of Miami Beach<\/title>\n<meta name=\"description\" content=\"Register your Homeowner and Neighborhood Associations with the City of Miami Beach.\" \/>\n<meta name=\"robots\" content=\"index, follow, max-snippet:-1, max-image-preview:large, max-video-preview:-1\" \/>\n<link rel=\"canonical\" href=\"https:\/\/www.miamibeachfl.gov\/ht\/residents\/neighborhood-associations\/homeowner-and-neighborhood-registry\/\" \/>\n<meta property=\"og:locale\" content=\"ht_HT\" \/>\n<meta property=\"og:type\" content=\"article\" \/>\n<meta property=\"og:title\" content=\"Homeowner and Neighborhood Registry\" \/>\n<meta property=\"og:description\" content=\"Register your Homeowner and Neighborhood Associations with the City of Miami Beach.\" \/>\n<meta property=\"og:url\" content=\"https:\/\/www.miamibeachfl.gov\/ht\/residents\/neighborhood-associations\/homeowner-and-neighborhood-registry\/\" \/>\n<meta property=\"og:site_name\" content=\"City of Miami Beach\" \/>\n<meta property=\"article:publisher\" content=\"https:\/\/www.facebook.com\/cityofmiamibeach\" \/>\n<meta property=\"article:modified_time\" content=\"2026-04-14T19:57:22+00:00\" \/>\n<meta property=\"og:image\" content=\"https:\/\/www.miamibeachfl.gov\/wp-content\/uploads\/2024\/01\/1000pxSquare-miamibeach-aerial-southpointview.jpeg\" \/>\n\t<meta property=\"og:image:width\" content=\"1000\" \/>\n\t<meta property=\"og:image:height\" content=\"1000\" \/>\n\t<meta property=\"og:image:type\" content=\"image\/jpeg\" \/>\n<meta name=\"twitter:card\" content=\"summary_large_image\" \/>\n<meta name=\"twitter:site\" content=\"@Miamibeachnews\" \/>\n<script type=\"application\/ld+json\" class=\"yoast-schema-graph\">{\"@context\":\"https:\/\/schema.org\",\"@graph\":[{\"@type\":\"WebPage\",\"@id\":\"https:\/\/www.miamibeachfl.gov\/residents\/neighborhood-associations\/homeowner-and-neighborhood-registry\/\",\"url\":\"https:\/\/www.miamibeachfl.gov\/residents\/neighborhood-associations\/homeowner-and-neighborhood-registry\/\",\"name\":\"Homeowner and Neighborhood Registry - City of Miami Beach\",\"isPartOf\":{\"@id\":\"https:\/\/www.miamibeachfl.gov\/#website\"},\"datePublished\":\"2023-04-20T16:11:58+00:00\",\"dateModified\":\"2026-04-14T19:57:22+00:00\",\"description\":\"Register your Homeowner and Neighborhood Associations with the City of Miami Beach.\",\"breadcrumb\":{\"@id\":\"https:\/\/www.miamibeachfl.gov\/residents\/neighborhood-associations\/homeowner-and-neighborhood-registry\/#breadcrumb\"},\"inLanguage\":\"ht\",\"potentialAction\":[{\"@type\":\"ReadAction\",\"target\":[\"https:\/\/www.miamibeachfl.gov\/residents\/neighborhood-associations\/homeowner-and-neighborhood-registry\/\"]}]},{\"@type\":\"BreadcrumbList\",\"@id\":\"https:\/\/www.miamibeachfl.gov\/residents\/neighborhood-associations\/homeowner-and-neighborhood-registry\/#breadcrumb\",\"itemListElement\":[{\"@type\":\"ListItem\",\"position\":1,\"name\":\"Home\",\"item\":\"https:\/\/www.miamibeachfl.gov\/\"},{\"@type\":\"ListItem\",\"position\":2,\"name\":\"Residents\",\"item\":\"https:\/\/www.miamibeachfl.gov\/residents\/\"},{\"@type\":\"ListItem\",\"position\":3,\"name\":\"Neighborhood &#038; Condominium Associations\",\"item\":\"https:\/\/www.miamibeachfl.gov\/residents\/neighborhood-associations\/\"},{\"@type\":\"ListItem\",\"position\":4,\"name\":\"Homeowner and Neighborhood Registry\"}]},{\"@type\":\"WebSite\",\"@id\":\"https:\/\/www.miamibeachfl.gov\/#website\",\"url\":\"https:\/\/www.miamibeachfl.gov\/\",\"name\":\"City of Miami Beach\",\"description\":\"The official website of the City of Miami Beach. Stay informed, find important information on city services, news, alerts, events, trolley routes, government employment and more.\",\"publisher\":{\"@id\":\"https:\/\/www.miamibeachfl.gov\/#organization\"},\"potentialAction\":[{\"@type\":\"SearchAction\",\"target\":{\"@type\":\"EntryPoint\",\"urlTemplate\":\"https:\/\/www.miamibeachfl.gov\/?s={search_term_string}\"},\"query-input\":{\"@type\":\"PropertyValueSpecification\",\"valueRequired\":true,\"valueName\":\"search_term_string\"}}],\"inLanguage\":\"ht\"},{\"@type\":\"Organization\",\"@id\":\"https:\/\/www.miamibeachfl.gov\/#organization\",\"name\":\"City of Miami Beach\",\"url\":\"https:\/\/www.miamibeachfl.gov\/\",\"logo\":{\"@type\":\"ImageObject\",\"inLanguage\":\"ht\",\"@id\":\"https:\/\/www.miamibeachfl.gov\/#\/schema\/logo\/image\/\",\"url\":\"https:\/\/www.miamibeachfl.gov\/wp-content\/uploads\/2022\/06\/miamibeach-logoblue.png\",\"contentUrl\":\"https:\/\/www.miamibeachfl.gov\/wp-content\/uploads\/2022\/06\/miamibeach-logoblue.png\",\"width\":1962,\"height\":381,\"caption\":\"City of Miami Beach\"},\"image\":{\"@id\":\"https:\/\/www.miamibeachfl.gov\/#\/schema\/logo\/image\/\"},\"sameAs\":[\"https:\/\/www.facebook.com\/cityofmiamibeach\",\"https:\/\/x.com\/Miamibeachnews\",\"https:\/\/www.instagram.com\/miamibeachnews\/\"],\"description\":\"The official website of the City of Miami Beach. Stay informed, find important information on city services, news, alerts, events, trolley routes, government employment and more.\",\"telephone\":\"305.604.CITY(2489)\",\"legalName\":\"City of Miami Beach\"}]}<\/script>\n<!-- \/ Yoast SEO Premium plugin. -->","yoast_head_json":{"title":"Rejis Pwopriyet\u00e8 Kay ak Katye - Vil Miami Beach","description":"Anrejistre Asosyasyon Pwopriyet\u00e8 Kay ak Katye ou yo ak Vil Miami Beach la.","robots":{"index":"index","follow":"follow","max-snippet":"max-snippet:-1","max-image-preview":"max-image-preview:large","max-video-preview":"max-video-preview:-1"},"canonical":"https:\/\/www.miamibeachfl.gov\/ht\/residents\/neighborhood-associations\/homeowner-and-neighborhood-registry\/","og_locale":"ht_HT","og_type":"article","og_title":"Homeowner and Neighborhood Registry","og_description":"Register your Homeowner and Neighborhood Associations with the City of Miami Beach.","og_url":"https:\/\/www.miamibeachfl.gov\/ht\/residents\/neighborhood-associations\/homeowner-and-neighborhood-registry\/","og_site_name":"City of Miami Beach","article_publisher":"https:\/\/www.facebook.com\/cityofmiamibeach","article_modified_time":"2026-04-14T19:57:22+00:00","og_image":[{"width":1000,"height":1000,"url":"https:\/\/www.miamibeachfl.gov\/wp-content\/uploads\/2024\/01\/1000pxSquare-miamibeach-aerial-southpointview.jpeg","type":"image\/jpeg"}],"twitter_card":"summary_large_image","twitter_site":"@Miamibeachnews","schema":{"@context":"https:\/\/schema.org","@graph":[{"@type":"WebPage","@id":"https:\/\/www.miamibeachfl.gov\/residents\/neighborhood-associations\/homeowner-and-neighborhood-registry\/","url":"https:\/\/www.miamibeachfl.gov\/residents\/neighborhood-associations\/homeowner-and-neighborhood-registry\/","name":"Rejis Pwopriyet\u00e8 Kay ak Katye - Vil Miami Beach","isPartOf":{"@id":"https:\/\/www.miamibeachfl.gov\/#website"},"datePublished":"2023-04-20T16:11:58+00:00","dateModified":"2026-04-14T19:57:22+00:00","description":"Anrejistre Asosyasyon Pwopriyet\u00e8 Kay ak Katye ou yo ak Vil Miami Beach la.","breadcrumb":{"@id":"https:\/\/www.miamibeachfl.gov\/residents\/neighborhood-associations\/homeowner-and-neighborhood-registry\/#breadcrumb"},"inLanguage":"ht","potentialAction":[{"@type":"ReadAction","target":["https:\/\/www.miamibeachfl.gov\/residents\/neighborhood-associations\/homeowner-and-neighborhood-registry\/"]}]},{"@type":"BreadcrumbList","@id":"https:\/\/www.miamibeachfl.gov\/residents\/neighborhood-associations\/homeowner-and-neighborhood-registry\/#breadcrumb","itemListElement":[{"@type":"ListItem","position":1,"name":"Home","item":"https:\/\/www.miamibeachfl.gov\/"},{"@type":"ListItem","position":2,"name":"Residents","item":"https:\/\/www.miamibeachfl.gov\/residents\/"},{"@type":"ListItem","position":3,"name":"Neighborhood &#038; Condominium Associations","item":"https:\/\/www.miamibeachfl.gov\/residents\/neighborhood-associations\/"},{"@type":"ListItem","position":4,"name":"Homeowner and Neighborhood Registry"}]},{"@type":"WebSite","@id":"https:\/\/www.miamibeachfl.gov\/#website","url":"https:\/\/www.miamibeachfl.gov\/","name":"Vil Miami Beach","description":"Sitw\u00e8b ofisy\u00e8l Vil Miami Beach la. Rete enf\u00f2me, jwenn enf\u00f2masyon enp\u00f2tan sou s\u00e8vis vil la, nouv\u00e8l, al\u00e8t, ev\u00e8nman, wout tramway, travay gouv\u00e8nman an ak plis ank\u00f2.","publisher":{"@id":"https:\/\/www.miamibeachfl.gov\/#organization"},"potentialAction":[{"@type":"SearchAction","target":{"@type":"EntryPoint","urlTemplate":"https:\/\/www.miamibeachfl.gov\/?s={search_term_string}"},"query-input":{"@type":"PropertyValueSpecification","valueRequired":true,"valueName":"search_term_string"}}],"inLanguage":"ht"},{"@type":"Organization","@id":"https:\/\/www.miamibeachfl.gov\/#organization","name":"Vil Miami Beach","url":"https:\/\/www.miamibeachfl.gov\/","logo":{"@type":"ImageObject","inLanguage":"ht","@id":"https:\/\/www.miamibeachfl.gov\/#\/schema\/logo\/image\/","url":"https:\/\/www.miamibeachfl.gov\/wp-content\/uploads\/2022\/06\/miamibeach-logoblue.png","contentUrl":"https:\/\/www.miamibeachfl.gov\/wp-content\/uploads\/2022\/06\/miamibeach-logoblue.png","width":1962,"height":381,"caption":"City of Miami Beach"},"image":{"@id":"https:\/\/www.miamibeachfl.gov\/#\/schema\/logo\/image\/"},"sameAs":["https:\/\/www.facebook.com\/cityofmiamibeach","https:\/\/x.com\/Miamibeachnews","https:\/\/www.instagram.com\/miamibeachnews\/"],"description":"Sitw\u00e8b ofisy\u00e8l Vil Miami Beach la. Rete enf\u00f2me, jwenn enf\u00f2masyon enp\u00f2tan sou s\u00e8vis vil la, nouv\u00e8l, al\u00e8t, ev\u00e8nman, wout tramway, travay gouv\u00e8nman an ak plis ank\u00f2.","telephone":"305.604.CITY(2489)","legalName":"City of Miami Beach"}]}},"_links":{"self":[{"href":"https:\/\/www.miamibeachfl.gov\/ht\/wp-json\/wp\/v2\/pages\/258303","targetHints":{"allow":["GET"]}}],"collection":[{"href":"https:\/\/www.miamibeachfl.gov\/ht\/wp-json\/wp\/v2\/pages"}],"about":[{"href":"https:\/\/www.miamibeachfl.gov\/ht\/wp-json\/wp\/v2\/types\/page"}],"author":[{"embeddable":true,"href":"https:\/\/www.miamibeachfl.gov\/ht\/wp-json\/wp\/v2\/users\/222"}],"replies":[{"embeddable":true,"href":"https:\/\/www.miamibeachfl.gov\/ht\/wp-json\/wp\/v2\/comments?post=258303"}],"version-history":[{"count":5,"href":"https:\/\/www.miamibeachfl.gov\/ht\/wp-json\/wp\/v2\/pages\/258303\/revisions"}],"predecessor-version":[{"id":398920,"href":"https:\/\/www.miamibeachfl.gov\/ht\/wp-json\/wp\/v2\/pages\/258303\/revisions\/398920"}],"up":[{"embeddable":true,"href":"https:\/\/www.miamibeachfl.gov\/ht\/wp-json\/wp\/v2\/pages\/234087"}],"wp:attachment":[{"href":"https:\/\/www.miamibeachfl.gov\/ht\/wp-json\/wp\/v2\/media?parent=258303"}],"wp:term":[{"taxonomy":"category","embeddable":true,"href":"https:\/\/www.miamibeachfl.gov\/ht\/wp-json\/wp\/v2\/categories?post=258303"},{"taxonomy":"post_tag","embeddable":true,"href":"https:\/\/www.miamibeachfl.gov\/ht\/wp-json\/wp\/v2\/tags?post=258303"}],"curies":[{"name":"wp","href":"https:\/\/api.w.org\/{rel}","templated":true}]}}