{"id":261114,"date":"2023-05-24T07:28:29","date_gmt":"2023-05-24T11:28:29","guid":{"rendered":"https:\/\/www.miamibeachfl.gov\/?page_id=261114"},"modified":"2025-12-30T16:53:08","modified_gmt":"2025-12-30T21:53:08","slug":"mark-taxis","status":"publish","type":"page","link":"https:\/\/www.miamibeachfl.gov\/ht\/staff\/mark-taxis\/","title":{"rendered":"Mak Taksi <br><span style=\"font-size:18px\">Asistan Direkt\u00e8 Vil la<\/span>"},"content":{"rendered":"<img decoding=\"async\" src=\"https:\/\/www.miamibeachfl.gov\/wp-content\/uploads\/bb-plugin\/cache\/MarkTaxis_2024-circle.png\" alt=\"Mark Taxis\" title=\"MakTaksi_2024\" itemprop=\"image\"\/>\n\t\t<h1>\n\t\t\tMak Taksi\t<\/h1>\n<h2>\n\t\t\tAsistan Direkt\u00e8 Vil la\t<\/h2>\n\t<ul>\n\t\t<li>\t\t\t\t\n\t\t<h3>Im\u00e8l<\/h3><p><strong><a href=\"mailto:MarkTaxis@miamibeachfl.gov\">MarkTaxis@miamibeachfl.gov<\/a><\/strong><\/p><\/li><li>\t\t\t\t\n\t\t<h3>Telef\u00f2n<\/h3><p><strong><a href=\"tel:3056737010\">305.673.7010<\/a><\/strong><\/p><\/li><li>\t\t\t\t\n\t\t<h3>Sitw\u00e8b Direkt\u00e8 Vil la<\/h3><p><strong><a href=\"https:\/\/www.miamibeachfl.gov\/ht\/city-hall\/city-manager\/\">Gade sitw\u00e8b Direkt\u00e8 Vil la<\/a><\/strong><\/p><\/li>\t<\/ul>\n\t<p><strong>Dom\u00e8n Responsablite yo:<\/strong> Konf\u00f2mite K\u00f2d, Enstalasyon ak Fl\u00f2t, Resous Im\u00e8n, Teknoloji Enf\u00f2masyon, ak Pak ak Lwazi<\/p>\n\t<p>Mark Taxis se yon pwofesyon\u00e8l gouv\u00e8nman depi tout tan ki gen plis pase karant (40) ane eksperyans lid\u00e8chip. Li gen yon gwo eksperyans finansye, li travay av\u00e8k limit bidjet\u00e8 strik. Li gen yon kapasite eksepsyon\u00e8l pou trete sitiyasyon ijans yo yon fason rasyon\u00e8l epi reyaji a yo. Kapasite Mark Taxis pou adapte ak yon ajanda politik rapid f\u00e8 l yon moun paf\u00e8 pou yon vil ent\u00e8nasyonal tankou Miami Beach.<\/p>\n<p>Li te rantre nan Vil Miami Beach depi 2013 k\u00f2m Asistan Direkt\u00e8 Minisipal la. K\u00f2m Asistan Direkt\u00e8 Minisipal pou Vil Miami Beach, Mark Taxis travay kole kole ak Direkt\u00e8 Minisipal la pou bay sip\u00f2 sou zaf\u00e8 kons\u00e8nan aktivite operasyon\u00e8l ak finansye, devlopman pwogram ak amelyorasyon pwodiktivite. Kounye a, Mark Taxis sip\u00e8vize Konf\u00f2mite K\u00f2d, Resous Im\u00e8n, Teknoloji Enf\u00f2masyon, Pak ak Lwazi ak Enstalasyon ak Jesyon Fl\u00f2t. Nan tan lontan, li te prete eksperyans ak kons\u00e8y li bay Travay Piblik, Amelyorasyon Kapital, Jesyon Pwopriyete, Ekip Repons Rapid, Antretyen Fl\u00f2t ak Antretyen Plaj. Li jis pou di ke depi li te rantre nan Vil Miami Beach, Mark Taxis te yon jw\u00e8 ekip paf\u00e8, li te bay sip\u00f2 li tout kote sa neses\u00e8. Li te yon negosyat\u00e8 prensipal nan Negosyasyon Sendika Vil Miami Beach la, kote li te negosye kontra av\u00e8k siks\u00e8 ak Asosyasyon Ent\u00e8nasyonal Ponpye (&quot;IAFF&quot;), L\u00f2d Frat\u00e8n\u00e8l Lapolis (&quot;FOP&quot;), Travay\u00e8 Kominikasyon Amerik (&quot;CWA&quot;), Asosyasyon Sip\u00e8viz\u00e8 Gouv\u00e8nman Florid (&quot;GSAF&quot;), ak Federasyon Ameriken Anplwaye Eta, Konte ak Minisipal (&quot;AFSCME&quot;). Pandan manda li k\u00f2m Asistan Direkt\u00e8 Minisipal la, Mark Taxis te p\u00e8son\u00e8lman sip\u00e8vize aplikasyon yon planifikasyon resous antrepriz finansye (&quot;ERP&quot;), ke yo rele Munis, ak yon ERP pou p\u00e8mi, ke yo rele Energov. Li responsab tou p\u00e8son\u00e8lman pou devlopman yon aplikasyon s\u00e8vis minisipal ke yo rele Egov ak nouvo sit ent\u00e8n\u00e8t Vil Miami Beach la.<\/p>\n<p>Anvan li te rantre nan Vil Miami Beach, Mark Taxis te okipe w\u00f2l lid\u00e8chip nan minisipalite lokal yo nan rejyon Sid Florid la, kote li te s\u00e8vi k\u00f2m Asistan Direkt\u00e8 Minisipal pou Vil Doral. K\u00f2m Asistan Direkt\u00e8 Minisipal Doral, li te fonksyone k\u00f2m Ofisye Jesyon P\u00e8f\u00f2mans Vil la, ki te gen ladan l aplikasyon ak sip\u00e8vizyon Plan Estratejik Vil la ak Mezi P\u00e8f\u00f2mans yo. Nan w\u00f2l sa a, Mark Taxis t ap administre tout faz pwoj\u00e8 amelyorasyon kapital yo, soti nan Pwoj\u00e8 Rekipere Dlo a rive nan konstriksyon nouvo Sant Gouv\u00e8nman Vil la. Anvan li te monte nan pozisyon Asistan Direkt\u00e8 Minisipal, Mark Taxis te s\u00e8vi k\u00f2m Direkt\u00e8 Pak ak Lwazi pou Vil Doral, kote li te inisye, sou-rech\u00e8ch, epi konplete Plan Jeneral yo pou kat (4) pak minisipal yo. Anplis de sa, li te jwenn kontra konsepsyon-konstriksyon epi li te sip\u00e8vize konstriksyon pwoj\u00e8 ki totalize plis pase $20 milyon dola.<\/p>\n<p>Mark Taxis te jwenn yon Lisans nan Syans Politik nan Florida International University isit la menm nan Sid Florid. Li te retounen nan Florida International University pou l te ka jwenn yon Metriz nan Administrasyon Piblik. Malgre sa, li rete yon gwo fanatik foutb\u00f2l Florida State Seminoles. Mark Taxis se yon manm Asosyasyon Ent\u00e8nasyonal Jesyon Vil\/Konte (&quot;ICMA&quot;) ak Asosyasyon Jesyon Vil\/Konte Florida (&quot;FCCMA&quot;). Anplis de sa, li te s\u00e8vi anvan k\u00f2m Prezidan Asosyasyon Jesyon Vil ak Konte Miami-Dade (&quot;MDCCMA&quot;).<\/p>\n<p>Pasyon Mark Taxis pou Vil Miami Beach la soti nan lef\u00e8t ke li te pase wikenn nan Miami Beach ak paran li l\u00e8 li te timoun. Jouk jounen jodi a, Mark Taxis gen plis afeksyon pou li sou 14.<sup>y\u00e8m<\/sup>\u00a0ri ak Ocean Drive. Se la papa l te tonbe damou pou Miami Beach an 1944, pandan l t ap rete nan ot\u00e8l Shepley pandan f\u00f2masyon anvan deplwaman an. Yon fwa lag\u00e8 a te fini, paran Mark Taxis yo te etabli yo nan Sid Florid epi yo te f\u00e8 la lakay yo.<\/p>","protected":false},"excerpt":{"rendered":"<p>Mark Taxis Assistant City Manager Email MarkTaxis@miamibeachfl.gov Phone 305.673.7010 City Manager Website View City Manager Website Areas of Responsibility: Code [&hellip;]<\/p>\n","protected":false},"author":222,"featured_media":334290,"parent":261112,"menu_order":9,"comment_status":"closed","ping_status":"closed","template":"","meta":{"_searchwp_excluded":"","site-sidebar-layout":"default","site-content-layout":"","ast-site-content-layout":"default","site-content-style":"default","site-sidebar-style":"default","ast-global-header-display":"","ast-banner-title-visibility":"","ast-main-header-display":"","ast-hfb-above-header-display":"","ast-hfb-below-header-display":"","ast-hfb-mobile-header-display":"","site-post-title":"","ast-breadcrumbs-content":"","ast-featured-img":"","footer-sml-layout":"","ast-disable-related-posts":"","theme-transparent-header-meta":"","adv-header-id-meta":"","stick-header-meta":"","header-above-stick-meta":"","header-main-stick-meta":"","header-below-stick-meta":"","astra-migrate-meta-layouts":"default","ast-page-background-enabled":"default","ast-page-background-meta":{"desktop":{"background-color":"var(--ast-global-color-5)","background-image":"","background-repeat":"repeat","background-position":"center center","background-size":"auto","background-attachment":"scroll","background-type":"","background-media":"","overlay-type":"","overlay-color":"","overlay-opacity":"","overlay-gradient":""},"tablet":{"background-color":"","background-image":"","background-repeat":"repeat","background-position":"center center","background-size":"auto","background-attachment":"scroll","background-type":"","background-media":"","overlay-type":"","overlay-color":"","overlay-opacity":"","overlay-gradient":""},"mobile":{"background-color":"","background-image":"","background-repeat":"repeat","background-position":"center center","background-size":"auto","background-attachment":"scroll","background-type":"","background-media":"","overlay-type":"","overlay-color":"","overlay-opacity":"","overlay-gradient":""}},"ast-content-background-meta":{"desktop":{"background-color":"var(--ast-global-color-4)","background-image":"","background-repeat":"repeat","background-position":"center center","background-size":"auto","background-attachment":"scroll","background-type":"","background-media":"","overlay-type":"","overlay-color":"","overlay-opacity":"","overlay-gradient":""},"tablet":{"background-color":"var(--ast-global-color-4)","background-image":"","background-repeat":"repeat","background-position":"center center","background-size":"auto","background-attachment":"scroll","background-type":"","background-media":"","overlay-type":"","overlay-color":"","overlay-opacity":"","overlay-gradient":""},"mobile":{"background-color":"var(--ast-global-color-4)","background-image":"","background-repeat":"repeat","background-position":"center center","background-size":"auto","background-attachment":"scroll","background-type":"","background-media":"","overlay-type":"","overlay-color":"","overlay-opacity":"","overlay-gradient":""}},"footnotes":""},"categories":[],"tags":[961,959,960],"class_list":["post-261114","page","type-page","status-publish","has-post-thumbnail","hentry","tag-staff-city-manager-team","tag-mark-taxis-staff","tag-staff"],"yoast_head":"<!-- This site is optimized with the Yoast SEO Premium plugin v27.4 (Yoast SEO v27.4) - https:\/\/yoast.com\/product\/yoast-seo-premium-wordpress\/ -->\n<title>Mark Taxis Assistant City Manager - City of Miami Beach<\/title>\n<meta name=\"description\" content=\"Mark Taxis is a lifelong government professional with over forty (40) years of leadership experience. He has an extensive financial background, working with strict budgetary limits. He has an exceptional ability to rationally process and react to emergency situations. Mark Taxis&#039; skill in adapting to a fast-paced political agenda has made him a perfect fit for an international city like Miami Beach.\" \/>\n<meta name=\"robots\" content=\"index, follow, max-snippet:-1, max-image-preview:large, max-video-preview:-1\" \/>\n<link rel=\"canonical\" href=\"https:\/\/www.miamibeachfl.gov\/ht\/staff\/mark-taxis\/\" \/>\n<meta property=\"og:locale\" content=\"ht_HT\" \/>\n<meta property=\"og:type\" content=\"article\" \/>\n<meta property=\"og:title\" content=\"Mark Taxis Assistant City Manager\" \/>\n<meta property=\"og:description\" content=\"Mark Taxis is a lifelong government professional with over forty (40) years of leadership experience. He has an extensive financial background, working with strict budgetary limits. He has an exceptional ability to rationally process and react to emergency situations. Mark Taxis&#039; skill in adapting to a fast-paced political agenda has made him a perfect fit for an international city like Miami Beach.\" \/>\n<meta property=\"og:url\" content=\"https:\/\/www.miamibeachfl.gov\/ht\/staff\/mark-taxis\/\" \/>\n<meta property=\"og:site_name\" content=\"City of Miami Beach\" \/>\n<meta property=\"article:publisher\" content=\"https:\/\/www.facebook.com\/cityofmiamibeach\" \/>\n<meta property=\"article:modified_time\" content=\"2025-12-30T21:53:08+00:00\" \/>\n<meta property=\"og:image\" content=\"https:\/\/www.miamibeachfl.gov\/wp-content\/uploads\/2024\/08\/MarkTaxis_2024.png\" \/>\n\t<meta property=\"og:image:width\" content=\"250\" \/>\n\t<meta property=\"og:image:height\" content=\"250\" \/>\n\t<meta property=\"og:image:type\" content=\"image\/png\" \/>\n<meta name=\"twitter:card\" content=\"summary_large_image\" \/>\n<meta name=\"twitter:site\" content=\"@Miamibeachnews\" \/>\n<script type=\"application\/ld+json\" class=\"yoast-schema-graph\">{\"@context\":\"https:\\\/\\\/schema.org\",\"@graph\":[{\"@type\":\"WebPage\",\"@id\":\"https:\\\/\\\/www.miamibeachfl.gov\\\/staff\\\/mark-taxis\\\/\",\"url\":\"https:\\\/\\\/www.miamibeachfl.gov\\\/staff\\\/mark-taxis\\\/\",\"name\":\"Mark Taxis Assistant City Manager - City of Miami Beach\",\"isPartOf\":{\"@id\":\"https:\\\/\\\/www.miamibeachfl.gov\\\/#website\"},\"primaryImageOfPage\":{\"@id\":\"https:\\\/\\\/www.miamibeachfl.gov\\\/staff\\\/mark-taxis\\\/#primaryimage\"},\"image\":{\"@id\":\"https:\\\/\\\/www.miamibeachfl.gov\\\/staff\\\/mark-taxis\\\/#primaryimage\"},\"thumbnailUrl\":\"https:\\\/\\\/www.miamibeachfl.gov\\\/wp-content\\\/uploads\\\/2024\\\/08\\\/MarkTaxis_2024.png\",\"datePublished\":\"2023-05-24T11:28:29+00:00\",\"dateModified\":\"2025-12-30T21:53:08+00:00\",\"description\":\"Mark Taxis is a lifelong government professional with over forty (40) years of leadership experience. He has an extensive financial background, working with strict budgetary limits. He has an exceptional ability to rationally process and react to emergency situations. Mark Taxis' skill in adapting to a fast-paced political agenda has made him a perfect fit for an international city like Miami Beach.\",\"breadcrumb\":{\"@id\":\"https:\\\/\\\/www.miamibeachfl.gov\\\/staff\\\/mark-taxis\\\/#breadcrumb\"},\"inLanguage\":\"ht\",\"potentialAction\":[{\"@type\":\"ReadAction\",\"target\":[\"https:\\\/\\\/www.miamibeachfl.gov\\\/staff\\\/mark-taxis\\\/\"]}]},{\"@type\":\"ImageObject\",\"inLanguage\":\"ht\",\"@id\":\"https:\\\/\\\/www.miamibeachfl.gov\\\/staff\\\/mark-taxis\\\/#primaryimage\",\"url\":\"https:\\\/\\\/www.miamibeachfl.gov\\\/wp-content\\\/uploads\\\/2024\\\/08\\\/MarkTaxis_2024.png\",\"contentUrl\":\"https:\\\/\\\/www.miamibeachfl.gov\\\/wp-content\\\/uploads\\\/2024\\\/08\\\/MarkTaxis_2024.png\",\"width\":250,\"height\":250,\"caption\":\"Mark Taxis\"},{\"@type\":\"BreadcrumbList\",\"@id\":\"https:\\\/\\\/www.miamibeachfl.gov\\\/staff\\\/mark-taxis\\\/#breadcrumb\",\"itemListElement\":[{\"@type\":\"ListItem\",\"position\":1,\"name\":\"Home\",\"item\":\"https:\\\/\\\/www.miamibeachfl.gov\\\/\"},{\"@type\":\"ListItem\",\"position\":2,\"name\":\"Staff\",\"item\":\"https:\\\/\\\/www.miamibeachfl.gov\\\/staff\\\/\"},{\"@type\":\"ListItem\",\"position\":3,\"name\":\"Mark Taxis Assistant City Manager\"}]},{\"@type\":\"WebSite\",\"@id\":\"https:\\\/\\\/www.miamibeachfl.gov\\\/#website\",\"url\":\"https:\\\/\\\/www.miamibeachfl.gov\\\/\",\"name\":\"City of Miami Beach\",\"description\":\"The official website of the City of Miami Beach. Stay informed, find important information on city services, news, alerts, events, trolley routes, government employment and more.\",\"publisher\":{\"@id\":\"https:\\\/\\\/www.miamibeachfl.gov\\\/#organization\"},\"potentialAction\":[{\"@type\":\"SearchAction\",\"target\":{\"@type\":\"EntryPoint\",\"urlTemplate\":\"https:\\\/\\\/www.miamibeachfl.gov\\\/?s={search_term_string}\"},\"query-input\":{\"@type\":\"PropertyValueSpecification\",\"valueRequired\":true,\"valueName\":\"search_term_string\"}}],\"inLanguage\":\"ht\"},{\"@type\":\"Organization\",\"@id\":\"https:\\\/\\\/www.miamibeachfl.gov\\\/#organization\",\"name\":\"City of Miami Beach\",\"url\":\"https:\\\/\\\/www.miamibeachfl.gov\\\/\",\"logo\":{\"@type\":\"ImageObject\",\"inLanguage\":\"ht\",\"@id\":\"https:\\\/\\\/www.miamibeachfl.gov\\\/#\\\/schema\\\/logo\\\/image\\\/\",\"url\":\"https:\\\/\\\/www.miamibeachfl.gov\\\/wp-content\\\/uploads\\\/2022\\\/06\\\/miamibeach-logoblue.png\",\"contentUrl\":\"https:\\\/\\\/www.miamibeachfl.gov\\\/wp-content\\\/uploads\\\/2022\\\/06\\\/miamibeach-logoblue.png\",\"width\":1962,\"height\":381,\"caption\":\"City of Miami Beach\"},\"image\":{\"@id\":\"https:\\\/\\\/www.miamibeachfl.gov\\\/#\\\/schema\\\/logo\\\/image\\\/\"},\"sameAs\":[\"https:\\\/\\\/www.facebook.com\\\/cityofmiamibeach\",\"https:\\\/\\\/x.com\\\/Miamibeachnews\",\"https:\\\/\\\/www.instagram.com\\\/miamibeachnews\\\/\"],\"description\":\"The official website of the City of Miami Beach. Stay informed, find important information on city services, news, alerts, events, trolley routes, government employment and more.\",\"telephone\":\"305.604.CITY(2489)\",\"legalName\":\"City of Miami Beach\"}]}<\/script>\n<!-- \/ Yoast SEO Premium plugin. -->","yoast_head_json":{"title":"Mark Taxis Asistan Direkt\u00e8 Minisipal - Vil Miami Beach","description":"Mark Taxis se yon pwofesyon\u00e8l gouv\u00e8nman depi tout tan ki gen plis pase karant (40) ane eksperyans lid\u00e8chip. Li gen yon gwo eksperyans finansye, li travay av\u00e8k limit bidjet\u00e8 strik. Li gen yon kapasite eksepsyon\u00e8l pou trete sitiyasyon ijans yo yon fason rasyon\u00e8l epi reyaji a yo. Kapasite Mark Taxis pou adapte ak yon ajanda politik rapid f\u00e8 l yon moun paf\u00e8 pou yon vil ent\u00e8nasyonal tankou Miami Beach.","robots":{"index":"index","follow":"follow","max-snippet":"max-snippet:-1","max-image-preview":"max-image-preview:large","max-video-preview":"max-video-preview:-1"},"canonical":"https:\/\/www.miamibeachfl.gov\/ht\/staff\/mark-taxis\/","og_locale":"ht_HT","og_type":"article","og_title":"Mark Taxis Assistant City Manager","og_description":"Mark Taxis is a lifelong government professional with over forty (40) years of leadership experience. He has an extensive financial background, working with strict budgetary limits. He has an exceptional ability to rationally process and react to emergency situations. Mark Taxis' skill in adapting to a fast-paced political agenda has made him a perfect fit for an international city like Miami Beach.","og_url":"https:\/\/www.miamibeachfl.gov\/ht\/staff\/mark-taxis\/","og_site_name":"City of Miami Beach","article_publisher":"https:\/\/www.facebook.com\/cityofmiamibeach","article_modified_time":"2025-12-30T21:53:08+00:00","og_image":[{"width":250,"height":250,"url":"https:\/\/www.miamibeachfl.gov\/wp-content\/uploads\/2024\/08\/MarkTaxis_2024.png","type":"image\/png"}],"twitter_card":"summary_large_image","twitter_site":"@Miamibeachnews","schema":{"@context":"https:\/\/schema.org","@graph":[{"@type":"WebPage","@id":"https:\/\/www.miamibeachfl.gov\/staff\/mark-taxis\/","url":"https:\/\/www.miamibeachfl.gov\/staff\/mark-taxis\/","name":"Mark Taxis Asistan Direkt\u00e8 Minisipal - Vil Miami Beach","isPartOf":{"@id":"https:\/\/www.miamibeachfl.gov\/#website"},"primaryImageOfPage":{"@id":"https:\/\/www.miamibeachfl.gov\/staff\/mark-taxis\/#primaryimage"},"image":{"@id":"https:\/\/www.miamibeachfl.gov\/staff\/mark-taxis\/#primaryimage"},"thumbnailUrl":"https:\/\/www.miamibeachfl.gov\/wp-content\/uploads\/2024\/08\/MarkTaxis_2024.png","datePublished":"2023-05-24T11:28:29+00:00","dateModified":"2025-12-30T21:53:08+00:00","description":"Mark Taxis se yon pwofesyon\u00e8l gouv\u00e8nman depi tout tan ki gen plis pase karant (40) ane eksperyans lid\u00e8chip. Li gen yon gwo eksperyans finansye, li travay av\u00e8k limit bidjet\u00e8 strik. Li gen yon kapasite eksepsyon\u00e8l pou trete sitiyasyon ijans yo yon fason rasyon\u00e8l epi reyaji a yo. Kapasite Mark Taxis pou adapte ak yon ajanda politik rapid f\u00e8 l yon moun paf\u00e8 pou yon vil ent\u00e8nasyonal tankou Miami Beach.","breadcrumb":{"@id":"https:\/\/www.miamibeachfl.gov\/staff\/mark-taxis\/#breadcrumb"},"inLanguage":"ht","potentialAction":[{"@type":"ReadAction","target":["https:\/\/www.miamibeachfl.gov\/staff\/mark-taxis\/"]}]},{"@type":"ImageObject","inLanguage":"ht","@id":"https:\/\/www.miamibeachfl.gov\/staff\/mark-taxis\/#primaryimage","url":"https:\/\/www.miamibeachfl.gov\/wp-content\/uploads\/2024\/08\/MarkTaxis_2024.png","contentUrl":"https:\/\/www.miamibeachfl.gov\/wp-content\/uploads\/2024\/08\/MarkTaxis_2024.png","width":250,"height":250,"caption":"Mark Taxis"},{"@type":"BreadcrumbList","@id":"https:\/\/www.miamibeachfl.gov\/staff\/mark-taxis\/#breadcrumb","itemListElement":[{"@type":"ListItem","position":1,"name":"Home","item":"https:\/\/www.miamibeachfl.gov\/"},{"@type":"ListItem","position":2,"name":"Staff","item":"https:\/\/www.miamibeachfl.gov\/staff\/"},{"@type":"ListItem","position":3,"name":"Mark Taxis Assistant City Manager"}]},{"@type":"WebSite","@id":"https:\/\/www.miamibeachfl.gov\/#website","url":"https:\/\/www.miamibeachfl.gov\/","name":"Vil Miami Beach","description":"Sitw\u00e8b ofisy\u00e8l Vil Miami Beach la. Rete enf\u00f2me, jwenn enf\u00f2masyon enp\u00f2tan sou s\u00e8vis vil la, nouv\u00e8l, al\u00e8t, ev\u00e8nman, wout tramway, travay gouv\u00e8nman an ak plis ank\u00f2.","publisher":{"@id":"https:\/\/www.miamibeachfl.gov\/#organization"},"potentialAction":[{"@type":"SearchAction","target":{"@type":"EntryPoint","urlTemplate":"https:\/\/www.miamibeachfl.gov\/?s={search_term_string}"},"query-input":{"@type":"PropertyValueSpecification","valueRequired":true,"valueName":"search_term_string"}}],"inLanguage":"ht"},{"@type":"Organization","@id":"https:\/\/www.miamibeachfl.gov\/#organization","name":"Vil Miami Beach","url":"https:\/\/www.miamibeachfl.gov\/","logo":{"@type":"ImageObject","inLanguage":"ht","@id":"https:\/\/www.miamibeachfl.gov\/#\/schema\/logo\/image\/","url":"https:\/\/www.miamibeachfl.gov\/wp-content\/uploads\/2022\/06\/miamibeach-logoblue.png","contentUrl":"https:\/\/www.miamibeachfl.gov\/wp-content\/uploads\/2022\/06\/miamibeach-logoblue.png","width":1962,"height":381,"caption":"City of Miami Beach"},"image":{"@id":"https:\/\/www.miamibeachfl.gov\/#\/schema\/logo\/image\/"},"sameAs":["https:\/\/www.facebook.com\/cityofmiamibeach","https:\/\/x.com\/Miamibeachnews","https:\/\/www.instagram.com\/miamibeachnews\/"],"description":"Sitw\u00e8b ofisy\u00e8l Vil Miami Beach la. Rete enf\u00f2me, jwenn enf\u00f2masyon enp\u00f2tan sou s\u00e8vis vil la, nouv\u00e8l, al\u00e8t, ev\u00e8nman, wout tramway, travay gouv\u00e8nman an ak plis ank\u00f2.","telephone":"305.604.CITY(2489)","legalName":"City of Miami Beach"}]}},"_links":{"self":[{"href":"https:\/\/www.miamibeachfl.gov\/ht\/wp-json\/wp\/v2\/pages\/261114","targetHints":{"allow":["GET"]}}],"collection":[{"href":"https:\/\/www.miamibeachfl.gov\/ht\/wp-json\/wp\/v2\/pages"}],"about":[{"href":"https:\/\/www.miamibeachfl.gov\/ht\/wp-json\/wp\/v2\/types\/page"}],"author":[{"embeddable":true,"href":"https:\/\/www.miamibeachfl.gov\/ht\/wp-json\/wp\/v2\/users\/222"}],"replies":[{"embeddable":true,"href":"https:\/\/www.miamibeachfl.gov\/ht\/wp-json\/wp\/v2\/comments?post=261114"}],"version-history":[{"count":1,"href":"https:\/\/www.miamibeachfl.gov\/ht\/wp-json\/wp\/v2\/pages\/261114\/revisions"}],"predecessor-version":[{"id":394137,"href":"https:\/\/www.miamibeachfl.gov\/ht\/wp-json\/wp\/v2\/pages\/261114\/revisions\/394137"}],"up":[{"embeddable":true,"href":"https:\/\/www.miamibeachfl.gov\/ht\/wp-json\/wp\/v2\/pages\/261112"}],"wp:featuredmedia":[{"embeddable":true,"href":"https:\/\/www.miamibeachfl.gov\/ht\/wp-json\/wp\/v2\/media\/334290"}],"wp:attachment":[{"href":"https:\/\/www.miamibeachfl.gov\/ht\/wp-json\/wp\/v2\/media?parent=261114"}],"wp:term":[{"taxonomy":"category","embeddable":true,"href":"https:\/\/www.miamibeachfl.gov\/ht\/wp-json\/wp\/v2\/categories?post=261114"},{"taxonomy":"post_tag","embeddable":true,"href":"https:\/\/www.miamibeachfl.gov\/ht\/wp-json\/wp\/v2\/tags?post=261114"}],"curies":[{"name":"wp","href":"https:\/\/api.w.org\/{rel}","templated":true}]}}