{"id":261167,"date":"2023-05-24T09:31:17","date_gmt":"2023-05-24T13:31:17","guid":{"rendered":"https:\/\/www.miamibeachfl.gov\/?page_id=261167"},"modified":"2025-12-19T10:36:41","modified_gmt":"2025-12-19T15:36:41","slug":"eric-carpenter","status":"publish","type":"page","link":"https:\/\/www.miamibeachfl.gov\/ht\/staff\/eric-carpenter\/","title":{"rendered":"Eric Carpenter <br><span style=\"font-size:18px\">Direkt\u00e8 Vil la<\/span>"},"content":{"rendered":"<img decoding=\"async\" src=\"https:\/\/www.miamibeachfl.gov\/wp-content\/uploads\/bb-plugin\/cache\/EricCarpenter-round0924-circle.png\" alt=\"City Manager Eric Carpenter\" title=\"EricCarpenter-wonn0924\" itemprop=\"image\"\/>\n\t\t<h1>\n\t\t\tEric Carpenter\t<\/h1>\n<h2>\n\t\t\tDirekt\u00e8 Vil la\t<\/h2>\n\t<ul>\n\t\t<li>\t\t\t\t\n\t\t<h3>Im\u00e8l:<\/h3><p><a href=\"mailto:EricCarpenter@miamibeachfl.gov\"><strong>EricCarpenter@miamibeachfl.gov<\/strong><\/a><\/p><\/li><li>\t\t\t\t\n\t\t<h3>Telef\u00f2n:<\/h3><p><strong><a href=\"tel:3056737010\">305.673.7010<\/a><\/strong><\/p><\/li><li>\t\t\t\t\n\t\t<h3>Sit w\u00e8b<\/h3><p><strong><a href=\"https:\/\/www.miamibeachfl.gov\/ht\/city-hall\/city-manager\/\">Vizite sitw\u00e8b Direkt\u00e8 Vil la<\/a><\/strong><\/p><\/li>\t<\/ul>\n\t<p>Av\u00e8k plis pase yon deseni s\u00e8vis pou rezidan Miami Beach yo, Direkt\u00e8 Minisipal Eric T. Carpenter pote yon rich\u00e8s eksperyans nan pi gwo pozisyon egzekitif vil la ansanm ak yon repitasyon byen merite k\u00f2m yon lid\u00e8 konpasyon ak transf\u00f2mat\u00e8.<\/p>\n<p>Depi yo te nonmen l k\u00f2m direkt\u00e8 vil la an Jiy\u00e8 2024, Eric kounye a ap dirije plis pase 2,300 anplwaye vil la epi li sip\u00e8vize anviwon de douz\u00e8n depatman, tankou Lapolis Miami Beach ak Ponpye Miami Beach.<\/p>\n<p>Eric, yon enjeny\u00e8 pwofesyon\u00e8l ki gen lisans, te rantre nan vil la an 2013 k\u00f2m direkt\u00e8 travay piblik. Li te monte nan pozisyon asistan direkt\u00e8 vil la an 2015 epi adjwen direkt\u00e8 vil la an 2021.<\/p>\n<p>K\u00f2m yon negosyat\u00e8, Eric te dirije plizy\u00e8 ak\u00f2 devlopman pou vil la ki evalye a plis pase $750 milyon dola. Ak\u00f2 yo te lak\u00f2z apepr\u00e8 15 kawo t\u00e8 pak anplis pou rezidan vil la ka jwi nan k\u00e8k nan z\u00f2n ki gen plis moun nan Miami Beach. Li te sip\u00e8vize amelyorasyon piblik ki evalye a plis pase $75 milyon dola ansanm ak inite lojman ab\u00f2dab ak lojman pou travay\u00e8 yo ki pral bay plis op\u00f2tinite pou div\u00e8sifye popilasyon rezidansy\u00e8l la.<\/p>\n<p>Eric te patisipe anpil nan adopsyon ak aplikasyon pwogram obligasyon jeneral $439 milyon dola an 2018, dirije pa vot\u00e8 yo. Anplis de sa, li te jwe yon w\u00f2l enp\u00f2tan nan jwenn yon chemen pou ranmase plis pase $300 milyon dola nan kapital pou adaptasyon vil la ak ogmantasyon nivo lanm\u00e8 a atrav\u00e8 met\u00f2d kreyatif tankou finansman ogmantasyon taks ak estriktirasyon s\u00e8vis piblik dlo lapli.<\/p>\n<p>Li te dirije tou ef\u00f2 pou fini renovasyon Sant Konvansyon Miami Beach la, yon amelyorasyon pr\u00e8ske $600 milyon dola ki te pi byen pozisyone lokal la pou l konkoure pou ev\u00e8nman konvansyon wo nivo yo. Li te jwe yon w\u00f2l kle nan kreyasyon Ajans Redevlopman Kominot\u00e8 a nan North Beach ki pral finanse amelyorasyon kominote a pou ane kap vini yo. Anplis de sa, li te ede navige defi pou opere yon ekonomi ki baze sou touris pandan pandemi COVID-19 la, ki te mande ajisteman bidj\u00e8 enp\u00f2tan nan mitan ane a ak konje tanpor\u00e8 anplwaye pou evite gwo lisansyman.<\/p>\n<p>Anvan Eric te rantre nan vil la, li te s\u00e8vi k\u00f2m direkt\u00e8 Travay Piblik pou Vil Doral soti 2006 rive 2013. Li te rekon\u00e8t k\u00f2m Enjeny\u00e8 Gouv\u00e8nman pou Ane a an 2010 pa Branch Miami-Dade nan Sosyete Ameriken pou Enjeny\u00e8 Sivil yo.<\/p>\n<p>Eric te resevwa yon lisans nan jeni sivil av\u00e8k yon min\u00e8 nan chimi nan Iniv\u00e8site Maryland an 1997. Li genyen tou yon s\u00e8tifikasyon OSHA-40 (plis 8 \u00e8dtan f\u00f2masyon sip\u00e8viz\u00e8 OSHA) ak yon s\u00e8tifikasyon antretyen trafik ent\u00e8medy\u00e8 (MOT) Depatman Transp\u00f2 Florid, ansanm ak yon kalifikasyon pou jesyon kalite konstriksyon pou kontrakt\u00e8 nan K\u00f2 Enjeny\u00e8 Lame Etazini.<\/p>\n<p>Li rete yon manm aktif nan branch Sid Florid Asosyasyon Travay Piblik Ameriken an, kote li te s\u00e8vi k\u00f2m prezidan kons\u00e8y egzekitif soti 2017 rive 2019.<\/p>\n<p>Li menm ak madanm li, Courtney, gen de timoun.<\/p>","protected":false},"excerpt":{"rendered":"<p>Eric Carpenter City Manager Email: EricCarpenter@miamibeachfl.gov Phone: 305.673.7010 Website Visit City Manager Website With more than a decade of service [&hellip;]<\/p>\n","protected":false},"author":222,"featured_media":339170,"parent":261112,"menu_order":8,"comment_status":"closed","ping_status":"closed","template":"","meta":{"_searchwp_excluded":"","site-sidebar-layout":"default","site-content-layout":"","ast-site-content-layout":"default","site-content-style":"default","site-sidebar-style":"default","ast-global-header-display":"","ast-banner-title-visibility":"","ast-main-header-display":"","ast-hfb-above-header-display":"","ast-hfb-below-header-display":"","ast-hfb-mobile-header-display":"","site-post-title":"","ast-breadcrumbs-content":"","ast-featured-img":"","footer-sml-layout":"","theme-transparent-header-meta":"","adv-header-id-meta":"","stick-header-meta":"","header-above-stick-meta":"","header-main-stick-meta":"","header-below-stick-meta":"","astra-migrate-meta-layouts":"default","ast-page-background-enabled":"default","ast-page-background-meta":{"desktop":{"background-color":"var(--ast-global-color-5)","background-image":"","background-repeat":"repeat","background-position":"center center","background-size":"auto","background-attachment":"scroll","background-type":"","background-media":"","overlay-type":"","overlay-color":"","overlay-opacity":"","overlay-gradient":""},"tablet":{"background-color":"","background-image":"","background-repeat":"repeat","background-position":"center center","background-size":"auto","background-attachment":"scroll","background-type":"","background-media":"","overlay-type":"","overlay-color":"","overlay-opacity":"","overlay-gradient":""},"mobile":{"background-color":"","background-image":"","background-repeat":"repeat","background-position":"center center","background-size":"auto","background-attachment":"scroll","background-type":"","background-media":"","overlay-type":"","overlay-color":"","overlay-opacity":"","overlay-gradient":""}},"ast-content-background-meta":{"desktop":{"background-color":"var(--ast-global-color-4)","background-image":"","background-repeat":"repeat","background-position":"center center","background-size":"auto","background-attachment":"scroll","background-type":"","background-media":"","overlay-type":"","overlay-color":"","overlay-opacity":"","overlay-gradient":""},"tablet":{"background-color":"var(--ast-global-color-4)","background-image":"","background-repeat":"repeat","background-position":"center center","background-size":"auto","background-attachment":"scroll","background-type":"","background-media":"","overlay-type":"","overlay-color":"","overlay-opacity":"","overlay-gradient":""},"mobile":{"background-color":"var(--ast-global-color-4)","background-image":"","background-repeat":"repeat","background-position":"center center","background-size":"auto","background-attachment":"scroll","background-type":"","background-media":"","overlay-type":"","overlay-color":"","overlay-opacity":"","overlay-gradient":""}},"footnotes":""},"categories":[],"tags":[961,963,960],"class_list":["post-261167","page","type-page","status-publish","has-post-thumbnail","hentry","tag-staff-city-manager-team","tag-eric-carpenter-staff","tag-staff"],"yoast_head":"<!-- This site is optimized with the Yoast SEO Premium plugin v27.4 (Yoast SEO v27.4) - https:\/\/yoast.com\/product\/yoast-seo-premium-wordpress\/ -->\n<title>Eric Carpenter City Manager - City of Miami Beach<\/title>\n<meta name=\"description\" content=\"Eric T. Carpenter, P.E. is a strategic, collaborative, and perceptive leader who currently serves as the Deputy City Manager for the City of Miami Beach.\" \/>\n<meta name=\"robots\" content=\"index, follow, max-snippet:-1, max-image-preview:large, max-video-preview:-1\" \/>\n<link rel=\"canonical\" href=\"https:\/\/www.miamibeachfl.gov\/ht\/staff\/eric-carpenter\/\" \/>\n<meta property=\"og:locale\" content=\"ht_HT\" \/>\n<meta property=\"og:type\" content=\"article\" \/>\n<meta property=\"og:title\" content=\"Eric Carpenter City Manager\" \/>\n<meta property=\"og:description\" content=\"Eric T. Carpenter, P.E. is a strategic, collaborative, and perceptive leader who currently serves as the Deputy City Manager for the City of Miami Beach.\" \/>\n<meta property=\"og:url\" content=\"https:\/\/www.miamibeachfl.gov\/ht\/staff\/eric-carpenter\/\" \/>\n<meta property=\"og:site_name\" content=\"City of Miami Beach\" \/>\n<meta property=\"article:publisher\" content=\"https:\/\/www.facebook.com\/cityofmiamibeach\" \/>\n<meta property=\"article:modified_time\" content=\"2025-12-19T15:36:41+00:00\" \/>\n<meta property=\"og:image\" content=\"https:\/\/www.miamibeachfl.gov\/wp-content\/uploads\/2024\/09\/EricCarpenter-round0924.png\" \/>\n\t<meta property=\"og:image:width\" content=\"250\" \/>\n\t<meta property=\"og:image:height\" content=\"250\" \/>\n\t<meta property=\"og:image:type\" content=\"image\/png\" \/>\n<meta name=\"twitter:card\" content=\"summary_large_image\" \/>\n<meta name=\"twitter:site\" content=\"@Miamibeachnews\" \/>\n<script type=\"application\/ld+json\" class=\"yoast-schema-graph\">{\"@context\":\"https:\\\/\\\/schema.org\",\"@graph\":[{\"@type\":\"WebPage\",\"@id\":\"https:\\\/\\\/www.miamibeachfl.gov\\\/staff\\\/eric-carpenter\\\/\",\"url\":\"https:\\\/\\\/www.miamibeachfl.gov\\\/staff\\\/eric-carpenter\\\/\",\"name\":\"Eric Carpenter City Manager - City of Miami Beach\",\"isPartOf\":{\"@id\":\"https:\\\/\\\/www.miamibeachfl.gov\\\/#website\"},\"primaryImageOfPage\":{\"@id\":\"https:\\\/\\\/www.miamibeachfl.gov\\\/staff\\\/eric-carpenter\\\/#primaryimage\"},\"image\":{\"@id\":\"https:\\\/\\\/www.miamibeachfl.gov\\\/staff\\\/eric-carpenter\\\/#primaryimage\"},\"thumbnailUrl\":\"https:\\\/\\\/www.miamibeachfl.gov\\\/wp-content\\\/uploads\\\/2024\\\/09\\\/EricCarpenter-round0924.png\",\"datePublished\":\"2023-05-24T13:31:17+00:00\",\"dateModified\":\"2025-12-19T15:36:41+00:00\",\"description\":\"Eric T. Carpenter, P.E. is a strategic, collaborative, and perceptive leader who currently serves as the Deputy City Manager for the City of Miami Beach.\",\"breadcrumb\":{\"@id\":\"https:\\\/\\\/www.miamibeachfl.gov\\\/staff\\\/eric-carpenter\\\/#breadcrumb\"},\"inLanguage\":\"ht\",\"potentialAction\":[{\"@type\":\"ReadAction\",\"target\":[\"https:\\\/\\\/www.miamibeachfl.gov\\\/staff\\\/eric-carpenter\\\/\"]}]},{\"@type\":\"ImageObject\",\"inLanguage\":\"ht\",\"@id\":\"https:\\\/\\\/www.miamibeachfl.gov\\\/staff\\\/eric-carpenter\\\/#primaryimage\",\"url\":\"https:\\\/\\\/www.miamibeachfl.gov\\\/wp-content\\\/uploads\\\/2024\\\/09\\\/EricCarpenter-round0924.png\",\"contentUrl\":\"https:\\\/\\\/www.miamibeachfl.gov\\\/wp-content\\\/uploads\\\/2024\\\/09\\\/EricCarpenter-round0924.png\",\"width\":250,\"height\":250,\"caption\":\"City Manager Eric Carpenter\"},{\"@type\":\"BreadcrumbList\",\"@id\":\"https:\\\/\\\/www.miamibeachfl.gov\\\/staff\\\/eric-carpenter\\\/#breadcrumb\",\"itemListElement\":[{\"@type\":\"ListItem\",\"position\":1,\"name\":\"Home\",\"item\":\"https:\\\/\\\/www.miamibeachfl.gov\\\/\"},{\"@type\":\"ListItem\",\"position\":2,\"name\":\"Staff\",\"item\":\"https:\\\/\\\/www.miamibeachfl.gov\\\/staff\\\/\"},{\"@type\":\"ListItem\",\"position\":3,\"name\":\"Eric Carpenter City Manager\"}]},{\"@type\":\"WebSite\",\"@id\":\"https:\\\/\\\/www.miamibeachfl.gov\\\/#website\",\"url\":\"https:\\\/\\\/www.miamibeachfl.gov\\\/\",\"name\":\"City of Miami Beach\",\"description\":\"The official website of the City of Miami Beach. Stay informed, find important information on city services, news, alerts, events, trolley routes, government employment and more.\",\"publisher\":{\"@id\":\"https:\\\/\\\/www.miamibeachfl.gov\\\/#organization\"},\"potentialAction\":[{\"@type\":\"SearchAction\",\"target\":{\"@type\":\"EntryPoint\",\"urlTemplate\":\"https:\\\/\\\/www.miamibeachfl.gov\\\/?s={search_term_string}\"},\"query-input\":{\"@type\":\"PropertyValueSpecification\",\"valueRequired\":true,\"valueName\":\"search_term_string\"}}],\"inLanguage\":\"ht\"},{\"@type\":\"Organization\",\"@id\":\"https:\\\/\\\/www.miamibeachfl.gov\\\/#organization\",\"name\":\"City of Miami Beach\",\"url\":\"https:\\\/\\\/www.miamibeachfl.gov\\\/\",\"logo\":{\"@type\":\"ImageObject\",\"inLanguage\":\"ht\",\"@id\":\"https:\\\/\\\/www.miamibeachfl.gov\\\/#\\\/schema\\\/logo\\\/image\\\/\",\"url\":\"https:\\\/\\\/www.miamibeachfl.gov\\\/wp-content\\\/uploads\\\/2022\\\/06\\\/miamibeach-logoblue.png\",\"contentUrl\":\"https:\\\/\\\/www.miamibeachfl.gov\\\/wp-content\\\/uploads\\\/2022\\\/06\\\/miamibeach-logoblue.png\",\"width\":1962,\"height\":381,\"caption\":\"City of Miami Beach\"},\"image\":{\"@id\":\"https:\\\/\\\/www.miamibeachfl.gov\\\/#\\\/schema\\\/logo\\\/image\\\/\"},\"sameAs\":[\"https:\\\/\\\/www.facebook.com\\\/cityofmiamibeach\",\"https:\\\/\\\/x.com\\\/Miamibeachnews\",\"https:\\\/\\\/www.instagram.com\\\/miamibeachnews\\\/\"],\"description\":\"The official website of the City of Miami Beach. Stay informed, find important information on city services, news, alerts, events, trolley routes, government employment and more.\",\"telephone\":\"305.604.CITY(2489)\",\"legalName\":\"City of Miami Beach\"}]}<\/script>\n<!-- \/ Yoast SEO Premium plugin. -->","yoast_head_json":{"title":"Eric Carpenter Direkt\u00e8 Minisipal - Vil Miami Beach","description":"Eric T. Carpenter, PE se yon lid\u00e8 estratejik, kolaboratif, ak perspicaces ki akty\u00e8lman ap s\u00e8vi k\u00f2m Direkt\u00e8 Adjwen Vil Miami Beach.","robots":{"index":"index","follow":"follow","max-snippet":"max-snippet:-1","max-image-preview":"max-image-preview:large","max-video-preview":"max-video-preview:-1"},"canonical":"https:\/\/www.miamibeachfl.gov\/ht\/staff\/eric-carpenter\/","og_locale":"ht_HT","og_type":"article","og_title":"Eric Carpenter City Manager","og_description":"Eric T. Carpenter, P.E. is a strategic, collaborative, and perceptive leader who currently serves as the Deputy City Manager for the City of Miami Beach.","og_url":"https:\/\/www.miamibeachfl.gov\/ht\/staff\/eric-carpenter\/","og_site_name":"City of Miami Beach","article_publisher":"https:\/\/www.facebook.com\/cityofmiamibeach","article_modified_time":"2025-12-19T15:36:41+00:00","og_image":[{"width":250,"height":250,"url":"https:\/\/www.miamibeachfl.gov\/wp-content\/uploads\/2024\/09\/EricCarpenter-round0924.png","type":"image\/png"}],"twitter_card":"summary_large_image","twitter_site":"@Miamibeachnews","schema":{"@context":"https:\/\/schema.org","@graph":[{"@type":"WebPage","@id":"https:\/\/www.miamibeachfl.gov\/staff\/eric-carpenter\/","url":"https:\/\/www.miamibeachfl.gov\/staff\/eric-carpenter\/","name":"Eric Carpenter Direkt\u00e8 Minisipal - Vil Miami Beach","isPartOf":{"@id":"https:\/\/www.miamibeachfl.gov\/#website"},"primaryImageOfPage":{"@id":"https:\/\/www.miamibeachfl.gov\/staff\/eric-carpenter\/#primaryimage"},"image":{"@id":"https:\/\/www.miamibeachfl.gov\/staff\/eric-carpenter\/#primaryimage"},"thumbnailUrl":"https:\/\/www.miamibeachfl.gov\/wp-content\/uploads\/2024\/09\/EricCarpenter-round0924.png","datePublished":"2023-05-24T13:31:17+00:00","dateModified":"2025-12-19T15:36:41+00:00","description":"Eric T. Carpenter, PE se yon lid\u00e8 estratejik, kolaboratif, ak perspicaces ki akty\u00e8lman ap s\u00e8vi k\u00f2m Direkt\u00e8 Adjwen Vil Miami Beach.","breadcrumb":{"@id":"https:\/\/www.miamibeachfl.gov\/staff\/eric-carpenter\/#breadcrumb"},"inLanguage":"ht","potentialAction":[{"@type":"ReadAction","target":["https:\/\/www.miamibeachfl.gov\/staff\/eric-carpenter\/"]}]},{"@type":"ImageObject","inLanguage":"ht","@id":"https:\/\/www.miamibeachfl.gov\/staff\/eric-carpenter\/#primaryimage","url":"https:\/\/www.miamibeachfl.gov\/wp-content\/uploads\/2024\/09\/EricCarpenter-round0924.png","contentUrl":"https:\/\/www.miamibeachfl.gov\/wp-content\/uploads\/2024\/09\/EricCarpenter-round0924.png","width":250,"height":250,"caption":"City Manager Eric Carpenter"},{"@type":"BreadcrumbList","@id":"https:\/\/www.miamibeachfl.gov\/staff\/eric-carpenter\/#breadcrumb","itemListElement":[{"@type":"ListItem","position":1,"name":"Home","item":"https:\/\/www.miamibeachfl.gov\/"},{"@type":"ListItem","position":2,"name":"Staff","item":"https:\/\/www.miamibeachfl.gov\/staff\/"},{"@type":"ListItem","position":3,"name":"Eric Carpenter City Manager"}]},{"@type":"WebSite","@id":"https:\/\/www.miamibeachfl.gov\/#website","url":"https:\/\/www.miamibeachfl.gov\/","name":"Vil Miami Beach","description":"Sitw\u00e8b ofisy\u00e8l Vil Miami Beach la. Rete enf\u00f2me, jwenn enf\u00f2masyon enp\u00f2tan sou s\u00e8vis vil la, nouv\u00e8l, al\u00e8t, ev\u00e8nman, wout tramway, travay gouv\u00e8nman an ak plis ank\u00f2.","publisher":{"@id":"https:\/\/www.miamibeachfl.gov\/#organization"},"potentialAction":[{"@type":"SearchAction","target":{"@type":"EntryPoint","urlTemplate":"https:\/\/www.miamibeachfl.gov\/?s={search_term_string}"},"query-input":{"@type":"PropertyValueSpecification","valueRequired":true,"valueName":"search_term_string"}}],"inLanguage":"ht"},{"@type":"Organization","@id":"https:\/\/www.miamibeachfl.gov\/#organization","name":"Vil Miami Beach","url":"https:\/\/www.miamibeachfl.gov\/","logo":{"@type":"ImageObject","inLanguage":"ht","@id":"https:\/\/www.miamibeachfl.gov\/#\/schema\/logo\/image\/","url":"https:\/\/www.miamibeachfl.gov\/wp-content\/uploads\/2022\/06\/miamibeach-logoblue.png","contentUrl":"https:\/\/www.miamibeachfl.gov\/wp-content\/uploads\/2022\/06\/miamibeach-logoblue.png","width":1962,"height":381,"caption":"City of Miami Beach"},"image":{"@id":"https:\/\/www.miamibeachfl.gov\/#\/schema\/logo\/image\/"},"sameAs":["https:\/\/www.facebook.com\/cityofmiamibeach","https:\/\/x.com\/Miamibeachnews","https:\/\/www.instagram.com\/miamibeachnews\/"],"description":"Sitw\u00e8b ofisy\u00e8l Vil Miami Beach la. Rete enf\u00f2me, jwenn enf\u00f2masyon enp\u00f2tan sou s\u00e8vis vil la, nouv\u00e8l, al\u00e8t, ev\u00e8nman, wout tramway, travay gouv\u00e8nman an ak plis ank\u00f2.","telephone":"305.604.CITY(2489)","legalName":"City of Miami Beach"}]}},"_links":{"self":[{"href":"https:\/\/www.miamibeachfl.gov\/ht\/wp-json\/wp\/v2\/pages\/261167","targetHints":{"allow":["GET"]}}],"collection":[{"href":"https:\/\/www.miamibeachfl.gov\/ht\/wp-json\/wp\/v2\/pages"}],"about":[{"href":"https:\/\/www.miamibeachfl.gov\/ht\/wp-json\/wp\/v2\/types\/page"}],"author":[{"embeddable":true,"href":"https:\/\/www.miamibeachfl.gov\/ht\/wp-json\/wp\/v2\/users\/222"}],"replies":[{"embeddable":true,"href":"https:\/\/www.miamibeachfl.gov\/ht\/wp-json\/wp\/v2\/comments?post=261167"}],"version-history":[{"count":2,"href":"https:\/\/www.miamibeachfl.gov\/ht\/wp-json\/wp\/v2\/pages\/261167\/revisions"}],"predecessor-version":[{"id":393611,"href":"https:\/\/www.miamibeachfl.gov\/ht\/wp-json\/wp\/v2\/pages\/261167\/revisions\/393611"}],"up":[{"embeddable":true,"href":"https:\/\/www.miamibeachfl.gov\/ht\/wp-json\/wp\/v2\/pages\/261112"}],"wp:featuredmedia":[{"embeddable":true,"href":"https:\/\/www.miamibeachfl.gov\/ht\/wp-json\/wp\/v2\/media\/339170"}],"wp:attachment":[{"href":"https:\/\/www.miamibeachfl.gov\/ht\/wp-json\/wp\/v2\/media?parent=261167"}],"wp:term":[{"taxonomy":"category","embeddable":true,"href":"https:\/\/www.miamibeachfl.gov\/ht\/wp-json\/wp\/v2\/categories?post=261167"},{"taxonomy":"post_tag","embeddable":true,"href":"https:\/\/www.miamibeachfl.gov\/ht\/wp-json\/wp\/v2\/tags?post=261167"}],"curies":[{"name":"wp","href":"https:\/\/api.w.org\/{rel}","templated":true}]}}