{"id":261188,"date":"2023-05-24T10:17:02","date_gmt":"2023-05-24T14:17:02","guid":{"rendered":"https:\/\/www.miamibeachfl.gov\/?page_id=261188"},"modified":"2025-12-16T08:22:57","modified_gmt":"2025-12-16T13:22:57","slug":"digna-abello","status":"publish","type":"page","link":"https:\/\/www.miamibeachfl.gov\/ht\/staff\/digna-abello\/","title":{"rendered":"Digna Abello <br><span style=\"font-size:18px\">Ch\u00e8f Ponpye<\/span>"},"content":{"rendered":"<img decoding=\"async\" src=\"https:\/\/www.miamibeachfl.gov\/wp-content\/uploads\/bb-plugin\/cache\/DignaAbello-circle.png\" alt=\"Digna Abello\" title=\"DignaAbello\" itemprop=\"image\"\/>\n\t\t<h1>\n\t\t\tDigna Abello\t<\/h1>\n<h2>\n\t\t\tCh\u00e8f Ponpye\t<\/h2>\n\t<p><strong>Dom\u00e8n Responsablite yo:<\/strong> Depatman Ponpye ak Sekou, Prevansyon Dife, PSCU, Jesyon Ijans.<\/p>\n\t<p>Ch\u00e8f Digna Abello vin premye fanm ki dirije Depatman Ponpye Miami Beach depi ajans lan te etabli nan dat 26 janvye 1921. Av\u00e8k nominasyon inanim li a, Ch\u00e8f Abello vin tou premye fanm ki s\u00e8vi k\u00f2m ch\u00e8f ponpye minisipal nan listwa Konte Miami-Dade.<\/p>\n<p>Depi li te k\u00f2manse kary\u00e8 li k\u00f2m ponpye nan Miami Beach plis pase 19 ane de sa, li te gide pa yon bous\u00f2l moral solid ansanm ak yon kwayans ke lid\u00e8chip se s\u00e8vis pou amelyorasyon l\u00f2t moun. Depi nan k\u00f2mansman kary\u00e8 li, li te byen vit distenge t\u00e8t li, li te monte nan ran ajans lan epi li te patisipe nan tout zaf\u00e8 ak inisyativ enp\u00f2tan depatman an.<\/p>\n<p>Pandan pandemi COVID-19 la, Ch\u00e8f Abello te dirije estrateji repons konpl\u00e8 depatman an, ki gen ladan pwogram vaksinasyon ajans lan ki te bay plis pase 13,000 rezidan vilnerab vaksinasyon. Angaje nan yon s\u00e8vis piblik ekselan, li te sip\u00e8vize de sik akreditasyon rigoureux pou kenbe prestijye evalyasyon ISO Klas 1 ajans lan nan men Biwo S\u00e8vis Asirans lan, yon reyalizasyon ke s\u00e8lman yon ti kras plis pase 1% nan 37,983 ajans ponpye patisipan yo Ozetazini te genyen.<\/p>\n<p>Malgre li onore pou l se premye fanm ki s\u00e8vi k\u00f2m ch\u00e8f, li gen gwo espwa ke plis fanm ap konsidere kary\u00e8 nan s\u00e8vis ponpye a epi aspire a w\u00f2l lid\u00e8chip. Ch\u00e8f Abello fy\u00e8 pou l s\u00e8vi rezidan Miami Beach yo, yon vil li dekri k\u00f2m yon vil ki gen yon melanj vibran de kilti ent\u00e8nasyonal melanje ak espwa, lib\u00e8te ak op\u00f2tinite pou tout moun.<\/p>","protected":false},"excerpt":{"rendered":"<p>Digna Abello Fire Chief Areas of Responsibility: Fire &amp; Rescue Department, Fire Prevention, PSCU, Emergency Management. Chief Digna Abello becomes [&hellip;]<\/p>\n","protected":false},"author":222,"featured_media":327872,"parent":261112,"menu_order":19,"comment_status":"closed","ping_status":"closed","template":"","meta":{"_searchwp_excluded":"","site-sidebar-layout":"default","site-content-layout":"","ast-site-content-layout":"default","site-content-style":"default","site-sidebar-style":"default","ast-global-header-display":"","ast-banner-title-visibility":"","ast-main-header-display":"","ast-hfb-above-header-display":"","ast-hfb-below-header-display":"","ast-hfb-mobile-header-display":"","site-post-title":"","ast-breadcrumbs-content":"","ast-featured-img":"","footer-sml-layout":"","theme-transparent-header-meta":"","adv-header-id-meta":"","stick-header-meta":"","header-above-stick-meta":"","header-main-stick-meta":"","header-below-stick-meta":"","astra-migrate-meta-layouts":"default","ast-page-background-enabled":"default","ast-page-background-meta":{"desktop":{"background-color":"var(--ast-global-color-5)","background-image":"","background-repeat":"repeat","background-position":"center center","background-size":"auto","background-attachment":"scroll","background-type":"","background-media":"","overlay-type":"","overlay-color":"","overlay-opacity":"","overlay-gradient":""},"tablet":{"background-color":"","background-image":"","background-repeat":"repeat","background-position":"center center","background-size":"auto","background-attachment":"scroll","background-type":"","background-media":"","overlay-type":"","overlay-color":"","overlay-opacity":"","overlay-gradient":""},"mobile":{"background-color":"","background-image":"","background-repeat":"repeat","background-position":"center center","background-size":"auto","background-attachment":"scroll","background-type":"","background-media":"","overlay-type":"","overlay-color":"","overlay-opacity":"","overlay-gradient":""}},"ast-content-background-meta":{"desktop":{"background-color":"var(--ast-global-color-4)","background-image":"","background-repeat":"repeat","background-position":"center center","background-size":"auto","background-attachment":"scroll","background-type":"","background-media":"","overlay-type":"","overlay-color":"","overlay-opacity":"","overlay-gradient":""},"tablet":{"background-color":"var(--ast-global-color-4)","background-image":"","background-repeat":"repeat","background-position":"center center","background-size":"auto","background-attachment":"scroll","background-type":"","background-media":"","overlay-type":"","overlay-color":"","overlay-opacity":"","overlay-gradient":""},"mobile":{"background-color":"var(--ast-global-color-4)","background-image":"","background-repeat":"repeat","background-position":"center center","background-size":"auto","background-attachment":"scroll","background-type":"","background-media":"","overlay-type":"","overlay-color":"","overlay-opacity":"","overlay-gradient":""}},"footnotes":""},"categories":[],"tags":[961,1537,960],"class_list":["post-261188","page","type-page","status-publish","has-post-thumbnail","hentry","tag-staff-city-manager-team","tag-digna-abello","tag-staff"],"yoast_head":"<!-- This site is optimized with the Yoast SEO Premium plugin v27.4 (Yoast SEO v27.4) - https:\/\/yoast.com\/product\/yoast-seo-premium-wordpress\/ -->\n<title>Digna Abello Fire Chief - City of Miami Beach<\/title>\n<meta name=\"description\" content=\"Virgil Fernandez was appointed chief of the Miami Beach Fire Department in February 2014 as the culmination of a distinguished firefighting career that has spanned more than four decades and taken him from the streets of his native Miami to New York\u2019s ground zero in the aftermath of the 9\/11 terror attacks.\" \/>\n<meta name=\"robots\" content=\"index, follow, max-snippet:-1, max-image-preview:large, max-video-preview:-1\" \/>\n<link rel=\"canonical\" href=\"https:\/\/www.miamibeachfl.gov\/ht\/staff\/digna-abello\/\" \/>\n<meta property=\"og:locale\" content=\"ht_HT\" \/>\n<meta property=\"og:type\" content=\"article\" \/>\n<meta property=\"og:title\" content=\"Digna Abello Fire Chief\" \/>\n<meta property=\"og:description\" content=\"Virgil Fernandez was appointed chief of the Miami Beach Fire Department in February 2014 as the culmination of a distinguished firefighting career that has spanned more than four decades and taken him from the streets of his native Miami to New York\u2019s ground zero in the aftermath of the 9\/11 terror attacks.\" \/>\n<meta property=\"og:url\" content=\"https:\/\/www.miamibeachfl.gov\/ht\/staff\/digna-abello\/\" \/>\n<meta property=\"og:site_name\" content=\"City of Miami Beach\" \/>\n<meta property=\"article:publisher\" content=\"https:\/\/www.facebook.com\/cityofmiamibeach\" \/>\n<meta property=\"article:modified_time\" content=\"2025-12-16T13:22:57+00:00\" \/>\n<meta property=\"og:image\" content=\"https:\/\/www.miamibeachfl.gov\/wp-content\/uploads\/2024\/07\/DignaAbello.png\" \/>\n\t<meta property=\"og:image:width\" content=\"250\" \/>\n\t<meta property=\"og:image:height\" content=\"250\" \/>\n\t<meta property=\"og:image:type\" content=\"image\/png\" \/>\n<meta name=\"twitter:card\" content=\"summary_large_image\" \/>\n<meta name=\"twitter:site\" content=\"@Miamibeachnews\" \/>\n<script type=\"application\/ld+json\" class=\"yoast-schema-graph\">{\"@context\":\"https:\\\/\\\/schema.org\",\"@graph\":[{\"@type\":\"WebPage\",\"@id\":\"https:\\\/\\\/www.miamibeachfl.gov\\\/staff\\\/digna-abello\\\/\",\"url\":\"https:\\\/\\\/www.miamibeachfl.gov\\\/staff\\\/digna-abello\\\/\",\"name\":\"Digna Abello Fire Chief - City of Miami Beach\",\"isPartOf\":{\"@id\":\"https:\\\/\\\/www.miamibeachfl.gov\\\/#website\"},\"primaryImageOfPage\":{\"@id\":\"https:\\\/\\\/www.miamibeachfl.gov\\\/staff\\\/digna-abello\\\/#primaryimage\"},\"image\":{\"@id\":\"https:\\\/\\\/www.miamibeachfl.gov\\\/staff\\\/digna-abello\\\/#primaryimage\"},\"thumbnailUrl\":\"https:\\\/\\\/www.miamibeachfl.gov\\\/wp-content\\\/uploads\\\/2024\\\/07\\\/DignaAbello.png\",\"datePublished\":\"2023-05-24T14:17:02+00:00\",\"dateModified\":\"2025-12-16T13:22:57+00:00\",\"description\":\"Virgil Fernandez was appointed chief of the Miami Beach Fire Department in February 2014 as the culmination of a distinguished firefighting career that has spanned more than four decades and taken him from the streets of his native Miami to New York\u2019s ground zero in the aftermath of the 9\\\/11 terror attacks.\",\"breadcrumb\":{\"@id\":\"https:\\\/\\\/www.miamibeachfl.gov\\\/staff\\\/digna-abello\\\/#breadcrumb\"},\"inLanguage\":\"ht\",\"potentialAction\":[{\"@type\":\"ReadAction\",\"target\":[\"https:\\\/\\\/www.miamibeachfl.gov\\\/staff\\\/digna-abello\\\/\"]}]},{\"@type\":\"ImageObject\",\"inLanguage\":\"ht\",\"@id\":\"https:\\\/\\\/www.miamibeachfl.gov\\\/staff\\\/digna-abello\\\/#primaryimage\",\"url\":\"https:\\\/\\\/www.miamibeachfl.gov\\\/wp-content\\\/uploads\\\/2024\\\/07\\\/DignaAbello.png\",\"contentUrl\":\"https:\\\/\\\/www.miamibeachfl.gov\\\/wp-content\\\/uploads\\\/2024\\\/07\\\/DignaAbello.png\",\"width\":250,\"height\":250,\"caption\":\"Digna Abello\"},{\"@type\":\"BreadcrumbList\",\"@id\":\"https:\\\/\\\/www.miamibeachfl.gov\\\/staff\\\/digna-abello\\\/#breadcrumb\",\"itemListElement\":[{\"@type\":\"ListItem\",\"position\":1,\"name\":\"Home\",\"item\":\"https:\\\/\\\/www.miamibeachfl.gov\\\/\"},{\"@type\":\"ListItem\",\"position\":2,\"name\":\"Staff\",\"item\":\"https:\\\/\\\/www.miamibeachfl.gov\\\/staff\\\/\"},{\"@type\":\"ListItem\",\"position\":3,\"name\":\"Digna Abello Fire Chief\"}]},{\"@type\":\"WebSite\",\"@id\":\"https:\\\/\\\/www.miamibeachfl.gov\\\/#website\",\"url\":\"https:\\\/\\\/www.miamibeachfl.gov\\\/\",\"name\":\"City of Miami Beach\",\"description\":\"The official website of the City of Miami Beach. Stay informed, find important information on city services, news, alerts, events, trolley routes, government employment and more.\",\"publisher\":{\"@id\":\"https:\\\/\\\/www.miamibeachfl.gov\\\/#organization\"},\"potentialAction\":[{\"@type\":\"SearchAction\",\"target\":{\"@type\":\"EntryPoint\",\"urlTemplate\":\"https:\\\/\\\/www.miamibeachfl.gov\\\/?s={search_term_string}\"},\"query-input\":{\"@type\":\"PropertyValueSpecification\",\"valueRequired\":true,\"valueName\":\"search_term_string\"}}],\"inLanguage\":\"ht\"},{\"@type\":\"Organization\",\"@id\":\"https:\\\/\\\/www.miamibeachfl.gov\\\/#organization\",\"name\":\"City of Miami Beach\",\"url\":\"https:\\\/\\\/www.miamibeachfl.gov\\\/\",\"logo\":{\"@type\":\"ImageObject\",\"inLanguage\":\"ht\",\"@id\":\"https:\\\/\\\/www.miamibeachfl.gov\\\/#\\\/schema\\\/logo\\\/image\\\/\",\"url\":\"https:\\\/\\\/www.miamibeachfl.gov\\\/wp-content\\\/uploads\\\/2022\\\/06\\\/miamibeach-logoblue.png\",\"contentUrl\":\"https:\\\/\\\/www.miamibeachfl.gov\\\/wp-content\\\/uploads\\\/2022\\\/06\\\/miamibeach-logoblue.png\",\"width\":1962,\"height\":381,\"caption\":\"City of Miami Beach\"},\"image\":{\"@id\":\"https:\\\/\\\/www.miamibeachfl.gov\\\/#\\\/schema\\\/logo\\\/image\\\/\"},\"sameAs\":[\"https:\\\/\\\/www.facebook.com\\\/cityofmiamibeach\",\"https:\\\/\\\/x.com\\\/Miamibeachnews\",\"https:\\\/\\\/www.instagram.com\\\/miamibeachnews\\\/\"],\"description\":\"The official website of the City of Miami Beach. Stay informed, find important information on city services, news, alerts, events, trolley routes, government employment and more.\",\"telephone\":\"305.604.CITY(2489)\",\"legalName\":\"City of Miami Beach\"}]}<\/script>\n<!-- \/ Yoast SEO Premium plugin. -->","yoast_head_json":{"title":"Ch\u00e8f Ponpye Digna Abello - Vil Miami Beach","description":"Yo te nonmen Virgil Fernandez ch\u00e8f Depatman Ponpye Miami Beach an fevriye 2014 k\u00f2m rezilta yon kary\u00e8 distenge nan dom\u00e8n ponpye ki te dire plis pase kat deseni e ki te mennen l soti nan lari Miami, vil natif natal li, rive nan z\u00f2n zewo Nouy\u00f2k apre atak teworis 11 septanm yo.","robots":{"index":"index","follow":"follow","max-snippet":"max-snippet:-1","max-image-preview":"max-image-preview:large","max-video-preview":"max-video-preview:-1"},"canonical":"https:\/\/www.miamibeachfl.gov\/ht\/staff\/digna-abello\/","og_locale":"ht_HT","og_type":"article","og_title":"Digna Abello Fire Chief","og_description":"Virgil Fernandez was appointed chief of the Miami Beach Fire Department in February 2014 as the culmination of a distinguished firefighting career that has spanned more than four decades and taken him from the streets of his native Miami to New York\u2019s ground zero in the aftermath of the 9\/11 terror attacks.","og_url":"https:\/\/www.miamibeachfl.gov\/ht\/staff\/digna-abello\/","og_site_name":"City of Miami Beach","article_publisher":"https:\/\/www.facebook.com\/cityofmiamibeach","article_modified_time":"2025-12-16T13:22:57+00:00","og_image":[{"width":250,"height":250,"url":"https:\/\/www.miamibeachfl.gov\/wp-content\/uploads\/2024\/07\/DignaAbello.png","type":"image\/png"}],"twitter_card":"summary_large_image","twitter_site":"@Miamibeachnews","schema":{"@context":"https:\/\/schema.org","@graph":[{"@type":"WebPage","@id":"https:\/\/www.miamibeachfl.gov\/staff\/digna-abello\/","url":"https:\/\/www.miamibeachfl.gov\/staff\/digna-abello\/","name":"Ch\u00e8f Ponpye Digna Abello - Vil Miami Beach","isPartOf":{"@id":"https:\/\/www.miamibeachfl.gov\/#website"},"primaryImageOfPage":{"@id":"https:\/\/www.miamibeachfl.gov\/staff\/digna-abello\/#primaryimage"},"image":{"@id":"https:\/\/www.miamibeachfl.gov\/staff\/digna-abello\/#primaryimage"},"thumbnailUrl":"https:\/\/www.miamibeachfl.gov\/wp-content\/uploads\/2024\/07\/DignaAbello.png","datePublished":"2023-05-24T14:17:02+00:00","dateModified":"2025-12-16T13:22:57+00:00","description":"Yo te nonmen Virgil Fernandez ch\u00e8f Depatman Ponpye Miami Beach an fevriye 2014 k\u00f2m rezilta yon kary\u00e8 distenge nan dom\u00e8n ponpye ki te dire plis pase kat deseni e ki te mennen l soti nan lari Miami, vil natif natal li, rive nan z\u00f2n zewo Nouy\u00f2k apre atak teworis 11 septanm yo.","breadcrumb":{"@id":"https:\/\/www.miamibeachfl.gov\/staff\/digna-abello\/#breadcrumb"},"inLanguage":"ht","potentialAction":[{"@type":"ReadAction","target":["https:\/\/www.miamibeachfl.gov\/staff\/digna-abello\/"]}]},{"@type":"ImageObject","inLanguage":"ht","@id":"https:\/\/www.miamibeachfl.gov\/staff\/digna-abello\/#primaryimage","url":"https:\/\/www.miamibeachfl.gov\/wp-content\/uploads\/2024\/07\/DignaAbello.png","contentUrl":"https:\/\/www.miamibeachfl.gov\/wp-content\/uploads\/2024\/07\/DignaAbello.png","width":250,"height":250,"caption":"Digna Abello"},{"@type":"BreadcrumbList","@id":"https:\/\/www.miamibeachfl.gov\/staff\/digna-abello\/#breadcrumb","itemListElement":[{"@type":"ListItem","position":1,"name":"Home","item":"https:\/\/www.miamibeachfl.gov\/"},{"@type":"ListItem","position":2,"name":"Staff","item":"https:\/\/www.miamibeachfl.gov\/staff\/"},{"@type":"ListItem","position":3,"name":"Digna Abello Fire Chief"}]},{"@type":"WebSite","@id":"https:\/\/www.miamibeachfl.gov\/#website","url":"https:\/\/www.miamibeachfl.gov\/","name":"Vil Miami Beach","description":"Sitw\u00e8b ofisy\u00e8l Vil Miami Beach la. Rete enf\u00f2me, jwenn enf\u00f2masyon enp\u00f2tan sou s\u00e8vis vil la, nouv\u00e8l, al\u00e8t, ev\u00e8nman, wout tramway, travay gouv\u00e8nman an ak plis ank\u00f2.","publisher":{"@id":"https:\/\/www.miamibeachfl.gov\/#organization"},"potentialAction":[{"@type":"SearchAction","target":{"@type":"EntryPoint","urlTemplate":"https:\/\/www.miamibeachfl.gov\/?s={search_term_string}"},"query-input":{"@type":"PropertyValueSpecification","valueRequired":true,"valueName":"search_term_string"}}],"inLanguage":"ht"},{"@type":"Organization","@id":"https:\/\/www.miamibeachfl.gov\/#organization","name":"Vil Miami Beach","url":"https:\/\/www.miamibeachfl.gov\/","logo":{"@type":"ImageObject","inLanguage":"ht","@id":"https:\/\/www.miamibeachfl.gov\/#\/schema\/logo\/image\/","url":"https:\/\/www.miamibeachfl.gov\/wp-content\/uploads\/2022\/06\/miamibeach-logoblue.png","contentUrl":"https:\/\/www.miamibeachfl.gov\/wp-content\/uploads\/2022\/06\/miamibeach-logoblue.png","width":1962,"height":381,"caption":"City of Miami Beach"},"image":{"@id":"https:\/\/www.miamibeachfl.gov\/#\/schema\/logo\/image\/"},"sameAs":["https:\/\/www.facebook.com\/cityofmiamibeach","https:\/\/x.com\/Miamibeachnews","https:\/\/www.instagram.com\/miamibeachnews\/"],"description":"Sitw\u00e8b ofisy\u00e8l Vil Miami Beach la. Rete enf\u00f2me, jwenn enf\u00f2masyon enp\u00f2tan sou s\u00e8vis vil la, nouv\u00e8l, al\u00e8t, ev\u00e8nman, wout tramway, travay gouv\u00e8nman an ak plis ank\u00f2.","telephone":"305.604.CITY(2489)","legalName":"City of Miami Beach"}]}},"_links":{"self":[{"href":"https:\/\/www.miamibeachfl.gov\/ht\/wp-json\/wp\/v2\/pages\/261188","targetHints":{"allow":["GET"]}}],"collection":[{"href":"https:\/\/www.miamibeachfl.gov\/ht\/wp-json\/wp\/v2\/pages"}],"about":[{"href":"https:\/\/www.miamibeachfl.gov\/ht\/wp-json\/wp\/v2\/types\/page"}],"author":[{"embeddable":true,"href":"https:\/\/www.miamibeachfl.gov\/ht\/wp-json\/wp\/v2\/users\/222"}],"replies":[{"embeddable":true,"href":"https:\/\/www.miamibeachfl.gov\/ht\/wp-json\/wp\/v2\/comments?post=261188"}],"version-history":[{"count":2,"href":"https:\/\/www.miamibeachfl.gov\/ht\/wp-json\/wp\/v2\/pages\/261188\/revisions"}],"predecessor-version":[{"id":393432,"href":"https:\/\/www.miamibeachfl.gov\/ht\/wp-json\/wp\/v2\/pages\/261188\/revisions\/393432"}],"up":[{"embeddable":true,"href":"https:\/\/www.miamibeachfl.gov\/ht\/wp-json\/wp\/v2\/pages\/261112"}],"wp:featuredmedia":[{"embeddable":true,"href":"https:\/\/www.miamibeachfl.gov\/ht\/wp-json\/wp\/v2\/media\/327872"}],"wp:attachment":[{"href":"https:\/\/www.miamibeachfl.gov\/ht\/wp-json\/wp\/v2\/media?parent=261188"}],"wp:term":[{"taxonomy":"category","embeddable":true,"href":"https:\/\/www.miamibeachfl.gov\/ht\/wp-json\/wp\/v2\/categories?post=261188"},{"taxonomy":"post_tag","embeddable":true,"href":"https:\/\/www.miamibeachfl.gov\/ht\/wp-json\/wp\/v2\/tags?post=261188"}],"curies":[{"name":"wp","href":"https:\/\/api.w.org\/{rel}","templated":true}]}}