{"id":261197,"date":"2023-05-24T10:30:39","date_gmt":"2023-05-24T14:30:39","guid":{"rendered":"https:\/\/www.miamibeachfl.gov\/?page_id=261197"},"modified":"2026-01-02T10:35:23","modified_gmt":"2026-01-02T15:35:23","slug":"amy-knowles","status":"publish","type":"page","link":"https:\/\/www.miamibeachfl.gov\/ht\/staff\/amy-knowles\/","title":{"rendered":"Amy Knowles <br><span style=\"font-size:18px\">Ofisye Rezilyans Anch\u00e8f<\/span>"},"content":{"rendered":"<img decoding=\"async\" src=\"https:\/\/www.miamibeachfl.gov\/wp-content\/uploads\/bb-plugin\/cache\/AmyKnowles-round-1-circle.png\" alt=\"Amy Knowles\" title=\"AmyKnowles-wonn\" itemprop=\"image\"\/>\n\t\t<h1>\n\t\t\tAmy Knowles\t<\/h1>\n<h2>\n\t\t\tOfisye Rezilyans Anch\u00e8f\t<\/h2>\n\t<ul>\n\t\t<li>\t\t\t\t\n\t\t<h3>Im\u00e8l:<\/h3><p><strong><a href=\"mailto:AmyKnowles@miamibeachfl.gov\">AmyKnowles@miamibeachfl.gov<\/a><\/strong><\/p><\/li><li>\t\t\t\t\n\t\t<h3>Telef\u00f2n:<\/h3><p><strong><a href=\"tel:3056737084\">305.673.7084 Ekstansyon: 6081<\/a><\/strong><\/p><\/li><li>\t\t\t\t\n\t\t<h3>Sit w\u00e8b yo<\/h3><p><strong><a href=\"https:\/\/www.miamibeachfl.gov\/ht\/city-hall\/city-manager\/\">Vizite sitw\u00e8b Direkt\u00e8 Vil la<\/a><\/strong><strong><a href=\"https:\/\/www.miamibeachfl.gov\/ht\/city-hall\/environmental-sustainability\/\">Vizite sitw\u00e8b Depatman Anviw\u00f2nman ak Dirablite a<\/a><\/strong><\/p><\/li>\t<\/ul>\n\t<p><strong>Dom\u00e8n Responsablite yo:<\/strong> Strateji Rezilyans, Depatman Anviw\u00f2nman ak Dirablite<\/p>\n\t<p>Amy Knowles se Ofisye Rezilyans Anch\u00e8f ak Direkt\u00e8 Anviw\u00f2nman ak Dirablite pou Vil Miami Beach. Madan Knowles travay kole kole ak yon ekip lid\u00e8chip rezilyans holistic pou aplike r\u00e8gleman ak pwoj\u00e8 pou konstwi yon Miami Beach ki rezistan.<\/p>\n<p>Miami Beach se yon laboratwa vivan pou chanjman klimatik, epi Madan Knowles konsantre sou entegre planifikasyon preparasyon pou klima ak solisyon ak enfrastrikti ki baze sou lanati. Nan planifikasyon pou ogmantasyon nivo lanm\u00e8 a, Madan Knowles d\u00e8ny\u00e8man te ede jwenn $48 milyon dola nan finansman rezistans pou pwoj\u00e8 ki soti nan restorasyon din rive nan enfrastrikti. Li te dirije premye evalyasyon vilnerabilite vil la ak analiz ka biznis pwogram dlo lapli a - tou de te mete aksan sou enp\u00f2tans sosyal ak ekonomik pwoteksyon Miami Beach. Li te lanse d\u00e8ny\u00e8man <em>Goumen kont inondasyon an<\/em>, yon pwogram adaptasyon Pwopriyete Prive pou ankouraje envestisman pwopriyete prive nan rezilyans. Travay remakab Miami Beach sou chal\u00e8 ekstr\u00e8m gen ladan Lwa sou Zile Chal\u00e8 Iben an ak Plan Direkt\u00e8 For\u00e8 Iben an.<\/p>\n<p>Madan Knowles kw\u00e8 kolaborasyon enp\u00f2tan anpil pou rezilyans epi li travay nan yon patenarya inik ak Konte Miami-Dade, Vil Miami, ak Fondasyon Miami pou aplike\u00a0<em>Rezilyan305<\/em>, yon estrateji rezistans pataje. Madan Knowles s\u00e8vi nan Komite Pilotaj Amerik di N\u00f2 pou Rezo Vil Rezilyan Mondyal la. Li patisipe nan travay Southeast Florida Climate Change Compact ak Resiliency Florida. Madan Knowles te vwayaje nan Peyiba, Chili, ak atrav\u00e8 Etazini pou etidye epi pataje estrateji rezistans.<\/p>\n<p>Kary\u00e8 Madanm Knowles nan s\u00e8vis piblik la gen ladan pwoteksyon anviw\u00f2nman, administrasyon ak planifikasyon. Li gen yon lisans nan politik anviw\u00f2nman nan Iniv\u00e8site Binghamton ak yon metriz nan administrasyon biznis nan Iniv\u00e8site Miami.<\/p>","protected":false},"excerpt":{"rendered":"<p>Amy Knowles Chief Resilience Officer Email: AmyKnowles@miamibeachfl.gov Phone: 305.673.7084 Ext: 6081 Websites Visit the City Manager&#8217;s websiteVisit the Environmental and [&hellip;]<\/p>\n","protected":false},"author":222,"featured_media":261199,"parent":261112,"menu_order":21,"comment_status":"closed","ping_status":"closed","template":"","meta":{"_searchwp_excluded":"","site-sidebar-layout":"default","site-content-layout":"","ast-site-content-layout":"default","site-content-style":"default","site-sidebar-style":"default","ast-global-header-display":"","ast-banner-title-visibility":"","ast-main-header-display":"","ast-hfb-above-header-display":"","ast-hfb-below-header-display":"","ast-hfb-mobile-header-display":"","site-post-title":"","ast-breadcrumbs-content":"","ast-featured-img":"","footer-sml-layout":"","ast-disable-related-posts":"","theme-transparent-header-meta":"","adv-header-id-meta":"","stick-header-meta":"","header-above-stick-meta":"","header-main-stick-meta":"","header-below-stick-meta":"","astra-migrate-meta-layouts":"default","ast-page-background-enabled":"default","ast-page-background-meta":{"desktop":{"background-color":"var(--ast-global-color-5)","background-image":"","background-repeat":"repeat","background-position":"center center","background-size":"auto","background-attachment":"scroll","background-type":"","background-media":"","overlay-type":"","overlay-color":"","overlay-opacity":"","overlay-gradient":""},"tablet":{"background-color":"","background-image":"","background-repeat":"repeat","background-position":"center center","background-size":"auto","background-attachment":"scroll","background-type":"","background-media":"","overlay-type":"","overlay-color":"","overlay-opacity":"","overlay-gradient":""},"mobile":{"background-color":"","background-image":"","background-repeat":"repeat","background-position":"center center","background-size":"auto","background-attachment":"scroll","background-type":"","background-media":"","overlay-type":"","overlay-color":"","overlay-opacity":"","overlay-gradient":""}},"ast-content-background-meta":{"desktop":{"background-color":"var(--ast-global-color-4)","background-image":"","background-repeat":"repeat","background-position":"center center","background-size":"auto","background-attachment":"scroll","background-type":"","background-media":"","overlay-type":"","overlay-color":"","overlay-opacity":"","overlay-gradient":""},"tablet":{"background-color":"var(--ast-global-color-4)","background-image":"","background-repeat":"repeat","background-position":"center center","background-size":"auto","background-attachment":"scroll","background-type":"","background-media":"","overlay-type":"","overlay-color":"","overlay-opacity":"","overlay-gradient":""},"mobile":{"background-color":"var(--ast-global-color-4)","background-image":"","background-repeat":"repeat","background-position":"center center","background-size":"auto","background-attachment":"scroll","background-type":"","background-media":"","overlay-type":"","overlay-color":"","overlay-opacity":"","overlay-gradient":""}},"footnotes":""},"categories":[],"tags":[969,960],"class_list":["post-261197","page","type-page","status-publish","has-post-thumbnail","hentry","tag-amy-knowles-staff","tag-staff"],"yoast_head":"<!-- This site is optimized with the Yoast SEO Premium plugin v27.4 (Yoast SEO v27.4) - https:\/\/yoast.com\/product\/yoast-seo-premium-wordpress\/ -->\n<title>Amy Knowles Chief Resilience Officer - City of Miami Beach<\/title>\n<meta name=\"description\" content=\"Amy Knowles serves as the Chief Resilience Officer and the Director of Environment and Sustainability for the City of Miami Beach. Ms. Knowles works closely with a holistic resilience leadership team to implement policies and projects to build a resilient Miami Beach.\" \/>\n<meta name=\"robots\" content=\"index, follow, max-snippet:-1, max-image-preview:large, max-video-preview:-1\" \/>\n<link rel=\"canonical\" href=\"https:\/\/www.miamibeachfl.gov\/ht\/staff\/amy-knowles\/\" \/>\n<meta property=\"og:locale\" content=\"ht_HT\" \/>\n<meta property=\"og:type\" content=\"article\" \/>\n<meta property=\"og:title\" content=\"Amy Knowles Chief Resilience Officer\" \/>\n<meta property=\"og:description\" content=\"Amy Knowles serves as the Chief Resilience Officer and the Director of Environment and Sustainability for the City of Miami Beach. Ms. Knowles works closely with a holistic resilience leadership team to implement policies and projects to build a resilient Miami Beach.\" \/>\n<meta property=\"og:url\" content=\"https:\/\/www.miamibeachfl.gov\/ht\/staff\/amy-knowles\/\" \/>\n<meta property=\"og:site_name\" content=\"City of Miami Beach\" \/>\n<meta property=\"article:publisher\" content=\"https:\/\/www.facebook.com\/cityofmiamibeach\" \/>\n<meta property=\"article:modified_time\" content=\"2026-01-02T15:35:23+00:00\" \/>\n<meta property=\"og:image\" content=\"https:\/\/www.miamibeachfl.gov\/wp-content\/uploads\/2023\/05\/AmyKnowles-round-1.png\" \/>\n\t<meta property=\"og:image:width\" content=\"249\" \/>\n\t<meta property=\"og:image:height\" content=\"250\" \/>\n\t<meta property=\"og:image:type\" content=\"image\/png\" \/>\n<meta name=\"twitter:card\" content=\"summary_large_image\" \/>\n<meta name=\"twitter:site\" content=\"@Miamibeachnews\" \/>\n<script type=\"application\/ld+json\" class=\"yoast-schema-graph\">{\"@context\":\"https:\\\/\\\/schema.org\",\"@graph\":[{\"@type\":\"WebPage\",\"@id\":\"https:\\\/\\\/www.miamibeachfl.gov\\\/staff\\\/amy-knowles\\\/\",\"url\":\"https:\\\/\\\/www.miamibeachfl.gov\\\/staff\\\/amy-knowles\\\/\",\"name\":\"Amy Knowles Chief Resilience Officer - City of Miami Beach\",\"isPartOf\":{\"@id\":\"https:\\\/\\\/www.miamibeachfl.gov\\\/#website\"},\"primaryImageOfPage\":{\"@id\":\"https:\\\/\\\/www.miamibeachfl.gov\\\/staff\\\/amy-knowles\\\/#primaryimage\"},\"image\":{\"@id\":\"https:\\\/\\\/www.miamibeachfl.gov\\\/staff\\\/amy-knowles\\\/#primaryimage\"},\"thumbnailUrl\":\"https:\\\/\\\/www.miamibeachfl.gov\\\/wp-content\\\/uploads\\\/2023\\\/05\\\/AmyKnowles-round-1.png\",\"datePublished\":\"2023-05-24T14:30:39+00:00\",\"dateModified\":\"2026-01-02T15:35:23+00:00\",\"description\":\"Amy Knowles serves as the Chief Resilience Officer and the Director of Environment and Sustainability for the City of Miami Beach. Ms. Knowles works closely with a holistic resilience leadership team to implement policies and projects to build a resilient Miami Beach.\",\"breadcrumb\":{\"@id\":\"https:\\\/\\\/www.miamibeachfl.gov\\\/staff\\\/amy-knowles\\\/#breadcrumb\"},\"inLanguage\":\"ht\",\"potentialAction\":[{\"@type\":\"ReadAction\",\"target\":[\"https:\\\/\\\/www.miamibeachfl.gov\\\/staff\\\/amy-knowles\\\/\"]}]},{\"@type\":\"ImageObject\",\"inLanguage\":\"ht\",\"@id\":\"https:\\\/\\\/www.miamibeachfl.gov\\\/staff\\\/amy-knowles\\\/#primaryimage\",\"url\":\"https:\\\/\\\/www.miamibeachfl.gov\\\/wp-content\\\/uploads\\\/2023\\\/05\\\/AmyKnowles-round-1.png\",\"contentUrl\":\"https:\\\/\\\/www.miamibeachfl.gov\\\/wp-content\\\/uploads\\\/2023\\\/05\\\/AmyKnowles-round-1.png\",\"width\":249,\"height\":250,\"caption\":\"Amy Knowles\"},{\"@type\":\"BreadcrumbList\",\"@id\":\"https:\\\/\\\/www.miamibeachfl.gov\\\/staff\\\/amy-knowles\\\/#breadcrumb\",\"itemListElement\":[{\"@type\":\"ListItem\",\"position\":1,\"name\":\"Home\",\"item\":\"https:\\\/\\\/www.miamibeachfl.gov\\\/\"},{\"@type\":\"ListItem\",\"position\":2,\"name\":\"Staff\",\"item\":\"https:\\\/\\\/www.miamibeachfl.gov\\\/staff\\\/\"},{\"@type\":\"ListItem\",\"position\":3,\"name\":\"Amy Knowles Chief Resilience Officer\"}]},{\"@type\":\"WebSite\",\"@id\":\"https:\\\/\\\/www.miamibeachfl.gov\\\/#website\",\"url\":\"https:\\\/\\\/www.miamibeachfl.gov\\\/\",\"name\":\"City of Miami Beach\",\"description\":\"The official website of the City of Miami Beach. Stay informed, find important information on city services, news, alerts, events, trolley routes, government employment and more.\",\"publisher\":{\"@id\":\"https:\\\/\\\/www.miamibeachfl.gov\\\/#organization\"},\"potentialAction\":[{\"@type\":\"SearchAction\",\"target\":{\"@type\":\"EntryPoint\",\"urlTemplate\":\"https:\\\/\\\/www.miamibeachfl.gov\\\/?s={search_term_string}\"},\"query-input\":{\"@type\":\"PropertyValueSpecification\",\"valueRequired\":true,\"valueName\":\"search_term_string\"}}],\"inLanguage\":\"ht\"},{\"@type\":\"Organization\",\"@id\":\"https:\\\/\\\/www.miamibeachfl.gov\\\/#organization\",\"name\":\"City of Miami Beach\",\"url\":\"https:\\\/\\\/www.miamibeachfl.gov\\\/\",\"logo\":{\"@type\":\"ImageObject\",\"inLanguage\":\"ht\",\"@id\":\"https:\\\/\\\/www.miamibeachfl.gov\\\/#\\\/schema\\\/logo\\\/image\\\/\",\"url\":\"https:\\\/\\\/www.miamibeachfl.gov\\\/wp-content\\\/uploads\\\/2022\\\/06\\\/miamibeach-logoblue.png\",\"contentUrl\":\"https:\\\/\\\/www.miamibeachfl.gov\\\/wp-content\\\/uploads\\\/2022\\\/06\\\/miamibeach-logoblue.png\",\"width\":1962,\"height\":381,\"caption\":\"City of Miami Beach\"},\"image\":{\"@id\":\"https:\\\/\\\/www.miamibeachfl.gov\\\/#\\\/schema\\\/logo\\\/image\\\/\"},\"sameAs\":[\"https:\\\/\\\/www.facebook.com\\\/cityofmiamibeach\",\"https:\\\/\\\/x.com\\\/Miamibeachnews\",\"https:\\\/\\\/www.instagram.com\\\/miamibeachnews\\\/\"],\"description\":\"The official website of the City of Miami Beach. Stay informed, find important information on city services, news, alerts, events, trolley routes, government employment and more.\",\"telephone\":\"305.604.CITY(2489)\",\"legalName\":\"City of Miami Beach\"}]}<\/script>\n<!-- \/ Yoast SEO Premium plugin. -->","yoast_head_json":{"title":"Amy Knowles, Ofisye Rezilyans Anch\u00e8f - Vil Miami Beach","description":"Amy Knowles se Ofisye Rezilyans Anch\u00e8f ak Direkt\u00e8 Anviw\u00f2nman ak Dirablite pou Vil Miami Beach. Madan Knowles travay kole kole ak yon ekip lid\u00e8chip rezilyans holistic pou aplike r\u00e8gleman ak pwoj\u00e8 pou konstwi yon Miami Beach ki rezistan.","robots":{"index":"index","follow":"follow","max-snippet":"max-snippet:-1","max-image-preview":"max-image-preview:large","max-video-preview":"max-video-preview:-1"},"canonical":"https:\/\/www.miamibeachfl.gov\/ht\/staff\/amy-knowles\/","og_locale":"ht_HT","og_type":"article","og_title":"Amy Knowles Chief Resilience Officer","og_description":"Amy Knowles serves as the Chief Resilience Officer and the Director of Environment and Sustainability for the City of Miami Beach. Ms. Knowles works closely with a holistic resilience leadership team to implement policies and projects to build a resilient Miami Beach.","og_url":"https:\/\/www.miamibeachfl.gov\/ht\/staff\/amy-knowles\/","og_site_name":"City of Miami Beach","article_publisher":"https:\/\/www.facebook.com\/cityofmiamibeach","article_modified_time":"2026-01-02T15:35:23+00:00","og_image":[{"width":249,"height":250,"url":"https:\/\/www.miamibeachfl.gov\/wp-content\/uploads\/2023\/05\/AmyKnowles-round-1.png","type":"image\/png"}],"twitter_card":"summary_large_image","twitter_site":"@Miamibeachnews","schema":{"@context":"https:\/\/schema.org","@graph":[{"@type":"WebPage","@id":"https:\/\/www.miamibeachfl.gov\/staff\/amy-knowles\/","url":"https:\/\/www.miamibeachfl.gov\/staff\/amy-knowles\/","name":"Amy Knowles, Ofisye Rezilyans Anch\u00e8f - Vil Miami Beach","isPartOf":{"@id":"https:\/\/www.miamibeachfl.gov\/#website"},"primaryImageOfPage":{"@id":"https:\/\/www.miamibeachfl.gov\/staff\/amy-knowles\/#primaryimage"},"image":{"@id":"https:\/\/www.miamibeachfl.gov\/staff\/amy-knowles\/#primaryimage"},"thumbnailUrl":"https:\/\/www.miamibeachfl.gov\/wp-content\/uploads\/2023\/05\/AmyKnowles-round-1.png","datePublished":"2023-05-24T14:30:39+00:00","dateModified":"2026-01-02T15:35:23+00:00","description":"Amy Knowles se Ofisye Rezilyans Anch\u00e8f ak Direkt\u00e8 Anviw\u00f2nman ak Dirablite pou Vil Miami Beach. Madan Knowles travay kole kole ak yon ekip lid\u00e8chip rezilyans holistic pou aplike r\u00e8gleman ak pwoj\u00e8 pou konstwi yon Miami Beach ki rezistan.","breadcrumb":{"@id":"https:\/\/www.miamibeachfl.gov\/staff\/amy-knowles\/#breadcrumb"},"inLanguage":"ht","potentialAction":[{"@type":"ReadAction","target":["https:\/\/www.miamibeachfl.gov\/staff\/amy-knowles\/"]}]},{"@type":"ImageObject","inLanguage":"ht","@id":"https:\/\/www.miamibeachfl.gov\/staff\/amy-knowles\/#primaryimage","url":"https:\/\/www.miamibeachfl.gov\/wp-content\/uploads\/2023\/05\/AmyKnowles-round-1.png","contentUrl":"https:\/\/www.miamibeachfl.gov\/wp-content\/uploads\/2023\/05\/AmyKnowles-round-1.png","width":249,"height":250,"caption":"Amy Knowles"},{"@type":"BreadcrumbList","@id":"https:\/\/www.miamibeachfl.gov\/staff\/amy-knowles\/#breadcrumb","itemListElement":[{"@type":"ListItem","position":1,"name":"Home","item":"https:\/\/www.miamibeachfl.gov\/"},{"@type":"ListItem","position":2,"name":"Staff","item":"https:\/\/www.miamibeachfl.gov\/staff\/"},{"@type":"ListItem","position":3,"name":"Amy Knowles Chief Resilience Officer"}]},{"@type":"WebSite","@id":"https:\/\/www.miamibeachfl.gov\/#website","url":"https:\/\/www.miamibeachfl.gov\/","name":"Vil Miami Beach","description":"Sitw\u00e8b ofisy\u00e8l Vil Miami Beach la. Rete enf\u00f2me, jwenn enf\u00f2masyon enp\u00f2tan sou s\u00e8vis vil la, nouv\u00e8l, al\u00e8t, ev\u00e8nman, wout tramway, travay gouv\u00e8nman an ak plis ank\u00f2.","publisher":{"@id":"https:\/\/www.miamibeachfl.gov\/#organization"},"potentialAction":[{"@type":"SearchAction","target":{"@type":"EntryPoint","urlTemplate":"https:\/\/www.miamibeachfl.gov\/?s={search_term_string}"},"query-input":{"@type":"PropertyValueSpecification","valueRequired":true,"valueName":"search_term_string"}}],"inLanguage":"ht"},{"@type":"Organization","@id":"https:\/\/www.miamibeachfl.gov\/#organization","name":"Vil Miami Beach","url":"https:\/\/www.miamibeachfl.gov\/","logo":{"@type":"ImageObject","inLanguage":"ht","@id":"https:\/\/www.miamibeachfl.gov\/#\/schema\/logo\/image\/","url":"https:\/\/www.miamibeachfl.gov\/wp-content\/uploads\/2022\/06\/miamibeach-logoblue.png","contentUrl":"https:\/\/www.miamibeachfl.gov\/wp-content\/uploads\/2022\/06\/miamibeach-logoblue.png","width":1962,"height":381,"caption":"City of Miami Beach"},"image":{"@id":"https:\/\/www.miamibeachfl.gov\/#\/schema\/logo\/image\/"},"sameAs":["https:\/\/www.facebook.com\/cityofmiamibeach","https:\/\/x.com\/Miamibeachnews","https:\/\/www.instagram.com\/miamibeachnews\/"],"description":"Sitw\u00e8b ofisy\u00e8l Vil Miami Beach la. Rete enf\u00f2me, jwenn enf\u00f2masyon enp\u00f2tan sou s\u00e8vis vil la, nouv\u00e8l, al\u00e8t, ev\u00e8nman, wout tramway, travay gouv\u00e8nman an ak plis ank\u00f2.","telephone":"305.604.CITY(2489)","legalName":"City of Miami Beach"}]}},"_links":{"self":[{"href":"https:\/\/www.miamibeachfl.gov\/ht\/wp-json\/wp\/v2\/pages\/261197","targetHints":{"allow":["GET"]}}],"collection":[{"href":"https:\/\/www.miamibeachfl.gov\/ht\/wp-json\/wp\/v2\/pages"}],"about":[{"href":"https:\/\/www.miamibeachfl.gov\/ht\/wp-json\/wp\/v2\/types\/page"}],"author":[{"embeddable":true,"href":"https:\/\/www.miamibeachfl.gov\/ht\/wp-json\/wp\/v2\/users\/222"}],"replies":[{"embeddable":true,"href":"https:\/\/www.miamibeachfl.gov\/ht\/wp-json\/wp\/v2\/comments?post=261197"}],"version-history":[{"count":2,"href":"https:\/\/www.miamibeachfl.gov\/ht\/wp-json\/wp\/v2\/pages\/261197\/revisions"}],"predecessor-version":[{"id":394407,"href":"https:\/\/www.miamibeachfl.gov\/ht\/wp-json\/wp\/v2\/pages\/261197\/revisions\/394407"}],"up":[{"embeddable":true,"href":"https:\/\/www.miamibeachfl.gov\/ht\/wp-json\/wp\/v2\/pages\/261112"}],"wp:featuredmedia":[{"embeddable":true,"href":"https:\/\/www.miamibeachfl.gov\/ht\/wp-json\/wp\/v2\/media\/261199"}],"wp:attachment":[{"href":"https:\/\/www.miamibeachfl.gov\/ht\/wp-json\/wp\/v2\/media?parent=261197"}],"wp:term":[{"taxonomy":"category","embeddable":true,"href":"https:\/\/www.miamibeachfl.gov\/ht\/wp-json\/wp\/v2\/categories?post=261197"},{"taxonomy":"post_tag","embeddable":true,"href":"https:\/\/www.miamibeachfl.gov\/ht\/wp-json\/wp\/v2\/tags?post=261197"}],"curies":[{"name":"wp","href":"https:\/\/api.w.org\/{rel}","templated":true}]}}