{"id":261218,"date":"2023-05-24T11:01:43","date_gmt":"2023-05-24T15:01:43","guid":{"rendered":"https:\/\/www.miamibeachfl.gov\/?page_id=261218"},"modified":"2026-01-02T09:54:03","modified_gmt":"2026-01-02T14:54:03","slug":"jason-greene","status":"publish","type":"page","link":"https:\/\/www.miamibeachfl.gov\/ht\/staff\/jason-greene\/","title":{"rendered":"Jason Greene <br><span style=\"font-size:18px\">Direkt\u00e8 Finansye<\/span>"},"content":{"rendered":"<img decoding=\"async\" src=\"https:\/\/www.miamibeachfl.gov\/wp-content\/uploads\/bb-plugin\/cache\/Jason-Greene-roundupdated-circle.png\" alt=\"Jason Greene\" title=\"Jason-Greene-round mete ajou\" itemprop=\"image\"\/>\n\t\t<h1>\n\t\t\tJason Greene\t<\/h1>\n<h2>\n\t\t\tDirekt\u00e8 Finansye\t<\/h2>\n\t<ul>\n\t\t<li><a href=\"mailto:Jasongreene@miamibeachfl.gov\" target=\"_self\"  aria-label=\"Ale nan adr\u00e8s imel sa a: Jasongreene@miamibeachfl.gov\">\t\t\t\t\n\t\t<h3>JasonGreene@miamibeachfl.gov<\/h3><\/a><\/li><li>\t\t\t\t\n\t\t<h3>Sitw\u00e8b Direkt\u00e8 Vil la<\/h3><p><strong><a href=\"https:\/\/www.miamibeachfl.gov\/ht\/city-hall\/city-manager\/\">Klike la a pou vizite sitw\u00e8b Direkt\u00e8 Vil la<\/a><\/strong><\/p><\/li><li>\t\t\t\t\n\t\t<h3>Sitw\u00e8b Depatman Finans lan<\/h3><p><strong><a href=\"https:\/\/www.miamibeachfl.gov\/ht\/city-hall\/finance\/\">Klike la a pou vizite sitw\u00e8b Finans lan<\/a><\/strong><\/p><\/li>\t<\/ul>\n\t<p><strong>Dom\u00e8n Responsablite yo enkli:<\/strong> Finans, Sant S\u00e8vis Kliyan, Jesyon Sibvansyon, Inisyativ Edikasyon ak P\u00e8f\u00f2mans, ak Biwo Jesyon ak Bidj\u00e8. Jason sip\u00e8vize tou Komite Finans ak Rezilyans Ekonomik la.<\/p>\n\t<p>Jason D. Greene, CGFO, CFE, CPFIM gen plis pase de deseni eksperyans nan gouv\u00e8nman lokal ak distri espesyal nan Sid Florid e kounye a li s\u00e8vi k\u00f2m Direkt\u00e8 Finansye (CFO) pou Vil Miami Beach. Jason se yon rezidan Miami Beach depi lontan e li te yon manm Komite Obligasyon Jeneral Vil la, kote li te s\u00e8vi k\u00f2m Vis Prezidan. Jason gen yon Lisans nan Toksikoloji Anviw\u00f2nman, yon Metriz nan Administrasyon Biznis, ak yon Metriz nan Jeni Sivil.<\/p>\n<p>Jason gen anpil konesans nan bidj\u00e8 ak planifikasyon finansye, ki gen ladan planifikasyon kapital plizy\u00e8 ane, finansman obligasyon ak jesyon d\u00e8t, preparasyon odit finansye any\u00e8l ak fonksyon kontablite konpl\u00e8. Anvan w\u00f2l gouv\u00e8nman li yo, Jason te travay nan konsiltasyon jeni ak yon anfaz sou jeni sivil\/anviw\u00f2nman ak jesyon pwoj\u00e8 amelyorasyon kapital. Eksperyans li nan jesyon pwoj\u00e8 te gen ladan planifikasyon, analiz pri, koule lajan kach pwoj\u00e8, ak previzyon.<\/p>\n<p>Anplis, Jason se yon manm epi li te s\u00e8vi nan Kons\u00e8y Administrasyon ak Komite Asosyasyon Nasyonal Ofisye Finansye Gouv\u00e8nman an (GFOA), kounye a li ap s\u00e8vi nan Kons\u00e8y Egzekitif GFOA a, epi li se yon manm Asosyasyon Ent\u00e8nasyonal Manadj\u00e8 Vil\/Konte, Asosyasyon Manadj\u00e8 Vil\/Konte Florid, Asosyasyon Manadj\u00e8 Vil\/Konte Miami-Dade, Asosyasyon Egzaminat\u00e8 Fw\u00f2d S\u00e8tifye, Asosyasyon Trezorye Piblik Etazini ak Kanada, ak Enstiti pou Kontw\u00f2l Ent\u00e8n yo. Li te jwenn s\u00e8tifikasyon Ofisye Finans Gouv\u00e8nman S\u00e8tifye (CGFO), Egzaminat\u00e8 Fw\u00f2d S\u00e8tifye (CFE), Manadj\u00e8 Envestisman Fon Piblik S\u00e8tifye (CPFIM), ak Odit\u00e8 Kontw\u00f2l Ent\u00e8n S\u00e8tifye (CICA).<\/p>\n<p>Anvan Jason te rantre nan Vil Miami Beach, li te travay pandan plizy\u00e8 ane k\u00f2m yon enjeny\u00e8 konsiltan sou gwo pwogram amelyorasyon enfrastrikti, sitou ak Depatman Dlo ak Egou Konte Miami-Dade. Pandan l t ap travay sou pwogram sa yo, li te chanje soti nan jeni pou ale nan kontw\u00f2l pwogram, bidj\u00e8, ak estimasyon pri. Li te s\u00e8vi pandan plis pase 16 ane apre Otorite Otowout Miami-Dade te vin travay anndan konpayi an epi li te &quot;chanje b\u00f2&quot; soti nan Jeni pou ale nan Finans, li te okipe pozisyon Kontwol\u00e8 epi finalman Manadj\u00e8 Kontw\u00f2l Finansye ak Bidj\u00e8. Li te travay tou nan kominote vwazen nou an, Surfside, soti 2019 rive 2022, finalman k\u00f2m Asistan Manadj\u00e8 Vil\/Direkt\u00e8 Finansye.<\/p>","protected":false},"excerpt":{"rendered":"<p>Jason Greene Chief Financial Officer JasonGreene@miamibeachfl.gov City Manager Website Click here to visit the City Manager Website Finance Department Website [&hellip;]<\/p>\n","protected":false},"author":222,"featured_media":340351,"parent":261112,"menu_order":20,"comment_status":"closed","ping_status":"closed","template":"","meta":{"_searchwp_excluded":"","site-sidebar-layout":"default","site-content-layout":"","ast-site-content-layout":"default","site-content-style":"default","site-sidebar-style":"default","ast-global-header-display":"","ast-banner-title-visibility":"","ast-main-header-display":"","ast-hfb-above-header-display":"","ast-hfb-below-header-display":"","ast-hfb-mobile-header-display":"","site-post-title":"","ast-breadcrumbs-content":"","ast-featured-img":"","footer-sml-layout":"","ast-disable-related-posts":"","theme-transparent-header-meta":"","adv-header-id-meta":"","stick-header-meta":"","header-above-stick-meta":"","header-main-stick-meta":"","header-below-stick-meta":"","astra-migrate-meta-layouts":"default","ast-page-background-enabled":"default","ast-page-background-meta":{"desktop":{"background-color":"var(--ast-global-color-5)","background-image":"","background-repeat":"repeat","background-position":"center center","background-size":"auto","background-attachment":"scroll","background-type":"","background-media":"","overlay-type":"","overlay-color":"","overlay-opacity":"","overlay-gradient":""},"tablet":{"background-color":"","background-image":"","background-repeat":"repeat","background-position":"center center","background-size":"auto","background-attachment":"scroll","background-type":"","background-media":"","overlay-type":"","overlay-color":"","overlay-opacity":"","overlay-gradient":""},"mobile":{"background-color":"","background-image":"","background-repeat":"repeat","background-position":"center center","background-size":"auto","background-attachment":"scroll","background-type":"","background-media":"","overlay-type":"","overlay-color":"","overlay-opacity":"","overlay-gradient":""}},"ast-content-background-meta":{"desktop":{"background-color":"var(--ast-global-color-4)","background-image":"","background-repeat":"repeat","background-position":"center center","background-size":"auto","background-attachment":"scroll","background-type":"","background-media":"","overlay-type":"","overlay-color":"","overlay-opacity":"","overlay-gradient":""},"tablet":{"background-color":"var(--ast-global-color-4)","background-image":"","background-repeat":"repeat","background-position":"center center","background-size":"auto","background-attachment":"scroll","background-type":"","background-media":"","overlay-type":"","overlay-color":"","overlay-opacity":"","overlay-gradient":""},"mobile":{"background-color":"var(--ast-global-color-4)","background-image":"","background-repeat":"repeat","background-position":"center center","background-size":"auto","background-attachment":"scroll","background-type":"","background-media":"","overlay-type":"","overlay-color":"","overlay-opacity":"","overlay-gradient":""}},"footnotes":""},"categories":[],"tags":[961,971,960],"class_list":["post-261218","page","type-page","status-publish","has-post-thumbnail","hentry","tag-staff-city-manager-team","tag-jason-greene-staff","tag-staff"],"yoast_head":"<!-- This site is optimized with the Yoast SEO Premium plugin v27.4 (Yoast SEO v27.4) - https:\/\/yoast.com\/product\/yoast-seo-premium-wordpress\/ -->\n<title>Jason Greene Chief Financial Officer - City of Miami Beach<\/title>\n<meta name=\"description\" content=\"Jason Greene City of Miami Beach Chief Financial Officer\" \/>\n<meta name=\"robots\" content=\"index, follow, max-snippet:-1, max-image-preview:large, max-video-preview:-1\" \/>\n<link rel=\"canonical\" href=\"https:\/\/www.miamibeachfl.gov\/ht\/staff\/jason-greene\/\" \/>\n<meta property=\"og:locale\" content=\"ht_HT\" \/>\n<meta property=\"og:type\" content=\"article\" \/>\n<meta property=\"og:title\" content=\"Jason Greene Chief Financial Officer\" \/>\n<meta property=\"og:description\" content=\"Jason Greene City of Miami Beach Chief Financial Officer\" \/>\n<meta property=\"og:url\" content=\"https:\/\/www.miamibeachfl.gov\/ht\/staff\/jason-greene\/\" \/>\n<meta property=\"og:site_name\" content=\"City of Miami Beach\" \/>\n<meta property=\"article:publisher\" content=\"https:\/\/www.facebook.com\/cityofmiamibeach\" \/>\n<meta property=\"article:modified_time\" content=\"2026-01-02T14:54:03+00:00\" \/>\n<meta property=\"og:image\" content=\"https:\/\/www.miamibeachfl.gov\/wp-content\/uploads\/2024\/09\/Jason-Greene-roundupdated.png\" \/>\n\t<meta property=\"og:image:width\" content=\"250\" \/>\n\t<meta property=\"og:image:height\" content=\"250\" \/>\n\t<meta property=\"og:image:type\" content=\"image\/png\" \/>\n<meta name=\"twitter:card\" content=\"summary_large_image\" \/>\n<meta name=\"twitter:site\" content=\"@Miamibeachnews\" \/>\n<script type=\"application\/ld+json\" class=\"yoast-schema-graph\">{\"@context\":\"https:\\\/\\\/schema.org\",\"@graph\":[{\"@type\":\"WebPage\",\"@id\":\"https:\\\/\\\/www.miamibeachfl.gov\\\/staff\\\/jason-greene\\\/\",\"url\":\"https:\\\/\\\/www.miamibeachfl.gov\\\/staff\\\/jason-greene\\\/\",\"name\":\"Jason Greene Chief Financial Officer - City of Miami Beach\",\"isPartOf\":{\"@id\":\"https:\\\/\\\/www.miamibeachfl.gov\\\/#website\"},\"primaryImageOfPage\":{\"@id\":\"https:\\\/\\\/www.miamibeachfl.gov\\\/staff\\\/jason-greene\\\/#primaryimage\"},\"image\":{\"@id\":\"https:\\\/\\\/www.miamibeachfl.gov\\\/staff\\\/jason-greene\\\/#primaryimage\"},\"thumbnailUrl\":\"https:\\\/\\\/www.miamibeachfl.gov\\\/wp-content\\\/uploads\\\/2024\\\/09\\\/Jason-Greene-roundupdated.png\",\"datePublished\":\"2023-05-24T15:01:43+00:00\",\"dateModified\":\"2026-01-02T14:54:03+00:00\",\"description\":\"Jason Greene City of Miami Beach Chief Financial Officer\",\"breadcrumb\":{\"@id\":\"https:\\\/\\\/www.miamibeachfl.gov\\\/staff\\\/jason-greene\\\/#breadcrumb\"},\"inLanguage\":\"ht\",\"potentialAction\":[{\"@type\":\"ReadAction\",\"target\":[\"https:\\\/\\\/www.miamibeachfl.gov\\\/staff\\\/jason-greene\\\/\"]}]},{\"@type\":\"ImageObject\",\"inLanguage\":\"ht\",\"@id\":\"https:\\\/\\\/www.miamibeachfl.gov\\\/staff\\\/jason-greene\\\/#primaryimage\",\"url\":\"https:\\\/\\\/www.miamibeachfl.gov\\\/wp-content\\\/uploads\\\/2024\\\/09\\\/Jason-Greene-roundupdated.png\",\"contentUrl\":\"https:\\\/\\\/www.miamibeachfl.gov\\\/wp-content\\\/uploads\\\/2024\\\/09\\\/Jason-Greene-roundupdated.png\",\"width\":250,\"height\":250,\"caption\":\"Jason Greene\"},{\"@type\":\"BreadcrumbList\",\"@id\":\"https:\\\/\\\/www.miamibeachfl.gov\\\/staff\\\/jason-greene\\\/#breadcrumb\",\"itemListElement\":[{\"@type\":\"ListItem\",\"position\":1,\"name\":\"Home\",\"item\":\"https:\\\/\\\/www.miamibeachfl.gov\\\/\"},{\"@type\":\"ListItem\",\"position\":2,\"name\":\"Staff\",\"item\":\"https:\\\/\\\/www.miamibeachfl.gov\\\/staff\\\/\"},{\"@type\":\"ListItem\",\"position\":3,\"name\":\"Jason Greene Chief Financial Officer\"}]},{\"@type\":\"WebSite\",\"@id\":\"https:\\\/\\\/www.miamibeachfl.gov\\\/#website\",\"url\":\"https:\\\/\\\/www.miamibeachfl.gov\\\/\",\"name\":\"City of Miami Beach\",\"description\":\"The official website of the City of Miami Beach. Stay informed, find important information on city services, news, alerts, events, trolley routes, government employment and more.\",\"publisher\":{\"@id\":\"https:\\\/\\\/www.miamibeachfl.gov\\\/#organization\"},\"potentialAction\":[{\"@type\":\"SearchAction\",\"target\":{\"@type\":\"EntryPoint\",\"urlTemplate\":\"https:\\\/\\\/www.miamibeachfl.gov\\\/?s={search_term_string}\"},\"query-input\":{\"@type\":\"PropertyValueSpecification\",\"valueRequired\":true,\"valueName\":\"search_term_string\"}}],\"inLanguage\":\"ht\"},{\"@type\":\"Organization\",\"@id\":\"https:\\\/\\\/www.miamibeachfl.gov\\\/#organization\",\"name\":\"City of Miami Beach\",\"url\":\"https:\\\/\\\/www.miamibeachfl.gov\\\/\",\"logo\":{\"@type\":\"ImageObject\",\"inLanguage\":\"ht\",\"@id\":\"https:\\\/\\\/www.miamibeachfl.gov\\\/#\\\/schema\\\/logo\\\/image\\\/\",\"url\":\"https:\\\/\\\/www.miamibeachfl.gov\\\/wp-content\\\/uploads\\\/2022\\\/06\\\/miamibeach-logoblue.png\",\"contentUrl\":\"https:\\\/\\\/www.miamibeachfl.gov\\\/wp-content\\\/uploads\\\/2022\\\/06\\\/miamibeach-logoblue.png\",\"width\":1962,\"height\":381,\"caption\":\"City of Miami Beach\"},\"image\":{\"@id\":\"https:\\\/\\\/www.miamibeachfl.gov\\\/#\\\/schema\\\/logo\\\/image\\\/\"},\"sameAs\":[\"https:\\\/\\\/www.facebook.com\\\/cityofmiamibeach\",\"https:\\\/\\\/x.com\\\/Miamibeachnews\",\"https:\\\/\\\/www.instagram.com\\\/miamibeachnews\\\/\"],\"description\":\"The official website of the City of Miami Beach. Stay informed, find important information on city services, news, alerts, events, trolley routes, government employment and more.\",\"telephone\":\"305.604.CITY(2489)\",\"legalName\":\"City of Miami Beach\"}]}<\/script>\n<!-- \/ Yoast SEO Premium plugin. -->","yoast_head_json":{"title":"Jason Greene, Direkt\u00e8 Finansye - Vil Miami Beach","description":"Jason Greene, Direkt\u00e8 Finansye Vil Miami Beach","robots":{"index":"index","follow":"follow","max-snippet":"max-snippet:-1","max-image-preview":"max-image-preview:large","max-video-preview":"max-video-preview:-1"},"canonical":"https:\/\/www.miamibeachfl.gov\/ht\/staff\/jason-greene\/","og_locale":"ht_HT","og_type":"article","og_title":"Jason Greene Chief Financial Officer","og_description":"Jason Greene City of Miami Beach Chief Financial Officer","og_url":"https:\/\/www.miamibeachfl.gov\/ht\/staff\/jason-greene\/","og_site_name":"City of Miami Beach","article_publisher":"https:\/\/www.facebook.com\/cityofmiamibeach","article_modified_time":"2026-01-02T14:54:03+00:00","og_image":[{"width":250,"height":250,"url":"https:\/\/www.miamibeachfl.gov\/wp-content\/uploads\/2024\/09\/Jason-Greene-roundupdated.png","type":"image\/png"}],"twitter_card":"summary_large_image","twitter_site":"@Miamibeachnews","schema":{"@context":"https:\/\/schema.org","@graph":[{"@type":"WebPage","@id":"https:\/\/www.miamibeachfl.gov\/staff\/jason-greene\/","url":"https:\/\/www.miamibeachfl.gov\/staff\/jason-greene\/","name":"Jason Greene, Direkt\u00e8 Finansye - Vil Miami Beach","isPartOf":{"@id":"https:\/\/www.miamibeachfl.gov\/#website"},"primaryImageOfPage":{"@id":"https:\/\/www.miamibeachfl.gov\/staff\/jason-greene\/#primaryimage"},"image":{"@id":"https:\/\/www.miamibeachfl.gov\/staff\/jason-greene\/#primaryimage"},"thumbnailUrl":"https:\/\/www.miamibeachfl.gov\/wp-content\/uploads\/2024\/09\/Jason-Greene-roundupdated.png","datePublished":"2023-05-24T15:01:43+00:00","dateModified":"2026-01-02T14:54:03+00:00","description":"Jason Greene, Direkt\u00e8 Finansye Vil Miami Beach","breadcrumb":{"@id":"https:\/\/www.miamibeachfl.gov\/staff\/jason-greene\/#breadcrumb"},"inLanguage":"ht","potentialAction":[{"@type":"ReadAction","target":["https:\/\/www.miamibeachfl.gov\/staff\/jason-greene\/"]}]},{"@type":"ImageObject","inLanguage":"ht","@id":"https:\/\/www.miamibeachfl.gov\/staff\/jason-greene\/#primaryimage","url":"https:\/\/www.miamibeachfl.gov\/wp-content\/uploads\/2024\/09\/Jason-Greene-roundupdated.png","contentUrl":"https:\/\/www.miamibeachfl.gov\/wp-content\/uploads\/2024\/09\/Jason-Greene-roundupdated.png","width":250,"height":250,"caption":"Jason Greene"},{"@type":"BreadcrumbList","@id":"https:\/\/www.miamibeachfl.gov\/staff\/jason-greene\/#breadcrumb","itemListElement":[{"@type":"ListItem","position":1,"name":"Home","item":"https:\/\/www.miamibeachfl.gov\/"},{"@type":"ListItem","position":2,"name":"Staff","item":"https:\/\/www.miamibeachfl.gov\/staff\/"},{"@type":"ListItem","position":3,"name":"Jason Greene Chief Financial Officer"}]},{"@type":"WebSite","@id":"https:\/\/www.miamibeachfl.gov\/#website","url":"https:\/\/www.miamibeachfl.gov\/","name":"Vil Miami Beach","description":"Sitw\u00e8b ofisy\u00e8l Vil Miami Beach la. Rete enf\u00f2me, jwenn enf\u00f2masyon enp\u00f2tan sou s\u00e8vis vil la, nouv\u00e8l, al\u00e8t, ev\u00e8nman, wout tramway, travay gouv\u00e8nman an ak plis ank\u00f2.","publisher":{"@id":"https:\/\/www.miamibeachfl.gov\/#organization"},"potentialAction":[{"@type":"SearchAction","target":{"@type":"EntryPoint","urlTemplate":"https:\/\/www.miamibeachfl.gov\/?s={search_term_string}"},"query-input":{"@type":"PropertyValueSpecification","valueRequired":true,"valueName":"search_term_string"}}],"inLanguage":"ht"},{"@type":"Organization","@id":"https:\/\/www.miamibeachfl.gov\/#organization","name":"Vil Miami Beach","url":"https:\/\/www.miamibeachfl.gov\/","logo":{"@type":"ImageObject","inLanguage":"ht","@id":"https:\/\/www.miamibeachfl.gov\/#\/schema\/logo\/image\/","url":"https:\/\/www.miamibeachfl.gov\/wp-content\/uploads\/2022\/06\/miamibeach-logoblue.png","contentUrl":"https:\/\/www.miamibeachfl.gov\/wp-content\/uploads\/2022\/06\/miamibeach-logoblue.png","width":1962,"height":381,"caption":"City of Miami Beach"},"image":{"@id":"https:\/\/www.miamibeachfl.gov\/#\/schema\/logo\/image\/"},"sameAs":["https:\/\/www.facebook.com\/cityofmiamibeach","https:\/\/x.com\/Miamibeachnews","https:\/\/www.instagram.com\/miamibeachnews\/"],"description":"Sitw\u00e8b ofisy\u00e8l Vil Miami Beach la. Rete enf\u00f2me, jwenn enf\u00f2masyon enp\u00f2tan sou s\u00e8vis vil la, nouv\u00e8l, al\u00e8t, ev\u00e8nman, wout tramway, travay gouv\u00e8nman an ak plis ank\u00f2.","telephone":"305.604.CITY(2489)","legalName":"City of Miami Beach"}]}},"_links":{"self":[{"href":"https:\/\/www.miamibeachfl.gov\/ht\/wp-json\/wp\/v2\/pages\/261218","targetHints":{"allow":["GET"]}}],"collection":[{"href":"https:\/\/www.miamibeachfl.gov\/ht\/wp-json\/wp\/v2\/pages"}],"about":[{"href":"https:\/\/www.miamibeachfl.gov\/ht\/wp-json\/wp\/v2\/types\/page"}],"author":[{"embeddable":true,"href":"https:\/\/www.miamibeachfl.gov\/ht\/wp-json\/wp\/v2\/users\/222"}],"replies":[{"embeddable":true,"href":"https:\/\/www.miamibeachfl.gov\/ht\/wp-json\/wp\/v2\/comments?post=261218"}],"version-history":[{"count":2,"href":"https:\/\/www.miamibeachfl.gov\/ht\/wp-json\/wp\/v2\/pages\/261218\/revisions"}],"predecessor-version":[{"id":394401,"href":"https:\/\/www.miamibeachfl.gov\/ht\/wp-json\/wp\/v2\/pages\/261218\/revisions\/394401"}],"up":[{"embeddable":true,"href":"https:\/\/www.miamibeachfl.gov\/ht\/wp-json\/wp\/v2\/pages\/261112"}],"wp:featuredmedia":[{"embeddable":true,"href":"https:\/\/www.miamibeachfl.gov\/ht\/wp-json\/wp\/v2\/media\/340351"}],"wp:attachment":[{"href":"https:\/\/www.miamibeachfl.gov\/ht\/wp-json\/wp\/v2\/media?parent=261218"}],"wp:term":[{"taxonomy":"category","embeddable":true,"href":"https:\/\/www.miamibeachfl.gov\/ht\/wp-json\/wp\/v2\/categories?post=261218"},{"taxonomy":"post_tag","embeddable":true,"href":"https:\/\/www.miamibeachfl.gov\/ht\/wp-json\/wp\/v2\/tags?post=261218"}],"curies":[{"name":"wp","href":"https:\/\/api.w.org\/{rel}","templated":true}]}}