{"id":261599,"date":"2023-05-25T11:57:04","date_gmt":"2023-05-25T15:57:04","guid":{"rendered":"https:\/\/www.miamibeachfl.gov\/?page_id=261599"},"modified":"2025-06-02T22:17:07","modified_gmt":"2025-06-03T02:17:07","slug":"may-2023-business-spotlight-paving-the-way-to-success-in-the-digital-age-for-miami-beach","status":"publish","type":"page","link":"https:\/\/www.miamibeachfl.gov\/ht\/spotlight\/may-2023-business-spotlight-paving-the-way-to-success-in-the-digital-age-for-miami-beach\/","title":{"rendered":"Ouvri chemen pou siks\u00e8 nan ep\u00f2k dijital la pou Miami Beach"},"content":{"rendered":"<h5>\n\t\t<a href=\"https:\/\/www.miamibeachfl.gov\/ht\/mbbiznews\/\" title=\"Ab\u00f2ne isit la pou resevwa bilten biznis Vil la nan bwat resepsyon ou chak mwa.\"  target=\"_blank\"  rel=\"noopener\">\n\t\t\tAb\u00f2ne isit la pou resevwa bilten biznis Vil la nan bwat resepsyon ou chak mwa.\t\t<\/a>\n\t<\/h5>\n<h5>\n\t\t<a href=\"https:\/\/myemail.constantcontact.com\/Stay-connected-with-MB-Biz--.html?soid=1011085968389&#038;aid=S0mHBwwl4Fs\" title=\"Bilten Biznis\"  target=\"_blank\"  rel=\"noopener\">\n\t\t\tBilten Biznis\t\t<\/a>\n\t<\/h5>\n\t\t\t\t<img decoding=\"async\" src=\"https:\/\/www.miamibeachfl.gov\/wp-content\/uploads\/2023\/05\/Frank-Quintana.png\" alt=\"Frank Quintana\" itemprop=\"image\" title=\"Frank Quintana\" onerror=\"this.style.display='none'\" loading='lazy' \/>\n\t<p>Nan mond akty\u00e8l la ki santre sou teknoloji, w\u00f2l yon Direkt\u00e8 Enf\u00f2masyon (CIO) pa janm te pi enp\u00f2tan pase sa. Sa a patikily\u00e8man vre pou Vil Miami Beach pandan n ap f\u00e8 ef\u00f2 pou nou efikas, dirab, ak inovat\u00e8. Yon CIO det\u00e8mine, resousye, epi ki reyisi ka gen yon enpak sou si Miami Beach se yon kominote mod\u00e8n ak pwosp\u00e8 kont yon kominote k ap lite k ap eseye kenbe vit\u00e8s la. Miami Beach gen chans pou l gen Frank Quintana, yon lid\u00e8 pasyone, envantif, ak kreyatif nan premye liy teknoloji enf\u00f2masyon an.<\/p>\n<p>Frank te rantre nan Vil Miami Beach an Out 2014 epi li te s\u00e8vi k\u00f2m Direkt\u00e8 Divizyon Operasyon IT pandan senk ane anvan yo te monte l nan CIO. Frank responsab pou dirije inovasyon, planifikasyon estratejik epi sip\u00e8vize konsepsyon, lansman ak antretyen tout s\u00e8vis ak sist\u00e8m teknoloji yo. Av\u00e8k plis pase 23 ane eksperyans div\u00e8s nan nivo IT sipery\u00e8, nan sekt\u00e8 prive ak piblik la, ki gen ladan ti ak gwo k\u00f2porasyon, esp\u00f2 pwofesyon\u00e8l (Miami Dolphins), ak amizman (Hard Rock Stadium), Frank byen prepare pou jere ak sip\u00e8vize ekip IT 55 manm lan.<\/p>\n<p>K\u00f2m teknoloji ap vin yon pati enp\u00f2tan nan lavi chak jou nou, sitou apre pandemi an, ki te f\u00f2se nou adapte nou ak yon nouvo n\u00f2mal, teknoloji vity\u00e8l kounye a se yon bagay ki devan tout moun, k ap konekte ekip yo ak moun ki gen enter\u00e8, k ap f\u00e8 operasyon yo avanse, epi k ap amelyore pwodiktivite. Kidonk, w\u00f2l Direkt\u00e8 Enf\u00f2matik la vin pi enp\u00f2tan nan efikasite, estrateji, ak repons gouv\u00e8nman minisipal la.<\/p>\n<p>Yon temwayaj sou lid\u00e8chip Frank ak kapasite li pou kenbe Miami Beach dinamik ak mod\u00e8n, Depatman IT a te resevwa Pri Lid\u00e8chip Inovatif nan Jesyon Teknoloji Enf\u00f2masyon nan men Asosyasyon Sist\u00e8m Enf\u00f2masyon Gouv\u00e8nman Lokal Florid (FLGISA) 2022 pou kreye yon zouti resous done ouv\u00e8 platf\u00f2m orijinal pou kominote a. Zouti a p\u00e8m\u00e8t Pwogram Obligasyon Jeneral (GO Bond) la bay yon sit ent\u00e8n\u00e8t piblik ent\u00e8aktif, www.GOMBlnfo.com, yon fason transparan, ki rap\u00f2te tout etap ak eleman 57 pwoj\u00e8 &quot;kalite lavi&quot; an tan rey\u00e8l. Zouti a ap transf\u00f2me fason Miami Beach montre pwogr\u00e8 pwoj\u00e8 yo epi angaje ak manm kominote a.<\/p>\n<p>Kreye nouvo zouti se s\u00e8lman yon asp\u00e8 nan fason IT amelyore fason Vil Miami Beach bay kominote a s\u00e8vis li yo. Kominike ak f\u00e8 pwomosyon Vil Miami Beach k\u00f2m yon destinasyon ekselan pou f\u00e8 biznis, viv, travay ak detant se yon l\u00f2t bagay enp\u00f2tan. Pou f\u00e8 sa, Depatman IT a asosye av\u00e8k depatman yo pou pataje benefis Miami Beach yo, tankou patenarya av\u00e8k Depatman Devlopman Ekonomik nan eMerge Americas 2023, ki te f\u00e8t nan Sant Konvansyon Miami Beach soti 20 pou rive 21 avril 2023. Ekip yo te prezante yon... <em>F\u00e8 yon mouvman fonse<\/em> yon kabin ekspozisyon epi li te travay pou atire konpayi teknoloji ak fintech ak antrepren\u00e8 pou ouvri, demenaje ak\/oswa relokalize nan Miami Beach epi Depatman IT a te pataje done analitik ki eksplike, an tan rey\u00e8l, pw\u00f2pte vil la ak l\u00f2t kesyon sou kalite lavi.<\/p>\n<p>Dirije yon Depatman IT ki reyisi se yon defi epi Frank ak ekip li a prepare e pare \u2013 yo itilize resous yo, yo eksplore nouvo op\u00f2tinite ak zouti, epi yo entegre yon konsantrasyon sou kliyan nan chak eleman nan livrezon s\u00e8vis yo.<\/p>\n<p>Pou plis enf\u00f2masyon sou Depatman IT a, tanpri vizite: <strong><a href=\"https:\/\/www.miamibeachfl.gov\/ht\/city-hall\/information-technology\/\">https:\/\/www.miamibeachfl.gov\/city-hall\/information-technology\/<\/a><\/strong><\/p>","protected":false},"excerpt":{"rendered":"<p>Ab\u00f2ne isit la pou resevwa bilten biznis Vil la nan bwat resepsyon ou chak mwa. Bilten Biznis Nan mond akty\u00e8l la ki baze sou teknoloji, [\u2026]<\/p>","protected":false},"author":222,"featured_media":0,"parent":253255,"menu_order":0,"comment_status":"closed","ping_status":"closed","template":"","meta":{"_searchwp_excluded":"","site-sidebar-layout":"default","site-content-layout":"","ast-site-content-layout":"default","site-content-style":"default","site-sidebar-style":"default","ast-global-header-display":"","ast-banner-title-visibility":"","ast-main-header-display":"","ast-hfb-above-header-display":"","ast-hfb-below-header-display":"","ast-hfb-mobile-header-display":"","site-post-title":"","ast-breadcrumbs-content":"","ast-featured-img":"","footer-sml-layout":"","theme-transparent-header-meta":"","adv-header-id-meta":"","stick-header-meta":"","header-above-stick-meta":"","header-main-stick-meta":"","header-below-stick-meta":"","astra-migrate-meta-layouts":"default","ast-page-background-enabled":"default","ast-page-background-meta":{"desktop":{"background-color":"var(--ast-global-color-5)","background-image":"","background-repeat":"repeat","background-position":"center center","background-size":"auto","background-attachment":"scroll","background-type":"","background-media":"","overlay-type":"","overlay-color":"","overlay-opacity":"","overlay-gradient":""},"tablet":{"background-color":"","background-image":"","background-repeat":"repeat","background-position":"center center","background-size":"auto","background-attachment":"scroll","background-type":"","background-media":"","overlay-type":"","overlay-color":"","overlay-opacity":"","overlay-gradient":""},"mobile":{"background-color":"","background-image":"","background-repeat":"repeat","background-position":"center center","background-size":"auto","background-attachment":"scroll","background-type":"","background-media":"","overlay-type":"","overlay-color":"","overlay-opacity":"","overlay-gradient":""}},"ast-content-background-meta":{"desktop":{"background-color":"var(--ast-global-color-4)","background-image":"","background-repeat":"repeat","background-position":"center center","background-size":"auto","background-attachment":"scroll","background-type":"","background-media":"","overlay-type":"","overlay-color":"","overlay-opacity":"","overlay-gradient":""},"tablet":{"background-color":"var(--ast-global-color-4)","background-image":"","background-repeat":"repeat","background-position":"center center","background-size":"auto","background-attachment":"scroll","background-type":"","background-media":"","overlay-type":"","overlay-color":"","overlay-opacity":"","overlay-gradient":""},"mobile":{"background-color":"var(--ast-global-color-4)","background-image":"","background-repeat":"repeat","background-position":"center center","background-size":"auto","background-attachment":"scroll","background-type":"","background-media":"","overlay-type":"","overlay-color":"","overlay-opacity":"","overlay-gradient":""}},"footnotes":""},"categories":[],"tags":[],"class_list":["post-261599","page","type-page","status-publish","hentry"],"yoast_head":"<!-- This site is optimized with the Yoast SEO Premium plugin v26.6 (Yoast SEO v26.6) - https:\/\/yoast.com\/wordpress\/plugins\/seo\/ -->\n<title>Paving the Way to Success in the Digital Age for Miami Beach - City of Miami Beach<\/title>\n<meta name=\"description\" content=\"%\" \/>\n<meta name=\"robots\" content=\"index, follow, max-snippet:-1, max-image-preview:large, max-video-preview:-1\" \/>\n<link rel=\"canonical\" href=\"https:\/\/www.miamibeachfl.gov\/ht\/spotlight\/may-2023-business-spotlight-paving-the-way-to-success-in-the-digital-age-for-miami-beach\/\" \/>\n<meta property=\"og:locale\" content=\"ht_HT\" \/>\n<meta property=\"og:type\" content=\"article\" \/>\n<meta property=\"og:title\" content=\"Paving the Way to Success in the Digital Age for Miami Beach\" \/>\n<meta property=\"og:description\" content=\"%\" \/>\n<meta property=\"og:url\" content=\"https:\/\/www.miamibeachfl.gov\/ht\/spotlight\/may-2023-business-spotlight-paving-the-way-to-success-in-the-digital-age-for-miami-beach\/\" \/>\n<meta property=\"og:site_name\" content=\"City of Miami Beach\" \/>\n<meta property=\"article:publisher\" content=\"https:\/\/www.facebook.com\/cityofmiamibeach\" \/>\n<meta property=\"article:modified_time\" content=\"2025-06-03T02:17:07+00:00\" \/>\n<meta property=\"og:image\" content=\"https:\/\/www.miamibeachfl.gov\/wp-content\/uploads\/2023\/05\/Frank-Quintana.png\" \/>\n<meta name=\"twitter:card\" content=\"summary_large_image\" \/>\n<meta name=\"twitter:site\" content=\"@Miamibeachnews\" \/>\n<script type=\"application\/ld+json\" class=\"yoast-schema-graph\">{\"@context\":\"https:\/\/schema.org\",\"@graph\":[{\"@type\":\"WebPage\",\"@id\":\"https:\/\/www.miamibeachfl.gov\/spotlight\/may-2023-business-spotlight-paving-the-way-to-success-in-the-digital-age-for-miami-beach\/\",\"url\":\"https:\/\/www.miamibeachfl.gov\/spotlight\/may-2023-business-spotlight-paving-the-way-to-success-in-the-digital-age-for-miami-beach\/\",\"name\":\"Paving the Way to Success in the Digital Age for Miami Beach - City of Miami Beach\",\"isPartOf\":{\"@id\":\"https:\/\/www.miamibeachfl.gov\/#website\"},\"primaryImageOfPage\":{\"@id\":\"https:\/\/www.miamibeachfl.gov\/spotlight\/may-2023-business-spotlight-paving-the-way-to-success-in-the-digital-age-for-miami-beach\/#primaryimage\"},\"image\":{\"@id\":\"https:\/\/www.miamibeachfl.gov\/spotlight\/may-2023-business-spotlight-paving-the-way-to-success-in-the-digital-age-for-miami-beach\/#primaryimage\"},\"thumbnailUrl\":\"https:\/\/www.miamibeachfl.gov\/wp-content\/uploads\/2023\/05\/Frank-Quintana.png\",\"datePublished\":\"2023-05-25T15:57:04+00:00\",\"dateModified\":\"2025-06-03T02:17:07+00:00\",\"description\":\"%\",\"breadcrumb\":{\"@id\":\"https:\/\/www.miamibeachfl.gov\/spotlight\/may-2023-business-spotlight-paving-the-way-to-success-in-the-digital-age-for-miami-beach\/#breadcrumb\"},\"inLanguage\":\"ht\",\"potentialAction\":[{\"@type\":\"ReadAction\",\"target\":[\"https:\/\/www.miamibeachfl.gov\/spotlight\/may-2023-business-spotlight-paving-the-way-to-success-in-the-digital-age-for-miami-beach\/\"]}]},{\"@type\":\"ImageObject\",\"inLanguage\":\"ht\",\"@id\":\"https:\/\/www.miamibeachfl.gov\/spotlight\/may-2023-business-spotlight-paving-the-way-to-success-in-the-digital-age-for-miami-beach\/#primaryimage\",\"url\":\"https:\/\/www.miamibeachfl.gov\/wp-content\/uploads\/2023\/05\/Frank-Quintana.png\",\"contentUrl\":\"https:\/\/www.miamibeachfl.gov\/wp-content\/uploads\/2023\/05\/Frank-Quintana.png\"},{\"@type\":\"BreadcrumbList\",\"@id\":\"https:\/\/www.miamibeachfl.gov\/spotlight\/may-2023-business-spotlight-paving-the-way-to-success-in-the-digital-age-for-miami-beach\/#breadcrumb\",\"itemListElement\":[{\"@type\":\"ListItem\",\"position\":1,\"name\":\"Home\",\"item\":\"https:\/\/www.miamibeachfl.gov\/\"},{\"@type\":\"ListItem\",\"position\":2,\"name\":\"Business Newsletters and Spotlights\",\"item\":\"https:\/\/www.miamibeachfl.gov\/spotlight\/\"},{\"@type\":\"ListItem\",\"position\":3,\"name\":\"Paving the Way to Success in the Digital Age for Miami Beach\"}]},{\"@type\":\"WebSite\",\"@id\":\"https:\/\/www.miamibeachfl.gov\/#website\",\"url\":\"https:\/\/www.miamibeachfl.gov\/\",\"name\":\"City of Miami Beach\",\"description\":\"The official website of the City of Miami Beach. Stay informed, find important information on city services, news, alerts, events, trolley routes, government employment and more.\",\"publisher\":{\"@id\":\"https:\/\/www.miamibeachfl.gov\/#organization\"},\"potentialAction\":[{\"@type\":\"SearchAction\",\"target\":{\"@type\":\"EntryPoint\",\"urlTemplate\":\"https:\/\/www.miamibeachfl.gov\/?s={search_term_string}\"},\"query-input\":{\"@type\":\"PropertyValueSpecification\",\"valueRequired\":true,\"valueName\":\"search_term_string\"}}],\"inLanguage\":\"ht\"},{\"@type\":\"Organization\",\"@id\":\"https:\/\/www.miamibeachfl.gov\/#organization\",\"name\":\"City of Miami Beach\",\"url\":\"https:\/\/www.miamibeachfl.gov\/\",\"logo\":{\"@type\":\"ImageObject\",\"inLanguage\":\"ht\",\"@id\":\"https:\/\/www.miamibeachfl.gov\/#\/schema\/logo\/image\/\",\"url\":\"https:\/\/www.miamibeachfl.gov\/wp-content\/uploads\/2022\/06\/miamibeach-logoblue.png\",\"contentUrl\":\"https:\/\/www.miamibeachfl.gov\/wp-content\/uploads\/2022\/06\/miamibeach-logoblue.png\",\"width\":1962,\"height\":381,\"caption\":\"City of Miami Beach\"},\"image\":{\"@id\":\"https:\/\/www.miamibeachfl.gov\/#\/schema\/logo\/image\/\"},\"sameAs\":[\"https:\/\/www.facebook.com\/cityofmiamibeach\",\"https:\/\/x.com\/Miamibeachnews\",\"https:\/\/www.instagram.com\/miamibeachnews\/\"],\"description\":\"The official website of the City of Miami Beach. Stay informed, find important information on city services, news, alerts, events, trolley routes, government employment and more.\",\"telephone\":\"305.604.CITY(2489)\",\"legalName\":\"City of Miami Beach\"}]}<\/script>\n<!-- \/ Yoast SEO Premium plugin. -->","yoast_head_json":{"title":"Ouvri Chemen pou Siks\u00e8 nan Laj Dijital la pou Miami Beach - Vil Miami Beach","description":"%","robots":{"index":"index","follow":"follow","max-snippet":"max-snippet:-1","max-image-preview":"max-image-preview:large","max-video-preview":"max-video-preview:-1"},"canonical":"https:\/\/www.miamibeachfl.gov\/ht\/spotlight\/may-2023-business-spotlight-paving-the-way-to-success-in-the-digital-age-for-miami-beach\/","og_locale":"ht_HT","og_type":"article","og_title":"Paving the Way to Success in the Digital Age for Miami Beach","og_description":"%","og_url":"https:\/\/www.miamibeachfl.gov\/ht\/spotlight\/may-2023-business-spotlight-paving-the-way-to-success-in-the-digital-age-for-miami-beach\/","og_site_name":"City of Miami Beach","article_publisher":"https:\/\/www.facebook.com\/cityofmiamibeach","article_modified_time":"2025-06-03T02:17:07+00:00","og_image":[{"url":"https:\/\/www.miamibeachfl.gov\/wp-content\/uploads\/2023\/05\/Frank-Quintana.png","type":"","width":"","height":""}],"twitter_card":"summary_large_image","twitter_site":"@Miamibeachnews","schema":{"@context":"https:\/\/schema.org","@graph":[{"@type":"WebPage","@id":"https:\/\/www.miamibeachfl.gov\/spotlight\/may-2023-business-spotlight-paving-the-way-to-success-in-the-digital-age-for-miami-beach\/","url":"https:\/\/www.miamibeachfl.gov\/spotlight\/may-2023-business-spotlight-paving-the-way-to-success-in-the-digital-age-for-miami-beach\/","name":"Ouvri Chemen pou Siks\u00e8 nan Laj Dijital la pou Miami Beach - Vil Miami Beach","isPartOf":{"@id":"https:\/\/www.miamibeachfl.gov\/#website"},"primaryImageOfPage":{"@id":"https:\/\/www.miamibeachfl.gov\/spotlight\/may-2023-business-spotlight-paving-the-way-to-success-in-the-digital-age-for-miami-beach\/#primaryimage"},"image":{"@id":"https:\/\/www.miamibeachfl.gov\/spotlight\/may-2023-business-spotlight-paving-the-way-to-success-in-the-digital-age-for-miami-beach\/#primaryimage"},"thumbnailUrl":"https:\/\/www.miamibeachfl.gov\/wp-content\/uploads\/2023\/05\/Frank-Quintana.png","datePublished":"2023-05-25T15:57:04+00:00","dateModified":"2025-06-03T02:17:07+00:00","description":"%","breadcrumb":{"@id":"https:\/\/www.miamibeachfl.gov\/spotlight\/may-2023-business-spotlight-paving-the-way-to-success-in-the-digital-age-for-miami-beach\/#breadcrumb"},"inLanguage":"ht","potentialAction":[{"@type":"ReadAction","target":["https:\/\/www.miamibeachfl.gov\/spotlight\/may-2023-business-spotlight-paving-the-way-to-success-in-the-digital-age-for-miami-beach\/"]}]},{"@type":"ImageObject","inLanguage":"ht","@id":"https:\/\/www.miamibeachfl.gov\/spotlight\/may-2023-business-spotlight-paving-the-way-to-success-in-the-digital-age-for-miami-beach\/#primaryimage","url":"https:\/\/www.miamibeachfl.gov\/wp-content\/uploads\/2023\/05\/Frank-Quintana.png","contentUrl":"https:\/\/www.miamibeachfl.gov\/wp-content\/uploads\/2023\/05\/Frank-Quintana.png"},{"@type":"BreadcrumbList","@id":"https:\/\/www.miamibeachfl.gov\/spotlight\/may-2023-business-spotlight-paving-the-way-to-success-in-the-digital-age-for-miami-beach\/#breadcrumb","itemListElement":[{"@type":"ListItem","position":1,"name":"Home","item":"https:\/\/www.miamibeachfl.gov\/"},{"@type":"ListItem","position":2,"name":"Business Newsletters and Spotlights","item":"https:\/\/www.miamibeachfl.gov\/spotlight\/"},{"@type":"ListItem","position":3,"name":"Paving the Way to Success in the Digital Age for Miami Beach"}]},{"@type":"WebSite","@id":"https:\/\/www.miamibeachfl.gov\/#website","url":"https:\/\/www.miamibeachfl.gov\/","name":"Vil Miami Beach","description":"Sitw\u00e8b ofisy\u00e8l Vil Miami Beach la. Rete enf\u00f2me, jwenn enf\u00f2masyon enp\u00f2tan sou s\u00e8vis vil la, nouv\u00e8l, al\u00e8t, ev\u00e8nman, wout tramway, travay gouv\u00e8nman an ak plis ank\u00f2.","publisher":{"@id":"https:\/\/www.miamibeachfl.gov\/#organization"},"potentialAction":[{"@type":"SearchAction","target":{"@type":"EntryPoint","urlTemplate":"https:\/\/www.miamibeachfl.gov\/?s={search_term_string}"},"query-input":{"@type":"PropertyValueSpecification","valueRequired":true,"valueName":"search_term_string"}}],"inLanguage":"ht"},{"@type":"Organization","@id":"https:\/\/www.miamibeachfl.gov\/#organization","name":"Vil Miami Beach","url":"https:\/\/www.miamibeachfl.gov\/","logo":{"@type":"ImageObject","inLanguage":"ht","@id":"https:\/\/www.miamibeachfl.gov\/#\/schema\/logo\/image\/","url":"https:\/\/www.miamibeachfl.gov\/wp-content\/uploads\/2022\/06\/miamibeach-logoblue.png","contentUrl":"https:\/\/www.miamibeachfl.gov\/wp-content\/uploads\/2022\/06\/miamibeach-logoblue.png","width":1962,"height":381,"caption":"City of Miami Beach"},"image":{"@id":"https:\/\/www.miamibeachfl.gov\/#\/schema\/logo\/image\/"},"sameAs":["https:\/\/www.facebook.com\/cityofmiamibeach","https:\/\/x.com\/Miamibeachnews","https:\/\/www.instagram.com\/miamibeachnews\/"],"description":"Sitw\u00e8b ofisy\u00e8l Vil Miami Beach la. Rete enf\u00f2me, jwenn enf\u00f2masyon enp\u00f2tan sou s\u00e8vis vil la, nouv\u00e8l, al\u00e8t, ev\u00e8nman, wout tramway, travay gouv\u00e8nman an ak plis ank\u00f2.","telephone":"305.604.CITY(2489)","legalName":"City of Miami Beach"}]}},"_links":{"self":[{"href":"https:\/\/www.miamibeachfl.gov\/ht\/wp-json\/wp\/v2\/pages\/261599","targetHints":{"allow":["GET"]}}],"collection":[{"href":"https:\/\/www.miamibeachfl.gov\/ht\/wp-json\/wp\/v2\/pages"}],"about":[{"href":"https:\/\/www.miamibeachfl.gov\/ht\/wp-json\/wp\/v2\/types\/page"}],"author":[{"embeddable":true,"href":"https:\/\/www.miamibeachfl.gov\/ht\/wp-json\/wp\/v2\/users\/222"}],"replies":[{"embeddable":true,"href":"https:\/\/www.miamibeachfl.gov\/ht\/wp-json\/wp\/v2\/comments?post=261599"}],"version-history":[{"count":0,"href":"https:\/\/www.miamibeachfl.gov\/ht\/wp-json\/wp\/v2\/pages\/261599\/revisions"}],"up":[{"embeddable":true,"href":"https:\/\/www.miamibeachfl.gov\/ht\/wp-json\/wp\/v2\/pages\/253255"}],"wp:attachment":[{"href":"https:\/\/www.miamibeachfl.gov\/ht\/wp-json\/wp\/v2\/media?parent=261599"}],"wp:term":[{"taxonomy":"category","embeddable":true,"href":"https:\/\/www.miamibeachfl.gov\/ht\/wp-json\/wp\/v2\/categories?post=261599"},{"taxonomy":"post_tag","embeddable":true,"href":"https:\/\/www.miamibeachfl.gov\/ht\/wp-json\/wp\/v2\/tags?post=261599"}],"curies":[{"name":"wp","href":"https:\/\/api.w.org\/{rel}","templated":true}]}}