{"id":262483,"date":"2023-05-31T08:29:45","date_gmt":"2023-05-31T12:29:45","guid":{"rendered":"https:\/\/www.miamibeachfl.gov\/?page_id=262483"},"modified":"2026-04-08T14:43:32","modified_gmt":"2026-04-08T18:43:32","slug":"beachconditions","status":"publish","type":"page","link":"https:\/\/www.miamibeachfl.gov\/ht\/egovapp\/beachconditions\/","title":{"rendered":"Kondisyon plaj yo"},"content":{"rendered":"<iframe\n    src=\"https:\/\/www.miamibeachfl.gov\/city-hall\/fire\/ocean-rescue\/currentbeachconditions\/\"\n    width=\"100%\" \n    height=\"800\" \n    loading=\"lazy\"\n    referrerpolicy=\"no-referrer-when-downgrade\">\n<\/iframe>\n\t\t\t\t\t\t<h2>Aprann sou alg maren<\/h2>\n\t\t\t<p>Ou ka remake yon pi gwo afli sargassum (alg) sou litoral nou an. Vil la kontinye kow\u00f2done ak Pak Konte Miami-Dade pou retire alg anplis sou plaj nou yo san danje. Ekip netwayaj yo opere chak jou pou kolekte, retire, koupe, epi vire alg ki akimile sou liy dlo a atrav\u00e8 plaj 7.5 mil nou an. <strong>Tanpri evite bloke trakt\u00e8 k ap deplase yo pandan netwayaj la pou yo ka byen retire sargassum yo.<\/strong><\/p>\n<p>Anvan yo itilize machin lou yo, yon ekip f\u00e8 sondaj chak maten pou w\u00e8 si gen nich ak ti t\u00f2ti lanm\u00e8. Yon fwa sondaj la fini, ekip operasyon plaj yo kontinye netwaye plaj la jiskaske sol\u00e8y kouche, k\u00e8lkeswa kondisyon mare yo.<\/p>\n<p><strong>Poukisa yo pa ka retire sargassum nan dlo a anvan li rive sou rivaj la?<\/strong><br \/>R\u00e8gleman anviw\u00f2nman konte, eta ak federal ent\u00e8di retire alg nan dlo a anvan yo rive sou rivaj la.<\/p>\n<p><strong>\u00c8ske li danjere pou moun ki ale b\u00f2 lanm\u00e8?<br \/><\/strong>Dapre Depatman Sante Florid la, pandan sargassum ap dekonpoze, li degaje yon sibstans yo rele idwoj\u00e8n silfid. Idwoj\u00e8n silfid gen yon od\u00e8 tr\u00e8 dezagreyab, tankou ze pouri. Malgre ke alg la li menm pa ka f\u00e8 moun mal, ti b\u00e8t lanm\u00e8 ki viv nan sargassum ka lak\u00f2z grat\u00e8l ak anpoul. Idwoj\u00e8n silfid kapab irite je yo, nen an ak g\u00f2j la tou. Si ou gen opresyon oswa l\u00f2t maladi respiratwa, ou pral pi sansib a sent\u00f2m sa yo. Sepandan, nivo idwoj\u00e8n silfid nan yon z\u00f2n tankou plaj la, ak gwo kantite l\u00e8 k ap koule, pa espere danjere pou sante.<\/p>\n<p><strong>Ki benefis sargassum yo genyen?<\/strong><br \/>Sargassum bay yon abita esansy\u00e8l pou anpil esp\u00e8s maren, tankou t\u00f2ti lanm\u00e8 ki an danje, ki, l\u00e8 yo kale sou plaj nou yo, yo pran wout pou yo al jwenn sargassum pou yo pase ane j\u00e8n yo ap manje epi grandi nan mitan tapi alg yo. Li enp\u00f2tan tou pou estabilite litoral la. Li bay eleman nitritif tou pou litoral la epi li ka ranplir z\u00f2n ki soufri ewozyon plaj ak\u00f2z sikl\u00f2n ak tanp\u00e8t, kidonk ede kenbe litoral nou yo rezistan.<\/p>\n<p>Tanpri <a title=\"https:\/\/r20.rs6.net\/tn.jsp?f=001JjPU-KtFR1x1PC6ssWZl-scFOXSLcid6WC0Af5nkpIe2ENC7883I6lJcOEeZ2JcTFcuar9VAmxmVeVd9woacfsTYlXK09vq13XaX_f45h6-J_IG29TdLr-iDCthlbilwUaAgdsa4h31Jjgpt1hPBf13sfgXunpT3vLG-280LCrH71ZQkK3We9SHZh-DGUja6xXRJzDAWnbKHZW5oHjestVfG9UXfwHA9&amp;c=U5I9EB6Ge-F4lleREzyr3hve6AlRI1x3ZTSTSjgWOgB5Wf3QQ3ZmtQ==&amp;ch=ALa2PyVOGPM-M5fXMaDfKTQEYd_DJEeXQjr4ejCmBwEp7IxjfG-oPw==\" href=\"https:\/\/www.miamidade.gov\/global\/recreation\/sargassum.page\" target=\"_blank\" rel=\"noopener\"><b>klike la a<\/b><\/a> pou li plis enf\u00f2masyon nan Konte Miami-Dade<\/p>\n<h2>\n\t\t\tAprann plis bagay sou &quot;Sargassum&quot; nan gade videyo ki anba a:\t<\/h2>\n\t<meta itemprop=\"name\" content=\"Learn About Seaweed\" \/><meta itemprop=\"description\" content=\"Video about sargassum in Miami Beach\" \/><meta itemprop=\"uploadDate\" content=\"2025-07-07T10:00-04:00\" \/><meta itemprop=\"thumbnailUrl\" content=\"https:\/\/www.miamibeachfl.gov\/wp-content\/uploads\/2025\/04\/OceanRescue-seaweedicon.png\" \/><meta itemprop=\"contentUrl\" content=\"https:\/\/miamibeach.wistia.com\/medias\/2a626mdbg7\" \/><meta itemprop=\"embedUrl\" content=\"https:\/\/miamibeach.wistia.com\/medias\/2a626mdbg7\" \/>\t\n\t<iframe allowfullscreen allow=\"autoplay\" data-src=\"https:\/\/fast.wistia.net\/embed\/iframe\/2a626mdbg7?controlsVisibleOnLoad=true&amp;muted=0&amp;playerColor&amp;copyLinkAndThumbnailEnabled=false\" title=\"Aprann sou alg\"><\/iframe>\t\t\n\t\t\t\t\tJwe Videyo\n\t\t\t\t\t\t<h2>Aprann sou kouran Rip yo<\/h2>\n\t\t\t<p><b>K. Kisa yon &quot;kouran dechire&quot; ye?<\/b><br \/>Yon kouran dechire se yon kouran ki ale nan direksyon lanm\u00e8. Li koze pa yon kantite dlo tw\u00f2p ki antre andedan yon ban sab kote vag yo kraze sou rivaj la. Akimilasyon dlo sa a vin pi wo pase nivo lanm\u00e8 a epi li koule nan direksyon lanm\u00e8 a nan z\u00f2n ki pi fon nan ban sab la kote vag yo pa kraze sou rivaj la.<\/p>\n<p>Kouran dlo yo vizib depi sou rivaj la. Gen plizy\u00e8 &quot;siy&quot; ki montre yo egziste. Ch\u00e8che endikat\u00e8 sa yo pou det\u00e8mine kote yo ye a:<b>Z\u00f2n ki gen koul\u00e8 sab.<\/b>\u00a0Sa endike ke yon kouran dechisman ap f\u00f2me l\u00e8 sab ki anba a ap &quot;lave&quot; pandan dlo a ap koule nan direksyon lanm\u00e8.\u00a0<b>Dlo ki gen koul\u00e8 fonse.<\/b>\u00a0Sa defini z\u00f2n ki pi fon yo. Fant dlo ki pi fonse yo endike kote kouran dlo yo deja f\u00f2me.\u00a0<b>Yon liy alg, kim, ak\/oswa debri k ap pwolonje nan direksyon lanm\u00e8.<\/b>\u00a0W&#039;ap temwen bagay yo pote sou ban sab la pandan vag yo ap retounen nan lanm\u00e8 ak kouran an.\u00a0<b>Yon z\u00f2n ki gen vag konfizyon.<\/b>\u00a0Z\u00f2n ajite sa a sanble ak dlo sifas ki andedan yon machin lave. Kouran dlo yo pa toujou fasil pou yon moun ki pa antrene. Yon sov\u00e8 oseyan ki gen eksperyans ki gen yon pwen de vi ki wo ap konnen ki kote kouran dlo yo ye. Sa ede yo dirije moun k ap benyen yo lwen z\u00f2n danjere sa yo. Toujou naje nan yon z\u00f2n ki gen gad.<\/p>\n<p><b>K. Kil\u00e8 li fezab pou kouran dlo tounen egziste sou plaj yo?<\/b><br \/>Nenp\u00f2t l\u00e8 vag yo ap &quot;kraze&quot; nan direksyon rivaj la, volim dlo sa a dwe koule tounen nan lanm\u00e8 a pa gravite. Yon &quot;<b>vag k ap kraze<\/b>&quot;se yon vag kote dlo (ki gen aparans blan) ap deplase fizikman nan direksyon rivaj la. Li koze pa dlo k ap deb\u00f2de oswa k ap plonje sou fas vag yo. Yon &quot;<b>anfle<\/b>&quot;Nan l\u00f2t men an, se s\u00e8lman yon f\u00f2m en\u00e8ji vag; sa vle di, dlo k ap deplase sou yon plan v\u00e8tikal (monte ak desann) olye pou l avanse. Yon vag ka vin tounen yon vag k ap kraze l\u00e8 li rive nan dlo ki pa tw\u00f2 fon.<\/p>\n<p>Pif\u00f2 vag yo f\u00f2me ak f\u00f2s van kont dlo a. Pafwa vag yo vwayaje plizy\u00e8 milye kilom\u00e8t sou lanm\u00e8 ouv\u00e8 ak\u00f2z tanp\u00e8t yo. Anjeneral, sepandan, se van lokal yo ki lak\u00f2z vag sou rivaj nou yo.\u00a0<b>Se pout\u00e8t sa, yon moun ka espere kouran dlo nan jou ki gen gwo van sou t\u00e8.<\/b>.<\/p>\n<p><b>K. Kijan yon moun ki pran nan yon kouran dlo ta ka libere t\u00e8t li?<\/b><br \/>Kouran dlo yo ka vin ase f\u00f2 pou rale pi bon naj\u00e8 yo nan lanm\u00e8. Pi bon met\u00f2d pou chape se naje sou kote pou evite f\u00f2s kouran an, apresa naje rive sou rivaj la epi kite vag yo pouse w sou rivaj la. Li enp\u00f2tan pou w deplase yon distans konsiderab lwen kouran dlo a pou w pa retounen nan li nan kouran lateral la (paral\u00e8l ak rivaj la).<br \/>Menm av\u00e8k konesans sa a, li ka pa osi senp jan li sanble. Pou pw\u00f2p sekirite ou, li pi bon pou naje toupre yon kan sovtaj.<\/p>\n<p><a title=\"Lyen pou S\u00e8vis Metewolojik Nasyonal la\" href=\"http:\/\/www.ripcurrents.noaa.gov\/forecasts.shtml\" target=\"_blank\" rel=\"noopener\"><b>S\u00e8vis Metewolojik Nasyonal \u2013 Sekirite kont Kouran Rip<\/b><\/a><br \/><b><a title=\"Asosyasyon Sovtaj Etazini\" href=\"http:\/\/www.usla.org\/\" target=\"_blank\" rel=\"noopener\">Asosyasyon Sovtaj Etazini<\/a>\u00a0<\/b><\/p>\n<p><img loading=\"lazy\" decoding=\"async\" src=\"https:\/\/www.miamibeachfl.gov\/wp-content\/uploads\/2023\/05\/Rip_Currents_graphic-scaled.jpg\" alt=\"Rip Current Diagram\" width=\"2560\" height=\"1599\" \/><\/p>\n<h2>\n\t\t\tGade videyo &quot;Animasyon Sekirite Kouran Rip&quot; S\u00e8vis Metewolojik Nasyonal la:\t<\/h2>\n\t\t\t<meta itemprop=\"name\" content=\"Learn about rip currents\" \/><meta itemprop=\"description\" content=\"Watch the National Weather Service Rip Current Safety Video\" \/><meta itemprop=\"uploadDate\" content=\"2025-07-07\" \/><meta itemprop=\"thumbnailUrl\" content=\"https:\/\/www.miamibeachfl.gov\/wp-content\/uploads\/2023\/05\/Rip_Currents_graphic-scaled.jpg\" \/><meta itemprop=\"contentUrl\" content=\"https:\/\/www.youtube.com\/watch?v=i9rk3brkHew\" \/><meta itemprop=\"embedUrl\" content=\"https:\/\/www.youtube.com\/watch?v=i9rk3brkHew\" \/>\t\t\t\t\t\t\t\t\t\n\t\t\t\t\t<img decoding=\"async\" src=\"https:\/\/i.ytimg.com\/vi\/i9rk3brkHew\/maxresdefault.jpg\" alt=\"youtube-video-thumbnail\"\/>","protected":false},"excerpt":{"rendered":"<p>Learn About Seaweed You may notice a heavier influx of sargassum (seaweed) along our shoreline. The city continues to coordinate [&hellip;]<\/p>\n","protected":false},"author":222,"featured_media":0,"parent":260953,"menu_order":35,"comment_status":"closed","ping_status":"closed","template":"","meta":{"_searchwp_excluded":"1","site-sidebar-layout":"default","site-content-layout":"","ast-site-content-layout":"","site-content-style":"default","site-sidebar-style":"default","ast-global-header-display":"","ast-banner-title-visibility":"","ast-main-header-display":"disabled","ast-hfb-above-header-display":"","ast-hfb-below-header-display":"disabled","ast-hfb-mobile-header-display":"","site-post-title":"","ast-breadcrumbs-content":"","ast-featured-img":"","footer-sml-layout":"","theme-transparent-header-meta":"","adv-header-id-meta":"","stick-header-meta":"","header-above-stick-meta":"","header-main-stick-meta":"","header-below-stick-meta":"","astra-migrate-meta-layouts":"default","ast-page-background-enabled":"default","ast-page-background-meta":{"desktop":{"background-color":"var(--ast-global-color-5)","background-image":"","background-repeat":"repeat","background-position":"center center","background-size":"auto","background-attachment":"scroll","background-type":"","background-media":"","overlay-type":"","overlay-color":"","overlay-opacity":"","overlay-gradient":""},"tablet":{"background-color":"","background-image":"","background-repeat":"repeat","background-position":"center center","background-size":"auto","background-attachment":"scroll","background-type":"","background-media":"","overlay-type":"","overlay-color":"","overlay-opacity":"","overlay-gradient":""},"mobile":{"background-color":"","background-image":"","background-repeat":"repeat","background-position":"center center","background-size":"auto","background-attachment":"scroll","background-type":"","background-media":"","overlay-type":"","overlay-color":"","overlay-opacity":"","overlay-gradient":""}},"ast-content-background-meta":{"desktop":{"background-color":"var(--ast-global-color-4)","background-image":"","background-repeat":"repeat","background-position":"center center","background-size":"auto","background-attachment":"scroll","background-type":"","background-media":"","overlay-type":"","overlay-color":"","overlay-opacity":"","overlay-gradient":""},"tablet":{"background-color":"var(--ast-global-color-4)","background-image":"","background-repeat":"repeat","background-position":"center center","background-size":"auto","background-attachment":"scroll","background-type":"","background-media":"","overlay-type":"","overlay-color":"","overlay-opacity":"","overlay-gradient":""},"mobile":{"background-color":"var(--ast-global-color-4)","background-image":"","background-repeat":"repeat","background-position":"center center","background-size":"auto","background-attachment":"scroll","background-type":"","background-media":"","overlay-type":"","overlay-color":"","overlay-opacity":"","overlay-gradient":""}},"footnotes":""},"categories":[],"tags":[1002],"class_list":["post-262483","page","type-page","status-publish","hentry","tag-app-egov-page"],"yoast_head":"<!-- This site is optimized with the Yoast SEO Premium plugin v27.4 (Yoast SEO v27.4) - https:\/\/yoast.com\/product\/yoast-seo-premium-wordpress\/ -->\n<title>Beach Conditions - City of Miami Beach<\/title>\n<meta name=\"description\" content=\"%\" \/>\n<meta name=\"robots\" content=\"index, follow, max-snippet:-1, max-image-preview:large, max-video-preview:-1\" \/>\n<link rel=\"canonical\" href=\"https:\/\/www.miamibeachfl.gov\/ht\/egovapp\/beachconditions\/\" \/>\n<meta property=\"og:locale\" content=\"ht_HT\" \/>\n<meta property=\"og:type\" content=\"article\" \/>\n<meta property=\"og:title\" content=\"Beach Conditions\" \/>\n<meta property=\"og:description\" content=\"%\" \/>\n<meta property=\"og:url\" content=\"https:\/\/www.miamibeachfl.gov\/ht\/egovapp\/beachconditions\/\" \/>\n<meta property=\"og:site_name\" content=\"City of Miami Beach\" \/>\n<meta property=\"article:publisher\" content=\"https:\/\/www.facebook.com\/cityofmiamibeach\" \/>\n<meta property=\"article:modified_time\" content=\"2026-04-08T18:43:32+00:00\" \/>\n<meta property=\"og:image\" content=\"https:\/\/www.miamibeachfl.gov\/wp-content\/uploads\/2023\/05\/Rip_Currents_graphic-scaled.jpg\" \/>\n<meta name=\"twitter:card\" content=\"summary_large_image\" \/>\n<meta name=\"twitter:site\" content=\"@Miamibeachnews\" \/>\n<script type=\"application\/ld+json\" class=\"yoast-schema-graph\">{\"@context\":\"https:\\\/\\\/schema.org\",\"@graph\":[{\"@type\":\"WebPage\",\"@id\":\"https:\\\/\\\/www.miamibeachfl.gov\\\/egovapp\\\/beachconditions\\\/\",\"url\":\"https:\\\/\\\/www.miamibeachfl.gov\\\/egovapp\\\/beachconditions\\\/\",\"name\":\"Beach Conditions - City of Miami Beach\",\"isPartOf\":{\"@id\":\"https:\\\/\\\/www.miamibeachfl.gov\\\/#website\"},\"primaryImageOfPage\":{\"@id\":\"https:\\\/\\\/www.miamibeachfl.gov\\\/egovapp\\\/beachconditions\\\/#primaryimage\"},\"image\":{\"@id\":\"https:\\\/\\\/www.miamibeachfl.gov\\\/egovapp\\\/beachconditions\\\/#primaryimage\"},\"thumbnailUrl\":\"https:\\\/\\\/www.miamibeachfl.gov\\\/wp-content\\\/uploads\\\/2023\\\/05\\\/Rip_Currents_graphic-scaled.jpg\",\"datePublished\":\"2023-05-31T12:29:45+00:00\",\"dateModified\":\"2026-04-08T18:43:32+00:00\",\"description\":\"%\",\"breadcrumb\":{\"@id\":\"https:\\\/\\\/www.miamibeachfl.gov\\\/egovapp\\\/beachconditions\\\/#breadcrumb\"},\"inLanguage\":\"ht\",\"potentialAction\":[{\"@type\":\"ReadAction\",\"target\":[\"https:\\\/\\\/www.miamibeachfl.gov\\\/egovapp\\\/beachconditions\\\/\"]}]},{\"@type\":\"ImageObject\",\"inLanguage\":\"ht\",\"@id\":\"https:\\\/\\\/www.miamibeachfl.gov\\\/egovapp\\\/beachconditions\\\/#primaryimage\",\"url\":\"https:\\\/\\\/www.miamibeachfl.gov\\\/wp-content\\\/uploads\\\/2023\\\/05\\\/Rip_Currents_graphic-scaled.jpg\",\"contentUrl\":\"https:\\\/\\\/www.miamibeachfl.gov\\\/wp-content\\\/uploads\\\/2023\\\/05\\\/Rip_Currents_graphic-scaled.jpg\"},{\"@type\":\"BreadcrumbList\",\"@id\":\"https:\\\/\\\/www.miamibeachfl.gov\\\/egovapp\\\/beachconditions\\\/#breadcrumb\",\"itemListElement\":[{\"@type\":\"ListItem\",\"position\":1,\"name\":\"Home\",\"item\":\"https:\\\/\\\/www.miamibeachfl.gov\\\/\"},{\"@type\":\"ListItem\",\"position\":2,\"name\":\"MobileAppPages\",\"item\":\"https:\\\/\\\/www.miamibeachfl.gov\\\/egovapp\\\/\"},{\"@type\":\"ListItem\",\"position\":3,\"name\":\"Beach Conditions\"}]},{\"@type\":\"WebSite\",\"@id\":\"https:\\\/\\\/www.miamibeachfl.gov\\\/#website\",\"url\":\"https:\\\/\\\/www.miamibeachfl.gov\\\/\",\"name\":\"City of Miami Beach\",\"description\":\"The official website of the City of Miami Beach. Stay informed, find important information on city services, news, alerts, events, trolley routes, government employment and more.\",\"publisher\":{\"@id\":\"https:\\\/\\\/www.miamibeachfl.gov\\\/#organization\"},\"potentialAction\":[{\"@type\":\"SearchAction\",\"target\":{\"@type\":\"EntryPoint\",\"urlTemplate\":\"https:\\\/\\\/www.miamibeachfl.gov\\\/?s={search_term_string}\"},\"query-input\":{\"@type\":\"PropertyValueSpecification\",\"valueRequired\":true,\"valueName\":\"search_term_string\"}}],\"inLanguage\":\"ht\"},{\"@type\":\"Organization\",\"@id\":\"https:\\\/\\\/www.miamibeachfl.gov\\\/#organization\",\"name\":\"City of Miami Beach\",\"url\":\"https:\\\/\\\/www.miamibeachfl.gov\\\/\",\"logo\":{\"@type\":\"ImageObject\",\"inLanguage\":\"ht\",\"@id\":\"https:\\\/\\\/www.miamibeachfl.gov\\\/#\\\/schema\\\/logo\\\/image\\\/\",\"url\":\"https:\\\/\\\/www.miamibeachfl.gov\\\/wp-content\\\/uploads\\\/2022\\\/06\\\/miamibeach-logoblue.png\",\"contentUrl\":\"https:\\\/\\\/www.miamibeachfl.gov\\\/wp-content\\\/uploads\\\/2022\\\/06\\\/miamibeach-logoblue.png\",\"width\":1962,\"height\":381,\"caption\":\"City of Miami Beach\"},\"image\":{\"@id\":\"https:\\\/\\\/www.miamibeachfl.gov\\\/#\\\/schema\\\/logo\\\/image\\\/\"},\"sameAs\":[\"https:\\\/\\\/www.facebook.com\\\/cityofmiamibeach\",\"https:\\\/\\\/x.com\\\/Miamibeachnews\",\"https:\\\/\\\/www.instagram.com\\\/miamibeachnews\\\/\"],\"description\":\"The official website of the City of Miami Beach. Stay informed, find important information on city services, news, alerts, events, trolley routes, government employment and more.\",\"telephone\":\"305.604.CITY(2489)\",\"legalName\":\"City of Miami Beach\"}]}<\/script>\n<!-- \/ Yoast SEO Premium plugin. -->","yoast_head_json":{"title":"Kondisyon plaj yo - Vil Miami Beach","description":"%","robots":{"index":"index","follow":"follow","max-snippet":"max-snippet:-1","max-image-preview":"max-image-preview:large","max-video-preview":"max-video-preview:-1"},"canonical":"https:\/\/www.miamibeachfl.gov\/ht\/egovapp\/beachconditions\/","og_locale":"ht_HT","og_type":"article","og_title":"Beach Conditions","og_description":"%","og_url":"https:\/\/www.miamibeachfl.gov\/ht\/egovapp\/beachconditions\/","og_site_name":"City of Miami Beach","article_publisher":"https:\/\/www.facebook.com\/cityofmiamibeach","article_modified_time":"2026-04-08T18:43:32+00:00","og_image":[{"url":"https:\/\/www.miamibeachfl.gov\/wp-content\/uploads\/2023\/05\/Rip_Currents_graphic-scaled.jpg","type":"","width":"","height":""}],"twitter_card":"summary_large_image","twitter_site":"@Miamibeachnews","schema":{"@context":"https:\/\/schema.org","@graph":[{"@type":"WebPage","@id":"https:\/\/www.miamibeachfl.gov\/egovapp\/beachconditions\/","url":"https:\/\/www.miamibeachfl.gov\/egovapp\/beachconditions\/","name":"Kondisyon plaj yo - Vil Miami Beach","isPartOf":{"@id":"https:\/\/www.miamibeachfl.gov\/#website"},"primaryImageOfPage":{"@id":"https:\/\/www.miamibeachfl.gov\/egovapp\/beachconditions\/#primaryimage"},"image":{"@id":"https:\/\/www.miamibeachfl.gov\/egovapp\/beachconditions\/#primaryimage"},"thumbnailUrl":"https:\/\/www.miamibeachfl.gov\/wp-content\/uploads\/2023\/05\/Rip_Currents_graphic-scaled.jpg","datePublished":"2023-05-31T12:29:45+00:00","dateModified":"2026-04-08T18:43:32+00:00","description":"%","breadcrumb":{"@id":"https:\/\/www.miamibeachfl.gov\/egovapp\/beachconditions\/#breadcrumb"},"inLanguage":"ht","potentialAction":[{"@type":"ReadAction","target":["https:\/\/www.miamibeachfl.gov\/egovapp\/beachconditions\/"]}]},{"@type":"ImageObject","inLanguage":"ht","@id":"https:\/\/www.miamibeachfl.gov\/egovapp\/beachconditions\/#primaryimage","url":"https:\/\/www.miamibeachfl.gov\/wp-content\/uploads\/2023\/05\/Rip_Currents_graphic-scaled.jpg","contentUrl":"https:\/\/www.miamibeachfl.gov\/wp-content\/uploads\/2023\/05\/Rip_Currents_graphic-scaled.jpg"},{"@type":"BreadcrumbList","@id":"https:\/\/www.miamibeachfl.gov\/egovapp\/beachconditions\/#breadcrumb","itemListElement":[{"@type":"ListItem","position":1,"name":"Home","item":"https:\/\/www.miamibeachfl.gov\/"},{"@type":"ListItem","position":2,"name":"MobileAppPages","item":"https:\/\/www.miamibeachfl.gov\/egovapp\/"},{"@type":"ListItem","position":3,"name":"Beach Conditions"}]},{"@type":"WebSite","@id":"https:\/\/www.miamibeachfl.gov\/#website","url":"https:\/\/www.miamibeachfl.gov\/","name":"Vil Miami Beach","description":"Sitw\u00e8b ofisy\u00e8l Vil Miami Beach la. Rete enf\u00f2me, jwenn enf\u00f2masyon enp\u00f2tan sou s\u00e8vis vil la, nouv\u00e8l, al\u00e8t, ev\u00e8nman, wout tramway, travay gouv\u00e8nman an ak plis ank\u00f2.","publisher":{"@id":"https:\/\/www.miamibeachfl.gov\/#organization"},"potentialAction":[{"@type":"SearchAction","target":{"@type":"EntryPoint","urlTemplate":"https:\/\/www.miamibeachfl.gov\/?s={search_term_string}"},"query-input":{"@type":"PropertyValueSpecification","valueRequired":true,"valueName":"search_term_string"}}],"inLanguage":"ht"},{"@type":"Organization","@id":"https:\/\/www.miamibeachfl.gov\/#organization","name":"Vil Miami Beach","url":"https:\/\/www.miamibeachfl.gov\/","logo":{"@type":"ImageObject","inLanguage":"ht","@id":"https:\/\/www.miamibeachfl.gov\/#\/schema\/logo\/image\/","url":"https:\/\/www.miamibeachfl.gov\/wp-content\/uploads\/2022\/06\/miamibeach-logoblue.png","contentUrl":"https:\/\/www.miamibeachfl.gov\/wp-content\/uploads\/2022\/06\/miamibeach-logoblue.png","width":1962,"height":381,"caption":"City of Miami Beach"},"image":{"@id":"https:\/\/www.miamibeachfl.gov\/#\/schema\/logo\/image\/"},"sameAs":["https:\/\/www.facebook.com\/cityofmiamibeach","https:\/\/x.com\/Miamibeachnews","https:\/\/www.instagram.com\/miamibeachnews\/"],"description":"Sitw\u00e8b ofisy\u00e8l Vil Miami Beach la. Rete enf\u00f2me, jwenn enf\u00f2masyon enp\u00f2tan sou s\u00e8vis vil la, nouv\u00e8l, al\u00e8t, ev\u00e8nman, wout tramway, travay gouv\u00e8nman an ak plis ank\u00f2.","telephone":"305.604.CITY(2489)","legalName":"City of Miami Beach"}]}},"_links":{"self":[{"href":"https:\/\/www.miamibeachfl.gov\/ht\/wp-json\/wp\/v2\/pages\/262483","targetHints":{"allow":["GET"]}}],"collection":[{"href":"https:\/\/www.miamibeachfl.gov\/ht\/wp-json\/wp\/v2\/pages"}],"about":[{"href":"https:\/\/www.miamibeachfl.gov\/ht\/wp-json\/wp\/v2\/types\/page"}],"author":[{"embeddable":true,"href":"https:\/\/www.miamibeachfl.gov\/ht\/wp-json\/wp\/v2\/users\/222"}],"replies":[{"embeddable":true,"href":"https:\/\/www.miamibeachfl.gov\/ht\/wp-json\/wp\/v2\/comments?post=262483"}],"version-history":[{"count":2,"href":"https:\/\/www.miamibeachfl.gov\/ht\/wp-json\/wp\/v2\/pages\/262483\/revisions"}],"predecessor-version":[{"id":398562,"href":"https:\/\/www.miamibeachfl.gov\/ht\/wp-json\/wp\/v2\/pages\/262483\/revisions\/398562"}],"up":[{"embeddable":true,"href":"https:\/\/www.miamibeachfl.gov\/ht\/wp-json\/wp\/v2\/pages\/260953"}],"wp:attachment":[{"href":"https:\/\/www.miamibeachfl.gov\/ht\/wp-json\/wp\/v2\/media?parent=262483"}],"wp:term":[{"taxonomy":"category","embeddable":true,"href":"https:\/\/www.miamibeachfl.gov\/ht\/wp-json\/wp\/v2\/categories?post=262483"},{"taxonomy":"post_tag","embeddable":true,"href":"https:\/\/www.miamibeachfl.gov\/ht\/wp-json\/wp\/v2\/tags?post=262483"}],"curies":[{"name":"wp","href":"https:\/\/api.w.org\/{rel}","templated":true}]}}