{"id":264653,"date":"2023-07-03T15:51:40","date_gmt":"2023-07-03T19:51:40","guid":{"rendered":"https:\/\/www.miamibeachfl.gov\/?page_id=264653"},"modified":"2025-06-02T22:23:10","modified_gmt":"2025-06-03T02:23:10","slug":"july-2023-business-spotlight-vida-estilo-group-miami-beach","status":"publish","type":"page","link":"https:\/\/www.miamibeachfl.gov\/ht\/spotlight\/july-2023-business-spotlight-vida-estilo-group-miami-beach\/","title":{"rendered":"GWOUP VIDA &amp; ESTILO, STIL DE VI KILIN\u00c8 NAN MIAMI BEACH"},"content":{"rendered":"<h5>\n\t\t<a href=\"https:\/\/www.miamibeachfl.gov\/ht\/mbbiznews\/\" title=\"Ab\u00f2ne isit la pou resevwa bilten biznis Vil la nan bwat resepsyon ou chak mwa.\"  target=\"_blank\"  rel=\"noopener\">\n\t\t\tAb\u00f2ne isit la pou resevwa bilten biznis Vil la nan bwat resepsyon ou chak mwa.\t\t<\/a>\n\t<\/h5>\n<h5>\n\t\t<a href=\"https:\/\/myemail.constantcontact.com\/Stay-connected-with-MB-Biz--.html?soid=1011085968389&#038;aid=S0mHBwwl4Fs\" title=\"Bilten Biznis\"  target=\"_blank\"  rel=\"noopener\">\n\t\t\tBilten Biznis\t\t<\/a>\n\t<\/h5>\n\t\t\t\t<img decoding=\"async\" src=\"https:\/\/www.miamibeachfl.gov\/wp-content\/uploads\/2023\/07\/Jamil-scaled.jpeg\" alt=\"Jamil\" itemprop=\"image\" title=\"Jamil\" onerror=\"this.style.display='none'\" loading='lazy' \/>\n\t<p>Gwoup Restoran Vida &amp; Estilo | Gwoup Ospitalite V&amp;E (V&amp;E), ki tradui a <em>Lavi ak Stil<\/em> an pany\u00f2l, se yon pyonye nan endistri gastronomik ki d\u00e8y\u00e8 k\u00e8k nan kons\u00e8p restoran ki pi rekon\u00e8t ak pi rafine yo. Mak la degaje kons\u00e8p vi ki melanje gastronomi, mixoloji, amizman ak yon anbyans inik nan lokal yo.<\/p>\n<p>P\u00f2tfolyo prim V&amp;E a gen ladan l <em>Kafe Ameriken<\/em>, <em>Pwason Papye, Barsecco<\/em>, <em>O! Meksik<\/em>, <em>La Cerveceria<\/em> <em>de Barrio<\/em>, <em>Lahav\u00e0n 1957<\/em>, <em>Kafe Cortadito<\/em>, <em>Marab\u00fa<\/em> epi <em>Mache Lap\u00e8ch<\/em>Yon segonn <em>Pwason Papye<\/em> f\u00e8k louvri sou Espanola Way, epi ekip la te renove Ocean Drive ki ikonik la <em>Kafe Nouv\u00e8l<\/em> epi <em>Oh! Meksik Taco Shop<\/em>Bilten ED Business pou mwa Jiy\u00e8 a mete aksan sou Jamil Dib, ko-fondat\u00e8 ak pwopriyet\u00e8 V&amp;E Restaurant Group.<\/p>\n<ol>\n<li><strong> Tanpri pataje istwa kons\u00e8p restoran ou yo epi ki sa ki te enspire ou pou louvri youn nan Miami Beach?<\/strong><\/li>\n<\/ol>\n<p>Vida &amp; Estilo te louvri premye restoran li an 1997. Ensipirasyon nou, pou nou te demenaje soti Meksik pou ale Miami Beach, sete chanje fason nou viv. Maji Miami Beach te pouse nou e kounye a mwen fy\u00e8 d\u00e8ske mwen rele vil sa a lakay mwen.<\/p>\n<ol start=\"2\">\n<li><strong> Ki jan ou ta dekri atmosf\u00e8 ak anbyans kons\u00e8p restoran ou yo?<\/strong><\/li>\n<\/ol>\n<p>Kons\u00e8p nou yo se pou f\u00e8 yon eksperyans memorab. Nou chwazi kote nou yo av\u00e8k yon devouman total pou t\u00e8m nan ak kons\u00e8p restoran an. Relanse a <em>Kafe Nouv\u00e8l<\/em>, yon operasyon an patenarya av\u00e8k Goldman Properties, epi li te dedye anpil ef\u00f2 pou rkree sans ak lespri, tan lontan, prezan ak lavni, Ocean Drive ak South Beach.<\/p>\n<p><img loading=\"lazy\" decoding=\"async\" src=\"https:\/\/www.miamibeachfl.gov\/wp-content\/uploads\/2023\/07\/NEWS-CAFE-2023-2-300x195.png\" alt=\"\" width=\"300\" height=\"195\" \/><\/p>\n<ol start=\"3\">\n<li><strong>\u00a0Tanpri pataje k\u00e8k nan ofrann gastronomik popil\u00e8 ou yo, epi ki sa ki f\u00e8 yo remakab?<\/strong><\/li>\n<\/ol>\n<p>Nou fy\u00e8 pou nou mete aksan sou cuisine Kiben an nan <em>Lahav\u00e0n 1957<\/em>, ki te dezy\u00e8m restoran Vida &amp; Estilo a. Kounye a nou gen senk <em>Lahav\u00e0n 1957<\/em> kote yo, premye a te louvri plis pase yon deseni de sa sou Espa\u00f1ola Way, epi li te f\u00e8k enkli nan lis Mey\u00e8 Manje Kiben nan Miami, espesyalman mete aksan sou nou an <em>vak fri<\/em> (vyann b\u00e8f fri ak dechikte). <em>Lahav\u00e0n 1957<\/em> li konnen tou pou poul espesyal nou an, <em>Pollo Havana<\/em>, yon res\u00e8t familyal, ki kwit nan fou pandan 3 \u00e8dtan edmi epi marine pandan 72 \u00e8dtan. Anplis de sa, moun ki renmen manje Japon\u00e8 nou yo renmen woulo susi espesyal nou an, la <em>Asevichada<\/em>, nan <em>Pwason Papye<\/em>, ki tr\u00e8 popil\u00e8 nan Miami Beach ak Miami.<\/p>\n<p><img loading=\"lazy\" decoding=\"async\" src=\"https:\/\/www.miamibeachfl.gov\/wp-content\/uploads\/2023\/07\/Food-300x189.png\" alt=\"\" width=\"300\" height=\"189\" \/><img loading=\"lazy\" decoding=\"async\" src=\"https:\/\/www.miamibeachfl.gov\/wp-content\/uploads\/2023\/07\/food-2-300x221.png\" alt=\"\" width=\"300\" height=\"221\" \/><\/p>\n<ol start=\"4\">\n<li><strong> Ki engredyan inik oswa teknik pou kwit manje ou itilize nan asy\u00e8t ou yo?<\/strong><\/li>\n<\/ol>\n<p>Nou itilize yon fou Josper nan <em>Mache Lap\u00e8ch<\/em>Se yon fou chabon ki p\u00e8m\u00e8t nou konbine eleman tradisyon ak yon cuisine mod\u00e8n ak inovat\u00e8. Nou renmen tou kwit manje ak fwidm\u00e8 ak pwason, tankou branzino nou an ki byen koni, epi prepare vyann bon gou ak teknik griyad chabon sa a.<\/p>\n<p><img loading=\"lazy\" decoding=\"async\" src=\"https:\/\/www.miamibeachfl.gov\/wp-content\/uploads\/2023\/07\/food-3-300x149.png\" alt=\"\" width=\"300\" height=\"149\" \/><\/p>\n<ol start=\"5\">\n<li><strong> Ki jan ou jwenn engredyan ou yo, epi \u00e8ske ou priyorize itilizasyon pwodui lokal oswa \u00f2ganik?<\/strong><\/li>\n<\/ol>\n<p>Depatman acha nou an ap toujou amelyore seleksyon pwodwi, pwodui ak vand\u00e8 kalite sipery\u00e8 nou yo. Nou f\u00e8 ef\u00f2 pou nou jwenn manje lokal, kote sa posib, epi nou veye disponiblite ak val\u00e8. Nou travay di pou nou kenbe pri manje nou yo rezonab pou nou ka prez\u00e8ve yon meni ki ab\u00f2dab pou kliyan nou yo.<\/p>\n<ol start=\"6\">\n<li><strong>\u00a0Ki kalite eksperyans manje kliyan yo ka espere l\u00e8 yo vin nan restoran ou yo, e kijan ou asire yon s\u00e8vis kalite sipery\u00e8?<\/strong><\/li>\n<\/ol>\n<p>Ekselans ak on\u00e8tete se sou meni an. Manje nou an se sa ki atire kliyan yo, epi s\u00e8vis kliyan nou an, repitasyon nou, pw\u00f2pte nou, sekirite nou, dekorasyon nou an se eleman esansy\u00e8l anplis ki konplete atmosf\u00e8 restoran an. Nou peye anpil atansyon sou tout eksperyans restoran an epi nou f\u00e8 l memorab.<\/p>\n<p>7.<strong> Ki etap ou pran pou akomode restriksyon dyetetik ak preferans p\u00e8son\u00e8l?<\/strong><\/p>\n<p>Pou nou ka akomode restriksyon dyetetik ak preferans p\u00e8son\u00e8l, tankou opsyon vejetaryen ak san gluten, se kle pou livrezon manje nou yo ak s\u00e8vis kliyan nou an. Pa egzanp, <em>Kafe Cortadito<\/em> ofri yon varyete opsyon ki pa gen pwodui letye, tankou yon kafe ak l\u00e8t ak yon varyete chwa l\u00e8t, ke kliyan nou yo te anpil apresye epi yo te pran plezi yo.<\/p>\n<p><img loading=\"lazy\" decoding=\"async\" src=\"https:\/\/www.miamibeachfl.gov\/wp-content\/uploads\/2023\/07\/cortadito-300x203.png\" alt=\"\" width=\"300\" height=\"203\" \/><\/p>\n<ol start=\"8\">\n<li><strong> Ki plan ak objektif ou genyen pou lavni, e kijan ou f\u00e8 plan pou kontinye grandi ak evolye?<\/strong><\/li>\n<\/ol>\n<p>Adapte, transf\u00f2me, ak konprann bezwen konsomat\u00e8 nou yo epi kiltive pwochen jenerasyon kliyan yo se pwogram jounen nou an.<\/p>\n<p>N ap travaye pou nou konprann epi ankouraje j\u00e8n konsomat\u00e8 gastronomik nou yo, pran swen kliyan Miami Beach ki deja egziste yo, f\u00e8 restoran nou yo tounen destinasyon &quot;ou pa dwe rate&quot;, epi kontinye agrandi ofrann gastronomik nou an nan mond Ospitalite ak gastronomik k ap agrandi san rete a.<\/p>\n<p>Pou plis enf\u00f2masyon, tanpri vizite: <strong><a href=\"https:\/\/www.verestaurants.com\">https:\/\/www.verestaurants.com<\/a><\/strong><\/p>\n<p>&nbsp;<\/p>\n<p>&nbsp;<\/p>","protected":false},"excerpt":{"rendered":"<p>Ab\u00f2ne isit la pou resevwa bilten biznis Vil la nan bwat resepsyon ou chak mwa. Bilten Biznis Vida &amp; Estilo Restaurant Group | [\u2026]<\/p>","protected":false},"author":222,"featured_media":0,"parent":253255,"menu_order":0,"comment_status":"closed","ping_status":"closed","template":"","meta":{"_searchwp_excluded":"","site-sidebar-layout":"default","site-content-layout":"","ast-site-content-layout":"default","site-content-style":"default","site-sidebar-style":"default","ast-global-header-display":"","ast-banner-title-visibility":"","ast-main-header-display":"","ast-hfb-above-header-display":"","ast-hfb-below-header-display":"","ast-hfb-mobile-header-display":"","site-post-title":"","ast-breadcrumbs-content":"","ast-featured-img":"","footer-sml-layout":"","theme-transparent-header-meta":"","adv-header-id-meta":"","stick-header-meta":"","header-above-stick-meta":"","header-main-stick-meta":"","header-below-stick-meta":"","astra-migrate-meta-layouts":"default","ast-page-background-enabled":"default","ast-page-background-meta":{"desktop":{"background-color":"var(--ast-global-color-5)","background-image":"","background-repeat":"repeat","background-position":"center center","background-size":"auto","background-attachment":"scroll","background-type":"","background-media":"","overlay-type":"","overlay-color":"","overlay-opacity":"","overlay-gradient":""},"tablet":{"background-color":"","background-image":"","background-repeat":"repeat","background-position":"center center","background-size":"auto","background-attachment":"scroll","background-type":"","background-media":"","overlay-type":"","overlay-color":"","overlay-opacity":"","overlay-gradient":""},"mobile":{"background-color":"","background-image":"","background-repeat":"repeat","background-position":"center center","background-size":"auto","background-attachment":"scroll","background-type":"","background-media":"","overlay-type":"","overlay-color":"","overlay-opacity":"","overlay-gradient":""}},"ast-content-background-meta":{"desktop":{"background-color":"var(--ast-global-color-4)","background-image":"","background-repeat":"repeat","background-position":"center center","background-size":"auto","background-attachment":"scroll","background-type":"","background-media":"","overlay-type":"","overlay-color":"","overlay-opacity":"","overlay-gradient":""},"tablet":{"background-color":"var(--ast-global-color-4)","background-image":"","background-repeat":"repeat","background-position":"center center","background-size":"auto","background-attachment":"scroll","background-type":"","background-media":"","overlay-type":"","overlay-color":"","overlay-opacity":"","overlay-gradient":""},"mobile":{"background-color":"var(--ast-global-color-4)","background-image":"","background-repeat":"repeat","background-position":"center center","background-size":"auto","background-attachment":"scroll","background-type":"","background-media":"","overlay-type":"","overlay-color":"","overlay-opacity":"","overlay-gradient":""}},"footnotes":""},"categories":[],"tags":[],"class_list":["post-264653","page","type-page","status-publish","hentry"],"yoast_head":"<!-- This site is optimized with the Yoast SEO Premium plugin v26.6 (Yoast SEO v26.6) - https:\/\/yoast.com\/wordpress\/plugins\/seo\/ -->\n<title>VIDA &amp; ESTILO GROUP CULINARY LIFESTYLES IN MIAMI BEACH - City of Miami Beach<\/title>\n<meta name=\"description\" content=\"%\" \/>\n<meta name=\"robots\" content=\"index, follow, max-snippet:-1, max-image-preview:large, max-video-preview:-1\" \/>\n<link rel=\"canonical\" href=\"https:\/\/www.miamibeachfl.gov\/ht\/spotlight\/july-2023-business-spotlight-vida-estilo-group-miami-beach\/\" \/>\n<meta property=\"og:locale\" content=\"ht_HT\" \/>\n<meta property=\"og:type\" content=\"article\" \/>\n<meta property=\"og:title\" content=\"VIDA &amp; ESTILO GROUP CULINARY LIFESTYLES IN MIAMI BEACH\" \/>\n<meta property=\"og:description\" content=\"%\" \/>\n<meta property=\"og:url\" content=\"https:\/\/www.miamibeachfl.gov\/ht\/spotlight\/july-2023-business-spotlight-vida-estilo-group-miami-beach\/\" \/>\n<meta property=\"og:site_name\" content=\"City of Miami Beach\" \/>\n<meta property=\"article:publisher\" content=\"https:\/\/www.facebook.com\/cityofmiamibeach\" \/>\n<meta property=\"article:modified_time\" content=\"2025-06-03T02:23:10+00:00\" \/>\n<meta property=\"og:image\" content=\"https:\/\/www.miamibeachfl.gov\/wp-content\/uploads\/2023\/07\/Jamil-scaled.jpeg\" \/>\n<meta name=\"twitter:card\" content=\"summary_large_image\" \/>\n<meta name=\"twitter:site\" content=\"@Miamibeachnews\" \/>\n<script type=\"application\/ld+json\" class=\"yoast-schema-graph\">{\"@context\":\"https:\/\/schema.org\",\"@graph\":[{\"@type\":\"WebPage\",\"@id\":\"https:\/\/www.miamibeachfl.gov\/spotlight\/july-2023-business-spotlight-vida-estilo-group-miami-beach\/\",\"url\":\"https:\/\/www.miamibeachfl.gov\/spotlight\/july-2023-business-spotlight-vida-estilo-group-miami-beach\/\",\"name\":\"VIDA & ESTILO GROUP CULINARY LIFESTYLES IN MIAMI BEACH - City of Miami Beach\",\"isPartOf\":{\"@id\":\"https:\/\/www.miamibeachfl.gov\/#website\"},\"primaryImageOfPage\":{\"@id\":\"https:\/\/www.miamibeachfl.gov\/spotlight\/july-2023-business-spotlight-vida-estilo-group-miami-beach\/#primaryimage\"},\"image\":{\"@id\":\"https:\/\/www.miamibeachfl.gov\/spotlight\/july-2023-business-spotlight-vida-estilo-group-miami-beach\/#primaryimage\"},\"thumbnailUrl\":\"https:\/\/www.miamibeachfl.gov\/wp-content\/uploads\/2023\/07\/Jamil-scaled.jpeg\",\"datePublished\":\"2023-07-03T19:51:40+00:00\",\"dateModified\":\"2025-06-03T02:23:10+00:00\",\"description\":\"%\",\"breadcrumb\":{\"@id\":\"https:\/\/www.miamibeachfl.gov\/spotlight\/july-2023-business-spotlight-vida-estilo-group-miami-beach\/#breadcrumb\"},\"inLanguage\":\"ht\",\"potentialAction\":[{\"@type\":\"ReadAction\",\"target\":[\"https:\/\/www.miamibeachfl.gov\/spotlight\/july-2023-business-spotlight-vida-estilo-group-miami-beach\/\"]}]},{\"@type\":\"ImageObject\",\"inLanguage\":\"ht\",\"@id\":\"https:\/\/www.miamibeachfl.gov\/spotlight\/july-2023-business-spotlight-vida-estilo-group-miami-beach\/#primaryimage\",\"url\":\"https:\/\/www.miamibeachfl.gov\/wp-content\/uploads\/2023\/07\/Jamil-scaled.jpeg\",\"contentUrl\":\"https:\/\/www.miamibeachfl.gov\/wp-content\/uploads\/2023\/07\/Jamil-scaled.jpeg\"},{\"@type\":\"BreadcrumbList\",\"@id\":\"https:\/\/www.miamibeachfl.gov\/spotlight\/july-2023-business-spotlight-vida-estilo-group-miami-beach\/#breadcrumb\",\"itemListElement\":[{\"@type\":\"ListItem\",\"position\":1,\"name\":\"Home\",\"item\":\"https:\/\/www.miamibeachfl.gov\/\"},{\"@type\":\"ListItem\",\"position\":2,\"name\":\"Business Newsletters and Spotlights\",\"item\":\"https:\/\/www.miamibeachfl.gov\/spotlight\/\"},{\"@type\":\"ListItem\",\"position\":3,\"name\":\"VIDA &#038; ESTILO GROUP CULINARY LIFESTYLES IN MIAMI BEACH\"}]},{\"@type\":\"WebSite\",\"@id\":\"https:\/\/www.miamibeachfl.gov\/#website\",\"url\":\"https:\/\/www.miamibeachfl.gov\/\",\"name\":\"City of Miami Beach\",\"description\":\"The official website of the City of Miami Beach. Stay informed, find important information on city services, news, alerts, events, trolley routes, government employment and more.\",\"publisher\":{\"@id\":\"https:\/\/www.miamibeachfl.gov\/#organization\"},\"potentialAction\":[{\"@type\":\"SearchAction\",\"target\":{\"@type\":\"EntryPoint\",\"urlTemplate\":\"https:\/\/www.miamibeachfl.gov\/?s={search_term_string}\"},\"query-input\":{\"@type\":\"PropertyValueSpecification\",\"valueRequired\":true,\"valueName\":\"search_term_string\"}}],\"inLanguage\":\"ht\"},{\"@type\":\"Organization\",\"@id\":\"https:\/\/www.miamibeachfl.gov\/#organization\",\"name\":\"City of Miami Beach\",\"url\":\"https:\/\/www.miamibeachfl.gov\/\",\"logo\":{\"@type\":\"ImageObject\",\"inLanguage\":\"ht\",\"@id\":\"https:\/\/www.miamibeachfl.gov\/#\/schema\/logo\/image\/\",\"url\":\"https:\/\/www.miamibeachfl.gov\/wp-content\/uploads\/2022\/06\/miamibeach-logoblue.png\",\"contentUrl\":\"https:\/\/www.miamibeachfl.gov\/wp-content\/uploads\/2022\/06\/miamibeach-logoblue.png\",\"width\":1962,\"height\":381,\"caption\":\"City of Miami Beach\"},\"image\":{\"@id\":\"https:\/\/www.miamibeachfl.gov\/#\/schema\/logo\/image\/\"},\"sameAs\":[\"https:\/\/www.facebook.com\/cityofmiamibeach\",\"https:\/\/x.com\/Miamibeachnews\",\"https:\/\/www.instagram.com\/miamibeachnews\/\"],\"description\":\"The official website of the City of Miami Beach. Stay informed, find important information on city services, news, alerts, events, trolley routes, government employment and more.\",\"telephone\":\"305.604.CITY(2489)\",\"legalName\":\"City of Miami Beach\"}]}<\/script>\n<!-- \/ Yoast SEO Premium plugin. -->","yoast_head_json":{"title":"GWOUP VIDA &amp; ESTILO, STIL DE VI KILIN\u00c8 NAN MIAMI BEACH - Vil Miami Beach","description":"%","robots":{"index":"index","follow":"follow","max-snippet":"max-snippet:-1","max-image-preview":"max-image-preview:large","max-video-preview":"max-video-preview:-1"},"canonical":"https:\/\/www.miamibeachfl.gov\/ht\/spotlight\/july-2023-business-spotlight-vida-estilo-group-miami-beach\/","og_locale":"ht_HT","og_type":"article","og_title":"VIDA & ESTILO GROUP CULINARY LIFESTYLES IN MIAMI BEACH","og_description":"%","og_url":"https:\/\/www.miamibeachfl.gov\/ht\/spotlight\/july-2023-business-spotlight-vida-estilo-group-miami-beach\/","og_site_name":"City of Miami Beach","article_publisher":"https:\/\/www.facebook.com\/cityofmiamibeach","article_modified_time":"2025-06-03T02:23:10+00:00","og_image":[{"url":"https:\/\/www.miamibeachfl.gov\/wp-content\/uploads\/2023\/07\/Jamil-scaled.jpeg","type":"","width":"","height":""}],"twitter_card":"summary_large_image","twitter_site":"@Miamibeachnews","schema":{"@context":"https:\/\/schema.org","@graph":[{"@type":"WebPage","@id":"https:\/\/www.miamibeachfl.gov\/spotlight\/july-2023-business-spotlight-vida-estilo-group-miami-beach\/","url":"https:\/\/www.miamibeachfl.gov\/spotlight\/july-2023-business-spotlight-vida-estilo-group-miami-beach\/","name":"GWOUP VIDA &amp; ESTILO, STIL DE VI KILIN\u00c8 NAN MIAMI BEACH - Vil Miami Beach","isPartOf":{"@id":"https:\/\/www.miamibeachfl.gov\/#website"},"primaryImageOfPage":{"@id":"https:\/\/www.miamibeachfl.gov\/spotlight\/july-2023-business-spotlight-vida-estilo-group-miami-beach\/#primaryimage"},"image":{"@id":"https:\/\/www.miamibeachfl.gov\/spotlight\/july-2023-business-spotlight-vida-estilo-group-miami-beach\/#primaryimage"},"thumbnailUrl":"https:\/\/www.miamibeachfl.gov\/wp-content\/uploads\/2023\/07\/Jamil-scaled.jpeg","datePublished":"2023-07-03T19:51:40+00:00","dateModified":"2025-06-03T02:23:10+00:00","description":"%","breadcrumb":{"@id":"https:\/\/www.miamibeachfl.gov\/spotlight\/july-2023-business-spotlight-vida-estilo-group-miami-beach\/#breadcrumb"},"inLanguage":"ht","potentialAction":[{"@type":"ReadAction","target":["https:\/\/www.miamibeachfl.gov\/spotlight\/july-2023-business-spotlight-vida-estilo-group-miami-beach\/"]}]},{"@type":"ImageObject","inLanguage":"ht","@id":"https:\/\/www.miamibeachfl.gov\/spotlight\/july-2023-business-spotlight-vida-estilo-group-miami-beach\/#primaryimage","url":"https:\/\/www.miamibeachfl.gov\/wp-content\/uploads\/2023\/07\/Jamil-scaled.jpeg","contentUrl":"https:\/\/www.miamibeachfl.gov\/wp-content\/uploads\/2023\/07\/Jamil-scaled.jpeg"},{"@type":"BreadcrumbList","@id":"https:\/\/www.miamibeachfl.gov\/spotlight\/july-2023-business-spotlight-vida-estilo-group-miami-beach\/#breadcrumb","itemListElement":[{"@type":"ListItem","position":1,"name":"Home","item":"https:\/\/www.miamibeachfl.gov\/"},{"@type":"ListItem","position":2,"name":"Business Newsletters and Spotlights","item":"https:\/\/www.miamibeachfl.gov\/spotlight\/"},{"@type":"ListItem","position":3,"name":"VIDA &#038; ESTILO GROUP CULINARY LIFESTYLES IN MIAMI BEACH"}]},{"@type":"WebSite","@id":"https:\/\/www.miamibeachfl.gov\/#website","url":"https:\/\/www.miamibeachfl.gov\/","name":"Vil Miami Beach","description":"Sitw\u00e8b ofisy\u00e8l Vil Miami Beach la. Rete enf\u00f2me, jwenn enf\u00f2masyon enp\u00f2tan sou s\u00e8vis vil la, nouv\u00e8l, al\u00e8t, ev\u00e8nman, wout tramway, travay gouv\u00e8nman an ak plis ank\u00f2.","publisher":{"@id":"https:\/\/www.miamibeachfl.gov\/#organization"},"potentialAction":[{"@type":"SearchAction","target":{"@type":"EntryPoint","urlTemplate":"https:\/\/www.miamibeachfl.gov\/?s={search_term_string}"},"query-input":{"@type":"PropertyValueSpecification","valueRequired":true,"valueName":"search_term_string"}}],"inLanguage":"ht"},{"@type":"Organization","@id":"https:\/\/www.miamibeachfl.gov\/#organization","name":"Vil Miami Beach","url":"https:\/\/www.miamibeachfl.gov\/","logo":{"@type":"ImageObject","inLanguage":"ht","@id":"https:\/\/www.miamibeachfl.gov\/#\/schema\/logo\/image\/","url":"https:\/\/www.miamibeachfl.gov\/wp-content\/uploads\/2022\/06\/miamibeach-logoblue.png","contentUrl":"https:\/\/www.miamibeachfl.gov\/wp-content\/uploads\/2022\/06\/miamibeach-logoblue.png","width":1962,"height":381,"caption":"City of Miami Beach"},"image":{"@id":"https:\/\/www.miamibeachfl.gov\/#\/schema\/logo\/image\/"},"sameAs":["https:\/\/www.facebook.com\/cityofmiamibeach","https:\/\/x.com\/Miamibeachnews","https:\/\/www.instagram.com\/miamibeachnews\/"],"description":"Sitw\u00e8b ofisy\u00e8l Vil Miami Beach la. Rete enf\u00f2me, jwenn enf\u00f2masyon enp\u00f2tan sou s\u00e8vis vil la, nouv\u00e8l, al\u00e8t, ev\u00e8nman, wout tramway, travay gouv\u00e8nman an ak plis ank\u00f2.","telephone":"305.604.CITY(2489)","legalName":"City of Miami Beach"}]}},"_links":{"self":[{"href":"https:\/\/www.miamibeachfl.gov\/ht\/wp-json\/wp\/v2\/pages\/264653","targetHints":{"allow":["GET"]}}],"collection":[{"href":"https:\/\/www.miamibeachfl.gov\/ht\/wp-json\/wp\/v2\/pages"}],"about":[{"href":"https:\/\/www.miamibeachfl.gov\/ht\/wp-json\/wp\/v2\/types\/page"}],"author":[{"embeddable":true,"href":"https:\/\/www.miamibeachfl.gov\/ht\/wp-json\/wp\/v2\/users\/222"}],"replies":[{"embeddable":true,"href":"https:\/\/www.miamibeachfl.gov\/ht\/wp-json\/wp\/v2\/comments?post=264653"}],"version-history":[{"count":0,"href":"https:\/\/www.miamibeachfl.gov\/ht\/wp-json\/wp\/v2\/pages\/264653\/revisions"}],"up":[{"embeddable":true,"href":"https:\/\/www.miamibeachfl.gov\/ht\/wp-json\/wp\/v2\/pages\/253255"}],"wp:attachment":[{"href":"https:\/\/www.miamibeachfl.gov\/ht\/wp-json\/wp\/v2\/media?parent=264653"}],"wp:term":[{"taxonomy":"category","embeddable":true,"href":"https:\/\/www.miamibeachfl.gov\/ht\/wp-json\/wp\/v2\/categories?post=264653"},{"taxonomy":"post_tag","embeddable":true,"href":"https:\/\/www.miamibeachfl.gov\/ht\/wp-json\/wp\/v2\/tags?post=264653"}],"curies":[{"name":"wp","href":"https:\/\/api.w.org\/{rel}","templated":true}]}}