{"id":265320,"date":"2023-07-19T09:27:42","date_gmt":"2023-07-19T13:27:42","guid":{"rendered":"https:\/\/www.miamibeachfl.gov\/?page_id=265320"},"modified":"2025-12-15T09:31:16","modified_gmt":"2025-12-15T14:31:16","slug":"commissioner-monica-matteo-salinas","status":"publish","type":"page","link":"https:\/\/www.miamibeachfl.gov\/ht\/staff\/commissioner-monica-matteo-salinas\/","title":{"rendered":"Monica Matteo-Salinas <br>Gwoup 1"},"content":{"rendered":"Majistra ak Komisyon an\t\t\t\n\t\t\t\t\t<ul id=\"menu-mayor-and-commission\"><li id=\"menu-item-281527\"><a href=\"\/ht\/city-hall\/elected-officials\/\">Kay Majistra ak Komisyon an<\/a><\/li>\n<li id=\"menu-item-281526\"><a href=\"\/ht\/city-hall\/city-clerk\/meeting-notices\/\">Reyinyon Komisyon yo<\/a><\/li>\n<li id=\"menu-item-281528\"><a href=\"\/ht\/city-hall\/city-clerk\/boards-and-committees\/\">Kons\u00e8y Administrasyon ak Komite yo<\/a><\/li>\n<li id=\"menu-item-281529\"><a href=\"\/ht\/city-hall\/city-clerk\/election-information\/\">Enf\u00f2masyon sou Eleksyon<\/a><\/li>\n<\/ul>\t\nMajistra ak Komisyon \u00d7\t\t\t\t\t\t<ul id=\"menu-mayor-and-commission-1\"><li id=\"menu-item-281527\"><a href=\"\/ht\/city-hall\/elected-officials\/\">Kay Majistra ak Komisyon an<\/a><\/li>\n<li id=\"menu-item-281526\"><a href=\"\/ht\/city-hall\/city-clerk\/meeting-notices\/\">Reyinyon Komisyon yo<\/a><\/li>\n<li id=\"menu-item-281528\"><a href=\"\/ht\/city-hall\/city-clerk\/boards-and-committees\/\">Kons\u00e8y Administrasyon ak Komite yo<\/a><\/li>\n<li id=\"menu-item-281529\"><a href=\"\/ht\/city-hall\/city-clerk\/election-information\/\">Enf\u00f2masyon sou Eleksyon<\/a><\/li>\n<\/ul>\t\t\t\t\n\t\t\t\t<img decoding=\"async\" src=\"https:\/\/www.miamibeachfl.gov\/wp-content\/uploads\/2023\/07\/KristenRosenGonzalezyellowborder.png\" alt=\"KristenRosenGonzalezyellowborder\" itemprop=\"image\" height=\"250\" width=\"249\" title=\"KristenRosenGonzalezyellowborder\" onerror=\"this.style.display='none'\" loading=\"lazy\">\n<h1>\n\t\t\tKristen Rosen Gonzalez\t<\/h1>\n<h2>\n\t\t\tKomis\u00e8\t<\/h2>\n\t<ul>\n\t\t<li>\t\t\t\t\n\t\t<h4>Im\u00e8l:<\/h4><p><a href=\"mailto:Kristen@miamibeachfl.gov\"><strong>Kristen@miamibeachfl.gov<\/strong><\/a><\/p><\/li><li>\t\t\t\t\n\t\t<h4>Telef\u00f2n:<\/h4><p><a href=\"tel:3059654725\"><strong>305.965.4725<\/strong><\/a><\/p><\/li>\t<\/ul>\n<h2>\n\t\t\tGWOUP 1\t<\/h2>\n<h2>\n\t\t\tAsistan Komisyon an:\t<\/h2>\n\t<ul>\n\t\t<li>\t\t\t\t\n\t\t<h4>Jacqueline Budin<\/h4><p><strong><a href=\"mailto:jacquelinebudin@miamibeachfl.gov\">jacquelinebudin@miamibeachfl.gov<\/a><\/strong><\/p><\/li><li>\t\t\t\t\n\t\t<h4>Francesca Medeiros<\/h4><p><strong><a href=\"mailto:francescamedeiros@miamibeachfl.gov\">francescamedeiros@miamibeachfl.gov<\/a><\/strong><\/p><\/li>\t<\/ul>\n\t<p>Dokt\u00e8 Kristen Rosen Gonzalez se yon natif natal Miami Beach ki gen rasin byen fon nan kominote a - paran li te rankontre nan lobi ot\u00e8l ikonik Fontainebleau a. Li te grandi sou Miami Beach antoure pa yon rich\u00e8s kilti, ki gen ladan ekzil Kiben yo ak desandan sivivan Olok\u00f2s yo.<\/p>\n<p>Apre li te fin pran dipl\u00f2m bakaloreya li nan Iniv\u00e8site Tufts nan Medford, Massachusetts, Dokt\u00e8 Rosen Gonzalez te retounen lakay li nan Sid Florid, kote li te kontinye viv, travay, epi elve fanmi li. Li se yon manman fy\u00e8 de twa timoun\u2014Isabella, Pablo, ak Franny\u2014tout gradye nan Miami Beach Senior High. Dezi li pou kreye yon pi bon avni pou pitit li yo ak pou kominote a an jeneral enspire angajman sivik kontiny\u00e8l li ak s\u00e8vis piblik li.<\/p>\n<p>Dokt\u00e8 Rosen Gonzalez se yon manm fakilte titularize nan Depatman Angl\u00e8 ak Kominikasyon nan Miami Dade College epi yon ajan imobilye ki gen lisans. Li te eli nan Komisyon Vil Miami Beach an 2015 ak 2021, kote li te bati yon repitasyon k\u00f2m yon defans\u00e8 san pran souf pou sekirite piblik, edikasyon ak devlopman responsab.<\/p>\n<p>Yon defans\u00e8 pasyone pou karakt\u00e8 istorik Miami Beach, li te chanpyon prez\u00e8vasyon achitekti Art Deco a epi li te dirije ef\u00f2 pou sove moniman enp\u00f2tan nan kominote a, tankou Byron Carlyle Theater ak South Shore Community Center. Li te dirije tou kanpay referand\u00f2m ki te reyisi pou prez\u00e8ve Monty&#039;s epi pwoteje pakin piblik sou Lincoln Road kont tw\u00f2p devlopman.<\/p>\n<p>Dokt\u00e8 Rosen Gonzalez gen yon doktora nan Administrasyon Edikasyon Sipery\u00e8 ak yon metriz nan Kominikasyon nan Iniv\u00e8site Barry. Li te jwenn lisans li nan Lang ak Literati Franse ak Pany\u00f2l nan Iniv\u00e8site Tufts.<\/p>\n<p>Li kontinye rete yon s\u00e8vit\u00e8 piblik devwe, yon edikat\u00e8, ak yon defans\u00e8 angaje nan pwoteje kalite lavi inik ki defini Miami Beach.<\/p>\n\n\n\n<p><\/p>","protected":false},"excerpt":{"rendered":"<p>Mayor &amp; Commission Mayor &amp; Commission Home Commission Meetings Boards &amp; Committees Election Information Mayor &amp; Commission \u00d7 Mayor &amp; [&hellip;]<\/p>\n","protected":false},"author":222,"featured_media":393405,"parent":261112,"menu_order":13,"comment_status":"closed","ping_status":"closed","template":"","meta":{"_searchwp_excluded":"","site-sidebar-layout":"default","site-content-layout":"","ast-site-content-layout":"default","site-content-style":"default","site-sidebar-style":"default","ast-global-header-display":"","ast-banner-title-visibility":"","ast-main-header-display":"","ast-hfb-above-header-display":"","ast-hfb-below-header-display":"","ast-hfb-mobile-header-display":"","site-post-title":"","ast-breadcrumbs-content":"","ast-featured-img":"","footer-sml-layout":"","theme-transparent-header-meta":"","adv-header-id-meta":"","stick-header-meta":"","header-above-stick-meta":"","header-main-stick-meta":"","header-below-stick-meta":"","astra-migrate-meta-layouts":"default","ast-page-background-enabled":"default","ast-page-background-meta":{"desktop":{"background-color":"var(--ast-global-color-5)","background-image":"","background-repeat":"repeat","background-position":"center center","background-size":"auto","background-attachment":"scroll","background-type":"","background-media":"","overlay-type":"","overlay-color":"","overlay-opacity":"","overlay-gradient":""},"tablet":{"background-color":"","background-image":"","background-repeat":"repeat","background-position":"center center","background-size":"auto","background-attachment":"scroll","background-type":"","background-media":"","overlay-type":"","overlay-color":"","overlay-opacity":"","overlay-gradient":""},"mobile":{"background-color":"","background-image":"","background-repeat":"repeat","background-position":"center center","background-size":"auto","background-attachment":"scroll","background-type":"","background-media":"","overlay-type":"","overlay-color":"","overlay-opacity":"","overlay-gradient":""}},"ast-content-background-meta":{"desktop":{"background-color":"var(--ast-global-color-4)","background-image":"","background-repeat":"repeat","background-position":"center center","background-size":"auto","background-attachment":"scroll","background-type":"","background-media":"","overlay-type":"","overlay-color":"","overlay-opacity":"","overlay-gradient":""},"tablet":{"background-color":"var(--ast-global-color-4)","background-image":"","background-repeat":"repeat","background-position":"center center","background-size":"auto","background-attachment":"scroll","background-type":"","background-media":"","overlay-type":"","overlay-color":"","overlay-opacity":"","overlay-gradient":""},"mobile":{"background-color":"var(--ast-global-color-4)","background-image":"","background-repeat":"repeat","background-position":"center center","background-size":"auto","background-attachment":"scroll","background-type":"","background-media":"","overlay-type":"","overlay-color":"","overlay-opacity":"","overlay-gradient":""}},"footnotes":""},"categories":[],"tags":[983,985,960],"class_list":["post-265320","page","type-page","status-publish","has-post-thumbnail","hentry","tag-mayor-office-team","tag-monica-matteo-salinas-staff","tag-staff"],"yoast_head":"<!-- This site is optimized with the Yoast SEO Premium plugin v27.4 (Yoast SEO v27.4) - https:\/\/yoast.com\/product\/yoast-seo-premium-wordpress\/ -->\n<title>Monica Matteo-Salinas Group 1 - City of Miami Beach<\/title>\n<meta name=\"description\" content=\"Monica Matteo-Salinas has proudly called Miami Beach home for sixteen years. She is raising her two sons here, both students at Miami Beach Senior High School. Her commitment to local schools has been long-standing: she became active in the PTA when her boys attended South Pointe Elementary and later served as PTSA President at Nautilus Middle School from 2020 to 2022. Preserving and strengthening Miami Beach\u2019s legacy has always been central to her work.\" \/>\n<meta name=\"robots\" content=\"index, follow, max-snippet:-1, max-image-preview:large, max-video-preview:-1\" \/>\n<link rel=\"canonical\" href=\"https:\/\/www.miamibeachfl.gov\/ht\/staff\/commissioner-monica-matteo-salinas\/\" \/>\n<meta property=\"og:locale\" content=\"ht_HT\" \/>\n<meta property=\"og:type\" content=\"article\" \/>\n<meta property=\"og:title\" content=\"Monica Matteo-Salinas Group 1\" \/>\n<meta property=\"og:description\" content=\"Monica Matteo-Salinas has proudly called Miami Beach home for sixteen years. She is raising her two sons here, both students at Miami Beach Senior High School. Her commitment to local schools has been long-standing: she became active in the PTA when her boys attended South Pointe Elementary and later served as PTSA President at Nautilus Middle School from 2020 to 2022. Preserving and strengthening Miami Beach\u2019s legacy has always been central to her work.\" \/>\n<meta property=\"og:url\" content=\"https:\/\/www.miamibeachfl.gov\/ht\/staff\/commissioner-monica-matteo-salinas\/\" \/>\n<meta property=\"og:site_name\" content=\"City of Miami Beach\" \/>\n<meta property=\"article:publisher\" content=\"https:\/\/www.facebook.com\/cityofmiamibeach\" \/>\n<meta property=\"article:modified_time\" content=\"2025-12-15T14:31:16+00:00\" \/>\n<meta property=\"og:image\" content=\"https:\/\/www.miamibeachfl.gov\/wp-content\/uploads\/2023\/07\/Monica-Matteo-Salinas-commissioner-YellowOutline.png\" \/>\n\t<meta property=\"og:image:width\" content=\"249\" \/>\n\t<meta property=\"og:image:height\" content=\"250\" \/>\n\t<meta property=\"og:image:type\" content=\"image\/png\" \/>\n<meta name=\"twitter:card\" content=\"summary_large_image\" \/>\n<meta name=\"twitter:site\" content=\"@Miamibeachnews\" \/>\n<script type=\"application\/ld+json\" class=\"yoast-schema-graph\">{\"@context\":\"https:\\\/\\\/schema.org\",\"@graph\":[{\"@type\":\"WebPage\",\"@id\":\"https:\\\/\\\/www.miamibeachfl.gov\\\/staff\\\/commissioner-monica-matteo-salinas\\\/\",\"url\":\"https:\\\/\\\/www.miamibeachfl.gov\\\/staff\\\/commissioner-monica-matteo-salinas\\\/\",\"name\":\"Monica Matteo-Salinas Group 1 - City of Miami Beach\",\"isPartOf\":{\"@id\":\"https:\\\/\\\/www.miamibeachfl.gov\\\/#website\"},\"primaryImageOfPage\":{\"@id\":\"https:\\\/\\\/www.miamibeachfl.gov\\\/staff\\\/commissioner-monica-matteo-salinas\\\/#primaryimage\"},\"image\":{\"@id\":\"https:\\\/\\\/www.miamibeachfl.gov\\\/staff\\\/commissioner-monica-matteo-salinas\\\/#primaryimage\"},\"thumbnailUrl\":\"https:\\\/\\\/www.miamibeachfl.gov\\\/wp-content\\\/uploads\\\/2023\\\/07\\\/Monica-Matteo-Salinas-commissioner-YellowOutline.png\",\"datePublished\":\"2023-07-19T13:27:42+00:00\",\"dateModified\":\"2025-12-15T14:31:16+00:00\",\"description\":\"Monica Matteo-Salinas has proudly called Miami Beach home for sixteen years. She is raising her two sons here, both students at Miami Beach Senior High School. Her commitment to local schools has been long-standing: she became active in the PTA when her boys attended South Pointe Elementary and later served as PTSA President at Nautilus Middle School from 2020 to 2022. Preserving and strengthening Miami Beach\u2019s legacy has always been central to her work.\",\"breadcrumb\":{\"@id\":\"https:\\\/\\\/www.miamibeachfl.gov\\\/staff\\\/commissioner-monica-matteo-salinas\\\/#breadcrumb\"},\"inLanguage\":\"ht\",\"potentialAction\":[{\"@type\":\"ReadAction\",\"target\":[\"https:\\\/\\\/www.miamibeachfl.gov\\\/staff\\\/commissioner-monica-matteo-salinas\\\/\"]}]},{\"@type\":\"ImageObject\",\"inLanguage\":\"ht\",\"@id\":\"https:\\\/\\\/www.miamibeachfl.gov\\\/staff\\\/commissioner-monica-matteo-salinas\\\/#primaryimage\",\"url\":\"https:\\\/\\\/www.miamibeachfl.gov\\\/wp-content\\\/uploads\\\/2023\\\/07\\\/Monica-Matteo-Salinas-commissioner-YellowOutline.png\",\"contentUrl\":\"https:\\\/\\\/www.miamibeachfl.gov\\\/wp-content\\\/uploads\\\/2023\\\/07\\\/Monica-Matteo-Salinas-commissioner-YellowOutline.png\",\"width\":249,\"height\":250,\"caption\":\"Commissioner Monica Matteo-Salinas\"},{\"@type\":\"BreadcrumbList\",\"@id\":\"https:\\\/\\\/www.miamibeachfl.gov\\\/staff\\\/commissioner-monica-matteo-salinas\\\/#breadcrumb\",\"itemListElement\":[{\"@type\":\"ListItem\",\"position\":1,\"name\":\"Home\",\"item\":\"https:\\\/\\\/www.miamibeachfl.gov\\\/\"},{\"@type\":\"ListItem\",\"position\":2,\"name\":\"Staff\",\"item\":\"https:\\\/\\\/www.miamibeachfl.gov\\\/staff\\\/\"},{\"@type\":\"ListItem\",\"position\":3,\"name\":\"Monica Matteo-Salinas Group 1\"}]},{\"@type\":\"WebSite\",\"@id\":\"https:\\\/\\\/www.miamibeachfl.gov\\\/#website\",\"url\":\"https:\\\/\\\/www.miamibeachfl.gov\\\/\",\"name\":\"City of Miami Beach\",\"description\":\"The official website of the City of Miami Beach. Stay informed, find important information on city services, news, alerts, events, trolley routes, government employment and more.\",\"publisher\":{\"@id\":\"https:\\\/\\\/www.miamibeachfl.gov\\\/#organization\"},\"potentialAction\":[{\"@type\":\"SearchAction\",\"target\":{\"@type\":\"EntryPoint\",\"urlTemplate\":\"https:\\\/\\\/www.miamibeachfl.gov\\\/?s={search_term_string}\"},\"query-input\":{\"@type\":\"PropertyValueSpecification\",\"valueRequired\":true,\"valueName\":\"search_term_string\"}}],\"inLanguage\":\"ht\"},{\"@type\":\"Organization\",\"@id\":\"https:\\\/\\\/www.miamibeachfl.gov\\\/#organization\",\"name\":\"City of Miami Beach\",\"url\":\"https:\\\/\\\/www.miamibeachfl.gov\\\/\",\"logo\":{\"@type\":\"ImageObject\",\"inLanguage\":\"ht\",\"@id\":\"https:\\\/\\\/www.miamibeachfl.gov\\\/#\\\/schema\\\/logo\\\/image\\\/\",\"url\":\"https:\\\/\\\/www.miamibeachfl.gov\\\/wp-content\\\/uploads\\\/2022\\\/06\\\/miamibeach-logoblue.png\",\"contentUrl\":\"https:\\\/\\\/www.miamibeachfl.gov\\\/wp-content\\\/uploads\\\/2022\\\/06\\\/miamibeach-logoblue.png\",\"width\":1962,\"height\":381,\"caption\":\"City of Miami Beach\"},\"image\":{\"@id\":\"https:\\\/\\\/www.miamibeachfl.gov\\\/#\\\/schema\\\/logo\\\/image\\\/\"},\"sameAs\":[\"https:\\\/\\\/www.facebook.com\\\/cityofmiamibeach\",\"https:\\\/\\\/x.com\\\/Miamibeachnews\",\"https:\\\/\\\/www.instagram.com\\\/miamibeachnews\\\/\"],\"description\":\"The official website of the City of Miami Beach. Stay informed, find important information on city services, news, alerts, events, trolley routes, government employment and more.\",\"telephone\":\"305.604.CITY(2489)\",\"legalName\":\"City of Miami Beach\"}]}<\/script>\n<!-- \/ Yoast SEO Premium plugin. -->","yoast_head_json":{"title":"Monica Matteo-Salinas Gwoup 1 - Vil Miami Beach","description":"Monica Matteo-Salinas fy\u00e8 d\u00e8ske li rele Miami Beach lakay li depi s\u00e8z ane. L ap leve de pitit gason l yo isit la, toulede el\u00e8v nan Miami Beach Senior High School. Angajman li anv\u00e8 lek\u00f2l lokal yo te dire lontan: li te vin aktif nan PTA a l\u00e8 pitit gason l yo te ale nan South Pointe Elementary epi pita li te s\u00e8vi k\u00f2m Prezidan PTSA nan Nautilus Middle School soti 2020 rive 2022. Prez\u00e8ve ak ranf\u00f2se eritaj Miami Beach te toujou santral nan travay li.","robots":{"index":"index","follow":"follow","max-snippet":"max-snippet:-1","max-image-preview":"max-image-preview:large","max-video-preview":"max-video-preview:-1"},"canonical":"https:\/\/www.miamibeachfl.gov\/ht\/staff\/commissioner-monica-matteo-salinas\/","og_locale":"ht_HT","og_type":"article","og_title":"Monica Matteo-Salinas Group 1","og_description":"Monica Matteo-Salinas has proudly called Miami Beach home for sixteen years. She is raising her two sons here, both students at Miami Beach Senior High School. Her commitment to local schools has been long-standing: she became active in the PTA when her boys attended South Pointe Elementary and later served as PTSA President at Nautilus Middle School from 2020 to 2022. Preserving and strengthening Miami Beach\u2019s legacy has always been central to her work.","og_url":"https:\/\/www.miamibeachfl.gov\/ht\/staff\/commissioner-monica-matteo-salinas\/","og_site_name":"City of Miami Beach","article_publisher":"https:\/\/www.facebook.com\/cityofmiamibeach","article_modified_time":"2025-12-15T14:31:16+00:00","og_image":[{"width":249,"height":250,"url":"https:\/\/www.miamibeachfl.gov\/wp-content\/uploads\/2023\/07\/Monica-Matteo-Salinas-commissioner-YellowOutline.png","type":"image\/png"}],"twitter_card":"summary_large_image","twitter_site":"@Miamibeachnews","schema":{"@context":"https:\/\/schema.org","@graph":[{"@type":"WebPage","@id":"https:\/\/www.miamibeachfl.gov\/staff\/commissioner-monica-matteo-salinas\/","url":"https:\/\/www.miamibeachfl.gov\/staff\/commissioner-monica-matteo-salinas\/","name":"Monica Matteo-Salinas Gwoup 1 - Vil Miami Beach","isPartOf":{"@id":"https:\/\/www.miamibeachfl.gov\/#website"},"primaryImageOfPage":{"@id":"https:\/\/www.miamibeachfl.gov\/staff\/commissioner-monica-matteo-salinas\/#primaryimage"},"image":{"@id":"https:\/\/www.miamibeachfl.gov\/staff\/commissioner-monica-matteo-salinas\/#primaryimage"},"thumbnailUrl":"https:\/\/www.miamibeachfl.gov\/wp-content\/uploads\/2023\/07\/Monica-Matteo-Salinas-commissioner-YellowOutline.png","datePublished":"2023-07-19T13:27:42+00:00","dateModified":"2025-12-15T14:31:16+00:00","description":"Monica Matteo-Salinas fy\u00e8 d\u00e8ske li rele Miami Beach lakay li depi s\u00e8z ane. L ap leve de pitit gason l yo isit la, toulede el\u00e8v nan Miami Beach Senior High School. Angajman li anv\u00e8 lek\u00f2l lokal yo te dire lontan: li te vin aktif nan PTA a l\u00e8 pitit gason l yo te ale nan South Pointe Elementary epi pita li te s\u00e8vi k\u00f2m Prezidan PTSA nan Nautilus Middle School soti 2020 rive 2022. Prez\u00e8ve ak ranf\u00f2se eritaj Miami Beach te toujou santral nan travay li.","breadcrumb":{"@id":"https:\/\/www.miamibeachfl.gov\/staff\/commissioner-monica-matteo-salinas\/#breadcrumb"},"inLanguage":"ht","potentialAction":[{"@type":"ReadAction","target":["https:\/\/www.miamibeachfl.gov\/staff\/commissioner-monica-matteo-salinas\/"]}]},{"@type":"ImageObject","inLanguage":"ht","@id":"https:\/\/www.miamibeachfl.gov\/staff\/commissioner-monica-matteo-salinas\/#primaryimage","url":"https:\/\/www.miamibeachfl.gov\/wp-content\/uploads\/2023\/07\/Monica-Matteo-Salinas-commissioner-YellowOutline.png","contentUrl":"https:\/\/www.miamibeachfl.gov\/wp-content\/uploads\/2023\/07\/Monica-Matteo-Salinas-commissioner-YellowOutline.png","width":249,"height":250,"caption":"Commissioner Monica Matteo-Salinas"},{"@type":"BreadcrumbList","@id":"https:\/\/www.miamibeachfl.gov\/staff\/commissioner-monica-matteo-salinas\/#breadcrumb","itemListElement":[{"@type":"ListItem","position":1,"name":"Home","item":"https:\/\/www.miamibeachfl.gov\/"},{"@type":"ListItem","position":2,"name":"Staff","item":"https:\/\/www.miamibeachfl.gov\/staff\/"},{"@type":"ListItem","position":3,"name":"Monica Matteo-Salinas Group 1"}]},{"@type":"WebSite","@id":"https:\/\/www.miamibeachfl.gov\/#website","url":"https:\/\/www.miamibeachfl.gov\/","name":"Vil Miami Beach","description":"Sitw\u00e8b ofisy\u00e8l Vil Miami Beach la. Rete enf\u00f2me, jwenn enf\u00f2masyon enp\u00f2tan sou s\u00e8vis vil la, nouv\u00e8l, al\u00e8t, ev\u00e8nman, wout tramway, travay gouv\u00e8nman an ak plis ank\u00f2.","publisher":{"@id":"https:\/\/www.miamibeachfl.gov\/#organization"},"potentialAction":[{"@type":"SearchAction","target":{"@type":"EntryPoint","urlTemplate":"https:\/\/www.miamibeachfl.gov\/?s={search_term_string}"},"query-input":{"@type":"PropertyValueSpecification","valueRequired":true,"valueName":"search_term_string"}}],"inLanguage":"ht"},{"@type":"Organization","@id":"https:\/\/www.miamibeachfl.gov\/#organization","name":"Vil Miami Beach","url":"https:\/\/www.miamibeachfl.gov\/","logo":{"@type":"ImageObject","inLanguage":"ht","@id":"https:\/\/www.miamibeachfl.gov\/#\/schema\/logo\/image\/","url":"https:\/\/www.miamibeachfl.gov\/wp-content\/uploads\/2022\/06\/miamibeach-logoblue.png","contentUrl":"https:\/\/www.miamibeachfl.gov\/wp-content\/uploads\/2022\/06\/miamibeach-logoblue.png","width":1962,"height":381,"caption":"City of Miami Beach"},"image":{"@id":"https:\/\/www.miamibeachfl.gov\/#\/schema\/logo\/image\/"},"sameAs":["https:\/\/www.facebook.com\/cityofmiamibeach","https:\/\/x.com\/Miamibeachnews","https:\/\/www.instagram.com\/miamibeachnews\/"],"description":"Sitw\u00e8b ofisy\u00e8l Vil Miami Beach la. Rete enf\u00f2me, jwenn enf\u00f2masyon enp\u00f2tan sou s\u00e8vis vil la, nouv\u00e8l, al\u00e8t, ev\u00e8nman, wout tramway, travay gouv\u00e8nman an ak plis ank\u00f2.","telephone":"305.604.CITY(2489)","legalName":"City of Miami Beach"}]}},"_links":{"self":[{"href":"https:\/\/www.miamibeachfl.gov\/ht\/wp-json\/wp\/v2\/pages\/265320","targetHints":{"allow":["GET"]}}],"collection":[{"href":"https:\/\/www.miamibeachfl.gov\/ht\/wp-json\/wp\/v2\/pages"}],"about":[{"href":"https:\/\/www.miamibeachfl.gov\/ht\/wp-json\/wp\/v2\/types\/page"}],"author":[{"embeddable":true,"href":"https:\/\/www.miamibeachfl.gov\/ht\/wp-json\/wp\/v2\/users\/222"}],"replies":[{"embeddable":true,"href":"https:\/\/www.miamibeachfl.gov\/ht\/wp-json\/wp\/v2\/comments?post=265320"}],"version-history":[{"count":4,"href":"https:\/\/www.miamibeachfl.gov\/ht\/wp-json\/wp\/v2\/pages\/265320\/revisions"}],"predecessor-version":[{"id":393408,"href":"https:\/\/www.miamibeachfl.gov\/ht\/wp-json\/wp\/v2\/pages\/265320\/revisions\/393408"}],"up":[{"embeddable":true,"href":"https:\/\/www.miamibeachfl.gov\/ht\/wp-json\/wp\/v2\/pages\/261112"}],"wp:featuredmedia":[{"embeddable":true,"href":"https:\/\/www.miamibeachfl.gov\/ht\/wp-json\/wp\/v2\/media\/393405"}],"wp:attachment":[{"href":"https:\/\/www.miamibeachfl.gov\/ht\/wp-json\/wp\/v2\/media?parent=265320"}],"wp:term":[{"taxonomy":"category","embeddable":true,"href":"https:\/\/www.miamibeachfl.gov\/ht\/wp-json\/wp\/v2\/categories?post=265320"},{"taxonomy":"post_tag","embeddable":true,"href":"https:\/\/www.miamibeachfl.gov\/ht\/wp-json\/wp\/v2\/tags?post=265320"}],"curies":[{"name":"wp","href":"https:\/\/api.w.org\/{rel}","templated":true}]}}