{"id":265422,"date":"2023-07-19T11:56:55","date_gmt":"2023-07-19T15:56:55","guid":{"rendered":"https:\/\/www.miamibeachfl.gov\/?page_id=265422"},"modified":"2025-06-07T16:29:08","modified_gmt":"2025-06-07T20:29:08","slug":"mayor-steven-meiner","status":"publish","type":"page","link":"https:\/\/www.miamibeachfl.gov\/ht\/egovapp\/mayor-and-commissioners\/mayor-steven-meiner\/","title":{"rendered":"Majistra Steven Meiner"},"content":{"rendered":"<p><a role=\"button\" href=\"https:\/\/www.miamibeachfl.gov\/ht\/egovapp\/mayor-and-commissioners\/\" target=\"_self\" rel=\"noopener\"> Retounen bay Majistra a ak Komisyon an <\/a> <img decoding=\"async\" title=\"Majistra DanGelber\" src=\"https:\/\/www.miamibeachfl.gov\/wp-content\/uploads\/bb-plugin\/cache\/MayorDanGelber-circle.png\" alt=\"Mayor Dan Gelber\" \/><\/p>\r\n<h1>Majistra Dan Gelber<\/h1>\r\n<ul>\r\n<li>\r\n<h3>DanGelber@miamibeachfl.gov<\/h3>\r\n<\/li>\r\n<li>\r\n<h3>305.673.7035<\/h3>\r\n<\/li>\r\n<li>\r\n<h3>1700 Convention Center Drive, Miami Beach, FL 33139<\/h3>\r\n<\/li>\r\n<li>\r\n<h3>Lendi \u2013 Vandredi | 9AM \u2013 5PM<\/h3>\r\n<\/li>\r\n<\/ul>\r\n<ul>\r\n<li>\r\n<h3>Asistan Majistra a:<\/h3>\r\n<p><strong>Danielle Mejia<\/strong><br \/>Adjwen Ch\u00e8f Kabin\u00e8<\/p>\r\n<\/li>\r\n<li>\r\n<h3>daniellemejia@miamibeachfl.gov<\/h3>\r\n<\/li>\r\n<li>\r\n<h3>305.673.7035 Ekstansyon 26292<\/h3>\r\n<\/li>\r\n<\/ul>\r\n<h2>Premye eli: 2017<\/h2>\r\n<p>Dan Gelber se 38y\u00e8m Majistra Miami Beach. Yon bousye Truman ameriken nan kol\u00e8j ak nan fakilte dwa, Dan te s\u00e8vi k\u00f2m yon pwokir\u00e8 federal dekore nan Sid Florid. Ansyen Senat\u00e8 Sam Nunn te nonmen l apre sa pou dirije prestijye Soukomite P\u00e8manan Sena Ameriken an sou Envestigasyon kote li te dirije envestigasyon sou fwod, gaspiyaj ak abi nan gouv\u00e8nman an ak nan lit kont teworis. Li te retounen nan Sid Florid epi li te s\u00e8vi pandan yon deseni nan lejislati eta a - Chanm Reprezantan ak Sena - kote yo te chwazi l inanimman k\u00f2m Lid\u00e8 Demokrat la. Dan pratike lalwa nan kabin\u00e8 avoka Gelber Schachter Greenberg LLP epi li enskri nan...\u00a0<em>Pi bon avoka Amerik yo<\/em>\u00a0epi li se s\u00e8l avoka Florid ki te rive jwenn klasman &quot;Pratikan Eminan&quot; nan dom\u00e8n pratik li an\u00a0<em>Chanm Etazini<\/em>.<\/p>\r\n<p>Dan marye ak Joan Silverstein, yon Pwokir\u00e8 Federal ki nan kary\u00e8 li, epi yo gen twa timoun granmoun ak de chen ki pr\u00e8ske drese. Dan aktif nan pwogram Big Brothers la, yo te mete l nan pwogram nan.\u00a0<a href=\"https:\/\/now.tufts.edu\/2015\/12\/17\/story-big-brother\">menm ti fr\u00e8 a pandan plizy\u00e8 diz\u00e8n ane<\/a>Papa Dan, Seymour, te 33y\u00e8m majistra Vil nou an; manman l, Edith, te yon pwofes\u00e8 lek\u00f2l lokal ke tout moun te renmen anpil.<\/p>","protected":false},"excerpt":{"rendered":"<p>Back to Mayor and Commission Mayor Dan Gelber DanGelber@miamibeachfl.gov 305.673.7035 1700 Convention Center Drive, Miami Beach, FL 33139 Monday &#8211; [&hellip;]<\/p>\n","protected":false},"author":222,"featured_media":265315,"parent":265385,"menu_order":29,"comment_status":"closed","ping_status":"closed","template":"","meta":{"_searchwp_excluded":"1","site-sidebar-layout":"default","site-content-layout":"","ast-site-content-layout":"","site-content-style":"default","site-sidebar-style":"default","ast-global-header-display":"disabled","ast-banner-title-visibility":"","ast-main-header-display":"","ast-hfb-above-header-display":"","ast-hfb-below-header-display":"","ast-hfb-mobile-header-display":"","site-post-title":"","ast-breadcrumbs-content":"","ast-featured-img":"","footer-sml-layout":"disabled","ast-disable-related-posts":"","theme-transparent-header-meta":"","adv-header-id-meta":"","stick-header-meta":"","header-above-stick-meta":"","header-main-stick-meta":"","header-below-stick-meta":"","astra-migrate-meta-layouts":"default","ast-page-background-enabled":"default","ast-page-background-meta":{"desktop":{"background-color":"var(--ast-global-color-5)","background-image":"","background-repeat":"repeat","background-position":"center center","background-size":"auto","background-attachment":"scroll","background-type":"","background-media":"","overlay-type":"","overlay-color":"","overlay-opacity":"","overlay-gradient":""},"tablet":{"background-color":"","background-image":"","background-repeat":"repeat","background-position":"center center","background-size":"auto","background-attachment":"scroll","background-type":"","background-media":"","overlay-type":"","overlay-color":"","overlay-opacity":"","overlay-gradient":""},"mobile":{"background-color":"","background-image":"","background-repeat":"repeat","background-position":"center center","background-size":"auto","background-attachment":"scroll","background-type":"","background-media":"","overlay-type":"","overlay-color":"","overlay-opacity":"","overlay-gradient":""}},"ast-content-background-meta":{"desktop":{"background-color":"var(--ast-global-color-4)","background-image":"","background-repeat":"repeat","background-position":"center center","background-size":"auto","background-attachment":"scroll","background-type":"","background-media":"","overlay-type":"","overlay-color":"","overlay-opacity":"","overlay-gradient":""},"tablet":{"background-color":"var(--ast-global-color-4)","background-image":"","background-repeat":"repeat","background-position":"center center","background-size":"auto","background-attachment":"scroll","background-type":"","background-media":"","overlay-type":"","overlay-color":"","overlay-opacity":"","overlay-gradient":""},"mobile":{"background-color":"var(--ast-global-color-4)","background-image":"","background-repeat":"repeat","background-position":"center center","background-size":"auto","background-attachment":"scroll","background-type":"","background-media":"","overlay-type":"","overlay-color":"","overlay-opacity":"","overlay-gradient":""}},"footnotes":""},"categories":[],"tags":[1002,997],"class_list":["post-265422","page","type-page","status-publish","has-post-thumbnail","hentry","tag-app-egov-page","tag-steven-meiner-egovapp"],"yoast_head":"<!-- This site is optimized with the Yoast SEO Premium plugin v27.4 (Yoast SEO v27.4) - https:\/\/yoast.com\/product\/yoast-seo-premium-wordpress\/ -->\n<title>Mayor Steven Meiner - City of Miami Beach<\/title>\n<meta name=\"description\" content=\"Dan Gelber is the 38th\u00a0Mayor of Miami Beach. A U.S. Truman Scholar in college and law school, Dan served as a decorated federal prosecutor in South Florida. He was subsequently appointed by former Senator Sam Nunn to direct the U.S. Senate&#039;s prestigious Permanent Subcommittee on Investigations where he led investigations into fraud, waste and abuse in government and counterterrorism.\u00a0\" \/>\n<meta name=\"robots\" content=\"index, follow, max-snippet:-1, max-image-preview:large, max-video-preview:-1\" \/>\n<link rel=\"canonical\" href=\"https:\/\/www.miamibeachfl.gov\/ht\/egovapp\/mayor-and-commissioners\/mayor-steven-meiner\/\" \/>\n<meta property=\"og:locale\" content=\"ht_HT\" \/>\n<meta property=\"og:type\" content=\"article\" \/>\n<meta property=\"og:title\" content=\"Mayor Steven Meiner\" \/>\n<meta property=\"og:description\" content=\"Dan Gelber is the 38th\u00a0Mayor of Miami Beach. A U.S. Truman Scholar in college and law school, Dan served as a decorated federal prosecutor in South Florida. He was subsequently appointed by former Senator Sam Nunn to direct the U.S. Senate&#039;s prestigious Permanent Subcommittee on Investigations where he led investigations into fraud, waste and abuse in government and counterterrorism.\u00a0\" \/>\n<meta property=\"og:url\" content=\"https:\/\/www.miamibeachfl.gov\/ht\/egovapp\/mayor-and-commissioners\/mayor-steven-meiner\/\" \/>\n<meta property=\"og:site_name\" content=\"City of Miami Beach\" \/>\n<meta property=\"article:publisher\" content=\"https:\/\/www.facebook.com\/cityofmiamibeach\" \/>\n<meta property=\"article:modified_time\" content=\"2025-06-07T20:29:08+00:00\" \/>\n<meta property=\"og:image\" content=\"https:\/\/www.miamibeachfl.gov\/wp-content\/uploads\/2023\/07\/MayorDanGelber.png\" \/>\n\t<meta property=\"og:image:width\" content=\"249\" \/>\n\t<meta property=\"og:image:height\" content=\"250\" \/>\n\t<meta property=\"og:image:type\" content=\"image\/png\" \/>\n<meta name=\"twitter:card\" content=\"summary_large_image\" \/>\n<meta name=\"twitter:site\" content=\"@Miamibeachnews\" \/>\n<script type=\"application\/ld+json\" class=\"yoast-schema-graph\">{\"@context\":\"https:\\\/\\\/schema.org\",\"@graph\":[{\"@type\":\"WebPage\",\"@id\":\"https:\\\/\\\/www.miamibeachfl.gov\\\/egovapp\\\/mayor-and-commissioners\\\/mayor-steven-meiner\\\/\",\"url\":\"https:\\\/\\\/www.miamibeachfl.gov\\\/egovapp\\\/mayor-and-commissioners\\\/mayor-steven-meiner\\\/\",\"name\":\"Mayor Steven Meiner - City of Miami Beach\",\"isPartOf\":{\"@id\":\"https:\\\/\\\/www.miamibeachfl.gov\\\/#website\"},\"primaryImageOfPage\":{\"@id\":\"https:\\\/\\\/www.miamibeachfl.gov\\\/egovapp\\\/mayor-and-commissioners\\\/mayor-steven-meiner\\\/#primaryimage\"},\"image\":{\"@id\":\"https:\\\/\\\/www.miamibeachfl.gov\\\/egovapp\\\/mayor-and-commissioners\\\/mayor-steven-meiner\\\/#primaryimage\"},\"thumbnailUrl\":\"https:\\\/\\\/www.miamibeachfl.gov\\\/wp-content\\\/uploads\\\/2023\\\/07\\\/MayorDanGelber.png\",\"datePublished\":\"2023-07-19T15:56:55+00:00\",\"dateModified\":\"2025-06-07T20:29:08+00:00\",\"description\":\"Dan Gelber is the 38th\u00a0Mayor of Miami Beach. A U.S. Truman Scholar in college and law school, Dan served as a decorated federal prosecutor in South Florida. He was subsequently appointed by former Senator Sam Nunn to direct the U.S. Senate's prestigious Permanent Subcommittee on Investigations where he led investigations into fraud, waste and abuse in government and counterterrorism.\u00a0\",\"breadcrumb\":{\"@id\":\"https:\\\/\\\/www.miamibeachfl.gov\\\/egovapp\\\/mayor-and-commissioners\\\/mayor-steven-meiner\\\/#breadcrumb\"},\"inLanguage\":\"ht\",\"potentialAction\":[{\"@type\":\"ReadAction\",\"target\":[\"https:\\\/\\\/www.miamibeachfl.gov\\\/egovapp\\\/mayor-and-commissioners\\\/mayor-steven-meiner\\\/\"]}]},{\"@type\":\"ImageObject\",\"inLanguage\":\"ht\",\"@id\":\"https:\\\/\\\/www.miamibeachfl.gov\\\/egovapp\\\/mayor-and-commissioners\\\/mayor-steven-meiner\\\/#primaryimage\",\"url\":\"https:\\\/\\\/www.miamibeachfl.gov\\\/wp-content\\\/uploads\\\/2023\\\/07\\\/MayorDanGelber.png\",\"contentUrl\":\"https:\\\/\\\/www.miamibeachfl.gov\\\/wp-content\\\/uploads\\\/2023\\\/07\\\/MayorDanGelber.png\",\"width\":249,\"height\":250,\"caption\":\"Mayor Dan Gelber\"},{\"@type\":\"BreadcrumbList\",\"@id\":\"https:\\\/\\\/www.miamibeachfl.gov\\\/egovapp\\\/mayor-and-commissioners\\\/mayor-steven-meiner\\\/#breadcrumb\",\"itemListElement\":[{\"@type\":\"ListItem\",\"position\":1,\"name\":\"Home\",\"item\":\"https:\\\/\\\/www.miamibeachfl.gov\\\/\"},{\"@type\":\"ListItem\",\"position\":2,\"name\":\"MobileAppPages\",\"item\":\"https:\\\/\\\/www.miamibeachfl.gov\\\/egovapp\\\/\"},{\"@type\":\"ListItem\",\"position\":3,\"name\":\"Mayor and Commissioners\",\"item\":\"https:\\\/\\\/www.miamibeachfl.gov\\\/egovapp\\\/mayor-and-commissioners\\\/\"},{\"@type\":\"ListItem\",\"position\":4,\"name\":\"Mayor Steven Meiner\"}]},{\"@type\":\"WebSite\",\"@id\":\"https:\\\/\\\/www.miamibeachfl.gov\\\/#website\",\"url\":\"https:\\\/\\\/www.miamibeachfl.gov\\\/\",\"name\":\"City of Miami Beach\",\"description\":\"The official website of the City of Miami Beach. Stay informed, find important information on city services, news, alerts, events, trolley routes, government employment and more.\",\"publisher\":{\"@id\":\"https:\\\/\\\/www.miamibeachfl.gov\\\/#organization\"},\"potentialAction\":[{\"@type\":\"SearchAction\",\"target\":{\"@type\":\"EntryPoint\",\"urlTemplate\":\"https:\\\/\\\/www.miamibeachfl.gov\\\/?s={search_term_string}\"},\"query-input\":{\"@type\":\"PropertyValueSpecification\",\"valueRequired\":true,\"valueName\":\"search_term_string\"}}],\"inLanguage\":\"ht\"},{\"@type\":\"Organization\",\"@id\":\"https:\\\/\\\/www.miamibeachfl.gov\\\/#organization\",\"name\":\"City of Miami Beach\",\"url\":\"https:\\\/\\\/www.miamibeachfl.gov\\\/\",\"logo\":{\"@type\":\"ImageObject\",\"inLanguage\":\"ht\",\"@id\":\"https:\\\/\\\/www.miamibeachfl.gov\\\/#\\\/schema\\\/logo\\\/image\\\/\",\"url\":\"https:\\\/\\\/www.miamibeachfl.gov\\\/wp-content\\\/uploads\\\/2022\\\/06\\\/miamibeach-logoblue.png\",\"contentUrl\":\"https:\\\/\\\/www.miamibeachfl.gov\\\/wp-content\\\/uploads\\\/2022\\\/06\\\/miamibeach-logoblue.png\",\"width\":1962,\"height\":381,\"caption\":\"City of Miami Beach\"},\"image\":{\"@id\":\"https:\\\/\\\/www.miamibeachfl.gov\\\/#\\\/schema\\\/logo\\\/image\\\/\"},\"sameAs\":[\"https:\\\/\\\/www.facebook.com\\\/cityofmiamibeach\",\"https:\\\/\\\/x.com\\\/Miamibeachnews\",\"https:\\\/\\\/www.instagram.com\\\/miamibeachnews\\\/\"],\"description\":\"The official website of the City of Miami Beach. Stay informed, find important information on city services, news, alerts, events, trolley routes, government employment and more.\",\"telephone\":\"305.604.CITY(2489)\",\"legalName\":\"City of Miami Beach\"}]}<\/script>\n<!-- \/ Yoast SEO Premium plugin. -->","yoast_head_json":{"title":"Majistra Steven Meiner - Vil Miami Beach","description":"Dan Gelber se 38y\u00e8m Majistra Miami Beach. Yon bousye Truman ameriken nan kol\u00e8j ak nan fakilte dwa, Dan te s\u00e8vi k\u00f2m yon pwokir\u00e8 federal dekore nan Sid Florid. Ansyen Senat\u00e8 Sam Nunn te nonmen l apre sa pou dirije prestijye Soukomite P\u00e8manan Sena Ameriken an sou Envestigasyon kote li te dirije envestigasyon sou fwod, gaspiyaj ak abi nan gouv\u00e8nman an ak nan lit kont teworis.\u00a0","robots":{"index":"index","follow":"follow","max-snippet":"max-snippet:-1","max-image-preview":"max-image-preview:large","max-video-preview":"max-video-preview:-1"},"canonical":"https:\/\/www.miamibeachfl.gov\/ht\/egovapp\/mayor-and-commissioners\/mayor-steven-meiner\/","og_locale":"ht_HT","og_type":"article","og_title":"Mayor Steven Meiner","og_description":"Dan Gelber is the 38th\u00a0Mayor of Miami Beach. A U.S. Truman Scholar in college and law school, Dan served as a decorated federal prosecutor in South Florida. He was subsequently appointed by former Senator Sam Nunn to direct the U.S. Senate's prestigious Permanent Subcommittee on Investigations where he led investigations into fraud, waste and abuse in government and counterterrorism.\u00a0","og_url":"https:\/\/www.miamibeachfl.gov\/ht\/egovapp\/mayor-and-commissioners\/mayor-steven-meiner\/","og_site_name":"City of Miami Beach","article_publisher":"https:\/\/www.facebook.com\/cityofmiamibeach","article_modified_time":"2025-06-07T20:29:08+00:00","og_image":[{"width":249,"height":250,"url":"https:\/\/www.miamibeachfl.gov\/wp-content\/uploads\/2023\/07\/MayorDanGelber.png","type":"image\/png"}],"twitter_card":"summary_large_image","twitter_site":"@Miamibeachnews","schema":{"@context":"https:\/\/schema.org","@graph":[{"@type":"WebPage","@id":"https:\/\/www.miamibeachfl.gov\/egovapp\/mayor-and-commissioners\/mayor-steven-meiner\/","url":"https:\/\/www.miamibeachfl.gov\/egovapp\/mayor-and-commissioners\/mayor-steven-meiner\/","name":"Majistra Steven Meiner - Vil Miami Beach","isPartOf":{"@id":"https:\/\/www.miamibeachfl.gov\/#website"},"primaryImageOfPage":{"@id":"https:\/\/www.miamibeachfl.gov\/egovapp\/mayor-and-commissioners\/mayor-steven-meiner\/#primaryimage"},"image":{"@id":"https:\/\/www.miamibeachfl.gov\/egovapp\/mayor-and-commissioners\/mayor-steven-meiner\/#primaryimage"},"thumbnailUrl":"https:\/\/www.miamibeachfl.gov\/wp-content\/uploads\/2023\/07\/MayorDanGelber.png","datePublished":"2023-07-19T15:56:55+00:00","dateModified":"2025-06-07T20:29:08+00:00","description":"Dan Gelber se 38y\u00e8m Majistra Miami Beach. Yon bousye Truman ameriken nan kol\u00e8j ak nan fakilte dwa, Dan te s\u00e8vi k\u00f2m yon pwokir\u00e8 federal dekore nan Sid Florid. Ansyen Senat\u00e8 Sam Nunn te nonmen l apre sa pou dirije prestijye Soukomite P\u00e8manan Sena Ameriken an sou Envestigasyon kote li te dirije envestigasyon sou fwod, gaspiyaj ak abi nan gouv\u00e8nman an ak nan lit kont teworis.\u00a0","breadcrumb":{"@id":"https:\/\/www.miamibeachfl.gov\/egovapp\/mayor-and-commissioners\/mayor-steven-meiner\/#breadcrumb"},"inLanguage":"ht","potentialAction":[{"@type":"ReadAction","target":["https:\/\/www.miamibeachfl.gov\/egovapp\/mayor-and-commissioners\/mayor-steven-meiner\/"]}]},{"@type":"ImageObject","inLanguage":"ht","@id":"https:\/\/www.miamibeachfl.gov\/egovapp\/mayor-and-commissioners\/mayor-steven-meiner\/#primaryimage","url":"https:\/\/www.miamibeachfl.gov\/wp-content\/uploads\/2023\/07\/MayorDanGelber.png","contentUrl":"https:\/\/www.miamibeachfl.gov\/wp-content\/uploads\/2023\/07\/MayorDanGelber.png","width":249,"height":250,"caption":"Mayor Dan Gelber"},{"@type":"BreadcrumbList","@id":"https:\/\/www.miamibeachfl.gov\/egovapp\/mayor-and-commissioners\/mayor-steven-meiner\/#breadcrumb","itemListElement":[{"@type":"ListItem","position":1,"name":"Home","item":"https:\/\/www.miamibeachfl.gov\/"},{"@type":"ListItem","position":2,"name":"MobileAppPages","item":"https:\/\/www.miamibeachfl.gov\/egovapp\/"},{"@type":"ListItem","position":3,"name":"Mayor and Commissioners","item":"https:\/\/www.miamibeachfl.gov\/egovapp\/mayor-and-commissioners\/"},{"@type":"ListItem","position":4,"name":"Mayor Steven Meiner"}]},{"@type":"WebSite","@id":"https:\/\/www.miamibeachfl.gov\/#website","url":"https:\/\/www.miamibeachfl.gov\/","name":"Vil Miami Beach","description":"Sitw\u00e8b ofisy\u00e8l Vil Miami Beach la. Rete enf\u00f2me, jwenn enf\u00f2masyon enp\u00f2tan sou s\u00e8vis vil la, nouv\u00e8l, al\u00e8t, ev\u00e8nman, wout tramway, travay gouv\u00e8nman an ak plis ank\u00f2.","publisher":{"@id":"https:\/\/www.miamibeachfl.gov\/#organization"},"potentialAction":[{"@type":"SearchAction","target":{"@type":"EntryPoint","urlTemplate":"https:\/\/www.miamibeachfl.gov\/?s={search_term_string}"},"query-input":{"@type":"PropertyValueSpecification","valueRequired":true,"valueName":"search_term_string"}}],"inLanguage":"ht"},{"@type":"Organization","@id":"https:\/\/www.miamibeachfl.gov\/#organization","name":"Vil Miami Beach","url":"https:\/\/www.miamibeachfl.gov\/","logo":{"@type":"ImageObject","inLanguage":"ht","@id":"https:\/\/www.miamibeachfl.gov\/#\/schema\/logo\/image\/","url":"https:\/\/www.miamibeachfl.gov\/wp-content\/uploads\/2022\/06\/miamibeach-logoblue.png","contentUrl":"https:\/\/www.miamibeachfl.gov\/wp-content\/uploads\/2022\/06\/miamibeach-logoblue.png","width":1962,"height":381,"caption":"City of Miami Beach"},"image":{"@id":"https:\/\/www.miamibeachfl.gov\/#\/schema\/logo\/image\/"},"sameAs":["https:\/\/www.facebook.com\/cityofmiamibeach","https:\/\/x.com\/Miamibeachnews","https:\/\/www.instagram.com\/miamibeachnews\/"],"description":"Sitw\u00e8b ofisy\u00e8l Vil Miami Beach la. Rete enf\u00f2me, jwenn enf\u00f2masyon enp\u00f2tan sou s\u00e8vis vil la, nouv\u00e8l, al\u00e8t, ev\u00e8nman, wout tramway, travay gouv\u00e8nman an ak plis ank\u00f2.","telephone":"305.604.CITY(2489)","legalName":"City of Miami Beach"}]}},"_links":{"self":[{"href":"https:\/\/www.miamibeachfl.gov\/ht\/wp-json\/wp\/v2\/pages\/265422","targetHints":{"allow":["GET"]}}],"collection":[{"href":"https:\/\/www.miamibeachfl.gov\/ht\/wp-json\/wp\/v2\/pages"}],"about":[{"href":"https:\/\/www.miamibeachfl.gov\/ht\/wp-json\/wp\/v2\/types\/page"}],"author":[{"embeddable":true,"href":"https:\/\/www.miamibeachfl.gov\/ht\/wp-json\/wp\/v2\/users\/222"}],"replies":[{"embeddable":true,"href":"https:\/\/www.miamibeachfl.gov\/ht\/wp-json\/wp\/v2\/comments?post=265422"}],"version-history":[{"count":0,"href":"https:\/\/www.miamibeachfl.gov\/ht\/wp-json\/wp\/v2\/pages\/265422\/revisions"}],"up":[{"embeddable":true,"href":"https:\/\/www.miamibeachfl.gov\/ht\/wp-json\/wp\/v2\/pages\/265385"}],"wp:featuredmedia":[{"embeddable":true,"href":"https:\/\/www.miamibeachfl.gov\/ht\/wp-json\/wp\/v2\/media\/265315"}],"wp:attachment":[{"href":"https:\/\/www.miamibeachfl.gov\/ht\/wp-json\/wp\/v2\/media?parent=265422"}],"wp:term":[{"taxonomy":"category","embeddable":true,"href":"https:\/\/www.miamibeachfl.gov\/ht\/wp-json\/wp\/v2\/categories?post=265422"},{"taxonomy":"post_tag","embeddable":true,"href":"https:\/\/www.miamibeachfl.gov\/ht\/wp-json\/wp\/v2\/tags?post=265422"}],"curies":[{"name":"wp","href":"https:\/\/api.w.org\/{rel}","templated":true}]}}