{"id":265444,"date":"2023-07-19T13:25:00","date_gmt":"2023-07-19T17:25:00","guid":{"rendered":"https:\/\/www.miamibeachfl.gov\/?page_id=265444"},"modified":"2025-06-07T16:24:03","modified_gmt":"2025-06-07T20:24:03","slug":"commissioner-alex-fernandez","status":"publish","type":"page","link":"https:\/\/www.miamibeachfl.gov\/ht\/egovapp\/mayor-and-commissioners\/commissioner-alex-fernandez\/","title":{"rendered":"Alex Fernandez <br><span style=\"font-size:18px\">Gwoup 3<\/span>"},"content":{"rendered":"<p><a href=\"https:\/\/www.miamibeachfl.gov\/ht\/egovapp\/mayor-and-commissioners\/\" target=\"_self\" rel=\"noopener\"> Retounen bay Majistra a ak Komisyon an <\/a> <img decoding=\"async\" title=\"AlexFernandez\" src=\"https:\/\/www.miamibeachfl.gov\/wp-content\/uploads\/bb-plugin\/cache\/AlexFernandez-circle.png\" alt=\"AlexFernandez\" \/><\/p>\r\n<h1>Alex J. Fernandez<\/h1>\r\n<h2>Komis\u00e8<\/h2>\r\n<ul>\r\n<li>\r\n<h3>Alex@miamibeachfl.gov<\/h3>\r\n<\/li>\r\n<li>\r\n<h3>305.673.7106<\/h3>\r\n<\/li>\r\n<\/ul>\r\n<ul>\r\n<li>\r\n<h3>Gwoup 3<\/h3>\r\n<\/li>\r\n<li>\r\n<h3>Asistan Komisyon an:<\/h3>\r\n<p>Monica Salinas<\/p>\r\n<\/li>\r\n<li>\r\n<h3>MonicaSalinas@miamibeachfl.gov<\/h3>\r\n<\/li>\r\n<li>\r\n<h3>305.673.7000 Ekstansyon: 26083<\/h3>\r\n<\/li>\r\n<\/ul>\r\n<p><a href=\"https:\/\/www.miamibeachfl.gov\/wp-content\/uploads\/2025\/01\/2024-Legislative-Recap-Commissioner-Alex-Fernandez.pdf\" target=\"_blank\" rel=\"noopener\"> <img loading=\"lazy\" decoding=\"async\" title=\"Rezime Lejislatif 2024 la, Komis\u00e8 Alex Fernandez\" src=\"https:\/\/www.miamibeachfl.gov\/wp-content\/uploads\/2023\/07\/2024-Legislative-Recap-Commissioner-Alex-Fernandez.jpg\" alt=\"Alex Fernandez Legislative Recap Download pdf\" width=\"300\" height=\"448\" \/> <\/a><\/p>\r\n<h2><a title=\"TELECHAJE DOKIMAN AN\" href=\"https:\/\/www.miamibeachfl.gov\/wp-content\/uploads\/2025\/01\/2024-Legislative-Recap-Commissioner-Alex-Fernandez.pdf\" target=\"_blank\" rel=\"noopener\"> TELECHAJE DOKIMAN AN <\/a><\/h2>\r\n<p>Alex J. Fernandez se yon Ameriken premye jenerasyon ki f\u00e8t nan ekzil Kiben ki te vin Ozetazini pou ch\u00e8che yon pi bon lavi ak lib\u00e8te anba opresyon. Depi li te tou piti, paran li, Jose ak Mayra, te enspire nan li menm ak gran fr\u00e8 li, Jorge, responsablite pou bay an retou ak devwa pou s\u00e8vi l\u00f2t moun - espesyalman moun k ap soufri akoz povrete, moun ki pa gen kay, ak moun k ap dejwe.<\/p>\r\n<p>Alex gen yon pasyon pou s\u00e8vis piblik epi li pote de deseni eksperyans nan gouv\u00e8nman an ak lejislatif. Anvan yo te eli li ak pr\u00e8ske 60% nan v\u00f2t yo, Alex te devlope yon long dosye angajman sivik. Li te s\u00e8vi k\u00f2m yon manm nan Kons\u00e8y Planifikasyon Miami Beach ak Charter Review Taskforce epi li te s\u00e8vi k\u00f2m prezidan Komite Relasyon Lapolis\/Sitwayen Miami Beach ak Komite Af\u00e8 Ispanik yo. Nan kapasite pwofesyon\u00e8l li, Alex te s\u00e8vi tou nan biwo plizy\u00e8 Komisyon\u00e8 Konte Miami-Dade tankou Onorab Rebeca Sosa ansanm ak ansyen Majistra Miami Beach, Onorab Matti Herrera Bower ak ansyen Komisyon\u00e8 Miami Beach, Onorab Deede Weithorn.<\/p>\r\n<p>Alex rete Mid Beach ak patn\u00e8 li depi 15 an, Robert Wolfarth, ki patisipe tou nan lavi sivik. Robert ak Alex te marye an 2015 nan yon seremoni ki te dirije pa Reprezantan Debbie Wasserman Schultz nan Washington, DC jis k\u00e8k jou anvan jijman istorik Obergefell kont Hodges nan Lakou Sipr\u00e8m nan ki te legalize egalite nan maryaj. Ansanm, yo renmen restore kay istorik nan tan lib yo epi yo te f\u00e8 s\u00e8vis piblik yon pati santral nan lavi yo.<\/p>\r\n<p>Yo te eli Alex Fernandez nan Komisyon Vil Miami Beach nan Gwoup 3 nan dat 16 novanm 2021.<\/p>","protected":false},"excerpt":{"rendered":"<p>Retounen bay Majistra a ak Komisyon an Alex J. Fernandez Komisyon\u00e8 Alex@miamibeachfl.gov 305.673.7106 Gwoup 3 Asistan Komisyon an: Monica Salinas MonicaSalinas@miamibeachfl.gov 305.673.7000 Ekstansyon: [\u2026]<\/p>","protected":false},"author":222,"featured_media":265351,"parent":265385,"menu_order":10,"comment_status":"closed","ping_status":"closed","template":"","meta":{"_searchwp_excluded":"1","site-sidebar-layout":"default","site-content-layout":"","ast-site-content-layout":"","site-content-style":"default","site-sidebar-style":"default","ast-global-header-display":"disabled","ast-banner-title-visibility":"","ast-main-header-display":"","ast-hfb-above-header-display":"","ast-hfb-below-header-display":"","ast-hfb-mobile-header-display":"","site-post-title":"","ast-breadcrumbs-content":"","ast-featured-img":"","footer-sml-layout":"disabled","theme-transparent-header-meta":"","adv-header-id-meta":"","stick-header-meta":"","header-above-stick-meta":"","header-main-stick-meta":"","header-below-stick-meta":"","astra-migrate-meta-layouts":"default","ast-page-background-enabled":"default","ast-page-background-meta":{"desktop":{"background-color":"var(--ast-global-color-5)","background-image":"","background-repeat":"repeat","background-position":"center center","background-size":"auto","background-attachment":"scroll","background-type":"","background-media":"","overlay-type":"","overlay-color":"","overlay-opacity":"","overlay-gradient":""},"tablet":{"background-color":"","background-image":"","background-repeat":"repeat","background-position":"center center","background-size":"auto","background-attachment":"scroll","background-type":"","background-media":"","overlay-type":"","overlay-color":"","overlay-opacity":"","overlay-gradient":""},"mobile":{"background-color":"","background-image":"","background-repeat":"repeat","background-position":"center center","background-size":"auto","background-attachment":"scroll","background-type":"","background-media":"","overlay-type":"","overlay-color":"","overlay-opacity":"","overlay-gradient":""}},"ast-content-background-meta":{"desktop":{"background-color":"var(--ast-global-color-4)","background-image":"","background-repeat":"repeat","background-position":"center center","background-size":"auto","background-attachment":"scroll","background-type":"","background-media":"","overlay-type":"","overlay-color":"","overlay-opacity":"","overlay-gradient":""},"tablet":{"background-color":"var(--ast-global-color-4)","background-image":"","background-repeat":"repeat","background-position":"center center","background-size":"auto","background-attachment":"scroll","background-type":"","background-media":"","overlay-type":"","overlay-color":"","overlay-opacity":"","overlay-gradient":""},"mobile":{"background-color":"var(--ast-global-color-4)","background-image":"","background-repeat":"repeat","background-position":"center center","background-size":"auto","background-attachment":"scroll","background-type":"","background-media":"","overlay-type":"","overlay-color":"","overlay-opacity":"","overlay-gradient":""}},"footnotes":""},"categories":[],"tags":[996,1002,994],"class_list":["post-265444","page","type-page","status-publish","has-post-thumbnail","hentry","tag-alex-fernandez-egovapp","tag-app-egov-page","tag-egovapp-commissioners"],"yoast_head":"<!-- This site is optimized with the Yoast SEO Premium plugin v26.6 (Yoast SEO v26.6) - https:\/\/yoast.com\/wordpress\/plugins\/seo\/ -->\n<title>Alex Fernandez Group 3 - City of Miami Beach<\/title>\n<meta name=\"description\" content=\"Alex J. Fernandez is a first-generation American born to Cuban exiles who came to the United States seeking a better life and freedom from oppression. Since an early age his parents, Jose and Mayra, instilled in him and his older brother, Jorge, the responsibility of giving back and the duty to serve others - especially to those suffering from poverty, homelessness, and addictions.\" \/>\n<meta name=\"robots\" content=\"index, follow, max-snippet:-1, max-image-preview:large, max-video-preview:-1\" \/>\n<link rel=\"canonical\" href=\"https:\/\/www.miamibeachfl.gov\/ht\/egovapp\/mayor-and-commissioners\/commissioner-alex-fernandez\/\" \/>\n<meta property=\"og:locale\" content=\"ht_HT\" \/>\n<meta property=\"og:type\" content=\"article\" \/>\n<meta property=\"og:title\" content=\"Alex Fernandez Group 3\" \/>\n<meta property=\"og:description\" content=\"Alex J. Fernandez is a first-generation American born to Cuban exiles who came to the United States seeking a better life and freedom from oppression. Since an early age his parents, Jose and Mayra, instilled in him and his older brother, Jorge, the responsibility of giving back and the duty to serve others - especially to those suffering from poverty, homelessness, and addictions.\" \/>\n<meta property=\"og:url\" content=\"https:\/\/www.miamibeachfl.gov\/ht\/egovapp\/mayor-and-commissioners\/commissioner-alex-fernandez\/\" \/>\n<meta property=\"og:site_name\" content=\"City of Miami Beach\" \/>\n<meta property=\"article:publisher\" content=\"https:\/\/www.facebook.com\/cityofmiamibeach\" \/>\n<meta property=\"article:modified_time\" content=\"2025-06-07T20:24:03+00:00\" \/>\n<meta property=\"og:image\" content=\"https:\/\/www.miamibeachfl.gov\/wp-content\/uploads\/2023\/07\/AlexFernandez.png\" \/>\n\t<meta property=\"og:image:width\" content=\"249\" \/>\n\t<meta property=\"og:image:height\" content=\"250\" \/>\n\t<meta property=\"og:image:type\" content=\"image\/png\" \/>\n<meta name=\"twitter:card\" content=\"summary_large_image\" \/>\n<meta name=\"twitter:site\" content=\"@Miamibeachnews\" \/>\n<script type=\"application\/ld+json\" class=\"yoast-schema-graph\">{\"@context\":\"https:\/\/schema.org\",\"@graph\":[{\"@type\":\"WebPage\",\"@id\":\"https:\/\/www.miamibeachfl.gov\/egovapp\/mayor-and-commissioners\/commissioner-alex-fernandez\/\",\"url\":\"https:\/\/www.miamibeachfl.gov\/egovapp\/mayor-and-commissioners\/commissioner-alex-fernandez\/\",\"name\":\"Alex Fernandez Group 3 - City of Miami Beach\",\"isPartOf\":{\"@id\":\"https:\/\/www.miamibeachfl.gov\/#website\"},\"primaryImageOfPage\":{\"@id\":\"https:\/\/www.miamibeachfl.gov\/egovapp\/mayor-and-commissioners\/commissioner-alex-fernandez\/#primaryimage\"},\"image\":{\"@id\":\"https:\/\/www.miamibeachfl.gov\/egovapp\/mayor-and-commissioners\/commissioner-alex-fernandez\/#primaryimage\"},\"thumbnailUrl\":\"https:\/\/www.miamibeachfl.gov\/wp-content\/uploads\/2023\/07\/AlexFernandez.png\",\"datePublished\":\"2023-07-19T17:25:00+00:00\",\"dateModified\":\"2025-06-07T20:24:03+00:00\",\"description\":\"Alex J. Fernandez is a first-generation American born to Cuban exiles who came to the United States seeking a better life and freedom from oppression. Since an early age his parents, Jose and Mayra, instilled in him and his older brother, Jorge, the responsibility of giving back and the duty to serve others - especially to those suffering from poverty, homelessness, and addictions.\",\"breadcrumb\":{\"@id\":\"https:\/\/www.miamibeachfl.gov\/egovapp\/mayor-and-commissioners\/commissioner-alex-fernandez\/#breadcrumb\"},\"inLanguage\":\"ht\",\"potentialAction\":[{\"@type\":\"ReadAction\",\"target\":[\"https:\/\/www.miamibeachfl.gov\/egovapp\/mayor-and-commissioners\/commissioner-alex-fernandez\/\"]}]},{\"@type\":\"ImageObject\",\"inLanguage\":\"ht\",\"@id\":\"https:\/\/www.miamibeachfl.gov\/egovapp\/mayor-and-commissioners\/commissioner-alex-fernandez\/#primaryimage\",\"url\":\"https:\/\/www.miamibeachfl.gov\/wp-content\/uploads\/2023\/07\/AlexFernandez.png\",\"contentUrl\":\"https:\/\/www.miamibeachfl.gov\/wp-content\/uploads\/2023\/07\/AlexFernandez.png\",\"width\":249,\"height\":250,\"caption\":\"Commissioner Alex Fernandez\"},{\"@type\":\"BreadcrumbList\",\"@id\":\"https:\/\/www.miamibeachfl.gov\/egovapp\/mayor-and-commissioners\/commissioner-alex-fernandez\/#breadcrumb\",\"itemListElement\":[{\"@type\":\"ListItem\",\"position\":1,\"name\":\"Home\",\"item\":\"https:\/\/www.miamibeachfl.gov\/\"},{\"@type\":\"ListItem\",\"position\":2,\"name\":\"MobileAppPages\",\"item\":\"https:\/\/www.miamibeachfl.gov\/egovapp\/\"},{\"@type\":\"ListItem\",\"position\":3,\"name\":\"Mayor and Commissioners\",\"item\":\"https:\/\/www.miamibeachfl.gov\/egovapp\/mayor-and-commissioners\/\"},{\"@type\":\"ListItem\",\"position\":4,\"name\":\"Alex Fernandez Group 3\"}]},{\"@type\":\"WebSite\",\"@id\":\"https:\/\/www.miamibeachfl.gov\/#website\",\"url\":\"https:\/\/www.miamibeachfl.gov\/\",\"name\":\"City of Miami Beach\",\"description\":\"The official website of the City of Miami Beach. Stay informed, find important information on city services, news, alerts, events, trolley routes, government employment and more.\",\"publisher\":{\"@id\":\"https:\/\/www.miamibeachfl.gov\/#organization\"},\"potentialAction\":[{\"@type\":\"SearchAction\",\"target\":{\"@type\":\"EntryPoint\",\"urlTemplate\":\"https:\/\/www.miamibeachfl.gov\/?s={search_term_string}\"},\"query-input\":{\"@type\":\"PropertyValueSpecification\",\"valueRequired\":true,\"valueName\":\"search_term_string\"}}],\"inLanguage\":\"ht\"},{\"@type\":\"Organization\",\"@id\":\"https:\/\/www.miamibeachfl.gov\/#organization\",\"name\":\"City of Miami Beach\",\"url\":\"https:\/\/www.miamibeachfl.gov\/\",\"logo\":{\"@type\":\"ImageObject\",\"inLanguage\":\"ht\",\"@id\":\"https:\/\/www.miamibeachfl.gov\/#\/schema\/logo\/image\/\",\"url\":\"https:\/\/www.miamibeachfl.gov\/wp-content\/uploads\/2022\/06\/miamibeach-logoblue.png\",\"contentUrl\":\"https:\/\/www.miamibeachfl.gov\/wp-content\/uploads\/2022\/06\/miamibeach-logoblue.png\",\"width\":1962,\"height\":381,\"caption\":\"City of Miami Beach\"},\"image\":{\"@id\":\"https:\/\/www.miamibeachfl.gov\/#\/schema\/logo\/image\/\"},\"sameAs\":[\"https:\/\/www.facebook.com\/cityofmiamibeach\",\"https:\/\/x.com\/Miamibeachnews\",\"https:\/\/www.instagram.com\/miamibeachnews\/\"],\"description\":\"The official website of the City of Miami Beach. Stay informed, find important information on city services, news, alerts, events, trolley routes, government employment and more.\",\"telephone\":\"305.604.CITY(2489)\",\"legalName\":\"City of Miami Beach\"}]}<\/script>\n<!-- \/ Yoast SEO Premium plugin. -->","yoast_head_json":{"title":"Alex Fernandez Gwoup 3 - Vil Miami Beach","description":"Alex J. Fernandez se yon Ameriken premye jenerasyon ki f\u00e8t nan ekzil Kiben ki te vin Ozetazini pou ch\u00e8che yon pi bon lavi ak lib\u00e8te anba opresyon. Depi li te tou piti, paran li, Jose ak Mayra, te enspire nan li menm ak gran fr\u00e8 li, Jorge, responsablite pou bay an retou ak devwa pou s\u00e8vi l\u00f2t moun - espesyalman moun k ap soufri akoz povrete, moun ki pa gen kay, ak moun k ap dejwe.","robots":{"index":"index","follow":"follow","max-snippet":"max-snippet:-1","max-image-preview":"max-image-preview:large","max-video-preview":"max-video-preview:-1"},"canonical":"https:\/\/www.miamibeachfl.gov\/ht\/egovapp\/mayor-and-commissioners\/commissioner-alex-fernandez\/","og_locale":"ht_HT","og_type":"article","og_title":"Alex Fernandez Group 3","og_description":"Alex J. Fernandez is a first-generation American born to Cuban exiles who came to the United States seeking a better life and freedom from oppression. Since an early age his parents, Jose and Mayra, instilled in him and his older brother, Jorge, the responsibility of giving back and the duty to serve others - especially to those suffering from poverty, homelessness, and addictions.","og_url":"https:\/\/www.miamibeachfl.gov\/ht\/egovapp\/mayor-and-commissioners\/commissioner-alex-fernandez\/","og_site_name":"City of Miami Beach","article_publisher":"https:\/\/www.facebook.com\/cityofmiamibeach","article_modified_time":"2025-06-07T20:24:03+00:00","og_image":[{"width":249,"height":250,"url":"https:\/\/www.miamibeachfl.gov\/wp-content\/uploads\/2023\/07\/AlexFernandez.png","type":"image\/png"}],"twitter_card":"summary_large_image","twitter_site":"@Miamibeachnews","schema":{"@context":"https:\/\/schema.org","@graph":[{"@type":"WebPage","@id":"https:\/\/www.miamibeachfl.gov\/egovapp\/mayor-and-commissioners\/commissioner-alex-fernandez\/","url":"https:\/\/www.miamibeachfl.gov\/egovapp\/mayor-and-commissioners\/commissioner-alex-fernandez\/","name":"Alex Fernandez Gwoup 3 - Vil Miami Beach","isPartOf":{"@id":"https:\/\/www.miamibeachfl.gov\/#website"},"primaryImageOfPage":{"@id":"https:\/\/www.miamibeachfl.gov\/egovapp\/mayor-and-commissioners\/commissioner-alex-fernandez\/#primaryimage"},"image":{"@id":"https:\/\/www.miamibeachfl.gov\/egovapp\/mayor-and-commissioners\/commissioner-alex-fernandez\/#primaryimage"},"thumbnailUrl":"https:\/\/www.miamibeachfl.gov\/wp-content\/uploads\/2023\/07\/AlexFernandez.png","datePublished":"2023-07-19T17:25:00+00:00","dateModified":"2025-06-07T20:24:03+00:00","description":"Alex J. Fernandez se yon Ameriken premye jenerasyon ki f\u00e8t nan ekzil Kiben ki te vin Ozetazini pou ch\u00e8che yon pi bon lavi ak lib\u00e8te anba opresyon. Depi li te tou piti, paran li, Jose ak Mayra, te enspire nan li menm ak gran fr\u00e8 li, Jorge, responsablite pou bay an retou ak devwa pou s\u00e8vi l\u00f2t moun - espesyalman moun k ap soufri akoz povrete, moun ki pa gen kay, ak moun k ap dejwe.","breadcrumb":{"@id":"https:\/\/www.miamibeachfl.gov\/egovapp\/mayor-and-commissioners\/commissioner-alex-fernandez\/#breadcrumb"},"inLanguage":"ht","potentialAction":[{"@type":"ReadAction","target":["https:\/\/www.miamibeachfl.gov\/egovapp\/mayor-and-commissioners\/commissioner-alex-fernandez\/"]}]},{"@type":"ImageObject","inLanguage":"ht","@id":"https:\/\/www.miamibeachfl.gov\/egovapp\/mayor-and-commissioners\/commissioner-alex-fernandez\/#primaryimage","url":"https:\/\/www.miamibeachfl.gov\/wp-content\/uploads\/2023\/07\/AlexFernandez.png","contentUrl":"https:\/\/www.miamibeachfl.gov\/wp-content\/uploads\/2023\/07\/AlexFernandez.png","width":249,"height":250,"caption":"Commissioner Alex Fernandez"},{"@type":"BreadcrumbList","@id":"https:\/\/www.miamibeachfl.gov\/egovapp\/mayor-and-commissioners\/commissioner-alex-fernandez\/#breadcrumb","itemListElement":[{"@type":"ListItem","position":1,"name":"Home","item":"https:\/\/www.miamibeachfl.gov\/"},{"@type":"ListItem","position":2,"name":"MobileAppPages","item":"https:\/\/www.miamibeachfl.gov\/egovapp\/"},{"@type":"ListItem","position":3,"name":"Mayor and Commissioners","item":"https:\/\/www.miamibeachfl.gov\/egovapp\/mayor-and-commissioners\/"},{"@type":"ListItem","position":4,"name":"Alex Fernandez Group 3"}]},{"@type":"WebSite","@id":"https:\/\/www.miamibeachfl.gov\/#website","url":"https:\/\/www.miamibeachfl.gov\/","name":"Vil Miami Beach","description":"Sitw\u00e8b ofisy\u00e8l Vil Miami Beach la. Rete enf\u00f2me, jwenn enf\u00f2masyon enp\u00f2tan sou s\u00e8vis vil la, nouv\u00e8l, al\u00e8t, ev\u00e8nman, wout tramway, travay gouv\u00e8nman an ak plis ank\u00f2.","publisher":{"@id":"https:\/\/www.miamibeachfl.gov\/#organization"},"potentialAction":[{"@type":"SearchAction","target":{"@type":"EntryPoint","urlTemplate":"https:\/\/www.miamibeachfl.gov\/?s={search_term_string}"},"query-input":{"@type":"PropertyValueSpecification","valueRequired":true,"valueName":"search_term_string"}}],"inLanguage":"ht"},{"@type":"Organization","@id":"https:\/\/www.miamibeachfl.gov\/#organization","name":"Vil Miami Beach","url":"https:\/\/www.miamibeachfl.gov\/","logo":{"@type":"ImageObject","inLanguage":"ht","@id":"https:\/\/www.miamibeachfl.gov\/#\/schema\/logo\/image\/","url":"https:\/\/www.miamibeachfl.gov\/wp-content\/uploads\/2022\/06\/miamibeach-logoblue.png","contentUrl":"https:\/\/www.miamibeachfl.gov\/wp-content\/uploads\/2022\/06\/miamibeach-logoblue.png","width":1962,"height":381,"caption":"City of Miami Beach"},"image":{"@id":"https:\/\/www.miamibeachfl.gov\/#\/schema\/logo\/image\/"},"sameAs":["https:\/\/www.facebook.com\/cityofmiamibeach","https:\/\/x.com\/Miamibeachnews","https:\/\/www.instagram.com\/miamibeachnews\/"],"description":"Sitw\u00e8b ofisy\u00e8l Vil Miami Beach la. Rete enf\u00f2me, jwenn enf\u00f2masyon enp\u00f2tan sou s\u00e8vis vil la, nouv\u00e8l, al\u00e8t, ev\u00e8nman, wout tramway, travay gouv\u00e8nman an ak plis ank\u00f2.","telephone":"305.604.CITY(2489)","legalName":"City of Miami Beach"}]}},"_links":{"self":[{"href":"https:\/\/www.miamibeachfl.gov\/ht\/wp-json\/wp\/v2\/pages\/265444","targetHints":{"allow":["GET"]}}],"collection":[{"href":"https:\/\/www.miamibeachfl.gov\/ht\/wp-json\/wp\/v2\/pages"}],"about":[{"href":"https:\/\/www.miamibeachfl.gov\/ht\/wp-json\/wp\/v2\/types\/page"}],"author":[{"embeddable":true,"href":"https:\/\/www.miamibeachfl.gov\/ht\/wp-json\/wp\/v2\/users\/222"}],"replies":[{"embeddable":true,"href":"https:\/\/www.miamibeachfl.gov\/ht\/wp-json\/wp\/v2\/comments?post=265444"}],"version-history":[{"count":0,"href":"https:\/\/www.miamibeachfl.gov\/ht\/wp-json\/wp\/v2\/pages\/265444\/revisions"}],"up":[{"embeddable":true,"href":"https:\/\/www.miamibeachfl.gov\/ht\/wp-json\/wp\/v2\/pages\/265385"}],"wp:featuredmedia":[{"embeddable":true,"href":"https:\/\/www.miamibeachfl.gov\/ht\/wp-json\/wp\/v2\/media\/265351"}],"wp:attachment":[{"href":"https:\/\/www.miamibeachfl.gov\/ht\/wp-json\/wp\/v2\/media?parent=265444"}],"wp:term":[{"taxonomy":"category","embeddable":true,"href":"https:\/\/www.miamibeachfl.gov\/ht\/wp-json\/wp\/v2\/categories?post=265444"},{"taxonomy":"post_tag","embeddable":true,"href":"https:\/\/www.miamibeachfl.gov\/ht\/wp-json\/wp\/v2\/tags?post=265444"}],"curies":[{"name":"wp","href":"https:\/\/api.w.org\/{rel}","templated":true}]}}