{"id":265447,"date":"2023-07-19T13:26:42","date_gmt":"2023-07-19T17:26:42","guid":{"rendered":"https:\/\/www.miamibeachfl.gov\/?page_id=265447"},"modified":"2025-06-07T16:24:56","modified_gmt":"2025-06-07T20:24:56","slug":"commissioner-tanya-k-bhatt","status":"publish","type":"page","link":"https:\/\/www.miamibeachfl.gov\/ht\/egovapp\/mayor-and-commissioners\/commissioner-tanya-k-bhatt\/","title":{"rendered":"Tanya K. Bhatt <br><span style=\"font-size:18px\">Gwoup 4<\/span>"},"content":{"rendered":"<p><a role=\"button\" href=\"https:\/\/www.miamibeachfl.gov\/ht\/egovapp\/mayor-and-commissioners\/\" target=\"_self\" rel=\"noopener\"> Retounen bay Majistra a ak Komisyon an <\/a> <img decoding=\"async\" title=\"StevenMeiner\" src=\"https:\/\/www.miamibeachfl.gov\/wp-content\/uploads\/bb-plugin\/cache\/StevenMeiner-circle.png\" alt=\"StevenMeiner\" \/><\/p>\r\n<h1>Steven Meiner<\/h1>\r\n<h2>Komis\u00e8<\/h2>\r\n<ul>\r\n<li>\r\n<h3>StevenMeiner@miamibeachfl.gov<\/h3>\r\n<\/li>\r\n<li>\r\n<h3>305.673.7105<\/h3>\r\n<\/li>\r\n<\/ul>\r\n<ul>\r\n<li>\r\n<h3>Gwoup 4<\/h3>\r\n<\/li>\r\n<li>\r\n<h3>Asistan Komisyon an:<\/h3>\r\n<p>Robert Novo<\/p>\r\n<\/li>\r\n<li>\r\n<h3>RobertNovo@miamibeachfl.gov<\/h3>\r\n<\/li>\r\n<li>\r\n<h3>305.673.7000 Ekstansyon: 26473<\/h3>\r\n<\/li>\r\n<\/ul>\r\n<p>Steven Meiner te f\u00e8t nan Brooklyn, Nouy\u00f2k, epi li te grandi pou l kw\u00e8 nan s\u00e8vis piblik ak enp\u00f2tans kominote a. Papa l, Sheldon Meiner, te dedye kary\u00e8 li nan s\u00e8vis piblik k\u00f2m yon ajan S\u00e8vis Ent\u00e8n Revni Etazini pandan pr\u00e8ske 40 ane, epi manman l, Dorothy Weiss, te dedye kary\u00e8 li tou nan s\u00e8vis piblik k\u00f2m yon pwofes\u00e8 lek\u00f2l piblik ak konseye oryantasyon. Paran Steven yo te mod\u00e8l enp\u00f2tans s\u00e8vis piblik.<\/p>\r\n<p>Steven te swiv tras paran li epi li te dedye pif\u00f2 nan 23 ane kary\u00e8 pwofesyon\u00e8l li k\u00f2m avoka nan s\u00e8vis piblik nan batay kont fwod. Depi 2007, l\u00e8 li te demenaje Miami Beach, Steven te s\u00e8vi k\u00f2m avoka ki aplike lalwa sivil nan Securities and Exchange Commission (SEC) Etazini. Anvan SEC, Steven te pratike lalwa nan vil Nouy\u00f2k kote li te jere ka konpl\u00e8ks litij finansye pou kabin\u00e8 avoka ent\u00e8nasyonal prestijye Dewey Ballantine ak Mayer Brown.<\/p>\r\n<p>Steven te konsakre t\u00e8t li pou ede kominote li a epi li te onore k\u00f2m Nonm Ane a pa yon \u00f2ganizasyon sivik lokal an 2012. Steven te nonmen tou pou s\u00e8vi nan yon pan\u00e8l konsiltatif Vil Miami Beach epi li aktif tou nan yon kantite \u00f2ganizasyon charitab lokal yo.<\/p>\r\n<p>Steven marye ak madanm li Shanyn depi 18 an epi yo fy\u00e8 de paran de timoun yo, Matisyahu ak Michal.<\/p>\r\n<p>Steven te jwenn JD Cum Laude li nan Brooklyn Law School, epi li te gradye Summa Cum Laude ak BA li nan Brooklyn College av\u00e8k on\u00e8 Phi Beta Kappa.<\/p>","protected":false},"excerpt":{"rendered":"<p>Retounen bay Majistra a ak Komisyon an Steven Meiner Komis\u00e8 StevenMeiner@miamibeachfl.gov 305.673.7105 Asistan Komisyon Gwoup 4: Robert Novo RobertNovo@miamibeachfl.gov 305.673.7000 Ekstansyon: 26473 [\u2026]<\/p>","protected":false},"author":222,"featured_media":281060,"parent":265385,"menu_order":11,"comment_status":"closed","ping_status":"closed","template":"","meta":{"_searchwp_excluded":"1","site-sidebar-layout":"default","site-content-layout":"","ast-site-content-layout":"","site-content-style":"default","site-sidebar-style":"default","ast-global-header-display":"disabled","ast-banner-title-visibility":"","ast-main-header-display":"","ast-hfb-above-header-display":"","ast-hfb-below-header-display":"","ast-hfb-mobile-header-display":"","site-post-title":"","ast-breadcrumbs-content":"","ast-featured-img":"","footer-sml-layout":"disabled","theme-transparent-header-meta":"","adv-header-id-meta":"","stick-header-meta":"","header-above-stick-meta":"","header-main-stick-meta":"","header-below-stick-meta":"","astra-migrate-meta-layouts":"default","ast-page-background-enabled":"default","ast-page-background-meta":{"desktop":{"background-color":"var(--ast-global-color-5)","background-image":"","background-repeat":"repeat","background-position":"center center","background-size":"auto","background-attachment":"scroll","background-type":"","background-media":"","overlay-type":"","overlay-color":"","overlay-opacity":"","overlay-gradient":""},"tablet":{"background-color":"","background-image":"","background-repeat":"repeat","background-position":"center center","background-size":"auto","background-attachment":"scroll","background-type":"","background-media":"","overlay-type":"","overlay-color":"","overlay-opacity":"","overlay-gradient":""},"mobile":{"background-color":"","background-image":"","background-repeat":"repeat","background-position":"center center","background-size":"auto","background-attachment":"scroll","background-type":"","background-media":"","overlay-type":"","overlay-color":"","overlay-opacity":"","overlay-gradient":""}},"ast-content-background-meta":{"desktop":{"background-color":"var(--ast-global-color-4)","background-image":"","background-repeat":"repeat","background-position":"center center","background-size":"auto","background-attachment":"scroll","background-type":"","background-media":"","overlay-type":"","overlay-color":"","overlay-opacity":"","overlay-gradient":""},"tablet":{"background-color":"var(--ast-global-color-4)","background-image":"","background-repeat":"repeat","background-position":"center center","background-size":"auto","background-attachment":"scroll","background-type":"","background-media":"","overlay-type":"","overlay-color":"","overlay-opacity":"","overlay-gradient":""},"mobile":{"background-color":"var(--ast-global-color-4)","background-image":"","background-repeat":"repeat","background-position":"center center","background-size":"auto","background-attachment":"scroll","background-type":"","background-media":"","overlay-type":"","overlay-color":"","overlay-opacity":"","overlay-gradient":""}},"footnotes":""},"categories":[],"tags":[1002,994,1129],"class_list":["post-265447","page","type-page","status-publish","has-post-thumbnail","hentry","tag-app-egov-page","tag-egovapp-commissioners","tag-tanya-batt-egovapp"],"yoast_head":"<!-- This site is optimized with the Yoast SEO Premium plugin v26.6 (Yoast SEO v26.6) - https:\/\/yoast.com\/wordpress\/plugins\/seo\/ -->\n<title>Tanya K. Bhatt Group 4 - City of Miami Beach<\/title>\n<meta name=\"description\" content=\"Born in Brooklyn, New York, Steven Meiner was raised to believe in public service and the importance of community. His father, Sheldon Meiner, dedicated his career to public service as a U.S. Internal Revenue Service agent for almost 40 years, and his mother, Dorothy Weiss, likewise dedicated her career to public service as a public school teacher and guidance counselor.\" \/>\n<meta name=\"robots\" content=\"index, follow, max-snippet:-1, max-image-preview:large, max-video-preview:-1\" \/>\n<link rel=\"canonical\" href=\"https:\/\/www.miamibeachfl.gov\/ht\/egovapp\/mayor-and-commissioners\/commissioner-tanya-k-bhatt\/\" \/>\n<meta property=\"og:locale\" content=\"ht_HT\" \/>\n<meta property=\"og:type\" content=\"article\" \/>\n<meta property=\"og:title\" content=\"Tanya K. Bhatt Group 4\" \/>\n<meta property=\"og:description\" content=\"Born in Brooklyn, New York, Steven Meiner was raised to believe in public service and the importance of community. His father, Sheldon Meiner, dedicated his career to public service as a U.S. Internal Revenue Service agent for almost 40 years, and his mother, Dorothy Weiss, likewise dedicated her career to public service as a public school teacher and guidance counselor.\" \/>\n<meta property=\"og:url\" content=\"https:\/\/www.miamibeachfl.gov\/ht\/egovapp\/mayor-and-commissioners\/commissioner-tanya-k-bhatt\/\" \/>\n<meta property=\"og:site_name\" content=\"City of Miami Beach\" \/>\n<meta property=\"article:publisher\" content=\"https:\/\/www.facebook.com\/cityofmiamibeach\" \/>\n<meta property=\"article:modified_time\" content=\"2025-06-07T20:24:56+00:00\" \/>\n<meta property=\"og:image\" content=\"https:\/\/www.miamibeachfl.gov\/wp-content\/uploads\/2023\/07\/TanyaKatzoffBhatt.png\" \/>\n\t<meta property=\"og:image:width\" content=\"250\" \/>\n\t<meta property=\"og:image:height\" content=\"250\" \/>\n\t<meta property=\"og:image:type\" content=\"image\/png\" \/>\n<meta name=\"twitter:card\" content=\"summary_large_image\" \/>\n<meta name=\"twitter:site\" content=\"@Miamibeachnews\" \/>\n<script type=\"application\/ld+json\" class=\"yoast-schema-graph\">{\"@context\":\"https:\/\/schema.org\",\"@graph\":[{\"@type\":\"WebPage\",\"@id\":\"https:\/\/www.miamibeachfl.gov\/egovapp\/mayor-and-commissioners\/commissioner-tanya-k-bhatt\/\",\"url\":\"https:\/\/www.miamibeachfl.gov\/egovapp\/mayor-and-commissioners\/commissioner-tanya-k-bhatt\/\",\"name\":\"Tanya K. Bhatt Group 4 - City of Miami Beach\",\"isPartOf\":{\"@id\":\"https:\/\/www.miamibeachfl.gov\/#website\"},\"primaryImageOfPage\":{\"@id\":\"https:\/\/www.miamibeachfl.gov\/egovapp\/mayor-and-commissioners\/commissioner-tanya-k-bhatt\/#primaryimage\"},\"image\":{\"@id\":\"https:\/\/www.miamibeachfl.gov\/egovapp\/mayor-and-commissioners\/commissioner-tanya-k-bhatt\/#primaryimage\"},\"thumbnailUrl\":\"https:\/\/www.miamibeachfl.gov\/wp-content\/uploads\/2023\/07\/TanyaKatzoffBhatt.png\",\"datePublished\":\"2023-07-19T17:26:42+00:00\",\"dateModified\":\"2025-06-07T20:24:56+00:00\",\"description\":\"Born in Brooklyn, New York, Steven Meiner was raised to believe in public service and the importance of community. His father, Sheldon Meiner, dedicated his career to public service as a U.S. Internal Revenue Service agent for almost 40 years, and his mother, Dorothy Weiss, likewise dedicated her career to public service as a public school teacher and guidance counselor.\",\"breadcrumb\":{\"@id\":\"https:\/\/www.miamibeachfl.gov\/egovapp\/mayor-and-commissioners\/commissioner-tanya-k-bhatt\/#breadcrumb\"},\"inLanguage\":\"ht\",\"potentialAction\":[{\"@type\":\"ReadAction\",\"target\":[\"https:\/\/www.miamibeachfl.gov\/egovapp\/mayor-and-commissioners\/commissioner-tanya-k-bhatt\/\"]}]},{\"@type\":\"ImageObject\",\"inLanguage\":\"ht\",\"@id\":\"https:\/\/www.miamibeachfl.gov\/egovapp\/mayor-and-commissioners\/commissioner-tanya-k-bhatt\/#primaryimage\",\"url\":\"https:\/\/www.miamibeachfl.gov\/wp-content\/uploads\/2023\/07\/TanyaKatzoffBhatt.png\",\"contentUrl\":\"https:\/\/www.miamibeachfl.gov\/wp-content\/uploads\/2023\/07\/TanyaKatzoffBhatt.png\",\"width\":250,\"height\":250,\"caption\":\"Commissioner Tanya K Bhatt\"},{\"@type\":\"BreadcrumbList\",\"@id\":\"https:\/\/www.miamibeachfl.gov\/egovapp\/mayor-and-commissioners\/commissioner-tanya-k-bhatt\/#breadcrumb\",\"itemListElement\":[{\"@type\":\"ListItem\",\"position\":1,\"name\":\"Home\",\"item\":\"https:\/\/www.miamibeachfl.gov\/\"},{\"@type\":\"ListItem\",\"position\":2,\"name\":\"MobileAppPages\",\"item\":\"https:\/\/www.miamibeachfl.gov\/egovapp\/\"},{\"@type\":\"ListItem\",\"position\":3,\"name\":\"Mayor and Commissioners\",\"item\":\"https:\/\/www.miamibeachfl.gov\/egovapp\/mayor-and-commissioners\/\"},{\"@type\":\"ListItem\",\"position\":4,\"name\":\"Tanya K. Bhatt Group 4\"}]},{\"@type\":\"WebSite\",\"@id\":\"https:\/\/www.miamibeachfl.gov\/#website\",\"url\":\"https:\/\/www.miamibeachfl.gov\/\",\"name\":\"City of Miami Beach\",\"description\":\"The official website of the City of Miami Beach. Stay informed, find important information on city services, news, alerts, events, trolley routes, government employment and more.\",\"publisher\":{\"@id\":\"https:\/\/www.miamibeachfl.gov\/#organization\"},\"potentialAction\":[{\"@type\":\"SearchAction\",\"target\":{\"@type\":\"EntryPoint\",\"urlTemplate\":\"https:\/\/www.miamibeachfl.gov\/?s={search_term_string}\"},\"query-input\":{\"@type\":\"PropertyValueSpecification\",\"valueRequired\":true,\"valueName\":\"search_term_string\"}}],\"inLanguage\":\"ht\"},{\"@type\":\"Organization\",\"@id\":\"https:\/\/www.miamibeachfl.gov\/#organization\",\"name\":\"City of Miami Beach\",\"url\":\"https:\/\/www.miamibeachfl.gov\/\",\"logo\":{\"@type\":\"ImageObject\",\"inLanguage\":\"ht\",\"@id\":\"https:\/\/www.miamibeachfl.gov\/#\/schema\/logo\/image\/\",\"url\":\"https:\/\/www.miamibeachfl.gov\/wp-content\/uploads\/2022\/06\/miamibeach-logoblue.png\",\"contentUrl\":\"https:\/\/www.miamibeachfl.gov\/wp-content\/uploads\/2022\/06\/miamibeach-logoblue.png\",\"width\":1962,\"height\":381,\"caption\":\"City of Miami Beach\"},\"image\":{\"@id\":\"https:\/\/www.miamibeachfl.gov\/#\/schema\/logo\/image\/\"},\"sameAs\":[\"https:\/\/www.facebook.com\/cityofmiamibeach\",\"https:\/\/x.com\/Miamibeachnews\",\"https:\/\/www.instagram.com\/miamibeachnews\/\"],\"description\":\"The official website of the City of Miami Beach. Stay informed, find important information on city services, news, alerts, events, trolley routes, government employment and more.\",\"telephone\":\"305.604.CITY(2489)\",\"legalName\":\"City of Miami Beach\"}]}<\/script>\n<!-- \/ Yoast SEO Premium plugin. -->","yoast_head_json":{"title":"Tanya K. Bhatt Gwoup 4 - Vil Miami Beach","description":"Steven Meiner te f\u00e8t nan Brooklyn, Nouy\u00f2k, li te grandi nan yon lespri kw\u00e8 nan s\u00e8vis piblik ak enp\u00f2tans kominote a. Papa l, Sheldon Meiner, te dedye kary\u00e8 li nan s\u00e8vis piblik k\u00f2m yon ajan S\u00e8vis Ent\u00e8n Revni Etazini pandan pr\u00e8ske 40 ane, epi manman l, Dorothy Weiss, te dedye kary\u00e8 li tou nan s\u00e8vis piblik k\u00f2m yon pwofes\u00e8 lek\u00f2l piblik ak konseye oryantasyon.","robots":{"index":"index","follow":"follow","max-snippet":"max-snippet:-1","max-image-preview":"max-image-preview:large","max-video-preview":"max-video-preview:-1"},"canonical":"https:\/\/www.miamibeachfl.gov\/ht\/egovapp\/mayor-and-commissioners\/commissioner-tanya-k-bhatt\/","og_locale":"ht_HT","og_type":"article","og_title":"Tanya K. Bhatt Group 4","og_description":"Born in Brooklyn, New York, Steven Meiner was raised to believe in public service and the importance of community. His father, Sheldon Meiner, dedicated his career to public service as a U.S. Internal Revenue Service agent for almost 40 years, and his mother, Dorothy Weiss, likewise dedicated her career to public service as a public school teacher and guidance counselor.","og_url":"https:\/\/www.miamibeachfl.gov\/ht\/egovapp\/mayor-and-commissioners\/commissioner-tanya-k-bhatt\/","og_site_name":"City of Miami Beach","article_publisher":"https:\/\/www.facebook.com\/cityofmiamibeach","article_modified_time":"2025-06-07T20:24:56+00:00","og_image":[{"width":250,"height":250,"url":"https:\/\/www.miamibeachfl.gov\/wp-content\/uploads\/2023\/07\/TanyaKatzoffBhatt.png","type":"image\/png"}],"twitter_card":"summary_large_image","twitter_site":"@Miamibeachnews","schema":{"@context":"https:\/\/schema.org","@graph":[{"@type":"WebPage","@id":"https:\/\/www.miamibeachfl.gov\/egovapp\/mayor-and-commissioners\/commissioner-tanya-k-bhatt\/","url":"https:\/\/www.miamibeachfl.gov\/egovapp\/mayor-and-commissioners\/commissioner-tanya-k-bhatt\/","name":"Tanya K. Bhatt Gwoup 4 - Vil Miami Beach","isPartOf":{"@id":"https:\/\/www.miamibeachfl.gov\/#website"},"primaryImageOfPage":{"@id":"https:\/\/www.miamibeachfl.gov\/egovapp\/mayor-and-commissioners\/commissioner-tanya-k-bhatt\/#primaryimage"},"image":{"@id":"https:\/\/www.miamibeachfl.gov\/egovapp\/mayor-and-commissioners\/commissioner-tanya-k-bhatt\/#primaryimage"},"thumbnailUrl":"https:\/\/www.miamibeachfl.gov\/wp-content\/uploads\/2023\/07\/TanyaKatzoffBhatt.png","datePublished":"2023-07-19T17:26:42+00:00","dateModified":"2025-06-07T20:24:56+00:00","description":"Steven Meiner te f\u00e8t nan Brooklyn, Nouy\u00f2k, li te grandi nan yon lespri kw\u00e8 nan s\u00e8vis piblik ak enp\u00f2tans kominote a. Papa l, Sheldon Meiner, te dedye kary\u00e8 li nan s\u00e8vis piblik k\u00f2m yon ajan S\u00e8vis Ent\u00e8n Revni Etazini pandan pr\u00e8ske 40 ane, epi manman l, Dorothy Weiss, te dedye kary\u00e8 li tou nan s\u00e8vis piblik k\u00f2m yon pwofes\u00e8 lek\u00f2l piblik ak konseye oryantasyon.","breadcrumb":{"@id":"https:\/\/www.miamibeachfl.gov\/egovapp\/mayor-and-commissioners\/commissioner-tanya-k-bhatt\/#breadcrumb"},"inLanguage":"ht","potentialAction":[{"@type":"ReadAction","target":["https:\/\/www.miamibeachfl.gov\/egovapp\/mayor-and-commissioners\/commissioner-tanya-k-bhatt\/"]}]},{"@type":"ImageObject","inLanguage":"ht","@id":"https:\/\/www.miamibeachfl.gov\/egovapp\/mayor-and-commissioners\/commissioner-tanya-k-bhatt\/#primaryimage","url":"https:\/\/www.miamibeachfl.gov\/wp-content\/uploads\/2023\/07\/TanyaKatzoffBhatt.png","contentUrl":"https:\/\/www.miamibeachfl.gov\/wp-content\/uploads\/2023\/07\/TanyaKatzoffBhatt.png","width":250,"height":250,"caption":"Commissioner Tanya K Bhatt"},{"@type":"BreadcrumbList","@id":"https:\/\/www.miamibeachfl.gov\/egovapp\/mayor-and-commissioners\/commissioner-tanya-k-bhatt\/#breadcrumb","itemListElement":[{"@type":"ListItem","position":1,"name":"Home","item":"https:\/\/www.miamibeachfl.gov\/"},{"@type":"ListItem","position":2,"name":"MobileAppPages","item":"https:\/\/www.miamibeachfl.gov\/egovapp\/"},{"@type":"ListItem","position":3,"name":"Mayor and Commissioners","item":"https:\/\/www.miamibeachfl.gov\/egovapp\/mayor-and-commissioners\/"},{"@type":"ListItem","position":4,"name":"Tanya K. Bhatt Group 4"}]},{"@type":"WebSite","@id":"https:\/\/www.miamibeachfl.gov\/#website","url":"https:\/\/www.miamibeachfl.gov\/","name":"Vil Miami Beach","description":"Sitw\u00e8b ofisy\u00e8l Vil Miami Beach la. Rete enf\u00f2me, jwenn enf\u00f2masyon enp\u00f2tan sou s\u00e8vis vil la, nouv\u00e8l, al\u00e8t, ev\u00e8nman, wout tramway, travay gouv\u00e8nman an ak plis ank\u00f2.","publisher":{"@id":"https:\/\/www.miamibeachfl.gov\/#organization"},"potentialAction":[{"@type":"SearchAction","target":{"@type":"EntryPoint","urlTemplate":"https:\/\/www.miamibeachfl.gov\/?s={search_term_string}"},"query-input":{"@type":"PropertyValueSpecification","valueRequired":true,"valueName":"search_term_string"}}],"inLanguage":"ht"},{"@type":"Organization","@id":"https:\/\/www.miamibeachfl.gov\/#organization","name":"Vil Miami Beach","url":"https:\/\/www.miamibeachfl.gov\/","logo":{"@type":"ImageObject","inLanguage":"ht","@id":"https:\/\/www.miamibeachfl.gov\/#\/schema\/logo\/image\/","url":"https:\/\/www.miamibeachfl.gov\/wp-content\/uploads\/2022\/06\/miamibeach-logoblue.png","contentUrl":"https:\/\/www.miamibeachfl.gov\/wp-content\/uploads\/2022\/06\/miamibeach-logoblue.png","width":1962,"height":381,"caption":"City of Miami Beach"},"image":{"@id":"https:\/\/www.miamibeachfl.gov\/#\/schema\/logo\/image\/"},"sameAs":["https:\/\/www.facebook.com\/cityofmiamibeach","https:\/\/x.com\/Miamibeachnews","https:\/\/www.instagram.com\/miamibeachnews\/"],"description":"Sitw\u00e8b ofisy\u00e8l Vil Miami Beach la. Rete enf\u00f2me, jwenn enf\u00f2masyon enp\u00f2tan sou s\u00e8vis vil la, nouv\u00e8l, al\u00e8t, ev\u00e8nman, wout tramway, travay gouv\u00e8nman an ak plis ank\u00f2.","telephone":"305.604.CITY(2489)","legalName":"City of Miami Beach"}]}},"_links":{"self":[{"href":"https:\/\/www.miamibeachfl.gov\/ht\/wp-json\/wp\/v2\/pages\/265447","targetHints":{"allow":["GET"]}}],"collection":[{"href":"https:\/\/www.miamibeachfl.gov\/ht\/wp-json\/wp\/v2\/pages"}],"about":[{"href":"https:\/\/www.miamibeachfl.gov\/ht\/wp-json\/wp\/v2\/types\/page"}],"author":[{"embeddable":true,"href":"https:\/\/www.miamibeachfl.gov\/ht\/wp-json\/wp\/v2\/users\/222"}],"replies":[{"embeddable":true,"href":"https:\/\/www.miamibeachfl.gov\/ht\/wp-json\/wp\/v2\/comments?post=265447"}],"version-history":[{"count":0,"href":"https:\/\/www.miamibeachfl.gov\/ht\/wp-json\/wp\/v2\/pages\/265447\/revisions"}],"up":[{"embeddable":true,"href":"https:\/\/www.miamibeachfl.gov\/ht\/wp-json\/wp\/v2\/pages\/265385"}],"wp:featuredmedia":[{"embeddable":true,"href":"https:\/\/www.miamibeachfl.gov\/ht\/wp-json\/wp\/v2\/media\/281060"}],"wp:attachment":[{"href":"https:\/\/www.miamibeachfl.gov\/ht\/wp-json\/wp\/v2\/media?parent=265447"}],"wp:term":[{"taxonomy":"category","embeddable":true,"href":"https:\/\/www.miamibeachfl.gov\/ht\/wp-json\/wp\/v2\/categories?post=265447"},{"taxonomy":"post_tag","embeddable":true,"href":"https:\/\/www.miamibeachfl.gov\/ht\/wp-json\/wp\/v2\/tags?post=265447"}],"curies":[{"name":"wp","href":"https:\/\/api.w.org\/{rel}","templated":true}]}}