{"id":265453,"date":"2023-07-19T13:29:43","date_gmt":"2023-07-19T17:29:43","guid":{"rendered":"https:\/\/www.miamibeachfl.gov\/?page_id=265453"},"modified":"2025-06-07T16:28:07","modified_gmt":"2025-06-07T20:28:07","slug":"commissioner-joseph-magazine","status":"publish","type":"page","link":"https:\/\/www.miamibeachfl.gov\/ht\/egovapp\/mayor-and-commissioners\/commissioner-joseph-magazine\/","title":{"rendered":"Gwoup Magazin Joz\u00e8f <br><span style=\"font-size:18px\">Gwoup 6<\/span>"},"content":{"rendered":"<p><a role=\"button\" href=\"https:\/\/www.miamibeachfl.gov\/ht\/egovapp\/mayor-and-commissioners\/\" target=\"_self\" rel=\"noopener\"> Retounen bay Majistra a ak Komisyon an <\/a> <img decoding=\"async\" title=\"DavidRichardson\" src=\"https:\/\/www.miamibeachfl.gov\/wp-content\/uploads\/bb-plugin\/cache\/DavidRichardson-circle.png\" alt=\"DavidRichardson\" \/><\/p>\r\n<h1>David Richardson<\/h1>\r\n<h2>Komis\u00e8<\/h2>\r\n<ul>\r\n<li>\r\n<h3>DavidRichardson@miamibeachfl.gov<\/h3>\r\n<\/li>\r\n<li>\r\n<h3>305.673.7102<\/h3>\r\n<\/li>\r\n<\/ul>\r\n<ul>\r\n<li>\r\n<h3>Gwoup 6<\/h3>\r\n<p>T\u00e8m: 2019 \u2013 2023<br \/>Premye Eli: 2019<\/p>\r\n<\/li>\r\n<li>\r\n<h3>Asistan Komisyon an:<\/h3>\r\n<p>Luis Callejas<\/p>\r\n<\/li>\r\n<li>\r\n<h3>LuisCallejas@miamibeachfl.gov<\/h3>\r\n<\/li>\r\n<li>\r\n<h3>305.673.7000 Ekstansyon: 26441<\/h3>\r\n<\/li>\r\n<\/ul>\r\n<p>Nan dat 14 Out 2012, ansyen Reprezantan Eta a David Richardson te antre nan listwa nan Florid l\u00e8 li te vin premye moun ki te ouv\u00e8tman omoseksy\u00e8l ki te genyen yon plas nan Lejislati Florid la. Malgre ke se te premye kanpay li, Richardson te \u00f2ganize yon vr\u00e8 kanpay popil\u00e8 ki te rasanble moun yo.<\/p>\r\n<p>Richardson, yon natif natal Houston, Texas, te demenaje nan Florid plis pase 50 ane de sa, kote li te ale nan Lyman High School epi pita li te etidye nan University of Central Florida, li te gradye ak dipl\u00f2m nan Kontablite ak Byoloji. Apre li te fin gradye nan University of Central Florida, li te ale nan University of Tampa pou jwenn metriz li nan Administrasyon Biznis.<\/p>\r\n<p>Apati de la, li te k\u00f2manse kary\u00e8 siks\u00e8 li nan kontablite ak odit. Li te travay dab\u00f2 k\u00f2m odit\u00e8 pou Depatman Defans Etazini, apre sa li te rantre nan Ernst and Young, yon kabin\u00e8 kontablite ak konsiltasyon ent\u00e8nasyonal. An 1993, li te louvri pw\u00f2p ti biznis li ki konsantre sou odit forensik kontra gouv\u00e8nman an. Pandan 34 d\u00e8nye ane yo, Richardson te yon Kontab Piblik S\u00e8tifye nan Eta Florid. Depi 2012, li te mete plis pase twa deseni eksperyans li pou travay nan non kominote li reprezante a.<\/p>\r\n<p>Pandan Richardson t ap s\u00e8vi nan lejislati eta a, li te yon vwa pou kominote LGBT a, li t ap travay san pran souf pou mete fen nan diskriminasyon epi pou pwomouvwa dwa ak egalite LGBT yo. Richardson konnen tou pou angajman pwofon li anv\u00e8 responsablite ak transparans gouv\u00e8nman an ak travay vaste li te f\u00e8 anrap\u00f2 ak ref\u00f2m prizon yo.<\/p>\r\n<p>Jodi a, David fy\u00e8 d\u00e8ske li te eli nan Komisyon Vil Miami Beach la kote li pral kontinye devouman li nan s\u00e8vis piblik la epi kontinye mete plis pase twa deseni eksperyans li nan odit forensik pou travay an fav\u00e8 rezidan Miami Beach yo.<\/p>","protected":false},"excerpt":{"rendered":"<p>Retounen bay Majistra a ak Komisyon an David Richardson Komisyon\u00e8 DavidRichardson@miamibeachfl.gov 305.673.7102 Gwoup 6 Manda: 2019 \u2013 2023 Premye Eli: 2019 Asistan Komisyon an: [\u2026]<\/p>","protected":false},"author":222,"featured_media":281059,"parent":265385,"menu_order":13,"comment_status":"closed","ping_status":"closed","template":"","meta":{"_searchwp_excluded":"1","site-sidebar-layout":"default","site-content-layout":"","ast-site-content-layout":"","site-content-style":"default","site-sidebar-style":"default","ast-global-header-display":"disabled","ast-banner-title-visibility":"","ast-main-header-display":"","ast-hfb-above-header-display":"","ast-hfb-below-header-display":"","ast-hfb-mobile-header-display":"","site-post-title":"","ast-breadcrumbs-content":"","ast-featured-img":"","footer-sml-layout":"disabled","theme-transparent-header-meta":"","adv-header-id-meta":"","stick-header-meta":"","header-above-stick-meta":"","header-main-stick-meta":"","header-below-stick-meta":"","astra-migrate-meta-layouts":"default","ast-page-background-enabled":"default","ast-page-background-meta":{"desktop":{"background-color":"var(--ast-global-color-5)","background-image":"","background-repeat":"repeat","background-position":"center center","background-size":"auto","background-attachment":"scroll","background-type":"","background-media":"","overlay-type":"","overlay-color":"","overlay-opacity":"","overlay-gradient":""},"tablet":{"background-color":"","background-image":"","background-repeat":"repeat","background-position":"center center","background-size":"auto","background-attachment":"scroll","background-type":"","background-media":"","overlay-type":"","overlay-color":"","overlay-opacity":"","overlay-gradient":""},"mobile":{"background-color":"","background-image":"","background-repeat":"repeat","background-position":"center center","background-size":"auto","background-attachment":"scroll","background-type":"","background-media":"","overlay-type":"","overlay-color":"","overlay-opacity":"","overlay-gradient":""}},"ast-content-background-meta":{"desktop":{"background-color":"var(--ast-global-color-4)","background-image":"","background-repeat":"repeat","background-position":"center center","background-size":"auto","background-attachment":"scroll","background-type":"","background-media":"","overlay-type":"","overlay-color":"","overlay-opacity":"","overlay-gradient":""},"tablet":{"background-color":"var(--ast-global-color-4)","background-image":"","background-repeat":"repeat","background-position":"center center","background-size":"auto","background-attachment":"scroll","background-type":"","background-media":"","overlay-type":"","overlay-color":"","overlay-opacity":"","overlay-gradient":""},"mobile":{"background-color":"var(--ast-global-color-4)","background-image":"","background-repeat":"repeat","background-position":"center center","background-size":"auto","background-attachment":"scroll","background-type":"","background-media":"","overlay-type":"","overlay-color":"","overlay-opacity":"","overlay-gradient":""}},"footnotes":""},"categories":[],"tags":[1002,994,1130],"class_list":["post-265453","page","type-page","status-publish","has-post-thumbnail","hentry","tag-app-egov-page","tag-egovapp-commissioners","tag-joseph-magazine-egovapp"],"yoast_head":"<!-- This site is optimized with the Yoast SEO Premium plugin v26.6 (Yoast SEO v26.6) - https:\/\/yoast.com\/wordpress\/plugins\/seo\/ -->\n<title>Joseph Magazine Group Group 6 - City of Miami Beach<\/title>\n<meta name=\"description\" content=\"On August 14, 2012, former State Representative David Richardson made history in Florida when he became the first openly gay person to win a seat in the Florida Legislature. While it was his first campaign ever, Richardson mounted a true grassroots campaign that brought people together.\" \/>\n<meta name=\"robots\" content=\"index, follow, max-snippet:-1, max-image-preview:large, max-video-preview:-1\" \/>\n<link rel=\"canonical\" href=\"https:\/\/www.miamibeachfl.gov\/ht\/egovapp\/mayor-and-commissioners\/commissioner-joseph-magazine\/\" \/>\n<meta property=\"og:locale\" content=\"ht_HT\" \/>\n<meta property=\"og:type\" content=\"article\" \/>\n<meta property=\"og:title\" content=\"Joseph Magazine Group Group 6\" \/>\n<meta property=\"og:description\" content=\"On August 14, 2012, former State Representative David Richardson made history in Florida when he became the first openly gay person to win a seat in the Florida Legislature. While it was his first campaign ever, Richardson mounted a true grassroots campaign that brought people together.\" \/>\n<meta property=\"og:url\" content=\"https:\/\/www.miamibeachfl.gov\/ht\/egovapp\/mayor-and-commissioners\/commissioner-joseph-magazine\/\" \/>\n<meta property=\"og:site_name\" content=\"City of Miami Beach\" \/>\n<meta property=\"article:publisher\" content=\"https:\/\/www.facebook.com\/cityofmiamibeach\" \/>\n<meta property=\"article:modified_time\" content=\"2025-06-07T20:28:07+00:00\" \/>\n<meta property=\"og:image\" content=\"https:\/\/www.miamibeachfl.gov\/wp-content\/uploads\/2023\/07\/DavidRichardson.png\" \/>\n\t<meta property=\"og:image:width\" content=\"249\" \/>\n\t<meta property=\"og:image:height\" content=\"250\" \/>\n\t<meta property=\"og:image:type\" content=\"image\/png\" \/>\n<meta name=\"twitter:card\" content=\"summary_large_image\" \/>\n<meta name=\"twitter:site\" content=\"@Miamibeachnews\" \/>\n<script type=\"application\/ld+json\" class=\"yoast-schema-graph\">{\"@context\":\"https:\/\/schema.org\",\"@graph\":[{\"@type\":\"WebPage\",\"@id\":\"https:\/\/www.miamibeachfl.gov\/egovapp\/mayor-and-commissioners\/commissioner-joseph-magazine\/\",\"url\":\"https:\/\/www.miamibeachfl.gov\/egovapp\/mayor-and-commissioners\/commissioner-joseph-magazine\/\",\"name\":\"Joseph Magazine Group Group 6 - City of Miami Beach\",\"isPartOf\":{\"@id\":\"https:\/\/www.miamibeachfl.gov\/#website\"},\"primaryImageOfPage\":{\"@id\":\"https:\/\/www.miamibeachfl.gov\/egovapp\/mayor-and-commissioners\/commissioner-joseph-magazine\/#primaryimage\"},\"image\":{\"@id\":\"https:\/\/www.miamibeachfl.gov\/egovapp\/mayor-and-commissioners\/commissioner-joseph-magazine\/#primaryimage\"},\"thumbnailUrl\":\"https:\/\/www.miamibeachfl.gov\/wp-content\/uploads\/2023\/07\/JoeMagazine.png\",\"datePublished\":\"2023-07-19T17:29:43+00:00\",\"dateModified\":\"2025-06-07T20:28:07+00:00\",\"description\":\"On August 14, 2012, former State Representative David Richardson made history in Florida when he became the first openly gay person to win a seat in the Florida Legislature. While it was his first campaign ever, Richardson mounted a true grassroots campaign that brought people together.\",\"breadcrumb\":{\"@id\":\"https:\/\/www.miamibeachfl.gov\/egovapp\/mayor-and-commissioners\/commissioner-joseph-magazine\/#breadcrumb\"},\"inLanguage\":\"ht\",\"potentialAction\":[{\"@type\":\"ReadAction\",\"target\":[\"https:\/\/www.miamibeachfl.gov\/egovapp\/mayor-and-commissioners\/commissioner-joseph-magazine\/\"]}]},{\"@type\":\"ImageObject\",\"inLanguage\":\"ht\",\"@id\":\"https:\/\/www.miamibeachfl.gov\/egovapp\/mayor-and-commissioners\/commissioner-joseph-magazine\/#primaryimage\",\"url\":\"https:\/\/www.miamibeachfl.gov\/wp-content\/uploads\/2023\/07\/JoeMagazine.png\",\"contentUrl\":\"https:\/\/www.miamibeachfl.gov\/wp-content\/uploads\/2023\/07\/JoeMagazine.png\",\"width\":250,\"height\":250,\"caption\":\"Comissioner Joe Magazine\"},{\"@type\":\"BreadcrumbList\",\"@id\":\"https:\/\/www.miamibeachfl.gov\/egovapp\/mayor-and-commissioners\/commissioner-joseph-magazine\/#breadcrumb\",\"itemListElement\":[{\"@type\":\"ListItem\",\"position\":1,\"name\":\"Home\",\"item\":\"https:\/\/www.miamibeachfl.gov\/\"},{\"@type\":\"ListItem\",\"position\":2,\"name\":\"MobileAppPages\",\"item\":\"https:\/\/www.miamibeachfl.gov\/egovapp\/\"},{\"@type\":\"ListItem\",\"position\":3,\"name\":\"Mayor and Commissioners\",\"item\":\"https:\/\/www.miamibeachfl.gov\/egovapp\/mayor-and-commissioners\/\"},{\"@type\":\"ListItem\",\"position\":4,\"name\":\"Joseph Magazine Group Group 6\"}]},{\"@type\":\"WebSite\",\"@id\":\"https:\/\/www.miamibeachfl.gov\/#website\",\"url\":\"https:\/\/www.miamibeachfl.gov\/\",\"name\":\"City of Miami Beach\",\"description\":\"The official website of the City of Miami Beach. Stay informed, find important information on city services, news, alerts, events, trolley routes, government employment and more.\",\"publisher\":{\"@id\":\"https:\/\/www.miamibeachfl.gov\/#organization\"},\"potentialAction\":[{\"@type\":\"SearchAction\",\"target\":{\"@type\":\"EntryPoint\",\"urlTemplate\":\"https:\/\/www.miamibeachfl.gov\/?s={search_term_string}\"},\"query-input\":{\"@type\":\"PropertyValueSpecification\",\"valueRequired\":true,\"valueName\":\"search_term_string\"}}],\"inLanguage\":\"ht\"},{\"@type\":\"Organization\",\"@id\":\"https:\/\/www.miamibeachfl.gov\/#organization\",\"name\":\"City of Miami Beach\",\"url\":\"https:\/\/www.miamibeachfl.gov\/\",\"logo\":{\"@type\":\"ImageObject\",\"inLanguage\":\"ht\",\"@id\":\"https:\/\/www.miamibeachfl.gov\/#\/schema\/logo\/image\/\",\"url\":\"https:\/\/www.miamibeachfl.gov\/wp-content\/uploads\/2022\/06\/miamibeach-logoblue.png\",\"contentUrl\":\"https:\/\/www.miamibeachfl.gov\/wp-content\/uploads\/2022\/06\/miamibeach-logoblue.png\",\"width\":1962,\"height\":381,\"caption\":\"City of Miami Beach\"},\"image\":{\"@id\":\"https:\/\/www.miamibeachfl.gov\/#\/schema\/logo\/image\/\"},\"sameAs\":[\"https:\/\/www.facebook.com\/cityofmiamibeach\",\"https:\/\/x.com\/Miamibeachnews\",\"https:\/\/www.instagram.com\/miamibeachnews\/\"],\"description\":\"The official website of the City of Miami Beach. Stay informed, find important information on city services, news, alerts, events, trolley routes, government employment and more.\",\"telephone\":\"305.604.CITY(2489)\",\"legalName\":\"City of Miami Beach\"}]}<\/script>\n<!-- \/ Yoast SEO Premium plugin. -->","yoast_head_json":{"title":"Gwoup Magazin Joseph Gwoup 6 - Vil Miami Beach","description":"Nan dat 14 Out 2012, ansyen Reprezantan Eta a David Richardson te antre nan listwa nan Florid l\u00e8 li te vin premye moun ki te ouv\u00e8tman omoseksy\u00e8l ki te genyen yon plas nan Lejislati Florid la. Malgre ke se te premye kanpay li, Richardson te \u00f2ganize yon vr\u00e8 kanpay popil\u00e8 ki te rasanble moun yo.","robots":{"index":"index","follow":"follow","max-snippet":"max-snippet:-1","max-image-preview":"max-image-preview:large","max-video-preview":"max-video-preview:-1"},"canonical":"https:\/\/www.miamibeachfl.gov\/ht\/egovapp\/mayor-and-commissioners\/commissioner-joseph-magazine\/","og_locale":"ht_HT","og_type":"article","og_title":"Joseph Magazine Group Group 6","og_description":"On August 14, 2012, former State Representative David Richardson made history in Florida when he became the first openly gay person to win a seat in the Florida Legislature. While it was his first campaign ever, Richardson mounted a true grassroots campaign that brought people together.","og_url":"https:\/\/www.miamibeachfl.gov\/ht\/egovapp\/mayor-and-commissioners\/commissioner-joseph-magazine\/","og_site_name":"City of Miami Beach","article_publisher":"https:\/\/www.facebook.com\/cityofmiamibeach","article_modified_time":"2025-06-07T20:28:07+00:00","og_image":[{"width":249,"height":250,"url":"https:\/\/www.miamibeachfl.gov\/wp-content\/uploads\/2023\/07\/DavidRichardson.png","type":"image\/png"}],"twitter_card":"summary_large_image","twitter_site":"@Miamibeachnews","schema":{"@context":"https:\/\/schema.org","@graph":[{"@type":"WebPage","@id":"https:\/\/www.miamibeachfl.gov\/egovapp\/mayor-and-commissioners\/commissioner-joseph-magazine\/","url":"https:\/\/www.miamibeachfl.gov\/egovapp\/mayor-and-commissioners\/commissioner-joseph-magazine\/","name":"Gwoup Magazin Joseph Gwoup 6 - Vil Miami Beach","isPartOf":{"@id":"https:\/\/www.miamibeachfl.gov\/#website"},"primaryImageOfPage":{"@id":"https:\/\/www.miamibeachfl.gov\/egovapp\/mayor-and-commissioners\/commissioner-joseph-magazine\/#primaryimage"},"image":{"@id":"https:\/\/www.miamibeachfl.gov\/egovapp\/mayor-and-commissioners\/commissioner-joseph-magazine\/#primaryimage"},"thumbnailUrl":"https:\/\/www.miamibeachfl.gov\/wp-content\/uploads\/2023\/07\/JoeMagazine.png","datePublished":"2023-07-19T17:29:43+00:00","dateModified":"2025-06-07T20:28:07+00:00","description":"Nan dat 14 Out 2012, ansyen Reprezantan Eta a David Richardson te antre nan listwa nan Florid l\u00e8 li te vin premye moun ki te ouv\u00e8tman omoseksy\u00e8l ki te genyen yon plas nan Lejislati Florid la. Malgre ke se te premye kanpay li, Richardson te \u00f2ganize yon vr\u00e8 kanpay popil\u00e8 ki te rasanble moun yo.","breadcrumb":{"@id":"https:\/\/www.miamibeachfl.gov\/egovapp\/mayor-and-commissioners\/commissioner-joseph-magazine\/#breadcrumb"},"inLanguage":"ht","potentialAction":[{"@type":"ReadAction","target":["https:\/\/www.miamibeachfl.gov\/egovapp\/mayor-and-commissioners\/commissioner-joseph-magazine\/"]}]},{"@type":"ImageObject","inLanguage":"ht","@id":"https:\/\/www.miamibeachfl.gov\/egovapp\/mayor-and-commissioners\/commissioner-joseph-magazine\/#primaryimage","url":"https:\/\/www.miamibeachfl.gov\/wp-content\/uploads\/2023\/07\/JoeMagazine.png","contentUrl":"https:\/\/www.miamibeachfl.gov\/wp-content\/uploads\/2023\/07\/JoeMagazine.png","width":250,"height":250,"caption":"Comissioner Joe Magazine"},{"@type":"BreadcrumbList","@id":"https:\/\/www.miamibeachfl.gov\/egovapp\/mayor-and-commissioners\/commissioner-joseph-magazine\/#breadcrumb","itemListElement":[{"@type":"ListItem","position":1,"name":"Home","item":"https:\/\/www.miamibeachfl.gov\/"},{"@type":"ListItem","position":2,"name":"MobileAppPages","item":"https:\/\/www.miamibeachfl.gov\/egovapp\/"},{"@type":"ListItem","position":3,"name":"Mayor and Commissioners","item":"https:\/\/www.miamibeachfl.gov\/egovapp\/mayor-and-commissioners\/"},{"@type":"ListItem","position":4,"name":"Joseph Magazine Group Group 6"}]},{"@type":"WebSite","@id":"https:\/\/www.miamibeachfl.gov\/#website","url":"https:\/\/www.miamibeachfl.gov\/","name":"Vil Miami Beach","description":"Sitw\u00e8b ofisy\u00e8l Vil Miami Beach la. Rete enf\u00f2me, jwenn enf\u00f2masyon enp\u00f2tan sou s\u00e8vis vil la, nouv\u00e8l, al\u00e8t, ev\u00e8nman, wout tramway, travay gouv\u00e8nman an ak plis ank\u00f2.","publisher":{"@id":"https:\/\/www.miamibeachfl.gov\/#organization"},"potentialAction":[{"@type":"SearchAction","target":{"@type":"EntryPoint","urlTemplate":"https:\/\/www.miamibeachfl.gov\/?s={search_term_string}"},"query-input":{"@type":"PropertyValueSpecification","valueRequired":true,"valueName":"search_term_string"}}],"inLanguage":"ht"},{"@type":"Organization","@id":"https:\/\/www.miamibeachfl.gov\/#organization","name":"Vil Miami Beach","url":"https:\/\/www.miamibeachfl.gov\/","logo":{"@type":"ImageObject","inLanguage":"ht","@id":"https:\/\/www.miamibeachfl.gov\/#\/schema\/logo\/image\/","url":"https:\/\/www.miamibeachfl.gov\/wp-content\/uploads\/2022\/06\/miamibeach-logoblue.png","contentUrl":"https:\/\/www.miamibeachfl.gov\/wp-content\/uploads\/2022\/06\/miamibeach-logoblue.png","width":1962,"height":381,"caption":"City of Miami Beach"},"image":{"@id":"https:\/\/www.miamibeachfl.gov\/#\/schema\/logo\/image\/"},"sameAs":["https:\/\/www.facebook.com\/cityofmiamibeach","https:\/\/x.com\/Miamibeachnews","https:\/\/www.instagram.com\/miamibeachnews\/"],"description":"Sitw\u00e8b ofisy\u00e8l Vil Miami Beach la. Rete enf\u00f2me, jwenn enf\u00f2masyon enp\u00f2tan sou s\u00e8vis vil la, nouv\u00e8l, al\u00e8t, ev\u00e8nman, wout tramway, travay gouv\u00e8nman an ak plis ank\u00f2.","telephone":"305.604.CITY(2489)","legalName":"City of Miami Beach"}]}},"_links":{"self":[{"href":"https:\/\/www.miamibeachfl.gov\/ht\/wp-json\/wp\/v2\/pages\/265453","targetHints":{"allow":["GET"]}}],"collection":[{"href":"https:\/\/www.miamibeachfl.gov\/ht\/wp-json\/wp\/v2\/pages"}],"about":[{"href":"https:\/\/www.miamibeachfl.gov\/ht\/wp-json\/wp\/v2\/types\/page"}],"author":[{"embeddable":true,"href":"https:\/\/www.miamibeachfl.gov\/ht\/wp-json\/wp\/v2\/users\/222"}],"replies":[{"embeddable":true,"href":"https:\/\/www.miamibeachfl.gov\/ht\/wp-json\/wp\/v2\/comments?post=265453"}],"version-history":[{"count":0,"href":"https:\/\/www.miamibeachfl.gov\/ht\/wp-json\/wp\/v2\/pages\/265453\/revisions"}],"up":[{"embeddable":true,"href":"https:\/\/www.miamibeachfl.gov\/ht\/wp-json\/wp\/v2\/pages\/265385"}],"wp:featuredmedia":[{"embeddable":true,"href":"https:\/\/www.miamibeachfl.gov\/ht\/wp-json\/wp\/v2\/media\/281059"}],"wp:attachment":[{"href":"https:\/\/www.miamibeachfl.gov\/ht\/wp-json\/wp\/v2\/media?parent=265453"}],"wp:term":[{"taxonomy":"category","embeddable":true,"href":"https:\/\/www.miamibeachfl.gov\/ht\/wp-json\/wp\/v2\/categories?post=265453"},{"taxonomy":"post_tag","embeddable":true,"href":"https:\/\/www.miamibeachfl.gov\/ht\/wp-json\/wp\/v2\/tags?post=265453"}],"curies":[{"name":"wp","href":"https:\/\/api.w.org\/{rel}","templated":true}]}}