{"id":265489,"date":"2023-07-19T16:04:58","date_gmt":"2023-07-19T20:04:58","guid":{"rendered":"https:\/\/www.miamibeachfl.gov\/?page_id=265489"},"modified":"2025-06-07T12:53:40","modified_gmt":"2025-06-07T16:53:40","slug":"buildingdepartment","status":"publish","type":"page","link":"https:\/\/www.miamibeachfl.gov\/ht\/egovapp\/city-hall\/buildingdepartment\/","title":{"rendered":"Depatman Konstriksyon"},"content":{"rendered":"<a href=\"https:\/\/www.miamibeachfl.gov\/ht\/egovapp\/city-hall\/\" target=\"_self\">\n\t\t\t\t\t\tRetounen nan Any\u00e8 Depatman an\n\t\t\t\t\t<\/a>\n<h1>\n\t\t\tDepatman Konstriksyon\t<\/h1>\n\t\t\t<a href=\"\/ht\/egovapp\/city-hall\/buildingdepartment\/permitting-checklists\/\" target=\"_self\">\n\t\t\t\t\t\tLis verifikasyon p\u00e8mi yo\n\t\t\t\t\t<\/a>\n\t\t\t<a href=\"\/ht\/egovapp\/city-hall\/buildingdepartment\/building-forms\/\" target=\"_self\">\n\t\t\t\t\t\tF\u00f2m Konstriksyon\n\t\t\t\t\t<\/a>\n\t<ul>\n\t\t<li><a href=\"tel:305.673.7610\" target=\"_self\"  aria-label=\"Ale nan nimewo telef\u00f2n sa a: 305.673.7610\">\t\t\t\t\n\t\t<h3>305.673.7610<\/h3><\/a><\/li><li>\t\t\t\t\n\t\t<h3>Or\u00e8 Biwo:<\/h3><p>Lendi \u2013 Vandredi 8AM \u2013 4PM<\/p><\/li><li><a href=\"https:\/\/goo.gl\/maps\/khdGD1Zf2TFdQDmX7\" target=\"_blank\" rel=\"noopener\" aria-label=\"Ale sou https:\/\/goo.gl\/maps\/khdGD1Zf2TFdQDmX7\">\t\t\t\t\n\t\t<h3>Biwo Prensipal:<\/h3><p>1700 Konvansyon Center Drive<br \/>Miami Beach, Florid 33139<\/p><\/a><\/li><li><a href=\"https:\/\/goo.gl\/maps\/tuVP4jV3rnwzSpgq6\" target=\"_blank\" rel=\"noopener\" aria-label=\"Ale sou https:\/\/goo.gl\/maps\/tuVP4jV3rnwzSpgq6\">\t\t\t\t\n\t\t<h3>Biwo N\u00f2:<\/h3><p>962 Normandy Drive<br \/>Miami Beach, Florid 33141<\/p><\/a><\/li><li>\t\t\t\t\n\t\t<h3>Randevou<\/h3><p>Ou ka pran randevou pou rankontre ak Ofisy\u00e8l\/Direkt\u00e8 Bilding lan, Direkt\u00e8 Adjwen an, Direkt\u00e8 Asistan an, oswa Manadj\u00e8 Operasyon Bilding lan pa telef\u00f2n nan <a href=\"tel:3056737610\">\u00a0<strong>305.673.7610<\/strong><\/a><strong>,<\/strong> ekstansyon 26130. Ou ka pran randevou pou rankontre ak yon Ch\u00e8f Seksyon atrav\u00e8 nou an <strong><a href=\"https:\/\/wb-miamibeachfl.qmatic.cloud\/qmaticwebbooking\">Sist\u00e8m Rez\u00e8vasyon Randevou<\/a>.\u00a0<\/strong><\/p><\/li>\t<\/ul>\n<h2>\n\t\t\tIstwa\t<\/h2>\n\t<p>Depatman Konstriksyon Vil Miami Beach te etabli an 1925 e li te gen pw\u00f2p K\u00f2d Konstriksyon li jiska ane 1950 yo l\u00e8 Vil la te adopte K\u00f2d Konstriksyon Sid Florid la.<\/p>\n<p>Eta Florid te premye fwa li te egzije k\u00f2d konstriksyon pou tout eta a pandan ane 1970 yo, nan k\u00f2mansman boom konstriksyon mod\u00e8n nan. Premye lwa a te egzije tout minisipalite ak konte yo pou adopte epi aplike youn nan kat k\u00f2d mod\u00e8l leta yo rekon\u00e8t ke yo rekon\u00e8t k\u00f2m &quot;k\u00f2d konstriksyon minim\u00f2m leta yo&quot;. Nan k\u00f2mansman ane 1990 yo, yon seri dezas natir\u00e8l, ansanm ak konpleksite r\u00e8gleman konstriksyon bilding nan mache ki te chanje anpil, te mennen nan yon revizyon konpl\u00e8 sou sist\u00e8m k\u00f2d konstriksyon Eta a. Etid la te revele ke adopsyon ak aplikasyon k\u00f2d konstriksyon yo pa t konsistan nan tout Eta a epi k\u00f2d lokal yo te konsidere k\u00f2m pi solid yo te pwouve yo pa t ase l\u00e8 yo te teste pa gwo ev\u00e8nman sikl\u00f2n yo. Konsekans ech\u00e8k sist\u00e8m k\u00f2d konstriksyon yo te devastasyon lavi ak ekonomi ak yon kriz asirans pwopriyete nan tout eta a. Repons lan se te yon ref\u00f2m nan sist\u00e8m regilasyon konstriksyon bilding Eta a ki te mete aksan sou inif\u00f2mite ak responsablite.<\/p>\n<p>Lejislati Florid 1998 la te modifye Chapit 553, Lwa Florid yo, ki rele &quot;N\u00f2m Konstriksyon Bati,&quot; pou kreye yon s\u00e8l k\u00f2d konstriksyon pou tout Eta a ke tout gouv\u00e8nman lokal yo aplike. Apati 1ye mas 2002, K\u00f2d Konstriksyon Florid la ranplase tout k\u00f2d konstriksyon lokal yo, epi se Komisyon Konstriksyon Florid la ki devlope epi kenbe l. Yo mete K\u00f2d Konstriksyon Florid la ajou chak twa zan epi yo ka modifye l chak ane pou enk\u00f2pore ent\u00e8pretasyon ak klarifikasyon.<\/p>\n<p><strong>Depatman an divize an de z\u00f2n fonksyon\u00e8l: S\u00e8vis Administratif ak Operasyon.<\/strong><\/p>\n<p><strong>Seksyon S\u00e8vis Administratif yo<\/strong>\u00a0bay sip\u00f2 administratif pou tout Depatman an, ki gen ladan rekizisyon machandiz ak s\u00e8vis, trete fakti pou d\u00e8t, kreye fakti pou d\u00e8t, kenbe tout dosye p\u00e8son\u00e8l, trete pew\u00f2l, prepare bidj\u00e8, bay asistans IT, ak jere pwoj\u00e8 espesyal.<\/p>\n<p><strong>Seksyon Operasyon an<\/strong>\u00a0responsab pou administre div\u00e8s dispozisyon K\u00f2d Konstriksyon Florid la, tankou aksepte aplikasyon pou p\u00e8mi, revize epi apwouve plan konstriksyon yo an ak\u00f2 ak dispozisyon K\u00f2d Konstriksyon Florid la, enspekte konstriksyon an pou asire konf\u00f2mite av\u00e8k plan apwouve yo, epi bay vyolasyon pou pwoj\u00e8 kote konstriksyon an te f\u00e8t san oswa pa an konf\u00f2mite av\u00e8k p\u00e8mi apwouve yo.<\/p>","protected":false},"excerpt":{"rendered":"<p>Back to Department Directory Building Department Permitting Checklists Building Forms 305.673.7610 Office Hours: Monday &#8211; Friday 8AM &#8211; 4PM Main [&hellip;]<\/p>\n","protected":false},"author":222,"featured_media":0,"parent":265532,"menu_order":0,"comment_status":"closed","ping_status":"closed","template":"","meta":{"_searchwp_excluded":"1","site-sidebar-layout":"default","site-content-layout":"","ast-site-content-layout":"","site-content-style":"default","site-sidebar-style":"default","ast-global-header-display":"disabled","ast-banner-title-visibility":"","ast-main-header-display":"","ast-hfb-above-header-display":"","ast-hfb-below-header-display":"","ast-hfb-mobile-header-display":"","site-post-title":"","ast-breadcrumbs-content":"","ast-featured-img":"","footer-sml-layout":"disabled","ast-disable-related-posts":"","theme-transparent-header-meta":"","adv-header-id-meta":"","stick-header-meta":"","header-above-stick-meta":"","header-main-stick-meta":"","header-below-stick-meta":"","astra-migrate-meta-layouts":"default","ast-page-background-enabled":"default","ast-page-background-meta":{"desktop":{"background-color":"var(--ast-global-color-5)","background-image":"","background-repeat":"repeat","background-position":"center center","background-size":"auto","background-attachment":"scroll","background-type":"","background-media":"","overlay-type":"","overlay-color":"","overlay-opacity":"","overlay-gradient":""},"tablet":{"background-color":"","background-image":"","background-repeat":"repeat","background-position":"center center","background-size":"auto","background-attachment":"scroll","background-type":"","background-media":"","overlay-type":"","overlay-color":"","overlay-opacity":"","overlay-gradient":""},"mobile":{"background-color":"","background-image":"","background-repeat":"repeat","background-position":"center center","background-size":"auto","background-attachment":"scroll","background-type":"","background-media":"","overlay-type":"","overlay-color":"","overlay-opacity":"","overlay-gradient":""}},"ast-content-background-meta":{"desktop":{"background-color":"var(--ast-global-color-4)","background-image":"","background-repeat":"repeat","background-position":"center center","background-size":"auto","background-attachment":"scroll","background-type":"","background-media":"","overlay-type":"","overlay-color":"","overlay-opacity":"","overlay-gradient":""},"tablet":{"background-color":"var(--ast-global-color-4)","background-image":"","background-repeat":"repeat","background-position":"center center","background-size":"auto","background-attachment":"scroll","background-type":"","background-media":"","overlay-type":"","overlay-color":"","overlay-opacity":"","overlay-gradient":""},"mobile":{"background-color":"var(--ast-global-color-4)","background-image":"","background-repeat":"repeat","background-position":"center center","background-size":"auto","background-attachment":"scroll","background-type":"","background-media":"","overlay-type":"","overlay-color":"","overlay-opacity":"","overlay-gradient":""}},"footnotes":""},"categories":[],"tags":[1002,1000],"class_list":["post-265489","page","type-page","status-publish","hentry","tag-app-egov-page","tag-cityhall-egovapp"],"yoast_head":"<!-- This site is optimized with the Yoast SEO Premium plugin v27.4 (Yoast SEO v27.4) - https:\/\/yoast.com\/product\/yoast-seo-premium-wordpress\/ -->\n<title>Building Department - City of Miami Beach<\/title>\n<meta name=\"description\" content=\"The City of Miami Beach Building Department supervises and regulates construction activities in Miami Beach.\" \/>\n<meta name=\"robots\" content=\"index, follow, max-snippet:-1, max-image-preview:large, max-video-preview:-1\" \/>\n<link rel=\"canonical\" href=\"https:\/\/www.miamibeachfl.gov\/ht\/egovapp\/city-hall\/buildingdepartment\/\" \/>\n<meta property=\"og:locale\" content=\"ht_HT\" \/>\n<meta property=\"og:type\" content=\"article\" \/>\n<meta property=\"og:title\" content=\"Building Department\" \/>\n<meta property=\"og:description\" content=\"The City of Miami Beach Building Department supervises and regulates construction activities in Miami Beach.\" \/>\n<meta property=\"og:url\" content=\"https:\/\/www.miamibeachfl.gov\/ht\/egovapp\/city-hall\/buildingdepartment\/\" \/>\n<meta property=\"og:site_name\" content=\"City of Miami Beach\" \/>\n<meta property=\"article:publisher\" content=\"https:\/\/www.facebook.com\/cityofmiamibeach\" \/>\n<meta property=\"article:modified_time\" content=\"2025-06-07T16:53:40+00:00\" \/>\n<meta property=\"og:image\" content=\"https:\/\/www.miamibeachfl.gov\/wp-content\/uploads\/2024\/01\/1000pxSquare-miamibeach-aerial-southpointview.jpeg\" \/>\n\t<meta property=\"og:image:width\" content=\"1000\" \/>\n\t<meta property=\"og:image:height\" content=\"1000\" \/>\n\t<meta property=\"og:image:type\" content=\"image\/jpeg\" \/>\n<meta name=\"twitter:card\" content=\"summary_large_image\" \/>\n<meta name=\"twitter:site\" content=\"@Miamibeachnews\" \/>\n<script type=\"application\/ld+json\" class=\"yoast-schema-graph\">{\"@context\":\"https:\\\/\\\/schema.org\",\"@graph\":[{\"@type\":\"WebPage\",\"@id\":\"https:\\\/\\\/www.miamibeachfl.gov\\\/egovapp\\\/city-hall\\\/buildingdepartment\\\/\",\"url\":\"https:\\\/\\\/www.miamibeachfl.gov\\\/egovapp\\\/city-hall\\\/buildingdepartment\\\/\",\"name\":\"Building Department - City of Miami Beach\",\"isPartOf\":{\"@id\":\"https:\\\/\\\/www.miamibeachfl.gov\\\/#website\"},\"datePublished\":\"2023-07-19T20:04:58+00:00\",\"dateModified\":\"2025-06-07T16:53:40+00:00\",\"description\":\"The City of Miami Beach Building Department supervises and regulates construction activities in Miami Beach.\",\"breadcrumb\":{\"@id\":\"https:\\\/\\\/www.miamibeachfl.gov\\\/egovapp\\\/city-hall\\\/buildingdepartment\\\/#breadcrumb\"},\"inLanguage\":\"ht\",\"potentialAction\":[{\"@type\":\"ReadAction\",\"target\":[\"https:\\\/\\\/www.miamibeachfl.gov\\\/egovapp\\\/city-hall\\\/buildingdepartment\\\/\"]}]},{\"@type\":\"BreadcrumbList\",\"@id\":\"https:\\\/\\\/www.miamibeachfl.gov\\\/egovapp\\\/city-hall\\\/buildingdepartment\\\/#breadcrumb\",\"itemListElement\":[{\"@type\":\"ListItem\",\"position\":1,\"name\":\"Home\",\"item\":\"https:\\\/\\\/www.miamibeachfl.gov\\\/\"},{\"@type\":\"ListItem\",\"position\":2,\"name\":\"MobileAppPages\",\"item\":\"https:\\\/\\\/www.miamibeachfl.gov\\\/egovapp\\\/\"},{\"@type\":\"ListItem\",\"position\":3,\"name\":\"City Hall Department Directory\",\"item\":\"https:\\\/\\\/www.miamibeachfl.gov\\\/egovapp\\\/city-hall\\\/\"},{\"@type\":\"ListItem\",\"position\":4,\"name\":\"Building Department\"}]},{\"@type\":\"WebSite\",\"@id\":\"https:\\\/\\\/www.miamibeachfl.gov\\\/#website\",\"url\":\"https:\\\/\\\/www.miamibeachfl.gov\\\/\",\"name\":\"City of Miami Beach\",\"description\":\"The official website of the City of Miami Beach. Stay informed, find important information on city services, news, alerts, events, trolley routes, government employment and more.\",\"publisher\":{\"@id\":\"https:\\\/\\\/www.miamibeachfl.gov\\\/#organization\"},\"potentialAction\":[{\"@type\":\"SearchAction\",\"target\":{\"@type\":\"EntryPoint\",\"urlTemplate\":\"https:\\\/\\\/www.miamibeachfl.gov\\\/?s={search_term_string}\"},\"query-input\":{\"@type\":\"PropertyValueSpecification\",\"valueRequired\":true,\"valueName\":\"search_term_string\"}}],\"inLanguage\":\"ht\"},{\"@type\":\"Organization\",\"@id\":\"https:\\\/\\\/www.miamibeachfl.gov\\\/#organization\",\"name\":\"City of Miami Beach\",\"url\":\"https:\\\/\\\/www.miamibeachfl.gov\\\/\",\"logo\":{\"@type\":\"ImageObject\",\"inLanguage\":\"ht\",\"@id\":\"https:\\\/\\\/www.miamibeachfl.gov\\\/#\\\/schema\\\/logo\\\/image\\\/\",\"url\":\"https:\\\/\\\/www.miamibeachfl.gov\\\/wp-content\\\/uploads\\\/2022\\\/06\\\/miamibeach-logoblue.png\",\"contentUrl\":\"https:\\\/\\\/www.miamibeachfl.gov\\\/wp-content\\\/uploads\\\/2022\\\/06\\\/miamibeach-logoblue.png\",\"width\":1962,\"height\":381,\"caption\":\"City of Miami Beach\"},\"image\":{\"@id\":\"https:\\\/\\\/www.miamibeachfl.gov\\\/#\\\/schema\\\/logo\\\/image\\\/\"},\"sameAs\":[\"https:\\\/\\\/www.facebook.com\\\/cityofmiamibeach\",\"https:\\\/\\\/x.com\\\/Miamibeachnews\",\"https:\\\/\\\/www.instagram.com\\\/miamibeachnews\\\/\"],\"description\":\"The official website of the City of Miami Beach. Stay informed, find important information on city services, news, alerts, events, trolley routes, government employment and more.\",\"telephone\":\"305.604.CITY(2489)\",\"legalName\":\"City of Miami Beach\"}]}<\/script>\n<!-- \/ Yoast SEO Premium plugin. -->","yoast_head_json":{"title":"Depatman Konstriksyon - Vil Miami Beach","description":"Depatman Konstriksyon Vil Miami Beach la sip\u00e8vize epi reglemante aktivite konstriksyon nan Miami Beach.","robots":{"index":"index","follow":"follow","max-snippet":"max-snippet:-1","max-image-preview":"max-image-preview:large","max-video-preview":"max-video-preview:-1"},"canonical":"https:\/\/www.miamibeachfl.gov\/ht\/egovapp\/city-hall\/buildingdepartment\/","og_locale":"ht_HT","og_type":"article","og_title":"Building Department","og_description":"The City of Miami Beach Building Department supervises and regulates construction activities in Miami Beach.","og_url":"https:\/\/www.miamibeachfl.gov\/ht\/egovapp\/city-hall\/buildingdepartment\/","og_site_name":"City of Miami Beach","article_publisher":"https:\/\/www.facebook.com\/cityofmiamibeach","article_modified_time":"2025-06-07T16:53:40+00:00","og_image":[{"width":1000,"height":1000,"url":"https:\/\/www.miamibeachfl.gov\/wp-content\/uploads\/2024\/01\/1000pxSquare-miamibeach-aerial-southpointview.jpeg","type":"image\/jpeg"}],"twitter_card":"summary_large_image","twitter_site":"@Miamibeachnews","schema":{"@context":"https:\/\/schema.org","@graph":[{"@type":"WebPage","@id":"https:\/\/www.miamibeachfl.gov\/egovapp\/city-hall\/buildingdepartment\/","url":"https:\/\/www.miamibeachfl.gov\/egovapp\/city-hall\/buildingdepartment\/","name":"Depatman Konstriksyon - Vil Miami Beach","isPartOf":{"@id":"https:\/\/www.miamibeachfl.gov\/#website"},"datePublished":"2023-07-19T20:04:58+00:00","dateModified":"2025-06-07T16:53:40+00:00","description":"Depatman Konstriksyon Vil Miami Beach la sip\u00e8vize epi reglemante aktivite konstriksyon nan Miami Beach.","breadcrumb":{"@id":"https:\/\/www.miamibeachfl.gov\/egovapp\/city-hall\/buildingdepartment\/#breadcrumb"},"inLanguage":"ht","potentialAction":[{"@type":"ReadAction","target":["https:\/\/www.miamibeachfl.gov\/egovapp\/city-hall\/buildingdepartment\/"]}]},{"@type":"BreadcrumbList","@id":"https:\/\/www.miamibeachfl.gov\/egovapp\/city-hall\/buildingdepartment\/#breadcrumb","itemListElement":[{"@type":"ListItem","position":1,"name":"Home","item":"https:\/\/www.miamibeachfl.gov\/"},{"@type":"ListItem","position":2,"name":"MobileAppPages","item":"https:\/\/www.miamibeachfl.gov\/egovapp\/"},{"@type":"ListItem","position":3,"name":"City Hall Department Directory","item":"https:\/\/www.miamibeachfl.gov\/egovapp\/city-hall\/"},{"@type":"ListItem","position":4,"name":"Building Department"}]},{"@type":"WebSite","@id":"https:\/\/www.miamibeachfl.gov\/#website","url":"https:\/\/www.miamibeachfl.gov\/","name":"Vil Miami Beach","description":"Sitw\u00e8b ofisy\u00e8l Vil Miami Beach la. Rete enf\u00f2me, jwenn enf\u00f2masyon enp\u00f2tan sou s\u00e8vis vil la, nouv\u00e8l, al\u00e8t, ev\u00e8nman, wout tramway, travay gouv\u00e8nman an ak plis ank\u00f2.","publisher":{"@id":"https:\/\/www.miamibeachfl.gov\/#organization"},"potentialAction":[{"@type":"SearchAction","target":{"@type":"EntryPoint","urlTemplate":"https:\/\/www.miamibeachfl.gov\/?s={search_term_string}"},"query-input":{"@type":"PropertyValueSpecification","valueRequired":true,"valueName":"search_term_string"}}],"inLanguage":"ht"},{"@type":"Organization","@id":"https:\/\/www.miamibeachfl.gov\/#organization","name":"Vil Miami Beach","url":"https:\/\/www.miamibeachfl.gov\/","logo":{"@type":"ImageObject","inLanguage":"ht","@id":"https:\/\/www.miamibeachfl.gov\/#\/schema\/logo\/image\/","url":"https:\/\/www.miamibeachfl.gov\/wp-content\/uploads\/2022\/06\/miamibeach-logoblue.png","contentUrl":"https:\/\/www.miamibeachfl.gov\/wp-content\/uploads\/2022\/06\/miamibeach-logoblue.png","width":1962,"height":381,"caption":"City of Miami Beach"},"image":{"@id":"https:\/\/www.miamibeachfl.gov\/#\/schema\/logo\/image\/"},"sameAs":["https:\/\/www.facebook.com\/cityofmiamibeach","https:\/\/x.com\/Miamibeachnews","https:\/\/www.instagram.com\/miamibeachnews\/"],"description":"Sitw\u00e8b ofisy\u00e8l Vil Miami Beach la. Rete enf\u00f2me, jwenn enf\u00f2masyon enp\u00f2tan sou s\u00e8vis vil la, nouv\u00e8l, al\u00e8t, ev\u00e8nman, wout tramway, travay gouv\u00e8nman an ak plis ank\u00f2.","telephone":"305.604.CITY(2489)","legalName":"City of Miami Beach"}]}},"_links":{"self":[{"href":"https:\/\/www.miamibeachfl.gov\/ht\/wp-json\/wp\/v2\/pages\/265489","targetHints":{"allow":["GET"]}}],"collection":[{"href":"https:\/\/www.miamibeachfl.gov\/ht\/wp-json\/wp\/v2\/pages"}],"about":[{"href":"https:\/\/www.miamibeachfl.gov\/ht\/wp-json\/wp\/v2\/types\/page"}],"author":[{"embeddable":true,"href":"https:\/\/www.miamibeachfl.gov\/ht\/wp-json\/wp\/v2\/users\/222"}],"replies":[{"embeddable":true,"href":"https:\/\/www.miamibeachfl.gov\/ht\/wp-json\/wp\/v2\/comments?post=265489"}],"version-history":[{"count":1,"href":"https:\/\/www.miamibeachfl.gov\/ht\/wp-json\/wp\/v2\/pages\/265489\/revisions"}],"predecessor-version":[{"id":375746,"href":"https:\/\/www.miamibeachfl.gov\/ht\/wp-json\/wp\/v2\/pages\/265489\/revisions\/375746"}],"up":[{"embeddable":true,"href":"https:\/\/www.miamibeachfl.gov\/ht\/wp-json\/wp\/v2\/pages\/265532"}],"wp:attachment":[{"href":"https:\/\/www.miamibeachfl.gov\/ht\/wp-json\/wp\/v2\/media?parent=265489"}],"wp:term":[{"taxonomy":"category","embeddable":true,"href":"https:\/\/www.miamibeachfl.gov\/ht\/wp-json\/wp\/v2\/categories?post=265489"},{"taxonomy":"post_tag","embeddable":true,"href":"https:\/\/www.miamibeachfl.gov\/ht\/wp-json\/wp\/v2\/tags?post=265489"}],"curies":[{"name":"wp","href":"https:\/\/api.w.org\/{rel}","templated":true}]}}