{"id":265584,"date":"2023-07-20T11:54:08","date_gmt":"2023-07-20T15:54:08","guid":{"rendered":"https:\/\/www.miamibeachfl.gov\/?page_id=265584"},"modified":"2025-06-07T15:06:37","modified_gmt":"2025-06-07T19:06:37","slug":"cityclerkdepartment","status":"publish","type":"page","link":"https:\/\/www.miamibeachfl.gov\/ht\/egovapp\/city-hall\/cityclerkdepartment\/","title":{"rendered":"Depatman Grefye Vil la"},"content":{"rendered":"<a href=\"https:\/\/www.miamibeachfl.gov\/ht\/egovapp\/city-hall\/\" target=\"_self\">\n\t\t\t\t\t\tRetounen nan Any\u00e8 Depatman an\n\t\t\t\t\t<\/a>\n<h1>\n\t\t\tGrefye Vil la\t<\/h1>\n\t\t\t<a href=\"\/ht\/egovapp\/city-hall\/cityclerkdepartment\/public-records\/\" target=\"_self\">\n\t\t\t\t\t\t\tDosye Piblik yo\n\t\t\t<\/a>\n\t<ul>\n\t\t<li><a href=\"tel:3056737411\" target=\"_self\"  aria-label=\"Ale nan nimewo telef\u00f2n sa a: 3056737411\">\t\t\t\t\n\t\t<h3>305.673.7411<\/h3><\/a><\/li><li>\t\t\t\t\n\t\t<h3>Or\u00e8 Biwo:<\/h3><p>Lendi \u2013 Vandredi 8:30 AM \u2013 5 PM<\/p><\/li><li><a href=\"https:\/\/goo.gl\/maps\/z913RakUwUY1a598A\" target=\"_blank\" rel=\"noopener\" aria-label=\"Ale sou https:\/\/goo.gl\/maps\/z913RakUwUY1a598A\">\t\t\t\t\n\t\t<h3>Biwo Prensipal:<\/h3><p>1700 Konvansyon Center Drive<br \/>Miami Beach, Florid 33139<\/p><\/a><\/li>\t<\/ul>\n<h2>\n\t\t\tS\u00e8vis yo\t<\/h2>\n\t<p><strong>Konpilasyon<\/strong> ajanda ak minit ofisy\u00e8l Komisyon Vil la ak Ajans Redevlopman an<\/p>\n<p><strong>Distribye<\/strong> epi kenbe dosye tout reyinyon Ajans, Komisyon, ak SNID yo<\/p>\n<p><strong>Piblikasyon<\/strong> avi sou \u00f2donans ak \u00f2donans ijans yo pwopoze ak adopte. Bay s\u00e8vis enprime, kopi ak lap\u00f2s kalite sipery\u00e8.<\/p>\n<p><strong>Fasilite<\/strong> bay dosye piblik ak enf\u00f2masyon rapidman bay Komisyon Minisipal la, piblik la, anplwaye Minisipal yo ak l\u00f2t ajans gouv\u00e8nman yo, ansanm ak tout Depatman Minisipal yo.<\/p>\n<p><strong>Antretyen<\/strong> yon dosye tout pwopriyete Vil la, ki gen ladan tout akte garanti, s\u00e8vit, dwa pasaj, ak abandone yo.<\/p>\n<h2>\n\t\t\tIstorik\t<\/h2>\n\t<p>Biwo Sekret\u00e8 Minisipal la bay yon s\u00e8vis kliyant\u00e8l ki gen yon wo nivo nan yon fason pwofesyon\u00e8l ak koutwa, li rann enf\u00f2masyon piblik yo fasil pou jwenn grasa d\u00e8nye teknoloji yo, epi li f\u00e8 eksperyans lan yon eksperyans satisfezan. Responsablite Biwo Sekret\u00e8 Minisipal la reflete nan Tablo \u00d2ganizasyon ki atache a.<\/p>\n<p>S\u00e8vis Santral yo bay yon s\u00e8vis kliyan ent\u00e8n ki gen yon wo nivo nan yon fason pwofesyon\u00e8l ak koutwazi pandan y ap f\u00e8 travay sa yo: triye, trete ak distribye lap\u00f2s US Mail ak lap\u00f2s ent\u00e8biwo, s\u00e8vis livrezon, enprime, fotokopye ak s\u00e8vis relye.<\/p>\n<p>Grefye M\u00e8t Espesyal la s\u00e8vi k\u00f2m sekret\u00e8 ofisy\u00e8l pou M\u00e8t Espesyal yo. M\u00e8t Espesyal yo bay l\u00f2d ki gen f\u00f2s lalwa ki k\u00f2mande nenp\u00f2t etap ki neses\u00e8 pou mete yon vyolasyon an konf\u00f2mite. M\u00e8t Espesyal yo tande ka ki pote devan yo pa Depatman Konstriksyon, Konf\u00f2mite K\u00f2d, Pakin, Pak ak Lwazi, Lapolis\/Patwouy Marin, ak Ponpye. Anplis de sa, M\u00e8t Espesyal yo tande Ap\u00e8l Komisyon Prez\u00e8vasyon Istorik, Lokasyon Kout T\u00e8m, ak Vyolasyon Kamera Limy\u00e8 Wouj.<\/p>","protected":false},"excerpt":{"rendered":"<p>Back to Department Directory City Clerk Public Records 305.673.7411 Office Hours: Monday &#8211; Friday 8:30AM &#8211; 5PM Main Office: 1700 [&hellip;]<\/p>\n","protected":false},"author":222,"featured_media":0,"parent":265532,"menu_order":0,"comment_status":"closed","ping_status":"closed","template":"","meta":{"_searchwp_excluded":"1","site-sidebar-layout":"default","site-content-layout":"","ast-site-content-layout":"","site-content-style":"default","site-sidebar-style":"default","ast-global-header-display":"disabled","ast-banner-title-visibility":"","ast-main-header-display":"","ast-hfb-above-header-display":"","ast-hfb-below-header-display":"","ast-hfb-mobile-header-display":"","site-post-title":"","ast-breadcrumbs-content":"","ast-featured-img":"","footer-sml-layout":"disabled","ast-disable-related-posts":"","theme-transparent-header-meta":"","adv-header-id-meta":"","stick-header-meta":"","header-above-stick-meta":"","header-main-stick-meta":"","header-below-stick-meta":"","astra-migrate-meta-layouts":"default","ast-page-background-enabled":"default","ast-page-background-meta":{"desktop":{"background-color":"var(--ast-global-color-5)","background-image":"","background-repeat":"repeat","background-position":"center center","background-size":"auto","background-attachment":"scroll","background-type":"","background-media":"","overlay-type":"","overlay-color":"","overlay-opacity":"","overlay-gradient":""},"tablet":{"background-color":"","background-image":"","background-repeat":"repeat","background-position":"center center","background-size":"auto","background-attachment":"scroll","background-type":"","background-media":"","overlay-type":"","overlay-color":"","overlay-opacity":"","overlay-gradient":""},"mobile":{"background-color":"","background-image":"","background-repeat":"repeat","background-position":"center center","background-size":"auto","background-attachment":"scroll","background-type":"","background-media":"","overlay-type":"","overlay-color":"","overlay-opacity":"","overlay-gradient":""}},"ast-content-background-meta":{"desktop":{"background-color":"var(--ast-global-color-4)","background-image":"","background-repeat":"repeat","background-position":"center center","background-size":"auto","background-attachment":"scroll","background-type":"","background-media":"","overlay-type":"","overlay-color":"","overlay-opacity":"","overlay-gradient":""},"tablet":{"background-color":"var(--ast-global-color-4)","background-image":"","background-repeat":"repeat","background-position":"center center","background-size":"auto","background-attachment":"scroll","background-type":"","background-media":"","overlay-type":"","overlay-color":"","overlay-opacity":"","overlay-gradient":""},"mobile":{"background-color":"var(--ast-global-color-4)","background-image":"","background-repeat":"repeat","background-position":"center center","background-size":"auto","background-attachment":"scroll","background-type":"","background-media":"","overlay-type":"","overlay-color":"","overlay-opacity":"","overlay-gradient":""}},"footnotes":""},"categories":[],"tags":[1002,1000],"class_list":["post-265584","page","type-page","status-publish","hentry","tag-app-egov-page","tag-cityhall-egovapp"],"yoast_head":"<!-- This site is optimized with the Yoast SEO Premium plugin v27.4 (Yoast SEO v27.4) - https:\/\/yoast.com\/product\/yoast-seo-premium-wordpress\/ -->\n<title>City Clerk Department - City of Miami Beach<\/title>\n<meta name=\"description\" content=\"The Office of the City Clerk serves as the Municipal Secretary of the City, the Official Secretary of the legislative body and the Supervisor of Elections for the City of Miami Beach. The Office of the City Clerk is also the corporate headquarters of the City and serves as the depository for all corporate contracts and records.\" \/>\n<meta name=\"robots\" content=\"index, follow, max-snippet:-1, max-image-preview:large, max-video-preview:-1\" \/>\n<link rel=\"canonical\" href=\"https:\/\/www.miamibeachfl.gov\/ht\/egovapp\/city-hall\/cityclerkdepartment\/\" \/>\n<meta property=\"og:locale\" content=\"ht_HT\" \/>\n<meta property=\"og:type\" content=\"article\" \/>\n<meta property=\"og:title\" content=\"City Clerk Department\" \/>\n<meta property=\"og:description\" content=\"The Office of the City Clerk serves as the Municipal Secretary of the City, the Official Secretary of the legislative body and the Supervisor of Elections for the City of Miami Beach. The Office of the City Clerk is also the corporate headquarters of the City and serves as the depository for all corporate contracts and records.\" \/>\n<meta property=\"og:url\" content=\"https:\/\/www.miamibeachfl.gov\/ht\/egovapp\/city-hall\/cityclerkdepartment\/\" \/>\n<meta property=\"og:site_name\" content=\"City of Miami Beach\" \/>\n<meta property=\"article:publisher\" content=\"https:\/\/www.facebook.com\/cityofmiamibeach\" \/>\n<meta property=\"article:modified_time\" content=\"2025-06-07T19:06:37+00:00\" \/>\n<meta property=\"og:image\" content=\"https:\/\/www.miamibeachfl.gov\/wp-content\/uploads\/2024\/01\/1000pxSquare-miamibeach-aerial-southpointview.jpeg\" \/>\n\t<meta property=\"og:image:width\" content=\"1000\" \/>\n\t<meta property=\"og:image:height\" content=\"1000\" \/>\n\t<meta property=\"og:image:type\" content=\"image\/jpeg\" \/>\n<meta name=\"twitter:card\" content=\"summary_large_image\" \/>\n<meta name=\"twitter:site\" content=\"@Miamibeachnews\" \/>\n<script type=\"application\/ld+json\" class=\"yoast-schema-graph\">{\"@context\":\"https:\\\/\\\/schema.org\",\"@graph\":[{\"@type\":\"WebPage\",\"@id\":\"https:\\\/\\\/www.miamibeachfl.gov\\\/egovapp\\\/city-hall\\\/cityclerkdepartment\\\/\",\"url\":\"https:\\\/\\\/www.miamibeachfl.gov\\\/egovapp\\\/city-hall\\\/cityclerkdepartment\\\/\",\"name\":\"City Clerk Department - City of Miami Beach\",\"isPartOf\":{\"@id\":\"https:\\\/\\\/www.miamibeachfl.gov\\\/#website\"},\"datePublished\":\"2023-07-20T15:54:08+00:00\",\"dateModified\":\"2025-06-07T19:06:37+00:00\",\"description\":\"The Office of the City Clerk serves as the Municipal Secretary of the City, the Official Secretary of the legislative body and the Supervisor of Elections for the City of Miami Beach. The Office of the City Clerk is also the corporate headquarters of the City and serves as the depository for all corporate contracts and records.\",\"breadcrumb\":{\"@id\":\"https:\\\/\\\/www.miamibeachfl.gov\\\/egovapp\\\/city-hall\\\/cityclerkdepartment\\\/#breadcrumb\"},\"inLanguage\":\"ht\",\"potentialAction\":[{\"@type\":\"ReadAction\",\"target\":[\"https:\\\/\\\/www.miamibeachfl.gov\\\/egovapp\\\/city-hall\\\/cityclerkdepartment\\\/\"]}]},{\"@type\":\"BreadcrumbList\",\"@id\":\"https:\\\/\\\/www.miamibeachfl.gov\\\/egovapp\\\/city-hall\\\/cityclerkdepartment\\\/#breadcrumb\",\"itemListElement\":[{\"@type\":\"ListItem\",\"position\":1,\"name\":\"Home\",\"item\":\"https:\\\/\\\/www.miamibeachfl.gov\\\/\"},{\"@type\":\"ListItem\",\"position\":2,\"name\":\"MobileAppPages\",\"item\":\"https:\\\/\\\/www.miamibeachfl.gov\\\/egovapp\\\/\"},{\"@type\":\"ListItem\",\"position\":3,\"name\":\"City Hall Department Directory\",\"item\":\"https:\\\/\\\/www.miamibeachfl.gov\\\/egovapp\\\/city-hall\\\/\"},{\"@type\":\"ListItem\",\"position\":4,\"name\":\"City Clerk Department\"}]},{\"@type\":\"WebSite\",\"@id\":\"https:\\\/\\\/www.miamibeachfl.gov\\\/#website\",\"url\":\"https:\\\/\\\/www.miamibeachfl.gov\\\/\",\"name\":\"City of Miami Beach\",\"description\":\"The official website of the City of Miami Beach. Stay informed, find important information on city services, news, alerts, events, trolley routes, government employment and more.\",\"publisher\":{\"@id\":\"https:\\\/\\\/www.miamibeachfl.gov\\\/#organization\"},\"potentialAction\":[{\"@type\":\"SearchAction\",\"target\":{\"@type\":\"EntryPoint\",\"urlTemplate\":\"https:\\\/\\\/www.miamibeachfl.gov\\\/?s={search_term_string}\"},\"query-input\":{\"@type\":\"PropertyValueSpecification\",\"valueRequired\":true,\"valueName\":\"search_term_string\"}}],\"inLanguage\":\"ht\"},{\"@type\":\"Organization\",\"@id\":\"https:\\\/\\\/www.miamibeachfl.gov\\\/#organization\",\"name\":\"City of Miami Beach\",\"url\":\"https:\\\/\\\/www.miamibeachfl.gov\\\/\",\"logo\":{\"@type\":\"ImageObject\",\"inLanguage\":\"ht\",\"@id\":\"https:\\\/\\\/www.miamibeachfl.gov\\\/#\\\/schema\\\/logo\\\/image\\\/\",\"url\":\"https:\\\/\\\/www.miamibeachfl.gov\\\/wp-content\\\/uploads\\\/2022\\\/06\\\/miamibeach-logoblue.png\",\"contentUrl\":\"https:\\\/\\\/www.miamibeachfl.gov\\\/wp-content\\\/uploads\\\/2022\\\/06\\\/miamibeach-logoblue.png\",\"width\":1962,\"height\":381,\"caption\":\"City of Miami Beach\"},\"image\":{\"@id\":\"https:\\\/\\\/www.miamibeachfl.gov\\\/#\\\/schema\\\/logo\\\/image\\\/\"},\"sameAs\":[\"https:\\\/\\\/www.facebook.com\\\/cityofmiamibeach\",\"https:\\\/\\\/x.com\\\/Miamibeachnews\",\"https:\\\/\\\/www.instagram.com\\\/miamibeachnews\\\/\"],\"description\":\"The official website of the City of Miami Beach. Stay informed, find important information on city services, news, alerts, events, trolley routes, government employment and more.\",\"telephone\":\"305.604.CITY(2489)\",\"legalName\":\"City of Miami Beach\"}]}<\/script>\n<!-- \/ Yoast SEO Premium plugin. -->","yoast_head_json":{"title":"Depatman Grefye Minisipal la - Vil Miami Beach","description":"Biwo Sekret\u00e8 Minisipal la s\u00e8vi k\u00f2m Sekret\u00e8 Minisipal Vil la, Sekret\u00e8 Ofisy\u00e8l k\u00f2 lejislatif la ak Sip\u00e8viz\u00e8 Eleksyon pou Vil Miami Beach. Biwo Sekret\u00e8 Minisipal la se tou katye jeneral Vil la epi li s\u00e8vi k\u00f2m depo pou tout kontra ak dosye antrepriz yo.","robots":{"index":"index","follow":"follow","max-snippet":"max-snippet:-1","max-image-preview":"max-image-preview:large","max-video-preview":"max-video-preview:-1"},"canonical":"https:\/\/www.miamibeachfl.gov\/ht\/egovapp\/city-hall\/cityclerkdepartment\/","og_locale":"ht_HT","og_type":"article","og_title":"City Clerk Department","og_description":"The Office of the City Clerk serves as the Municipal Secretary of the City, the Official Secretary of the legislative body and the Supervisor of Elections for the City of Miami Beach. The Office of the City Clerk is also the corporate headquarters of the City and serves as the depository for all corporate contracts and records.","og_url":"https:\/\/www.miamibeachfl.gov\/ht\/egovapp\/city-hall\/cityclerkdepartment\/","og_site_name":"City of Miami Beach","article_publisher":"https:\/\/www.facebook.com\/cityofmiamibeach","article_modified_time":"2025-06-07T19:06:37+00:00","og_image":[{"width":1000,"height":1000,"url":"https:\/\/www.miamibeachfl.gov\/wp-content\/uploads\/2024\/01\/1000pxSquare-miamibeach-aerial-southpointview.jpeg","type":"image\/jpeg"}],"twitter_card":"summary_large_image","twitter_site":"@Miamibeachnews","schema":{"@context":"https:\/\/schema.org","@graph":[{"@type":"WebPage","@id":"https:\/\/www.miamibeachfl.gov\/egovapp\/city-hall\/cityclerkdepartment\/","url":"https:\/\/www.miamibeachfl.gov\/egovapp\/city-hall\/cityclerkdepartment\/","name":"Depatman Grefye Minisipal la - Vil Miami Beach","isPartOf":{"@id":"https:\/\/www.miamibeachfl.gov\/#website"},"datePublished":"2023-07-20T15:54:08+00:00","dateModified":"2025-06-07T19:06:37+00:00","description":"Biwo Sekret\u00e8 Minisipal la s\u00e8vi k\u00f2m Sekret\u00e8 Minisipal Vil la, Sekret\u00e8 Ofisy\u00e8l k\u00f2 lejislatif la ak Sip\u00e8viz\u00e8 Eleksyon pou Vil Miami Beach. Biwo Sekret\u00e8 Minisipal la se tou katye jeneral Vil la epi li s\u00e8vi k\u00f2m depo pou tout kontra ak dosye antrepriz yo.","breadcrumb":{"@id":"https:\/\/www.miamibeachfl.gov\/egovapp\/city-hall\/cityclerkdepartment\/#breadcrumb"},"inLanguage":"ht","potentialAction":[{"@type":"ReadAction","target":["https:\/\/www.miamibeachfl.gov\/egovapp\/city-hall\/cityclerkdepartment\/"]}]},{"@type":"BreadcrumbList","@id":"https:\/\/www.miamibeachfl.gov\/egovapp\/city-hall\/cityclerkdepartment\/#breadcrumb","itemListElement":[{"@type":"ListItem","position":1,"name":"Home","item":"https:\/\/www.miamibeachfl.gov\/"},{"@type":"ListItem","position":2,"name":"MobileAppPages","item":"https:\/\/www.miamibeachfl.gov\/egovapp\/"},{"@type":"ListItem","position":3,"name":"City Hall Department Directory","item":"https:\/\/www.miamibeachfl.gov\/egovapp\/city-hall\/"},{"@type":"ListItem","position":4,"name":"City Clerk Department"}]},{"@type":"WebSite","@id":"https:\/\/www.miamibeachfl.gov\/#website","url":"https:\/\/www.miamibeachfl.gov\/","name":"Vil Miami Beach","description":"Sitw\u00e8b ofisy\u00e8l Vil Miami Beach la. Rete enf\u00f2me, jwenn enf\u00f2masyon enp\u00f2tan sou s\u00e8vis vil la, nouv\u00e8l, al\u00e8t, ev\u00e8nman, wout tramway, travay gouv\u00e8nman an ak plis ank\u00f2.","publisher":{"@id":"https:\/\/www.miamibeachfl.gov\/#organization"},"potentialAction":[{"@type":"SearchAction","target":{"@type":"EntryPoint","urlTemplate":"https:\/\/www.miamibeachfl.gov\/?s={search_term_string}"},"query-input":{"@type":"PropertyValueSpecification","valueRequired":true,"valueName":"search_term_string"}}],"inLanguage":"ht"},{"@type":"Organization","@id":"https:\/\/www.miamibeachfl.gov\/#organization","name":"Vil Miami Beach","url":"https:\/\/www.miamibeachfl.gov\/","logo":{"@type":"ImageObject","inLanguage":"ht","@id":"https:\/\/www.miamibeachfl.gov\/#\/schema\/logo\/image\/","url":"https:\/\/www.miamibeachfl.gov\/wp-content\/uploads\/2022\/06\/miamibeach-logoblue.png","contentUrl":"https:\/\/www.miamibeachfl.gov\/wp-content\/uploads\/2022\/06\/miamibeach-logoblue.png","width":1962,"height":381,"caption":"City of Miami Beach"},"image":{"@id":"https:\/\/www.miamibeachfl.gov\/#\/schema\/logo\/image\/"},"sameAs":["https:\/\/www.facebook.com\/cityofmiamibeach","https:\/\/x.com\/Miamibeachnews","https:\/\/www.instagram.com\/miamibeachnews\/"],"description":"Sitw\u00e8b ofisy\u00e8l Vil Miami Beach la. Rete enf\u00f2me, jwenn enf\u00f2masyon enp\u00f2tan sou s\u00e8vis vil la, nouv\u00e8l, al\u00e8t, ev\u00e8nman, wout tramway, travay gouv\u00e8nman an ak plis ank\u00f2.","telephone":"305.604.CITY(2489)","legalName":"City of Miami Beach"}]}},"_links":{"self":[{"href":"https:\/\/www.miamibeachfl.gov\/ht\/wp-json\/wp\/v2\/pages\/265584","targetHints":{"allow":["GET"]}}],"collection":[{"href":"https:\/\/www.miamibeachfl.gov\/ht\/wp-json\/wp\/v2\/pages"}],"about":[{"href":"https:\/\/www.miamibeachfl.gov\/ht\/wp-json\/wp\/v2\/types\/page"}],"author":[{"embeddable":true,"href":"https:\/\/www.miamibeachfl.gov\/ht\/wp-json\/wp\/v2\/users\/222"}],"replies":[{"embeddable":true,"href":"https:\/\/www.miamibeachfl.gov\/ht\/wp-json\/wp\/v2\/comments?post=265584"}],"version-history":[{"count":1,"href":"https:\/\/www.miamibeachfl.gov\/ht\/wp-json\/wp\/v2\/pages\/265584\/revisions"}],"predecessor-version":[{"id":375785,"href":"https:\/\/www.miamibeachfl.gov\/ht\/wp-json\/wp\/v2\/pages\/265584\/revisions\/375785"}],"up":[{"embeddable":true,"href":"https:\/\/www.miamibeachfl.gov\/ht\/wp-json\/wp\/v2\/pages\/265532"}],"wp:attachment":[{"href":"https:\/\/www.miamibeachfl.gov\/ht\/wp-json\/wp\/v2\/media?parent=265584"}],"wp:term":[{"taxonomy":"category","embeddable":true,"href":"https:\/\/www.miamibeachfl.gov\/ht\/wp-json\/wp\/v2\/categories?post=265584"},{"taxonomy":"post_tag","embeddable":true,"href":"https:\/\/www.miamibeachfl.gov\/ht\/wp-json\/wp\/v2\/tags?post=265584"}],"curies":[{"name":"wp","href":"https:\/\/api.w.org\/{rel}","templated":true}]}}