{"id":265598,"date":"2023-07-20T13:00:45","date_gmt":"2023-07-20T17:00:45","guid":{"rendered":"https:\/\/www.miamibeachfl.gov\/?page_id=265598"},"modified":"2025-06-07T15:12:27","modified_gmt":"2025-06-07T19:12:27","slug":"customerservicedepartment","status":"publish","type":"page","link":"https:\/\/www.miamibeachfl.gov\/ht\/egovapp\/city-hall\/customerservicedepartment\/","title":{"rendered":"Depatman S\u00e8vis Kliyant\u00e8l"},"content":{"rendered":"<a href=\"https:\/\/www.miamibeachfl.gov\/ht\/egovapp\/city-hall\/\" target=\"_self\">\n\t\t\t\t\t\tRetounen nan Any\u00e8 Depatman an\n\t\t\t\t\t<\/a>\n<h1>\n\t\t\tS\u00e8vis Kliyan\t<\/h1>\n\t\t\t<a href=\"https:\/\/miamibeachfl.qmatic.io\/booking\/singlebooking\/serviceselection\" target=\"_self\">\n\t\t\t\t\t\t\tPran yon randevou\n\t\t\t<\/a>\n\t<ul>\n\t\t<li><a href=\"tel:3056737420\" target=\"_self\"  aria-label=\"Ale nan nimewo telef\u00f2n sa a: 3056737420\">\t\t\t\t\n\t\t<h3>305.673.7420<\/h3><\/a><\/li><li><a href=\"mailto:mbhelp@miamibeachfl.gov\" target=\"_self\"  aria-label=\"Ale nan adr\u00e8s mailto:mbhelp@miamibeachfl.gov\">\t\t\t\t\n\t\t<h3>mbhelp@miamibeachfl.gov<\/h3><\/a><\/li><li>\t\t\t\t\n\t\t<h3>Or\u00e8 Biwo:<\/h3><p>Lendi \u2013 Vandredi:<br \/>8:30AM \u2013 6PM F\u00e8men\u00a0<br \/>12PM \u2013 1PM<br \/>12PM \u2013 2PM chak premye ak twazy\u00e8m Jedi nan chak mwa<\/p><\/li><li><a href=\"https:\/\/goo.gl\/maps\/XkFo3fw719Ei8VZ78\" target=\"_blank\" rel=\"noopener\" aria-label=\"Ale sou https:\/\/goo.gl\/maps\/XkFo3fw719Ei8VZ78\">\t\t\t\t\n\t\t<h3>Sant S\u00e8vis Kliyant\u00e8l:<\/h3><p>1755 Avni Meridyen<br \/>Premye etaj<br \/>Miami Beach, Florid 33139<\/p><\/a><\/li>\t<\/ul>\n\t<p><strong>S\u00e8vis yo <\/strong><\/p>\n<p><strong><a href=\"https:\/\/www.miamibeachfl.gov\/ht\/city-hall\/parking\/permit-programs\/\">P\u00e8mi Pakin<\/a><\/strong><\/p>\n<p><strong><a href=\"http:\/\/www.miamibeachfl.gov\/ht\/meters\/\">Kont s\u00e8vis piblik yo<\/a><\/strong><\/p>\n<p><strong><a href=\"https:\/\/www.miamibeachfl.gov\/ht\/city-hall\/finance\/filepay-resort-tax\/\">Taks sou ot\u00e8l<\/a><\/strong><\/p>\n<p><strong><a href=\"https:\/\/www.miamibeachfl.gov\/ht\/city-hall\/finance\/passport-information\/\">Pasp\u00f2<\/a><\/strong><\/p>\n<p><strong><a href=\"https:\/\/www.miamibeachfl.gov\/ht\/city-hall\/customer-service-center\/artists-vendor-lottery\/\">Loteri Machann Atis<\/a><\/strong><\/p>\n<p><strong><a href=\"https:\/\/www.miamibeachfl.gov\/ht\/city-hall\/customer-service-center\/street-performer-permit\/\">P\u00e8mi pou Atis nan Lari<\/a><\/strong><\/p>\n<p><strong><a href=\"https:\/\/www.miamibeachfl.gov\/ht\/city-hall\/finance\/business-tax-receipts-btr\/\">Resi Taks Biznis<\/a><\/strong><\/p>\n<p><strong><a href=\"http:\/\/lien.miamibeachfl.gov\/LienResearch\">Rech\u00e8ch sou privil\u00e8j<\/a><\/strong><\/p>\n<p><strong><a href=\"https:\/\/eservices.miamibeachfl.gov\/EnerGovProd\/SelfService#\/home\">P\u00e8mi Vann Garaj<\/a><\/strong><\/p>\n<p><strong><a href=\"https:\/\/eservices.miamibeachfl.gov\/EnerGovProd\/SelfService#\/home\">P\u00e8mi pou Panyen Imobilye<\/a><\/strong><\/p>\n<strong><a href=\"https:\/\/eservices.miamibeachfl.gov\/EnerGovProd\/SelfService#\/home\">P\u00e8mi pou kitesurf<\/a><\/strong><br \/>\nPou w\u00e8 \u00d2donans P\u00e8mi Kiteboarding lan, tanpri <strong><a href=\"http:\/\/www.miamibeachfl.gov\/wp-content\/uploads\/2019\/10\/Kiteboarding-Permit-Ordinance.pdf\">klike la a.<\/a><\/strong>\n<hr \/>\n<p><strong>Liy Ekspr\u00e8s<\/strong><\/p>\n<p>Pou fasilite yon pwosesis pi rapid pou tranzaksyon senp yo, Vil la gen yon liy rapid espesyal nan CSC a. Liy rapid la f\u00e8t pou kliyan ki gen tranzaksyon ki pran s\u00e8lman k\u00e8k minit pou konplete, tankou:<\/p>\n<p>Aplike pou p\u00e8mi pou vant garaj<\/p>\n<p>Pwouve rezidans pou rab\u00e8 rezidan nan parkom\u00e8t yo<\/p>\n<p>Aplike pou p\u00e8mi pou siyaj byen imobilye<\/p>\n<p>Yo kreye liy ekspres espesyal sa a pou vizit\u00e8 CSC yo pa &quot;kole&quot; d\u00e8y\u00e8 kliyan k ap f\u00e8 tranzaksyon konpl\u00e8ks.<\/p>\n<p><strong>S\u00e8vis Kesye<\/strong><\/p>\n<p>Kesye Vil Miami Beach yo responsab pou resevwa, pwoteje, epi depoze lajan yo peye Vil la nan div\u00e8s sous.<\/p>\n<p>Pou f\u00e8 yon peman, tanpri ale nan nenp\u00f2t nan biwo kesye nou yo.<\/p>\n<p>Lakou Vil la \u2013 1700 Convention Center Drive, 1ye etaj<\/p>\n<p>Sant S\u00e8vis Kliyant\u00e8l \u2013 1755 Meridian Ave, 1ye etaj<\/p>\n<p>Biwo North Beach \u2013 962 Normandy Dr<\/p>\n<p><strong>L\u00f2t Enf\u00f2masyon<\/strong><\/p>\n<p>Pou plis enf\u00f2masyon sou lotri \u00f2ganizasyon san bi likratif, <strong><a href=\"https:\/\/www.miamibeachfl.gov\/ht\/non-profit-lottery\/\">klike la a<\/a>.<\/strong><\/p>\n<p>Si ou ta renmen jwenn aks\u00e8 nan Rejis Asosyasyon Kominot\u00e8 yo, <strong><a href=\"http:\/\/www.miamidade.gov\/global\/economy\/consumer-protection\/community-association-registry.page\">klike la a.<\/a><\/strong><\/p>","protected":false},"excerpt":{"rendered":"<p>Back to Department Directory Customer Service Book an Appointment 305.673.7420 mbhelp@miamibeachfl.gov Office Hours: Monday &#8211; Friday:8:30AM &#8211; 6PMClosed\u00a012PM &#8211; 1PM12PM [&hellip;]<\/p>\n","protected":false},"author":222,"featured_media":0,"parent":265532,"menu_order":0,"comment_status":"closed","ping_status":"closed","template":"","meta":{"_searchwp_excluded":"1","site-sidebar-layout":"default","site-content-layout":"","ast-site-content-layout":"","site-content-style":"default","site-sidebar-style":"default","ast-global-header-display":"disabled","ast-banner-title-visibility":"","ast-main-header-display":"","ast-hfb-above-header-display":"","ast-hfb-below-header-display":"","ast-hfb-mobile-header-display":"","site-post-title":"","ast-breadcrumbs-content":"","ast-featured-img":"","footer-sml-layout":"disabled","ast-disable-related-posts":"","theme-transparent-header-meta":"","adv-header-id-meta":"","stick-header-meta":"","header-above-stick-meta":"","header-main-stick-meta":"","header-below-stick-meta":"","astra-migrate-meta-layouts":"default","ast-page-background-enabled":"default","ast-page-background-meta":{"desktop":{"background-color":"var(--ast-global-color-5)","background-image":"","background-repeat":"repeat","background-position":"center center","background-size":"auto","background-attachment":"scroll","background-type":"","background-media":"","overlay-type":"","overlay-color":"","overlay-opacity":"","overlay-gradient":""},"tablet":{"background-color":"","background-image":"","background-repeat":"repeat","background-position":"center center","background-size":"auto","background-attachment":"scroll","background-type":"","background-media":"","overlay-type":"","overlay-color":"","overlay-opacity":"","overlay-gradient":""},"mobile":{"background-color":"","background-image":"","background-repeat":"repeat","background-position":"center center","background-size":"auto","background-attachment":"scroll","background-type":"","background-media":"","overlay-type":"","overlay-color":"","overlay-opacity":"","overlay-gradient":""}},"ast-content-background-meta":{"desktop":{"background-color":"var(--ast-global-color-4)","background-image":"","background-repeat":"repeat","background-position":"center center","background-size":"auto","background-attachment":"scroll","background-type":"","background-media":"","overlay-type":"","overlay-color":"","overlay-opacity":"","overlay-gradient":""},"tablet":{"background-color":"var(--ast-global-color-4)","background-image":"","background-repeat":"repeat","background-position":"center center","background-size":"auto","background-attachment":"scroll","background-type":"","background-media":"","overlay-type":"","overlay-color":"","overlay-opacity":"","overlay-gradient":""},"mobile":{"background-color":"var(--ast-global-color-4)","background-image":"","background-repeat":"repeat","background-position":"center center","background-size":"auto","background-attachment":"scroll","background-type":"","background-media":"","overlay-type":"","overlay-color":"","overlay-opacity":"","overlay-gradient":""}},"footnotes":""},"categories":[],"tags":[1002,1000],"class_list":["post-265598","page","type-page","status-publish","hentry","tag-app-egov-page","tag-cityhall-egovapp"],"yoast_head":"<!-- This site is optimized with the Yoast SEO Premium plugin v27.4 (Yoast SEO v27.4) - https:\/\/yoast.com\/product\/yoast-seo-premium-wordpress\/ -->\n<title>Customer Service Department - City of Miami Beach<\/title>\n<meta name=\"description\" content=\"The Code Compliance Division enforces the City Codes uniformly, ensuring the health, safety, welfare, and quality of life for the residents, businesses, owners and tourists of the City of Miami Beach.The City of Miami Beach Customer Service Center is your one-stop shop for myriad of customer service-related services. Apply for a business license, renew a passport or sign up for discounted resident parking and much more.\" \/>\n<meta name=\"robots\" content=\"index, follow, max-snippet:-1, max-image-preview:large, max-video-preview:-1\" \/>\n<link rel=\"canonical\" href=\"https:\/\/www.miamibeachfl.gov\/ht\/egovapp\/city-hall\/customerservicedepartment\/\" \/>\n<meta property=\"og:locale\" content=\"ht_HT\" \/>\n<meta property=\"og:type\" content=\"article\" \/>\n<meta property=\"og:title\" content=\"Customer Service Department\" \/>\n<meta property=\"og:description\" content=\"The Code Compliance Division enforces the City Codes uniformly, ensuring the health, safety, welfare, and quality of life for the residents, businesses, owners and tourists of the City of Miami Beach.The City of Miami Beach Customer Service Center is your one-stop shop for myriad of customer service-related services. Apply for a business license, renew a passport or sign up for discounted resident parking and much more.\" \/>\n<meta property=\"og:url\" content=\"https:\/\/www.miamibeachfl.gov\/ht\/egovapp\/city-hall\/customerservicedepartment\/\" \/>\n<meta property=\"og:site_name\" content=\"City of Miami Beach\" \/>\n<meta property=\"article:publisher\" content=\"https:\/\/www.facebook.com\/cityofmiamibeach\" \/>\n<meta property=\"article:modified_time\" content=\"2025-06-07T19:12:27+00:00\" \/>\n<meta property=\"og:image\" content=\"https:\/\/www.miamibeachfl.gov\/wp-content\/uploads\/2024\/01\/1000pxSquare-miamibeach-aerial-southpointview.jpeg\" \/>\n\t<meta property=\"og:image:width\" content=\"1000\" \/>\n\t<meta property=\"og:image:height\" content=\"1000\" \/>\n\t<meta property=\"og:image:type\" content=\"image\/jpeg\" \/>\n<meta name=\"twitter:card\" content=\"summary_large_image\" \/>\n<meta name=\"twitter:site\" content=\"@Miamibeachnews\" \/>\n<script type=\"application\/ld+json\" class=\"yoast-schema-graph\">{\"@context\":\"https:\\\/\\\/schema.org\",\"@graph\":[{\"@type\":\"WebPage\",\"@id\":\"https:\\\/\\\/www.miamibeachfl.gov\\\/egovapp\\\/city-hall\\\/customerservicedepartment\\\/\",\"url\":\"https:\\\/\\\/www.miamibeachfl.gov\\\/egovapp\\\/city-hall\\\/customerservicedepartment\\\/\",\"name\":\"Customer Service Department - City of Miami Beach\",\"isPartOf\":{\"@id\":\"https:\\\/\\\/www.miamibeachfl.gov\\\/#website\"},\"datePublished\":\"2023-07-20T17:00:45+00:00\",\"dateModified\":\"2025-06-07T19:12:27+00:00\",\"description\":\"The Code Compliance Division enforces the City Codes uniformly, ensuring the health, safety, welfare, and quality of life for the residents, businesses, owners and tourists of the City of Miami Beach.The City of Miami Beach Customer Service Center is your one-stop shop for myriad of customer service-related services. Apply for a business license, renew a passport or sign up for discounted resident parking and much more.\",\"breadcrumb\":{\"@id\":\"https:\\\/\\\/www.miamibeachfl.gov\\\/egovapp\\\/city-hall\\\/customerservicedepartment\\\/#breadcrumb\"},\"inLanguage\":\"ht\",\"potentialAction\":[{\"@type\":\"ReadAction\",\"target\":[\"https:\\\/\\\/www.miamibeachfl.gov\\\/egovapp\\\/city-hall\\\/customerservicedepartment\\\/\"]}]},{\"@type\":\"BreadcrumbList\",\"@id\":\"https:\\\/\\\/www.miamibeachfl.gov\\\/egovapp\\\/city-hall\\\/customerservicedepartment\\\/#breadcrumb\",\"itemListElement\":[{\"@type\":\"ListItem\",\"position\":1,\"name\":\"Home\",\"item\":\"https:\\\/\\\/www.miamibeachfl.gov\\\/\"},{\"@type\":\"ListItem\",\"position\":2,\"name\":\"MobileAppPages\",\"item\":\"https:\\\/\\\/www.miamibeachfl.gov\\\/egovapp\\\/\"},{\"@type\":\"ListItem\",\"position\":3,\"name\":\"City Hall Department Directory\",\"item\":\"https:\\\/\\\/www.miamibeachfl.gov\\\/egovapp\\\/city-hall\\\/\"},{\"@type\":\"ListItem\",\"position\":4,\"name\":\"Customer Service Department\"}]},{\"@type\":\"WebSite\",\"@id\":\"https:\\\/\\\/www.miamibeachfl.gov\\\/#website\",\"url\":\"https:\\\/\\\/www.miamibeachfl.gov\\\/\",\"name\":\"City of Miami Beach\",\"description\":\"The official website of the City of Miami Beach. Stay informed, find important information on city services, news, alerts, events, trolley routes, government employment and more.\",\"publisher\":{\"@id\":\"https:\\\/\\\/www.miamibeachfl.gov\\\/#organization\"},\"potentialAction\":[{\"@type\":\"SearchAction\",\"target\":{\"@type\":\"EntryPoint\",\"urlTemplate\":\"https:\\\/\\\/www.miamibeachfl.gov\\\/?s={search_term_string}\"},\"query-input\":{\"@type\":\"PropertyValueSpecification\",\"valueRequired\":true,\"valueName\":\"search_term_string\"}}],\"inLanguage\":\"ht\"},{\"@type\":\"Organization\",\"@id\":\"https:\\\/\\\/www.miamibeachfl.gov\\\/#organization\",\"name\":\"City of Miami Beach\",\"url\":\"https:\\\/\\\/www.miamibeachfl.gov\\\/\",\"logo\":{\"@type\":\"ImageObject\",\"inLanguage\":\"ht\",\"@id\":\"https:\\\/\\\/www.miamibeachfl.gov\\\/#\\\/schema\\\/logo\\\/image\\\/\",\"url\":\"https:\\\/\\\/www.miamibeachfl.gov\\\/wp-content\\\/uploads\\\/2022\\\/06\\\/miamibeach-logoblue.png\",\"contentUrl\":\"https:\\\/\\\/www.miamibeachfl.gov\\\/wp-content\\\/uploads\\\/2022\\\/06\\\/miamibeach-logoblue.png\",\"width\":1962,\"height\":381,\"caption\":\"City of Miami Beach\"},\"image\":{\"@id\":\"https:\\\/\\\/www.miamibeachfl.gov\\\/#\\\/schema\\\/logo\\\/image\\\/\"},\"sameAs\":[\"https:\\\/\\\/www.facebook.com\\\/cityofmiamibeach\",\"https:\\\/\\\/x.com\\\/Miamibeachnews\",\"https:\\\/\\\/www.instagram.com\\\/miamibeachnews\\\/\"],\"description\":\"The official website of the City of Miami Beach. Stay informed, find important information on city services, news, alerts, events, trolley routes, government employment and more.\",\"telephone\":\"305.604.CITY(2489)\",\"legalName\":\"City of Miami Beach\"}]}<\/script>\n<!-- \/ Yoast SEO Premium plugin. -->","yoast_head_json":{"title":"Depatman S\u00e8vis Kliyan - Vil Miami Beach","description":"Divizyon Konf\u00f2mite K\u00f2d la aplike K\u00f2d Vil la inif\u00f2mman, pou asire sante, sekirite, byenn\u00e8t ak kalite lavi rezidan yo, biznis yo, pwopriyet\u00e8 yo ak touris yo nan Vil Miami Beach. Sant S\u00e8vis Kliyan Vil Miami Beach la se s\u00e8l kote ou ka jwenn yon pak\u00e8t s\u00e8vis ki gen rap\u00f2 ak s\u00e8vis kliyan. Aplike pou yon lisans biznis, renouvle yon pasp\u00f2 oswa enskri pou pakin rezidan ak rab\u00e8 ak anpil l\u00f2t bagay ank\u00f2.","robots":{"index":"index","follow":"follow","max-snippet":"max-snippet:-1","max-image-preview":"max-image-preview:large","max-video-preview":"max-video-preview:-1"},"canonical":"https:\/\/www.miamibeachfl.gov\/ht\/egovapp\/city-hall\/customerservicedepartment\/","og_locale":"ht_HT","og_type":"article","og_title":"Customer Service Department","og_description":"The Code Compliance Division enforces the City Codes uniformly, ensuring the health, safety, welfare, and quality of life for the residents, businesses, owners and tourists of the City of Miami Beach.The City of Miami Beach Customer Service Center is your one-stop shop for myriad of customer service-related services. Apply for a business license, renew a passport or sign up for discounted resident parking and much more.","og_url":"https:\/\/www.miamibeachfl.gov\/ht\/egovapp\/city-hall\/customerservicedepartment\/","og_site_name":"City of Miami Beach","article_publisher":"https:\/\/www.facebook.com\/cityofmiamibeach","article_modified_time":"2025-06-07T19:12:27+00:00","og_image":[{"width":1000,"height":1000,"url":"https:\/\/www.miamibeachfl.gov\/wp-content\/uploads\/2024\/01\/1000pxSquare-miamibeach-aerial-southpointview.jpeg","type":"image\/jpeg"}],"twitter_card":"summary_large_image","twitter_site":"@Miamibeachnews","schema":{"@context":"https:\/\/schema.org","@graph":[{"@type":"WebPage","@id":"https:\/\/www.miamibeachfl.gov\/egovapp\/city-hall\/customerservicedepartment\/","url":"https:\/\/www.miamibeachfl.gov\/egovapp\/city-hall\/customerservicedepartment\/","name":"Depatman S\u00e8vis Kliyan - Vil Miami Beach","isPartOf":{"@id":"https:\/\/www.miamibeachfl.gov\/#website"},"datePublished":"2023-07-20T17:00:45+00:00","dateModified":"2025-06-07T19:12:27+00:00","description":"Divizyon Konf\u00f2mite K\u00f2d la aplike K\u00f2d Vil la inif\u00f2mman, pou asire sante, sekirite, byenn\u00e8t ak kalite lavi rezidan yo, biznis yo, pwopriyet\u00e8 yo ak touris yo nan Vil Miami Beach. Sant S\u00e8vis Kliyan Vil Miami Beach la se s\u00e8l kote ou ka jwenn yon pak\u00e8t s\u00e8vis ki gen rap\u00f2 ak s\u00e8vis kliyan. Aplike pou yon lisans biznis, renouvle yon pasp\u00f2 oswa enskri pou pakin rezidan ak rab\u00e8 ak anpil l\u00f2t bagay ank\u00f2.","breadcrumb":{"@id":"https:\/\/www.miamibeachfl.gov\/egovapp\/city-hall\/customerservicedepartment\/#breadcrumb"},"inLanguage":"ht","potentialAction":[{"@type":"ReadAction","target":["https:\/\/www.miamibeachfl.gov\/egovapp\/city-hall\/customerservicedepartment\/"]}]},{"@type":"BreadcrumbList","@id":"https:\/\/www.miamibeachfl.gov\/egovapp\/city-hall\/customerservicedepartment\/#breadcrumb","itemListElement":[{"@type":"ListItem","position":1,"name":"Home","item":"https:\/\/www.miamibeachfl.gov\/"},{"@type":"ListItem","position":2,"name":"MobileAppPages","item":"https:\/\/www.miamibeachfl.gov\/egovapp\/"},{"@type":"ListItem","position":3,"name":"City Hall Department Directory","item":"https:\/\/www.miamibeachfl.gov\/egovapp\/city-hall\/"},{"@type":"ListItem","position":4,"name":"Customer Service Department"}]},{"@type":"WebSite","@id":"https:\/\/www.miamibeachfl.gov\/#website","url":"https:\/\/www.miamibeachfl.gov\/","name":"Vil Miami Beach","description":"Sitw\u00e8b ofisy\u00e8l Vil Miami Beach la. Rete enf\u00f2me, jwenn enf\u00f2masyon enp\u00f2tan sou s\u00e8vis vil la, nouv\u00e8l, al\u00e8t, ev\u00e8nman, wout tramway, travay gouv\u00e8nman an ak plis ank\u00f2.","publisher":{"@id":"https:\/\/www.miamibeachfl.gov\/#organization"},"potentialAction":[{"@type":"SearchAction","target":{"@type":"EntryPoint","urlTemplate":"https:\/\/www.miamibeachfl.gov\/?s={search_term_string}"},"query-input":{"@type":"PropertyValueSpecification","valueRequired":true,"valueName":"search_term_string"}}],"inLanguage":"ht"},{"@type":"Organization","@id":"https:\/\/www.miamibeachfl.gov\/#organization","name":"Vil Miami Beach","url":"https:\/\/www.miamibeachfl.gov\/","logo":{"@type":"ImageObject","inLanguage":"ht","@id":"https:\/\/www.miamibeachfl.gov\/#\/schema\/logo\/image\/","url":"https:\/\/www.miamibeachfl.gov\/wp-content\/uploads\/2022\/06\/miamibeach-logoblue.png","contentUrl":"https:\/\/www.miamibeachfl.gov\/wp-content\/uploads\/2022\/06\/miamibeach-logoblue.png","width":1962,"height":381,"caption":"City of Miami Beach"},"image":{"@id":"https:\/\/www.miamibeachfl.gov\/#\/schema\/logo\/image\/"},"sameAs":["https:\/\/www.facebook.com\/cityofmiamibeach","https:\/\/x.com\/Miamibeachnews","https:\/\/www.instagram.com\/miamibeachnews\/"],"description":"Sitw\u00e8b ofisy\u00e8l Vil Miami Beach la. Rete enf\u00f2me, jwenn enf\u00f2masyon enp\u00f2tan sou s\u00e8vis vil la, nouv\u00e8l, al\u00e8t, ev\u00e8nman, wout tramway, travay gouv\u00e8nman an ak plis ank\u00f2.","telephone":"305.604.CITY(2489)","legalName":"City of Miami Beach"}]}},"_links":{"self":[{"href":"https:\/\/www.miamibeachfl.gov\/ht\/wp-json\/wp\/v2\/pages\/265598","targetHints":{"allow":["GET"]}}],"collection":[{"href":"https:\/\/www.miamibeachfl.gov\/ht\/wp-json\/wp\/v2\/pages"}],"about":[{"href":"https:\/\/www.miamibeachfl.gov\/ht\/wp-json\/wp\/v2\/types\/page"}],"author":[{"embeddable":true,"href":"https:\/\/www.miamibeachfl.gov\/ht\/wp-json\/wp\/v2\/users\/222"}],"replies":[{"embeddable":true,"href":"https:\/\/www.miamibeachfl.gov\/ht\/wp-json\/wp\/v2\/comments?post=265598"}],"version-history":[{"count":1,"href":"https:\/\/www.miamibeachfl.gov\/ht\/wp-json\/wp\/v2\/pages\/265598\/revisions"}],"predecessor-version":[{"id":375789,"href":"https:\/\/www.miamibeachfl.gov\/ht\/wp-json\/wp\/v2\/pages\/265598\/revisions\/375789"}],"up":[{"embeddable":true,"href":"https:\/\/www.miamibeachfl.gov\/ht\/wp-json\/wp\/v2\/pages\/265532"}],"wp:attachment":[{"href":"https:\/\/www.miamibeachfl.gov\/ht\/wp-json\/wp\/v2\/media?parent=265598"}],"wp:term":[{"taxonomy":"category","embeddable":true,"href":"https:\/\/www.miamibeachfl.gov\/ht\/wp-json\/wp\/v2\/categories?post=265598"},{"taxonomy":"post_tag","embeddable":true,"href":"https:\/\/www.miamibeachfl.gov\/ht\/wp-json\/wp\/v2\/tags?post=265598"}],"curies":[{"name":"wp","href":"https:\/\/api.w.org\/{rel}","templated":true}]}}