{"id":265628,"date":"2023-07-20T14:08:52","date_gmt":"2023-07-20T18:08:52","guid":{"rendered":"https:\/\/www.miamibeachfl.gov\/?page_id=265628"},"modified":"2025-06-07T15:28:02","modified_gmt":"2025-06-07T19:28:02","slug":"emergencymanagementdepartment","status":"publish","type":"page","link":"https:\/\/www.miamibeachfl.gov\/ht\/egovapp\/city-hall\/emergencymanagementdepartment\/","title":{"rendered":"Divizyon Jesyon Ijans Ponpye"},"content":{"rendered":"<a href=\"https:\/\/www.miamibeachfl.gov\/ht\/egovapp\/city-hall\/\" target=\"_self\" role=\"button\" rel=\"noopener\">\r\n\t\t\t\t\t\tRetounen nan Any\u00e8 Depatman an\r\n\t\t\t\t\t<\/a>\r\n<h1>\r\n\t\tDivizyon Jesyon Ijans Ponpye\r\n\t<\/h1>\r\n\t<ul>\r\n\t\t<li><a href=\"tel:3056737736\" target=\"_self\" aria-label=\"Ale nan nimewo telef\u00f2n sa a: 3056737736 \" rel=\"noopener\"><\/a>\t\t\t\t\r\n\t\t<h3>305.673.7736 <\/h3><\/li><li>\t\t\t\t\r\n\t\t<h3>Or\u00e8 Biwo:<\/h3><p>Lendi \u2013 Vandredi 24\/7<\/p><\/li><li><a href=\"https:\/\/goo.gl\/maps\/eyaSkitNPR21CvDq7\" target=\"_blank\" rel=\"noopener\" aria-label=\"Ale sou https:\/\/goo.gl\/maps\/eyaSkitNPR21CvDq7\"><\/a>\t\t\t\t\r\n\t\t<h3>Biwo Prensipal:<\/h3><p>2310 Pine Tree Drive<br \/>3y\u00e8m etaj<br \/>Miami Beach, Florid 33140<\/p><\/li>\t<\/ul>\r\n<h2>\r\n\t\tIstorik\r\n\t<\/h2>\r\n\t<p>W\u00f2l prensipal Biwo a se devlope epi aplike aktivite konpl\u00e8 pou planifikasyon, mitigasyon ak repons an ka ta gen katastw\u00f2f nan vil la.<\/p>\r\n<p>Redui vilnerabilite fas ak gwo ijans ak katastw\u00f2f potansy\u00e8l yo.<\/p>\r\n<p>Planifikasyon pou pi bon pwosesis pou kominote a ka rebondi fizikman, ekonomikman ak emosyon\u00e8lman.<\/p>\r\n<p>Angaje tout kominote a nan planifikasyon, f\u00f2masyon, ak egz\u00e8sis kapasite debaz yo anba senk dom\u00e8n misyon prevansyon, pwoteksyon, mitigasyon, repons, ak rekiperasyon.<\/p>\r\n<p>Bay depatman Vil la ak patn\u00e8 jesyon ijans yo konsyans sitiyasyon an.<\/p>\r\n<p>Angaje yon apw\u00f2ch entegre, ki pran an kont tout danje, epi ki baze sou risk, pou mitigasyon, repons, kontinwite operasyon yo, rekiperasyon, ak planifikasyon preparasyon.<\/p>\r\n<p>Anplwaye estrateji jesyon ijans ki adrese objektif final dirabilite a.<\/p>\r\n<p>Travay pou amelyore konsyantizasyon ak konpreyansyon sou senk dom\u00e8n misyon yo l\u00e8 w angaje tout kominote a nan prevansyon, pwoteksyon, mitigasyon, repons ak rekiperasyon.<\/p>\r\n<p>Bati patenarya solid av\u00e8k antite lokal, eta, rejyonal, nasyonal ak ent\u00e8nasyonal pou benefis mity\u00e8l nan preparasyon ak rezistans.<\/p>","protected":false},"excerpt":{"rendered":"<p>Back to Department Directory Fire Division of Emergency Management 305.673.7736 Office Hours: Monday &#8211; Friday 24\/7 Main Office: 2310 Pine [&hellip;]<\/p>\n","protected":false},"author":222,"featured_media":0,"parent":265532,"menu_order":0,"comment_status":"closed","ping_status":"closed","template":"","meta":{"_searchwp_excluded":"1","site-sidebar-layout":"default","site-content-layout":"","ast-site-content-layout":"","site-content-style":"default","site-sidebar-style":"default","ast-global-header-display":"disabled","ast-banner-title-visibility":"","ast-main-header-display":"","ast-hfb-above-header-display":"","ast-hfb-below-header-display":"","ast-hfb-mobile-header-display":"","site-post-title":"","ast-breadcrumbs-content":"","ast-featured-img":"","footer-sml-layout":"disabled","ast-disable-related-posts":"","theme-transparent-header-meta":"","adv-header-id-meta":"","stick-header-meta":"","header-above-stick-meta":"","header-main-stick-meta":"","header-below-stick-meta":"","astra-migrate-meta-layouts":"default","ast-page-background-enabled":"default","ast-page-background-meta":{"desktop":{"background-color":"var(--ast-global-color-5)","background-image":"","background-repeat":"repeat","background-position":"center center","background-size":"auto","background-attachment":"scroll","background-type":"","background-media":"","overlay-type":"","overlay-color":"","overlay-opacity":"","overlay-gradient":""},"tablet":{"background-color":"","background-image":"","background-repeat":"repeat","background-position":"center center","background-size":"auto","background-attachment":"scroll","background-type":"","background-media":"","overlay-type":"","overlay-color":"","overlay-opacity":"","overlay-gradient":""},"mobile":{"background-color":"","background-image":"","background-repeat":"repeat","background-position":"center center","background-size":"auto","background-attachment":"scroll","background-type":"","background-media":"","overlay-type":"","overlay-color":"","overlay-opacity":"","overlay-gradient":""}},"ast-content-background-meta":{"desktop":{"background-color":"var(--ast-global-color-4)","background-image":"","background-repeat":"repeat","background-position":"center center","background-size":"auto","background-attachment":"scroll","background-type":"","background-media":"","overlay-type":"","overlay-color":"","overlay-opacity":"","overlay-gradient":""},"tablet":{"background-color":"var(--ast-global-color-4)","background-image":"","background-repeat":"repeat","background-position":"center center","background-size":"auto","background-attachment":"scroll","background-type":"","background-media":"","overlay-type":"","overlay-color":"","overlay-opacity":"","overlay-gradient":""},"mobile":{"background-color":"var(--ast-global-color-4)","background-image":"","background-repeat":"repeat","background-position":"center center","background-size":"auto","background-attachment":"scroll","background-type":"","background-media":"","overlay-type":"","overlay-color":"","overlay-opacity":"","overlay-gradient":""}},"footnotes":""},"categories":[],"tags":[1002,1000,1203],"class_list":["post-265628","page","type-page","status-publish","hentry","tag-app-egov-page","tag-cityhall-egovapp","tag-exclude-from-permit-page"],"yoast_head":"<!-- This site is optimized with the Yoast SEO Premium plugin v27.4 (Yoast SEO v27.4) - https:\/\/yoast.com\/product\/yoast-seo-premium-wordpress\/ -->\n<title>Fire Division of Emergency Management - City of Miami Beach<\/title>\n<meta name=\"description\" content=\"Miami Beach voters overwhelmingly approved referendums during the 2018 and 2022 elections that are transforming our iconic city into a resilient, arts and culture destination unlike any other.The City of Miami Beach is prepared to handle any emergency \u2013 from severe storms and hurricanes, to potential health hazards. Our trained professionals in the Office of Emergency Management are responsible for the coordination of all emergency preparedness within the City of Miami Beach.\" \/>\n<meta name=\"robots\" content=\"index, follow, max-snippet:-1, max-image-preview:large, max-video-preview:-1\" \/>\n<link rel=\"canonical\" href=\"https:\/\/www.miamibeachfl.gov\/ht\/egovapp\/city-hall\/emergencymanagementdepartment\/\" \/>\n<meta property=\"og:locale\" content=\"ht_HT\" \/>\n<meta property=\"og:type\" content=\"article\" \/>\n<meta property=\"og:title\" content=\"Fire Division of Emergency Management\" \/>\n<meta property=\"og:description\" content=\"Miami Beach voters overwhelmingly approved referendums during the 2018 and 2022 elections that are transforming our iconic city into a resilient, arts and culture destination unlike any other.The City of Miami Beach is prepared to handle any emergency \u2013 from severe storms and hurricanes, to potential health hazards. Our trained professionals in the Office of Emergency Management are responsible for the coordination of all emergency preparedness within the City of Miami Beach.\" \/>\n<meta property=\"og:url\" content=\"https:\/\/www.miamibeachfl.gov\/ht\/egovapp\/city-hall\/emergencymanagementdepartment\/\" \/>\n<meta property=\"og:site_name\" content=\"City of Miami Beach\" \/>\n<meta property=\"article:publisher\" content=\"https:\/\/www.facebook.com\/cityofmiamibeach\" \/>\n<meta property=\"article:modified_time\" content=\"2025-06-07T19:28:02+00:00\" \/>\n<meta property=\"og:image\" content=\"https:\/\/www.miamibeachfl.gov\/wp-content\/uploads\/2024\/01\/1000pxSquare-miamibeach-aerial-southpointview.jpeg\" \/>\n\t<meta property=\"og:image:width\" content=\"1000\" \/>\n\t<meta property=\"og:image:height\" content=\"1000\" \/>\n\t<meta property=\"og:image:type\" content=\"image\/jpeg\" \/>\n<meta name=\"twitter:card\" content=\"summary_large_image\" \/>\n<meta name=\"twitter:site\" content=\"@Miamibeachnews\" \/>\n<script type=\"application\/ld+json\" class=\"yoast-schema-graph\">{\"@context\":\"https:\\\/\\\/schema.org\",\"@graph\":[{\"@type\":\"WebPage\",\"@id\":\"https:\\\/\\\/www.miamibeachfl.gov\\\/egovapp\\\/city-hall\\\/emergencymanagementdepartment\\\/\",\"url\":\"https:\\\/\\\/www.miamibeachfl.gov\\\/egovapp\\\/city-hall\\\/emergencymanagementdepartment\\\/\",\"name\":\"Fire Division of Emergency Management - City of Miami Beach\",\"isPartOf\":{\"@id\":\"https:\\\/\\\/www.miamibeachfl.gov\\\/#website\"},\"datePublished\":\"2023-07-20T18:08:52+00:00\",\"dateModified\":\"2025-06-07T19:28:02+00:00\",\"description\":\"Miami Beach voters overwhelmingly approved referendums during the 2018 and 2022 elections that are transforming our iconic city into a resilient, arts and culture destination unlike any other.The City of Miami Beach is prepared to handle any emergency \u2013 from severe storms and hurricanes, to potential health hazards. Our trained professionals in the Office of Emergency Management are responsible for the coordination of all emergency preparedness within the City of Miami Beach.\",\"breadcrumb\":{\"@id\":\"https:\\\/\\\/www.miamibeachfl.gov\\\/egovapp\\\/city-hall\\\/emergencymanagementdepartment\\\/#breadcrumb\"},\"inLanguage\":\"ht\",\"potentialAction\":[{\"@type\":\"ReadAction\",\"target\":[\"https:\\\/\\\/www.miamibeachfl.gov\\\/egovapp\\\/city-hall\\\/emergencymanagementdepartment\\\/\"]}]},{\"@type\":\"BreadcrumbList\",\"@id\":\"https:\\\/\\\/www.miamibeachfl.gov\\\/egovapp\\\/city-hall\\\/emergencymanagementdepartment\\\/#breadcrumb\",\"itemListElement\":[{\"@type\":\"ListItem\",\"position\":1,\"name\":\"Home\",\"item\":\"https:\\\/\\\/www.miamibeachfl.gov\\\/\"},{\"@type\":\"ListItem\",\"position\":2,\"name\":\"MobileAppPages\",\"item\":\"https:\\\/\\\/www.miamibeachfl.gov\\\/egovapp\\\/\"},{\"@type\":\"ListItem\",\"position\":3,\"name\":\"City Hall Department Directory\",\"item\":\"https:\\\/\\\/www.miamibeachfl.gov\\\/egovapp\\\/city-hall\\\/\"},{\"@type\":\"ListItem\",\"position\":4,\"name\":\"Fire Division of Emergency Management\"}]},{\"@type\":\"WebSite\",\"@id\":\"https:\\\/\\\/www.miamibeachfl.gov\\\/#website\",\"url\":\"https:\\\/\\\/www.miamibeachfl.gov\\\/\",\"name\":\"City of Miami Beach\",\"description\":\"The official website of the City of Miami Beach. Stay informed, find important information on city services, news, alerts, events, trolley routes, government employment and more.\",\"publisher\":{\"@id\":\"https:\\\/\\\/www.miamibeachfl.gov\\\/#organization\"},\"potentialAction\":[{\"@type\":\"SearchAction\",\"target\":{\"@type\":\"EntryPoint\",\"urlTemplate\":\"https:\\\/\\\/www.miamibeachfl.gov\\\/?s={search_term_string}\"},\"query-input\":{\"@type\":\"PropertyValueSpecification\",\"valueRequired\":true,\"valueName\":\"search_term_string\"}}],\"inLanguage\":\"ht\"},{\"@type\":\"Organization\",\"@id\":\"https:\\\/\\\/www.miamibeachfl.gov\\\/#organization\",\"name\":\"City of Miami Beach\",\"url\":\"https:\\\/\\\/www.miamibeachfl.gov\\\/\",\"logo\":{\"@type\":\"ImageObject\",\"inLanguage\":\"ht\",\"@id\":\"https:\\\/\\\/www.miamibeachfl.gov\\\/#\\\/schema\\\/logo\\\/image\\\/\",\"url\":\"https:\\\/\\\/www.miamibeachfl.gov\\\/wp-content\\\/uploads\\\/2022\\\/06\\\/miamibeach-logoblue.png\",\"contentUrl\":\"https:\\\/\\\/www.miamibeachfl.gov\\\/wp-content\\\/uploads\\\/2022\\\/06\\\/miamibeach-logoblue.png\",\"width\":1962,\"height\":381,\"caption\":\"City of Miami Beach\"},\"image\":{\"@id\":\"https:\\\/\\\/www.miamibeachfl.gov\\\/#\\\/schema\\\/logo\\\/image\\\/\"},\"sameAs\":[\"https:\\\/\\\/www.facebook.com\\\/cityofmiamibeach\",\"https:\\\/\\\/x.com\\\/Miamibeachnews\",\"https:\\\/\\\/www.instagram.com\\\/miamibeachnews\\\/\"],\"description\":\"The official website of the City of Miami Beach. Stay informed, find important information on city services, news, alerts, events, trolley routes, government employment and more.\",\"telephone\":\"305.604.CITY(2489)\",\"legalName\":\"City of Miami Beach\"}]}<\/script>\n<!-- \/ Yoast SEO Premium plugin. -->","yoast_head_json":{"title":"Divizyon Jesyon Ijans Ponpye - Vil Miami Beach","description":"Vot\u00e8 Miami Beach yo te apwouve yon majorite akablan referand\u00f2m pandan eleksyon 2018 ak 2022 yo ki ap transf\u00f2me vil ikonik nou an an yon destinasyon atistik ak kiltir\u00e8l ki solid, ki pa sanble ak okenn l\u00f2t. Vil Miami Beach prepare pou jere nenp\u00f2t ijans \u2013 soti nan gwo tanp\u00e8t ak sikl\u00f2n, rive nan danje pou sante potansy\u00e8l yo. Pwofesyon\u00e8l ki resevwa f\u00f2masyon nan Biwo Jesyon Ijans yo responsab kow\u00f2dinasyon tout preparasyon pou ijans nan Vil Miami Beach.","robots":{"index":"index","follow":"follow","max-snippet":"max-snippet:-1","max-image-preview":"max-image-preview:large","max-video-preview":"max-video-preview:-1"},"canonical":"https:\/\/www.miamibeachfl.gov\/ht\/egovapp\/city-hall\/emergencymanagementdepartment\/","og_locale":"ht_HT","og_type":"article","og_title":"Fire Division of Emergency Management","og_description":"Miami Beach voters overwhelmingly approved referendums during the 2018 and 2022 elections that are transforming our iconic city into a resilient, arts and culture destination unlike any other.The City of Miami Beach is prepared to handle any emergency \u2013 from severe storms and hurricanes, to potential health hazards. Our trained professionals in the Office of Emergency Management are responsible for the coordination of all emergency preparedness within the City of Miami Beach.","og_url":"https:\/\/www.miamibeachfl.gov\/ht\/egovapp\/city-hall\/emergencymanagementdepartment\/","og_site_name":"City of Miami Beach","article_publisher":"https:\/\/www.facebook.com\/cityofmiamibeach","article_modified_time":"2025-06-07T19:28:02+00:00","og_image":[{"width":1000,"height":1000,"url":"https:\/\/www.miamibeachfl.gov\/wp-content\/uploads\/2024\/01\/1000pxSquare-miamibeach-aerial-southpointview.jpeg","type":"image\/jpeg"}],"twitter_card":"summary_large_image","twitter_site":"@Miamibeachnews","schema":{"@context":"https:\/\/schema.org","@graph":[{"@type":"WebPage","@id":"https:\/\/www.miamibeachfl.gov\/egovapp\/city-hall\/emergencymanagementdepartment\/","url":"https:\/\/www.miamibeachfl.gov\/egovapp\/city-hall\/emergencymanagementdepartment\/","name":"Divizyon Jesyon Ijans Ponpye - Vil Miami Beach","isPartOf":{"@id":"https:\/\/www.miamibeachfl.gov\/#website"},"datePublished":"2023-07-20T18:08:52+00:00","dateModified":"2025-06-07T19:28:02+00:00","description":"Vot\u00e8 Miami Beach yo te apwouve yon majorite akablan referand\u00f2m pandan eleksyon 2018 ak 2022 yo ki ap transf\u00f2me vil ikonik nou an an yon destinasyon atistik ak kiltir\u00e8l ki solid, ki pa sanble ak okenn l\u00f2t. Vil Miami Beach prepare pou jere nenp\u00f2t ijans \u2013 soti nan gwo tanp\u00e8t ak sikl\u00f2n, rive nan danje pou sante potansy\u00e8l yo. Pwofesyon\u00e8l ki resevwa f\u00f2masyon nan Biwo Jesyon Ijans yo responsab kow\u00f2dinasyon tout preparasyon pou ijans nan Vil Miami Beach.","breadcrumb":{"@id":"https:\/\/www.miamibeachfl.gov\/egovapp\/city-hall\/emergencymanagementdepartment\/#breadcrumb"},"inLanguage":"ht","potentialAction":[{"@type":"ReadAction","target":["https:\/\/www.miamibeachfl.gov\/egovapp\/city-hall\/emergencymanagementdepartment\/"]}]},{"@type":"BreadcrumbList","@id":"https:\/\/www.miamibeachfl.gov\/egovapp\/city-hall\/emergencymanagementdepartment\/#breadcrumb","itemListElement":[{"@type":"ListItem","position":1,"name":"Home","item":"https:\/\/www.miamibeachfl.gov\/"},{"@type":"ListItem","position":2,"name":"MobileAppPages","item":"https:\/\/www.miamibeachfl.gov\/egovapp\/"},{"@type":"ListItem","position":3,"name":"City Hall Department Directory","item":"https:\/\/www.miamibeachfl.gov\/egovapp\/city-hall\/"},{"@type":"ListItem","position":4,"name":"Fire Division of Emergency Management"}]},{"@type":"WebSite","@id":"https:\/\/www.miamibeachfl.gov\/#website","url":"https:\/\/www.miamibeachfl.gov\/","name":"Vil Miami Beach","description":"Sitw\u00e8b ofisy\u00e8l Vil Miami Beach la. Rete enf\u00f2me, jwenn enf\u00f2masyon enp\u00f2tan sou s\u00e8vis vil la, nouv\u00e8l, al\u00e8t, ev\u00e8nman, wout tramway, travay gouv\u00e8nman an ak plis ank\u00f2.","publisher":{"@id":"https:\/\/www.miamibeachfl.gov\/#organization"},"potentialAction":[{"@type":"SearchAction","target":{"@type":"EntryPoint","urlTemplate":"https:\/\/www.miamibeachfl.gov\/?s={search_term_string}"},"query-input":{"@type":"PropertyValueSpecification","valueRequired":true,"valueName":"search_term_string"}}],"inLanguage":"ht"},{"@type":"Organization","@id":"https:\/\/www.miamibeachfl.gov\/#organization","name":"Vil Miami Beach","url":"https:\/\/www.miamibeachfl.gov\/","logo":{"@type":"ImageObject","inLanguage":"ht","@id":"https:\/\/www.miamibeachfl.gov\/#\/schema\/logo\/image\/","url":"https:\/\/www.miamibeachfl.gov\/wp-content\/uploads\/2022\/06\/miamibeach-logoblue.png","contentUrl":"https:\/\/www.miamibeachfl.gov\/wp-content\/uploads\/2022\/06\/miamibeach-logoblue.png","width":1962,"height":381,"caption":"City of Miami Beach"},"image":{"@id":"https:\/\/www.miamibeachfl.gov\/#\/schema\/logo\/image\/"},"sameAs":["https:\/\/www.facebook.com\/cityofmiamibeach","https:\/\/x.com\/Miamibeachnews","https:\/\/www.instagram.com\/miamibeachnews\/"],"description":"Sitw\u00e8b ofisy\u00e8l Vil Miami Beach la. Rete enf\u00f2me, jwenn enf\u00f2masyon enp\u00f2tan sou s\u00e8vis vil la, nouv\u00e8l, al\u00e8t, ev\u00e8nman, wout tramway, travay gouv\u00e8nman an ak plis ank\u00f2.","telephone":"305.604.CITY(2489)","legalName":"City of Miami Beach"}]}},"_links":{"self":[{"href":"https:\/\/www.miamibeachfl.gov\/ht\/wp-json\/wp\/v2\/pages\/265628","targetHints":{"allow":["GET"]}}],"collection":[{"href":"https:\/\/www.miamibeachfl.gov\/ht\/wp-json\/wp\/v2\/pages"}],"about":[{"href":"https:\/\/www.miamibeachfl.gov\/ht\/wp-json\/wp\/v2\/types\/page"}],"author":[{"embeddable":true,"href":"https:\/\/www.miamibeachfl.gov\/ht\/wp-json\/wp\/v2\/users\/222"}],"replies":[{"embeddable":true,"href":"https:\/\/www.miamibeachfl.gov\/ht\/wp-json\/wp\/v2\/comments?post=265628"}],"version-history":[{"count":0,"href":"https:\/\/www.miamibeachfl.gov\/ht\/wp-json\/wp\/v2\/pages\/265628\/revisions"}],"up":[{"embeddable":true,"href":"https:\/\/www.miamibeachfl.gov\/ht\/wp-json\/wp\/v2\/pages\/265532"}],"wp:attachment":[{"href":"https:\/\/www.miamibeachfl.gov\/ht\/wp-json\/wp\/v2\/media?parent=265628"}],"wp:term":[{"taxonomy":"category","embeddable":true,"href":"https:\/\/www.miamibeachfl.gov\/ht\/wp-json\/wp\/v2\/categories?post=265628"},{"taxonomy":"post_tag","embeddable":true,"href":"https:\/\/www.miamibeachfl.gov\/ht\/wp-json\/wp\/v2\/tags?post=265628"}],"curies":[{"name":"wp","href":"https:\/\/api.w.org\/{rel}","templated":true}]}}