{"id":265633,"date":"2023-07-20T14:15:36","date_gmt":"2023-07-20T18:15:36","guid":{"rendered":"https:\/\/www.miamibeachfl.gov\/?page_id=265633"},"modified":"2025-06-07T15:33:29","modified_gmt":"2025-06-07T19:33:29","slug":"housingdepartment","status":"publish","type":"page","link":"https:\/\/www.miamibeachfl.gov\/ht\/egovapp\/city-hall\/housingdepartment\/","title":{"rendered":"Lojman ak S\u00e8vis Kominot\u00e8"},"content":{"rendered":"<a href=\"https:\/\/www.miamibeachfl.gov\/ht\/egovapp\/city-hall\/\" target=\"_self\">\n\t\t\t\t\t\tRetounen nan Any\u00e8 Depatman an\n\t\t\t\t\t<\/a>\n<h1>\n\t\t\tLojman ak S\u00e8vis Kominot\u00e8\t<\/h1>\n\t<ul>\n\t\t<li><a href=\"tel:3056737491\" target=\"_self\"  aria-label=\"Ale nan nimewo telef\u00f2n sa a: 3056737491\">\t\t\t\t\n\t\t<h3>305.673.7491<\/h3><\/a><\/li>\t<\/ul>\n<h2>\n\t\t\tKote ak S\u00e8vis\t<\/h2>\n<h4>\n\t\t\tKote ak S\u00e8vis\t<\/h4>\n<p><strong>Sant Resous pou Rezidans ak Granmoun Aje<\/strong><\/p>\n<p>765 17y\u00e8m ri<\/p>\n<p><strong>Or\u00e8:\u00a0<\/strong><\/p>\n<p>Lendi 8:30 AM pou rive 5:00 PM (F\u00e8men 12:00 PM \u2013 1:00 PM)<\/p>\n<p>Depatman Ly\u00e8zon pou Timoun ak Fanmi (DCF) Lendi 9 AM pou rive 4 PM (F\u00e8men 12 PM \u2013 1 PM)<\/p>\n<h2>S\u00e8vis pou J\u00e8n yo<\/h2>\n<p>1701 Meridian Avenue, Suite 400<\/p>\n<p>305.673.7491<\/p>\n<p><strong>(GRATIS) S\u00e8vis yo enkli:<\/strong><\/p>\n<p>Pwogram Paran-Timoun<\/p>\n<p>Klas Paran yo<\/p>\n<p>Gid pou paran lakay yo<\/p>\n<p>Chemen Fanmi yo<\/p>\n<p>Kow\u00f2dinasyon Swen<\/p>\n<p>S\u00e8vis konpl\u00e8<\/p>\n<p>Defans Edikasyon\u00e8l<\/p>\n<p>Terapi Sante Mantal<\/p>\n<p>Tout Zetwal yo (Pwogram Anrichisman J\u00e8n Lek\u00f2l Mwayen)<\/p>\n<p>Sip\u00f2 Edikasyon\u00e8l<\/p>\n<p>Antreprenarya<\/p>\n<p>Kan ete<\/p>\n<h2>Lojman ak Devlopman Kominot\u00e8<\/h2>\n<p>1701 Meridian Avenue, Suite 400<\/p>\n<p><strong>Or\u00e8:<\/strong> Lendi 8:30 AM pou rive 5:00 PM (F\u00e8men 12:00 PM \u2013 1:00 PM)<\/p>\n<p><strong>Nimewo Telef\u00f2n pou Lojman:<\/strong>\u00a0<a>305.673.7260<\/a><\/p>\n<p><strong>S\u00e8vis yo enkli:<\/strong><\/p>\n<p>Pwogram pou Moun k ap Achte Kay pou Premye Fwa<\/p>\n<p>Pwogram Reyabilitasyon Pwopriyet\u00e8 Kay<\/p>\n<p>Lis Atant pou Lojman Ab\u00f2dab (Kounye a Plen)<\/p>\n<h2>Asistans pou moun ki san kay<\/h2>\n<p>771 Bilding toupre &quot;Taste&quot; ak &quot;Massage Envy&quot;<\/p>\n<p><strong>Or\u00e8:<\/strong> Lendi 7:30 AM pou rive 3:30 PM (F\u00e8men 12:00 PM \u2013 1:00 PM)<\/p>\n<p><strong>Nimewo telef\u00f2n pou kontakte moun ki san kay:<\/strong>\u00a0<a>305.604.4663<\/a><\/p>\n<p><strong>S\u00e8vis yo enkli:<\/strong><\/p>\n<p>Asistans pou s\u00e8tifika nesans ak idantifikasyon<\/p>\n<p>S\u00e8vis relokasyon<\/p>\n<p>Plasman nan abri<\/p>\n<p>Kow\u00f2dinasyon Swen<\/p>","protected":false},"excerpt":{"rendered":"<p>Retounen nan Any\u00e8 Depatman an Lojman ak S\u00e8vis Kominot\u00e8 305.673.7491 Lokalizasyon ak S\u00e8vis Lokalizasyon ak S\u00e8vis Sant Resous pou Rezidan ak Granmoun Aje [\u2026]<\/p>","protected":false},"author":222,"featured_media":0,"parent":265532,"menu_order":0,"comment_status":"closed","ping_status":"closed","template":"","meta":{"_searchwp_excluded":"1","site-sidebar-layout":"default","site-content-layout":"","ast-site-content-layout":"","site-content-style":"default","site-sidebar-style":"default","ast-global-header-display":"disabled","ast-banner-title-visibility":"","ast-main-header-display":"","ast-hfb-above-header-display":"","ast-hfb-below-header-display":"","ast-hfb-mobile-header-display":"","site-post-title":"","ast-breadcrumbs-content":"","ast-featured-img":"","footer-sml-layout":"disabled","theme-transparent-header-meta":"","adv-header-id-meta":"","stick-header-meta":"","header-above-stick-meta":"","header-main-stick-meta":"","header-below-stick-meta":"","astra-migrate-meta-layouts":"default","ast-page-background-enabled":"default","ast-page-background-meta":{"desktop":{"background-color":"var(--ast-global-color-5)","background-image":"","background-repeat":"repeat","background-position":"center center","background-size":"auto","background-attachment":"scroll","background-type":"","background-media":"","overlay-type":"","overlay-color":"","overlay-opacity":"","overlay-gradient":""},"tablet":{"background-color":"","background-image":"","background-repeat":"repeat","background-position":"center center","background-size":"auto","background-attachment":"scroll","background-type":"","background-media":"","overlay-type":"","overlay-color":"","overlay-opacity":"","overlay-gradient":""},"mobile":{"background-color":"","background-image":"","background-repeat":"repeat","background-position":"center center","background-size":"auto","background-attachment":"scroll","background-type":"","background-media":"","overlay-type":"","overlay-color":"","overlay-opacity":"","overlay-gradient":""}},"ast-content-background-meta":{"desktop":{"background-color":"var(--ast-global-color-4)","background-image":"","background-repeat":"repeat","background-position":"center center","background-size":"auto","background-attachment":"scroll","background-type":"","background-media":"","overlay-type":"","overlay-color":"","overlay-opacity":"","overlay-gradient":""},"tablet":{"background-color":"var(--ast-global-color-4)","background-image":"","background-repeat":"repeat","background-position":"center center","background-size":"auto","background-attachment":"scroll","background-type":"","background-media":"","overlay-type":"","overlay-color":"","overlay-opacity":"","overlay-gradient":""},"mobile":{"background-color":"var(--ast-global-color-4)","background-image":"","background-repeat":"repeat","background-position":"center center","background-size":"auto","background-attachment":"scroll","background-type":"","background-media":"","overlay-type":"","overlay-color":"","overlay-opacity":"","overlay-gradient":""}},"footnotes":""},"categories":[],"tags":[1002,1000],"class_list":["post-265633","page","type-page","status-publish","hentry","tag-app-egov-page","tag-cityhall-egovapp"],"yoast_head":"<!-- This site is optimized with the Yoast SEO Premium plugin v26.6 (Yoast SEO v26.6) - https:\/\/yoast.com\/wordpress\/plugins\/seo\/ -->\n<title>Housing and Community Services - City of Miami Beach<\/title>\n<meta name=\"description\" content=\"The Department of Housing and Community Services provides excellent public services to improve our residents\u2019 quality of life, reduce homelessness, manage the City\u2019s residential properties, and promote community development opportunities.\" \/>\n<meta name=\"robots\" content=\"index, follow, max-snippet:-1, max-image-preview:large, max-video-preview:-1\" \/>\n<link rel=\"canonical\" href=\"https:\/\/www.miamibeachfl.gov\/ht\/egovapp\/city-hall\/housingdepartment\/\" \/>\n<meta property=\"og:locale\" content=\"ht_HT\" \/>\n<meta property=\"og:type\" content=\"article\" \/>\n<meta property=\"og:title\" content=\"Housing and Community Services\" \/>\n<meta property=\"og:description\" content=\"The Department of Housing and Community Services provides excellent public services to improve our residents\u2019 quality of life, reduce homelessness, manage the City\u2019s residential properties, and promote community development opportunities.\" \/>\n<meta property=\"og:url\" content=\"https:\/\/www.miamibeachfl.gov\/ht\/egovapp\/city-hall\/housingdepartment\/\" \/>\n<meta property=\"og:site_name\" content=\"City of Miami Beach\" \/>\n<meta property=\"article:publisher\" content=\"https:\/\/www.facebook.com\/cityofmiamibeach\" \/>\n<meta property=\"article:modified_time\" content=\"2025-06-07T19:33:29+00:00\" \/>\n<meta property=\"og:image\" content=\"https:\/\/www.miamibeachfl.gov\/wp-content\/uploads\/2024\/01\/1000pxSquare-miamibeach-aerial-southpointview.jpeg\" \/>\n\t<meta property=\"og:image:width\" content=\"1000\" \/>\n\t<meta property=\"og:image:height\" content=\"1000\" \/>\n\t<meta property=\"og:image:type\" content=\"image\/jpeg\" \/>\n<meta name=\"twitter:card\" content=\"summary_large_image\" \/>\n<meta name=\"twitter:site\" content=\"@Miamibeachnews\" \/>\n<script type=\"application\/ld+json\" class=\"yoast-schema-graph\">{\"@context\":\"https:\/\/schema.org\",\"@graph\":[{\"@type\":\"WebPage\",\"@id\":\"https:\/\/www.miamibeachfl.gov\/egovapp\/city-hall\/housingdepartment\/\",\"url\":\"https:\/\/www.miamibeachfl.gov\/egovapp\/city-hall\/housingdepartment\/\",\"name\":\"Housing and Community Services - City of Miami Beach\",\"isPartOf\":{\"@id\":\"https:\/\/www.miamibeachfl.gov\/#website\"},\"datePublished\":\"2023-07-20T18:15:36+00:00\",\"dateModified\":\"2025-06-07T19:33:29+00:00\",\"description\":\"The Department of Housing and Community Services provides excellent public services to improve our residents\u2019 quality of life, reduce homelessness, manage the City\u2019s residential properties, and promote community development opportunities.\",\"breadcrumb\":{\"@id\":\"https:\/\/www.miamibeachfl.gov\/egovapp\/city-hall\/housingdepartment\/#breadcrumb\"},\"inLanguage\":\"ht\",\"potentialAction\":[{\"@type\":\"ReadAction\",\"target\":[\"https:\/\/www.miamibeachfl.gov\/egovapp\/city-hall\/housingdepartment\/\"]}]},{\"@type\":\"BreadcrumbList\",\"@id\":\"https:\/\/www.miamibeachfl.gov\/egovapp\/city-hall\/housingdepartment\/#breadcrumb\",\"itemListElement\":[{\"@type\":\"ListItem\",\"position\":1,\"name\":\"Home\",\"item\":\"https:\/\/www.miamibeachfl.gov\/\"},{\"@type\":\"ListItem\",\"position\":2,\"name\":\"MobileAppPages\",\"item\":\"https:\/\/www.miamibeachfl.gov\/egovapp\/\"},{\"@type\":\"ListItem\",\"position\":3,\"name\":\"City Hall Department Directory\",\"item\":\"https:\/\/www.miamibeachfl.gov\/egovapp\/city-hall\/\"},{\"@type\":\"ListItem\",\"position\":4,\"name\":\"Housing and Community Services\"}]},{\"@type\":\"WebSite\",\"@id\":\"https:\/\/www.miamibeachfl.gov\/#website\",\"url\":\"https:\/\/www.miamibeachfl.gov\/\",\"name\":\"City of Miami Beach\",\"description\":\"The official website of the City of Miami Beach. Stay informed, find important information on city services, news, alerts, events, trolley routes, government employment and more.\",\"publisher\":{\"@id\":\"https:\/\/www.miamibeachfl.gov\/#organization\"},\"potentialAction\":[{\"@type\":\"SearchAction\",\"target\":{\"@type\":\"EntryPoint\",\"urlTemplate\":\"https:\/\/www.miamibeachfl.gov\/?s={search_term_string}\"},\"query-input\":{\"@type\":\"PropertyValueSpecification\",\"valueRequired\":true,\"valueName\":\"search_term_string\"}}],\"inLanguage\":\"ht\"},{\"@type\":\"Organization\",\"@id\":\"https:\/\/www.miamibeachfl.gov\/#organization\",\"name\":\"City of Miami Beach\",\"url\":\"https:\/\/www.miamibeachfl.gov\/\",\"logo\":{\"@type\":\"ImageObject\",\"inLanguage\":\"ht\",\"@id\":\"https:\/\/www.miamibeachfl.gov\/#\/schema\/logo\/image\/\",\"url\":\"https:\/\/www.miamibeachfl.gov\/wp-content\/uploads\/2022\/06\/miamibeach-logoblue.png\",\"contentUrl\":\"https:\/\/www.miamibeachfl.gov\/wp-content\/uploads\/2022\/06\/miamibeach-logoblue.png\",\"width\":1962,\"height\":381,\"caption\":\"City of Miami Beach\"},\"image\":{\"@id\":\"https:\/\/www.miamibeachfl.gov\/#\/schema\/logo\/image\/\"},\"sameAs\":[\"https:\/\/www.facebook.com\/cityofmiamibeach\",\"https:\/\/x.com\/Miamibeachnews\",\"https:\/\/www.instagram.com\/miamibeachnews\/\"],\"description\":\"The official website of the City of Miami Beach. Stay informed, find important information on city services, news, alerts, events, trolley routes, government employment and more.\",\"telephone\":\"305.604.CITY(2489)\",\"legalName\":\"City of Miami Beach\"}]}<\/script>\n<!-- \/ Yoast SEO Premium plugin. -->","yoast_head_json":{"title":"Lojman ak S\u00e8vis Kominot\u00e8 - Vil Miami Beach","description":"Depatman Lojman ak S\u00e8vis Kominot\u00e8 a bay s\u00e8vis piblik ekselan pou amelyore kalite lavi rezidan nou yo, diminye pwobl\u00e8m moun ki sanzabri, jere pwopriyete rezidansy\u00e8l Vil la, epi ankouraje op\u00f2tinite devlopman kominot\u00e8.","robots":{"index":"index","follow":"follow","max-snippet":"max-snippet:-1","max-image-preview":"max-image-preview:large","max-video-preview":"max-video-preview:-1"},"canonical":"https:\/\/www.miamibeachfl.gov\/ht\/egovapp\/city-hall\/housingdepartment\/","og_locale":"ht_HT","og_type":"article","og_title":"Housing and Community Services","og_description":"The Department of Housing and Community Services provides excellent public services to improve our residents\u2019 quality of life, reduce homelessness, manage the City\u2019s residential properties, and promote community development opportunities.","og_url":"https:\/\/www.miamibeachfl.gov\/ht\/egovapp\/city-hall\/housingdepartment\/","og_site_name":"City of Miami Beach","article_publisher":"https:\/\/www.facebook.com\/cityofmiamibeach","article_modified_time":"2025-06-07T19:33:29+00:00","og_image":[{"width":1000,"height":1000,"url":"https:\/\/www.miamibeachfl.gov\/wp-content\/uploads\/2024\/01\/1000pxSquare-miamibeach-aerial-southpointview.jpeg","type":"image\/jpeg"}],"twitter_card":"summary_large_image","twitter_site":"@Miamibeachnews","schema":{"@context":"https:\/\/schema.org","@graph":[{"@type":"WebPage","@id":"https:\/\/www.miamibeachfl.gov\/egovapp\/city-hall\/housingdepartment\/","url":"https:\/\/www.miamibeachfl.gov\/egovapp\/city-hall\/housingdepartment\/","name":"Lojman ak S\u00e8vis Kominot\u00e8 - Vil Miami Beach","isPartOf":{"@id":"https:\/\/www.miamibeachfl.gov\/#website"},"datePublished":"2023-07-20T18:15:36+00:00","dateModified":"2025-06-07T19:33:29+00:00","description":"Depatman Lojman ak S\u00e8vis Kominot\u00e8 a bay s\u00e8vis piblik ekselan pou amelyore kalite lavi rezidan nou yo, diminye pwobl\u00e8m moun ki sanzabri, jere pwopriyete rezidansy\u00e8l Vil la, epi ankouraje op\u00f2tinite devlopman kominot\u00e8.","breadcrumb":{"@id":"https:\/\/www.miamibeachfl.gov\/egovapp\/city-hall\/housingdepartment\/#breadcrumb"},"inLanguage":"ht","potentialAction":[{"@type":"ReadAction","target":["https:\/\/www.miamibeachfl.gov\/egovapp\/city-hall\/housingdepartment\/"]}]},{"@type":"BreadcrumbList","@id":"https:\/\/www.miamibeachfl.gov\/egovapp\/city-hall\/housingdepartment\/#breadcrumb","itemListElement":[{"@type":"ListItem","position":1,"name":"Home","item":"https:\/\/www.miamibeachfl.gov\/"},{"@type":"ListItem","position":2,"name":"MobileAppPages","item":"https:\/\/www.miamibeachfl.gov\/egovapp\/"},{"@type":"ListItem","position":3,"name":"City Hall Department Directory","item":"https:\/\/www.miamibeachfl.gov\/egovapp\/city-hall\/"},{"@type":"ListItem","position":4,"name":"Housing and Community Services"}]},{"@type":"WebSite","@id":"https:\/\/www.miamibeachfl.gov\/#website","url":"https:\/\/www.miamibeachfl.gov\/","name":"Vil Miami Beach","description":"Sitw\u00e8b ofisy\u00e8l Vil Miami Beach la. Rete enf\u00f2me, jwenn enf\u00f2masyon enp\u00f2tan sou s\u00e8vis vil la, nouv\u00e8l, al\u00e8t, ev\u00e8nman, wout tramway, travay gouv\u00e8nman an ak plis ank\u00f2.","publisher":{"@id":"https:\/\/www.miamibeachfl.gov\/#organization"},"potentialAction":[{"@type":"SearchAction","target":{"@type":"EntryPoint","urlTemplate":"https:\/\/www.miamibeachfl.gov\/?s={search_term_string}"},"query-input":{"@type":"PropertyValueSpecification","valueRequired":true,"valueName":"search_term_string"}}],"inLanguage":"ht"},{"@type":"Organization","@id":"https:\/\/www.miamibeachfl.gov\/#organization","name":"Vil Miami Beach","url":"https:\/\/www.miamibeachfl.gov\/","logo":{"@type":"ImageObject","inLanguage":"ht","@id":"https:\/\/www.miamibeachfl.gov\/#\/schema\/logo\/image\/","url":"https:\/\/www.miamibeachfl.gov\/wp-content\/uploads\/2022\/06\/miamibeach-logoblue.png","contentUrl":"https:\/\/www.miamibeachfl.gov\/wp-content\/uploads\/2022\/06\/miamibeach-logoblue.png","width":1962,"height":381,"caption":"City of Miami Beach"},"image":{"@id":"https:\/\/www.miamibeachfl.gov\/#\/schema\/logo\/image\/"},"sameAs":["https:\/\/www.facebook.com\/cityofmiamibeach","https:\/\/x.com\/Miamibeachnews","https:\/\/www.instagram.com\/miamibeachnews\/"],"description":"Sitw\u00e8b ofisy\u00e8l Vil Miami Beach la. Rete enf\u00f2me, jwenn enf\u00f2masyon enp\u00f2tan sou s\u00e8vis vil la, nouv\u00e8l, al\u00e8t, ev\u00e8nman, wout tramway, travay gouv\u00e8nman an ak plis ank\u00f2.","telephone":"305.604.CITY(2489)","legalName":"City of Miami Beach"}]}},"_links":{"self":[{"href":"https:\/\/www.miamibeachfl.gov\/ht\/wp-json\/wp\/v2\/pages\/265633","targetHints":{"allow":["GET"]}}],"collection":[{"href":"https:\/\/www.miamibeachfl.gov\/ht\/wp-json\/wp\/v2\/pages"}],"about":[{"href":"https:\/\/www.miamibeachfl.gov\/ht\/wp-json\/wp\/v2\/types\/page"}],"author":[{"embeddable":true,"href":"https:\/\/www.miamibeachfl.gov\/ht\/wp-json\/wp\/v2\/users\/222"}],"replies":[{"embeddable":true,"href":"https:\/\/www.miamibeachfl.gov\/ht\/wp-json\/wp\/v2\/comments?post=265633"}],"version-history":[{"count":0,"href":"https:\/\/www.miamibeachfl.gov\/ht\/wp-json\/wp\/v2\/pages\/265633\/revisions"}],"up":[{"embeddable":true,"href":"https:\/\/www.miamibeachfl.gov\/ht\/wp-json\/wp\/v2\/pages\/265532"}],"wp:attachment":[{"href":"https:\/\/www.miamibeachfl.gov\/ht\/wp-json\/wp\/v2\/media?parent=265633"}],"wp:term":[{"taxonomy":"category","embeddable":true,"href":"https:\/\/www.miamibeachfl.gov\/ht\/wp-json\/wp\/v2\/categories?post=265633"},{"taxonomy":"post_tag","embeddable":true,"href":"https:\/\/www.miamibeachfl.gov\/ht\/wp-json\/wp\/v2\/tags?post=265633"}],"curies":[{"name":"wp","href":"https:\/\/api.w.org\/{rel}","templated":true}]}}