{"id":265636,"date":"2023-07-20T16:14:41","date_gmt":"2023-07-20T20:14:41","guid":{"rendered":"https:\/\/www.miamibeachfl.gov\/?page_id=265636"},"modified":"2025-06-07T15:35:09","modified_gmt":"2025-06-07T19:35:09","slug":"hrdepartment","status":"publish","type":"page","link":"https:\/\/www.miamibeachfl.gov\/ht\/egovapp\/city-hall\/hrdepartment\/","title":{"rendered":"Depatman Resous Im\u00e8n"},"content":{"rendered":"<a href=\"https:\/\/www.miamibeachfl.gov\/ht\/egovapp\/city-hall\/\" target=\"_self\">\n\t\t\t\t\t\tRetounen nan Any\u00e8 Depatman an\n\t\t\t\t\t<\/a>\n<h1>\n\t\t\tResous Im\u00e8n\t<\/h1>\n\t<ul>\n\t\t<li><a href=\"tel:3056737524\" target=\"_self\"  aria-label=\"Ale nan nimewo telef\u00f2n sa a: 3056737524\">\t\t\t\t\n\t\t<h3>305.673.7524<\/h3><\/a><\/li><li>\t\t\t\t\n\t\t<h3>Or\u00e8 Biwo:<\/h3><p>Lendi \u2013 Vandredi: 8:30 AM \u2013 5 PM<\/p><\/li><li><a href=\"https:\/\/goo.gl\/maps\/L2ZxTrWpaqefYwDn9\" target=\"_self\"  aria-label=\"Ale sou https:\/\/goo.gl\/maps\/L2ZxTrWpaqefYwDn9\">\t\t\t\t\n\t\t<h3>Biwo Prensipal:<\/h3><p>1700 Konvansyon Center Drive<br \/>3y\u00e8m etaj<br \/>Miami Beach, Florid 33139<\/p><\/a><\/li>\t<\/ul>\n\t\t\t<a href=\"\/ht\/egovapp\/city-hall\/hrdepartment\/howtoapply\/\" target=\"_self\">\n\t\t\t\t\t\t\tKijan pou aplike\n\t\t\t<\/a>\n<h2>\n\t\t\tZ\u00f2n Konsantrasyon\t<\/h2>\n\t<p><strong> Konpansasyon \u2013 <\/strong>Trete epi kenbe tout enf\u00f2masyon anplwaye yo ak p\u00e8son\u00e8l retrete s415 yo, tankou sal\u00e8 ak dediksyon sou pew\u00f2l, asistans pou lajan pou peye lek\u00f2l, peman Plan Opsyon Retr\u00e8t Difere (DROP), vant-revann pou maladi, konje ak prezans, ogmantasyon ajisteman pri lavi (COLA), rachat pansyon, odyans chomaj, depo konpansasyon travay\u00e8, verifikasyon anplwa, ent\u00e8vyou s\u00f2ti, bonis prezans paf\u00e8, demann dosye piblik, ak rap\u00f2 divilgasyon finansye Konte Miami-Dade.<\/p>\n<p><strong> Rekritman ak T\u00e8s \u2013 <\/strong>Ede depatman yo nan rekritman ak seleksyon kandida kalifye pou travay; devlope, administre, epi valide met\u00f2d rekritman konpetitif; administre egzamen pre-anbochaj ak pwomosyon epi f\u00e8 verifikasyon antereyan pre-anbochaj.<\/p>\n<p><strong> Relasyon Travay ak Anplwaye yo \u2013 <\/strong>Sip\u00e8vize, konsilte, epi trete zaf\u00e8 disiplin\u00e8 yo; mennen ank\u00e8t epi reponn a tout akizasyon ofisy\u00e8l Komisyon Egalite Op\u00f2tinite nan Anplwa (EEOC) sou swadizan diskriminasyon; negosye epi administre ak\u00f2 d\u00e8nye chans yo; administre ak\u00f2 negosyasyon kolektif Vil la, devlope yon langaj pou adrese pwobl\u00e8m kote gen dezak\u00f2 ant pati ki enplike yo, epi bay kons\u00e8y sou rezolisyon konfli; administre pwosesis plent\/abitraj la; epi f\u00e8 ank\u00e8t nan tout vil la ki gen rap\u00f2 ak move konduit anplwaye yo ak akizasyon pratik diskriminatwa.<\/p>\n<p><strong> Benefis <\/strong>\u2013 Ede nan f\u00f2milasyon pwogram benefis pou anplwaye yo; devlope epi administre kontra ki gen rap\u00f2 ak benefis yo; kow\u00f2done aktivite enskripsyon ouv\u00e8; administre bidj\u00e8 pou plan benefis p\u00e8son\u00e8l ak plan benefis ki asire n\u00e8t; sip\u00e8vize pwogram byenn\u00e8t Vil la; epi asire konf\u00f2mite av\u00e8k tout egzijans Lwa sou Pwoteksyon Pasyan ak Swen Sante Ab\u00f2dab.<\/p>\n<p><strong> Jesyon Risk \u2013 <\/strong>Pwoteje byen Vil la l\u00e8 li idantifye, evalye, epi kontwole ekspozisyon p\u00e8t; administre pwogram asirans Vil la pou responsablite, pwopriyete\/inondasyon ak konpansasyon travay\u00e8; sip\u00e8vize transf\u00e8 risk ak mezi kontw\u00f2l p\u00e8t; epi f\u00e8 f\u00f2masyon sekirite ak enspeksyon enstalasyon yo pou danje potansy\u00e8l yo.<strong>.<\/strong><\/p>\n<p><strong> F\u00f2masyon ak Devlopman \u2013 <\/strong>Evalye bezwen f\u00f2masyon yo atrav\u00e8 kominikasyon av\u00e8k depatman yo; devlope pwogram f\u00f2masyon pou depatman yo, asire konf\u00f2mite av\u00e8k f\u00f2masyon obligatwa a; f\u00e8 oryantasyon pou nouvo anplwaye yo, edike anplwaye yo sou kilti CMB a; \u00f2ganize sesyon f\u00f2masyon, ent\u00e8vyou epi jwenn eksp\u00e8 ak founis\u00e8 nan dom\u00e8n nan; jere pwogram devlopman anplwaye yo ki gen ladan Pwogram Kilti Lid\u00e8chip ak Akademi Anplwaye yo; sip\u00e8vize Pwogram Rekonpans ak Rekonesans yo ki gen ladan: Pwogram Rekonesans S\u00e8vis, Pwogram Sijesyon Anplwaye, Pwogram Rekonesans P\u00e8f\u00f2mans, ak Pwogram Ewo Etik.<\/p>","protected":false},"excerpt":{"rendered":"<p>Back to Department Directory Human Resources 305.673.7524 Office Hours: Monday &#8211; Friday: 8:30AM &#8211; 5PM Main Office: 1700 Convention Center [&hellip;]<\/p>\n","protected":false},"author":222,"featured_media":0,"parent":265532,"menu_order":0,"comment_status":"closed","ping_status":"closed","template":"","meta":{"_searchwp_excluded":"1","site-sidebar-layout":"default","site-content-layout":"","ast-site-content-layout":"","site-content-style":"default","site-sidebar-style":"default","ast-global-header-display":"disabled","ast-banner-title-visibility":"","ast-main-header-display":"","ast-hfb-above-header-display":"","ast-hfb-below-header-display":"","ast-hfb-mobile-header-display":"","site-post-title":"","ast-breadcrumbs-content":"","ast-featured-img":"","footer-sml-layout":"disabled","ast-disable-related-posts":"","theme-transparent-header-meta":"","adv-header-id-meta":"","stick-header-meta":"","header-above-stick-meta":"","header-main-stick-meta":"","header-below-stick-meta":"","astra-migrate-meta-layouts":"default","ast-page-background-enabled":"default","ast-page-background-meta":{"desktop":{"background-color":"var(--ast-global-color-5)","background-image":"","background-repeat":"repeat","background-position":"center center","background-size":"auto","background-attachment":"scroll","background-type":"","background-media":"","overlay-type":"","overlay-color":"","overlay-opacity":"","overlay-gradient":""},"tablet":{"background-color":"","background-image":"","background-repeat":"repeat","background-position":"center center","background-size":"auto","background-attachment":"scroll","background-type":"","background-media":"","overlay-type":"","overlay-color":"","overlay-opacity":"","overlay-gradient":""},"mobile":{"background-color":"","background-image":"","background-repeat":"repeat","background-position":"center center","background-size":"auto","background-attachment":"scroll","background-type":"","background-media":"","overlay-type":"","overlay-color":"","overlay-opacity":"","overlay-gradient":""}},"ast-content-background-meta":{"desktop":{"background-color":"var(--ast-global-color-4)","background-image":"","background-repeat":"repeat","background-position":"center center","background-size":"auto","background-attachment":"scroll","background-type":"","background-media":"","overlay-type":"","overlay-color":"","overlay-opacity":"","overlay-gradient":""},"tablet":{"background-color":"var(--ast-global-color-4)","background-image":"","background-repeat":"repeat","background-position":"center center","background-size":"auto","background-attachment":"scroll","background-type":"","background-media":"","overlay-type":"","overlay-color":"","overlay-opacity":"","overlay-gradient":""},"mobile":{"background-color":"var(--ast-global-color-4)","background-image":"","background-repeat":"repeat","background-position":"center center","background-size":"auto","background-attachment":"scroll","background-type":"","background-media":"","overlay-type":"","overlay-color":"","overlay-opacity":"","overlay-gradient":""}},"footnotes":""},"categories":[],"tags":[1002,1000],"class_list":["post-265636","page","type-page","status-publish","hentry","tag-app-egov-page","tag-cityhall-egovapp"],"yoast_head":"<!-- This site is optimized with the Yoast SEO Premium plugin v27.4 (Yoast SEO v27.4) - https:\/\/yoast.com\/product\/yoast-seo-premium-wordpress\/ -->\n<title>Human Resources Department - City of Miami Beach<\/title>\n<meta name=\"description\" content=\"The Human Resources Department is comprised of the following areas: Employee Benefits, Compensation, Employee Relations, Labor Relations, Recruitment\/Testing\/Audit and Risk Management areas.\" \/>\n<meta name=\"robots\" content=\"index, follow, max-snippet:-1, max-image-preview:large, max-video-preview:-1\" \/>\n<link rel=\"canonical\" href=\"https:\/\/www.miamibeachfl.gov\/ht\/egovapp\/city-hall\/hrdepartment\/\" \/>\n<meta property=\"og:locale\" content=\"ht_HT\" \/>\n<meta property=\"og:type\" content=\"article\" \/>\n<meta property=\"og:title\" content=\"Human Resources Department\" \/>\n<meta property=\"og:description\" content=\"The Human Resources Department is comprised of the following areas: Employee Benefits, Compensation, Employee Relations, Labor Relations, Recruitment\/Testing\/Audit and Risk Management areas.\" \/>\n<meta property=\"og:url\" content=\"https:\/\/www.miamibeachfl.gov\/ht\/egovapp\/city-hall\/hrdepartment\/\" \/>\n<meta property=\"og:site_name\" content=\"City of Miami Beach\" \/>\n<meta property=\"article:publisher\" content=\"https:\/\/www.facebook.com\/cityofmiamibeach\" \/>\n<meta property=\"article:modified_time\" content=\"2025-06-07T19:35:09+00:00\" \/>\n<meta property=\"og:image\" content=\"https:\/\/www.miamibeachfl.gov\/wp-content\/uploads\/2024\/01\/1000pxSquare-miamibeach-aerial-southpointview.jpeg\" \/>\n\t<meta property=\"og:image:width\" content=\"1000\" \/>\n\t<meta property=\"og:image:height\" content=\"1000\" \/>\n\t<meta property=\"og:image:type\" content=\"image\/jpeg\" \/>\n<meta name=\"twitter:card\" content=\"summary_large_image\" \/>\n<meta name=\"twitter:site\" content=\"@Miamibeachnews\" \/>\n<script type=\"application\/ld+json\" class=\"yoast-schema-graph\">{\"@context\":\"https:\\\/\\\/schema.org\",\"@graph\":[{\"@type\":\"WebPage\",\"@id\":\"https:\\\/\\\/www.miamibeachfl.gov\\\/egovapp\\\/city-hall\\\/hrdepartment\\\/\",\"url\":\"https:\\\/\\\/www.miamibeachfl.gov\\\/egovapp\\\/city-hall\\\/hrdepartment\\\/\",\"name\":\"Human Resources Department - City of Miami Beach\",\"isPartOf\":{\"@id\":\"https:\\\/\\\/www.miamibeachfl.gov\\\/#website\"},\"datePublished\":\"2023-07-20T20:14:41+00:00\",\"dateModified\":\"2025-06-07T19:35:09+00:00\",\"description\":\"The Human Resources Department is comprised of the following areas: Employee Benefits, Compensation, Employee Relations, Labor Relations, Recruitment\\\/Testing\\\/Audit and Risk Management areas.\",\"breadcrumb\":{\"@id\":\"https:\\\/\\\/www.miamibeachfl.gov\\\/egovapp\\\/city-hall\\\/hrdepartment\\\/#breadcrumb\"},\"inLanguage\":\"ht\",\"potentialAction\":[{\"@type\":\"ReadAction\",\"target\":[\"https:\\\/\\\/www.miamibeachfl.gov\\\/egovapp\\\/city-hall\\\/hrdepartment\\\/\"]}]},{\"@type\":\"BreadcrumbList\",\"@id\":\"https:\\\/\\\/www.miamibeachfl.gov\\\/egovapp\\\/city-hall\\\/hrdepartment\\\/#breadcrumb\",\"itemListElement\":[{\"@type\":\"ListItem\",\"position\":1,\"name\":\"Home\",\"item\":\"https:\\\/\\\/www.miamibeachfl.gov\\\/\"},{\"@type\":\"ListItem\",\"position\":2,\"name\":\"MobileAppPages\",\"item\":\"https:\\\/\\\/www.miamibeachfl.gov\\\/egovapp\\\/\"},{\"@type\":\"ListItem\",\"position\":3,\"name\":\"City Hall Department Directory\",\"item\":\"https:\\\/\\\/www.miamibeachfl.gov\\\/egovapp\\\/city-hall\\\/\"},{\"@type\":\"ListItem\",\"position\":4,\"name\":\"Human Resources Department\"}]},{\"@type\":\"WebSite\",\"@id\":\"https:\\\/\\\/www.miamibeachfl.gov\\\/#website\",\"url\":\"https:\\\/\\\/www.miamibeachfl.gov\\\/\",\"name\":\"City of Miami Beach\",\"description\":\"The official website of the City of Miami Beach. Stay informed, find important information on city services, news, alerts, events, trolley routes, government employment and more.\",\"publisher\":{\"@id\":\"https:\\\/\\\/www.miamibeachfl.gov\\\/#organization\"},\"potentialAction\":[{\"@type\":\"SearchAction\",\"target\":{\"@type\":\"EntryPoint\",\"urlTemplate\":\"https:\\\/\\\/www.miamibeachfl.gov\\\/?s={search_term_string}\"},\"query-input\":{\"@type\":\"PropertyValueSpecification\",\"valueRequired\":true,\"valueName\":\"search_term_string\"}}],\"inLanguage\":\"ht\"},{\"@type\":\"Organization\",\"@id\":\"https:\\\/\\\/www.miamibeachfl.gov\\\/#organization\",\"name\":\"City of Miami Beach\",\"url\":\"https:\\\/\\\/www.miamibeachfl.gov\\\/\",\"logo\":{\"@type\":\"ImageObject\",\"inLanguage\":\"ht\",\"@id\":\"https:\\\/\\\/www.miamibeachfl.gov\\\/#\\\/schema\\\/logo\\\/image\\\/\",\"url\":\"https:\\\/\\\/www.miamibeachfl.gov\\\/wp-content\\\/uploads\\\/2022\\\/06\\\/miamibeach-logoblue.png\",\"contentUrl\":\"https:\\\/\\\/www.miamibeachfl.gov\\\/wp-content\\\/uploads\\\/2022\\\/06\\\/miamibeach-logoblue.png\",\"width\":1962,\"height\":381,\"caption\":\"City of Miami Beach\"},\"image\":{\"@id\":\"https:\\\/\\\/www.miamibeachfl.gov\\\/#\\\/schema\\\/logo\\\/image\\\/\"},\"sameAs\":[\"https:\\\/\\\/www.facebook.com\\\/cityofmiamibeach\",\"https:\\\/\\\/x.com\\\/Miamibeachnews\",\"https:\\\/\\\/www.instagram.com\\\/miamibeachnews\\\/\"],\"description\":\"The official website of the City of Miami Beach. Stay informed, find important information on city services, news, alerts, events, trolley routes, government employment and more.\",\"telephone\":\"305.604.CITY(2489)\",\"legalName\":\"City of Miami Beach\"}]}<\/script>\n<!-- \/ Yoast SEO Premium plugin. -->","yoast_head_json":{"title":"Depatman Resous Im\u00e8n - Vil Miami Beach","description":"Depatman Resous Im\u00e8n lan konpoze de dom\u00e8n sa yo: Benefis Anplwaye yo, Konpansasyon, Relasyon Anplwaye yo, Relasyon Travay, Rekritman\/T\u00e8s\/Odit ak Jesyon Risk.","robots":{"index":"index","follow":"follow","max-snippet":"max-snippet:-1","max-image-preview":"max-image-preview:large","max-video-preview":"max-video-preview:-1"},"canonical":"https:\/\/www.miamibeachfl.gov\/ht\/egovapp\/city-hall\/hrdepartment\/","og_locale":"ht_HT","og_type":"article","og_title":"Human Resources Department","og_description":"The Human Resources Department is comprised of the following areas: Employee Benefits, Compensation, Employee Relations, Labor Relations, Recruitment\/Testing\/Audit and Risk Management areas.","og_url":"https:\/\/www.miamibeachfl.gov\/ht\/egovapp\/city-hall\/hrdepartment\/","og_site_name":"City of Miami Beach","article_publisher":"https:\/\/www.facebook.com\/cityofmiamibeach","article_modified_time":"2025-06-07T19:35:09+00:00","og_image":[{"width":1000,"height":1000,"url":"https:\/\/www.miamibeachfl.gov\/wp-content\/uploads\/2024\/01\/1000pxSquare-miamibeach-aerial-southpointview.jpeg","type":"image\/jpeg"}],"twitter_card":"summary_large_image","twitter_site":"@Miamibeachnews","schema":{"@context":"https:\/\/schema.org","@graph":[{"@type":"WebPage","@id":"https:\/\/www.miamibeachfl.gov\/egovapp\/city-hall\/hrdepartment\/","url":"https:\/\/www.miamibeachfl.gov\/egovapp\/city-hall\/hrdepartment\/","name":"Depatman Resous Im\u00e8n - Vil Miami Beach","isPartOf":{"@id":"https:\/\/www.miamibeachfl.gov\/#website"},"datePublished":"2023-07-20T20:14:41+00:00","dateModified":"2025-06-07T19:35:09+00:00","description":"Depatman Resous Im\u00e8n lan konpoze de dom\u00e8n sa yo: Benefis Anplwaye yo, Konpansasyon, Relasyon Anplwaye yo, Relasyon Travay, Rekritman\/T\u00e8s\/Odit ak Jesyon Risk.","breadcrumb":{"@id":"https:\/\/www.miamibeachfl.gov\/egovapp\/city-hall\/hrdepartment\/#breadcrumb"},"inLanguage":"ht","potentialAction":[{"@type":"ReadAction","target":["https:\/\/www.miamibeachfl.gov\/egovapp\/city-hall\/hrdepartment\/"]}]},{"@type":"BreadcrumbList","@id":"https:\/\/www.miamibeachfl.gov\/egovapp\/city-hall\/hrdepartment\/#breadcrumb","itemListElement":[{"@type":"ListItem","position":1,"name":"Home","item":"https:\/\/www.miamibeachfl.gov\/"},{"@type":"ListItem","position":2,"name":"MobileAppPages","item":"https:\/\/www.miamibeachfl.gov\/egovapp\/"},{"@type":"ListItem","position":3,"name":"City Hall Department Directory","item":"https:\/\/www.miamibeachfl.gov\/egovapp\/city-hall\/"},{"@type":"ListItem","position":4,"name":"Human Resources Department"}]},{"@type":"WebSite","@id":"https:\/\/www.miamibeachfl.gov\/#website","url":"https:\/\/www.miamibeachfl.gov\/","name":"Vil Miami Beach","description":"Sitw\u00e8b ofisy\u00e8l Vil Miami Beach la. Rete enf\u00f2me, jwenn enf\u00f2masyon enp\u00f2tan sou s\u00e8vis vil la, nouv\u00e8l, al\u00e8t, ev\u00e8nman, wout tramway, travay gouv\u00e8nman an ak plis ank\u00f2.","publisher":{"@id":"https:\/\/www.miamibeachfl.gov\/#organization"},"potentialAction":[{"@type":"SearchAction","target":{"@type":"EntryPoint","urlTemplate":"https:\/\/www.miamibeachfl.gov\/?s={search_term_string}"},"query-input":{"@type":"PropertyValueSpecification","valueRequired":true,"valueName":"search_term_string"}}],"inLanguage":"ht"},{"@type":"Organization","@id":"https:\/\/www.miamibeachfl.gov\/#organization","name":"Vil Miami Beach","url":"https:\/\/www.miamibeachfl.gov\/","logo":{"@type":"ImageObject","inLanguage":"ht","@id":"https:\/\/www.miamibeachfl.gov\/#\/schema\/logo\/image\/","url":"https:\/\/www.miamibeachfl.gov\/wp-content\/uploads\/2022\/06\/miamibeach-logoblue.png","contentUrl":"https:\/\/www.miamibeachfl.gov\/wp-content\/uploads\/2022\/06\/miamibeach-logoblue.png","width":1962,"height":381,"caption":"City of Miami Beach"},"image":{"@id":"https:\/\/www.miamibeachfl.gov\/#\/schema\/logo\/image\/"},"sameAs":["https:\/\/www.facebook.com\/cityofmiamibeach","https:\/\/x.com\/Miamibeachnews","https:\/\/www.instagram.com\/miamibeachnews\/"],"description":"Sitw\u00e8b ofisy\u00e8l Vil Miami Beach la. Rete enf\u00f2me, jwenn enf\u00f2masyon enp\u00f2tan sou s\u00e8vis vil la, nouv\u00e8l, al\u00e8t, ev\u00e8nman, wout tramway, travay gouv\u00e8nman an ak plis ank\u00f2.","telephone":"305.604.CITY(2489)","legalName":"City of Miami Beach"}]}},"_links":{"self":[{"href":"https:\/\/www.miamibeachfl.gov\/ht\/wp-json\/wp\/v2\/pages\/265636","targetHints":{"allow":["GET"]}}],"collection":[{"href":"https:\/\/www.miamibeachfl.gov\/ht\/wp-json\/wp\/v2\/pages"}],"about":[{"href":"https:\/\/www.miamibeachfl.gov\/ht\/wp-json\/wp\/v2\/types\/page"}],"author":[{"embeddable":true,"href":"https:\/\/www.miamibeachfl.gov\/ht\/wp-json\/wp\/v2\/users\/222"}],"replies":[{"embeddable":true,"href":"https:\/\/www.miamibeachfl.gov\/ht\/wp-json\/wp\/v2\/comments?post=265636"}],"version-history":[{"count":1,"href":"https:\/\/www.miamibeachfl.gov\/ht\/wp-json\/wp\/v2\/pages\/265636\/revisions"}],"predecessor-version":[{"id":375815,"href":"https:\/\/www.miamibeachfl.gov\/ht\/wp-json\/wp\/v2\/pages\/265636\/revisions\/375815"}],"up":[{"embeddable":true,"href":"https:\/\/www.miamibeachfl.gov\/ht\/wp-json\/wp\/v2\/pages\/265532"}],"wp:attachment":[{"href":"https:\/\/www.miamibeachfl.gov\/ht\/wp-json\/wp\/v2\/media?parent=265636"}],"wp:term":[{"taxonomy":"category","embeddable":true,"href":"https:\/\/www.miamibeachfl.gov\/ht\/wp-json\/wp\/v2\/categories?post=265636"},{"taxonomy":"post_tag","embeddable":true,"href":"https:\/\/www.miamibeachfl.gov\/ht\/wp-json\/wp\/v2\/tags?post=265636"}],"curies":[{"name":"wp","href":"https:\/\/api.w.org\/{rel}","templated":true}]}}