{"id":265657,"date":"2023-07-20T16:45:28","date_gmt":"2023-07-20T20:45:28","guid":{"rendered":"https:\/\/www.miamibeachfl.gov\/?page_id=265657"},"modified":"2025-06-07T15:43:49","modified_gmt":"2025-06-07T19:43:49","slug":"communicationsdepartment","status":"publish","type":"page","link":"https:\/\/www.miamibeachfl.gov\/ht\/egovapp\/city-hall\/communicationsdepartment\/","title":{"rendered":"Maketing ak Kominikasyon"},"content":{"rendered":"<a href=\"https:\/\/www.miamibeachfl.gov\/ht\/egovapp\/city-hall\/\" target=\"_self\" role=\"button\" rel=\"noopener\">\r\n\t\t\t\t\t\tRetounen nan Any\u00e8 Depatman an\r\n\t\t\t\t\t<\/a>\r\n<h1>\r\n\t\tMaketing ak Kominikasyon\r\n\t<\/h1>\r\n\t<ul>\r\n\t\t<li><a href=\"tel:3056737575\" target=\"_self\" aria-label=\"Ale nan nimewo telef\u00f2n sa a: 3056737575\" rel=\"noopener\"><\/a>\t\t\t\t\r\n\t\t<h3>305.673.7575<\/h3><\/li><li>\t\t\t\t\r\n\t\t<h3>Or\u00e8 Biwo:<\/h3><p>Lendi \u2013 Vandredi: 9AM \u2013 5PM<\/p><\/li><li><a href=\"https:\/\/goo.gl\/maps\/3ygKwhECckA3SPxWA\" target=\"_blank\" rel=\"noopener\" aria-label=\"Ale sou https:\/\/goo.gl\/maps\/3ygKwhECckA3SPxWA\"><\/a>\t\t\t\t\r\n\t\t<h3>Biwo Prensipal:<\/h3><p>1700 Konvansyon Center Drive<br \/>Miami Beach, Florid 33139<\/p><\/li>\t<\/ul>\r\n<h2>\r\n\t\tRete Konekte! <br \/>Medya Sosyal, Nouv\u00e8l, Al\u00e8t ak Plis\r\n\t<\/h2>\r\n\t<ul>\r\n\t\t<li><a href=\"https:\/\/www.facebook.com\/cityofmiamibeach\/\" target=\"_self\" aria-label=\"Ale sou https:\/\/www.facebook.com\/cityofmiamibeach\/\" rel=\"noopener\"><\/a>\t\t\t\t\r\n\t\t<h3>Facebook<\/h3><br \/>\r\n<\/li><li>\t\t\t\t\r\n\t\t<h3>Instagram<\/h3><\/li><li><a href=\"https:\/\/twitter.com\/miamibeachnews\" target=\"_blank\" rel=\"noopener\" aria-label=\"Ale sou https:\/\/twitter.com\/miamibeachnews\"><\/a>\t\t\r\n\t\t\t\t<img decoding=\"async\" src=\"https:\/\/www.miamibeachfl.gov\/wp-content\/uploads\/2023\/11\/twitterx.png\" alt=\"twitter X\" title=\"twitterx\" itemprop=\"image\"\/>\r\n\t\t<h3>Twitter<\/h3><\/li><li><a href=\"https:\/\/goo.gl\/maps\/3ygKwhECckA3SPxWA\" target=\"_blank\" rel=\"noopener\" aria-label=\"Ale sou https:\/\/goo.gl\/maps\/3ygKwhECckA3SPxWA\"><\/a>\t\t\t\t\r\n\t\t<h3>P\u00f2t Kote<\/h3><\/li><li><a href=\"https:\/\/www.youtube.com\/user\/cityofmiamibeach\/videos\" target=\"_blank\" rel=\"noopener\" aria-label=\"Ale sou https:\/\/www.youtube.com\/user\/cityofmiamibeach\/videos\"><\/a>\t\t\t\t\r\n\t\t<h3>YouTube<\/h3><\/li>\t<\/ul>\r\n\t<ul>\r\n\t\t<li><a href=\"https:\/\/issuu.com\/cityofmiamibeach\" target=\"_self\" aria-label=\"Ale sou https:\/\/issuu.com\/cityofmiamibeach\" rel=\"noopener\"><\/a>\t\t\t\t\r\n\t\t<h3>Magazin MB<\/h3><p>Magazin bileng chak twa mwa Vil Miami Beach la.<\/p><\/li><li>\t\t\t\t\r\n\t\t<h3>MBTV<\/h3><p>Chan\u00e8l ofisy\u00e8l Vil Miami Beach la kote ou ka gade reyinyon an dir\u00e8k.<\/p><\/li><li><a href=\"https:\/\/visitor.r20.constantcontact.com\/manage\/optin?v=001G3gQF_El_4o1UEbguheB5mmzfG7onDdMWh1j1h9a2GsYhO3lonlhDSUJFN_o5P9wC0vRAaCeLeZPSQUtU24d15ThoaXBqAVUR9PeN6M6eUc%3D\" target=\"_blank\" rel=\"noopener\" aria-label=\"Go to https:\/\/visitor.r20.constantcontact.com\/manage\/optin?v=001G3gQF_El_4o1UEbguheB5mmzfG7onDdMWh1j1h9a2GsYhO3lonlhDSUJFN_o5P9wC0vRAaCeLeZPSQUtU24d15ThoaXBqAVUR9PeN6M6eUc%3D\"><\/a>\t\t\t\t\r\n\t\t<h3>Bilten elektwonik<\/h3><p>Enskri pou resevwa notifikasyon pa im\u00e8l sou dom\u00e8n espesifik, sij\u00e8, reyinyon oswa pou tout notifikasyon vil la.<\/p><\/li><li>\t\t\t\t\r\n\t\t<h3>Voye yon t\u00e8ks MBAlert nan 888777<\/h3><p>Ab\u00f2ne pou resevwa notifikasyon ijans ak gwo trafik sou apar\u00e8y mobil ou.<\/p><\/li><li>\t\t\t\t\r\n\t\t<h3>Konekte Rezidan Mb<\/h3><p>Enskri pou resevwa notifikasyon pa im\u00e8l ki baze sou mo kle oswa fraz ki pibliye sou ajanda yon reyinyon piblik.<\/p><\/li><li>\t\t\t\t\r\n\t\t<h3>Dwa Rezidan yo pou Konnen<\/h3><p>Resevwa avi elektwonik sibl\u00e9 pou zaf\u00e8 ki afekte kalite lavi rezidan yo. Resevwa avi pou Mid, North, ak South Beach.<\/p><\/li><li>\t\t\t\t\r\n\t\t<h3>Rap\u00f2te yon enkyetid<\/h3><p>S\u00e8vi ak f\u00f2m demann ki sou aplikasyon sa a pou rap\u00f2te yon pwobl\u00e8m oswa rele <strong><a href=\"tel:3056042489\">305.604.VIL<\/a><\/strong> (2489) oubyen liy ki pa ijans pou lapolis nou an <strong><a href=\"tel:3056737900\">305.673.7900<\/a>.\u00a0<\/strong><\/p><\/li><li><a href=\"https:\/\/www.miamibeachfl.gov\/ht\/egovapp\/city-hall\/communicationsdepartment\/neighborhood-affairs-division\/\" target=\"_blank\" rel=\"noopener\" aria-label=\"Ale sou https:\/\/www.miamibeachfl.gov\/egovapp\/city-hall\/communicationsdepartment\/neighborhood-affairs-division\/\"><\/a>\t\t\t\t\r\n\t\t<h3>Divizyon Af\u00e8 Katye yo<\/h3><\/li>\t<\/ul>\r\n<h2>\r\n\t\tIstorik\r\n\t<\/h2>\r\n\t<p>Biwo Maketing ak Kominikasyon an se prensipalman yon lyen ant gouv\u00e8nman Vil Miami Beach la ak div\u00e8s depatman li yo, piblik la, ak medya yo. Li gen yon twous zouti ki gen ladan l kominike lapr\u00e8s, medya sosyal sou plizy\u00e8 platf\u00f2m, bilten imel ki adapte ak odyans espesifik, piblikasyon enprime, televizyon, lap\u00f2s dir\u00e8k, al\u00e8t t\u00e8ks, ent\u00e8raksyon p\u00e8son\u00e8l ak gwoup kominot\u00e8 yo, kominikasyon kriz, ak piblisite dey\u00f2 lakay ki gen ladan pano afichaj, abri bis, ak anbalaj kabwa. Nou pwodui plizy\u00e8 milye kontni kreyatif chak ane. Biwo a pa gen responsablite pou f\u00e8 pwomosyon touris ak ospitalite, piske inisyativ sa yo sou kontra ak Greater Miami Convention &amp; Visitors Bureau, men li jwe yon w\u00f2l enp\u00f2tan nan difize enf\u00f2masyon kons\u00e8nan ev\u00e8nman ki gen yon gwo eleman touris.<\/p>\r\n<p>Divizyon Af\u00e8 Katye a ankouraje patenarya solid ant kominote a ak depatman s\u00e8vis operasyon\u00e8l vil la pou amelyore kalite lavi rezidan yo ak biznis yo. Ekip Kow\u00f2donat\u00e8 Af\u00e8 Katye nou an angaje aktivman ak kominote a pou idantifye bezwen ak demann espesifik epi bay yon s\u00e8vis kliyan ki reponn byen vit. Objektif nou se fasilite kominikasyon, ankouraje angajman sivik, epi bati yon sans fy\u00e8te ak responsablite nan katye yo pou kreye yon vil ki pi solid, ki pi konekte, epi ki pwospere.<\/p>","protected":false},"excerpt":{"rendered":"<p>Back to Department Directory Marketing and Communications 305.673.7575 Office Hours: Monday &#8211; Friday: 9AM &#8211; 5PM Main Office: 1700 Convention [&hellip;]<\/p>\n","protected":false},"author":222,"featured_media":0,"parent":265532,"menu_order":0,"comment_status":"closed","ping_status":"closed","template":"","meta":{"_searchwp_excluded":"1","site-sidebar-layout":"default","site-content-layout":"","ast-site-content-layout":"","site-content-style":"default","site-sidebar-style":"default","ast-global-header-display":"disabled","ast-banner-title-visibility":"","ast-main-header-display":"","ast-hfb-above-header-display":"","ast-hfb-below-header-display":"","ast-hfb-mobile-header-display":"","site-post-title":"","ast-breadcrumbs-content":"","ast-featured-img":"","footer-sml-layout":"disabled","ast-disable-related-posts":"","theme-transparent-header-meta":"","adv-header-id-meta":"","stick-header-meta":"","header-above-stick-meta":"","header-main-stick-meta":"","header-below-stick-meta":"","astra-migrate-meta-layouts":"default","ast-page-background-enabled":"default","ast-page-background-meta":{"desktop":{"background-color":"var(--ast-global-color-5)","background-image":"","background-repeat":"repeat","background-position":"center center","background-size":"auto","background-attachment":"scroll","background-type":"","background-media":"","overlay-type":"","overlay-color":"","overlay-opacity":"","overlay-gradient":""},"tablet":{"background-color":"","background-image":"","background-repeat":"repeat","background-position":"center center","background-size":"auto","background-attachment":"scroll","background-type":"","background-media":"","overlay-type":"","overlay-color":"","overlay-opacity":"","overlay-gradient":""},"mobile":{"background-color":"","background-image":"","background-repeat":"repeat","background-position":"center center","background-size":"auto","background-attachment":"scroll","background-type":"","background-media":"","overlay-type":"","overlay-color":"","overlay-opacity":"","overlay-gradient":""}},"ast-content-background-meta":{"desktop":{"background-color":"var(--ast-global-color-4)","background-image":"","background-repeat":"repeat","background-position":"center center","background-size":"auto","background-attachment":"scroll","background-type":"","background-media":"","overlay-type":"","overlay-color":"","overlay-opacity":"","overlay-gradient":""},"tablet":{"background-color":"var(--ast-global-color-4)","background-image":"","background-repeat":"repeat","background-position":"center center","background-size":"auto","background-attachment":"scroll","background-type":"","background-media":"","overlay-type":"","overlay-color":"","overlay-opacity":"","overlay-gradient":""},"mobile":{"background-color":"var(--ast-global-color-4)","background-image":"","background-repeat":"repeat","background-position":"center center","background-size":"auto","background-attachment":"scroll","background-type":"","background-media":"","overlay-type":"","overlay-color":"","overlay-opacity":"","overlay-gradient":""}},"footnotes":""},"categories":[],"tags":[1002,1000],"class_list":["post-265657","page","type-page","status-publish","hentry","tag-app-egov-page","tag-cityhall-egovapp"],"yoast_head":"<!-- This site is optimized with the Yoast SEO Premium plugin v27.4 (Yoast SEO v27.4) - https:\/\/yoast.com\/product\/yoast-seo-premium-wordpress\/ -->\n<title>Marketing &amp; Communications - City of Miami Beach<\/title>\n<meta name=\"description\" content=\"The Office of Marketing &amp; Communications acts as a superhighway that connects the City of Miami Beach with residents, community groups, our many visitors and the media. The office takes the pulse of city stakeholders to fulfill our role as internal marketing agency and the communications engine for all city departments.\" \/>\n<meta name=\"robots\" content=\"index, follow, max-snippet:-1, max-image-preview:large, max-video-preview:-1\" \/>\n<link rel=\"canonical\" href=\"https:\/\/www.miamibeachfl.gov\/ht\/egovapp\/city-hall\/communicationsdepartment\/\" \/>\n<meta property=\"og:locale\" content=\"ht_HT\" \/>\n<meta property=\"og:type\" content=\"article\" \/>\n<meta property=\"og:title\" content=\"Marketing &amp; Communications\" \/>\n<meta property=\"og:description\" content=\"The Office of Marketing &amp; Communications acts as a superhighway that connects the City of Miami Beach with residents, community groups, our many visitors and the media. The office takes the pulse of city stakeholders to fulfill our role as internal marketing agency and the communications engine for all city departments.\" \/>\n<meta property=\"og:url\" content=\"https:\/\/www.miamibeachfl.gov\/ht\/egovapp\/city-hall\/communicationsdepartment\/\" \/>\n<meta property=\"og:site_name\" content=\"City of Miami Beach\" \/>\n<meta property=\"article:publisher\" content=\"https:\/\/www.facebook.com\/cityofmiamibeach\" \/>\n<meta property=\"article:modified_time\" content=\"2025-06-07T19:43:49+00:00\" \/>\n<meta property=\"og:image\" content=\"https:\/\/www.miamibeachfl.gov\/wp-content\/uploads\/2023\/11\/twitterx.png\" \/>\n<meta name=\"twitter:card\" content=\"summary_large_image\" \/>\n<meta name=\"twitter:site\" content=\"@Miamibeachnews\" \/>\n<script type=\"application\/ld+json\" class=\"yoast-schema-graph\">{\"@context\":\"https:\\\/\\\/schema.org\",\"@graph\":[{\"@type\":\"WebPage\",\"@id\":\"https:\\\/\\\/www.miamibeachfl.gov\\\/egovapp\\\/city-hall\\\/communicationsdepartment\\\/\",\"url\":\"https:\\\/\\\/www.miamibeachfl.gov\\\/egovapp\\\/city-hall\\\/communicationsdepartment\\\/\",\"name\":\"Marketing & Communications - City of Miami Beach\",\"isPartOf\":{\"@id\":\"https:\\\/\\\/www.miamibeachfl.gov\\\/#website\"},\"primaryImageOfPage\":{\"@id\":\"https:\\\/\\\/www.miamibeachfl.gov\\\/egovapp\\\/city-hall\\\/communicationsdepartment\\\/#primaryimage\"},\"image\":{\"@id\":\"https:\\\/\\\/www.miamibeachfl.gov\\\/egovapp\\\/city-hall\\\/communicationsdepartment\\\/#primaryimage\"},\"thumbnailUrl\":\"https:\\\/\\\/www.miamibeachfl.gov\\\/wp-content\\\/uploads\\\/2023\\\/11\\\/twitterx.png\",\"datePublished\":\"2023-07-20T20:45:28+00:00\",\"dateModified\":\"2025-06-07T19:43:49+00:00\",\"description\":\"The Office of Marketing & Communications acts as a superhighway that connects the City of Miami Beach with residents, community groups, our many visitors and the media. The office takes the pulse of city stakeholders to fulfill our role as internal marketing agency and the communications engine for all city departments.\",\"breadcrumb\":{\"@id\":\"https:\\\/\\\/www.miamibeachfl.gov\\\/egovapp\\\/city-hall\\\/communicationsdepartment\\\/#breadcrumb\"},\"inLanguage\":\"ht\",\"potentialAction\":[{\"@type\":\"ReadAction\",\"target\":[\"https:\\\/\\\/www.miamibeachfl.gov\\\/egovapp\\\/city-hall\\\/communicationsdepartment\\\/\"]}]},{\"@type\":\"ImageObject\",\"inLanguage\":\"ht\",\"@id\":\"https:\\\/\\\/www.miamibeachfl.gov\\\/egovapp\\\/city-hall\\\/communicationsdepartment\\\/#primaryimage\",\"url\":\"https:\\\/\\\/www.miamibeachfl.gov\\\/wp-content\\\/uploads\\\/2023\\\/11\\\/twitterx.png\",\"contentUrl\":\"https:\\\/\\\/www.miamibeachfl.gov\\\/wp-content\\\/uploads\\\/2023\\\/11\\\/twitterx.png\"},{\"@type\":\"BreadcrumbList\",\"@id\":\"https:\\\/\\\/www.miamibeachfl.gov\\\/egovapp\\\/city-hall\\\/communicationsdepartment\\\/#breadcrumb\",\"itemListElement\":[{\"@type\":\"ListItem\",\"position\":1,\"name\":\"Home\",\"item\":\"https:\\\/\\\/www.miamibeachfl.gov\\\/\"},{\"@type\":\"ListItem\",\"position\":2,\"name\":\"MobileAppPages\",\"item\":\"https:\\\/\\\/www.miamibeachfl.gov\\\/egovapp\\\/\"},{\"@type\":\"ListItem\",\"position\":3,\"name\":\"City Hall Department Directory\",\"item\":\"https:\\\/\\\/www.miamibeachfl.gov\\\/egovapp\\\/city-hall\\\/\"},{\"@type\":\"ListItem\",\"position\":4,\"name\":\"Marketing &#038; Communications\"}]},{\"@type\":\"WebSite\",\"@id\":\"https:\\\/\\\/www.miamibeachfl.gov\\\/#website\",\"url\":\"https:\\\/\\\/www.miamibeachfl.gov\\\/\",\"name\":\"City of Miami Beach\",\"description\":\"The official website of the City of Miami Beach. Stay informed, find important information on city services, news, alerts, events, trolley routes, government employment and more.\",\"publisher\":{\"@id\":\"https:\\\/\\\/www.miamibeachfl.gov\\\/#organization\"},\"potentialAction\":[{\"@type\":\"SearchAction\",\"target\":{\"@type\":\"EntryPoint\",\"urlTemplate\":\"https:\\\/\\\/www.miamibeachfl.gov\\\/?s={search_term_string}\"},\"query-input\":{\"@type\":\"PropertyValueSpecification\",\"valueRequired\":true,\"valueName\":\"search_term_string\"}}],\"inLanguage\":\"ht\"},{\"@type\":\"Organization\",\"@id\":\"https:\\\/\\\/www.miamibeachfl.gov\\\/#organization\",\"name\":\"City of Miami Beach\",\"url\":\"https:\\\/\\\/www.miamibeachfl.gov\\\/\",\"logo\":{\"@type\":\"ImageObject\",\"inLanguage\":\"ht\",\"@id\":\"https:\\\/\\\/www.miamibeachfl.gov\\\/#\\\/schema\\\/logo\\\/image\\\/\",\"url\":\"https:\\\/\\\/www.miamibeachfl.gov\\\/wp-content\\\/uploads\\\/2022\\\/06\\\/miamibeach-logoblue.png\",\"contentUrl\":\"https:\\\/\\\/www.miamibeachfl.gov\\\/wp-content\\\/uploads\\\/2022\\\/06\\\/miamibeach-logoblue.png\",\"width\":1962,\"height\":381,\"caption\":\"City of Miami Beach\"},\"image\":{\"@id\":\"https:\\\/\\\/www.miamibeachfl.gov\\\/#\\\/schema\\\/logo\\\/image\\\/\"},\"sameAs\":[\"https:\\\/\\\/www.facebook.com\\\/cityofmiamibeach\",\"https:\\\/\\\/x.com\\\/Miamibeachnews\",\"https:\\\/\\\/www.instagram.com\\\/miamibeachnews\\\/\"],\"description\":\"The official website of the City of Miami Beach. Stay informed, find important information on city services, news, alerts, events, trolley routes, government employment and more.\",\"telephone\":\"305.604.CITY(2489)\",\"legalName\":\"City of Miami Beach\"}]}<\/script>\n<!-- \/ Yoast SEO Premium plugin. -->","yoast_head_json":{"title":"Maketing ak Kominikasyon - Vil Miami Beach","description":"Biwo Maketing ak Kominikasyon an s\u00e8vi k\u00f2m yon gran wout ki konekte Vil Miami Beach ak rezidan yo, gwoup kominot\u00e8 yo, anpil vizit\u00e8 nou yo ak medya yo. Biwo a pran batman k\u00e8 moun ki gen enter\u00e8 nan vil la pou l ka ranpli w\u00f2l li k\u00f2m ajans maketing ent\u00e8n ak mot\u00e8 kominikasyon pou tout depatman vil la.","robots":{"index":"index","follow":"follow","max-snippet":"max-snippet:-1","max-image-preview":"max-image-preview:large","max-video-preview":"max-video-preview:-1"},"canonical":"https:\/\/www.miamibeachfl.gov\/ht\/egovapp\/city-hall\/communicationsdepartment\/","og_locale":"ht_HT","og_type":"article","og_title":"Marketing & Communications","og_description":"The Office of Marketing & Communications acts as a superhighway that connects the City of Miami Beach with residents, community groups, our many visitors and the media. The office takes the pulse of city stakeholders to fulfill our role as internal marketing agency and the communications engine for all city departments.","og_url":"https:\/\/www.miamibeachfl.gov\/ht\/egovapp\/city-hall\/communicationsdepartment\/","og_site_name":"City of Miami Beach","article_publisher":"https:\/\/www.facebook.com\/cityofmiamibeach","article_modified_time":"2025-06-07T19:43:49+00:00","og_image":[{"url":"https:\/\/www.miamibeachfl.gov\/wp-content\/uploads\/2023\/11\/twitterx.png","type":"","width":"","height":""}],"twitter_card":"summary_large_image","twitter_site":"@Miamibeachnews","schema":{"@context":"https:\/\/schema.org","@graph":[{"@type":"WebPage","@id":"https:\/\/www.miamibeachfl.gov\/egovapp\/city-hall\/communicationsdepartment\/","url":"https:\/\/www.miamibeachfl.gov\/egovapp\/city-hall\/communicationsdepartment\/","name":"Maketing ak Kominikasyon - Vil Miami Beach","isPartOf":{"@id":"https:\/\/www.miamibeachfl.gov\/#website"},"primaryImageOfPage":{"@id":"https:\/\/www.miamibeachfl.gov\/egovapp\/city-hall\/communicationsdepartment\/#primaryimage"},"image":{"@id":"https:\/\/www.miamibeachfl.gov\/egovapp\/city-hall\/communicationsdepartment\/#primaryimage"},"thumbnailUrl":"https:\/\/www.miamibeachfl.gov\/wp-content\/uploads\/2023\/11\/twitterx.png","datePublished":"2023-07-20T20:45:28+00:00","dateModified":"2025-06-07T19:43:49+00:00","description":"Biwo Maketing ak Kominikasyon an s\u00e8vi k\u00f2m yon gran wout ki konekte Vil Miami Beach ak rezidan yo, gwoup kominot\u00e8 yo, anpil vizit\u00e8 nou yo ak medya yo. Biwo a pran batman k\u00e8 moun ki gen enter\u00e8 nan vil la pou l ka ranpli w\u00f2l li k\u00f2m ajans maketing ent\u00e8n ak mot\u00e8 kominikasyon pou tout depatman vil la.","breadcrumb":{"@id":"https:\/\/www.miamibeachfl.gov\/egovapp\/city-hall\/communicationsdepartment\/#breadcrumb"},"inLanguage":"ht","potentialAction":[{"@type":"ReadAction","target":["https:\/\/www.miamibeachfl.gov\/egovapp\/city-hall\/communicationsdepartment\/"]}]},{"@type":"ImageObject","inLanguage":"ht","@id":"https:\/\/www.miamibeachfl.gov\/egovapp\/city-hall\/communicationsdepartment\/#primaryimage","url":"https:\/\/www.miamibeachfl.gov\/wp-content\/uploads\/2023\/11\/twitterx.png","contentUrl":"https:\/\/www.miamibeachfl.gov\/wp-content\/uploads\/2023\/11\/twitterx.png"},{"@type":"BreadcrumbList","@id":"https:\/\/www.miamibeachfl.gov\/egovapp\/city-hall\/communicationsdepartment\/#breadcrumb","itemListElement":[{"@type":"ListItem","position":1,"name":"Home","item":"https:\/\/www.miamibeachfl.gov\/"},{"@type":"ListItem","position":2,"name":"MobileAppPages","item":"https:\/\/www.miamibeachfl.gov\/egovapp\/"},{"@type":"ListItem","position":3,"name":"City Hall Department Directory","item":"https:\/\/www.miamibeachfl.gov\/egovapp\/city-hall\/"},{"@type":"ListItem","position":4,"name":"Marketing &#038; Communications"}]},{"@type":"WebSite","@id":"https:\/\/www.miamibeachfl.gov\/#website","url":"https:\/\/www.miamibeachfl.gov\/","name":"Vil Miami Beach","description":"Sitw\u00e8b ofisy\u00e8l Vil Miami Beach la. Rete enf\u00f2me, jwenn enf\u00f2masyon enp\u00f2tan sou s\u00e8vis vil la, nouv\u00e8l, al\u00e8t, ev\u00e8nman, wout tramway, travay gouv\u00e8nman an ak plis ank\u00f2.","publisher":{"@id":"https:\/\/www.miamibeachfl.gov\/#organization"},"potentialAction":[{"@type":"SearchAction","target":{"@type":"EntryPoint","urlTemplate":"https:\/\/www.miamibeachfl.gov\/?s={search_term_string}"},"query-input":{"@type":"PropertyValueSpecification","valueRequired":true,"valueName":"search_term_string"}}],"inLanguage":"ht"},{"@type":"Organization","@id":"https:\/\/www.miamibeachfl.gov\/#organization","name":"Vil Miami Beach","url":"https:\/\/www.miamibeachfl.gov\/","logo":{"@type":"ImageObject","inLanguage":"ht","@id":"https:\/\/www.miamibeachfl.gov\/#\/schema\/logo\/image\/","url":"https:\/\/www.miamibeachfl.gov\/wp-content\/uploads\/2022\/06\/miamibeach-logoblue.png","contentUrl":"https:\/\/www.miamibeachfl.gov\/wp-content\/uploads\/2022\/06\/miamibeach-logoblue.png","width":1962,"height":381,"caption":"City of Miami Beach"},"image":{"@id":"https:\/\/www.miamibeachfl.gov\/#\/schema\/logo\/image\/"},"sameAs":["https:\/\/www.facebook.com\/cityofmiamibeach","https:\/\/x.com\/Miamibeachnews","https:\/\/www.instagram.com\/miamibeachnews\/"],"description":"Sitw\u00e8b ofisy\u00e8l Vil Miami Beach la. Rete enf\u00f2me, jwenn enf\u00f2masyon enp\u00f2tan sou s\u00e8vis vil la, nouv\u00e8l, al\u00e8t, ev\u00e8nman, wout tramway, travay gouv\u00e8nman an ak plis ank\u00f2.","telephone":"305.604.CITY(2489)","legalName":"City of Miami Beach"}]}},"_links":{"self":[{"href":"https:\/\/www.miamibeachfl.gov\/ht\/wp-json\/wp\/v2\/pages\/265657","targetHints":{"allow":["GET"]}}],"collection":[{"href":"https:\/\/www.miamibeachfl.gov\/ht\/wp-json\/wp\/v2\/pages"}],"about":[{"href":"https:\/\/www.miamibeachfl.gov\/ht\/wp-json\/wp\/v2\/types\/page"}],"author":[{"embeddable":true,"href":"https:\/\/www.miamibeachfl.gov\/ht\/wp-json\/wp\/v2\/users\/222"}],"replies":[{"embeddable":true,"href":"https:\/\/www.miamibeachfl.gov\/ht\/wp-json\/wp\/v2\/comments?post=265657"}],"version-history":[{"count":0,"href":"https:\/\/www.miamibeachfl.gov\/ht\/wp-json\/wp\/v2\/pages\/265657\/revisions"}],"up":[{"embeddable":true,"href":"https:\/\/www.miamibeachfl.gov\/ht\/wp-json\/wp\/v2\/pages\/265532"}],"wp:attachment":[{"href":"https:\/\/www.miamibeachfl.gov\/ht\/wp-json\/wp\/v2\/media?parent=265657"}],"wp:term":[{"taxonomy":"category","embeddable":true,"href":"https:\/\/www.miamibeachfl.gov\/ht\/wp-json\/wp\/v2\/categories?post=265657"},{"taxonomy":"post_tag","embeddable":true,"href":"https:\/\/www.miamibeachfl.gov\/ht\/wp-json\/wp\/v2\/tags?post=265657"}],"curies":[{"name":"wp","href":"https:\/\/api.w.org\/{rel}","templated":true}]}}